{"id":9340,"date":"2020-12-03T16:50:34","date_gmt":"2020-12-08T10:25:21","guid":{"rendered":"https:\/\/nationalstore.be\/?post_type=product&#038;p=9340"},"modified":"2022-09-27T16:54:47","modified_gmt":"2022-09-27T14:54:47","slug":"the-window-giclee-print","status":"archived","type":"product","link":"https:\/\/nationalstore.be\/nl\/product\/the-window-giclee-print","title":{"rendered":"The Window \u2013 Gicl\u00e9e Print."},"content":{"rendered":"<p>***<\/p>\n<p>Elke afdruk is handgedrukt en uniek. Door de aard van de blokdruk zijn geen twee afdrukken identiek.<\/p>\n<div id=\"ConnectiveDocSignExtentionInstalled\" data-extension-version=\"1.0.4\">\n<div id=\"ConnectiveDocSignExtentionInstalled\" data-extension-version=\"1.0.4\"><\/div>\n<\/div>\n","protected":false},"excerpt":{"rendered":"<div id=\"ConnectiveDocSignExtentionInstalled\" data-extension-version=\"1.0.4\">\n<p>Een gicl\u00e9e print van mijn originele gouache schilderi in hoge kwaliteit.<\/p>\n<p>Professioneel afgedrukt op fine art papier 210gr met pigment inkten.<\/p>\n<p>21,3 x 19,3 De print is niet ingelijst.<\/p>\n<\/div>\n","protected":false},"featured_media":5794,"template":"","meta":[],"product_cat":[524,547,2813,2290],"product_tag":[3045,1742,1267,1593],"yoast_head":"<!-- This site is optimized with the Yoast SEO plugin v19.1 - https:\/\/yoast.com\/wordpress\/plugins\/seo\/ -->\n<title>The Window \u2013 Gicl\u00e9e Print. | E-shop Belgische Artiesten<\/title>\n<meta name=\"description\" content=\"Online store of L\u00e9a Decan, Gicl\u00e9e prints of original gouache illustrations\" \/>\n<meta name=\"robots\" content=\"index, follow, max-snippet:-1, max-image-preview:large, max-video-preview:-1\" \/>\n<link rel=\"canonical\" href=\"https:\/\/nationalstore.be\/nl\/product\/the-window-giclee-print\" \/>\n<meta property=\"og:locale\" content=\"nl_NL\" \/>\n<meta property=\"og:type\" content=\"article\" \/>\n<meta property=\"og:title\" content=\"The Window \u2013 Gicl\u00e9e Print. | E-shop Belgische Artiesten\" \/>\n<meta property=\"og:description\" content=\"Online store of L\u00e9a Decan, Gicl\u00e9e prints of original gouache illustrations\" \/>\n<meta property=\"og:url\" content=\"https:\/\/nationalstore.be\/nl\/product\/the-window-giclee-print\" \/>\n<meta property=\"og:site_name\" content=\"NATIONA(A)L ARTIST SUPERMARKET\" \/>\n<meta property=\"article:publisher\" content=\"https:\/\/www.facebook.com\/nationalstore\/?ref=br_rs\" \/>\n<meta property=\"article:modified_time\" content=\"2022-09-27T14:54:47+00:00\" \/>\n<meta property=\"og:image\" content=\"https:\/\/nationalstore.be\/wp-content\/uploads\/2020\/12\/fenetre01-copie-scaled.jpg\" \/>\n\t<meta property=\"og:image:width\" content=\"2560\" \/>\n\t<meta property=\"og:image:height\" content=\"2048\" \/>\n\t<meta property=\"og:image:type\" content=\"image\/jpeg\" \/>\n<meta name=\"twitter:card\" content=\"summary_large_image\" \/>\n<meta name=\"twitter:site\" content=\"@Nationalstore\" \/>\n<script type=\"application\/ld+json\" class=\"yoast-schema-graph\">{\"@context\":\"https:\/\/schema.org\",\"@graph\":[{\"@type\":\"Organization\",\"@id\":\"https:\/\/nationalstore.be\/nl#organization\",\"name\":\"NATIONA(A)L ARTIST MARKET\",\"url\":\"https:\/\/nationalstore.be\/nl\",\"sameAs\":[\"https:\/\/www.instagram.com\/nationalstore\/\",\"https:\/\/www.facebook.com\/nationalstore\/?ref=br_rs\",\"https:\/\/twitter.com\/Nationalstore\"],\"logo\":{\"@type\":\"ImageObject\",\"inLanguage\":\"nl\",\"@id\":\"https:\/\/nationalstore.be\/nl#\/schema\/logo\/image\/\",\"url\":\"https:\/\/nationalstore.be\/wp-content\/uploads\/2024\/03\/nationaal-logo_mauve-cmjn.png\",\"contentUrl\":\"https:\/\/nationalstore.be\/wp-content\/uploads\/2024\/03\/nationaal-logo_mauve-cmjn.png\",\"width\":3475,\"height\":1352,\"caption\":\"NATIONA(A)L ARTIST MARKET\"},\"image\":{\"@id\":\"https:\/\/nationalstore.be\/nl#\/schema\/logo\/image\/\"}},{\"@type\":\"WebSite\",\"@id\":\"https:\/\/nationalstore.be\/nl#website\",\"url\":\"https:\/\/nationalstore.be\/nl\",\"name\":\"NATIONA(A)L ARTIST SUPERMARKET\",\"description\":\"\",\"publisher\":{\"@id\":\"https:\/\/nationalstore.be\/nl#organization\"},\"potentialAction\":[{\"@type\":\"SearchAction\",\"target\":{\"@type\":\"EntryPoint\",\"urlTemplate\":\"https:\/\/nationalstore.be\/nl?s={search_term_string}\"},\"query-input\":\"required name=search_term_string\"}],\"inLanguage\":\"nl\"},{\"@type\":\"ImageObject\",\"inLanguage\":\"nl\",\"@id\":\"https:\/\/nationalstore.be\/nl\/product\/the-window-giclee-print#primaryimage\",\"url\":\"https:\/\/nationalstore.be\/wp-content\/uploads\/2020\/12\/fenetre01-copie-scaled.jpg\",\"contentUrl\":\"https:\/\/nationalstore.be\/wp-content\/uploads\/2020\/12\/fenetre01-copie-scaled.jpg\",\"width\":2560,\"height\":2048},{\"@type\":[\"WebPage\",\"ItemPage\"],\"@id\":\"https:\/\/nationalstore.be\/nl\/product\/the-window-giclee-print#webpage\",\"url\":\"https:\/\/nationalstore.be\/nl\/product\/the-window-giclee-print\",\"name\":\"The Window \u2013 Gicl\u00e9e Print. | E-shop Belgische Artiesten\",\"isPartOf\":{\"@id\":\"https:\/\/nationalstore.be\/nl#website\"},\"primaryImageOfPage\":{\"@id\":\"https:\/\/nationalstore.be\/nl\/product\/the-window-giclee-print#primaryimage\"},\"datePublished\":\"2020-12-08T10:25:21+00:00\",\"dateModified\":\"2022-09-27T14:54:47+00:00\",\"description\":\"Online store of L\u00e9a Decan, Gicl\u00e9e prints of original gouache illustrations\",\"breadcrumb\":{\"@id\":\"https:\/\/nationalstore.be\/nl\/product\/the-window-giclee-print#breadcrumb\"},\"inLanguage\":\"nl\",\"potentialAction\":[{\"@type\":\"ReadAction\",\"target\":[\"https:\/\/nationalstore.be\/nl\/product\/the-window-giclee-print\"]}]},{\"@type\":\"BreadcrumbList\",\"@id\":\"https:\/\/nationalstore.be\/nl\/product\/the-window-giclee-print#breadcrumb\",\"itemListElement\":[{\"@type\":\"ListItem\",\"position\":1,\"name\":\"Home\",\"item\":\"https:\/\/nationalstore.be\/nl\"},{\"@type\":\"ListItem\",\"position\":2,\"name\":\"Producten\",\"item\":\"https:\/\/nationalstore.be\/nl\/shop\"},{\"@type\":\"ListItem\",\"position\":3,\"name\":\"Subcategories\",\"item\":\"https:\/\/nationalstore.be\/nl\/pc\/subcategories-nl\"},{\"@type\":\"ListItem\",\"position\":4,\"name\":\"Home\",\"item\":\"https:\/\/nationalstore.be\/nl\/pc\/subcategories-nl\/home\"},{\"@type\":\"ListItem\",\"position\":5,\"name\":\"The Window \u2013 Gicl\u00e9e Print.\"}]}]}<\/script>\n<!-- \/ Yoast SEO plugin. -->","yoast_head_json":{"title":"The Window \u2013 Gicl\u00e9e Print. | E-shop Belgische Artiesten","description":"Online store of L\u00e9a Decan, Gicl\u00e9e prints of original gouache illustrations","robots":{"index":"index","follow":"follow","max-snippet":"max-snippet:-1","max-image-preview":"max-image-preview:large","max-video-preview":"max-video-preview:-1"},"canonical":"https:\/\/nationalstore.be\/nl\/product\/the-window-giclee-print","og_locale":"nl_NL","og_type":"article","og_title":"The Window \u2013 Gicl\u00e9e Print. | E-shop Belgische Artiesten","og_description":"Online store of L\u00e9a Decan, Gicl\u00e9e prints of original gouache illustrations","og_url":"https:\/\/nationalstore.be\/nl\/product\/the-window-giclee-print","og_site_name":"NATIONA(A)L ARTIST SUPERMARKET","article_publisher":"https:\/\/www.facebook.com\/nationalstore\/?ref=br_rs","article_modified_time":"2022-09-27T14:54:47+00:00","og_image":[{"width":2560,"height":2048,"url":"https:\/\/nationalstore.be\/wp-content\/uploads\/2020\/12\/fenetre01-copie-scaled.jpg","type":"image\/jpeg"}],"twitter_card":"summary_large_image","twitter_site":"@Nationalstore","schema":{"@context":"https:\/\/schema.org","@graph":[{"@type":"Organization","@id":"https:\/\/nationalstore.be\/nl#organization","name":"NATIONA(A)L ARTIST MARKET","url":"https:\/\/nationalstore.be\/nl","sameAs":["https:\/\/www.instagram.com\/nationalstore\/","https:\/\/www.facebook.com\/nationalstore\/?ref=br_rs","https:\/\/twitter.com\/Nationalstore"],"logo":{"@type":"ImageObject","inLanguage":"nl","@id":"https:\/\/nationalstore.be\/nl#\/schema\/logo\/image\/","url":"https:\/\/nationalstore.be\/wp-content\/uploads\/2024\/03\/nationaal-logo_mauve-cmjn.png","contentUrl":"https:\/\/nationalstore.be\/wp-content\/uploads\/2024\/03\/nationaal-logo_mauve-cmjn.png","width":3475,"height":1352,"caption":"NATIONA(A)L ARTIST MARKET"},"image":{"@id":"https:\/\/nationalstore.be\/nl#\/schema\/logo\/image\/"}},{"@type":"WebSite","@id":"https:\/\/nationalstore.be\/nl#website","url":"https:\/\/nationalstore.be\/nl","name":"NATIONA(A)L ARTIST SUPERMARKET","description":"","publisher":{"@id":"https:\/\/nationalstore.be\/nl#organization"},"potentialAction":[{"@type":"SearchAction","target":{"@type":"EntryPoint","urlTemplate":"https:\/\/nationalstore.be\/nl?s={search_term_string}"},"query-input":"required name=search_term_string"}],"inLanguage":"nl"},{"@type":"ImageObject","inLanguage":"nl","@id":"https:\/\/nationalstore.be\/nl\/product\/the-window-giclee-print#primaryimage","url":"https:\/\/nationalstore.be\/wp-content\/uploads\/2020\/12\/fenetre01-copie-scaled.jpg","contentUrl":"https:\/\/nationalstore.be\/wp-content\/uploads\/2020\/12\/fenetre01-copie-scaled.jpg","width":2560,"height":2048},{"@type":["WebPage","ItemPage"],"@id":"https:\/\/nationalstore.be\/nl\/product\/the-window-giclee-print#webpage","url":"https:\/\/nationalstore.be\/nl\/product\/the-window-giclee-print","name":"The Window \u2013 Gicl\u00e9e Print. | E-shop Belgische Artiesten","isPartOf":{"@id":"https:\/\/nationalstore.be\/nl#website"},"primaryImageOfPage":{"@id":"https:\/\/nationalstore.be\/nl\/product\/the-window-giclee-print#primaryimage"},"datePublished":"2020-12-08T10:25:21+00:00","dateModified":"2022-09-27T14:54:47+00:00","description":"Online store of L\u00e9a Decan, Gicl\u00e9e prints of original gouache illustrations","breadcrumb":{"@id":"https:\/\/nationalstore.be\/nl\/product\/the-window-giclee-print#breadcrumb"},"inLanguage":"nl","potentialAction":[{"@type":"ReadAction","target":["https:\/\/nationalstore.be\/nl\/product\/the-window-giclee-print"]}]},{"@type":"BreadcrumbList","@id":"https:\/\/nationalstore.be\/nl\/product\/the-window-giclee-print#breadcrumb","itemListElement":[{"@type":"ListItem","position":1,"name":"Home","item":"https:\/\/nationalstore.be\/nl"},{"@type":"ListItem","position":2,"name":"Producten","item":"https:\/\/nationalstore.be\/nl\/shop"},{"@type":"ListItem","position":3,"name":"Subcategories","item":"https:\/\/nationalstore.be\/nl\/pc\/subcategories-nl"},{"@type":"ListItem","position":4,"name":"Home","item":"https:\/\/nationalstore.be\/nl\/pc\/subcategories-nl\/home"},{"@type":"ListItem","position":5,"name":"The Window \u2013 Gicl\u00e9e Print."}]}]}},"_links":{"self":[{"href":"https:\/\/nationalstore.be\/nl\/wp-json\/wp\/v2\/product\/9340"}],"collection":[{"href":"https:\/\/nationalstore.be\/nl\/wp-json\/wp\/v2\/product"}],"about":[{"href":"https:\/\/nationalstore.be\/nl\/wp-json\/wp\/v2\/types\/product"}],"wp:featuredmedia":[{"embeddable":true,"href":"https:\/\/nationalstore.be\/nl\/wp-json\/wp\/v2\/media\/5794"}],"wp:attachment":[{"href":"https:\/\/nationalstore.be\/nl\/wp-json\/wp\/v2\/media?parent=9340"}],"wp:term":[{"taxonomy":"product_cat","embeddable":true,"href":"https:\/\/nationalstore.be\/nl\/wp-json\/wp\/v2\/product_cat?post=9340"},{"taxonomy":"product_tag","embeddable":true,"href":"https:\/\/nationalstore.be\/nl\/wp-json\/wp\/v2\/product_tag?post=9340"}],"curies":[{"name":"wp","href":"https:\/\/api.w.org\/{rel}","templated":true}]}}