{"id":49188,"date":"2023-06-15T22:19:16","date_gmt":"2023-06-15T14:22:11","guid":{"rendered":"https:\/\/nationalstore.be\/?post_type=product&#038;p=49188"},"modified":"2023-07-03T10:23:19","modified_gmt":"2023-07-03T08:23:19","slug":"what-was-that-supposed-to-mean","status":"publish","type":"product","link":"https:\/\/nationalstore.be\/nl\/product\/what-was-that-supposed-to-mean","title":{"rendered":"What was that Supposed to Mean?"},"content":{"rendered":"<p class=\"p1\" style=\"margin: 0px;font-size: 13px;line-height: normal\" data-mce-style=\"margin: 0px; font-variant-numeric: normal; font-variant-east-asian: normal; font-variant-alternates: normal; font-kerning: auto; font-optical-sizing: auto; font-feature-settings: normal; font-variation-settings: normal; font-stretch: normal; font-size: 13px; line-height: normal;\"><span style=\"font-family: georgia, palatino, serif;font-size: 12pt\" data-mce-style=\"font-family: georgia, palatino, serif; font-size: 12pt;\"><span style=\"vertical-align: inherit\" data-mce-style=\"vertical-align: inherit;\"><span style=\"vertical-align: inherit\" data-mce-style=\"vertical-align: inherit;\">Sign\u00e9 et num\u00e9rot\u00e9<\/span><\/span><\/span><\/p>\n<p class=\"p1\" style=\"margin: 0px;font-size: 13px;line-height: normal\" data-mce-style=\"margin: 0px; font-variant-numeric: normal; font-variant-east-asian: normal; font-variant-alternates: normal; font-kerning: auto; font-optical-sizing: auto; font-feature-settings: normal; font-variation-settings: normal; font-stretch: normal; font-size: 13px; line-height: normal;\"><span style=\"font-family: georgia, palatino, serif;font-size: 12pt\" data-mce-style=\"font-family: georgia, palatino, serif; font-size: 12pt;\"><span style=\"vertical-align: inherit\" data-mce-style=\"vertical-align: inherit;\"><span style=\"vertical-align: inherit\" data-mce-style=\"vertical-align: inherit;\">Tirage \u00e0 25 exemplaires<\/span><\/span><\/span><\/p>\n","protected":false},"excerpt":{"rendered":"<p>30 x 40 cm<\/p>\n<p class=\"p1\" style=\"margin: 0px;font-size: 13px;line-height: normal\" data-mce-style=\"margin: 0px; font-variant-numeric: normal; font-variant-east-asian: normal; font-variant-alternates: normal; font-kerning: auto; font-optical-sizing: auto; font-feature-settings: normal; font-variation-settings: normal; font-stretch: normal; font-size: 13px; line-height: normal;\"><span style=\"vertical-align: inherit\" data-mce-style=\"vertical-align: inherit;\"><span style=\"vertical-align: inherit\" data-mce-style=\"vertical-align: inherit;\">Impression d&#8217;art sur Hahnem\u00fcle<\/span><\/span><\/p>\n<p class=\"p1\" style=\"margin: 0px;font-size: 13px;line-height: normal\" data-mce-style=\"margin: 0px; font-variant-numeric: normal; font-variant-east-asian: normal; font-variant-alternates: normal; font-kerning: auto; font-optical-sizing: auto; font-feature-settings: normal; font-variation-settings: normal; font-stretch: normal; font-size: 13px; line-height: normal;\"><span style=\"vertical-align: inherit\" data-mce-style=\"vertical-align: inherit;\"><span style=\"vertical-align: inherit\" data-mce-style=\"vertical-align: inherit;\">Photo Rag Pearl (320g. 100% coton)<\/span><\/span><\/p>\n","protected":false},"featured_media":49178,"template":"","meta":[],"product_cat":[569,1139,3682,2921],"product_tag":[3045,1633,1267,834,3431,1593],"yoast_head":"<!-- This site is optimized with the Yoast SEO plugin v19.1 - https:\/\/yoast.com\/wordpress\/plugins\/seo\/ -->\n<title>What was that Supposed to Mean? | E-shop Belgische Artiesten<\/title>\n<meta name=\"description\" content=\"Een What was that Supposed to Mean? kopen? Op onze Belgische Artiesten webshop vind je alleen 100% handgemaakte producten!\" \/>\n<meta name=\"robots\" content=\"index, follow, max-snippet:-1, max-image-preview:large, max-video-preview:-1\" \/>\n<link rel=\"canonical\" href=\"https:\/\/nationalstore.be\/nl\/product\/what-was-that-supposed-to-mean\" \/>\n<meta property=\"og:locale\" content=\"nl_NL\" \/>\n<meta property=\"og:type\" content=\"article\" \/>\n<meta property=\"og:title\" content=\"What was that Supposed to Mean? | E-shop Belgische Artiesten\" \/>\n<meta property=\"og:description\" content=\"Een What was that Supposed to Mean? kopen? Op onze Belgische Artiesten webshop vind je alleen 100% handgemaakte producten!\" \/>\n<meta property=\"og:url\" content=\"https:\/\/nationalstore.be\/nl\/product\/what-was-that-supposed-to-mean\" \/>\n<meta property=\"og:site_name\" content=\"NATIONA(A)L ARTIST SUPERMARKET\" \/>\n<meta property=\"article:publisher\" content=\"https:\/\/www.facebook.com\/nationalstore\/?ref=br_rs\" \/>\n<meta property=\"article:modified_time\" content=\"2023-07-03T08:23:19+00:00\" \/>\n<meta property=\"og:image\" content=\"https:\/\/nationalstore.be\/wp-content\/uploads\/2023\/06\/Officialprintwhatwasthat30402-scaled.jpg\" \/>\n\t<meta property=\"og:image:width\" content=\"1920\" \/>\n\t<meta property=\"og:image:height\" content=\"2560\" \/>\n\t<meta property=\"og:image:type\" content=\"image\/jpeg\" \/>\n<meta name=\"twitter:card\" content=\"summary_large_image\" \/>\n<meta name=\"twitter:site\" content=\"@Nationalstore\" \/>\n<script type=\"application\/ld+json\" class=\"yoast-schema-graph\">{\"@context\":\"https:\/\/schema.org\",\"@graph\":[{\"@type\":\"Organization\",\"@id\":\"https:\/\/nationalstore.be\/nl#organization\",\"name\":\"NATIONA(A)L ARTIST MARKET\",\"url\":\"https:\/\/nationalstore.be\/nl\",\"sameAs\":[\"https:\/\/www.instagram.com\/nationalstore\/\",\"https:\/\/www.facebook.com\/nationalstore\/?ref=br_rs\",\"https:\/\/twitter.com\/Nationalstore\"],\"logo\":{\"@type\":\"ImageObject\",\"inLanguage\":\"nl\",\"@id\":\"https:\/\/nationalstore.be\/nl#\/schema\/logo\/image\/\",\"url\":\"https:\/\/nationalstore.be\/wp-content\/uploads\/2024\/03\/nationaal-logo_mauve-cmjn.png\",\"contentUrl\":\"https:\/\/nationalstore.be\/wp-content\/uploads\/2024\/03\/nationaal-logo_mauve-cmjn.png\",\"width\":3475,\"height\":1352,\"caption\":\"NATIONA(A)L ARTIST MARKET\"},\"image\":{\"@id\":\"https:\/\/nationalstore.be\/nl#\/schema\/logo\/image\/\"}},{\"@type\":\"WebSite\",\"@id\":\"https:\/\/nationalstore.be\/nl#website\",\"url\":\"https:\/\/nationalstore.be\/nl\",\"name\":\"NATIONA(A)L ARTIST SUPERMARKET\",\"description\":\"\",\"publisher\":{\"@id\":\"https:\/\/nationalstore.be\/nl#organization\"},\"potentialAction\":[{\"@type\":\"SearchAction\",\"target\":{\"@type\":\"EntryPoint\",\"urlTemplate\":\"https:\/\/nationalstore.be\/nl?s={search_term_string}\"},\"query-input\":\"required name=search_term_string\"}],\"inLanguage\":\"nl\"},{\"@type\":\"ImageObject\",\"inLanguage\":\"nl\",\"@id\":\"https:\/\/nationalstore.be\/nl\/product\/what-was-that-supposed-to-mean#primaryimage\",\"url\":\"https:\/\/nationalstore.be\/wp-content\/uploads\/2023\/06\/Officialprintwhatwasthat30402-scaled.jpg\",\"contentUrl\":\"https:\/\/nationalstore.be\/wp-content\/uploads\/2023\/06\/Officialprintwhatwasthat30402-scaled.jpg\",\"width\":1920,\"height\":2560},{\"@type\":[\"WebPage\",\"ItemPage\"],\"@id\":\"https:\/\/nationalstore.be\/nl\/product\/what-was-that-supposed-to-mean#webpage\",\"url\":\"https:\/\/nationalstore.be\/nl\/product\/what-was-that-supposed-to-mean\",\"name\":\"What was that Supposed to Mean? | E-shop Belgische Artiesten\",\"isPartOf\":{\"@id\":\"https:\/\/nationalstore.be\/nl#website\"},\"primaryImageOfPage\":{\"@id\":\"https:\/\/nationalstore.be\/nl\/product\/what-was-that-supposed-to-mean#primaryimage\"},\"datePublished\":\"2023-06-15T14:22:11+00:00\",\"dateModified\":\"2023-07-03T08:23:19+00:00\",\"description\":\"Een What was that Supposed to Mean? kopen? Op onze Belgische Artiesten webshop vind je alleen 100% handgemaakte producten!\",\"breadcrumb\":{\"@id\":\"https:\/\/nationalstore.be\/nl\/product\/what-was-that-supposed-to-mean#breadcrumb\"},\"inLanguage\":\"nl\",\"potentialAction\":[{\"@type\":\"ReadAction\",\"target\":[\"https:\/\/nationalstore.be\/nl\/product\/what-was-that-supposed-to-mean\"]}]},{\"@type\":\"BreadcrumbList\",\"@id\":\"https:\/\/nationalstore.be\/nl\/product\/what-was-that-supposed-to-mean#breadcrumb\",\"itemListElement\":[{\"@type\":\"ListItem\",\"position\":1,\"name\":\"Home\",\"item\":\"https:\/\/nationalstore.be\/nl\"},{\"@type\":\"ListItem\",\"position\":2,\"name\":\"Producten\",\"item\":\"https:\/\/nationalstore.be\/nl\/shop\"},{\"@type\":\"ListItem\",\"position\":3,\"name\":\"Beeldende Kunsten\",\"item\":\"https:\/\/nationalstore.be\/nl\/pc\/beeldende-kunsten\"},{\"@type\":\"ListItem\",\"position\":4,\"name\":\"Collage\",\"item\":\"https:\/\/nationalstore.be\/nl\/pc\/beeldende-kunsten\/collage-nl\"},{\"@type\":\"ListItem\",\"position\":5,\"name\":\"What was that Supposed to Mean?\"}]}]}<\/script>\n<!-- \/ Yoast SEO plugin. -->","yoast_head_json":{"title":"What was that Supposed to Mean? | E-shop Belgische Artiesten","description":"Een What was that Supposed to Mean? kopen? Op onze Belgische Artiesten webshop vind je alleen 100% handgemaakte producten!","robots":{"index":"index","follow":"follow","max-snippet":"max-snippet:-1","max-image-preview":"max-image-preview:large","max-video-preview":"max-video-preview:-1"},"canonical":"https:\/\/nationalstore.be\/nl\/product\/what-was-that-supposed-to-mean","og_locale":"nl_NL","og_type":"article","og_title":"What was that Supposed to Mean? | E-shop Belgische Artiesten","og_description":"Een What was that Supposed to Mean? kopen? Op onze Belgische Artiesten webshop vind je alleen 100% handgemaakte producten!","og_url":"https:\/\/nationalstore.be\/nl\/product\/what-was-that-supposed-to-mean","og_site_name":"NATIONA(A)L ARTIST SUPERMARKET","article_publisher":"https:\/\/www.facebook.com\/nationalstore\/?ref=br_rs","article_modified_time":"2023-07-03T08:23:19+00:00","og_image":[{"width":1920,"height":2560,"url":"https:\/\/nationalstore.be\/wp-content\/uploads\/2023\/06\/Officialprintwhatwasthat30402-scaled.jpg","type":"image\/jpeg"}],"twitter_card":"summary_large_image","twitter_site":"@Nationalstore","schema":{"@context":"https:\/\/schema.org","@graph":[{"@type":"Organization","@id":"https:\/\/nationalstore.be\/nl#organization","name":"NATIONA(A)L ARTIST MARKET","url":"https:\/\/nationalstore.be\/nl","sameAs":["https:\/\/www.instagram.com\/nationalstore\/","https:\/\/www.facebook.com\/nationalstore\/?ref=br_rs","https:\/\/twitter.com\/Nationalstore"],"logo":{"@type":"ImageObject","inLanguage":"nl","@id":"https:\/\/nationalstore.be\/nl#\/schema\/logo\/image\/","url":"https:\/\/nationalstore.be\/wp-content\/uploads\/2024\/03\/nationaal-logo_mauve-cmjn.png","contentUrl":"https:\/\/nationalstore.be\/wp-content\/uploads\/2024\/03\/nationaal-logo_mauve-cmjn.png","width":3475,"height":1352,"caption":"NATIONA(A)L ARTIST MARKET"},"image":{"@id":"https:\/\/nationalstore.be\/nl#\/schema\/logo\/image\/"}},{"@type":"WebSite","@id":"https:\/\/nationalstore.be\/nl#website","url":"https:\/\/nationalstore.be\/nl","name":"NATIONA(A)L ARTIST SUPERMARKET","description":"","publisher":{"@id":"https:\/\/nationalstore.be\/nl#organization"},"potentialAction":[{"@type":"SearchAction","target":{"@type":"EntryPoint","urlTemplate":"https:\/\/nationalstore.be\/nl?s={search_term_string}"},"query-input":"required name=search_term_string"}],"inLanguage":"nl"},{"@type":"ImageObject","inLanguage":"nl","@id":"https:\/\/nationalstore.be\/nl\/product\/what-was-that-supposed-to-mean#primaryimage","url":"https:\/\/nationalstore.be\/wp-content\/uploads\/2023\/06\/Officialprintwhatwasthat30402-scaled.jpg","contentUrl":"https:\/\/nationalstore.be\/wp-content\/uploads\/2023\/06\/Officialprintwhatwasthat30402-scaled.jpg","width":1920,"height":2560},{"@type":["WebPage","ItemPage"],"@id":"https:\/\/nationalstore.be\/nl\/product\/what-was-that-supposed-to-mean#webpage","url":"https:\/\/nationalstore.be\/nl\/product\/what-was-that-supposed-to-mean","name":"What was that Supposed to Mean? | E-shop Belgische Artiesten","isPartOf":{"@id":"https:\/\/nationalstore.be\/nl#website"},"primaryImageOfPage":{"@id":"https:\/\/nationalstore.be\/nl\/product\/what-was-that-supposed-to-mean#primaryimage"},"datePublished":"2023-06-15T14:22:11+00:00","dateModified":"2023-07-03T08:23:19+00:00","description":"Een What was that Supposed to Mean? kopen? Op onze Belgische Artiesten webshop vind je alleen 100% handgemaakte producten!","breadcrumb":{"@id":"https:\/\/nationalstore.be\/nl\/product\/what-was-that-supposed-to-mean#breadcrumb"},"inLanguage":"nl","potentialAction":[{"@type":"ReadAction","target":["https:\/\/nationalstore.be\/nl\/product\/what-was-that-supposed-to-mean"]}]},{"@type":"BreadcrumbList","@id":"https:\/\/nationalstore.be\/nl\/product\/what-was-that-supposed-to-mean#breadcrumb","itemListElement":[{"@type":"ListItem","position":1,"name":"Home","item":"https:\/\/nationalstore.be\/nl"},{"@type":"ListItem","position":2,"name":"Producten","item":"https:\/\/nationalstore.be\/nl\/shop"},{"@type":"ListItem","position":3,"name":"Beeldende Kunsten","item":"https:\/\/nationalstore.be\/nl\/pc\/beeldende-kunsten"},{"@type":"ListItem","position":4,"name":"Collage","item":"https:\/\/nationalstore.be\/nl\/pc\/beeldende-kunsten\/collage-nl"},{"@type":"ListItem","position":5,"name":"What was that Supposed to Mean?"}]}]}},"_links":{"self":[{"href":"https:\/\/nationalstore.be\/nl\/wp-json\/wp\/v2\/product\/49188"}],"collection":[{"href":"https:\/\/nationalstore.be\/nl\/wp-json\/wp\/v2\/product"}],"about":[{"href":"https:\/\/nationalstore.be\/nl\/wp-json\/wp\/v2\/types\/product"}],"wp:featuredmedia":[{"embeddable":true,"href":"https:\/\/nationalstore.be\/nl\/wp-json\/wp\/v2\/media\/49178"}],"wp:attachment":[{"href":"https:\/\/nationalstore.be\/nl\/wp-json\/wp\/v2\/media?parent=49188"}],"wp:term":[{"taxonomy":"product_cat","embeddable":true,"href":"https:\/\/nationalstore.be\/nl\/wp-json\/wp\/v2\/product_cat?post=49188"},{"taxonomy":"product_tag","embeddable":true,"href":"https:\/\/nationalstore.be\/nl\/wp-json\/wp\/v2\/product_tag?post=49188"}],"curies":[{"name":"wp","href":"https:\/\/api.w.org\/{rel}","templated":true}]}}