{"id":47629,"date":"2023-03-17T11:37:56","date_gmt":"2023-03-15T12:19:11","guid":{"rendered":"https:\/\/nationalstore.be\/?post_type=product&#038;p=47629"},"modified":"2026-02-24T16:33:35","modified_gmt":"2026-02-24T15:33:35","slug":"de-bezemman","status":"publish","type":"product","link":"https:\/\/nationalstore.be\/nl\/product\/de-bezemman","title":{"rendered":"De Bezemman"},"content":{"rendered":"<p>De Bezemman is een inkt is een inkt- en Ecoline-tekening op papier. De lichamen of lichaamsfragmenten worden tekens of aanwijzingen die, als een rebus, de onzichtbare verhalen van het collectieve onbewuste samenstellen. Een deel van het werk van Priscilla Beccari toont vrouwen in een bourgeois huishoudelijk universum van de jaren 70. De Huisvrouw is een voorbeeld van deze mythen die net zoveel voortduren als fantasie\u00ebn als trauma&#8217;s. De sculpturale behandeling en de meeslepende of intieme dimensie van de schilderijen versterken het spiegeleffect van onze innerlijkheid. Ten slotte roept de opzettelijk na\u00efeve of speelse stijl, met een schurende onschuld, de na\u00efviteit op van het openen van het bewustzijn. @Th\u00e9odora Domenech&#8221;<\/p>\n","protected":false},"excerpt":{"rendered":"<p class=\"MsoNormal\" style=\"margin: 0cm 0cm 16pt;font-size: 12pt;font-family: Cambria;color: #000000;line-height: 19pt\" data-mce-style=\"margin: 0cm 0cm 16pt; font-size: 12pt; font-family: Cambria; color: #000000; line-height: 19pt;\"><b><span lang=\"FR\" style=\"font-family: Georgia;color: #262626\" data-mce-style=\"font-family: Georgia; color: #262626;\">De Bezemman<\/span><\/b><\/p>\n<p class=\"MsoNormal\" style=\"margin: 0cm 0cm 12pt;font-size: 12pt;font-family: Cambria;color: #000000;line-height: 14pt\" data-mce-style=\"margin: 0cm 0cm 12pt; font-size: 12pt; font-family: Cambria; color: #000000; line-height: 14pt;\"><span lang=\"FR\" style=\"font-family: Georgia\" data-mce-style=\"font-family: Georgia;\">Afdruk op Hahnemuhle papier, 40&#215;30 cm<\/span><\/p>\n<p class=\"MsoNormal\" style=\"margin: 0cm 0cm 12pt;font-size: 12pt;font-family: Cambria;color: #000000;line-height: 14pt\" data-mce-style=\"margin: 0cm 0cm 12pt; font-size: 12pt; font-family: Cambria; color: #000000; line-height: 14pt;\"><span lang=\"FR\" style=\"font-family: Georgia\" data-mce-style=\"font-family: Georgia;\">Beperkte oplage van 3<\/span><\/p>\n<p class=\"MsoNormal\" style=\"margin: 0cm 0cm 16pt;font-size: 12pt;font-family: Cambria;color: #000000;line-height: 19pt\" data-mce-style=\"margin: 0cm 0cm 16pt; font-size: 12pt; font-family: Cambria; color: #000000; line-height: 19pt;\"><span lang=\"FR\" style=\"font-family: Georgia;color: #262626\" data-mce-style=\"font-family: Georgia; color: #262626;\">Numbered and signed edition<\/span><\/p>\n","protected":false},"featured_media":47625,"template":"","meta":[],"product_cat":[3407,569,3682,2936,2954],"product_tag":[3045,1633,3400,3426,1367,2972,1267,1208,984,2019,3284,3352,1593,2373,3399,3425],"yoast_head":"<!-- This site is optimized with the Yoast SEO plugin v19.1 - https:\/\/yoast.com\/wordpress\/plugins\/seo\/ -->\n<title>De Bezemman | E-shop Belgische Artiesten<\/title>\n<meta name=\"description\" content=\"Een De Bezemman kopen? Op onze Belgische Artiesten webshop vind je alleen 100% handgemaakte producten!\" \/>\n<meta name=\"robots\" content=\"index, follow, max-snippet:-1, max-image-preview:large, max-video-preview:-1\" \/>\n<link rel=\"canonical\" href=\"https:\/\/nationalstore.be\/nl\/product\/de-bezemman\" \/>\n<meta property=\"og:locale\" content=\"nl_NL\" \/>\n<meta property=\"og:type\" content=\"article\" \/>\n<meta property=\"og:title\" content=\"De Bezemman | E-shop Belgische Artiesten\" \/>\n<meta property=\"og:description\" content=\"Een De Bezemman kopen? Op onze Belgische Artiesten webshop vind je alleen 100% handgemaakte producten!\" \/>\n<meta property=\"og:url\" content=\"https:\/\/nationalstore.be\/nl\/product\/de-bezemman\" \/>\n<meta property=\"og:site_name\" content=\"NATIONA(A)L ARTIST SUPERMARKET\" \/>\n<meta property=\"article:publisher\" content=\"https:\/\/www.facebook.com\/nationalstore\/?ref=br_rs\" \/>\n<meta property=\"article:modified_time\" content=\"2026-02-24T15:33:35+00:00\" \/>\n<meta property=\"og:image\" content=\"https:\/\/nationalstore.be\/wp-content\/uploads\/2023\/03\/Homme-balai-web.jpg\" \/>\n\t<meta property=\"og:image:width\" content=\"1181\" \/>\n\t<meta property=\"og:image:height\" content=\"1476\" \/>\n\t<meta property=\"og:image:type\" content=\"image\/jpeg\" \/>\n<meta name=\"twitter:card\" content=\"summary_large_image\" \/>\n<meta name=\"twitter:site\" content=\"@Nationalstore\" \/>\n<meta name=\"twitter:label1\" content=\"Geschatte leestijd\" \/>\n\t<meta name=\"twitter:data1\" content=\"1 minuut\" \/>\n<script type=\"application\/ld+json\" class=\"yoast-schema-graph\">{\"@context\":\"https:\/\/schema.org\",\"@graph\":[{\"@type\":\"Organization\",\"@id\":\"https:\/\/nationalstore.be\/nl#organization\",\"name\":\"NATIONA(A)L ARTIST MARKET\",\"url\":\"https:\/\/nationalstore.be\/nl\",\"sameAs\":[\"https:\/\/www.instagram.com\/nationalstore\/\",\"https:\/\/www.facebook.com\/nationalstore\/?ref=br_rs\",\"https:\/\/twitter.com\/Nationalstore\"],\"logo\":{\"@type\":\"ImageObject\",\"inLanguage\":\"nl\",\"@id\":\"https:\/\/nationalstore.be\/nl#\/schema\/logo\/image\/\",\"url\":\"https:\/\/nationalstore.be\/wp-content\/uploads\/2024\/03\/nationaal-logo_mauve-cmjn.png\",\"contentUrl\":\"https:\/\/nationalstore.be\/wp-content\/uploads\/2024\/03\/nationaal-logo_mauve-cmjn.png\",\"width\":3475,\"height\":1352,\"caption\":\"NATIONA(A)L ARTIST MARKET\"},\"image\":{\"@id\":\"https:\/\/nationalstore.be\/nl#\/schema\/logo\/image\/\"}},{\"@type\":\"WebSite\",\"@id\":\"https:\/\/nationalstore.be\/nl#website\",\"url\":\"https:\/\/nationalstore.be\/nl\",\"name\":\"NATIONA(A)L ARTIST SUPERMARKET\",\"description\":\"\",\"publisher\":{\"@id\":\"https:\/\/nationalstore.be\/nl#organization\"},\"potentialAction\":[{\"@type\":\"SearchAction\",\"target\":{\"@type\":\"EntryPoint\",\"urlTemplate\":\"https:\/\/nationalstore.be\/nl?s={search_term_string}\"},\"query-input\":\"required name=search_term_string\"}],\"inLanguage\":\"nl\"},{\"@type\":\"ImageObject\",\"inLanguage\":\"nl\",\"@id\":\"https:\/\/nationalstore.be\/nl\/product\/de-bezemman#primaryimage\",\"url\":\"https:\/\/nationalstore.be\/wp-content\/uploads\/2023\/03\/Homme-balai-web.jpg\",\"contentUrl\":\"https:\/\/nationalstore.be\/wp-content\/uploads\/2023\/03\/Homme-balai-web.jpg\",\"width\":1181,\"height\":1476,\"caption\":\"print on Hahnemuhle paper 40x30cm\"},{\"@type\":[\"WebPage\",\"ItemPage\"],\"@id\":\"https:\/\/nationalstore.be\/nl\/product\/de-bezemman#webpage\",\"url\":\"https:\/\/nationalstore.be\/nl\/product\/de-bezemman\",\"name\":\"De Bezemman | E-shop Belgische Artiesten\",\"isPartOf\":{\"@id\":\"https:\/\/nationalstore.be\/nl#website\"},\"primaryImageOfPage\":{\"@id\":\"https:\/\/nationalstore.be\/nl\/product\/de-bezemman#primaryimage\"},\"datePublished\":\"2023-03-15T12:19:11+00:00\",\"dateModified\":\"2026-02-24T15:33:35+00:00\",\"description\":\"Een De Bezemman kopen? Op onze Belgische Artiesten webshop vind je alleen 100% handgemaakte producten!\",\"breadcrumb\":{\"@id\":\"https:\/\/nationalstore.be\/nl\/product\/de-bezemman#breadcrumb\"},\"inLanguage\":\"nl\",\"potentialAction\":[{\"@type\":\"ReadAction\",\"target\":[\"https:\/\/nationalstore.be\/nl\/product\/de-bezemman\"]}]},{\"@type\":\"BreadcrumbList\",\"@id\":\"https:\/\/nationalstore.be\/nl\/product\/de-bezemman#breadcrumb\",\"itemListElement\":[{\"@type\":\"ListItem\",\"position\":1,\"name\":\"Home\",\"item\":\"https:\/\/nationalstore.be\/nl\"},{\"@type\":\"ListItem\",\"position\":2,\"name\":\"Producten\",\"item\":\"https:\/\/nationalstore.be\/nl\/shop\"},{\"@type\":\"ListItem\",\"position\":3,\"name\":\"Beeldende Kunsten\",\"item\":\"https:\/\/nationalstore.be\/nl\/pc\/beeldende-kunsten\"},{\"@type\":\"ListItem\",\"position\":4,\"name\":\"Schilderijen\",\"item\":\"https:\/\/nationalstore.be\/nl\/pc\/beeldende-kunsten\/schilderijen\"},{\"@type\":\"ListItem\",\"position\":5,\"name\":\"De Bezemman\"}]}]}<\/script>\n<!-- \/ Yoast SEO plugin. -->","yoast_head_json":{"title":"De Bezemman | E-shop Belgische Artiesten","description":"Een De Bezemman kopen? Op onze Belgische Artiesten webshop vind je alleen 100% handgemaakte producten!","robots":{"index":"index","follow":"follow","max-snippet":"max-snippet:-1","max-image-preview":"max-image-preview:large","max-video-preview":"max-video-preview:-1"},"canonical":"https:\/\/nationalstore.be\/nl\/product\/de-bezemman","og_locale":"nl_NL","og_type":"article","og_title":"De Bezemman | E-shop Belgische Artiesten","og_description":"Een De Bezemman kopen? Op onze Belgische Artiesten webshop vind je alleen 100% handgemaakte producten!","og_url":"https:\/\/nationalstore.be\/nl\/product\/de-bezemman","og_site_name":"NATIONA(A)L ARTIST SUPERMARKET","article_publisher":"https:\/\/www.facebook.com\/nationalstore\/?ref=br_rs","article_modified_time":"2026-02-24T15:33:35+00:00","og_image":[{"width":1181,"height":1476,"url":"https:\/\/nationalstore.be\/wp-content\/uploads\/2023\/03\/Homme-balai-web.jpg","type":"image\/jpeg"}],"twitter_card":"summary_large_image","twitter_site":"@Nationalstore","twitter_misc":{"Geschatte leestijd":"1 minuut"},"schema":{"@context":"https:\/\/schema.org","@graph":[{"@type":"Organization","@id":"https:\/\/nationalstore.be\/nl#organization","name":"NATIONA(A)L ARTIST MARKET","url":"https:\/\/nationalstore.be\/nl","sameAs":["https:\/\/www.instagram.com\/nationalstore\/","https:\/\/www.facebook.com\/nationalstore\/?ref=br_rs","https:\/\/twitter.com\/Nationalstore"],"logo":{"@type":"ImageObject","inLanguage":"nl","@id":"https:\/\/nationalstore.be\/nl#\/schema\/logo\/image\/","url":"https:\/\/nationalstore.be\/wp-content\/uploads\/2024\/03\/nationaal-logo_mauve-cmjn.png","contentUrl":"https:\/\/nationalstore.be\/wp-content\/uploads\/2024\/03\/nationaal-logo_mauve-cmjn.png","width":3475,"height":1352,"caption":"NATIONA(A)L ARTIST MARKET"},"image":{"@id":"https:\/\/nationalstore.be\/nl#\/schema\/logo\/image\/"}},{"@type":"WebSite","@id":"https:\/\/nationalstore.be\/nl#website","url":"https:\/\/nationalstore.be\/nl","name":"NATIONA(A)L ARTIST SUPERMARKET","description":"","publisher":{"@id":"https:\/\/nationalstore.be\/nl#organization"},"potentialAction":[{"@type":"SearchAction","target":{"@type":"EntryPoint","urlTemplate":"https:\/\/nationalstore.be\/nl?s={search_term_string}"},"query-input":"required name=search_term_string"}],"inLanguage":"nl"},{"@type":"ImageObject","inLanguage":"nl","@id":"https:\/\/nationalstore.be\/nl\/product\/de-bezemman#primaryimage","url":"https:\/\/nationalstore.be\/wp-content\/uploads\/2023\/03\/Homme-balai-web.jpg","contentUrl":"https:\/\/nationalstore.be\/wp-content\/uploads\/2023\/03\/Homme-balai-web.jpg","width":1181,"height":1476,"caption":"print on Hahnemuhle paper 40x30cm"},{"@type":["WebPage","ItemPage"],"@id":"https:\/\/nationalstore.be\/nl\/product\/de-bezemman#webpage","url":"https:\/\/nationalstore.be\/nl\/product\/de-bezemman","name":"De Bezemman | E-shop Belgische Artiesten","isPartOf":{"@id":"https:\/\/nationalstore.be\/nl#website"},"primaryImageOfPage":{"@id":"https:\/\/nationalstore.be\/nl\/product\/de-bezemman#primaryimage"},"datePublished":"2023-03-15T12:19:11+00:00","dateModified":"2026-02-24T15:33:35+00:00","description":"Een De Bezemman kopen? Op onze Belgische Artiesten webshop vind je alleen 100% handgemaakte producten!","breadcrumb":{"@id":"https:\/\/nationalstore.be\/nl\/product\/de-bezemman#breadcrumb"},"inLanguage":"nl","potentialAction":[{"@type":"ReadAction","target":["https:\/\/nationalstore.be\/nl\/product\/de-bezemman"]}]},{"@type":"BreadcrumbList","@id":"https:\/\/nationalstore.be\/nl\/product\/de-bezemman#breadcrumb","itemListElement":[{"@type":"ListItem","position":1,"name":"Home","item":"https:\/\/nationalstore.be\/nl"},{"@type":"ListItem","position":2,"name":"Producten","item":"https:\/\/nationalstore.be\/nl\/shop"},{"@type":"ListItem","position":3,"name":"Beeldende Kunsten","item":"https:\/\/nationalstore.be\/nl\/pc\/beeldende-kunsten"},{"@type":"ListItem","position":4,"name":"Schilderijen","item":"https:\/\/nationalstore.be\/nl\/pc\/beeldende-kunsten\/schilderijen"},{"@type":"ListItem","position":5,"name":"De Bezemman"}]}]}},"_links":{"self":[{"href":"https:\/\/nationalstore.be\/nl\/wp-json\/wp\/v2\/product\/47629"}],"collection":[{"href":"https:\/\/nationalstore.be\/nl\/wp-json\/wp\/v2\/product"}],"about":[{"href":"https:\/\/nationalstore.be\/nl\/wp-json\/wp\/v2\/types\/product"}],"wp:featuredmedia":[{"embeddable":true,"href":"https:\/\/nationalstore.be\/nl\/wp-json\/wp\/v2\/media\/47625"}],"wp:attachment":[{"href":"https:\/\/nationalstore.be\/nl\/wp-json\/wp\/v2\/media?parent=47629"}],"wp:term":[{"taxonomy":"product_cat","embeddable":true,"href":"https:\/\/nationalstore.be\/nl\/wp-json\/wp\/v2\/product_cat?post=47629"},{"taxonomy":"product_tag","embeddable":true,"href":"https:\/\/nationalstore.be\/nl\/wp-json\/wp\/v2\/product_tag?post=47629"}],"curies":[{"name":"wp","href":"https:\/\/api.w.org\/{rel}","templated":true}]}}