{"id":47611,"date":"2023-03-15T10:21:41","date_gmt":"2023-03-15T09:21:41","guid":{"rendered":"https:\/\/nationalstore.be\/?post_type=product&#038;p=47611"},"modified":"2026-02-24T16:33:16","modified_gmt":"2026-02-24T15:33:16","slug":"de-huisvrouw","status":"publish","type":"product","link":"https:\/\/nationalstore.be\/nl\/product\/de-huisvrouw","title":{"rendered":"De Huisvrouw"},"content":{"rendered":"<p style=\"color: #000000;font-family: HelveticaNeue;font-size: 12px\" data-mce-style=\"color: #000000; font-family: HelveticaNeue; font-size: 12px; text-size-adjust: auto;\"><span data-mce-style=\"font-family: georgia, palatino, serif; font-size: 12pt;\" style=\"font-family: georgia, palatino, serif;font-size: 12pt\">&#8220;De Huisvrouw&#8221; is oorspronkelijk een inkt- en ecolinetekening op papier. Het toont een schoonmaakster, wachtend. Ze staat voor een raam met haar handen achter haar rug, een zakdoek vastgeklemd&#8230; Geduldig wachtend op de terugkeer van iemand onbekend.<\/span><\/p>\n<p style=\"color: #000000;font-family: HelveticaNeue;font-size: 12px\" data-mce-style=\"color: #000000; font-family: HelveticaNeue; font-size: 12px; text-size-adjust: auto;\"><span data-mce-style=\"font-family: georgia, palatino, serif; font-size: 12pt;\" style=\"font-family: georgia, palatino, serif;font-size: 12pt\">Priscilla Beccari reist door oude culturen tot aan de Oudheid om de archetypen van lichaamsrepresentaties en de symbolen die daarmee geassocieerd worden opnieuw te bekijken. De lichamen of lichaamsfragmenten worden tekens of indicatoren die, als een rebus, de onzichtbare verhalen van het collectief onderbewustzijn vormen. Sommige van haar werken tonen vrouwen in een burgerlijke huiselijke omgeving uit de jaren &#8217;70. &#8220;De Huisvrouw&#8221; is een voorbeeld van deze mythen die voortbestaan in de vorm van zowel fantasie als trauma. De bewust na\u00efeve of speelse stijl, die een scherpe onschuld uitbeeldt, roept de na\u00efviteit op van de opening van het bewustzijn. @Th\u00e9odora Domenech<\/span><\/p>\n","protected":false},"excerpt":{"rendered":"<div style=\"color: #000000;font-family: HelveticaNeue;font-size: 12px;font-style: normal;font-weight: normal;letter-spacing: normal;text-align: start;text-indent: 0px;text-transform: none\" data-mce-style=\"color: #000000; font-family: HelveticaNeue; font-size: 12px; font-style: normal; font-variant-caps: normal; font-weight: normal; letter-spacing: normal; orphans: auto; text-align: start; text-indent: 0px; text-transform: none; white-space: normal; widows: auto; word-spacing: 0px; -webkit-text-size-adjust: auto; -webkit-text-stroke-width: 0px;\">\n<p><span data-mce-style=\"font-family: georgia, palatino, serif; font-size: 12pt;\" style=\"font-family: georgia, palatino, serif;font-size: 12pt\"><em><strong>De Huisvrouw<\/strong><\/em><\/span><\/p>\n<p data-mce-style=\"border: 0px solid #d9d9e3; box-sizing: border-box; --tw-border-spacing-x: 0; --tw-border-spacing-y: 0; --tw-translate-x: 0; --tw-translate-y: 0; --tw-rotate: 0; --tw-skew-x: 0; --tw-skew-y: 0; --tw-scale-x: 1; --tw-scale-y: 1; --tw-scroll-snap-strictness: proximity; --tw-ring-offset-width: 0px; --tw-ring-offset-color: #fff; --tw-ring-color: rgba(59,130,246,0.5); --tw-ring-offset-shadow: 0 0 transparent; --tw-ring-shadow: 0 0 transparent; --tw-shadow: 0 0 transparent; --tw-shadow-colored: 0 0 transparent; margin: 1.25em 0px; color: #d1d5db; font-family: S\u00f6hne, ui-sans-serif, system-ui, -apple-system,;\"><span data-mce-style=\"font-family: georgia, palatino, serif; font-size: 12pt;\" style=\"font-family: georgia, palatino, serif;font-size: 12pt\">Afdruk op Hahnemuhle papier, 40x50cm<\/span><\/p>\n<p data-mce-style=\"border: 0px solid #d9d9e3; box-sizing: border-box; --tw-border-spacing-x: 0; --tw-border-spacing-y: 0; --tw-translate-x: 0; --tw-translate-y: 0; --tw-rotate: 0; --tw-skew-x: 0; --tw-skew-y: 0; --tw-scale-x: 1; --tw-scale-y: 1; --tw-scroll-snap-strictness: proximity; --tw-ring-offset-width: 0px; --tw-ring-offset-color: #fff; --tw-ring-color: rgba(59,130,246,0.5); --tw-ring-offset-shadow: 0 0 transparent; --tw-ring-shadow: 0 0 transparent; --tw-shadow: 0 0 transparent; --tw-shadow-colored: 0 0 transparent; margin: 1.25em 0px 0px; color: #d1d5db; font-family: S\u00f6hne, ui-sans-serif, system-ui, -apple-system,;\"><span data-mce-style=\"font-family: georgia, palatino, serif; font-size: 12pt;\" style=\"font-family: georgia, palatino, serif;font-size: 12pt\">Beperkte oplage van 3<\/span><\/p>\n<\/div>\n<div style=\"color: #000000;font-family: HelveticaNeue;font-size: 12px;font-style: normal;font-weight: normal;letter-spacing: normal;text-align: start;text-indent: 0px;text-transform: none\" data-mce-style=\"color: #000000; font-family: HelveticaNeue; font-size: 12px; font-style: normal; font-variant-caps: normal; font-weight: normal; letter-spacing: normal; orphans: auto; text-align: start; text-indent: 0px; text-transform: none; white-space: normal; widows: auto; word-spacing: 0px; -webkit-text-size-adjust: auto; -webkit-text-stroke-width: 0px;\"><\/div>\n","protected":false},"featured_media":47608,"template":"","meta":[],"product_cat":[569,1139,2945,2954],"product_tag":[1861,1133,3400,3426,318,477,493,1208,984,465,3284,499,2373,3399],"yoast_head":"<!-- This site is optimized with the Yoast SEO plugin v19.1 - https:\/\/yoast.com\/wordpress\/plugins\/seo\/ -->\n<title>De Huisvrouw | E-shop Belgische Artiesten<\/title>\n<meta name=\"description\" content=\"Een De Huisvrouw kopen? Op onze Belgische Artiesten webshop vind je alleen 100% handgemaakte producten!\" \/>\n<meta name=\"robots\" content=\"index, follow, max-snippet:-1, max-image-preview:large, max-video-preview:-1\" \/>\n<link rel=\"canonical\" href=\"https:\/\/nationalstore.be\/nl\/product\/de-huisvrouw\" \/>\n<meta property=\"og:locale\" content=\"nl_NL\" \/>\n<meta property=\"og:type\" content=\"article\" \/>\n<meta property=\"og:title\" content=\"De Huisvrouw | E-shop Belgische Artiesten\" \/>\n<meta property=\"og:description\" content=\"Een De Huisvrouw kopen? Op onze Belgische Artiesten webshop vind je alleen 100% handgemaakte producten!\" \/>\n<meta property=\"og:url\" content=\"https:\/\/nationalstore.be\/nl\/product\/de-huisvrouw\" \/>\n<meta property=\"og:site_name\" content=\"NATIONA(A)L ARTIST SUPERMARKET\" \/>\n<meta property=\"article:publisher\" content=\"https:\/\/www.facebook.com\/nationalstore\/?ref=br_rs\" \/>\n<meta property=\"article:modified_time\" content=\"2026-02-24T15:33:16+00:00\" \/>\n<meta property=\"og:image\" content=\"https:\/\/nationalstore.be\/wp-content\/uploads\/2023\/03\/menagere-web.jpg\" \/>\n\t<meta property=\"og:image:width\" content=\"709\" \/>\n\t<meta property=\"og:image:height\" content=\"886\" \/>\n\t<meta property=\"og:image:type\" content=\"image\/jpeg\" \/>\n<meta name=\"twitter:card\" content=\"summary_large_image\" \/>\n<meta name=\"twitter:site\" content=\"@Nationalstore\" \/>\n<meta name=\"twitter:label1\" content=\"Geschatte leestijd\" \/>\n\t<meta name=\"twitter:data1\" content=\"1 minuut\" \/>\n<script type=\"application\/ld+json\" class=\"yoast-schema-graph\">{\"@context\":\"https:\/\/schema.org\",\"@graph\":[{\"@type\":\"Organization\",\"@id\":\"https:\/\/nationalstore.be\/nl#organization\",\"name\":\"NATIONA(A)L ARTIST MARKET\",\"url\":\"https:\/\/nationalstore.be\/nl\",\"sameAs\":[\"https:\/\/www.instagram.com\/nationalstore\/\",\"https:\/\/www.facebook.com\/nationalstore\/?ref=br_rs\",\"https:\/\/twitter.com\/Nationalstore\"],\"logo\":{\"@type\":\"ImageObject\",\"inLanguage\":\"nl\",\"@id\":\"https:\/\/nationalstore.be\/nl#\/schema\/logo\/image\/\",\"url\":\"https:\/\/nationalstore.be\/wp-content\/uploads\/2024\/03\/nationaal-logo_mauve-cmjn.png\",\"contentUrl\":\"https:\/\/nationalstore.be\/wp-content\/uploads\/2024\/03\/nationaal-logo_mauve-cmjn.png\",\"width\":3475,\"height\":1352,\"caption\":\"NATIONA(A)L ARTIST MARKET\"},\"image\":{\"@id\":\"https:\/\/nationalstore.be\/nl#\/schema\/logo\/image\/\"}},{\"@type\":\"WebSite\",\"@id\":\"https:\/\/nationalstore.be\/nl#website\",\"url\":\"https:\/\/nationalstore.be\/nl\",\"name\":\"NATIONA(A)L ARTIST SUPERMARKET\",\"description\":\"\",\"publisher\":{\"@id\":\"https:\/\/nationalstore.be\/nl#organization\"},\"potentialAction\":[{\"@type\":\"SearchAction\",\"target\":{\"@type\":\"EntryPoint\",\"urlTemplate\":\"https:\/\/nationalstore.be\/nl?s={search_term_string}\"},\"query-input\":\"required name=search_term_string\"}],\"inLanguage\":\"nl\"},{\"@type\":\"ImageObject\",\"inLanguage\":\"nl\",\"@id\":\"https:\/\/nationalstore.be\/nl\/product\/de-huisvrouw#primaryimage\",\"url\":\"https:\/\/nationalstore.be\/wp-content\/uploads\/2023\/03\/menagere-web.jpg\",\"contentUrl\":\"https:\/\/nationalstore.be\/wp-content\/uploads\/2023\/03\/menagere-web.jpg\",\"width\":709,\"height\":886,\"caption\":\"40x50 cm Print on Han\"},{\"@type\":[\"WebPage\",\"ItemPage\"],\"@id\":\"https:\/\/nationalstore.be\/nl\/product\/de-huisvrouw#webpage\",\"url\":\"https:\/\/nationalstore.be\/nl\/product\/de-huisvrouw\",\"name\":\"De Huisvrouw | E-shop Belgische Artiesten\",\"isPartOf\":{\"@id\":\"https:\/\/nationalstore.be\/nl#website\"},\"primaryImageOfPage\":{\"@id\":\"https:\/\/nationalstore.be\/nl\/product\/de-huisvrouw#primaryimage\"},\"datePublished\":\"2023-03-15T09:21:41+00:00\",\"dateModified\":\"2026-02-24T15:33:16+00:00\",\"description\":\"Een De Huisvrouw kopen? Op onze Belgische Artiesten webshop vind je alleen 100% handgemaakte producten!\",\"breadcrumb\":{\"@id\":\"https:\/\/nationalstore.be\/nl\/product\/de-huisvrouw#breadcrumb\"},\"inLanguage\":\"nl\",\"potentialAction\":[{\"@type\":\"ReadAction\",\"target\":[\"https:\/\/nationalstore.be\/nl\/product\/de-huisvrouw\"]}]},{\"@type\":\"BreadcrumbList\",\"@id\":\"https:\/\/nationalstore.be\/nl\/product\/de-huisvrouw#breadcrumb\",\"itemListElement\":[{\"@type\":\"ListItem\",\"position\":1,\"name\":\"Home\",\"item\":\"https:\/\/nationalstore.be\/nl\"},{\"@type\":\"ListItem\",\"position\":2,\"name\":\"Producten\",\"item\":\"https:\/\/nationalstore.be\/nl\/shop\"},{\"@type\":\"ListItem\",\"position\":3,\"name\":\"Beeldende Kunsten\",\"item\":\"https:\/\/nationalstore.be\/nl\/pc\/beeldende-kunsten\"},{\"@type\":\"ListItem\",\"position\":4,\"name\":\"Collage\",\"item\":\"https:\/\/nationalstore.be\/nl\/pc\/beeldende-kunsten\/collage-nl\"},{\"@type\":\"ListItem\",\"position\":5,\"name\":\"De Huisvrouw\"}]}]}<\/script>\n<!-- \/ Yoast SEO plugin. -->","yoast_head_json":{"title":"De Huisvrouw | E-shop Belgische Artiesten","description":"Een De Huisvrouw kopen? Op onze Belgische Artiesten webshop vind je alleen 100% handgemaakte producten!","robots":{"index":"index","follow":"follow","max-snippet":"max-snippet:-1","max-image-preview":"max-image-preview:large","max-video-preview":"max-video-preview:-1"},"canonical":"https:\/\/nationalstore.be\/nl\/product\/de-huisvrouw","og_locale":"nl_NL","og_type":"article","og_title":"De Huisvrouw | E-shop Belgische Artiesten","og_description":"Een De Huisvrouw kopen? Op onze Belgische Artiesten webshop vind je alleen 100% handgemaakte producten!","og_url":"https:\/\/nationalstore.be\/nl\/product\/de-huisvrouw","og_site_name":"NATIONA(A)L ARTIST SUPERMARKET","article_publisher":"https:\/\/www.facebook.com\/nationalstore\/?ref=br_rs","article_modified_time":"2026-02-24T15:33:16+00:00","og_image":[{"width":709,"height":886,"url":"https:\/\/nationalstore.be\/wp-content\/uploads\/2023\/03\/menagere-web.jpg","type":"image\/jpeg"}],"twitter_card":"summary_large_image","twitter_site":"@Nationalstore","twitter_misc":{"Geschatte leestijd":"1 minuut"},"schema":{"@context":"https:\/\/schema.org","@graph":[{"@type":"Organization","@id":"https:\/\/nationalstore.be\/nl#organization","name":"NATIONA(A)L ARTIST MARKET","url":"https:\/\/nationalstore.be\/nl","sameAs":["https:\/\/www.instagram.com\/nationalstore\/","https:\/\/www.facebook.com\/nationalstore\/?ref=br_rs","https:\/\/twitter.com\/Nationalstore"],"logo":{"@type":"ImageObject","inLanguage":"nl","@id":"https:\/\/nationalstore.be\/nl#\/schema\/logo\/image\/","url":"https:\/\/nationalstore.be\/wp-content\/uploads\/2024\/03\/nationaal-logo_mauve-cmjn.png","contentUrl":"https:\/\/nationalstore.be\/wp-content\/uploads\/2024\/03\/nationaal-logo_mauve-cmjn.png","width":3475,"height":1352,"caption":"NATIONA(A)L ARTIST MARKET"},"image":{"@id":"https:\/\/nationalstore.be\/nl#\/schema\/logo\/image\/"}},{"@type":"WebSite","@id":"https:\/\/nationalstore.be\/nl#website","url":"https:\/\/nationalstore.be\/nl","name":"NATIONA(A)L ARTIST SUPERMARKET","description":"","publisher":{"@id":"https:\/\/nationalstore.be\/nl#organization"},"potentialAction":[{"@type":"SearchAction","target":{"@type":"EntryPoint","urlTemplate":"https:\/\/nationalstore.be\/nl?s={search_term_string}"},"query-input":"required name=search_term_string"}],"inLanguage":"nl"},{"@type":"ImageObject","inLanguage":"nl","@id":"https:\/\/nationalstore.be\/nl\/product\/de-huisvrouw#primaryimage","url":"https:\/\/nationalstore.be\/wp-content\/uploads\/2023\/03\/menagere-web.jpg","contentUrl":"https:\/\/nationalstore.be\/wp-content\/uploads\/2023\/03\/menagere-web.jpg","width":709,"height":886,"caption":"40x50 cm Print on Han"},{"@type":["WebPage","ItemPage"],"@id":"https:\/\/nationalstore.be\/nl\/product\/de-huisvrouw#webpage","url":"https:\/\/nationalstore.be\/nl\/product\/de-huisvrouw","name":"De Huisvrouw | E-shop Belgische Artiesten","isPartOf":{"@id":"https:\/\/nationalstore.be\/nl#website"},"primaryImageOfPage":{"@id":"https:\/\/nationalstore.be\/nl\/product\/de-huisvrouw#primaryimage"},"datePublished":"2023-03-15T09:21:41+00:00","dateModified":"2026-02-24T15:33:16+00:00","description":"Een De Huisvrouw kopen? Op onze Belgische Artiesten webshop vind je alleen 100% handgemaakte producten!","breadcrumb":{"@id":"https:\/\/nationalstore.be\/nl\/product\/de-huisvrouw#breadcrumb"},"inLanguage":"nl","potentialAction":[{"@type":"ReadAction","target":["https:\/\/nationalstore.be\/nl\/product\/de-huisvrouw"]}]},{"@type":"BreadcrumbList","@id":"https:\/\/nationalstore.be\/nl\/product\/de-huisvrouw#breadcrumb","itemListElement":[{"@type":"ListItem","position":1,"name":"Home","item":"https:\/\/nationalstore.be\/nl"},{"@type":"ListItem","position":2,"name":"Producten","item":"https:\/\/nationalstore.be\/nl\/shop"},{"@type":"ListItem","position":3,"name":"Beeldende Kunsten","item":"https:\/\/nationalstore.be\/nl\/pc\/beeldende-kunsten"},{"@type":"ListItem","position":4,"name":"Collage","item":"https:\/\/nationalstore.be\/nl\/pc\/beeldende-kunsten\/collage-nl"},{"@type":"ListItem","position":5,"name":"De Huisvrouw"}]}]}},"_links":{"self":[{"href":"https:\/\/nationalstore.be\/nl\/wp-json\/wp\/v2\/product\/47611"}],"collection":[{"href":"https:\/\/nationalstore.be\/nl\/wp-json\/wp\/v2\/product"}],"about":[{"href":"https:\/\/nationalstore.be\/nl\/wp-json\/wp\/v2\/types\/product"}],"wp:featuredmedia":[{"embeddable":true,"href":"https:\/\/nationalstore.be\/nl\/wp-json\/wp\/v2\/media\/47608"}],"wp:attachment":[{"href":"https:\/\/nationalstore.be\/nl\/wp-json\/wp\/v2\/media?parent=47611"}],"wp:term":[{"taxonomy":"product_cat","embeddable":true,"href":"https:\/\/nationalstore.be\/nl\/wp-json\/wp\/v2\/product_cat?post=47611"},{"taxonomy":"product_tag","embeddable":true,"href":"https:\/\/nationalstore.be\/nl\/wp-json\/wp\/v2\/product_tag?post=47611"}],"curies":[{"name":"wp","href":"https:\/\/api.w.org\/{rel}","templated":true}]}}