{"id":47448,"date":"2023-03-01T14:33:36","date_gmt":"2023-03-01T13:33:36","guid":{"rendered":"https:\/\/nationalstore.be\/?post_type=product&#038;p=47448"},"modified":"2023-03-01T18:32:44","modified_gmt":"2023-03-01T17:32:44","slug":"alain-riviere-hubris","status":"publish","type":"product","link":"https:\/\/nationalstore.be\/nl\/product\/alain-riviere-hubris","title":{"rendered":"Alain Rivi\u00e8re, \u201cHubris\u201d"},"content":{"rendered":"<p>Een serie van vier tweeluiken, elk samengesteld uit een manuscript en een portret van de auteur, die in alle gevallen niemand minder is dan Alain Rivi\u00e8re zelf. Onder het mom van deze denkbeeldige auteurs neemt Alain Rivi\u00e8re het auteurschap op zich van vier teksten: vier vellen papier verzadigd met po\u00ebtische, metafysische, politieke en filosofische bedoelingen, die we snel zullen kwalificeren als werken van geringe hoogte. Vier essays die gepassioneerd naar onbereikbare toppen neigen. Onmogelijke starts, kortom. Deze werken kunnen niet vliegen, daar is men op het eerste gezicht zeker van. Maar wie goed kijkt, ziet in de dia&#8217;s van deze onfortuinlijke auteurs op de <em>dansvloer<\/em> van het denken soms verrassende, vreemdsoortige luchtfiguren opduiken. <em>Hubris<\/em> behoort tot de grotere groep die bekend staat als <em>Vues de l&#8217;esprit<\/em>.<\/p>\n","protected":false},"excerpt":{"rendered":"<p><a data-mce-href=\"http:\/\/alain-riviere.com\" href=\"http:\/\/alain-riviere.com\">Alain Rivi\u00e8re<\/a><\/p>\n<p>Digitale afdruk met pigmentinkt op Hahnem\u00fchle Photo Rag Fine Art 315g papier (foto&#8217;s) en 100g rijstpapier (manuscript). Eikenhouten lijst, museumglas.\u00a0<\/p>\n<p>Formaat 42 x 68 cm. Een genummerde en gesigneerde editie van telkens vijf exemplaren.\u00a0<\/p>\n","protected":false},"featured_media":47354,"template":"","meta":[],"product_cat":[2945,2924,2939,2954],"product_tag":[1861,3045,318,1367,493,1267,950,465,2019],"yoast_head":"<!-- This site is optimized with the Yoast SEO plugin v19.1 - https:\/\/yoast.com\/wordpress\/plugins\/seo\/ -->\n<title>Alain Rivi\u00e8re, \u201cHubris\u201d | E-shop Belgische Artiesten<\/title>\n<meta name=\"description\" content=\"Een Alain Rivi\u00e8re, \u201cHubris\u201d kopen? Op onze Belgische Artiesten webshop vind je alleen 100% handgemaakte producten!\" \/>\n<meta name=\"robots\" content=\"index, follow, max-snippet:-1, max-image-preview:large, max-video-preview:-1\" \/>\n<link rel=\"canonical\" href=\"https:\/\/nationalstore.be\/nl\/product\/alain-riviere-hubris\" \/>\n<meta property=\"og:locale\" content=\"nl_NL\" \/>\n<meta property=\"og:type\" content=\"article\" \/>\n<meta property=\"og:title\" content=\"Alain Rivi\u00e8re, \u201cHubris\u201d | E-shop Belgische Artiesten\" \/>\n<meta property=\"og:description\" content=\"Een Alain Rivi\u00e8re, \u201cHubris\u201d kopen? Op onze Belgische Artiesten webshop vind je alleen 100% handgemaakte producten!\" \/>\n<meta property=\"og:url\" content=\"https:\/\/nationalstore.be\/nl\/product\/alain-riviere-hubris\" \/>\n<meta property=\"og:site_name\" content=\"NATIONA(A)L ARTIST SUPERMARKET\" \/>\n<meta property=\"article:publisher\" content=\"https:\/\/www.facebook.com\/nationalstore\/?ref=br_rs\" \/>\n<meta property=\"article:modified_time\" content=\"2023-03-01T17:32:44+00:00\" \/>\n<meta property=\"og:image\" content=\"https:\/\/nationalstore.be\/wp-content\/uploads\/2023\/02\/hubris-alain-riviere-01-scaled.jpeg\" \/>\n\t<meta property=\"og:image:width\" content=\"2560\" \/>\n\t<meta property=\"og:image:height\" content=\"1637\" \/>\n\t<meta property=\"og:image:type\" content=\"image\/jpeg\" \/>\n<meta name=\"twitter:card\" content=\"summary_large_image\" \/>\n<meta name=\"twitter:site\" content=\"@Nationalstore\" \/>\n<meta name=\"twitter:label1\" content=\"Geschatte leestijd\" \/>\n\t<meta name=\"twitter:data1\" content=\"1 minuut\" \/>\n<script type=\"application\/ld+json\" class=\"yoast-schema-graph\">{\"@context\":\"https:\/\/schema.org\",\"@graph\":[{\"@type\":\"Organization\",\"@id\":\"https:\/\/nationalstore.be\/nl#organization\",\"name\":\"NATIONA(A)L ARTIST MARKET\",\"url\":\"https:\/\/nationalstore.be\/nl\",\"sameAs\":[\"https:\/\/www.instagram.com\/nationalstore\/\",\"https:\/\/www.facebook.com\/nationalstore\/?ref=br_rs\",\"https:\/\/twitter.com\/Nationalstore\"],\"logo\":{\"@type\":\"ImageObject\",\"inLanguage\":\"nl\",\"@id\":\"https:\/\/nationalstore.be\/nl#\/schema\/logo\/image\/\",\"url\":\"https:\/\/nationalstore.be\/wp-content\/uploads\/2024\/03\/nationaal-logo_mauve-cmjn.png\",\"contentUrl\":\"https:\/\/nationalstore.be\/wp-content\/uploads\/2024\/03\/nationaal-logo_mauve-cmjn.png\",\"width\":3475,\"height\":1352,\"caption\":\"NATIONA(A)L ARTIST MARKET\"},\"image\":{\"@id\":\"https:\/\/nationalstore.be\/nl#\/schema\/logo\/image\/\"}},{\"@type\":\"WebSite\",\"@id\":\"https:\/\/nationalstore.be\/nl#website\",\"url\":\"https:\/\/nationalstore.be\/nl\",\"name\":\"NATIONA(A)L ARTIST SUPERMARKET\",\"description\":\"\",\"publisher\":{\"@id\":\"https:\/\/nationalstore.be\/nl#organization\"},\"potentialAction\":[{\"@type\":\"SearchAction\",\"target\":{\"@type\":\"EntryPoint\",\"urlTemplate\":\"https:\/\/nationalstore.be\/nl?s={search_term_string}\"},\"query-input\":\"required name=search_term_string\"}],\"inLanguage\":\"nl\"},{\"@type\":\"ImageObject\",\"inLanguage\":\"nl\",\"@id\":\"https:\/\/nationalstore.be\/nl\/product\/alain-riviere-hubris#primaryimage\",\"url\":\"https:\/\/nationalstore.be\/wp-content\/uploads\/2023\/02\/hubris-alain-riviere-01-scaled.jpeg\",\"contentUrl\":\"https:\/\/nationalstore.be\/wp-content\/uploads\/2023\/02\/hubris-alain-riviere-01-scaled.jpeg\",\"width\":2560,\"height\":1637},{\"@type\":[\"WebPage\",\"ItemPage\"],\"@id\":\"https:\/\/nationalstore.be\/nl\/product\/alain-riviere-hubris#webpage\",\"url\":\"https:\/\/nationalstore.be\/nl\/product\/alain-riviere-hubris\",\"name\":\"Alain Rivi\u00e8re, \u201cHubris\u201d | E-shop Belgische Artiesten\",\"isPartOf\":{\"@id\":\"https:\/\/nationalstore.be\/nl#website\"},\"primaryImageOfPage\":{\"@id\":\"https:\/\/nationalstore.be\/nl\/product\/alain-riviere-hubris#primaryimage\"},\"datePublished\":\"2023-03-01T13:33:36+00:00\",\"dateModified\":\"2023-03-01T17:32:44+00:00\",\"description\":\"Een Alain Rivi\u00e8re, \u201cHubris\u201d kopen? Op onze Belgische Artiesten webshop vind je alleen 100% handgemaakte producten!\",\"breadcrumb\":{\"@id\":\"https:\/\/nationalstore.be\/nl\/product\/alain-riviere-hubris#breadcrumb\"},\"inLanguage\":\"nl\",\"potentialAction\":[{\"@type\":\"ReadAction\",\"target\":[\"https:\/\/nationalstore.be\/nl\/product\/alain-riviere-hubris\"]}]},{\"@type\":\"BreadcrumbList\",\"@id\":\"https:\/\/nationalstore.be\/nl\/product\/alain-riviere-hubris#breadcrumb\",\"itemListElement\":[{\"@type\":\"ListItem\",\"position\":1,\"name\":\"Home\",\"item\":\"https:\/\/nationalstore.be\/nl\"},{\"@type\":\"ListItem\",\"position\":2,\"name\":\"Producten\",\"item\":\"https:\/\/nationalstore.be\/nl\/shop\"},{\"@type\":\"ListItem\",\"position\":3,\"name\":\"Beeldende Kunsten\",\"item\":\"https:\/\/nationalstore.be\/nl\/pc\/beeldende-kunsten\"},{\"@type\":\"ListItem\",\"position\":4,\"name\":\"Edities\",\"item\":\"https:\/\/nationalstore.be\/nl\/pc\/beeldende-kunsten\/edities\"},{\"@type\":\"ListItem\",\"position\":5,\"name\":\"Alain Rivi\u00e8re, \u201cHubris\u201d\"}]}]}<\/script>\n<!-- \/ Yoast SEO plugin. -->","yoast_head_json":{"title":"Alain Rivi\u00e8re, \u201cHubris\u201d | E-shop Belgische Artiesten","description":"Een Alain Rivi\u00e8re, \u201cHubris\u201d kopen? Op onze Belgische Artiesten webshop vind je alleen 100% handgemaakte producten!","robots":{"index":"index","follow":"follow","max-snippet":"max-snippet:-1","max-image-preview":"max-image-preview:large","max-video-preview":"max-video-preview:-1"},"canonical":"https:\/\/nationalstore.be\/nl\/product\/alain-riviere-hubris","og_locale":"nl_NL","og_type":"article","og_title":"Alain Rivi\u00e8re, \u201cHubris\u201d | E-shop Belgische Artiesten","og_description":"Een Alain Rivi\u00e8re, \u201cHubris\u201d kopen? Op onze Belgische Artiesten webshop vind je alleen 100% handgemaakte producten!","og_url":"https:\/\/nationalstore.be\/nl\/product\/alain-riviere-hubris","og_site_name":"NATIONA(A)L ARTIST SUPERMARKET","article_publisher":"https:\/\/www.facebook.com\/nationalstore\/?ref=br_rs","article_modified_time":"2023-03-01T17:32:44+00:00","og_image":[{"width":2560,"height":1637,"url":"https:\/\/nationalstore.be\/wp-content\/uploads\/2023\/02\/hubris-alain-riviere-01-scaled.jpeg","type":"image\/jpeg"}],"twitter_card":"summary_large_image","twitter_site":"@Nationalstore","twitter_misc":{"Geschatte leestijd":"1 minuut"},"schema":{"@context":"https:\/\/schema.org","@graph":[{"@type":"Organization","@id":"https:\/\/nationalstore.be\/nl#organization","name":"NATIONA(A)L ARTIST MARKET","url":"https:\/\/nationalstore.be\/nl","sameAs":["https:\/\/www.instagram.com\/nationalstore\/","https:\/\/www.facebook.com\/nationalstore\/?ref=br_rs","https:\/\/twitter.com\/Nationalstore"],"logo":{"@type":"ImageObject","inLanguage":"nl","@id":"https:\/\/nationalstore.be\/nl#\/schema\/logo\/image\/","url":"https:\/\/nationalstore.be\/wp-content\/uploads\/2024\/03\/nationaal-logo_mauve-cmjn.png","contentUrl":"https:\/\/nationalstore.be\/wp-content\/uploads\/2024\/03\/nationaal-logo_mauve-cmjn.png","width":3475,"height":1352,"caption":"NATIONA(A)L ARTIST MARKET"},"image":{"@id":"https:\/\/nationalstore.be\/nl#\/schema\/logo\/image\/"}},{"@type":"WebSite","@id":"https:\/\/nationalstore.be\/nl#website","url":"https:\/\/nationalstore.be\/nl","name":"NATIONA(A)L ARTIST SUPERMARKET","description":"","publisher":{"@id":"https:\/\/nationalstore.be\/nl#organization"},"potentialAction":[{"@type":"SearchAction","target":{"@type":"EntryPoint","urlTemplate":"https:\/\/nationalstore.be\/nl?s={search_term_string}"},"query-input":"required name=search_term_string"}],"inLanguage":"nl"},{"@type":"ImageObject","inLanguage":"nl","@id":"https:\/\/nationalstore.be\/nl\/product\/alain-riviere-hubris#primaryimage","url":"https:\/\/nationalstore.be\/wp-content\/uploads\/2023\/02\/hubris-alain-riviere-01-scaled.jpeg","contentUrl":"https:\/\/nationalstore.be\/wp-content\/uploads\/2023\/02\/hubris-alain-riviere-01-scaled.jpeg","width":2560,"height":1637},{"@type":["WebPage","ItemPage"],"@id":"https:\/\/nationalstore.be\/nl\/product\/alain-riviere-hubris#webpage","url":"https:\/\/nationalstore.be\/nl\/product\/alain-riviere-hubris","name":"Alain Rivi\u00e8re, \u201cHubris\u201d | E-shop Belgische Artiesten","isPartOf":{"@id":"https:\/\/nationalstore.be\/nl#website"},"primaryImageOfPage":{"@id":"https:\/\/nationalstore.be\/nl\/product\/alain-riviere-hubris#primaryimage"},"datePublished":"2023-03-01T13:33:36+00:00","dateModified":"2023-03-01T17:32:44+00:00","description":"Een Alain Rivi\u00e8re, \u201cHubris\u201d kopen? Op onze Belgische Artiesten webshop vind je alleen 100% handgemaakte producten!","breadcrumb":{"@id":"https:\/\/nationalstore.be\/nl\/product\/alain-riviere-hubris#breadcrumb"},"inLanguage":"nl","potentialAction":[{"@type":"ReadAction","target":["https:\/\/nationalstore.be\/nl\/product\/alain-riviere-hubris"]}]},{"@type":"BreadcrumbList","@id":"https:\/\/nationalstore.be\/nl\/product\/alain-riviere-hubris#breadcrumb","itemListElement":[{"@type":"ListItem","position":1,"name":"Home","item":"https:\/\/nationalstore.be\/nl"},{"@type":"ListItem","position":2,"name":"Producten","item":"https:\/\/nationalstore.be\/nl\/shop"},{"@type":"ListItem","position":3,"name":"Beeldende Kunsten","item":"https:\/\/nationalstore.be\/nl\/pc\/beeldende-kunsten"},{"@type":"ListItem","position":4,"name":"Edities","item":"https:\/\/nationalstore.be\/nl\/pc\/beeldende-kunsten\/edities"},{"@type":"ListItem","position":5,"name":"Alain Rivi\u00e8re, \u201cHubris\u201d"}]}]}},"_links":{"self":[{"href":"https:\/\/nationalstore.be\/nl\/wp-json\/wp\/v2\/product\/47448"}],"collection":[{"href":"https:\/\/nationalstore.be\/nl\/wp-json\/wp\/v2\/product"}],"about":[{"href":"https:\/\/nationalstore.be\/nl\/wp-json\/wp\/v2\/types\/product"}],"wp:featuredmedia":[{"embeddable":true,"href":"https:\/\/nationalstore.be\/nl\/wp-json\/wp\/v2\/media\/47354"}],"wp:attachment":[{"href":"https:\/\/nationalstore.be\/nl\/wp-json\/wp\/v2\/media?parent=47448"}],"wp:term":[{"taxonomy":"product_cat","embeddable":true,"href":"https:\/\/nationalstore.be\/nl\/wp-json\/wp\/v2\/product_cat?post=47448"},{"taxonomy":"product_tag","embeddable":true,"href":"https:\/\/nationalstore.be\/nl\/wp-json\/wp\/v2\/product_tag?post=47448"}],"curies":[{"name":"wp","href":"https:\/\/api.w.org\/{rel}","templated":true}]}}