{"id":42483,"date":"2020-12-09T13:03:31","date_gmt":"2020-12-09T12:03:31","guid":{"rendered":"https:\/\/nationalstore.be\/product\/hello-monsters-untitled-odyssey"},"modified":"2020-12-09T13:03:31","modified_gmt":"2020-12-09T12:03:31","slug":"hello-monsters-untitled-odyssey","status":"publish","type":"product","link":"https:\/\/nationalstore.be\/nl\/product\/hello-monsters-untitled-odyssey","title":{"rendered":"Hell&#8217;O Monsters | Untitled Odyssey"},"content":{"rendered":"<p>Monografie gewijd aan het Brusselse duo Hell&#8217;O met een overzicht van hun artistieke producties, tentoonstellingen en kunstenaarsboeken en hun grootschalige interventies in de openbare ruimte (&#8220;murals&#8221;). Meer dan 225 beelden tonen het parcours van deze jonge kunstenaars waarvan het vreemde en vertrouwde universum en hun steeds herkenbare maar steeds vernieuwde stijl Europa en de Verenigde Staten hebben veroverd.<\/p>\n<p>Antoine Detaillle (1980) &amp; J\u00e9r\u00f4me Meynen (1982) zijn Hell&#8217;O. Sinds hun begin hebben zij een unieke stijl gecre\u00eberd. Na het exclusieve gebruik van zwart-wit, werd kleur geleidelijk aan essentieel in hun universum. De Hell&#8217;Os hebben een raadselachtig vocabularium bedacht dat ze tot in het oneindige aanpassen, altijd verrassend. Hun schilderijen worden bevolkt door denkbeeldige menselijke en dierlijke wezens die tot leven komen en aanzetten tot nadenken en verwondering. Hun wereld is soms allegorisch, soms esoterisch en altijd behandeld met finesse, strengheid en een afstand getint met humor. In Belgi\u00eb, Europa (Spanje, Itali\u00eb, Frankrijk, Polen, &#8230;) en de Verenigde Staten kunt u vele muurschilderingen van het duo ontdekken, in opdracht van openbare en particuliere instellingen.<\/p>\n<p>Boek in het Frans en Engels<\/p>\n<p>&nbsp;<\/p>\n","protected":false},"excerpt":{"rendered":"<p><strong>Hell&#8217;O Collectief<\/strong><\/p>\n","protected":false},"featured_media":23745,"template":"","meta":[],"product_cat":[1358,2789,524],"product_tag":[1367,3240,3191,834],"yoast_head":"<!-- This site is optimized with the Yoast SEO plugin v19.1 - https:\/\/yoast.com\/wordpress\/plugins\/seo\/ -->\n<title>Hell&#039;O Monsters | Untitled Odyssey | E-shop Belgische Artiesten<\/title>\n<meta name=\"description\" content=\"Een Hell&#039;O Monsters | Untitled Odyssey kopen? Op onze Belgische Artiesten webshop vind je alleen 100% handgemaakte producten!\" \/>\n<meta name=\"robots\" content=\"index, follow, max-snippet:-1, max-image-preview:large, max-video-preview:-1\" \/>\n<link rel=\"canonical\" href=\"https:\/\/nationalstore.be\/nl\/product\/hello-monsters-untitled-odyssey\" \/>\n<meta property=\"og:locale\" content=\"nl_NL\" \/>\n<meta property=\"og:type\" content=\"article\" \/>\n<meta property=\"og:title\" content=\"Hell&#039;O Monsters | Untitled Odyssey | E-shop Belgische Artiesten\" \/>\n<meta property=\"og:description\" content=\"Een Hell&#039;O Monsters | Untitled Odyssey kopen? Op onze Belgische Artiesten webshop vind je alleen 100% handgemaakte producten!\" \/>\n<meta property=\"og:url\" content=\"https:\/\/nationalstore.be\/nl\/product\/hello-monsters-untitled-odyssey\" \/>\n<meta property=\"og:site_name\" content=\"NATIONA(A)L ARTIST SUPERMARKET\" \/>\n<meta property=\"article:publisher\" content=\"https:\/\/www.facebook.com\/nationalstore\/?ref=br_rs\" \/>\n<meta property=\"og:image\" content=\"https:\/\/nationalstore.be\/wp-content\/uploads\/2021\/09\/odyse\u0301e.png\" \/>\n\t<meta property=\"og:image:width\" content=\"700\" \/>\n\t<meta property=\"og:image:height\" content=\"942\" \/>\n\t<meta property=\"og:image:type\" content=\"image\/png\" \/>\n<meta name=\"twitter:card\" content=\"summary_large_image\" \/>\n<meta name=\"twitter:site\" content=\"@Nationalstore\" \/>\n<meta name=\"twitter:label1\" content=\"Geschatte leestijd\" \/>\n\t<meta name=\"twitter:data1\" content=\"1 minuut\" \/>\n<script type=\"application\/ld+json\" class=\"yoast-schema-graph\">{\"@context\":\"https:\/\/schema.org\",\"@graph\":[{\"@type\":\"Organization\",\"@id\":\"https:\/\/nationalstore.be\/nl#organization\",\"name\":\"NATIONA(A)L ARTIST MARKET\",\"url\":\"https:\/\/nationalstore.be\/nl\",\"sameAs\":[\"https:\/\/www.instagram.com\/nationalstore\/\",\"https:\/\/www.facebook.com\/nationalstore\/?ref=br_rs\",\"https:\/\/twitter.com\/Nationalstore\"],\"logo\":{\"@type\":\"ImageObject\",\"inLanguage\":\"nl\",\"@id\":\"https:\/\/nationalstore.be\/nl#\/schema\/logo\/image\/\",\"url\":\"https:\/\/nationalstore.be\/wp-content\/uploads\/2024\/03\/nationaal-logo_mauve-cmjn.png\",\"contentUrl\":\"https:\/\/nationalstore.be\/wp-content\/uploads\/2024\/03\/nationaal-logo_mauve-cmjn.png\",\"width\":3475,\"height\":1352,\"caption\":\"NATIONA(A)L ARTIST MARKET\"},\"image\":{\"@id\":\"https:\/\/nationalstore.be\/nl#\/schema\/logo\/image\/\"}},{\"@type\":\"WebSite\",\"@id\":\"https:\/\/nationalstore.be\/nl#website\",\"url\":\"https:\/\/nationalstore.be\/nl\",\"name\":\"NATIONA(A)L ARTIST SUPERMARKET\",\"description\":\"\",\"publisher\":{\"@id\":\"https:\/\/nationalstore.be\/nl#organization\"},\"potentialAction\":[{\"@type\":\"SearchAction\",\"target\":{\"@type\":\"EntryPoint\",\"urlTemplate\":\"https:\/\/nationalstore.be\/nl?s={search_term_string}\"},\"query-input\":\"required name=search_term_string\"}],\"inLanguage\":\"nl\"},{\"@type\":\"ImageObject\",\"inLanguage\":\"nl\",\"@id\":\"https:\/\/nationalstore.be\/nl\/product\/hello-monsters-untitled-odyssey#primaryimage\",\"url\":\"https:\/\/nationalstore.be\/wp-content\/uploads\/2021\/09\/odyse\u0301e.png\",\"contentUrl\":\"https:\/\/nationalstore.be\/wp-content\/uploads\/2021\/09\/odyse\u0301e.png\",\"width\":700,\"height\":942},{\"@type\":[\"WebPage\",\"ItemPage\"],\"@id\":\"https:\/\/nationalstore.be\/nl\/product\/hello-monsters-untitled-odyssey#webpage\",\"url\":\"https:\/\/nationalstore.be\/nl\/product\/hello-monsters-untitled-odyssey\",\"name\":\"Hell'O Monsters | Untitled Odyssey | E-shop Belgische Artiesten\",\"isPartOf\":{\"@id\":\"https:\/\/nationalstore.be\/nl#website\"},\"primaryImageOfPage\":{\"@id\":\"https:\/\/nationalstore.be\/nl\/product\/hello-monsters-untitled-odyssey#primaryimage\"},\"datePublished\":\"2020-12-09T12:03:31+00:00\",\"dateModified\":\"2020-12-09T12:03:31+00:00\",\"description\":\"Een Hell'O Monsters | Untitled Odyssey kopen? Op onze Belgische Artiesten webshop vind je alleen 100% handgemaakte producten!\",\"breadcrumb\":{\"@id\":\"https:\/\/nationalstore.be\/nl\/product\/hello-monsters-untitled-odyssey#breadcrumb\"},\"inLanguage\":\"nl\",\"potentialAction\":[{\"@type\":\"ReadAction\",\"target\":[\"https:\/\/nationalstore.be\/nl\/product\/hello-monsters-untitled-odyssey\"]}]},{\"@type\":\"BreadcrumbList\",\"@id\":\"https:\/\/nationalstore.be\/nl\/product\/hello-monsters-untitled-odyssey#breadcrumb\",\"itemListElement\":[{\"@type\":\"ListItem\",\"position\":1,\"name\":\"Home\",\"item\":\"https:\/\/nationalstore.be\/nl\"},{\"@type\":\"ListItem\",\"position\":2,\"name\":\"Producten\",\"item\":\"https:\/\/nationalstore.be\/nl\/shop\"},{\"@type\":\"ListItem\",\"position\":3,\"name\":\"Subcategories\",\"item\":\"https:\/\/nationalstore.be\/nl\/pc\/subcategories-nl\"},{\"@type\":\"ListItem\",\"position\":4,\"name\":\"5 Belgische uitgeverijen met de wind in de zeilen\",\"item\":\"https:\/\/nationalstore.be\/nl\/pc\/subcategories-nl\/5-belgische-uitgeverijen-met-de-wind-in-de-zeilen\"},{\"@type\":\"ListItem\",\"position\":5,\"name\":\"Hell&#8217;O Monsters | Untitled Odyssey\"}]}]}<\/script>\n<!-- \/ Yoast SEO plugin. -->","yoast_head_json":{"title":"Hell'O Monsters | Untitled Odyssey | E-shop Belgische Artiesten","description":"Een Hell'O Monsters | Untitled Odyssey kopen? Op onze Belgische Artiesten webshop vind je alleen 100% handgemaakte producten!","robots":{"index":"index","follow":"follow","max-snippet":"max-snippet:-1","max-image-preview":"max-image-preview:large","max-video-preview":"max-video-preview:-1"},"canonical":"https:\/\/nationalstore.be\/nl\/product\/hello-monsters-untitled-odyssey","og_locale":"nl_NL","og_type":"article","og_title":"Hell'O Monsters | Untitled Odyssey | E-shop Belgische Artiesten","og_description":"Een Hell'O Monsters | Untitled Odyssey kopen? Op onze Belgische Artiesten webshop vind je alleen 100% handgemaakte producten!","og_url":"https:\/\/nationalstore.be\/nl\/product\/hello-monsters-untitled-odyssey","og_site_name":"NATIONA(A)L ARTIST SUPERMARKET","article_publisher":"https:\/\/www.facebook.com\/nationalstore\/?ref=br_rs","og_image":[{"width":700,"height":942,"url":"https:\/\/nationalstore.be\/wp-content\/uploads\/2021\/09\/odyse\u0301e.png","type":"image\/png"}],"twitter_card":"summary_large_image","twitter_site":"@Nationalstore","twitter_misc":{"Geschatte leestijd":"1 minuut"},"schema":{"@context":"https:\/\/schema.org","@graph":[{"@type":"Organization","@id":"https:\/\/nationalstore.be\/nl#organization","name":"NATIONA(A)L ARTIST MARKET","url":"https:\/\/nationalstore.be\/nl","sameAs":["https:\/\/www.instagram.com\/nationalstore\/","https:\/\/www.facebook.com\/nationalstore\/?ref=br_rs","https:\/\/twitter.com\/Nationalstore"],"logo":{"@type":"ImageObject","inLanguage":"nl","@id":"https:\/\/nationalstore.be\/nl#\/schema\/logo\/image\/","url":"https:\/\/nationalstore.be\/wp-content\/uploads\/2024\/03\/nationaal-logo_mauve-cmjn.png","contentUrl":"https:\/\/nationalstore.be\/wp-content\/uploads\/2024\/03\/nationaal-logo_mauve-cmjn.png","width":3475,"height":1352,"caption":"NATIONA(A)L ARTIST MARKET"},"image":{"@id":"https:\/\/nationalstore.be\/nl#\/schema\/logo\/image\/"}},{"@type":"WebSite","@id":"https:\/\/nationalstore.be\/nl#website","url":"https:\/\/nationalstore.be\/nl","name":"NATIONA(A)L ARTIST SUPERMARKET","description":"","publisher":{"@id":"https:\/\/nationalstore.be\/nl#organization"},"potentialAction":[{"@type":"SearchAction","target":{"@type":"EntryPoint","urlTemplate":"https:\/\/nationalstore.be\/nl?s={search_term_string}"},"query-input":"required name=search_term_string"}],"inLanguage":"nl"},{"@type":"ImageObject","inLanguage":"nl","@id":"https:\/\/nationalstore.be\/nl\/product\/hello-monsters-untitled-odyssey#primaryimage","url":"https:\/\/nationalstore.be\/wp-content\/uploads\/2021\/09\/odyse\u0301e.png","contentUrl":"https:\/\/nationalstore.be\/wp-content\/uploads\/2021\/09\/odyse\u0301e.png","width":700,"height":942},{"@type":["WebPage","ItemPage"],"@id":"https:\/\/nationalstore.be\/nl\/product\/hello-monsters-untitled-odyssey#webpage","url":"https:\/\/nationalstore.be\/nl\/product\/hello-monsters-untitled-odyssey","name":"Hell'O Monsters | Untitled Odyssey | E-shop Belgische Artiesten","isPartOf":{"@id":"https:\/\/nationalstore.be\/nl#website"},"primaryImageOfPage":{"@id":"https:\/\/nationalstore.be\/nl\/product\/hello-monsters-untitled-odyssey#primaryimage"},"datePublished":"2020-12-09T12:03:31+00:00","dateModified":"2020-12-09T12:03:31+00:00","description":"Een Hell'O Monsters | Untitled Odyssey kopen? Op onze Belgische Artiesten webshop vind je alleen 100% handgemaakte producten!","breadcrumb":{"@id":"https:\/\/nationalstore.be\/nl\/product\/hello-monsters-untitled-odyssey#breadcrumb"},"inLanguage":"nl","potentialAction":[{"@type":"ReadAction","target":["https:\/\/nationalstore.be\/nl\/product\/hello-monsters-untitled-odyssey"]}]},{"@type":"BreadcrumbList","@id":"https:\/\/nationalstore.be\/nl\/product\/hello-monsters-untitled-odyssey#breadcrumb","itemListElement":[{"@type":"ListItem","position":1,"name":"Home","item":"https:\/\/nationalstore.be\/nl"},{"@type":"ListItem","position":2,"name":"Producten","item":"https:\/\/nationalstore.be\/nl\/shop"},{"@type":"ListItem","position":3,"name":"Subcategories","item":"https:\/\/nationalstore.be\/nl\/pc\/subcategories-nl"},{"@type":"ListItem","position":4,"name":"5 Belgische uitgeverijen met de wind in de zeilen","item":"https:\/\/nationalstore.be\/nl\/pc\/subcategories-nl\/5-belgische-uitgeverijen-met-de-wind-in-de-zeilen"},{"@type":"ListItem","position":5,"name":"Hell&#8217;O Monsters | Untitled Odyssey"}]}]}},"_links":{"self":[{"href":"https:\/\/nationalstore.be\/nl\/wp-json\/wp\/v2\/product\/42483"}],"collection":[{"href":"https:\/\/nationalstore.be\/nl\/wp-json\/wp\/v2\/product"}],"about":[{"href":"https:\/\/nationalstore.be\/nl\/wp-json\/wp\/v2\/types\/product"}],"wp:featuredmedia":[{"embeddable":true,"href":"https:\/\/nationalstore.be\/nl\/wp-json\/wp\/v2\/media\/23745"}],"wp:attachment":[{"href":"https:\/\/nationalstore.be\/nl\/wp-json\/wp\/v2\/media?parent=42483"}],"wp:term":[{"taxonomy":"product_cat","embeddable":true,"href":"https:\/\/nationalstore.be\/nl\/wp-json\/wp\/v2\/product_cat?post=42483"},{"taxonomy":"product_tag","embeddable":true,"href":"https:\/\/nationalstore.be\/nl\/wp-json\/wp\/v2\/product_tag?post=42483"}],"curies":[{"name":"wp","href":"https:\/\/api.w.org\/{rel}","templated":true}]}}