{"id":42478,"date":"2020-12-09T14:32:31","date_gmt":"2020-12-09T13:32:31","guid":{"rendered":"https:\/\/nationalstore.be\/product\/some-things-gudny-rosa-ingimarsdottir"},"modified":"2023-03-22T12:40:42","modified_gmt":"2023-03-22T11:40:42","slug":"some-things-gudny-rosa-ingimarsdottir","status":"publish","type":"product","link":"https:\/\/nationalstore.be\/nl\/product\/some-things-gudny-rosa-ingimarsdottir","title":{"rendered":"some things&#8230; | Gudny Rosa Ingimarsdottir"},"content":{"rendered":"<p>some &#8230; things is een boek dat CFC en ISELP samen uitgeven, gewijd aan het werk van de IJslandse kunstenaar Gudny Rosa Ingimardottir, ter gelegenheid van de aan hem gewijde overzichtstentoonstelling in ISELP.<\/p>\n<p>Stilte, terughoudendheid en zuinigheid van middelen vormen het universum van Gu\u00f0n\u00fd R\u00f3sa Ingimarsd\u00f3ttir. Haar atelier is zowel een rariteitenkabinet als een experimenteel laboratorium waar de kunstenares vorm geeft aan de materialen die haar ter beschikking staan. Stukjes papier, knipsels van kostbaar bewaarde eerdere werken, woordjes, sporen, herinneringen&#8230; Zoveel verspreide fragmenten die metamorfoseren en samenkomen door een subtiele alchemie, om een uniek universum te vormen waar niets ooit bevroren is.<\/p>\n<p>Gudny Rosa is geboren in 1969 in Reykjavik (IJsland). Ze studeerde begin jaren negentig aan het IJslandse College voor Kunst en Ambacht in Reyjavik. Daarna vervolgde ze haar opleiding aan La Cambre (Brussel) om deze af te ronden aan HISK-Hoger (Gent). Ze woont en werkt in Brussel terwijl ze zeer actief is op de IJslandse sc\u00e8ne.<\/p>\n<p>Met de bijdrage van Catherine Henkinet &amp; Filip Luyckx<\/p>\n<p>&nbsp;<\/p>\n","protected":false},"excerpt":{"rendered":"<p><strong>Auteurs<\/strong> : Catherine Henkinet &amp; Filip Luyckx<\/p>\n","protected":false},"featured_media":5445,"template":"","meta":[],"product_cat":[1358,2789,524,2290,3379],"product_tag":[3240,3191,834],"yoast_head":"<!-- This site is optimized with the Yoast SEO plugin v19.1 - https:\/\/yoast.com\/wordpress\/plugins\/seo\/ -->\n<title>some things... | Gudny Rosa Ingimarsdottir | E-shop Belgische Artiesten<\/title>\n<meta name=\"description\" content=\"Een some things... | Gudny Rosa Ingimarsdottir kopen? Op onze Belgische Artiesten webshop vind je alleen 100% handgemaakte producten!\" \/>\n<meta name=\"robots\" content=\"index, follow, max-snippet:-1, max-image-preview:large, max-video-preview:-1\" \/>\n<link rel=\"canonical\" href=\"https:\/\/nationalstore.be\/nl\/product\/some-things-gudny-rosa-ingimarsdottir\" \/>\n<meta property=\"og:locale\" content=\"nl_NL\" \/>\n<meta property=\"og:type\" content=\"article\" \/>\n<meta property=\"og:title\" content=\"some things... | Gudny Rosa Ingimarsdottir | E-shop Belgische Artiesten\" \/>\n<meta property=\"og:description\" content=\"Een some things... | Gudny Rosa Ingimarsdottir kopen? Op onze Belgische Artiesten webshop vind je alleen 100% handgemaakte producten!\" \/>\n<meta property=\"og:url\" content=\"https:\/\/nationalstore.be\/nl\/product\/some-things-gudny-rosa-ingimarsdottir\" \/>\n<meta property=\"og:site_name\" content=\"NATIONA(A)L ARTIST SUPERMARKET\" \/>\n<meta property=\"article:publisher\" content=\"https:\/\/www.facebook.com\/nationalstore\/?ref=br_rs\" \/>\n<meta property=\"article:modified_time\" content=\"2023-03-22T11:40:42+00:00\" \/>\n<meta property=\"og:image\" content=\"https:\/\/nationalstore.be\/wp-content\/uploads\/2020\/12\/gudny.jpeg\" \/>\n\t<meta property=\"og:image:width\" content=\"960\" \/>\n\t<meta property=\"og:image:height\" content=\"640\" \/>\n\t<meta property=\"og:image:type\" content=\"image\/jpeg\" \/>\n<meta name=\"twitter:card\" content=\"summary_large_image\" \/>\n<meta name=\"twitter:site\" content=\"@Nationalstore\" \/>\n<meta name=\"twitter:label1\" content=\"Geschatte leestijd\" \/>\n\t<meta name=\"twitter:data1\" content=\"1 minuut\" \/>\n<script type=\"application\/ld+json\" class=\"yoast-schema-graph\">{\"@context\":\"https:\/\/schema.org\",\"@graph\":[{\"@type\":\"Organization\",\"@id\":\"https:\/\/nationalstore.be\/nl#organization\",\"name\":\"NATIONA(A)L ARTIST MARKET\",\"url\":\"https:\/\/nationalstore.be\/nl\",\"sameAs\":[\"https:\/\/www.instagram.com\/nationalstore\/\",\"https:\/\/www.facebook.com\/nationalstore\/?ref=br_rs\",\"https:\/\/twitter.com\/Nationalstore\"],\"logo\":{\"@type\":\"ImageObject\",\"inLanguage\":\"nl\",\"@id\":\"https:\/\/nationalstore.be\/nl#\/schema\/logo\/image\/\",\"url\":\"https:\/\/nationalstore.be\/wp-content\/uploads\/2024\/03\/nationaal-logo_mauve-cmjn.png\",\"contentUrl\":\"https:\/\/nationalstore.be\/wp-content\/uploads\/2024\/03\/nationaal-logo_mauve-cmjn.png\",\"width\":3475,\"height\":1352,\"caption\":\"NATIONA(A)L ARTIST MARKET\"},\"image\":{\"@id\":\"https:\/\/nationalstore.be\/nl#\/schema\/logo\/image\/\"}},{\"@type\":\"WebSite\",\"@id\":\"https:\/\/nationalstore.be\/nl#website\",\"url\":\"https:\/\/nationalstore.be\/nl\",\"name\":\"NATIONA(A)L ARTIST SUPERMARKET\",\"description\":\"\",\"publisher\":{\"@id\":\"https:\/\/nationalstore.be\/nl#organization\"},\"potentialAction\":[{\"@type\":\"SearchAction\",\"target\":{\"@type\":\"EntryPoint\",\"urlTemplate\":\"https:\/\/nationalstore.be\/nl?s={search_term_string}\"},\"query-input\":\"required name=search_term_string\"}],\"inLanguage\":\"nl\"},{\"@type\":\"ImageObject\",\"inLanguage\":\"nl\",\"@id\":\"https:\/\/nationalstore.be\/nl\/product\/some-things-gudny-rosa-ingimarsdottir#primaryimage\",\"url\":\"https:\/\/nationalstore.be\/wp-content\/uploads\/2020\/12\/gudny.jpeg\",\"contentUrl\":\"https:\/\/nationalstore.be\/wp-content\/uploads\/2020\/12\/gudny.jpeg\",\"width\":960,\"height\":640},{\"@type\":[\"WebPage\",\"ItemPage\"],\"@id\":\"https:\/\/nationalstore.be\/nl\/product\/some-things-gudny-rosa-ingimarsdottir#webpage\",\"url\":\"https:\/\/nationalstore.be\/nl\/product\/some-things-gudny-rosa-ingimarsdottir\",\"name\":\"some things... | Gudny Rosa Ingimarsdottir | E-shop Belgische Artiesten\",\"isPartOf\":{\"@id\":\"https:\/\/nationalstore.be\/nl#website\"},\"primaryImageOfPage\":{\"@id\":\"https:\/\/nationalstore.be\/nl\/product\/some-things-gudny-rosa-ingimarsdottir#primaryimage\"},\"datePublished\":\"2020-12-09T13:32:31+00:00\",\"dateModified\":\"2023-03-22T11:40:42+00:00\",\"description\":\"Een some things... | Gudny Rosa Ingimarsdottir kopen? Op onze Belgische Artiesten webshop vind je alleen 100% handgemaakte producten!\",\"breadcrumb\":{\"@id\":\"https:\/\/nationalstore.be\/nl\/product\/some-things-gudny-rosa-ingimarsdottir#breadcrumb\"},\"inLanguage\":\"nl\",\"potentialAction\":[{\"@type\":\"ReadAction\",\"target\":[\"https:\/\/nationalstore.be\/nl\/product\/some-things-gudny-rosa-ingimarsdottir\"]}]},{\"@type\":\"BreadcrumbList\",\"@id\":\"https:\/\/nationalstore.be\/nl\/product\/some-things-gudny-rosa-ingimarsdottir#breadcrumb\",\"itemListElement\":[{\"@type\":\"ListItem\",\"position\":1,\"name\":\"Home\",\"item\":\"https:\/\/nationalstore.be\/nl\"},{\"@type\":\"ListItem\",\"position\":2,\"name\":\"Producten\",\"item\":\"https:\/\/nationalstore.be\/nl\/shop\"},{\"@type\":\"ListItem\",\"position\":3,\"name\":\"Subcategories\",\"item\":\"https:\/\/nationalstore.be\/nl\/pc\/subcategories-nl\"},{\"@type\":\"ListItem\",\"position\":4,\"name\":\"5 Belgische uitgeverijen met de wind in de zeilen\",\"item\":\"https:\/\/nationalstore.be\/nl\/pc\/subcategories-nl\/5-belgische-uitgeverijen-met-de-wind-in-de-zeilen\"},{\"@type\":\"ListItem\",\"position\":5,\"name\":\"some things&#8230; | Gudny Rosa Ingimarsdottir\"}]}]}<\/script>\n<!-- \/ Yoast SEO plugin. -->","yoast_head_json":{"title":"some things... | Gudny Rosa Ingimarsdottir | E-shop Belgische Artiesten","description":"Een some things... | Gudny Rosa Ingimarsdottir kopen? Op onze Belgische Artiesten webshop vind je alleen 100% handgemaakte producten!","robots":{"index":"index","follow":"follow","max-snippet":"max-snippet:-1","max-image-preview":"max-image-preview:large","max-video-preview":"max-video-preview:-1"},"canonical":"https:\/\/nationalstore.be\/nl\/product\/some-things-gudny-rosa-ingimarsdottir","og_locale":"nl_NL","og_type":"article","og_title":"some things... | Gudny Rosa Ingimarsdottir | E-shop Belgische Artiesten","og_description":"Een some things... | Gudny Rosa Ingimarsdottir kopen? Op onze Belgische Artiesten webshop vind je alleen 100% handgemaakte producten!","og_url":"https:\/\/nationalstore.be\/nl\/product\/some-things-gudny-rosa-ingimarsdottir","og_site_name":"NATIONA(A)L ARTIST SUPERMARKET","article_publisher":"https:\/\/www.facebook.com\/nationalstore\/?ref=br_rs","article_modified_time":"2023-03-22T11:40:42+00:00","og_image":[{"width":960,"height":640,"url":"https:\/\/nationalstore.be\/wp-content\/uploads\/2020\/12\/gudny.jpeg","type":"image\/jpeg"}],"twitter_card":"summary_large_image","twitter_site":"@Nationalstore","twitter_misc":{"Geschatte leestijd":"1 minuut"},"schema":{"@context":"https:\/\/schema.org","@graph":[{"@type":"Organization","@id":"https:\/\/nationalstore.be\/nl#organization","name":"NATIONA(A)L ARTIST MARKET","url":"https:\/\/nationalstore.be\/nl","sameAs":["https:\/\/www.instagram.com\/nationalstore\/","https:\/\/www.facebook.com\/nationalstore\/?ref=br_rs","https:\/\/twitter.com\/Nationalstore"],"logo":{"@type":"ImageObject","inLanguage":"nl","@id":"https:\/\/nationalstore.be\/nl#\/schema\/logo\/image\/","url":"https:\/\/nationalstore.be\/wp-content\/uploads\/2024\/03\/nationaal-logo_mauve-cmjn.png","contentUrl":"https:\/\/nationalstore.be\/wp-content\/uploads\/2024\/03\/nationaal-logo_mauve-cmjn.png","width":3475,"height":1352,"caption":"NATIONA(A)L ARTIST MARKET"},"image":{"@id":"https:\/\/nationalstore.be\/nl#\/schema\/logo\/image\/"}},{"@type":"WebSite","@id":"https:\/\/nationalstore.be\/nl#website","url":"https:\/\/nationalstore.be\/nl","name":"NATIONA(A)L ARTIST SUPERMARKET","description":"","publisher":{"@id":"https:\/\/nationalstore.be\/nl#organization"},"potentialAction":[{"@type":"SearchAction","target":{"@type":"EntryPoint","urlTemplate":"https:\/\/nationalstore.be\/nl?s={search_term_string}"},"query-input":"required name=search_term_string"}],"inLanguage":"nl"},{"@type":"ImageObject","inLanguage":"nl","@id":"https:\/\/nationalstore.be\/nl\/product\/some-things-gudny-rosa-ingimarsdottir#primaryimage","url":"https:\/\/nationalstore.be\/wp-content\/uploads\/2020\/12\/gudny.jpeg","contentUrl":"https:\/\/nationalstore.be\/wp-content\/uploads\/2020\/12\/gudny.jpeg","width":960,"height":640},{"@type":["WebPage","ItemPage"],"@id":"https:\/\/nationalstore.be\/nl\/product\/some-things-gudny-rosa-ingimarsdottir#webpage","url":"https:\/\/nationalstore.be\/nl\/product\/some-things-gudny-rosa-ingimarsdottir","name":"some things... | Gudny Rosa Ingimarsdottir | E-shop Belgische Artiesten","isPartOf":{"@id":"https:\/\/nationalstore.be\/nl#website"},"primaryImageOfPage":{"@id":"https:\/\/nationalstore.be\/nl\/product\/some-things-gudny-rosa-ingimarsdottir#primaryimage"},"datePublished":"2020-12-09T13:32:31+00:00","dateModified":"2023-03-22T11:40:42+00:00","description":"Een some things... | Gudny Rosa Ingimarsdottir kopen? Op onze Belgische Artiesten webshop vind je alleen 100% handgemaakte producten!","breadcrumb":{"@id":"https:\/\/nationalstore.be\/nl\/product\/some-things-gudny-rosa-ingimarsdottir#breadcrumb"},"inLanguage":"nl","potentialAction":[{"@type":"ReadAction","target":["https:\/\/nationalstore.be\/nl\/product\/some-things-gudny-rosa-ingimarsdottir"]}]},{"@type":"BreadcrumbList","@id":"https:\/\/nationalstore.be\/nl\/product\/some-things-gudny-rosa-ingimarsdottir#breadcrumb","itemListElement":[{"@type":"ListItem","position":1,"name":"Home","item":"https:\/\/nationalstore.be\/nl"},{"@type":"ListItem","position":2,"name":"Producten","item":"https:\/\/nationalstore.be\/nl\/shop"},{"@type":"ListItem","position":3,"name":"Subcategories","item":"https:\/\/nationalstore.be\/nl\/pc\/subcategories-nl"},{"@type":"ListItem","position":4,"name":"5 Belgische uitgeverijen met de wind in de zeilen","item":"https:\/\/nationalstore.be\/nl\/pc\/subcategories-nl\/5-belgische-uitgeverijen-met-de-wind-in-de-zeilen"},{"@type":"ListItem","position":5,"name":"some things&#8230; | Gudny Rosa Ingimarsdottir"}]}]}},"_links":{"self":[{"href":"https:\/\/nationalstore.be\/nl\/wp-json\/wp\/v2\/product\/42478"}],"collection":[{"href":"https:\/\/nationalstore.be\/nl\/wp-json\/wp\/v2\/product"}],"about":[{"href":"https:\/\/nationalstore.be\/nl\/wp-json\/wp\/v2\/types\/product"}],"wp:featuredmedia":[{"embeddable":true,"href":"https:\/\/nationalstore.be\/nl\/wp-json\/wp\/v2\/media\/5445"}],"wp:attachment":[{"href":"https:\/\/nationalstore.be\/nl\/wp-json\/wp\/v2\/media?parent=42478"}],"wp:term":[{"taxonomy":"product_cat","embeddable":true,"href":"https:\/\/nationalstore.be\/nl\/wp-json\/wp\/v2\/product_cat?post=42478"},{"taxonomy":"product_tag","embeddable":true,"href":"https:\/\/nationalstore.be\/nl\/wp-json\/wp\/v2\/product_tag?post=42478"}],"curies":[{"name":"wp","href":"https:\/\/api.w.org\/{rel}","templated":true}]}}