{"id":42464,"date":"2020-12-09T12:15:41","date_gmt":"2020-12-09T11:15:41","guid":{"rendered":"https:\/\/nationalstore.be\/product\/cinema-abc-la-necropole-du-porno"},"modified":"2020-12-09T12:15:41","modified_gmt":"2020-12-09T11:15:41","slug":"cinema-abc-la-necropole-du-porno","status":"publish","type":"product","link":"https:\/\/nationalstore.be\/nl\/product\/cinema-abc-la-necropole-du-porno","title":{"rendered":"Cin\u00e9ma ABC | La n\u00e9cropole du porno"},"content":{"rendered":"<p>De ABC Cinema, die in 1972 in Brussel werd geopend in het hart van de gouden eeuw van de pornografie, een periode die ook wel &#8220;de betoverende parenthese&#8221; wordt genoemd, verdween in 2013. Deze bioscoop, gelegen in het hart van de hoofdstad, was een van de laatste pornografische bioscopen ter wereld die films op 35 mm-zilverfilm vertoonde. Via de geschiedenis van deze film schetst het boek een portret van een verboden ondergrondse wereld, een onderwerp waarover maar weinig werken in het Frans zijn verschenen.<\/p>\n<p>In de loop van zijn eenenveertigjarig bestaan is het ABC een soort clandestien museum geworden, gevuld met rollen celluloid, stapels posters en foto&#8217;s, overvol met gestapelde dozen: een doolhof van ruimtes die worden achtervolgd door onvertelde verhalen. Naast een verlichte historische invalshoek zijn talrijke getuigenissen verzameld van toeschouwers die er kwamen of werkten (strippers, projectiemedewerkers&#8230;). De teksten zijn rijkelijk ge\u00efllustreerd met documenten die vaak zeldzaam of zelfs onuitgegeven zijn: foto&#8217;s van de operatie, persberichten en reclameposters&#8230;<\/p>\n<p>Voorwoord door Laurent de Sutter<\/p>\n<p>Een boek van Jimmy Pantera<\/p>\n<p>&nbsp;<\/p>\n","protected":false},"excerpt":{"rendered":"<p><strong>Auteur<\/strong>: Jimmy Pantera<\/p>\n","protected":false},"featured_media":4985,"template":"","meta":[],"product_cat":[1358,2789,524],"product_tag":[1369,834],"yoast_head":"<!-- This site is optimized with the Yoast SEO plugin v19.1 - https:\/\/yoast.com\/wordpress\/plugins\/seo\/ -->\n<title>Cin\u00e9ma ABC | La n\u00e9cropole du porno | E-shop Belgische Artiesten<\/title>\n<meta name=\"description\" content=\"Een Cin\u00e9ma ABC | La n\u00e9cropole du porno kopen? Op onze Belgische Artiesten webshop vind je alleen 100% handgemaakte producten!\" \/>\n<meta name=\"robots\" content=\"index, follow, max-snippet:-1, max-image-preview:large, max-video-preview:-1\" \/>\n<link rel=\"canonical\" href=\"https:\/\/nationalstore.be\/nl\/product\/cinema-abc-la-necropole-du-porno\" \/>\n<meta property=\"og:locale\" content=\"nl_NL\" \/>\n<meta property=\"og:type\" content=\"article\" \/>\n<meta property=\"og:title\" content=\"Cin\u00e9ma ABC | La n\u00e9cropole du porno | E-shop Belgische Artiesten\" \/>\n<meta property=\"og:description\" content=\"Een Cin\u00e9ma ABC | La n\u00e9cropole du porno kopen? Op onze Belgische Artiesten webshop vind je alleen 100% handgemaakte producten!\" \/>\n<meta property=\"og:url\" content=\"https:\/\/nationalstore.be\/nl\/product\/cinema-abc-la-necropole-du-porno\" \/>\n<meta property=\"og:site_name\" content=\"NATIONA(A)L ARTIST SUPERMARKET\" \/>\n<meta property=\"article:publisher\" content=\"https:\/\/www.facebook.com\/nationalstore\/?ref=br_rs\" \/>\n<meta property=\"og:image\" content=\"https:\/\/nationalstore.be\/wp-content\/uploads\/2020\/12\/faux-livre-couv-ABC_4_3.jpeg\" \/>\n\t<meta property=\"og:image:width\" content=\"768\" \/>\n\t<meta property=\"og:image:height\" content=\"512\" \/>\n\t<meta property=\"og:image:type\" content=\"image\/jpeg\" \/>\n<meta name=\"twitter:card\" content=\"summary_large_image\" \/>\n<meta name=\"twitter:site\" content=\"@Nationalstore\" \/>\n<meta name=\"twitter:label1\" content=\"Geschatte leestijd\" \/>\n\t<meta name=\"twitter:data1\" content=\"1 minuut\" \/>\n<script type=\"application\/ld+json\" class=\"yoast-schema-graph\">{\"@context\":\"https:\/\/schema.org\",\"@graph\":[{\"@type\":\"Organization\",\"@id\":\"https:\/\/nationalstore.be\/nl#organization\",\"name\":\"NATIONA(A)L ARTIST MARKET\",\"url\":\"https:\/\/nationalstore.be\/nl\",\"sameAs\":[\"https:\/\/www.instagram.com\/nationalstore\/\",\"https:\/\/www.facebook.com\/nationalstore\/?ref=br_rs\",\"https:\/\/twitter.com\/Nationalstore\"],\"logo\":{\"@type\":\"ImageObject\",\"inLanguage\":\"nl\",\"@id\":\"https:\/\/nationalstore.be\/nl#\/schema\/logo\/image\/\",\"url\":\"https:\/\/nationalstore.be\/wp-content\/uploads\/2024\/03\/nationaal-logo_mauve-cmjn.png\",\"contentUrl\":\"https:\/\/nationalstore.be\/wp-content\/uploads\/2024\/03\/nationaal-logo_mauve-cmjn.png\",\"width\":3475,\"height\":1352,\"caption\":\"NATIONA(A)L ARTIST MARKET\"},\"image\":{\"@id\":\"https:\/\/nationalstore.be\/nl#\/schema\/logo\/image\/\"}},{\"@type\":\"WebSite\",\"@id\":\"https:\/\/nationalstore.be\/nl#website\",\"url\":\"https:\/\/nationalstore.be\/nl\",\"name\":\"NATIONA(A)L ARTIST SUPERMARKET\",\"description\":\"\",\"publisher\":{\"@id\":\"https:\/\/nationalstore.be\/nl#organization\"},\"potentialAction\":[{\"@type\":\"SearchAction\",\"target\":{\"@type\":\"EntryPoint\",\"urlTemplate\":\"https:\/\/nationalstore.be\/nl?s={search_term_string}\"},\"query-input\":\"required name=search_term_string\"}],\"inLanguage\":\"nl\"},{\"@type\":\"ImageObject\",\"inLanguage\":\"nl\",\"@id\":\"https:\/\/nationalstore.be\/nl\/product\/cinema-abc-la-necropole-du-porno#primaryimage\",\"url\":\"https:\/\/nationalstore.be\/wp-content\/uploads\/2020\/12\/faux-livre-couv-ABC_4_3.jpeg\",\"contentUrl\":\"https:\/\/nationalstore.be\/wp-content\/uploads\/2020\/12\/faux-livre-couv-ABC_4_3.jpeg\",\"width\":768,\"height\":512},{\"@type\":[\"WebPage\",\"ItemPage\"],\"@id\":\"https:\/\/nationalstore.be\/nl\/product\/cinema-abc-la-necropole-du-porno#webpage\",\"url\":\"https:\/\/nationalstore.be\/nl\/product\/cinema-abc-la-necropole-du-porno\",\"name\":\"Cin\u00e9ma ABC | La n\u00e9cropole du porno | E-shop Belgische Artiesten\",\"isPartOf\":{\"@id\":\"https:\/\/nationalstore.be\/nl#website\"},\"primaryImageOfPage\":{\"@id\":\"https:\/\/nationalstore.be\/nl\/product\/cinema-abc-la-necropole-du-porno#primaryimage\"},\"datePublished\":\"2020-12-09T11:15:41+00:00\",\"dateModified\":\"2020-12-09T11:15:41+00:00\",\"description\":\"Een Cin\u00e9ma ABC | La n\u00e9cropole du porno kopen? Op onze Belgische Artiesten webshop vind je alleen 100% handgemaakte producten!\",\"breadcrumb\":{\"@id\":\"https:\/\/nationalstore.be\/nl\/product\/cinema-abc-la-necropole-du-porno#breadcrumb\"},\"inLanguage\":\"nl\",\"potentialAction\":[{\"@type\":\"ReadAction\",\"target\":[\"https:\/\/nationalstore.be\/nl\/product\/cinema-abc-la-necropole-du-porno\"]}]},{\"@type\":\"BreadcrumbList\",\"@id\":\"https:\/\/nationalstore.be\/nl\/product\/cinema-abc-la-necropole-du-porno#breadcrumb\",\"itemListElement\":[{\"@type\":\"ListItem\",\"position\":1,\"name\":\"Home\",\"item\":\"https:\/\/nationalstore.be\/nl\"},{\"@type\":\"ListItem\",\"position\":2,\"name\":\"Producten\",\"item\":\"https:\/\/nationalstore.be\/nl\/shop\"},{\"@type\":\"ListItem\",\"position\":3,\"name\":\"Subcategories\",\"item\":\"https:\/\/nationalstore.be\/nl\/pc\/subcategories-nl\"},{\"@type\":\"ListItem\",\"position\":4,\"name\":\"5 Belgische uitgeverijen met de wind in de zeilen\",\"item\":\"https:\/\/nationalstore.be\/nl\/pc\/subcategories-nl\/5-belgische-uitgeverijen-met-de-wind-in-de-zeilen\"},{\"@type\":\"ListItem\",\"position\":5,\"name\":\"Cin\u00e9ma ABC | La n\u00e9cropole du porno\"}]}]}<\/script>\n<!-- \/ Yoast SEO plugin. -->","yoast_head_json":{"title":"Cin\u00e9ma ABC | La n\u00e9cropole du porno | E-shop Belgische Artiesten","description":"Een Cin\u00e9ma ABC | La n\u00e9cropole du porno kopen? Op onze Belgische Artiesten webshop vind je alleen 100% handgemaakte producten!","robots":{"index":"index","follow":"follow","max-snippet":"max-snippet:-1","max-image-preview":"max-image-preview:large","max-video-preview":"max-video-preview:-1"},"canonical":"https:\/\/nationalstore.be\/nl\/product\/cinema-abc-la-necropole-du-porno","og_locale":"nl_NL","og_type":"article","og_title":"Cin\u00e9ma ABC | La n\u00e9cropole du porno | E-shop Belgische Artiesten","og_description":"Een Cin\u00e9ma ABC | La n\u00e9cropole du porno kopen? Op onze Belgische Artiesten webshop vind je alleen 100% handgemaakte producten!","og_url":"https:\/\/nationalstore.be\/nl\/product\/cinema-abc-la-necropole-du-porno","og_site_name":"NATIONA(A)L ARTIST SUPERMARKET","article_publisher":"https:\/\/www.facebook.com\/nationalstore\/?ref=br_rs","og_image":[{"width":768,"height":512,"url":"https:\/\/nationalstore.be\/wp-content\/uploads\/2020\/12\/faux-livre-couv-ABC_4_3.jpeg","type":"image\/jpeg"}],"twitter_card":"summary_large_image","twitter_site":"@Nationalstore","twitter_misc":{"Geschatte leestijd":"1 minuut"},"schema":{"@context":"https:\/\/schema.org","@graph":[{"@type":"Organization","@id":"https:\/\/nationalstore.be\/nl#organization","name":"NATIONA(A)L ARTIST MARKET","url":"https:\/\/nationalstore.be\/nl","sameAs":["https:\/\/www.instagram.com\/nationalstore\/","https:\/\/www.facebook.com\/nationalstore\/?ref=br_rs","https:\/\/twitter.com\/Nationalstore"],"logo":{"@type":"ImageObject","inLanguage":"nl","@id":"https:\/\/nationalstore.be\/nl#\/schema\/logo\/image\/","url":"https:\/\/nationalstore.be\/wp-content\/uploads\/2024\/03\/nationaal-logo_mauve-cmjn.png","contentUrl":"https:\/\/nationalstore.be\/wp-content\/uploads\/2024\/03\/nationaal-logo_mauve-cmjn.png","width":3475,"height":1352,"caption":"NATIONA(A)L ARTIST MARKET"},"image":{"@id":"https:\/\/nationalstore.be\/nl#\/schema\/logo\/image\/"}},{"@type":"WebSite","@id":"https:\/\/nationalstore.be\/nl#website","url":"https:\/\/nationalstore.be\/nl","name":"NATIONA(A)L ARTIST SUPERMARKET","description":"","publisher":{"@id":"https:\/\/nationalstore.be\/nl#organization"},"potentialAction":[{"@type":"SearchAction","target":{"@type":"EntryPoint","urlTemplate":"https:\/\/nationalstore.be\/nl?s={search_term_string}"},"query-input":"required name=search_term_string"}],"inLanguage":"nl"},{"@type":"ImageObject","inLanguage":"nl","@id":"https:\/\/nationalstore.be\/nl\/product\/cinema-abc-la-necropole-du-porno#primaryimage","url":"https:\/\/nationalstore.be\/wp-content\/uploads\/2020\/12\/faux-livre-couv-ABC_4_3.jpeg","contentUrl":"https:\/\/nationalstore.be\/wp-content\/uploads\/2020\/12\/faux-livre-couv-ABC_4_3.jpeg","width":768,"height":512},{"@type":["WebPage","ItemPage"],"@id":"https:\/\/nationalstore.be\/nl\/product\/cinema-abc-la-necropole-du-porno#webpage","url":"https:\/\/nationalstore.be\/nl\/product\/cinema-abc-la-necropole-du-porno","name":"Cin\u00e9ma ABC | La n\u00e9cropole du porno | E-shop Belgische Artiesten","isPartOf":{"@id":"https:\/\/nationalstore.be\/nl#website"},"primaryImageOfPage":{"@id":"https:\/\/nationalstore.be\/nl\/product\/cinema-abc-la-necropole-du-porno#primaryimage"},"datePublished":"2020-12-09T11:15:41+00:00","dateModified":"2020-12-09T11:15:41+00:00","description":"Een Cin\u00e9ma ABC | La n\u00e9cropole du porno kopen? Op onze Belgische Artiesten webshop vind je alleen 100% handgemaakte producten!","breadcrumb":{"@id":"https:\/\/nationalstore.be\/nl\/product\/cinema-abc-la-necropole-du-porno#breadcrumb"},"inLanguage":"nl","potentialAction":[{"@type":"ReadAction","target":["https:\/\/nationalstore.be\/nl\/product\/cinema-abc-la-necropole-du-porno"]}]},{"@type":"BreadcrumbList","@id":"https:\/\/nationalstore.be\/nl\/product\/cinema-abc-la-necropole-du-porno#breadcrumb","itemListElement":[{"@type":"ListItem","position":1,"name":"Home","item":"https:\/\/nationalstore.be\/nl"},{"@type":"ListItem","position":2,"name":"Producten","item":"https:\/\/nationalstore.be\/nl\/shop"},{"@type":"ListItem","position":3,"name":"Subcategories","item":"https:\/\/nationalstore.be\/nl\/pc\/subcategories-nl"},{"@type":"ListItem","position":4,"name":"5 Belgische uitgeverijen met de wind in de zeilen","item":"https:\/\/nationalstore.be\/nl\/pc\/subcategories-nl\/5-belgische-uitgeverijen-met-de-wind-in-de-zeilen"},{"@type":"ListItem","position":5,"name":"Cin\u00e9ma ABC | La n\u00e9cropole du porno"}]}]}},"_links":{"self":[{"href":"https:\/\/nationalstore.be\/nl\/wp-json\/wp\/v2\/product\/42464"}],"collection":[{"href":"https:\/\/nationalstore.be\/nl\/wp-json\/wp\/v2\/product"}],"about":[{"href":"https:\/\/nationalstore.be\/nl\/wp-json\/wp\/v2\/types\/product"}],"wp:featuredmedia":[{"embeddable":true,"href":"https:\/\/nationalstore.be\/nl\/wp-json\/wp\/v2\/media\/4985"}],"wp:attachment":[{"href":"https:\/\/nationalstore.be\/nl\/wp-json\/wp\/v2\/media?parent=42464"}],"wp:term":[{"taxonomy":"product_cat","embeddable":true,"href":"https:\/\/nationalstore.be\/nl\/wp-json\/wp\/v2\/product_cat?post=42464"},{"taxonomy":"product_tag","embeddable":true,"href":"https:\/\/nationalstore.be\/nl\/wp-json\/wp\/v2\/product_tag?post=42464"}],"curies":[{"name":"wp","href":"https:\/\/api.w.org\/{rel}","templated":true}]}}