{"id":42455,"date":"2020-12-03T20:51:20","date_gmt":"2020-12-03T19:51:20","guid":{"rendered":"https:\/\/nationalstore.be\/product\/bruxelles-et-sa-radio-emotions-et-sonorites-1923-1960"},"modified":"2020-12-03T20:51:20","modified_gmt":"2020-12-03T19:51:20","slug":"bruxelles-et-sa-radio-emotions-et-sonorites-1923-1960","status":"publish","type":"product","link":"https:\/\/nationalstore.be\/nl\/product\/bruxelles-et-sa-radio-emotions-et-sonorites-1923-1960","title":{"rendered":"Bruxelles et sa radio | \u00c9motions et sonorit\u00e9s 1923-1960"},"content":{"rendered":"<p>Dit is een waar en fascinerend avontuur van de publieke radio sinds zijn oprichting, zijn rol in de oorlog en vooral in de naoorlogse periode, met als missie, nog steeds actueel, informeren, opleiden en vermaken. De tekst, maar ook de talrijke historische foto&#8217;s en zeldzame archieven die in het boek zijn opgenomen, doen ons met nostalgie terugdenken aan de gouden eeuw van de radio in Belgi\u00eb.<\/p>\n<p>Het iconische gebouw van Joseph Diongre aan het Flageyplein in Brussel heeft zijn plaats in de stad teruggekregen. Niemand weet niet dat het Nationaal Omroepinstituut (INR) er bij zijn oprichting gevestigd was, maar wat daar gebeurde, wat er geproduceerd werd, roept hooguit flarden van verspreide herinneringen op. Wie herinnert zich nog dat deze &#8220;geluidsfabriek&#8221; een van de eerste Radiohuizen in Europa was? Het kostte de belangstelling en nieuwsgierigheid van de Canadese historicus Nicolas Kenny, die gehecht was aan het land van herkomst van zijn grootouders, en zijn ontmoeting met een doorgewinterde INR-presentator, Charles Van Hauteghem, om uiteindelijk de culturele geschiedenis van de beroemde &#8220;liner&#8221; aan te pakken.<\/p>\n<p>(uittreksel uit het voorwoord van het boek van de historicus Jean Puissant)<\/p>\n","protected":false},"excerpt":{"rendered":"<p>Auteur: Nicolas Kenny<\/p>\n","protected":false},"featured_media":5524,"template":"","meta":[],"product_cat":[524,2804],"product_tag":[],"yoast_head":"<!-- This site is optimized with the Yoast SEO plugin v19.1 - https:\/\/yoast.com\/wordpress\/plugins\/seo\/ -->\n<title>Bruxelles et sa radio | \u00c9motions et sonorit\u00e9s 1923-1960 | E-shop Belgische Artiesten<\/title>\n<meta name=\"description\" content=\"Een Bruxelles et sa radio | \u00c9motions et sonorit\u00e9s 1923-1960 kopen? Op onze Belgische Artiesten webshop vind je alleen 100% handgemaakte producten!\" \/>\n<meta name=\"robots\" content=\"index, follow, max-snippet:-1, max-image-preview:large, max-video-preview:-1\" \/>\n<link rel=\"canonical\" href=\"https:\/\/nationalstore.be\/nl\/product\/bruxelles-et-sa-radio-emotions-et-sonorites-1923-1960\" \/>\n<meta property=\"og:locale\" content=\"nl_NL\" \/>\n<meta property=\"og:type\" content=\"article\" \/>\n<meta property=\"og:title\" content=\"Bruxelles et sa radio | \u00c9motions et sonorit\u00e9s 1923-1960 | E-shop Belgische Artiesten\" \/>\n<meta property=\"og:description\" content=\"Een Bruxelles et sa radio | \u00c9motions et sonorit\u00e9s 1923-1960 kopen? Op onze Belgische Artiesten webshop vind je alleen 100% handgemaakte producten!\" \/>\n<meta property=\"og:url\" content=\"https:\/\/nationalstore.be\/nl\/product\/bruxelles-et-sa-radio-emotions-et-sonorites-1923-1960\" \/>\n<meta property=\"og:site_name\" content=\"NATIONA(A)L ARTIST SUPERMARKET\" \/>\n<meta property=\"article:publisher\" content=\"https:\/\/www.facebook.com\/nationalstore\/?ref=br_rs\" \/>\n<meta property=\"og:image\" content=\"https:\/\/nationalstore.be\/wp-content\/uploads\/2020\/12\/43-INR.jpeg\" \/>\n\t<meta property=\"og:image:width\" content=\"960\" \/>\n\t<meta property=\"og:image:height\" content=\"640\" \/>\n\t<meta property=\"og:image:type\" content=\"image\/jpeg\" \/>\n<meta name=\"twitter:card\" content=\"summary_large_image\" \/>\n<meta name=\"twitter:site\" content=\"@Nationalstore\" \/>\n<meta name=\"twitter:label1\" content=\"Geschatte leestijd\" \/>\n\t<meta name=\"twitter:data1\" content=\"1 minuut\" \/>\n<script type=\"application\/ld+json\" class=\"yoast-schema-graph\">{\"@context\":\"https:\/\/schema.org\",\"@graph\":[{\"@type\":\"Organization\",\"@id\":\"https:\/\/nationalstore.be\/nl#organization\",\"name\":\"NATIONA(A)L ARTIST MARKET\",\"url\":\"https:\/\/nationalstore.be\/nl\",\"sameAs\":[\"https:\/\/www.instagram.com\/nationalstore\/\",\"https:\/\/www.facebook.com\/nationalstore\/?ref=br_rs\",\"https:\/\/twitter.com\/Nationalstore\"],\"logo\":{\"@type\":\"ImageObject\",\"inLanguage\":\"nl\",\"@id\":\"https:\/\/nationalstore.be\/nl#\/schema\/logo\/image\/\",\"url\":\"https:\/\/nationalstore.be\/wp-content\/uploads\/2024\/03\/nationaal-logo_mauve-cmjn.png\",\"contentUrl\":\"https:\/\/nationalstore.be\/wp-content\/uploads\/2024\/03\/nationaal-logo_mauve-cmjn.png\",\"width\":3475,\"height\":1352,\"caption\":\"NATIONA(A)L ARTIST MARKET\"},\"image\":{\"@id\":\"https:\/\/nationalstore.be\/nl#\/schema\/logo\/image\/\"}},{\"@type\":\"WebSite\",\"@id\":\"https:\/\/nationalstore.be\/nl#website\",\"url\":\"https:\/\/nationalstore.be\/nl\",\"name\":\"NATIONA(A)L ARTIST SUPERMARKET\",\"description\":\"\",\"publisher\":{\"@id\":\"https:\/\/nationalstore.be\/nl#organization\"},\"potentialAction\":[{\"@type\":\"SearchAction\",\"target\":{\"@type\":\"EntryPoint\",\"urlTemplate\":\"https:\/\/nationalstore.be\/nl?s={search_term_string}\"},\"query-input\":\"required name=search_term_string\"}],\"inLanguage\":\"nl\"},{\"@type\":\"ImageObject\",\"inLanguage\":\"nl\",\"@id\":\"https:\/\/nationalstore.be\/nl\/product\/bruxelles-et-sa-radio-emotions-et-sonorites-1923-1960#primaryimage\",\"url\":\"https:\/\/nationalstore.be\/wp-content\/uploads\/2020\/12\/43-INR.jpeg\",\"contentUrl\":\"https:\/\/nationalstore.be\/wp-content\/uploads\/2020\/12\/43-INR.jpeg\",\"width\":960,\"height\":640},{\"@type\":[\"WebPage\",\"ItemPage\"],\"@id\":\"https:\/\/nationalstore.be\/nl\/product\/bruxelles-et-sa-radio-emotions-et-sonorites-1923-1960#webpage\",\"url\":\"https:\/\/nationalstore.be\/nl\/product\/bruxelles-et-sa-radio-emotions-et-sonorites-1923-1960\",\"name\":\"Bruxelles et sa radio | \u00c9motions et sonorit\u00e9s 1923-1960 | E-shop Belgische Artiesten\",\"isPartOf\":{\"@id\":\"https:\/\/nationalstore.be\/nl#website\"},\"primaryImageOfPage\":{\"@id\":\"https:\/\/nationalstore.be\/nl\/product\/bruxelles-et-sa-radio-emotions-et-sonorites-1923-1960#primaryimage\"},\"datePublished\":\"2020-12-03T19:51:20+00:00\",\"dateModified\":\"2020-12-03T19:51:20+00:00\",\"description\":\"Een Bruxelles et sa radio | \u00c9motions et sonorit\u00e9s 1923-1960 kopen? Op onze Belgische Artiesten webshop vind je alleen 100% handgemaakte producten!\",\"breadcrumb\":{\"@id\":\"https:\/\/nationalstore.be\/nl\/product\/bruxelles-et-sa-radio-emotions-et-sonorites-1923-1960#breadcrumb\"},\"inLanguage\":\"nl\",\"potentialAction\":[{\"@type\":\"ReadAction\",\"target\":[\"https:\/\/nationalstore.be\/nl\/product\/bruxelles-et-sa-radio-emotions-et-sonorites-1923-1960\"]}]},{\"@type\":\"BreadcrumbList\",\"@id\":\"https:\/\/nationalstore.be\/nl\/product\/bruxelles-et-sa-radio-emotions-et-sonorites-1923-1960#breadcrumb\",\"itemListElement\":[{\"@type\":\"ListItem\",\"position\":1,\"name\":\"Home\",\"item\":\"https:\/\/nationalstore.be\/nl\"},{\"@type\":\"ListItem\",\"position\":2,\"name\":\"Producten\",\"item\":\"https:\/\/nationalstore.be\/nl\/shop\"},{\"@type\":\"ListItem\",\"position\":3,\"name\":\"Boeken &amp; illustraties\",\"item\":\"https:\/\/nationalstore.be\/nl\/pc\/boeken-illustraties\"},{\"@type\":\"ListItem\",\"position\":4,\"name\":\"Literatuur\",\"item\":\"https:\/\/nationalstore.be\/nl\/pc\/boeken-illustraties\/literatuur\"},{\"@type\":\"ListItem\",\"position\":5,\"name\":\"Bruxelles et sa radio | \u00c9motions et sonorit\u00e9s 1923-1960\"}]}]}<\/script>\n<!-- \/ Yoast SEO plugin. -->","yoast_head_json":{"title":"Bruxelles et sa radio | \u00c9motions et sonorit\u00e9s 1923-1960 | E-shop Belgische Artiesten","description":"Een Bruxelles et sa radio | \u00c9motions et sonorit\u00e9s 1923-1960 kopen? Op onze Belgische Artiesten webshop vind je alleen 100% handgemaakte producten!","robots":{"index":"index","follow":"follow","max-snippet":"max-snippet:-1","max-image-preview":"max-image-preview:large","max-video-preview":"max-video-preview:-1"},"canonical":"https:\/\/nationalstore.be\/nl\/product\/bruxelles-et-sa-radio-emotions-et-sonorites-1923-1960","og_locale":"nl_NL","og_type":"article","og_title":"Bruxelles et sa radio | \u00c9motions et sonorit\u00e9s 1923-1960 | E-shop Belgische Artiesten","og_description":"Een Bruxelles et sa radio | \u00c9motions et sonorit\u00e9s 1923-1960 kopen? Op onze Belgische Artiesten webshop vind je alleen 100% handgemaakte producten!","og_url":"https:\/\/nationalstore.be\/nl\/product\/bruxelles-et-sa-radio-emotions-et-sonorites-1923-1960","og_site_name":"NATIONA(A)L ARTIST SUPERMARKET","article_publisher":"https:\/\/www.facebook.com\/nationalstore\/?ref=br_rs","og_image":[{"width":960,"height":640,"url":"https:\/\/nationalstore.be\/wp-content\/uploads\/2020\/12\/43-INR.jpeg","type":"image\/jpeg"}],"twitter_card":"summary_large_image","twitter_site":"@Nationalstore","twitter_misc":{"Geschatte leestijd":"1 minuut"},"schema":{"@context":"https:\/\/schema.org","@graph":[{"@type":"Organization","@id":"https:\/\/nationalstore.be\/nl#organization","name":"NATIONA(A)L ARTIST MARKET","url":"https:\/\/nationalstore.be\/nl","sameAs":["https:\/\/www.instagram.com\/nationalstore\/","https:\/\/www.facebook.com\/nationalstore\/?ref=br_rs","https:\/\/twitter.com\/Nationalstore"],"logo":{"@type":"ImageObject","inLanguage":"nl","@id":"https:\/\/nationalstore.be\/nl#\/schema\/logo\/image\/","url":"https:\/\/nationalstore.be\/wp-content\/uploads\/2024\/03\/nationaal-logo_mauve-cmjn.png","contentUrl":"https:\/\/nationalstore.be\/wp-content\/uploads\/2024\/03\/nationaal-logo_mauve-cmjn.png","width":3475,"height":1352,"caption":"NATIONA(A)L ARTIST MARKET"},"image":{"@id":"https:\/\/nationalstore.be\/nl#\/schema\/logo\/image\/"}},{"@type":"WebSite","@id":"https:\/\/nationalstore.be\/nl#website","url":"https:\/\/nationalstore.be\/nl","name":"NATIONA(A)L ARTIST SUPERMARKET","description":"","publisher":{"@id":"https:\/\/nationalstore.be\/nl#organization"},"potentialAction":[{"@type":"SearchAction","target":{"@type":"EntryPoint","urlTemplate":"https:\/\/nationalstore.be\/nl?s={search_term_string}"},"query-input":"required name=search_term_string"}],"inLanguage":"nl"},{"@type":"ImageObject","inLanguage":"nl","@id":"https:\/\/nationalstore.be\/nl\/product\/bruxelles-et-sa-radio-emotions-et-sonorites-1923-1960#primaryimage","url":"https:\/\/nationalstore.be\/wp-content\/uploads\/2020\/12\/43-INR.jpeg","contentUrl":"https:\/\/nationalstore.be\/wp-content\/uploads\/2020\/12\/43-INR.jpeg","width":960,"height":640},{"@type":["WebPage","ItemPage"],"@id":"https:\/\/nationalstore.be\/nl\/product\/bruxelles-et-sa-radio-emotions-et-sonorites-1923-1960#webpage","url":"https:\/\/nationalstore.be\/nl\/product\/bruxelles-et-sa-radio-emotions-et-sonorites-1923-1960","name":"Bruxelles et sa radio | \u00c9motions et sonorit\u00e9s 1923-1960 | E-shop Belgische Artiesten","isPartOf":{"@id":"https:\/\/nationalstore.be\/nl#website"},"primaryImageOfPage":{"@id":"https:\/\/nationalstore.be\/nl\/product\/bruxelles-et-sa-radio-emotions-et-sonorites-1923-1960#primaryimage"},"datePublished":"2020-12-03T19:51:20+00:00","dateModified":"2020-12-03T19:51:20+00:00","description":"Een Bruxelles et sa radio | \u00c9motions et sonorit\u00e9s 1923-1960 kopen? Op onze Belgische Artiesten webshop vind je alleen 100% handgemaakte producten!","breadcrumb":{"@id":"https:\/\/nationalstore.be\/nl\/product\/bruxelles-et-sa-radio-emotions-et-sonorites-1923-1960#breadcrumb"},"inLanguage":"nl","potentialAction":[{"@type":"ReadAction","target":["https:\/\/nationalstore.be\/nl\/product\/bruxelles-et-sa-radio-emotions-et-sonorites-1923-1960"]}]},{"@type":"BreadcrumbList","@id":"https:\/\/nationalstore.be\/nl\/product\/bruxelles-et-sa-radio-emotions-et-sonorites-1923-1960#breadcrumb","itemListElement":[{"@type":"ListItem","position":1,"name":"Home","item":"https:\/\/nationalstore.be\/nl"},{"@type":"ListItem","position":2,"name":"Producten","item":"https:\/\/nationalstore.be\/nl\/shop"},{"@type":"ListItem","position":3,"name":"Boeken &amp; illustraties","item":"https:\/\/nationalstore.be\/nl\/pc\/boeken-illustraties"},{"@type":"ListItem","position":4,"name":"Literatuur","item":"https:\/\/nationalstore.be\/nl\/pc\/boeken-illustraties\/literatuur"},{"@type":"ListItem","position":5,"name":"Bruxelles et sa radio | \u00c9motions et sonorit\u00e9s 1923-1960"}]}]}},"_links":{"self":[{"href":"https:\/\/nationalstore.be\/nl\/wp-json\/wp\/v2\/product\/42455"}],"collection":[{"href":"https:\/\/nationalstore.be\/nl\/wp-json\/wp\/v2\/product"}],"about":[{"href":"https:\/\/nationalstore.be\/nl\/wp-json\/wp\/v2\/types\/product"}],"wp:featuredmedia":[{"embeddable":true,"href":"https:\/\/nationalstore.be\/nl\/wp-json\/wp\/v2\/media\/5524"}],"wp:attachment":[{"href":"https:\/\/nationalstore.be\/nl\/wp-json\/wp\/v2\/media?parent=42455"}],"wp:term":[{"taxonomy":"product_cat","embeddable":true,"href":"https:\/\/nationalstore.be\/nl\/wp-json\/wp\/v2\/product_cat?post=42455"},{"taxonomy":"product_tag","embeddable":true,"href":"https:\/\/nationalstore.be\/nl\/wp-json\/wp\/v2\/product_tag?post=42455"}],"curies":[{"name":"wp","href":"https:\/\/api.w.org\/{rel}","templated":true}]}}