{"id":37271,"date":"2022-06-30T13:30:24","date_gmt":"2022-06-30T11:30:26","guid":{"rendered":"https:\/\/nationalstore.be\/?post_type=product&#038;p=37271"},"modified":"2022-07-01T10:29:17","modified_gmt":"2022-07-01T08:29:17","slug":"songe-rose-copy","status":"publish","type":"product","link":"https:\/\/nationalstore.be\/nl\/product\/songe-rose-copy","title":{"rendered":"\u201cSonge jaune\u201d"},"content":{"rendered":"<p>Uniek werk.\u00a0 Gedateerd en gesigneerd door de kunstenaar<\/p>\n<p>Certificaat van echtheid afgegeven<\/p>\n<p>De levertijd kan vari\u00ebren, neem contact met me op voor een schatting<\/p>\n","protected":false},"excerpt":{"rendered":"<p>Mixed media (fotografie, schilderkunst) : acryl en pigmentdruk op Hahnem\u00fchle Fine Art Paper, karton, houten kader geschilderd<\/p>\n<p>60&#215;70 cm<\/p>\n<p>2022<\/p>\n","protected":false},"featured_media":37288,"template":"","meta":[],"product_cat":[569,2924,2939,3308,2936],"product_tag":[1018],"yoast_head":"<!-- This site is optimized with the Yoast SEO plugin v19.1 - https:\/\/yoast.com\/wordpress\/plugins\/seo\/ -->\n<title>\u201cSonge jaune\u201d | E-shop Belgische Artiesten<\/title>\n<meta name=\"description\" content=\"Een \u201cSonge jaune\u201d kopen? Op onze Belgische Artiesten webshop vind je alleen 100% handgemaakte producten!\" \/>\n<meta name=\"robots\" content=\"index, follow, max-snippet:-1, max-image-preview:large, max-video-preview:-1\" \/>\n<link rel=\"canonical\" href=\"https:\/\/nationalstore.be\/nl\/product\/songe-rose-copy\" \/>\n<meta property=\"og:locale\" content=\"nl_NL\" \/>\n<meta property=\"og:type\" content=\"article\" \/>\n<meta property=\"og:title\" content=\"\u201cSonge jaune\u201d | E-shop Belgische Artiesten\" \/>\n<meta property=\"og:description\" content=\"Een \u201cSonge jaune\u201d kopen? Op onze Belgische Artiesten webshop vind je alleen 100% handgemaakte producten!\" \/>\n<meta property=\"og:url\" content=\"https:\/\/nationalstore.be\/nl\/product\/songe-rose-copy\" \/>\n<meta property=\"og:site_name\" content=\"NATIONA(A)L ARTIST SUPERMARKET\" \/>\n<meta property=\"article:publisher\" content=\"https:\/\/www.facebook.com\/nationalstore\/?ref=br_rs\" \/>\n<meta property=\"article:modified_time\" content=\"2022-07-01T08:29:17+00:00\" \/>\n<meta property=\"og:image\" content=\"https:\/\/nationalstore.be\/wp-content\/uploads\/2022\/06\/Songe-Jaune-60x70cm-martincoiffier-2022-1.jpg\" \/>\n\t<meta property=\"og:image:width\" content=\"644\" \/>\n\t<meta property=\"og:image:height\" content=\"600\" \/>\n\t<meta property=\"og:image:type\" content=\"image\/jpeg\" \/>\n<meta name=\"twitter:card\" content=\"summary_large_image\" \/>\n<meta name=\"twitter:site\" content=\"@Nationalstore\" \/>\n<script type=\"application\/ld+json\" class=\"yoast-schema-graph\">{\"@context\":\"https:\/\/schema.org\",\"@graph\":[{\"@type\":\"Organization\",\"@id\":\"https:\/\/nationalstore.be\/nl#organization\",\"name\":\"NATIONA(A)L ARTIST MARKET\",\"url\":\"https:\/\/nationalstore.be\/nl\",\"sameAs\":[\"https:\/\/www.instagram.com\/nationalstore\/\",\"https:\/\/www.facebook.com\/nationalstore\/?ref=br_rs\",\"https:\/\/twitter.com\/Nationalstore\"],\"logo\":{\"@type\":\"ImageObject\",\"inLanguage\":\"nl\",\"@id\":\"https:\/\/nationalstore.be\/nl#\/schema\/logo\/image\/\",\"url\":\"https:\/\/nationalstore.be\/wp-content\/uploads\/2024\/03\/nationaal-logo_mauve-cmjn.png\",\"contentUrl\":\"https:\/\/nationalstore.be\/wp-content\/uploads\/2024\/03\/nationaal-logo_mauve-cmjn.png\",\"width\":3475,\"height\":1352,\"caption\":\"NATIONA(A)L ARTIST MARKET\"},\"image\":{\"@id\":\"https:\/\/nationalstore.be\/nl#\/schema\/logo\/image\/\"}},{\"@type\":\"WebSite\",\"@id\":\"https:\/\/nationalstore.be\/nl#website\",\"url\":\"https:\/\/nationalstore.be\/nl\",\"name\":\"NATIONA(A)L ARTIST SUPERMARKET\",\"description\":\"\",\"publisher\":{\"@id\":\"https:\/\/nationalstore.be\/nl#organization\"},\"potentialAction\":[{\"@type\":\"SearchAction\",\"target\":{\"@type\":\"EntryPoint\",\"urlTemplate\":\"https:\/\/nationalstore.be\/nl?s={search_term_string}\"},\"query-input\":\"required name=search_term_string\"}],\"inLanguage\":\"nl\"},{\"@type\":\"ImageObject\",\"inLanguage\":\"nl\",\"@id\":\"https:\/\/nationalstore.be\/nl\/product\/songe-rose-copy#primaryimage\",\"url\":\"https:\/\/nationalstore.be\/wp-content\/uploads\/2022\/06\/Songe-Jaune-60x70cm-martincoiffier-2022-1.jpg\",\"contentUrl\":\"https:\/\/nationalstore.be\/wp-content\/uploads\/2022\/06\/Songe-Jaune-60x70cm-martincoiffier-2022-1.jpg\",\"width\":644,\"height\":600,\"caption\":\"Tableau compos\u00e9 par Martin Coiffier, artiste visuel De la s\u00e9rie \u00ab\u00a0Under the rainbow\u00a0\u00bb - titre inspir\u00e9 par la chanson \u00ab\u00a0Above the rainbow\u00a0\u00bb chant\u00e9e par Judy Garland dans \u00ab\u00a0The wizard of Oz\u00a0\u00bb Mixed media, peinture acrylique et encre pigmentaire contrecoll\u00e9 sur carton de conservation Encadrement caisse am\u00e9ricaine en bois r\u00e9alis\u00e9 par l\u2019Atelier Neess, peint par l\u2019artiste Bruxelles\"},{\"@type\":[\"WebPage\",\"ItemPage\"],\"@id\":\"https:\/\/nationalstore.be\/nl\/product\/songe-rose-copy#webpage\",\"url\":\"https:\/\/nationalstore.be\/nl\/product\/songe-rose-copy\",\"name\":\"\u201cSonge jaune\u201d | E-shop Belgische Artiesten\",\"isPartOf\":{\"@id\":\"https:\/\/nationalstore.be\/nl#website\"},\"primaryImageOfPage\":{\"@id\":\"https:\/\/nationalstore.be\/nl\/product\/songe-rose-copy#primaryimage\"},\"datePublished\":\"2022-06-30T11:30:26+00:00\",\"dateModified\":\"2022-07-01T08:29:17+00:00\",\"description\":\"Een \u201cSonge jaune\u201d kopen? Op onze Belgische Artiesten webshop vind je alleen 100% handgemaakte producten!\",\"breadcrumb\":{\"@id\":\"https:\/\/nationalstore.be\/nl\/product\/songe-rose-copy#breadcrumb\"},\"inLanguage\":\"nl\",\"potentialAction\":[{\"@type\":\"ReadAction\",\"target\":[\"https:\/\/nationalstore.be\/nl\/product\/songe-rose-copy\"]}]},{\"@type\":\"BreadcrumbList\",\"@id\":\"https:\/\/nationalstore.be\/nl\/product\/songe-rose-copy#breadcrumb\",\"itemListElement\":[{\"@type\":\"ListItem\",\"position\":1,\"name\":\"Home\",\"item\":\"https:\/\/nationalstore.be\/nl\"},{\"@type\":\"ListItem\",\"position\":2,\"name\":\"Producten\",\"item\":\"https:\/\/nationalstore.be\/nl\/shop\"},{\"@type\":\"ListItem\",\"position\":3,\"name\":\"Beeldende Kunsten\",\"item\":\"https:\/\/nationalstore.be\/nl\/pc\/beeldende-kunsten\"},{\"@type\":\"ListItem\",\"position\":4,\"name\":\"Fotografie\",\"item\":\"https:\/\/nationalstore.be\/nl\/pc\/beeldende-kunsten\/fotografie\"},{\"@type\":\"ListItem\",\"position\":5,\"name\":\"\u201cSonge jaune\u201d\"}]}]}<\/script>\n<!-- \/ Yoast SEO plugin. -->","yoast_head_json":{"title":"\u201cSonge jaune\u201d | E-shop Belgische Artiesten","description":"Een \u201cSonge jaune\u201d kopen? Op onze Belgische Artiesten webshop vind je alleen 100% handgemaakte producten!","robots":{"index":"index","follow":"follow","max-snippet":"max-snippet:-1","max-image-preview":"max-image-preview:large","max-video-preview":"max-video-preview:-1"},"canonical":"https:\/\/nationalstore.be\/nl\/product\/songe-rose-copy","og_locale":"nl_NL","og_type":"article","og_title":"\u201cSonge jaune\u201d | E-shop Belgische Artiesten","og_description":"Een \u201cSonge jaune\u201d kopen? Op onze Belgische Artiesten webshop vind je alleen 100% handgemaakte producten!","og_url":"https:\/\/nationalstore.be\/nl\/product\/songe-rose-copy","og_site_name":"NATIONA(A)L ARTIST SUPERMARKET","article_publisher":"https:\/\/www.facebook.com\/nationalstore\/?ref=br_rs","article_modified_time":"2022-07-01T08:29:17+00:00","og_image":[{"width":644,"height":600,"url":"https:\/\/nationalstore.be\/wp-content\/uploads\/2022\/06\/Songe-Jaune-60x70cm-martincoiffier-2022-1.jpg","type":"image\/jpeg"}],"twitter_card":"summary_large_image","twitter_site":"@Nationalstore","schema":{"@context":"https:\/\/schema.org","@graph":[{"@type":"Organization","@id":"https:\/\/nationalstore.be\/nl#organization","name":"NATIONA(A)L ARTIST MARKET","url":"https:\/\/nationalstore.be\/nl","sameAs":["https:\/\/www.instagram.com\/nationalstore\/","https:\/\/www.facebook.com\/nationalstore\/?ref=br_rs","https:\/\/twitter.com\/Nationalstore"],"logo":{"@type":"ImageObject","inLanguage":"nl","@id":"https:\/\/nationalstore.be\/nl#\/schema\/logo\/image\/","url":"https:\/\/nationalstore.be\/wp-content\/uploads\/2024\/03\/nationaal-logo_mauve-cmjn.png","contentUrl":"https:\/\/nationalstore.be\/wp-content\/uploads\/2024\/03\/nationaal-logo_mauve-cmjn.png","width":3475,"height":1352,"caption":"NATIONA(A)L ARTIST MARKET"},"image":{"@id":"https:\/\/nationalstore.be\/nl#\/schema\/logo\/image\/"}},{"@type":"WebSite","@id":"https:\/\/nationalstore.be\/nl#website","url":"https:\/\/nationalstore.be\/nl","name":"NATIONA(A)L ARTIST SUPERMARKET","description":"","publisher":{"@id":"https:\/\/nationalstore.be\/nl#organization"},"potentialAction":[{"@type":"SearchAction","target":{"@type":"EntryPoint","urlTemplate":"https:\/\/nationalstore.be\/nl?s={search_term_string}"},"query-input":"required name=search_term_string"}],"inLanguage":"nl"},{"@type":"ImageObject","inLanguage":"nl","@id":"https:\/\/nationalstore.be\/nl\/product\/songe-rose-copy#primaryimage","url":"https:\/\/nationalstore.be\/wp-content\/uploads\/2022\/06\/Songe-Jaune-60x70cm-martincoiffier-2022-1.jpg","contentUrl":"https:\/\/nationalstore.be\/wp-content\/uploads\/2022\/06\/Songe-Jaune-60x70cm-martincoiffier-2022-1.jpg","width":644,"height":600,"caption":"Tableau compos\u00e9 par Martin Coiffier, artiste visuel De la s\u00e9rie \u00ab\u00a0Under the rainbow\u00a0\u00bb - titre inspir\u00e9 par la chanson \u00ab\u00a0Above the rainbow\u00a0\u00bb chant\u00e9e par Judy Garland dans \u00ab\u00a0The wizard of Oz\u00a0\u00bb Mixed media, peinture acrylique et encre pigmentaire contrecoll\u00e9 sur carton de conservation Encadrement caisse am\u00e9ricaine en bois r\u00e9alis\u00e9 par l\u2019Atelier Neess, peint par l\u2019artiste Bruxelles"},{"@type":["WebPage","ItemPage"],"@id":"https:\/\/nationalstore.be\/nl\/product\/songe-rose-copy#webpage","url":"https:\/\/nationalstore.be\/nl\/product\/songe-rose-copy","name":"\u201cSonge jaune\u201d | E-shop Belgische Artiesten","isPartOf":{"@id":"https:\/\/nationalstore.be\/nl#website"},"primaryImageOfPage":{"@id":"https:\/\/nationalstore.be\/nl\/product\/songe-rose-copy#primaryimage"},"datePublished":"2022-06-30T11:30:26+00:00","dateModified":"2022-07-01T08:29:17+00:00","description":"Een \u201cSonge jaune\u201d kopen? Op onze Belgische Artiesten webshop vind je alleen 100% handgemaakte producten!","breadcrumb":{"@id":"https:\/\/nationalstore.be\/nl\/product\/songe-rose-copy#breadcrumb"},"inLanguage":"nl","potentialAction":[{"@type":"ReadAction","target":["https:\/\/nationalstore.be\/nl\/product\/songe-rose-copy"]}]},{"@type":"BreadcrumbList","@id":"https:\/\/nationalstore.be\/nl\/product\/songe-rose-copy#breadcrumb","itemListElement":[{"@type":"ListItem","position":1,"name":"Home","item":"https:\/\/nationalstore.be\/nl"},{"@type":"ListItem","position":2,"name":"Producten","item":"https:\/\/nationalstore.be\/nl\/shop"},{"@type":"ListItem","position":3,"name":"Beeldende Kunsten","item":"https:\/\/nationalstore.be\/nl\/pc\/beeldende-kunsten"},{"@type":"ListItem","position":4,"name":"Fotografie","item":"https:\/\/nationalstore.be\/nl\/pc\/beeldende-kunsten\/fotografie"},{"@type":"ListItem","position":5,"name":"\u201cSonge jaune\u201d"}]}]}},"_links":{"self":[{"href":"https:\/\/nationalstore.be\/nl\/wp-json\/wp\/v2\/product\/37271"}],"collection":[{"href":"https:\/\/nationalstore.be\/nl\/wp-json\/wp\/v2\/product"}],"about":[{"href":"https:\/\/nationalstore.be\/nl\/wp-json\/wp\/v2\/types\/product"}],"wp:featuredmedia":[{"embeddable":true,"href":"https:\/\/nationalstore.be\/nl\/wp-json\/wp\/v2\/media\/37288"}],"wp:attachment":[{"href":"https:\/\/nationalstore.be\/nl\/wp-json\/wp\/v2\/media?parent=37271"}],"wp:term":[{"taxonomy":"product_cat","embeddable":true,"href":"https:\/\/nationalstore.be\/nl\/wp-json\/wp\/v2\/product_cat?post=37271"},{"taxonomy":"product_tag","embeddable":true,"href":"https:\/\/nationalstore.be\/nl\/wp-json\/wp\/v2\/product_tag?post=37271"}],"curies":[{"name":"wp","href":"https:\/\/api.w.org\/{rel}","templated":true}]}}