{"id":33376,"date":"2022-04-20T15:31:24","date_gmt":"2022-04-15T13:57:32","guid":{"rendered":"https:\/\/nationalstore.be\/?post_type=product&#038;p=33376"},"modified":"2022-06-25T17:20:06","modified_gmt":"2022-06-25T15:20:06","slug":"toupy-wit-carrara-marmer","status":"publish","type":"product","link":"https:\/\/nationalstore.be\/nl\/product\/toupy-wit-carrara-marmer","title":{"rendered":"TOUPY wit Carrara marmer"},"content":{"rendered":"<p>Hangend aan een metalen stang die aan het plafond is bevestigd, maakt het blad de ruimte vloeiend en geeft het een sobere en elegante toets aan het huis.<\/p>\n<p>&#8211; Witte Carrara marmeren zak lade<\/p>\n<p>&#8211; Diameter: 38 cm<\/p>\n<p>&#8211; Plafondhaak<\/p>\n<p>&#8211; Uitbreiding basis 100 &#8211; 30 &#8211; 10 cm<\/p>\n<p>&#8211; 3 zwarte schroeven en 3 pluggen<\/p>\n<p>&#8211; Extra verlengstukken moeten afzonderlijk worden besteld:<\/p>\n<p><\/p>\n<p>Zwart metaal : 50 &#8211; 30 &#8211; 10<\/p>\n<p>Messing : 50 &#8211; 30 &#8211; 10<\/p>\n","protected":false},"excerpt":{"rendered":"<p>Carrara marmeren tol, bewerkt op de draaibank. Messing ophangbeugel.<\/p>\n","protected":false},"featured_media":32870,"template":"","meta":[],"product_cat":[2900,526,2992,549,1592,2314],"product_tag":[1162,1742,3239,2372],"yoast_head":"<!-- This site is optimized with the Yoast SEO plugin v19.1 - https:\/\/yoast.com\/wordpress\/plugins\/seo\/ -->\n<title>TOUPY wit Carrara marmer | E-shop Belgische Artiesten<\/title>\n<meta name=\"description\" content=\"Etag\u00e8re vide-poche en bois noble tourn\u00e9 sur tour. Trois qualit\u00e9s et coloris de bois : ch\u00eane clair, fr\u00eane lasur\u00e9 noir et fr\u00eane blanchi.\" \/>\n<meta name=\"robots\" content=\"index, follow, max-snippet:-1, max-image-preview:large, max-video-preview:-1\" \/>\n<link rel=\"canonical\" href=\"https:\/\/nationalstore.be\/nl\/product\/toupy-wit-carrara-marmer\" \/>\n<meta property=\"og:locale\" content=\"nl_NL\" \/>\n<meta property=\"og:type\" content=\"article\" \/>\n<meta property=\"og:title\" content=\"TOUPY wit Carrara marmer | E-shop Belgische Artiesten\" \/>\n<meta property=\"og:description\" content=\"Etag\u00e8re vide-poche en bois noble tourn\u00e9 sur tour. Trois qualit\u00e9s et coloris de bois : ch\u00eane clair, fr\u00eane lasur\u00e9 noir et fr\u00eane blanchi.\" \/>\n<meta property=\"og:url\" content=\"https:\/\/nationalstore.be\/nl\/product\/toupy-wit-carrara-marmer\" \/>\n<meta property=\"og:site_name\" content=\"NATIONA(A)L ARTIST SUPERMARKET\" \/>\n<meta property=\"article:publisher\" content=\"https:\/\/www.facebook.com\/nationalstore\/?ref=br_rs\" \/>\n<meta property=\"article:modified_time\" content=\"2022-06-25T15:20:06+00:00\" \/>\n<meta property=\"og:image\" content=\"https:\/\/nationalstore.be\/wp-content\/uploads\/2022\/04\/Capture-decran-2022-04-11-a-10.35.14.png\" \/>\n\t<meta property=\"og:image:width\" content=\"926\" \/>\n\t<meta property=\"og:image:height\" content=\"1212\" \/>\n\t<meta property=\"og:image:type\" content=\"image\/png\" \/>\n<meta name=\"twitter:card\" content=\"summary_large_image\" \/>\n<meta name=\"twitter:site\" content=\"@Nationalstore\" \/>\n<script type=\"application\/ld+json\" class=\"yoast-schema-graph\">{\"@context\":\"https:\/\/schema.org\",\"@graph\":[{\"@type\":\"Organization\",\"@id\":\"https:\/\/nationalstore.be\/nl#organization\",\"name\":\"NATIONA(A)L ARTIST MARKET\",\"url\":\"https:\/\/nationalstore.be\/nl\",\"sameAs\":[\"https:\/\/www.instagram.com\/nationalstore\/\",\"https:\/\/www.facebook.com\/nationalstore\/?ref=br_rs\",\"https:\/\/twitter.com\/Nationalstore\"],\"logo\":{\"@type\":\"ImageObject\",\"inLanguage\":\"nl\",\"@id\":\"https:\/\/nationalstore.be\/nl#\/schema\/logo\/image\/\",\"url\":\"https:\/\/nationalstore.be\/wp-content\/uploads\/2024\/03\/nationaal-logo_mauve-cmjn.png\",\"contentUrl\":\"https:\/\/nationalstore.be\/wp-content\/uploads\/2024\/03\/nationaal-logo_mauve-cmjn.png\",\"width\":3475,\"height\":1352,\"caption\":\"NATIONA(A)L ARTIST MARKET\"},\"image\":{\"@id\":\"https:\/\/nationalstore.be\/nl#\/schema\/logo\/image\/\"}},{\"@type\":\"WebSite\",\"@id\":\"https:\/\/nationalstore.be\/nl#website\",\"url\":\"https:\/\/nationalstore.be\/nl\",\"name\":\"NATIONA(A)L ARTIST SUPERMARKET\",\"description\":\"\",\"publisher\":{\"@id\":\"https:\/\/nationalstore.be\/nl#organization\"},\"potentialAction\":[{\"@type\":\"SearchAction\",\"target\":{\"@type\":\"EntryPoint\",\"urlTemplate\":\"https:\/\/nationalstore.be\/nl?s={search_term_string}\"},\"query-input\":\"required name=search_term_string\"}],\"inLanguage\":\"nl\"},{\"@type\":\"ImageObject\",\"inLanguage\":\"nl\",\"@id\":\"https:\/\/nationalstore.be\/nl\/product\/toupy-wit-carrara-marmer#primaryimage\",\"url\":\"https:\/\/nationalstore.be\/wp-content\/uploads\/2022\/04\/Capture-decran-2022-04-11-a-10.35.14.png\",\"contentUrl\":\"https:\/\/nationalstore.be\/wp-content\/uploads\/2022\/04\/Capture-decran-2022-04-11-a-10.35.14.png\",\"width\":926,\"height\":1212},{\"@type\":[\"WebPage\",\"ItemPage\"],\"@id\":\"https:\/\/nationalstore.be\/nl\/product\/toupy-wit-carrara-marmer#webpage\",\"url\":\"https:\/\/nationalstore.be\/nl\/product\/toupy-wit-carrara-marmer\",\"name\":\"TOUPY wit Carrara marmer | E-shop Belgische Artiesten\",\"isPartOf\":{\"@id\":\"https:\/\/nationalstore.be\/nl#website\"},\"primaryImageOfPage\":{\"@id\":\"https:\/\/nationalstore.be\/nl\/product\/toupy-wit-carrara-marmer#primaryimage\"},\"datePublished\":\"2022-04-15T13:57:32+00:00\",\"dateModified\":\"2022-06-25T15:20:06+00:00\",\"description\":\"Etag\u00e8re vide-poche en bois noble tourn\u00e9 sur tour. Trois qualit\u00e9s et coloris de bois : ch\u00eane clair, fr\u00eane lasur\u00e9 noir et fr\u00eane blanchi.\",\"breadcrumb\":{\"@id\":\"https:\/\/nationalstore.be\/nl\/product\/toupy-wit-carrara-marmer#breadcrumb\"},\"inLanguage\":\"nl\",\"potentialAction\":[{\"@type\":\"ReadAction\",\"target\":[\"https:\/\/nationalstore.be\/nl\/product\/toupy-wit-carrara-marmer\"]}]},{\"@type\":\"BreadcrumbList\",\"@id\":\"https:\/\/nationalstore.be\/nl\/product\/toupy-wit-carrara-marmer#breadcrumb\",\"itemListElement\":[{\"@type\":\"ListItem\",\"position\":1,\"name\":\"Home\",\"item\":\"https:\/\/nationalstore.be\/nl\"},{\"@type\":\"ListItem\",\"position\":2,\"name\":\"Producten\",\"item\":\"https:\/\/nationalstore.be\/nl\/shop\"},{\"@type\":\"ListItem\",\"position\":3,\"name\":\"Subcategories\",\"item\":\"https:\/\/nationalstore.be\/nl\/pc\/subcategories-nl\"},{\"@type\":\"ListItem\",\"position\":4,\"name\":\"Een rustgevende minimalistische collectie\",\"item\":\"https:\/\/nationalstore.be\/nl\/pc\/subcategories-nl\/een-rustgevende-minimalistische-collectie\"},{\"@type\":\"ListItem\",\"position\":5,\"name\":\"TOUPY wit Carrara marmer\"}]}]}<\/script>\n<!-- \/ Yoast SEO plugin. -->","yoast_head_json":{"title":"TOUPY wit Carrara marmer | E-shop Belgische Artiesten","description":"Etag\u00e8re vide-poche en bois noble tourn\u00e9 sur tour. Trois qualit\u00e9s et coloris de bois : ch\u00eane clair, fr\u00eane lasur\u00e9 noir et fr\u00eane blanchi.","robots":{"index":"index","follow":"follow","max-snippet":"max-snippet:-1","max-image-preview":"max-image-preview:large","max-video-preview":"max-video-preview:-1"},"canonical":"https:\/\/nationalstore.be\/nl\/product\/toupy-wit-carrara-marmer","og_locale":"nl_NL","og_type":"article","og_title":"TOUPY wit Carrara marmer | E-shop Belgische Artiesten","og_description":"Etag\u00e8re vide-poche en bois noble tourn\u00e9 sur tour. Trois qualit\u00e9s et coloris de bois : ch\u00eane clair, fr\u00eane lasur\u00e9 noir et fr\u00eane blanchi.","og_url":"https:\/\/nationalstore.be\/nl\/product\/toupy-wit-carrara-marmer","og_site_name":"NATIONA(A)L ARTIST SUPERMARKET","article_publisher":"https:\/\/www.facebook.com\/nationalstore\/?ref=br_rs","article_modified_time":"2022-06-25T15:20:06+00:00","og_image":[{"width":926,"height":1212,"url":"https:\/\/nationalstore.be\/wp-content\/uploads\/2022\/04\/Capture-decran-2022-04-11-a-10.35.14.png","type":"image\/png"}],"twitter_card":"summary_large_image","twitter_site":"@Nationalstore","schema":{"@context":"https:\/\/schema.org","@graph":[{"@type":"Organization","@id":"https:\/\/nationalstore.be\/nl#organization","name":"NATIONA(A)L ARTIST MARKET","url":"https:\/\/nationalstore.be\/nl","sameAs":["https:\/\/www.instagram.com\/nationalstore\/","https:\/\/www.facebook.com\/nationalstore\/?ref=br_rs","https:\/\/twitter.com\/Nationalstore"],"logo":{"@type":"ImageObject","inLanguage":"nl","@id":"https:\/\/nationalstore.be\/nl#\/schema\/logo\/image\/","url":"https:\/\/nationalstore.be\/wp-content\/uploads\/2024\/03\/nationaal-logo_mauve-cmjn.png","contentUrl":"https:\/\/nationalstore.be\/wp-content\/uploads\/2024\/03\/nationaal-logo_mauve-cmjn.png","width":3475,"height":1352,"caption":"NATIONA(A)L ARTIST MARKET"},"image":{"@id":"https:\/\/nationalstore.be\/nl#\/schema\/logo\/image\/"}},{"@type":"WebSite","@id":"https:\/\/nationalstore.be\/nl#website","url":"https:\/\/nationalstore.be\/nl","name":"NATIONA(A)L ARTIST SUPERMARKET","description":"","publisher":{"@id":"https:\/\/nationalstore.be\/nl#organization"},"potentialAction":[{"@type":"SearchAction","target":{"@type":"EntryPoint","urlTemplate":"https:\/\/nationalstore.be\/nl?s={search_term_string}"},"query-input":"required name=search_term_string"}],"inLanguage":"nl"},{"@type":"ImageObject","inLanguage":"nl","@id":"https:\/\/nationalstore.be\/nl\/product\/toupy-wit-carrara-marmer#primaryimage","url":"https:\/\/nationalstore.be\/wp-content\/uploads\/2022\/04\/Capture-decran-2022-04-11-a-10.35.14.png","contentUrl":"https:\/\/nationalstore.be\/wp-content\/uploads\/2022\/04\/Capture-decran-2022-04-11-a-10.35.14.png","width":926,"height":1212},{"@type":["WebPage","ItemPage"],"@id":"https:\/\/nationalstore.be\/nl\/product\/toupy-wit-carrara-marmer#webpage","url":"https:\/\/nationalstore.be\/nl\/product\/toupy-wit-carrara-marmer","name":"TOUPY wit Carrara marmer | E-shop Belgische Artiesten","isPartOf":{"@id":"https:\/\/nationalstore.be\/nl#website"},"primaryImageOfPage":{"@id":"https:\/\/nationalstore.be\/nl\/product\/toupy-wit-carrara-marmer#primaryimage"},"datePublished":"2022-04-15T13:57:32+00:00","dateModified":"2022-06-25T15:20:06+00:00","description":"Etag\u00e8re vide-poche en bois noble tourn\u00e9 sur tour. Trois qualit\u00e9s et coloris de bois : ch\u00eane clair, fr\u00eane lasur\u00e9 noir et fr\u00eane blanchi.","breadcrumb":{"@id":"https:\/\/nationalstore.be\/nl\/product\/toupy-wit-carrara-marmer#breadcrumb"},"inLanguage":"nl","potentialAction":[{"@type":"ReadAction","target":["https:\/\/nationalstore.be\/nl\/product\/toupy-wit-carrara-marmer"]}]},{"@type":"BreadcrumbList","@id":"https:\/\/nationalstore.be\/nl\/product\/toupy-wit-carrara-marmer#breadcrumb","itemListElement":[{"@type":"ListItem","position":1,"name":"Home","item":"https:\/\/nationalstore.be\/nl"},{"@type":"ListItem","position":2,"name":"Producten","item":"https:\/\/nationalstore.be\/nl\/shop"},{"@type":"ListItem","position":3,"name":"Subcategories","item":"https:\/\/nationalstore.be\/nl\/pc\/subcategories-nl"},{"@type":"ListItem","position":4,"name":"Een rustgevende minimalistische collectie","item":"https:\/\/nationalstore.be\/nl\/pc\/subcategories-nl\/een-rustgevende-minimalistische-collectie"},{"@type":"ListItem","position":5,"name":"TOUPY wit Carrara marmer"}]}]}},"_links":{"self":[{"href":"https:\/\/nationalstore.be\/nl\/wp-json\/wp\/v2\/product\/33376"}],"collection":[{"href":"https:\/\/nationalstore.be\/nl\/wp-json\/wp\/v2\/product"}],"about":[{"href":"https:\/\/nationalstore.be\/nl\/wp-json\/wp\/v2\/types\/product"}],"wp:featuredmedia":[{"embeddable":true,"href":"https:\/\/nationalstore.be\/nl\/wp-json\/wp\/v2\/media\/32870"}],"wp:attachment":[{"href":"https:\/\/nationalstore.be\/nl\/wp-json\/wp\/v2\/media?parent=33376"}],"wp:term":[{"taxonomy":"product_cat","embeddable":true,"href":"https:\/\/nationalstore.be\/nl\/wp-json\/wp\/v2\/product_cat?post=33376"},{"taxonomy":"product_tag","embeddable":true,"href":"https:\/\/nationalstore.be\/nl\/wp-json\/wp\/v2\/product_tag?post=33376"}],"curies":[{"name":"wp","href":"https:\/\/api.w.org\/{rel}","templated":true}]}}