{"id":33355,"date":"2022-06-25T15:20:14","date_gmt":"2022-04-15T13:31:44","guid":{"rendered":"https:\/\/nationalstore.be\/?post_type=product&#038;p=33355"},"modified":"2022-06-25T15:22:09","modified_gmt":"2022-06-25T13:22:09","slug":"waly-zwevende-plank-set-1","status":"publish","type":"product","link":"https:\/\/nationalstore.be\/nl\/product\/waly-zwevende-plank-set-1","title":{"rendered":"WALY zwevende plank &#8211; set 1"},"content":{"rendered":"<p>De vrijstaande WALY-planken zijn gemaakt van essenhout, met een lederen koord gekleurd met gebrande oranje aniline kleurstof die de rondingen accentueert.<\/p>\n<p>Configuratie 1:<\/p>\n<p>3 horizontale stukken:<\/p>\n<p>&#8211; 15\u00d714 cm<\/p>\n<p>&#8211; 30\u00d715 cm<\/p>\n<p>&#8211; 60\u00d717 cm<\/p>\n","protected":false},"excerpt":{"rendered":"<p>Zwevende plank in gebleekt essen\/zwart gebeitst essen met gebrand oranje lederen rand.<\/p>\n","protected":false},"featured_media":32925,"template":"","meta":[],"product_cat":[2900,526,1592,2314],"product_tag":[1162,1742,1066,3239,2372],"yoast_head":"<!-- This site is optimized with the Yoast SEO plugin v19.1 - https:\/\/yoast.com\/wordpress\/plugins\/seo\/ -->\n<title>WALY zwevende plank - set 1 | E-shop Belgische Artiesten<\/title>\n<meta name=\"description\" content=\"\u00c9tag\u00e8res autoportantes. Deux coloris de bois : fr\u00eane blanchi et fr\u00eane lasur\u00e9 noir. Cordon en cuir color\u00e9 \u00e0 la teinture aniline orange br\u00fbl\u00e9.\" \/>\n<meta name=\"robots\" content=\"index, follow, max-snippet:-1, max-image-preview:large, max-video-preview:-1\" \/>\n<link rel=\"canonical\" href=\"https:\/\/nationalstore.be\/nl\/product\/waly-zwevende-plank-set-1\" \/>\n<meta property=\"og:locale\" content=\"nl_NL\" \/>\n<meta property=\"og:type\" content=\"article\" \/>\n<meta property=\"og:title\" content=\"WALY zwevende plank - set 1 | E-shop Belgische Artiesten\" \/>\n<meta property=\"og:description\" content=\"\u00c9tag\u00e8res autoportantes. Deux coloris de bois : fr\u00eane blanchi et fr\u00eane lasur\u00e9 noir. Cordon en cuir color\u00e9 \u00e0 la teinture aniline orange br\u00fbl\u00e9.\" \/>\n<meta property=\"og:url\" content=\"https:\/\/nationalstore.be\/nl\/product\/waly-zwevende-plank-set-1\" \/>\n<meta property=\"og:site_name\" content=\"NATIONA(A)L ARTIST SUPERMARKET\" \/>\n<meta property=\"article:publisher\" content=\"https:\/\/www.facebook.com\/nationalstore\/?ref=br_rs\" \/>\n<meta property=\"article:modified_time\" content=\"2022-06-25T13:22:09+00:00\" \/>\n<meta property=\"og:image\" content=\"https:\/\/nationalstore.be\/wp-content\/uploads\/2022\/04\/Capture-decran-2022-04-11-a-10.54.13.png\" \/>\n\t<meta property=\"og:image:width\" content=\"930\" \/>\n\t<meta property=\"og:image:height\" content=\"970\" \/>\n\t<meta property=\"og:image:type\" content=\"image\/png\" \/>\n<meta name=\"twitter:card\" content=\"summary_large_image\" \/>\n<meta name=\"twitter:site\" content=\"@Nationalstore\" \/>\n<script type=\"application\/ld+json\" class=\"yoast-schema-graph\">{\"@context\":\"https:\/\/schema.org\",\"@graph\":[{\"@type\":\"Organization\",\"@id\":\"https:\/\/nationalstore.be\/nl#organization\",\"name\":\"NATIONA(A)L ARTIST MARKET\",\"url\":\"https:\/\/nationalstore.be\/nl\",\"sameAs\":[\"https:\/\/www.instagram.com\/nationalstore\/\",\"https:\/\/www.facebook.com\/nationalstore\/?ref=br_rs\",\"https:\/\/twitter.com\/Nationalstore\"],\"logo\":{\"@type\":\"ImageObject\",\"inLanguage\":\"nl\",\"@id\":\"https:\/\/nationalstore.be\/nl#\/schema\/logo\/image\/\",\"url\":\"https:\/\/nationalstore.be\/wp-content\/uploads\/2024\/03\/nationaal-logo_mauve-cmjn.png\",\"contentUrl\":\"https:\/\/nationalstore.be\/wp-content\/uploads\/2024\/03\/nationaal-logo_mauve-cmjn.png\",\"width\":3475,\"height\":1352,\"caption\":\"NATIONA(A)L ARTIST MARKET\"},\"image\":{\"@id\":\"https:\/\/nationalstore.be\/nl#\/schema\/logo\/image\/\"}},{\"@type\":\"WebSite\",\"@id\":\"https:\/\/nationalstore.be\/nl#website\",\"url\":\"https:\/\/nationalstore.be\/nl\",\"name\":\"NATIONA(A)L ARTIST SUPERMARKET\",\"description\":\"\",\"publisher\":{\"@id\":\"https:\/\/nationalstore.be\/nl#organization\"},\"potentialAction\":[{\"@type\":\"SearchAction\",\"target\":{\"@type\":\"EntryPoint\",\"urlTemplate\":\"https:\/\/nationalstore.be\/nl?s={search_term_string}\"},\"query-input\":\"required name=search_term_string\"}],\"inLanguage\":\"nl\"},{\"@type\":\"ImageObject\",\"inLanguage\":\"nl\",\"@id\":\"https:\/\/nationalstore.be\/nl\/product\/waly-zwevende-plank-set-1#primaryimage\",\"url\":\"https:\/\/nationalstore.be\/wp-content\/uploads\/2022\/04\/Capture-decran-2022-04-11-a-10.54.13.png\",\"contentUrl\":\"https:\/\/nationalstore.be\/wp-content\/uploads\/2022\/04\/Capture-decran-2022-04-11-a-10.54.13.png\",\"width\":930,\"height\":970},{\"@type\":[\"WebPage\",\"ItemPage\"],\"@id\":\"https:\/\/nationalstore.be\/nl\/product\/waly-zwevende-plank-set-1#webpage\",\"url\":\"https:\/\/nationalstore.be\/nl\/product\/waly-zwevende-plank-set-1\",\"name\":\"WALY zwevende plank - set 1 | E-shop Belgische Artiesten\",\"isPartOf\":{\"@id\":\"https:\/\/nationalstore.be\/nl#website\"},\"primaryImageOfPage\":{\"@id\":\"https:\/\/nationalstore.be\/nl\/product\/waly-zwevende-plank-set-1#primaryimage\"},\"datePublished\":\"2022-04-15T13:31:44+00:00\",\"dateModified\":\"2022-06-25T13:22:09+00:00\",\"description\":\"\u00c9tag\u00e8res autoportantes. Deux coloris de bois : fr\u00eane blanchi et fr\u00eane lasur\u00e9 noir. Cordon en cuir color\u00e9 \u00e0 la teinture aniline orange br\u00fbl\u00e9.\",\"breadcrumb\":{\"@id\":\"https:\/\/nationalstore.be\/nl\/product\/waly-zwevende-plank-set-1#breadcrumb\"},\"inLanguage\":\"nl\",\"potentialAction\":[{\"@type\":\"ReadAction\",\"target\":[\"https:\/\/nationalstore.be\/nl\/product\/waly-zwevende-plank-set-1\"]}]},{\"@type\":\"BreadcrumbList\",\"@id\":\"https:\/\/nationalstore.be\/nl\/product\/waly-zwevende-plank-set-1#breadcrumb\",\"itemListElement\":[{\"@type\":\"ListItem\",\"position\":1,\"name\":\"Home\",\"item\":\"https:\/\/nationalstore.be\/nl\"},{\"@type\":\"ListItem\",\"position\":2,\"name\":\"Producten\",\"item\":\"https:\/\/nationalstore.be\/nl\/shop\"},{\"@type\":\"ListItem\",\"position\":3,\"name\":\"Subcategories\",\"item\":\"https:\/\/nationalstore.be\/nl\/pc\/subcategories-nl\"},{\"@type\":\"ListItem\",\"position\":4,\"name\":\"Ontwerp &amp; Duurzaamheid\",\"item\":\"https:\/\/nationalstore.be\/nl\/pc\/subcategories-nl\/ontwerp-duurzaamheid\"},{\"@type\":\"ListItem\",\"position\":5,\"name\":\"WALY zwevende plank &#8211; set 1\"}]}]}<\/script>\n<!-- \/ Yoast SEO plugin. -->","yoast_head_json":{"title":"WALY zwevende plank - set 1 | E-shop Belgische Artiesten","description":"\u00c9tag\u00e8res autoportantes. Deux coloris de bois : fr\u00eane blanchi et fr\u00eane lasur\u00e9 noir. Cordon en cuir color\u00e9 \u00e0 la teinture aniline orange br\u00fbl\u00e9.","robots":{"index":"index","follow":"follow","max-snippet":"max-snippet:-1","max-image-preview":"max-image-preview:large","max-video-preview":"max-video-preview:-1"},"canonical":"https:\/\/nationalstore.be\/nl\/product\/waly-zwevende-plank-set-1","og_locale":"nl_NL","og_type":"article","og_title":"WALY zwevende plank - set 1 | E-shop Belgische Artiesten","og_description":"\u00c9tag\u00e8res autoportantes. Deux coloris de bois : fr\u00eane blanchi et fr\u00eane lasur\u00e9 noir. Cordon en cuir color\u00e9 \u00e0 la teinture aniline orange br\u00fbl\u00e9.","og_url":"https:\/\/nationalstore.be\/nl\/product\/waly-zwevende-plank-set-1","og_site_name":"NATIONA(A)L ARTIST SUPERMARKET","article_publisher":"https:\/\/www.facebook.com\/nationalstore\/?ref=br_rs","article_modified_time":"2022-06-25T13:22:09+00:00","og_image":[{"width":930,"height":970,"url":"https:\/\/nationalstore.be\/wp-content\/uploads\/2022\/04\/Capture-decran-2022-04-11-a-10.54.13.png","type":"image\/png"}],"twitter_card":"summary_large_image","twitter_site":"@Nationalstore","schema":{"@context":"https:\/\/schema.org","@graph":[{"@type":"Organization","@id":"https:\/\/nationalstore.be\/nl#organization","name":"NATIONA(A)L ARTIST MARKET","url":"https:\/\/nationalstore.be\/nl","sameAs":["https:\/\/www.instagram.com\/nationalstore\/","https:\/\/www.facebook.com\/nationalstore\/?ref=br_rs","https:\/\/twitter.com\/Nationalstore"],"logo":{"@type":"ImageObject","inLanguage":"nl","@id":"https:\/\/nationalstore.be\/nl#\/schema\/logo\/image\/","url":"https:\/\/nationalstore.be\/wp-content\/uploads\/2024\/03\/nationaal-logo_mauve-cmjn.png","contentUrl":"https:\/\/nationalstore.be\/wp-content\/uploads\/2024\/03\/nationaal-logo_mauve-cmjn.png","width":3475,"height":1352,"caption":"NATIONA(A)L ARTIST MARKET"},"image":{"@id":"https:\/\/nationalstore.be\/nl#\/schema\/logo\/image\/"}},{"@type":"WebSite","@id":"https:\/\/nationalstore.be\/nl#website","url":"https:\/\/nationalstore.be\/nl","name":"NATIONA(A)L ARTIST SUPERMARKET","description":"","publisher":{"@id":"https:\/\/nationalstore.be\/nl#organization"},"potentialAction":[{"@type":"SearchAction","target":{"@type":"EntryPoint","urlTemplate":"https:\/\/nationalstore.be\/nl?s={search_term_string}"},"query-input":"required name=search_term_string"}],"inLanguage":"nl"},{"@type":"ImageObject","inLanguage":"nl","@id":"https:\/\/nationalstore.be\/nl\/product\/waly-zwevende-plank-set-1#primaryimage","url":"https:\/\/nationalstore.be\/wp-content\/uploads\/2022\/04\/Capture-decran-2022-04-11-a-10.54.13.png","contentUrl":"https:\/\/nationalstore.be\/wp-content\/uploads\/2022\/04\/Capture-decran-2022-04-11-a-10.54.13.png","width":930,"height":970},{"@type":["WebPage","ItemPage"],"@id":"https:\/\/nationalstore.be\/nl\/product\/waly-zwevende-plank-set-1#webpage","url":"https:\/\/nationalstore.be\/nl\/product\/waly-zwevende-plank-set-1","name":"WALY zwevende plank - set 1 | E-shop Belgische Artiesten","isPartOf":{"@id":"https:\/\/nationalstore.be\/nl#website"},"primaryImageOfPage":{"@id":"https:\/\/nationalstore.be\/nl\/product\/waly-zwevende-plank-set-1#primaryimage"},"datePublished":"2022-04-15T13:31:44+00:00","dateModified":"2022-06-25T13:22:09+00:00","description":"\u00c9tag\u00e8res autoportantes. Deux coloris de bois : fr\u00eane blanchi et fr\u00eane lasur\u00e9 noir. Cordon en cuir color\u00e9 \u00e0 la teinture aniline orange br\u00fbl\u00e9.","breadcrumb":{"@id":"https:\/\/nationalstore.be\/nl\/product\/waly-zwevende-plank-set-1#breadcrumb"},"inLanguage":"nl","potentialAction":[{"@type":"ReadAction","target":["https:\/\/nationalstore.be\/nl\/product\/waly-zwevende-plank-set-1"]}]},{"@type":"BreadcrumbList","@id":"https:\/\/nationalstore.be\/nl\/product\/waly-zwevende-plank-set-1#breadcrumb","itemListElement":[{"@type":"ListItem","position":1,"name":"Home","item":"https:\/\/nationalstore.be\/nl"},{"@type":"ListItem","position":2,"name":"Producten","item":"https:\/\/nationalstore.be\/nl\/shop"},{"@type":"ListItem","position":3,"name":"Subcategories","item":"https:\/\/nationalstore.be\/nl\/pc\/subcategories-nl"},{"@type":"ListItem","position":4,"name":"Ontwerp &amp; Duurzaamheid","item":"https:\/\/nationalstore.be\/nl\/pc\/subcategories-nl\/ontwerp-duurzaamheid"},{"@type":"ListItem","position":5,"name":"WALY zwevende plank &#8211; set 1"}]}]}},"_links":{"self":[{"href":"https:\/\/nationalstore.be\/nl\/wp-json\/wp\/v2\/product\/33355"}],"collection":[{"href":"https:\/\/nationalstore.be\/nl\/wp-json\/wp\/v2\/product"}],"about":[{"href":"https:\/\/nationalstore.be\/nl\/wp-json\/wp\/v2\/types\/product"}],"wp:featuredmedia":[{"embeddable":true,"href":"https:\/\/nationalstore.be\/nl\/wp-json\/wp\/v2\/media\/32925"}],"wp:attachment":[{"href":"https:\/\/nationalstore.be\/nl\/wp-json\/wp\/v2\/media?parent=33355"}],"wp:term":[{"taxonomy":"product_cat","embeddable":true,"href":"https:\/\/nationalstore.be\/nl\/wp-json\/wp\/v2\/product_cat?post=33355"},{"taxonomy":"product_tag","embeddable":true,"href":"https:\/\/nationalstore.be\/nl\/wp-json\/wp\/v2\/product_tag?post=33355"}],"curies":[{"name":"wp","href":"https:\/\/api.w.org\/{rel}","templated":true}]}}