{"id":33270,"date":"2022-06-25T15:42:13","date_gmt":"2022-04-12T13:36:00","guid":{"rendered":"https:\/\/nationalstore.be\/?post_type=product&#038;p=33270"},"modified":"2022-06-25T15:44:05","modified_gmt":"2022-06-25T13:44:05","slug":"etagere-simply-spiegelloos-wit-foggy","status":"publish","type":"product","link":"https:\/\/nationalstore.be\/nl\/product\/etagere-simply-spiegelloos-wit-foggy","title":{"rendered":"Etag\u00e8re SIMPLY spiegelloos wit \/ foggy"},"content":{"rendered":"<p>SIMPLY is gemaakt van gevouwen metaal en is een dunne en lichte plank die gemakkelijk aan elk type steun kan worden bevestigd.<\/p>\n<p>De modulariteit van het rek ligt in de magnetisering van de verschillende elementen waaruit het is opgebouwd en die alle mogelijke variaties mogelijk maken naar gelang van de wensen of behoeften van elke persoon.<\/p>\n<p>De plank kan in elke kamer van het huis worden geplaatst voor boeken, snuisterijen, post, make-up, juwelen, sleutels, enz.<\/p>\n<p>De ontwerper heeft het ontworpen in twee versies: een set van vier stuks of een set van drie stuks met een spiegel; en verkrijgbaar in twee kleuren: poederwit voor de SIMPLY White of mistig licht staal voor de SIMPLY Foggy versie.<\/p>\n","protected":false},"excerpt":{"rendered":"<p>Gevouwen metalen plank met verschillende magnetische elementen die naar wens kunnen worden aangepast.<\/p>\n","protected":false},"featured_media":32653,"template":"","meta":[],"product_cat":[3124,2900,526,549,1592,2314],"product_tag":[1162,1742,3239,2372,834],"yoast_head":"<!-- This site is optimized with the Yoast SEO plugin v19.1 - https:\/\/yoast.com\/wordpress\/plugins\/seo\/ -->\n<title>Etag\u00e8re SIMPLY spiegelloos wit \/ foggy | E-shop Belgische Artiesten<\/title>\n<meta name=\"description\" content=\"\u00c9tag\u00e8re en m\u00e9tal pli\u00e9 comprenant diff\u00e9rents \u00e9l\u00e9ments magn\u00e9tiques pouvant \u00eatre modul\u00e9s selon ses envies.\" \/>\n<meta name=\"robots\" content=\"index, follow, max-snippet:-1, max-image-preview:large, max-video-preview:-1\" \/>\n<link rel=\"canonical\" href=\"https:\/\/nationalstore.be\/nl\/product\/etagere-simply-spiegelloos-wit-foggy\" \/>\n<meta property=\"og:locale\" content=\"nl_NL\" \/>\n<meta property=\"og:type\" content=\"article\" \/>\n<meta property=\"og:title\" content=\"Etag\u00e8re SIMPLY spiegelloos wit \/ foggy | E-shop Belgische Artiesten\" \/>\n<meta property=\"og:description\" content=\"\u00c9tag\u00e8re en m\u00e9tal pli\u00e9 comprenant diff\u00e9rents \u00e9l\u00e9ments magn\u00e9tiques pouvant \u00eatre modul\u00e9s selon ses envies.\" \/>\n<meta property=\"og:url\" content=\"https:\/\/nationalstore.be\/nl\/product\/etagere-simply-spiegelloos-wit-foggy\" \/>\n<meta property=\"og:site_name\" content=\"NATIONA(A)L ARTIST SUPERMARKET\" \/>\n<meta property=\"article:publisher\" content=\"https:\/\/www.facebook.com\/nationalstore\/?ref=br_rs\" \/>\n<meta property=\"article:modified_time\" content=\"2022-06-25T13:44:05+00:00\" \/>\n<meta property=\"og:image\" content=\"https:\/\/nationalstore.be\/wp-content\/uploads\/2022\/04\/Capture-decran-2022-04-01-a-15.32.39.png\" \/>\n\t<meta property=\"og:image:width\" content=\"624\" \/>\n\t<meta property=\"og:image:height\" content=\"980\" \/>\n\t<meta property=\"og:image:type\" content=\"image\/png\" \/>\n<meta name=\"twitter:card\" content=\"summary_large_image\" \/>\n<meta name=\"twitter:site\" content=\"@Nationalstore\" \/>\n<meta name=\"twitter:label1\" content=\"Geschatte leestijd\" \/>\n\t<meta name=\"twitter:data1\" content=\"1 minuut\" \/>\n<script type=\"application\/ld+json\" class=\"yoast-schema-graph\">{\"@context\":\"https:\/\/schema.org\",\"@graph\":[{\"@type\":\"Organization\",\"@id\":\"https:\/\/nationalstore.be\/nl#organization\",\"name\":\"NATIONA(A)L ARTIST MARKET\",\"url\":\"https:\/\/nationalstore.be\/nl\",\"sameAs\":[\"https:\/\/www.instagram.com\/nationalstore\/\",\"https:\/\/www.facebook.com\/nationalstore\/?ref=br_rs\",\"https:\/\/twitter.com\/Nationalstore\"],\"logo\":{\"@type\":\"ImageObject\",\"inLanguage\":\"nl\",\"@id\":\"https:\/\/nationalstore.be\/nl#\/schema\/logo\/image\/\",\"url\":\"https:\/\/nationalstore.be\/wp-content\/uploads\/2024\/03\/nationaal-logo_mauve-cmjn.png\",\"contentUrl\":\"https:\/\/nationalstore.be\/wp-content\/uploads\/2024\/03\/nationaal-logo_mauve-cmjn.png\",\"width\":3475,\"height\":1352,\"caption\":\"NATIONA(A)L ARTIST MARKET\"},\"image\":{\"@id\":\"https:\/\/nationalstore.be\/nl#\/schema\/logo\/image\/\"}},{\"@type\":\"WebSite\",\"@id\":\"https:\/\/nationalstore.be\/nl#website\",\"url\":\"https:\/\/nationalstore.be\/nl\",\"name\":\"NATIONA(A)L ARTIST SUPERMARKET\",\"description\":\"\",\"publisher\":{\"@id\":\"https:\/\/nationalstore.be\/nl#organization\"},\"potentialAction\":[{\"@type\":\"SearchAction\",\"target\":{\"@type\":\"EntryPoint\",\"urlTemplate\":\"https:\/\/nationalstore.be\/nl?s={search_term_string}\"},\"query-input\":\"required name=search_term_string\"}],\"inLanguage\":\"nl\"},{\"@type\":\"ImageObject\",\"inLanguage\":\"nl\",\"@id\":\"https:\/\/nationalstore.be\/nl\/product\/etagere-simply-spiegelloos-wit-foggy#primaryimage\",\"url\":\"https:\/\/nationalstore.be\/wp-content\/uploads\/2022\/04\/Capture-decran-2022-04-01-a-15.32.39.png\",\"contentUrl\":\"https:\/\/nationalstore.be\/wp-content\/uploads\/2022\/04\/Capture-decran-2022-04-01-a-15.32.39.png\",\"width\":624,\"height\":980},{\"@type\":[\"WebPage\",\"ItemPage\"],\"@id\":\"https:\/\/nationalstore.be\/nl\/product\/etagere-simply-spiegelloos-wit-foggy#webpage\",\"url\":\"https:\/\/nationalstore.be\/nl\/product\/etagere-simply-spiegelloos-wit-foggy\",\"name\":\"Etag\u00e8re SIMPLY spiegelloos wit \/ foggy | E-shop Belgische Artiesten\",\"isPartOf\":{\"@id\":\"https:\/\/nationalstore.be\/nl#website\"},\"primaryImageOfPage\":{\"@id\":\"https:\/\/nationalstore.be\/nl\/product\/etagere-simply-spiegelloos-wit-foggy#primaryimage\"},\"datePublished\":\"2022-04-12T13:36:00+00:00\",\"dateModified\":\"2022-06-25T13:44:05+00:00\",\"description\":\"\u00c9tag\u00e8re en m\u00e9tal pli\u00e9 comprenant diff\u00e9rents \u00e9l\u00e9ments magn\u00e9tiques pouvant \u00eatre modul\u00e9s selon ses envies.\",\"breadcrumb\":{\"@id\":\"https:\/\/nationalstore.be\/nl\/product\/etagere-simply-spiegelloos-wit-foggy#breadcrumb\"},\"inLanguage\":\"nl\",\"potentialAction\":[{\"@type\":\"ReadAction\",\"target\":[\"https:\/\/nationalstore.be\/nl\/product\/etagere-simply-spiegelloos-wit-foggy\"]}]},{\"@type\":\"BreadcrumbList\",\"@id\":\"https:\/\/nationalstore.be\/nl\/product\/etagere-simply-spiegelloos-wit-foggy#breadcrumb\",\"itemListElement\":[{\"@type\":\"ListItem\",\"position\":1,\"name\":\"Home\",\"item\":\"https:\/\/nationalstore.be\/nl\"},{\"@type\":\"ListItem\",\"position\":2,\"name\":\"Producten\",\"item\":\"https:\/\/nationalstore.be\/nl\/shop\"},{\"@type\":\"ListItem\",\"position\":3,\"name\":\"Subcategories\",\"item\":\"https:\/\/nationalstore.be\/nl\/pc\/subcategories-nl\"},{\"@type\":\"ListItem\",\"position\":4,\"name\":\"Ontwerp &amp; Duurzaamheid\",\"item\":\"https:\/\/nationalstore.be\/nl\/pc\/subcategories-nl\/ontwerp-duurzaamheid\"},{\"@type\":\"ListItem\",\"position\":5,\"name\":\"Etag\u00e8re SIMPLY spiegelloos wit \/ foggy\"}]}]}<\/script>\n<!-- \/ Yoast SEO plugin. -->","yoast_head_json":{"title":"Etag\u00e8re SIMPLY spiegelloos wit \/ foggy | E-shop Belgische Artiesten","description":"\u00c9tag\u00e8re en m\u00e9tal pli\u00e9 comprenant diff\u00e9rents \u00e9l\u00e9ments magn\u00e9tiques pouvant \u00eatre modul\u00e9s selon ses envies.","robots":{"index":"index","follow":"follow","max-snippet":"max-snippet:-1","max-image-preview":"max-image-preview:large","max-video-preview":"max-video-preview:-1"},"canonical":"https:\/\/nationalstore.be\/nl\/product\/etagere-simply-spiegelloos-wit-foggy","og_locale":"nl_NL","og_type":"article","og_title":"Etag\u00e8re SIMPLY spiegelloos wit \/ foggy | E-shop Belgische Artiesten","og_description":"\u00c9tag\u00e8re en m\u00e9tal pli\u00e9 comprenant diff\u00e9rents \u00e9l\u00e9ments magn\u00e9tiques pouvant \u00eatre modul\u00e9s selon ses envies.","og_url":"https:\/\/nationalstore.be\/nl\/product\/etagere-simply-spiegelloos-wit-foggy","og_site_name":"NATIONA(A)L ARTIST SUPERMARKET","article_publisher":"https:\/\/www.facebook.com\/nationalstore\/?ref=br_rs","article_modified_time":"2022-06-25T13:44:05+00:00","og_image":[{"width":624,"height":980,"url":"https:\/\/nationalstore.be\/wp-content\/uploads\/2022\/04\/Capture-decran-2022-04-01-a-15.32.39.png","type":"image\/png"}],"twitter_card":"summary_large_image","twitter_site":"@Nationalstore","twitter_misc":{"Geschatte leestijd":"1 minuut"},"schema":{"@context":"https:\/\/schema.org","@graph":[{"@type":"Organization","@id":"https:\/\/nationalstore.be\/nl#organization","name":"NATIONA(A)L ARTIST MARKET","url":"https:\/\/nationalstore.be\/nl","sameAs":["https:\/\/www.instagram.com\/nationalstore\/","https:\/\/www.facebook.com\/nationalstore\/?ref=br_rs","https:\/\/twitter.com\/Nationalstore"],"logo":{"@type":"ImageObject","inLanguage":"nl","@id":"https:\/\/nationalstore.be\/nl#\/schema\/logo\/image\/","url":"https:\/\/nationalstore.be\/wp-content\/uploads\/2024\/03\/nationaal-logo_mauve-cmjn.png","contentUrl":"https:\/\/nationalstore.be\/wp-content\/uploads\/2024\/03\/nationaal-logo_mauve-cmjn.png","width":3475,"height":1352,"caption":"NATIONA(A)L ARTIST MARKET"},"image":{"@id":"https:\/\/nationalstore.be\/nl#\/schema\/logo\/image\/"}},{"@type":"WebSite","@id":"https:\/\/nationalstore.be\/nl#website","url":"https:\/\/nationalstore.be\/nl","name":"NATIONA(A)L ARTIST SUPERMARKET","description":"","publisher":{"@id":"https:\/\/nationalstore.be\/nl#organization"},"potentialAction":[{"@type":"SearchAction","target":{"@type":"EntryPoint","urlTemplate":"https:\/\/nationalstore.be\/nl?s={search_term_string}"},"query-input":"required name=search_term_string"}],"inLanguage":"nl"},{"@type":"ImageObject","inLanguage":"nl","@id":"https:\/\/nationalstore.be\/nl\/product\/etagere-simply-spiegelloos-wit-foggy#primaryimage","url":"https:\/\/nationalstore.be\/wp-content\/uploads\/2022\/04\/Capture-decran-2022-04-01-a-15.32.39.png","contentUrl":"https:\/\/nationalstore.be\/wp-content\/uploads\/2022\/04\/Capture-decran-2022-04-01-a-15.32.39.png","width":624,"height":980},{"@type":["WebPage","ItemPage"],"@id":"https:\/\/nationalstore.be\/nl\/product\/etagere-simply-spiegelloos-wit-foggy#webpage","url":"https:\/\/nationalstore.be\/nl\/product\/etagere-simply-spiegelloos-wit-foggy","name":"Etag\u00e8re SIMPLY spiegelloos wit \/ foggy | E-shop Belgische Artiesten","isPartOf":{"@id":"https:\/\/nationalstore.be\/nl#website"},"primaryImageOfPage":{"@id":"https:\/\/nationalstore.be\/nl\/product\/etagere-simply-spiegelloos-wit-foggy#primaryimage"},"datePublished":"2022-04-12T13:36:00+00:00","dateModified":"2022-06-25T13:44:05+00:00","description":"\u00c9tag\u00e8re en m\u00e9tal pli\u00e9 comprenant diff\u00e9rents \u00e9l\u00e9ments magn\u00e9tiques pouvant \u00eatre modul\u00e9s selon ses envies.","breadcrumb":{"@id":"https:\/\/nationalstore.be\/nl\/product\/etagere-simply-spiegelloos-wit-foggy#breadcrumb"},"inLanguage":"nl","potentialAction":[{"@type":"ReadAction","target":["https:\/\/nationalstore.be\/nl\/product\/etagere-simply-spiegelloos-wit-foggy"]}]},{"@type":"BreadcrumbList","@id":"https:\/\/nationalstore.be\/nl\/product\/etagere-simply-spiegelloos-wit-foggy#breadcrumb","itemListElement":[{"@type":"ListItem","position":1,"name":"Home","item":"https:\/\/nationalstore.be\/nl"},{"@type":"ListItem","position":2,"name":"Producten","item":"https:\/\/nationalstore.be\/nl\/shop"},{"@type":"ListItem","position":3,"name":"Subcategories","item":"https:\/\/nationalstore.be\/nl\/pc\/subcategories-nl"},{"@type":"ListItem","position":4,"name":"Ontwerp &amp; Duurzaamheid","item":"https:\/\/nationalstore.be\/nl\/pc\/subcategories-nl\/ontwerp-duurzaamheid"},{"@type":"ListItem","position":5,"name":"Etag\u00e8re SIMPLY spiegelloos wit \/ foggy"}]}]}},"_links":{"self":[{"href":"https:\/\/nationalstore.be\/nl\/wp-json\/wp\/v2\/product\/33270"}],"collection":[{"href":"https:\/\/nationalstore.be\/nl\/wp-json\/wp\/v2\/product"}],"about":[{"href":"https:\/\/nationalstore.be\/nl\/wp-json\/wp\/v2\/types\/product"}],"wp:featuredmedia":[{"embeddable":true,"href":"https:\/\/nationalstore.be\/nl\/wp-json\/wp\/v2\/media\/32653"}],"wp:attachment":[{"href":"https:\/\/nationalstore.be\/nl\/wp-json\/wp\/v2\/media?parent=33270"}],"wp:term":[{"taxonomy":"product_cat","embeddable":true,"href":"https:\/\/nationalstore.be\/nl\/wp-json\/wp\/v2\/product_cat?post=33270"},{"taxonomy":"product_tag","embeddable":true,"href":"https:\/\/nationalstore.be\/nl\/wp-json\/wp\/v2\/product_tag?post=33270"}],"curies":[{"name":"wp","href":"https:\/\/api.w.org\/{rel}","templated":true}]}}