{"id":33221,"date":"2022-04-20T14:56:04","date_gmt":"2022-04-12T13:19:55","guid":{"rendered":"https:\/\/nationalstore.be\/?post_type=product&#038;p=33221"},"modified":"2022-06-25T15:43:35","modified_gmt":"2022-06-25T13:43:35","slug":"etagere-simply-met-spiegel-wit-mistig","status":"publish","type":"product","link":"https:\/\/nationalstore.be\/nl\/product\/etagere-simply-met-spiegel-wit-mistig","title":{"rendered":"\u00c9tag\u00e8re SIMPLY met spiegel wit \/ mistig"},"content":{"rendered":"<p>De plank kan in elke kamer van het huis worden geplaatst om boeken, snuisterijen, post, make-up producten, juwelen, sleutels, enz. op te bergen.<\/p>\n<p>De ontwerper heeft het ontworpen in twee versies: een set van vier stuks of een set van drie stuks met een spiegel; en verkrijgbaar in twee kleuren: poederwit voor de SIMPLY White of mistig licht staal voor de SIMPLY Foggy versie.<\/p>\n","protected":false},"excerpt":{"rendered":"<p>SIMPLY is gemaakt van gevouwen metaal en is een dunne en lichte plank die gemakkelijk aan elk type steun kan worden bevestigd.<\/p>\n<p>De modulariteit van het rek ligt in de magnetisering van de verschillende elementen waaruit het is samengesteld en die alle mogelijke variaties mogelijk maken naar gelang van de wensen of behoeften van elke persoon.<\/p>\n","protected":false},"featured_media":32663,"template":"","meta":[],"product_cat":[3124,2900,526,3339,549,1592,2314],"product_tag":[1162,1742,3239,2372,834],"yoast_head":"<!-- This site is optimized with the Yoast SEO plugin v19.1 - https:\/\/yoast.com\/wordpress\/plugins\/seo\/ -->\n<title>\u00c9tag\u00e8re SIMPLY met spiegel wit \/ mistig | E-shop Belgische Artiesten<\/title>\n<meta name=\"description\" content=\"R\u00e9alis\u00e9e en m\u00e9tal pli\u00e9, SIMPLY est une \u00e9tag\u00e8re fine et l\u00e9g\u00e8re qui se fixe facilement \u00e0 tout type de support.\" \/>\n<meta name=\"robots\" content=\"index, follow, max-snippet:-1, max-image-preview:large, max-video-preview:-1\" \/>\n<link rel=\"canonical\" href=\"https:\/\/nationalstore.be\/nl\/product\/etagere-simply-met-spiegel-wit-mistig\" \/>\n<meta property=\"og:locale\" content=\"nl_NL\" \/>\n<meta property=\"og:type\" content=\"article\" \/>\n<meta property=\"og:title\" content=\"\u00c9tag\u00e8re SIMPLY met spiegel wit \/ mistig | E-shop Belgische Artiesten\" \/>\n<meta property=\"og:description\" content=\"R\u00e9alis\u00e9e en m\u00e9tal pli\u00e9, SIMPLY est une \u00e9tag\u00e8re fine et l\u00e9g\u00e8re qui se fixe facilement \u00e0 tout type de support.\" \/>\n<meta property=\"og:url\" content=\"https:\/\/nationalstore.be\/nl\/product\/etagere-simply-met-spiegel-wit-mistig\" \/>\n<meta property=\"og:site_name\" content=\"NATIONA(A)L ARTIST SUPERMARKET\" \/>\n<meta property=\"article:publisher\" content=\"https:\/\/www.facebook.com\/nationalstore\/?ref=br_rs\" \/>\n<meta property=\"article:modified_time\" content=\"2022-06-25T13:43:35+00:00\" \/>\n<meta property=\"og:image\" content=\"https:\/\/nationalstore.be\/wp-content\/uploads\/2022\/04\/Capture-decran-2022-04-02-a-03.41.35.png\" \/>\n\t<meta property=\"og:image:width\" content=\"948\" \/>\n\t<meta property=\"og:image:height\" content=\"1164\" \/>\n\t<meta property=\"og:image:type\" content=\"image\/png\" \/>\n<meta name=\"twitter:card\" content=\"summary_large_image\" \/>\n<meta name=\"twitter:site\" content=\"@Nationalstore\" \/>\n<script type=\"application\/ld+json\" class=\"yoast-schema-graph\">{\"@context\":\"https:\/\/schema.org\",\"@graph\":[{\"@type\":\"Organization\",\"@id\":\"https:\/\/nationalstore.be\/nl#organization\",\"name\":\"NATIONA(A)L ARTIST MARKET\",\"url\":\"https:\/\/nationalstore.be\/nl\",\"sameAs\":[\"https:\/\/www.instagram.com\/nationalstore\/\",\"https:\/\/www.facebook.com\/nationalstore\/?ref=br_rs\",\"https:\/\/twitter.com\/Nationalstore\"],\"logo\":{\"@type\":\"ImageObject\",\"inLanguage\":\"nl\",\"@id\":\"https:\/\/nationalstore.be\/nl#\/schema\/logo\/image\/\",\"url\":\"https:\/\/nationalstore.be\/wp-content\/uploads\/2024\/03\/nationaal-logo_mauve-cmjn.png\",\"contentUrl\":\"https:\/\/nationalstore.be\/wp-content\/uploads\/2024\/03\/nationaal-logo_mauve-cmjn.png\",\"width\":3475,\"height\":1352,\"caption\":\"NATIONA(A)L ARTIST MARKET\"},\"image\":{\"@id\":\"https:\/\/nationalstore.be\/nl#\/schema\/logo\/image\/\"}},{\"@type\":\"WebSite\",\"@id\":\"https:\/\/nationalstore.be\/nl#website\",\"url\":\"https:\/\/nationalstore.be\/nl\",\"name\":\"NATIONA(A)L ARTIST SUPERMARKET\",\"description\":\"\",\"publisher\":{\"@id\":\"https:\/\/nationalstore.be\/nl#organization\"},\"potentialAction\":[{\"@type\":\"SearchAction\",\"target\":{\"@type\":\"EntryPoint\",\"urlTemplate\":\"https:\/\/nationalstore.be\/nl?s={search_term_string}\"},\"query-input\":\"required name=search_term_string\"}],\"inLanguage\":\"nl\"},{\"@type\":\"ImageObject\",\"inLanguage\":\"nl\",\"@id\":\"https:\/\/nationalstore.be\/nl\/product\/etagere-simply-met-spiegel-wit-mistig#primaryimage\",\"url\":\"https:\/\/nationalstore.be\/wp-content\/uploads\/2022\/04\/Capture-decran-2022-04-02-a-03.41.35.png\",\"contentUrl\":\"https:\/\/nationalstore.be\/wp-content\/uploads\/2022\/04\/Capture-decran-2022-04-02-a-03.41.35.png\",\"width\":948,\"height\":1164},{\"@type\":[\"WebPage\",\"ItemPage\"],\"@id\":\"https:\/\/nationalstore.be\/nl\/product\/etagere-simply-met-spiegel-wit-mistig#webpage\",\"url\":\"https:\/\/nationalstore.be\/nl\/product\/etagere-simply-met-spiegel-wit-mistig\",\"name\":\"\u00c9tag\u00e8re SIMPLY met spiegel wit \/ mistig | E-shop Belgische Artiesten\",\"isPartOf\":{\"@id\":\"https:\/\/nationalstore.be\/nl#website\"},\"primaryImageOfPage\":{\"@id\":\"https:\/\/nationalstore.be\/nl\/product\/etagere-simply-met-spiegel-wit-mistig#primaryimage\"},\"datePublished\":\"2022-04-12T13:19:55+00:00\",\"dateModified\":\"2022-06-25T13:43:35+00:00\",\"description\":\"R\u00e9alis\u00e9e en m\u00e9tal pli\u00e9, SIMPLY est une \u00e9tag\u00e8re fine et l\u00e9g\u00e8re qui se fixe facilement \u00e0 tout type de support.\",\"breadcrumb\":{\"@id\":\"https:\/\/nationalstore.be\/nl\/product\/etagere-simply-met-spiegel-wit-mistig#breadcrumb\"},\"inLanguage\":\"nl\",\"potentialAction\":[{\"@type\":\"ReadAction\",\"target\":[\"https:\/\/nationalstore.be\/nl\/product\/etagere-simply-met-spiegel-wit-mistig\"]}]},{\"@type\":\"BreadcrumbList\",\"@id\":\"https:\/\/nationalstore.be\/nl\/product\/etagere-simply-met-spiegel-wit-mistig#breadcrumb\",\"itemListElement\":[{\"@type\":\"ListItem\",\"position\":1,\"name\":\"Home\",\"item\":\"https:\/\/nationalstore.be\/nl\"},{\"@type\":\"ListItem\",\"position\":2,\"name\":\"Producten\",\"item\":\"https:\/\/nationalstore.be\/nl\/shop\"},{\"@type\":\"ListItem\",\"position\":3,\"name\":\"Ontwerp &amp; Duurzaamheid\",\"item\":\"https:\/\/nationalstore.be\/nl\/pc\/subcategories-nl\/ontwerp-duurzaamheid\"},{\"@type\":\"ListItem\",\"position\":4,\"name\":\"\u00c9tag\u00e8re SIMPLY met spiegel wit \/ mistig\"}]}]}<\/script>\n<!-- \/ Yoast SEO plugin. -->","yoast_head_json":{"title":"\u00c9tag\u00e8re SIMPLY met spiegel wit \/ mistig | E-shop Belgische Artiesten","description":"R\u00e9alis\u00e9e en m\u00e9tal pli\u00e9, SIMPLY est une \u00e9tag\u00e8re fine et l\u00e9g\u00e8re qui se fixe facilement \u00e0 tout type de support.","robots":{"index":"index","follow":"follow","max-snippet":"max-snippet:-1","max-image-preview":"max-image-preview:large","max-video-preview":"max-video-preview:-1"},"canonical":"https:\/\/nationalstore.be\/nl\/product\/etagere-simply-met-spiegel-wit-mistig","og_locale":"nl_NL","og_type":"article","og_title":"\u00c9tag\u00e8re SIMPLY met spiegel wit \/ mistig | E-shop Belgische Artiesten","og_description":"R\u00e9alis\u00e9e en m\u00e9tal pli\u00e9, SIMPLY est une \u00e9tag\u00e8re fine et l\u00e9g\u00e8re qui se fixe facilement \u00e0 tout type de support.","og_url":"https:\/\/nationalstore.be\/nl\/product\/etagere-simply-met-spiegel-wit-mistig","og_site_name":"NATIONA(A)L ARTIST SUPERMARKET","article_publisher":"https:\/\/www.facebook.com\/nationalstore\/?ref=br_rs","article_modified_time":"2022-06-25T13:43:35+00:00","og_image":[{"width":948,"height":1164,"url":"https:\/\/nationalstore.be\/wp-content\/uploads\/2022\/04\/Capture-decran-2022-04-02-a-03.41.35.png","type":"image\/png"}],"twitter_card":"summary_large_image","twitter_site":"@Nationalstore","schema":{"@context":"https:\/\/schema.org","@graph":[{"@type":"Organization","@id":"https:\/\/nationalstore.be\/nl#organization","name":"NATIONA(A)L ARTIST MARKET","url":"https:\/\/nationalstore.be\/nl","sameAs":["https:\/\/www.instagram.com\/nationalstore\/","https:\/\/www.facebook.com\/nationalstore\/?ref=br_rs","https:\/\/twitter.com\/Nationalstore"],"logo":{"@type":"ImageObject","inLanguage":"nl","@id":"https:\/\/nationalstore.be\/nl#\/schema\/logo\/image\/","url":"https:\/\/nationalstore.be\/wp-content\/uploads\/2024\/03\/nationaal-logo_mauve-cmjn.png","contentUrl":"https:\/\/nationalstore.be\/wp-content\/uploads\/2024\/03\/nationaal-logo_mauve-cmjn.png","width":3475,"height":1352,"caption":"NATIONA(A)L ARTIST MARKET"},"image":{"@id":"https:\/\/nationalstore.be\/nl#\/schema\/logo\/image\/"}},{"@type":"WebSite","@id":"https:\/\/nationalstore.be\/nl#website","url":"https:\/\/nationalstore.be\/nl","name":"NATIONA(A)L ARTIST SUPERMARKET","description":"","publisher":{"@id":"https:\/\/nationalstore.be\/nl#organization"},"potentialAction":[{"@type":"SearchAction","target":{"@type":"EntryPoint","urlTemplate":"https:\/\/nationalstore.be\/nl?s={search_term_string}"},"query-input":"required name=search_term_string"}],"inLanguage":"nl"},{"@type":"ImageObject","inLanguage":"nl","@id":"https:\/\/nationalstore.be\/nl\/product\/etagere-simply-met-spiegel-wit-mistig#primaryimage","url":"https:\/\/nationalstore.be\/wp-content\/uploads\/2022\/04\/Capture-decran-2022-04-02-a-03.41.35.png","contentUrl":"https:\/\/nationalstore.be\/wp-content\/uploads\/2022\/04\/Capture-decran-2022-04-02-a-03.41.35.png","width":948,"height":1164},{"@type":["WebPage","ItemPage"],"@id":"https:\/\/nationalstore.be\/nl\/product\/etagere-simply-met-spiegel-wit-mistig#webpage","url":"https:\/\/nationalstore.be\/nl\/product\/etagere-simply-met-spiegel-wit-mistig","name":"\u00c9tag\u00e8re SIMPLY met spiegel wit \/ mistig | E-shop Belgische Artiesten","isPartOf":{"@id":"https:\/\/nationalstore.be\/nl#website"},"primaryImageOfPage":{"@id":"https:\/\/nationalstore.be\/nl\/product\/etagere-simply-met-spiegel-wit-mistig#primaryimage"},"datePublished":"2022-04-12T13:19:55+00:00","dateModified":"2022-06-25T13:43:35+00:00","description":"R\u00e9alis\u00e9e en m\u00e9tal pli\u00e9, SIMPLY est une \u00e9tag\u00e8re fine et l\u00e9g\u00e8re qui se fixe facilement \u00e0 tout type de support.","breadcrumb":{"@id":"https:\/\/nationalstore.be\/nl\/product\/etagere-simply-met-spiegel-wit-mistig#breadcrumb"},"inLanguage":"nl","potentialAction":[{"@type":"ReadAction","target":["https:\/\/nationalstore.be\/nl\/product\/etagere-simply-met-spiegel-wit-mistig"]}]},{"@type":"BreadcrumbList","@id":"https:\/\/nationalstore.be\/nl\/product\/etagere-simply-met-spiegel-wit-mistig#breadcrumb","itemListElement":[{"@type":"ListItem","position":1,"name":"Home","item":"https:\/\/nationalstore.be\/nl"},{"@type":"ListItem","position":2,"name":"Producten","item":"https:\/\/nationalstore.be\/nl\/shop"},{"@type":"ListItem","position":3,"name":"Ontwerp &amp; Duurzaamheid","item":"https:\/\/nationalstore.be\/nl\/pc\/subcategories-nl\/ontwerp-duurzaamheid"},{"@type":"ListItem","position":4,"name":"\u00c9tag\u00e8re SIMPLY met spiegel wit \/ mistig"}]}]}},"_links":{"self":[{"href":"https:\/\/nationalstore.be\/nl\/wp-json\/wp\/v2\/product\/33221"}],"collection":[{"href":"https:\/\/nationalstore.be\/nl\/wp-json\/wp\/v2\/product"}],"about":[{"href":"https:\/\/nationalstore.be\/nl\/wp-json\/wp\/v2\/types\/product"}],"wp:featuredmedia":[{"embeddable":true,"href":"https:\/\/nationalstore.be\/nl\/wp-json\/wp\/v2\/media\/32663"}],"wp:attachment":[{"href":"https:\/\/nationalstore.be\/nl\/wp-json\/wp\/v2\/media?parent=33221"}],"wp:term":[{"taxonomy":"product_cat","embeddable":true,"href":"https:\/\/nationalstore.be\/nl\/wp-json\/wp\/v2\/product_cat?post=33221"},{"taxonomy":"product_tag","embeddable":true,"href":"https:\/\/nationalstore.be\/nl\/wp-json\/wp\/v2\/product_tag?post=33221"}],"curies":[{"name":"wp","href":"https:\/\/api.w.org\/{rel}","templated":true}]}}