{"id":33088,"date":"2022-04-20T15:07:08","date_gmt":"2022-04-12T12:55:45","guid":{"rendered":"https:\/\/nationalstore.be\/?post_type=product&#038;p=33088"},"modified":"2022-06-25T17:20:04","modified_gmt":"2022-06-25T15:20:04","slug":"popylight-gebleekt-essen-zwart-gebeitst-essen","status":"publish","type":"product","link":"https:\/\/nationalstore.be\/nl\/product\/popylight-gebleekt-essen-zwart-gebeitst-essen","title":{"rendered":"POPYLIGHT gebleekt essen \/ zwart gebeitst essen"},"content":{"rendered":"<p>In zijn zuivere versie is POPYLIGHT uitgerust met een kleine opaline bol die fier op het dienblad staat en een zacht en gedempt licht verspreidt.<\/p>\n","protected":false},"excerpt":{"rendered":"<p>POPY is zowel een verlichtings- als een decoratief element. Het is de lieflijke naam die gegeven is aan een klein dienblad, volledig in rondingen, samengesteld uit een voet in cirkelboogvorm en bekroond door een schijf, het geheel in essenhout bewerkt door de deskundige handen van een houtdraaier in Belgi\u00eb.<\/p>\n","protected":false},"featured_media":33728,"template":"","meta":[],"product_cat":[3124,526,2992,3379,1592,2314,555],"product_tag":[1162,1742,3239,2372,834],"yoast_head":"<!-- This site is optimized with the Yoast SEO plugin v19.1 - https:\/\/yoast.com\/wordpress\/plugins\/seo\/ -->\n<title>POPYLIGHT gebleekt essen \/ zwart gebeitst essen | E-shop Belgische Artiesten<\/title>\n<meta name=\"description\" content=\"Petit plateau tout en courbes, compos\u00e9 d\u2019un pied en arc de cercle et surmont\u00e9 d\u2019un disque, le tout en bois de fr\u00eane surmont\u00e9 d&#039;un petit globe opalin. Deux coloris de bois : fr\u00eane blanchi et fr\u00eane lasur\u00e9 noir.\" \/>\n<meta name=\"robots\" content=\"index, follow, max-snippet:-1, max-image-preview:large, max-video-preview:-1\" \/>\n<link rel=\"canonical\" href=\"https:\/\/nationalstore.be\/nl\/product\/popylight-gebleekt-essen-zwart-gebeitst-essen\" \/>\n<meta property=\"og:locale\" content=\"nl_NL\" \/>\n<meta property=\"og:type\" content=\"article\" \/>\n<meta property=\"og:title\" content=\"POPYLIGHT gebleekt essen \/ zwart gebeitst essen | E-shop Belgische Artiesten\" \/>\n<meta property=\"og:description\" content=\"Petit plateau tout en courbes, compos\u00e9 d\u2019un pied en arc de cercle et surmont\u00e9 d\u2019un disque, le tout en bois de fr\u00eane surmont\u00e9 d&#039;un petit globe opalin. Deux coloris de bois : fr\u00eane blanchi et fr\u00eane lasur\u00e9 noir.\" \/>\n<meta property=\"og:url\" content=\"https:\/\/nationalstore.be\/nl\/product\/popylight-gebleekt-essen-zwart-gebeitst-essen\" \/>\n<meta property=\"og:site_name\" content=\"NATIONA(A)L ARTIST SUPERMARKET\" \/>\n<meta property=\"article:publisher\" content=\"https:\/\/www.facebook.com\/nationalstore\/?ref=br_rs\" \/>\n<meta property=\"article:modified_time\" content=\"2022-06-25T15:20:04+00:00\" \/>\n<meta property=\"og:image\" content=\"https:\/\/nationalstore.be\/wp-content\/uploads\/2022\/04\/mlle-jo-popylight-blanc-2-600x617-1.jpeg\" \/>\n\t<meta property=\"og:image:width\" content=\"600\" \/>\n\t<meta property=\"og:image:height\" content=\"617\" \/>\n\t<meta property=\"og:image:type\" content=\"image\/jpeg\" \/>\n<meta name=\"twitter:card\" content=\"summary_large_image\" \/>\n<meta name=\"twitter:site\" content=\"@Nationalstore\" \/>\n<script type=\"application\/ld+json\" class=\"yoast-schema-graph\">{\"@context\":\"https:\/\/schema.org\",\"@graph\":[{\"@type\":\"Organization\",\"@id\":\"https:\/\/nationalstore.be\/nl#organization\",\"name\":\"NATIONA(A)L ARTIST MARKET\",\"url\":\"https:\/\/nationalstore.be\/nl\",\"sameAs\":[\"https:\/\/www.instagram.com\/nationalstore\/\",\"https:\/\/www.facebook.com\/nationalstore\/?ref=br_rs\",\"https:\/\/twitter.com\/Nationalstore\"],\"logo\":{\"@type\":\"ImageObject\",\"inLanguage\":\"nl\",\"@id\":\"https:\/\/nationalstore.be\/nl#\/schema\/logo\/image\/\",\"url\":\"https:\/\/nationalstore.be\/wp-content\/uploads\/2024\/03\/nationaal-logo_mauve-cmjn.png\",\"contentUrl\":\"https:\/\/nationalstore.be\/wp-content\/uploads\/2024\/03\/nationaal-logo_mauve-cmjn.png\",\"width\":3475,\"height\":1352,\"caption\":\"NATIONA(A)L ARTIST MARKET\"},\"image\":{\"@id\":\"https:\/\/nationalstore.be\/nl#\/schema\/logo\/image\/\"}},{\"@type\":\"WebSite\",\"@id\":\"https:\/\/nationalstore.be\/nl#website\",\"url\":\"https:\/\/nationalstore.be\/nl\",\"name\":\"NATIONA(A)L ARTIST SUPERMARKET\",\"description\":\"\",\"publisher\":{\"@id\":\"https:\/\/nationalstore.be\/nl#organization\"},\"potentialAction\":[{\"@type\":\"SearchAction\",\"target\":{\"@type\":\"EntryPoint\",\"urlTemplate\":\"https:\/\/nationalstore.be\/nl?s={search_term_string}\"},\"query-input\":\"required name=search_term_string\"}],\"inLanguage\":\"nl\"},{\"@type\":\"ImageObject\",\"inLanguage\":\"nl\",\"@id\":\"https:\/\/nationalstore.be\/nl\/product\/popylight-gebleekt-essen-zwart-gebeitst-essen#primaryimage\",\"url\":\"https:\/\/nationalstore.be\/wp-content\/uploads\/2022\/04\/mlle-jo-popylight-blanc-2-600x617-1.jpeg\",\"contentUrl\":\"https:\/\/nationalstore.be\/wp-content\/uploads\/2022\/04\/mlle-jo-popylight-blanc-2-600x617-1.jpeg\",\"width\":600,\"height\":617},{\"@type\":[\"WebPage\",\"ItemPage\"],\"@id\":\"https:\/\/nationalstore.be\/nl\/product\/popylight-gebleekt-essen-zwart-gebeitst-essen#webpage\",\"url\":\"https:\/\/nationalstore.be\/nl\/product\/popylight-gebleekt-essen-zwart-gebeitst-essen\",\"name\":\"POPYLIGHT gebleekt essen \/ zwart gebeitst essen | E-shop Belgische Artiesten\",\"isPartOf\":{\"@id\":\"https:\/\/nationalstore.be\/nl#website\"},\"primaryImageOfPage\":{\"@id\":\"https:\/\/nationalstore.be\/nl\/product\/popylight-gebleekt-essen-zwart-gebeitst-essen#primaryimage\"},\"datePublished\":\"2022-04-12T12:55:45+00:00\",\"dateModified\":\"2022-06-25T15:20:04+00:00\",\"description\":\"Petit plateau tout en courbes, compos\u00e9 d\u2019un pied en arc de cercle et surmont\u00e9 d\u2019un disque, le tout en bois de fr\u00eane surmont\u00e9 d'un petit globe opalin. Deux coloris de bois : fr\u00eane blanchi et fr\u00eane lasur\u00e9 noir.\",\"breadcrumb\":{\"@id\":\"https:\/\/nationalstore.be\/nl\/product\/popylight-gebleekt-essen-zwart-gebeitst-essen#breadcrumb\"},\"inLanguage\":\"nl\",\"potentialAction\":[{\"@type\":\"ReadAction\",\"target\":[\"https:\/\/nationalstore.be\/nl\/product\/popylight-gebleekt-essen-zwart-gebeitst-essen\"]}]},{\"@type\":\"BreadcrumbList\",\"@id\":\"https:\/\/nationalstore.be\/nl\/product\/popylight-gebleekt-essen-zwart-gebeitst-essen#breadcrumb\",\"itemListElement\":[{\"@type\":\"ListItem\",\"position\":1,\"name\":\"Home\",\"item\":\"https:\/\/nationalstore.be\/nl\"},{\"@type\":\"ListItem\",\"position\":2,\"name\":\"Producten\",\"item\":\"https:\/\/nationalstore.be\/nl\/shop\"},{\"@type\":\"ListItem\",\"position\":3,\"name\":\"Subcategories\",\"item\":\"https:\/\/nationalstore.be\/nl\/pc\/subcategories-nl\"},{\"@type\":\"ListItem\",\"position\":4,\"name\":\"CDM x NATIONA(A)L: een nieuwe gemeenschappelijke (beeld)taal\",\"item\":\"https:\/\/nationalstore.be\/nl\/pc\/subcategories-nl\/cdm-x-nationaal-een-nieuwe-gemeenschappelijke-beeldtaal\"},{\"@type\":\"ListItem\",\"position\":5,\"name\":\"POPYLIGHT gebleekt essen \/ zwart gebeitst essen\"}]}]}<\/script>\n<!-- \/ Yoast SEO plugin. -->","yoast_head_json":{"title":"POPYLIGHT gebleekt essen \/ zwart gebeitst essen | E-shop Belgische Artiesten","description":"Petit plateau tout en courbes, compos\u00e9 d\u2019un pied en arc de cercle et surmont\u00e9 d\u2019un disque, le tout en bois de fr\u00eane surmont\u00e9 d'un petit globe opalin. Deux coloris de bois : fr\u00eane blanchi et fr\u00eane lasur\u00e9 noir.","robots":{"index":"index","follow":"follow","max-snippet":"max-snippet:-1","max-image-preview":"max-image-preview:large","max-video-preview":"max-video-preview:-1"},"canonical":"https:\/\/nationalstore.be\/nl\/product\/popylight-gebleekt-essen-zwart-gebeitst-essen","og_locale":"nl_NL","og_type":"article","og_title":"POPYLIGHT gebleekt essen \/ zwart gebeitst essen | E-shop Belgische Artiesten","og_description":"Petit plateau tout en courbes, compos\u00e9 d\u2019un pied en arc de cercle et surmont\u00e9 d\u2019un disque, le tout en bois de fr\u00eane surmont\u00e9 d'un petit globe opalin. Deux coloris de bois : fr\u00eane blanchi et fr\u00eane lasur\u00e9 noir.","og_url":"https:\/\/nationalstore.be\/nl\/product\/popylight-gebleekt-essen-zwart-gebeitst-essen","og_site_name":"NATIONA(A)L ARTIST SUPERMARKET","article_publisher":"https:\/\/www.facebook.com\/nationalstore\/?ref=br_rs","article_modified_time":"2022-06-25T15:20:04+00:00","og_image":[{"width":600,"height":617,"url":"https:\/\/nationalstore.be\/wp-content\/uploads\/2022\/04\/mlle-jo-popylight-blanc-2-600x617-1.jpeg","type":"image\/jpeg"}],"twitter_card":"summary_large_image","twitter_site":"@Nationalstore","schema":{"@context":"https:\/\/schema.org","@graph":[{"@type":"Organization","@id":"https:\/\/nationalstore.be\/nl#organization","name":"NATIONA(A)L ARTIST MARKET","url":"https:\/\/nationalstore.be\/nl","sameAs":["https:\/\/www.instagram.com\/nationalstore\/","https:\/\/www.facebook.com\/nationalstore\/?ref=br_rs","https:\/\/twitter.com\/Nationalstore"],"logo":{"@type":"ImageObject","inLanguage":"nl","@id":"https:\/\/nationalstore.be\/nl#\/schema\/logo\/image\/","url":"https:\/\/nationalstore.be\/wp-content\/uploads\/2024\/03\/nationaal-logo_mauve-cmjn.png","contentUrl":"https:\/\/nationalstore.be\/wp-content\/uploads\/2024\/03\/nationaal-logo_mauve-cmjn.png","width":3475,"height":1352,"caption":"NATIONA(A)L ARTIST MARKET"},"image":{"@id":"https:\/\/nationalstore.be\/nl#\/schema\/logo\/image\/"}},{"@type":"WebSite","@id":"https:\/\/nationalstore.be\/nl#website","url":"https:\/\/nationalstore.be\/nl","name":"NATIONA(A)L ARTIST SUPERMARKET","description":"","publisher":{"@id":"https:\/\/nationalstore.be\/nl#organization"},"potentialAction":[{"@type":"SearchAction","target":{"@type":"EntryPoint","urlTemplate":"https:\/\/nationalstore.be\/nl?s={search_term_string}"},"query-input":"required name=search_term_string"}],"inLanguage":"nl"},{"@type":"ImageObject","inLanguage":"nl","@id":"https:\/\/nationalstore.be\/nl\/product\/popylight-gebleekt-essen-zwart-gebeitst-essen#primaryimage","url":"https:\/\/nationalstore.be\/wp-content\/uploads\/2022\/04\/mlle-jo-popylight-blanc-2-600x617-1.jpeg","contentUrl":"https:\/\/nationalstore.be\/wp-content\/uploads\/2022\/04\/mlle-jo-popylight-blanc-2-600x617-1.jpeg","width":600,"height":617},{"@type":["WebPage","ItemPage"],"@id":"https:\/\/nationalstore.be\/nl\/product\/popylight-gebleekt-essen-zwart-gebeitst-essen#webpage","url":"https:\/\/nationalstore.be\/nl\/product\/popylight-gebleekt-essen-zwart-gebeitst-essen","name":"POPYLIGHT gebleekt essen \/ zwart gebeitst essen | E-shop Belgische Artiesten","isPartOf":{"@id":"https:\/\/nationalstore.be\/nl#website"},"primaryImageOfPage":{"@id":"https:\/\/nationalstore.be\/nl\/product\/popylight-gebleekt-essen-zwart-gebeitst-essen#primaryimage"},"datePublished":"2022-04-12T12:55:45+00:00","dateModified":"2022-06-25T15:20:04+00:00","description":"Petit plateau tout en courbes, compos\u00e9 d\u2019un pied en arc de cercle et surmont\u00e9 d\u2019un disque, le tout en bois de fr\u00eane surmont\u00e9 d'un petit globe opalin. Deux coloris de bois : fr\u00eane blanchi et fr\u00eane lasur\u00e9 noir.","breadcrumb":{"@id":"https:\/\/nationalstore.be\/nl\/product\/popylight-gebleekt-essen-zwart-gebeitst-essen#breadcrumb"},"inLanguage":"nl","potentialAction":[{"@type":"ReadAction","target":["https:\/\/nationalstore.be\/nl\/product\/popylight-gebleekt-essen-zwart-gebeitst-essen"]}]},{"@type":"BreadcrumbList","@id":"https:\/\/nationalstore.be\/nl\/product\/popylight-gebleekt-essen-zwart-gebeitst-essen#breadcrumb","itemListElement":[{"@type":"ListItem","position":1,"name":"Home","item":"https:\/\/nationalstore.be\/nl"},{"@type":"ListItem","position":2,"name":"Producten","item":"https:\/\/nationalstore.be\/nl\/shop"},{"@type":"ListItem","position":3,"name":"Subcategories","item":"https:\/\/nationalstore.be\/nl\/pc\/subcategories-nl"},{"@type":"ListItem","position":4,"name":"CDM x NATIONA(A)L: een nieuwe gemeenschappelijke (beeld)taal","item":"https:\/\/nationalstore.be\/nl\/pc\/subcategories-nl\/cdm-x-nationaal-een-nieuwe-gemeenschappelijke-beeldtaal"},{"@type":"ListItem","position":5,"name":"POPYLIGHT gebleekt essen \/ zwart gebeitst essen"}]}]}},"_links":{"self":[{"href":"https:\/\/nationalstore.be\/nl\/wp-json\/wp\/v2\/product\/33088"}],"collection":[{"href":"https:\/\/nationalstore.be\/nl\/wp-json\/wp\/v2\/product"}],"about":[{"href":"https:\/\/nationalstore.be\/nl\/wp-json\/wp\/v2\/types\/product"}],"wp:featuredmedia":[{"embeddable":true,"href":"https:\/\/nationalstore.be\/nl\/wp-json\/wp\/v2\/media\/33728"}],"wp:attachment":[{"href":"https:\/\/nationalstore.be\/nl\/wp-json\/wp\/v2\/media?parent=33088"}],"wp:term":[{"taxonomy":"product_cat","embeddable":true,"href":"https:\/\/nationalstore.be\/nl\/wp-json\/wp\/v2\/product_cat?post=33088"},{"taxonomy":"product_tag","embeddable":true,"href":"https:\/\/nationalstore.be\/nl\/wp-json\/wp\/v2\/product_tag?post=33088"}],"curies":[{"name":"wp","href":"https:\/\/api.w.org\/{rel}","templated":true}]}}