{"id":33019,"date":"2022-04-20T14:59:09","date_gmt":"2022-04-12T12:09:03","guid":{"rendered":"https:\/\/nationalstore.be\/?post_type=product&#038;p=33019"},"modified":"2025-07-07T11:49:10","modified_gmt":"2025-07-07T09:49:10","slug":"assy-krukje-leder-essen-zwart-gebeitst","status":"publish","type":"product","link":"https:\/\/nationalstore.be\/nl\/product\/assy-krukje-leder-essen-zwart-gebeitst","title":{"rendered":"ASSY krukje leder essen zwart gebeitst"},"content":{"rendered":"<p>De fijne details zijn het resultaat van precisiewerk met de hand.<\/p>\n<p>Dit eenvoudige voorwerp is een perfect en nuttig kunstwerk dat door smaak wordt gekozen en door de tijd wordt bewaard. Een voorwerp met een esthetische en sentimentele waarde.<\/p>\n<p>ASSY is een bijzonder en po\u00ebtisch product, met een vleugje pit.<\/p>\n","protected":false},"excerpt":{"rendered":"<p>ASSY afgerond leer, geaccentueerd met een leren koord, kan worden gebruikt als krukje of klein bijzettafeltje.<\/p>\n","protected":false},"featured_media":32550,"template":"","meta":[],"product_cat":[3124,526,549,3379,1592,2314],"product_tag":[356,335,2046,3239,139,321],"yoast_head":"<!-- This site is optimized with the Yoast SEO plugin v19.1 - https:\/\/yoast.com\/wordpress\/plugins\/seo\/ -->\n<title>ASSY krukje leder essen zwart gebeitst | E-shop Belgische Artiesten<\/title>\n<meta name=\"description\" content=\"Tabouret ou table d\u2019appoint en bois de fr\u00eane blanchi avec un contour cuir orange br\u00fbl\u00e9.\" \/>\n<meta name=\"robots\" content=\"index, follow, max-snippet:-1, max-image-preview:large, max-video-preview:-1\" \/>\n<link rel=\"canonical\" href=\"https:\/\/nationalstore.be\/nl\/product\/assy-krukje-leder-essen-zwart-gebeitst\" \/>\n<meta property=\"og:locale\" content=\"nl_NL\" \/>\n<meta property=\"og:type\" content=\"article\" \/>\n<meta property=\"og:title\" content=\"ASSY krukje leder essen zwart gebeitst | E-shop Belgische Artiesten\" \/>\n<meta property=\"og:description\" content=\"Tabouret ou table d\u2019appoint en bois de fr\u00eane blanchi avec un contour cuir orange br\u00fbl\u00e9.\" \/>\n<meta property=\"og:url\" content=\"https:\/\/nationalstore.be\/nl\/product\/assy-krukje-leder-essen-zwart-gebeitst\" \/>\n<meta property=\"og:site_name\" content=\"NATIONA(A)L ARTIST SUPERMARKET\" \/>\n<meta property=\"article:publisher\" content=\"https:\/\/www.facebook.com\/nationalstore\/?ref=br_rs\" \/>\n<meta property=\"article:modified_time\" content=\"2025-07-07T09:49:10+00:00\" \/>\n<meta property=\"og:image\" content=\"https:\/\/nationalstore.be\/wp-content\/uploads\/2022\/04\/Capture-decran-2022-04-01-a-11.45.37.png\" \/>\n\t<meta property=\"og:image:width\" content=\"672\" \/>\n\t<meta property=\"og:image:height\" content=\"936\" \/>\n\t<meta property=\"og:image:type\" content=\"image\/png\" \/>\n<meta name=\"twitter:card\" content=\"summary_large_image\" \/>\n<meta name=\"twitter:site\" content=\"@Nationalstore\" \/>\n<script type=\"application\/ld+json\" class=\"yoast-schema-graph\">{\"@context\":\"https:\/\/schema.org\",\"@graph\":[{\"@type\":\"Organization\",\"@id\":\"https:\/\/nationalstore.be\/nl#organization\",\"name\":\"NATIONA(A)L ARTIST MARKET\",\"url\":\"https:\/\/nationalstore.be\/nl\",\"sameAs\":[\"https:\/\/www.instagram.com\/nationalstore\/\",\"https:\/\/www.facebook.com\/nationalstore\/?ref=br_rs\",\"https:\/\/twitter.com\/Nationalstore\"],\"logo\":{\"@type\":\"ImageObject\",\"inLanguage\":\"nl\",\"@id\":\"https:\/\/nationalstore.be\/nl#\/schema\/logo\/image\/\",\"url\":\"https:\/\/nationalstore.be\/wp-content\/uploads\/2024\/03\/nationaal-logo_mauve-cmjn.png\",\"contentUrl\":\"https:\/\/nationalstore.be\/wp-content\/uploads\/2024\/03\/nationaal-logo_mauve-cmjn.png\",\"width\":3475,\"height\":1352,\"caption\":\"NATIONA(A)L ARTIST MARKET\"},\"image\":{\"@id\":\"https:\/\/nationalstore.be\/nl#\/schema\/logo\/image\/\"}},{\"@type\":\"WebSite\",\"@id\":\"https:\/\/nationalstore.be\/nl#website\",\"url\":\"https:\/\/nationalstore.be\/nl\",\"name\":\"NATIONA(A)L ARTIST SUPERMARKET\",\"description\":\"\",\"publisher\":{\"@id\":\"https:\/\/nationalstore.be\/nl#organization\"},\"potentialAction\":[{\"@type\":\"SearchAction\",\"target\":{\"@type\":\"EntryPoint\",\"urlTemplate\":\"https:\/\/nationalstore.be\/nl?s={search_term_string}\"},\"query-input\":\"required name=search_term_string\"}],\"inLanguage\":\"nl\"},{\"@type\":\"ImageObject\",\"inLanguage\":\"nl\",\"@id\":\"https:\/\/nationalstore.be\/nl\/product\/assy-krukje-leder-essen-zwart-gebeitst#primaryimage\",\"url\":\"https:\/\/nationalstore.be\/wp-content\/uploads\/2022\/04\/Capture-decran-2022-04-01-a-11.45.37.png\",\"contentUrl\":\"https:\/\/nationalstore.be\/wp-content\/uploads\/2022\/04\/Capture-decran-2022-04-01-a-11.45.37.png\",\"width\":672,\"height\":936},{\"@type\":[\"WebPage\",\"ItemPage\"],\"@id\":\"https:\/\/nationalstore.be\/nl\/product\/assy-krukje-leder-essen-zwart-gebeitst#webpage\",\"url\":\"https:\/\/nationalstore.be\/nl\/product\/assy-krukje-leder-essen-zwart-gebeitst\",\"name\":\"ASSY krukje leder essen zwart gebeitst | E-shop Belgische Artiesten\",\"isPartOf\":{\"@id\":\"https:\/\/nationalstore.be\/nl#website\"},\"primaryImageOfPage\":{\"@id\":\"https:\/\/nationalstore.be\/nl\/product\/assy-krukje-leder-essen-zwart-gebeitst#primaryimage\"},\"datePublished\":\"2022-04-12T12:09:03+00:00\",\"dateModified\":\"2025-07-07T09:49:10+00:00\",\"description\":\"Tabouret ou table d\u2019appoint en bois de fr\u00eane blanchi avec un contour cuir orange br\u00fbl\u00e9.\",\"breadcrumb\":{\"@id\":\"https:\/\/nationalstore.be\/nl\/product\/assy-krukje-leder-essen-zwart-gebeitst#breadcrumb\"},\"inLanguage\":\"nl\",\"potentialAction\":[{\"@type\":\"ReadAction\",\"target\":[\"https:\/\/nationalstore.be\/nl\/product\/assy-krukje-leder-essen-zwart-gebeitst\"]}]},{\"@type\":\"BreadcrumbList\",\"@id\":\"https:\/\/nationalstore.be\/nl\/product\/assy-krukje-leder-essen-zwart-gebeitst#breadcrumb\",\"itemListElement\":[{\"@type\":\"ListItem\",\"position\":1,\"name\":\"Home\",\"item\":\"https:\/\/nationalstore.be\/nl\"},{\"@type\":\"ListItem\",\"position\":2,\"name\":\"Producten\",\"item\":\"https:\/\/nationalstore.be\/nl\/shop\"},{\"@type\":\"ListItem\",\"position\":3,\"name\":\"Subcategories\",\"item\":\"https:\/\/nationalstore.be\/nl\/pc\/subcategories-nl\"},{\"@type\":\"ListItem\",\"position\":4,\"name\":\"CDM x NATIONA(A)L: een nieuwe gemeenschappelijke (beeld)taal\",\"item\":\"https:\/\/nationalstore.be\/nl\/pc\/subcategories-nl\/cdm-x-nationaal-een-nieuwe-gemeenschappelijke-beeldtaal\"},{\"@type\":\"ListItem\",\"position\":5,\"name\":\"ASSY krukje leder essen zwart gebeitst\"}]}]}<\/script>\n<!-- \/ Yoast SEO plugin. -->","yoast_head_json":{"title":"ASSY krukje leder essen zwart gebeitst | E-shop Belgische Artiesten","description":"Tabouret ou table d\u2019appoint en bois de fr\u00eane blanchi avec un contour cuir orange br\u00fbl\u00e9.","robots":{"index":"index","follow":"follow","max-snippet":"max-snippet:-1","max-image-preview":"max-image-preview:large","max-video-preview":"max-video-preview:-1"},"canonical":"https:\/\/nationalstore.be\/nl\/product\/assy-krukje-leder-essen-zwart-gebeitst","og_locale":"nl_NL","og_type":"article","og_title":"ASSY krukje leder essen zwart gebeitst | E-shop Belgische Artiesten","og_description":"Tabouret ou table d\u2019appoint en bois de fr\u00eane blanchi avec un contour cuir orange br\u00fbl\u00e9.","og_url":"https:\/\/nationalstore.be\/nl\/product\/assy-krukje-leder-essen-zwart-gebeitst","og_site_name":"NATIONA(A)L ARTIST SUPERMARKET","article_publisher":"https:\/\/www.facebook.com\/nationalstore\/?ref=br_rs","article_modified_time":"2025-07-07T09:49:10+00:00","og_image":[{"width":672,"height":936,"url":"https:\/\/nationalstore.be\/wp-content\/uploads\/2022\/04\/Capture-decran-2022-04-01-a-11.45.37.png","type":"image\/png"}],"twitter_card":"summary_large_image","twitter_site":"@Nationalstore","schema":{"@context":"https:\/\/schema.org","@graph":[{"@type":"Organization","@id":"https:\/\/nationalstore.be\/nl#organization","name":"NATIONA(A)L ARTIST MARKET","url":"https:\/\/nationalstore.be\/nl","sameAs":["https:\/\/www.instagram.com\/nationalstore\/","https:\/\/www.facebook.com\/nationalstore\/?ref=br_rs","https:\/\/twitter.com\/Nationalstore"],"logo":{"@type":"ImageObject","inLanguage":"nl","@id":"https:\/\/nationalstore.be\/nl#\/schema\/logo\/image\/","url":"https:\/\/nationalstore.be\/wp-content\/uploads\/2024\/03\/nationaal-logo_mauve-cmjn.png","contentUrl":"https:\/\/nationalstore.be\/wp-content\/uploads\/2024\/03\/nationaal-logo_mauve-cmjn.png","width":3475,"height":1352,"caption":"NATIONA(A)L ARTIST MARKET"},"image":{"@id":"https:\/\/nationalstore.be\/nl#\/schema\/logo\/image\/"}},{"@type":"WebSite","@id":"https:\/\/nationalstore.be\/nl#website","url":"https:\/\/nationalstore.be\/nl","name":"NATIONA(A)L ARTIST SUPERMARKET","description":"","publisher":{"@id":"https:\/\/nationalstore.be\/nl#organization"},"potentialAction":[{"@type":"SearchAction","target":{"@type":"EntryPoint","urlTemplate":"https:\/\/nationalstore.be\/nl?s={search_term_string}"},"query-input":"required name=search_term_string"}],"inLanguage":"nl"},{"@type":"ImageObject","inLanguage":"nl","@id":"https:\/\/nationalstore.be\/nl\/product\/assy-krukje-leder-essen-zwart-gebeitst#primaryimage","url":"https:\/\/nationalstore.be\/wp-content\/uploads\/2022\/04\/Capture-decran-2022-04-01-a-11.45.37.png","contentUrl":"https:\/\/nationalstore.be\/wp-content\/uploads\/2022\/04\/Capture-decran-2022-04-01-a-11.45.37.png","width":672,"height":936},{"@type":["WebPage","ItemPage"],"@id":"https:\/\/nationalstore.be\/nl\/product\/assy-krukje-leder-essen-zwart-gebeitst#webpage","url":"https:\/\/nationalstore.be\/nl\/product\/assy-krukje-leder-essen-zwart-gebeitst","name":"ASSY krukje leder essen zwart gebeitst | E-shop Belgische Artiesten","isPartOf":{"@id":"https:\/\/nationalstore.be\/nl#website"},"primaryImageOfPage":{"@id":"https:\/\/nationalstore.be\/nl\/product\/assy-krukje-leder-essen-zwart-gebeitst#primaryimage"},"datePublished":"2022-04-12T12:09:03+00:00","dateModified":"2025-07-07T09:49:10+00:00","description":"Tabouret ou table d\u2019appoint en bois de fr\u00eane blanchi avec un contour cuir orange br\u00fbl\u00e9.","breadcrumb":{"@id":"https:\/\/nationalstore.be\/nl\/product\/assy-krukje-leder-essen-zwart-gebeitst#breadcrumb"},"inLanguage":"nl","potentialAction":[{"@type":"ReadAction","target":["https:\/\/nationalstore.be\/nl\/product\/assy-krukje-leder-essen-zwart-gebeitst"]}]},{"@type":"BreadcrumbList","@id":"https:\/\/nationalstore.be\/nl\/product\/assy-krukje-leder-essen-zwart-gebeitst#breadcrumb","itemListElement":[{"@type":"ListItem","position":1,"name":"Home","item":"https:\/\/nationalstore.be\/nl"},{"@type":"ListItem","position":2,"name":"Producten","item":"https:\/\/nationalstore.be\/nl\/shop"},{"@type":"ListItem","position":3,"name":"Subcategories","item":"https:\/\/nationalstore.be\/nl\/pc\/subcategories-nl"},{"@type":"ListItem","position":4,"name":"CDM x NATIONA(A)L: een nieuwe gemeenschappelijke (beeld)taal","item":"https:\/\/nationalstore.be\/nl\/pc\/subcategories-nl\/cdm-x-nationaal-een-nieuwe-gemeenschappelijke-beeldtaal"},{"@type":"ListItem","position":5,"name":"ASSY krukje leder essen zwart gebeitst"}]}]}},"_links":{"self":[{"href":"https:\/\/nationalstore.be\/nl\/wp-json\/wp\/v2\/product\/33019"}],"collection":[{"href":"https:\/\/nationalstore.be\/nl\/wp-json\/wp\/v2\/product"}],"about":[{"href":"https:\/\/nationalstore.be\/nl\/wp-json\/wp\/v2\/types\/product"}],"wp:featuredmedia":[{"embeddable":true,"href":"https:\/\/nationalstore.be\/nl\/wp-json\/wp\/v2\/media\/32550"}],"wp:attachment":[{"href":"https:\/\/nationalstore.be\/nl\/wp-json\/wp\/v2\/media?parent=33019"}],"wp:term":[{"taxonomy":"product_cat","embeddable":true,"href":"https:\/\/nationalstore.be\/nl\/wp-json\/wp\/v2\/product_cat?post=33019"},{"taxonomy":"product_tag","embeddable":true,"href":"https:\/\/nationalstore.be\/nl\/wp-json\/wp\/v2\/product_tag?post=33019"}],"curies":[{"name":"wp","href":"https:\/\/api.w.org\/{rel}","templated":true}]}}