{"id":31528,"date":"2022-03-09T12:07:44","date_gmt":"2022-03-11T08:53:32","guid":{"rendered":"https:\/\/nationalstore.be\/?post_type=product&#038;p=31528"},"modified":"2022-05-11T10:37:11","modified_gmt":"2022-05-11T08:37:11","slug":"slow-11","status":"publish","type":"product","link":"https:\/\/nationalstore.be\/nl\/product\/slow-11","title":{"rendered":"Slow #11"},"content":{"rendered":"<p>Diameter: \u00d8 100 cm<br \/>Materiaal: 100% wol<\/p>\n","protected":false},"excerpt":{"rendered":"<p>Het levendige patroon dat in de Slow serie verschijnt, komt uit het materiaal zelf in de structuur van de vervaardiging, en roept beweging op. De kleurgradatie hier voegt nog meer diepte toe. Het model is op bestelling verkrijgbaar.<\/p>\n","protected":false},"featured_media":30830,"template":"","meta":[],"product_cat":[3124,2900,526,3379,2879,2864],"product_tag":[1804,2959,1162,2372,3191],"yoast_head":"<!-- This site is optimized with the Yoast SEO plugin v19.1 - https:\/\/yoast.com\/wordpress\/plugins\/seo\/ -->\n<title>Slow #11 | E-shop Belgische Artiesten<\/title>\n<meta name=\"description\" content=\"Hypnotisant petit tapis constitu\u00e9 de laine bleue marine et d\u2019accents argent\u00e9s. Le dessin vient de la structure m\u00eame du tapis et r\u00e9v\u00e8le un mouvement circulaire. Comme la plupart de mes tapis, cette pi\u00e8ce peut \u00eatre accroch\u00e9e sur un mur ou pos\u00e9e au sol.\" \/>\n<meta name=\"robots\" content=\"index, follow, max-snippet:-1, max-image-preview:large, max-video-preview:-1\" \/>\n<link rel=\"canonical\" href=\"https:\/\/nationalstore.be\/nl\/product\/slow-11\" \/>\n<meta property=\"og:locale\" content=\"nl_NL\" \/>\n<meta property=\"og:type\" content=\"article\" \/>\n<meta property=\"og:title\" content=\"Slow #11 | E-shop Belgische Artiesten\" \/>\n<meta property=\"og:description\" content=\"Hypnotisant petit tapis constitu\u00e9 de laine bleue marine et d\u2019accents argent\u00e9s. Le dessin vient de la structure m\u00eame du tapis et r\u00e9v\u00e8le un mouvement circulaire. Comme la plupart de mes tapis, cette pi\u00e8ce peut \u00eatre accroch\u00e9e sur un mur ou pos\u00e9e au sol.\" \/>\n<meta property=\"og:url\" content=\"https:\/\/nationalstore.be\/nl\/product\/slow-11\" \/>\n<meta property=\"og:site_name\" content=\"NATIONA(A)L ARTIST SUPERMARKET\" \/>\n<meta property=\"article:publisher\" content=\"https:\/\/www.facebook.com\/nationalstore\/?ref=br_rs\" \/>\n<meta property=\"article:modified_time\" content=\"2022-05-11T08:37:11+00:00\" \/>\n<meta property=\"og:image\" content=\"https:\/\/nationalstore.be\/wp-content\/uploads\/2022\/03\/IMG_0325-1024x1024.jpg\" \/>\n\t<meta property=\"og:image:width\" content=\"1024\" \/>\n\t<meta property=\"og:image:height\" content=\"1024\" \/>\n\t<meta property=\"og:image:type\" content=\"image\/jpeg\" \/>\n<meta name=\"twitter:card\" content=\"summary_large_image\" \/>\n<meta name=\"twitter:site\" content=\"@Nationalstore\" \/>\n<script type=\"application\/ld+json\" class=\"yoast-schema-graph\">{\"@context\":\"https:\/\/schema.org\",\"@graph\":[{\"@type\":\"Organization\",\"@id\":\"https:\/\/nationalstore.be\/nl#organization\",\"name\":\"NATIONA(A)L ARTIST MARKET\",\"url\":\"https:\/\/nationalstore.be\/nl\",\"sameAs\":[\"https:\/\/www.instagram.com\/nationalstore\/\",\"https:\/\/www.facebook.com\/nationalstore\/?ref=br_rs\",\"https:\/\/twitter.com\/Nationalstore\"],\"logo\":{\"@type\":\"ImageObject\",\"inLanguage\":\"nl\",\"@id\":\"https:\/\/nationalstore.be\/nl#\/schema\/logo\/image\/\",\"url\":\"https:\/\/nationalstore.be\/wp-content\/uploads\/2024\/03\/nationaal-logo_mauve-cmjn.png\",\"contentUrl\":\"https:\/\/nationalstore.be\/wp-content\/uploads\/2024\/03\/nationaal-logo_mauve-cmjn.png\",\"width\":3475,\"height\":1352,\"caption\":\"NATIONA(A)L ARTIST MARKET\"},\"image\":{\"@id\":\"https:\/\/nationalstore.be\/nl#\/schema\/logo\/image\/\"}},{\"@type\":\"WebSite\",\"@id\":\"https:\/\/nationalstore.be\/nl#website\",\"url\":\"https:\/\/nationalstore.be\/nl\",\"name\":\"NATIONA(A)L ARTIST SUPERMARKET\",\"description\":\"\",\"publisher\":{\"@id\":\"https:\/\/nationalstore.be\/nl#organization\"},\"potentialAction\":[{\"@type\":\"SearchAction\",\"target\":{\"@type\":\"EntryPoint\",\"urlTemplate\":\"https:\/\/nationalstore.be\/nl?s={search_term_string}\"},\"query-input\":\"required name=search_term_string\"}],\"inLanguage\":\"nl\"},{\"@type\":\"ImageObject\",\"inLanguage\":\"nl\",\"@id\":\"https:\/\/nationalstore.be\/nl\/product\/slow-11#primaryimage\",\"url\":\"https:\/\/nationalstore.be\/wp-content\/uploads\/2022\/03\/IMG_0325.jpg\",\"contentUrl\":\"https:\/\/nationalstore.be\/wp-content\/uploads\/2022\/03\/IMG_0325.jpg\",\"width\":1280,\"height\":1280},{\"@type\":[\"WebPage\",\"ItemPage\"],\"@id\":\"https:\/\/nationalstore.be\/nl\/product\/slow-11#webpage\",\"url\":\"https:\/\/nationalstore.be\/nl\/product\/slow-11\",\"name\":\"Slow #11 | E-shop Belgische Artiesten\",\"isPartOf\":{\"@id\":\"https:\/\/nationalstore.be\/nl#website\"},\"primaryImageOfPage\":{\"@id\":\"https:\/\/nationalstore.be\/nl\/product\/slow-11#primaryimage\"},\"datePublished\":\"2022-03-11T08:53:32+00:00\",\"dateModified\":\"2022-05-11T08:37:11+00:00\",\"description\":\"Hypnotisant petit tapis constitu\u00e9 de laine bleue marine et d\u2019accents argent\u00e9s. Le dessin vient de la structure m\u00eame du tapis et r\u00e9v\u00e8le un mouvement circulaire. Comme la plupart de mes tapis, cette pi\u00e8ce peut \u00eatre accroch\u00e9e sur un mur ou pos\u00e9e au sol.\",\"breadcrumb\":{\"@id\":\"https:\/\/nationalstore.be\/nl\/product\/slow-11#breadcrumb\"},\"inLanguage\":\"nl\",\"potentialAction\":[{\"@type\":\"ReadAction\",\"target\":[\"https:\/\/nationalstore.be\/nl\/product\/slow-11\"]}]},{\"@type\":\"BreadcrumbList\",\"@id\":\"https:\/\/nationalstore.be\/nl\/product\/slow-11#breadcrumb\",\"itemListElement\":[{\"@type\":\"ListItem\",\"position\":1,\"name\":\"Home\",\"item\":\"https:\/\/nationalstore.be\/nl\"},{\"@type\":\"ListItem\",\"position\":2,\"name\":\"Producten\",\"item\":\"https:\/\/nationalstore.be\/nl\/shop\"},{\"@type\":\"ListItem\",\"position\":3,\"name\":\"Subcategories\",\"item\":\"https:\/\/nationalstore.be\/nl\/pc\/subcategories-nl\"},{\"@type\":\"ListItem\",\"position\":4,\"name\":\"CDM x NATIONA(A)L: een nieuwe gemeenschappelijke (beeld)taal\",\"item\":\"https:\/\/nationalstore.be\/nl\/pc\/subcategories-nl\/cdm-x-nationaal-een-nieuwe-gemeenschappelijke-beeldtaal\"},{\"@type\":\"ListItem\",\"position\":5,\"name\":\"Slow #11\"}]}]}<\/script>\n<!-- \/ Yoast SEO plugin. -->","yoast_head_json":{"title":"Slow #11 | E-shop Belgische Artiesten","description":"Hypnotisant petit tapis constitu\u00e9 de laine bleue marine et d\u2019accents argent\u00e9s. Le dessin vient de la structure m\u00eame du tapis et r\u00e9v\u00e8le un mouvement circulaire. Comme la plupart de mes tapis, cette pi\u00e8ce peut \u00eatre accroch\u00e9e sur un mur ou pos\u00e9e au sol.","robots":{"index":"index","follow":"follow","max-snippet":"max-snippet:-1","max-image-preview":"max-image-preview:large","max-video-preview":"max-video-preview:-1"},"canonical":"https:\/\/nationalstore.be\/nl\/product\/slow-11","og_locale":"nl_NL","og_type":"article","og_title":"Slow #11 | E-shop Belgische Artiesten","og_description":"Hypnotisant petit tapis constitu\u00e9 de laine bleue marine et d\u2019accents argent\u00e9s. Le dessin vient de la structure m\u00eame du tapis et r\u00e9v\u00e8le un mouvement circulaire. Comme la plupart de mes tapis, cette pi\u00e8ce peut \u00eatre accroch\u00e9e sur un mur ou pos\u00e9e au sol.","og_url":"https:\/\/nationalstore.be\/nl\/product\/slow-11","og_site_name":"NATIONA(A)L ARTIST SUPERMARKET","article_publisher":"https:\/\/www.facebook.com\/nationalstore\/?ref=br_rs","article_modified_time":"2022-05-11T08:37:11+00:00","og_image":[{"width":1024,"height":1024,"url":"https:\/\/nationalstore.be\/wp-content\/uploads\/2022\/03\/IMG_0325-1024x1024.jpg","type":"image\/jpeg"}],"twitter_card":"summary_large_image","twitter_site":"@Nationalstore","schema":{"@context":"https:\/\/schema.org","@graph":[{"@type":"Organization","@id":"https:\/\/nationalstore.be\/nl#organization","name":"NATIONA(A)L ARTIST MARKET","url":"https:\/\/nationalstore.be\/nl","sameAs":["https:\/\/www.instagram.com\/nationalstore\/","https:\/\/www.facebook.com\/nationalstore\/?ref=br_rs","https:\/\/twitter.com\/Nationalstore"],"logo":{"@type":"ImageObject","inLanguage":"nl","@id":"https:\/\/nationalstore.be\/nl#\/schema\/logo\/image\/","url":"https:\/\/nationalstore.be\/wp-content\/uploads\/2024\/03\/nationaal-logo_mauve-cmjn.png","contentUrl":"https:\/\/nationalstore.be\/wp-content\/uploads\/2024\/03\/nationaal-logo_mauve-cmjn.png","width":3475,"height":1352,"caption":"NATIONA(A)L ARTIST MARKET"},"image":{"@id":"https:\/\/nationalstore.be\/nl#\/schema\/logo\/image\/"}},{"@type":"WebSite","@id":"https:\/\/nationalstore.be\/nl#website","url":"https:\/\/nationalstore.be\/nl","name":"NATIONA(A)L ARTIST SUPERMARKET","description":"","publisher":{"@id":"https:\/\/nationalstore.be\/nl#organization"},"potentialAction":[{"@type":"SearchAction","target":{"@type":"EntryPoint","urlTemplate":"https:\/\/nationalstore.be\/nl?s={search_term_string}"},"query-input":"required name=search_term_string"}],"inLanguage":"nl"},{"@type":"ImageObject","inLanguage":"nl","@id":"https:\/\/nationalstore.be\/nl\/product\/slow-11#primaryimage","url":"https:\/\/nationalstore.be\/wp-content\/uploads\/2022\/03\/IMG_0325.jpg","contentUrl":"https:\/\/nationalstore.be\/wp-content\/uploads\/2022\/03\/IMG_0325.jpg","width":1280,"height":1280},{"@type":["WebPage","ItemPage"],"@id":"https:\/\/nationalstore.be\/nl\/product\/slow-11#webpage","url":"https:\/\/nationalstore.be\/nl\/product\/slow-11","name":"Slow #11 | E-shop Belgische Artiesten","isPartOf":{"@id":"https:\/\/nationalstore.be\/nl#website"},"primaryImageOfPage":{"@id":"https:\/\/nationalstore.be\/nl\/product\/slow-11#primaryimage"},"datePublished":"2022-03-11T08:53:32+00:00","dateModified":"2022-05-11T08:37:11+00:00","description":"Hypnotisant petit tapis constitu\u00e9 de laine bleue marine et d\u2019accents argent\u00e9s. Le dessin vient de la structure m\u00eame du tapis et r\u00e9v\u00e8le un mouvement circulaire. Comme la plupart de mes tapis, cette pi\u00e8ce peut \u00eatre accroch\u00e9e sur un mur ou pos\u00e9e au sol.","breadcrumb":{"@id":"https:\/\/nationalstore.be\/nl\/product\/slow-11#breadcrumb"},"inLanguage":"nl","potentialAction":[{"@type":"ReadAction","target":["https:\/\/nationalstore.be\/nl\/product\/slow-11"]}]},{"@type":"BreadcrumbList","@id":"https:\/\/nationalstore.be\/nl\/product\/slow-11#breadcrumb","itemListElement":[{"@type":"ListItem","position":1,"name":"Home","item":"https:\/\/nationalstore.be\/nl"},{"@type":"ListItem","position":2,"name":"Producten","item":"https:\/\/nationalstore.be\/nl\/shop"},{"@type":"ListItem","position":3,"name":"Subcategories","item":"https:\/\/nationalstore.be\/nl\/pc\/subcategories-nl"},{"@type":"ListItem","position":4,"name":"CDM x NATIONA(A)L: een nieuwe gemeenschappelijke (beeld)taal","item":"https:\/\/nationalstore.be\/nl\/pc\/subcategories-nl\/cdm-x-nationaal-een-nieuwe-gemeenschappelijke-beeldtaal"},{"@type":"ListItem","position":5,"name":"Slow #11"}]}]}},"_links":{"self":[{"href":"https:\/\/nationalstore.be\/nl\/wp-json\/wp\/v2\/product\/31528"}],"collection":[{"href":"https:\/\/nationalstore.be\/nl\/wp-json\/wp\/v2\/product"}],"about":[{"href":"https:\/\/nationalstore.be\/nl\/wp-json\/wp\/v2\/types\/product"}],"wp:featuredmedia":[{"embeddable":true,"href":"https:\/\/nationalstore.be\/nl\/wp-json\/wp\/v2\/media\/30830"}],"wp:attachment":[{"href":"https:\/\/nationalstore.be\/nl\/wp-json\/wp\/v2\/media?parent=31528"}],"wp:term":[{"taxonomy":"product_cat","embeddable":true,"href":"https:\/\/nationalstore.be\/nl\/wp-json\/wp\/v2\/product_cat?post=31528"},{"taxonomy":"product_tag","embeddable":true,"href":"https:\/\/nationalstore.be\/nl\/wp-json\/wp\/v2\/product_tag?post=31528"}],"curies":[{"name":"wp","href":"https:\/\/api.w.org\/{rel}","templated":true}]}}