{"id":29946,"date":"2022-02-24T11:21:07","date_gmt":"2022-02-13T17:27:17","guid":{"rendered":"https:\/\/nationalstore.be\/?post_type=product&#038;p=29946"},"modified":"2022-03-23T16:04:47","modified_gmt":"2022-03-23T15:04:47","slug":"the-bridge","status":"publish","type":"product","link":"https:\/\/nationalstore.be\/nl\/product\/the-bridge","title":{"rendered":"The Bridge"},"content":{"rendered":"<p>***<\/p>\n<p>Sign\u00e9 et num\u00e9rot\u00e9<\/p>\n<p><span style=\"vertical-align: inherit;\" data-mce-style=\"vertical-align: inherit;\"><span style=\"vertical-align: inherit;\" data-mce-style=\"vertical-align: inherit;\">Tirage \u00e0 25 exemplaires<\/span><\/span><\/p>\n","protected":false},"excerpt":{"rendered":"<p><span style=\"vertical-align: inherit;\" data-mce-style=\"vertical-align: inherit;\"><span style=\"vertical-align: inherit;\" data-mce-style=\"vertical-align: inherit;\">21 x 24,9 cm<\/span><\/span><\/p>\n<p><span style=\"vertical-align: inherit;\" data-mce-style=\"vertical-align: inherit;\"><span style=\"vertical-align: inherit;\" data-mce-style=\"vertical-align: inherit;\">Impression d&#8217;art sur Hahnem\u00fcle <\/span><\/span><span style=\"vertical-align: inherit;\" data-mce-style=\"vertical-align: inherit;\"><span style=\"vertical-align: inherit;\" data-mce-style=\"vertical-align: inherit;\">Photo Rag Pearl (320g. 100% coton)<\/span><\/span><\/p>\n","protected":false},"featured_media":31487,"template":"","meta":[],"product_cat":[569,1139,2924,2314],"product_tag":[3271,3272,3274],"yoast_head":"<!-- This site is optimized with the Yoast SEO plugin v19.1 - https:\/\/yoast.com\/wordpress\/plugins\/seo\/ -->\n<title>The Bridge | E-shop Belgische Artiesten<\/title>\n<meta name=\"description\" content=\"Een The Bridge kopen? Op onze Belgische Artiesten webshop vind je alleen 100% handgemaakte producten!\" \/>\n<meta name=\"robots\" content=\"index, follow, max-snippet:-1, max-image-preview:large, max-video-preview:-1\" \/>\n<link rel=\"canonical\" href=\"https:\/\/nationalstore.be\/nl\/product\/the-bridge\" \/>\n<meta property=\"og:locale\" content=\"nl_NL\" \/>\n<meta property=\"og:type\" content=\"article\" \/>\n<meta property=\"og:title\" content=\"The Bridge | E-shop Belgische Artiesten\" \/>\n<meta property=\"og:description\" content=\"Een The Bridge kopen? Op onze Belgische Artiesten webshop vind je alleen 100% handgemaakte producten!\" \/>\n<meta property=\"og:url\" content=\"https:\/\/nationalstore.be\/nl\/product\/the-bridge\" \/>\n<meta property=\"og:site_name\" content=\"NATIONA(A)L ARTIST SUPERMARKET\" \/>\n<meta property=\"article:publisher\" content=\"https:\/\/www.facebook.com\/nationalstore\/?ref=br_rs\" \/>\n<meta property=\"article:modified_time\" content=\"2022-03-23T15:04:47+00:00\" \/>\n<meta property=\"og:image\" content=\"https:\/\/nationalstore.be\/wp-content\/uploads\/2022\/03\/screenshot-2022-03-09-at-173131-1.png\" \/>\n\t<meta property=\"og:image:width\" content=\"966\" \/>\n\t<meta property=\"og:image:height\" content=\"1316\" \/>\n\t<meta property=\"og:image:type\" content=\"image\/png\" \/>\n<meta name=\"twitter:card\" content=\"summary_large_image\" \/>\n<meta name=\"twitter:site\" content=\"@Nationalstore\" \/>\n<script type=\"application\/ld+json\" class=\"yoast-schema-graph\">{\"@context\":\"https:\/\/schema.org\",\"@graph\":[{\"@type\":\"Organization\",\"@id\":\"https:\/\/nationalstore.be\/nl#organization\",\"name\":\"NATIONA(A)L ARTIST MARKET\",\"url\":\"https:\/\/nationalstore.be\/nl\",\"sameAs\":[\"https:\/\/www.instagram.com\/nationalstore\/\",\"https:\/\/www.facebook.com\/nationalstore\/?ref=br_rs\",\"https:\/\/twitter.com\/Nationalstore\"],\"logo\":{\"@type\":\"ImageObject\",\"inLanguage\":\"nl\",\"@id\":\"https:\/\/nationalstore.be\/nl#\/schema\/logo\/image\/\",\"url\":\"https:\/\/nationalstore.be\/wp-content\/uploads\/2024\/03\/nationaal-logo_mauve-cmjn.png\",\"contentUrl\":\"https:\/\/nationalstore.be\/wp-content\/uploads\/2024\/03\/nationaal-logo_mauve-cmjn.png\",\"width\":3475,\"height\":1352,\"caption\":\"NATIONA(A)L ARTIST MARKET\"},\"image\":{\"@id\":\"https:\/\/nationalstore.be\/nl#\/schema\/logo\/image\/\"}},{\"@type\":\"WebSite\",\"@id\":\"https:\/\/nationalstore.be\/nl#website\",\"url\":\"https:\/\/nationalstore.be\/nl\",\"name\":\"NATIONA(A)L ARTIST SUPERMARKET\",\"description\":\"\",\"publisher\":{\"@id\":\"https:\/\/nationalstore.be\/nl#organization\"},\"potentialAction\":[{\"@type\":\"SearchAction\",\"target\":{\"@type\":\"EntryPoint\",\"urlTemplate\":\"https:\/\/nationalstore.be\/nl?s={search_term_string}\"},\"query-input\":\"required name=search_term_string\"}],\"inLanguage\":\"nl\"},{\"@type\":\"ImageObject\",\"inLanguage\":\"nl\",\"@id\":\"https:\/\/nationalstore.be\/nl\/product\/the-bridge#primaryimage\",\"url\":\"https:\/\/nationalstore.be\/wp-content\/uploads\/2022\/03\/screenshot-2022-03-09-at-173131-1.png\",\"contentUrl\":\"https:\/\/nationalstore.be\/wp-content\/uploads\/2022\/03\/screenshot-2022-03-09-at-173131-1.png\",\"width\":966,\"height\":1316},{\"@type\":[\"WebPage\",\"ItemPage\"],\"@id\":\"https:\/\/nationalstore.be\/nl\/product\/the-bridge#webpage\",\"url\":\"https:\/\/nationalstore.be\/nl\/product\/the-bridge\",\"name\":\"The Bridge | E-shop Belgische Artiesten\",\"isPartOf\":{\"@id\":\"https:\/\/nationalstore.be\/nl#website\"},\"primaryImageOfPage\":{\"@id\":\"https:\/\/nationalstore.be\/nl\/product\/the-bridge#primaryimage\"},\"datePublished\":\"2022-02-13T17:27:17+00:00\",\"dateModified\":\"2022-03-23T15:04:47+00:00\",\"description\":\"Een The Bridge kopen? Op onze Belgische Artiesten webshop vind je alleen 100% handgemaakte producten!\",\"breadcrumb\":{\"@id\":\"https:\/\/nationalstore.be\/nl\/product\/the-bridge#breadcrumb\"},\"inLanguage\":\"nl\",\"potentialAction\":[{\"@type\":\"ReadAction\",\"target\":[\"https:\/\/nationalstore.be\/nl\/product\/the-bridge\"]}]},{\"@type\":\"BreadcrumbList\",\"@id\":\"https:\/\/nationalstore.be\/nl\/product\/the-bridge#breadcrumb\",\"itemListElement\":[{\"@type\":\"ListItem\",\"position\":1,\"name\":\"Home\",\"item\":\"https:\/\/nationalstore.be\/nl\"},{\"@type\":\"ListItem\",\"position\":2,\"name\":\"Producten\",\"item\":\"https:\/\/nationalstore.be\/nl\/shop\"},{\"@type\":\"ListItem\",\"position\":3,\"name\":\"Beeldende Kunsten\",\"item\":\"https:\/\/nationalstore.be\/nl\/pc\/beeldende-kunsten\"},{\"@type\":\"ListItem\",\"position\":4,\"name\":\"Collage\",\"item\":\"https:\/\/nationalstore.be\/nl\/pc\/beeldende-kunsten\/collage-nl\"},{\"@type\":\"ListItem\",\"position\":5,\"name\":\"The Bridge\"}]}]}<\/script>\n<!-- \/ Yoast SEO plugin. -->","yoast_head_json":{"title":"The Bridge | E-shop Belgische Artiesten","description":"Een The Bridge kopen? Op onze Belgische Artiesten webshop vind je alleen 100% handgemaakte producten!","robots":{"index":"index","follow":"follow","max-snippet":"max-snippet:-1","max-image-preview":"max-image-preview:large","max-video-preview":"max-video-preview:-1"},"canonical":"https:\/\/nationalstore.be\/nl\/product\/the-bridge","og_locale":"nl_NL","og_type":"article","og_title":"The Bridge | E-shop Belgische Artiesten","og_description":"Een The Bridge kopen? Op onze Belgische Artiesten webshop vind je alleen 100% handgemaakte producten!","og_url":"https:\/\/nationalstore.be\/nl\/product\/the-bridge","og_site_name":"NATIONA(A)L ARTIST SUPERMARKET","article_publisher":"https:\/\/www.facebook.com\/nationalstore\/?ref=br_rs","article_modified_time":"2022-03-23T15:04:47+00:00","og_image":[{"width":966,"height":1316,"url":"https:\/\/nationalstore.be\/wp-content\/uploads\/2022\/03\/screenshot-2022-03-09-at-173131-1.png","type":"image\/png"}],"twitter_card":"summary_large_image","twitter_site":"@Nationalstore","schema":{"@context":"https:\/\/schema.org","@graph":[{"@type":"Organization","@id":"https:\/\/nationalstore.be\/nl#organization","name":"NATIONA(A)L ARTIST MARKET","url":"https:\/\/nationalstore.be\/nl","sameAs":["https:\/\/www.instagram.com\/nationalstore\/","https:\/\/www.facebook.com\/nationalstore\/?ref=br_rs","https:\/\/twitter.com\/Nationalstore"],"logo":{"@type":"ImageObject","inLanguage":"nl","@id":"https:\/\/nationalstore.be\/nl#\/schema\/logo\/image\/","url":"https:\/\/nationalstore.be\/wp-content\/uploads\/2024\/03\/nationaal-logo_mauve-cmjn.png","contentUrl":"https:\/\/nationalstore.be\/wp-content\/uploads\/2024\/03\/nationaal-logo_mauve-cmjn.png","width":3475,"height":1352,"caption":"NATIONA(A)L ARTIST MARKET"},"image":{"@id":"https:\/\/nationalstore.be\/nl#\/schema\/logo\/image\/"}},{"@type":"WebSite","@id":"https:\/\/nationalstore.be\/nl#website","url":"https:\/\/nationalstore.be\/nl","name":"NATIONA(A)L ARTIST SUPERMARKET","description":"","publisher":{"@id":"https:\/\/nationalstore.be\/nl#organization"},"potentialAction":[{"@type":"SearchAction","target":{"@type":"EntryPoint","urlTemplate":"https:\/\/nationalstore.be\/nl?s={search_term_string}"},"query-input":"required name=search_term_string"}],"inLanguage":"nl"},{"@type":"ImageObject","inLanguage":"nl","@id":"https:\/\/nationalstore.be\/nl\/product\/the-bridge#primaryimage","url":"https:\/\/nationalstore.be\/wp-content\/uploads\/2022\/03\/screenshot-2022-03-09-at-173131-1.png","contentUrl":"https:\/\/nationalstore.be\/wp-content\/uploads\/2022\/03\/screenshot-2022-03-09-at-173131-1.png","width":966,"height":1316},{"@type":["WebPage","ItemPage"],"@id":"https:\/\/nationalstore.be\/nl\/product\/the-bridge#webpage","url":"https:\/\/nationalstore.be\/nl\/product\/the-bridge","name":"The Bridge | E-shop Belgische Artiesten","isPartOf":{"@id":"https:\/\/nationalstore.be\/nl#website"},"primaryImageOfPage":{"@id":"https:\/\/nationalstore.be\/nl\/product\/the-bridge#primaryimage"},"datePublished":"2022-02-13T17:27:17+00:00","dateModified":"2022-03-23T15:04:47+00:00","description":"Een The Bridge kopen? Op onze Belgische Artiesten webshop vind je alleen 100% handgemaakte producten!","breadcrumb":{"@id":"https:\/\/nationalstore.be\/nl\/product\/the-bridge#breadcrumb"},"inLanguage":"nl","potentialAction":[{"@type":"ReadAction","target":["https:\/\/nationalstore.be\/nl\/product\/the-bridge"]}]},{"@type":"BreadcrumbList","@id":"https:\/\/nationalstore.be\/nl\/product\/the-bridge#breadcrumb","itemListElement":[{"@type":"ListItem","position":1,"name":"Home","item":"https:\/\/nationalstore.be\/nl"},{"@type":"ListItem","position":2,"name":"Producten","item":"https:\/\/nationalstore.be\/nl\/shop"},{"@type":"ListItem","position":3,"name":"Beeldende Kunsten","item":"https:\/\/nationalstore.be\/nl\/pc\/beeldende-kunsten"},{"@type":"ListItem","position":4,"name":"Collage","item":"https:\/\/nationalstore.be\/nl\/pc\/beeldende-kunsten\/collage-nl"},{"@type":"ListItem","position":5,"name":"The Bridge"}]}]}},"_links":{"self":[{"href":"https:\/\/nationalstore.be\/nl\/wp-json\/wp\/v2\/product\/29946"}],"collection":[{"href":"https:\/\/nationalstore.be\/nl\/wp-json\/wp\/v2\/product"}],"about":[{"href":"https:\/\/nationalstore.be\/nl\/wp-json\/wp\/v2\/types\/product"}],"wp:featuredmedia":[{"embeddable":true,"href":"https:\/\/nationalstore.be\/nl\/wp-json\/wp\/v2\/media\/31487"}],"wp:attachment":[{"href":"https:\/\/nationalstore.be\/nl\/wp-json\/wp\/v2\/media?parent=29946"}],"wp:term":[{"taxonomy":"product_cat","embeddable":true,"href":"https:\/\/nationalstore.be\/nl\/wp-json\/wp\/v2\/product_cat?post=29946"},{"taxonomy":"product_tag","embeddable":true,"href":"https:\/\/nationalstore.be\/nl\/wp-json\/wp\/v2\/product_tag?post=29946"}],"curies":[{"name":"wp","href":"https:\/\/api.w.org\/{rel}","templated":true}]}}