{"id":20466,"date":"2021-06-09T11:32:36","date_gmt":"2021-05-26T19:53:23","guid":{"rendered":"https:\/\/nationalstore.be\/?post_type=product&#038;p=20466"},"modified":"2023-03-22T13:11:10","modified_gmt":"2023-03-22T12:11:10","slug":"__trashed","status":"publish","type":"product","link":"https:\/\/nationalstore.be\/nl\/product\/__trashed","title":{"rendered":"Victoire."},"content":{"rendered":"<p>Doorkruis het Afrikaanse continent en het culturele erfgoed van het oude Egypte doorheen het kleurrijke en verhalende universum van Gilles Mayk Navangi.\u00a0Hij nodigt je uit\u00a0 om de oorsprong van de Afrikaanse kennis en hun beschavingen te onderzoeken. Zijn werk bestaat uit verschillende lagen die de mythologie en historische feiten vermengen tot een droomachtig universum dat uitnodigt tot reflectie en reizen doorheen de tijd.<\/p>\n","protected":false},"excerpt":{"rendered":"<p>Originele ingekaderde illustratie : 40 x 30 cm \u2013 Lakstift \u2013 Structuurpapier.<br data-mce-bogus=\"1\"><\/p>\n","protected":false},"featured_media":21507,"template":"","meta":[],"product_cat":[1629,569,1654,1517,1998,1670],"product_tag":[2977],"yoast_head":"<!-- This site is optimized with the Yoast SEO plugin v19.1 - https:\/\/yoast.com\/wordpress\/plugins\/seo\/ -->\n<title>Victoire. | E-shop Belgische Artiesten<\/title>\n<meta name=\"description\" content=\"Traversez le continent africain et l&#039;heritage culturel de l&#039;Egypte antique \u00e0 travers l&#039;univers color\u00e9 et narratif de Gilles Mayk Navangi. Il vous incite \u00e0 \u00eatre curieux et \u00e0 se documenter sur l&#039;origine des connaissances et des civilisations africaines. Ses oeuvres contiennent diff\u00e9rents niveaux de lecture qui m\u00ealent mythologie et faits historiques dans un univers onirique qui vous invite \u00e0 r\u00eaver et \u00e0 voyager dans le temps.\" \/>\n<meta name=\"robots\" content=\"index, follow, max-snippet:-1, max-image-preview:large, max-video-preview:-1\" \/>\n<link rel=\"canonical\" href=\"https:\/\/nationalstore.be\/nl\/product\/__trashed\" \/>\n<meta property=\"og:locale\" content=\"nl_NL\" \/>\n<meta property=\"og:type\" content=\"article\" \/>\n<meta property=\"og:title\" content=\"Victoire. | E-shop Belgische Artiesten\" \/>\n<meta property=\"og:description\" content=\"Traversez le continent africain et l&#039;heritage culturel de l&#039;Egypte antique \u00e0 travers l&#039;univers color\u00e9 et narratif de Gilles Mayk Navangi. Il vous incite \u00e0 \u00eatre curieux et \u00e0 se documenter sur l&#039;origine des connaissances et des civilisations africaines. Ses oeuvres contiennent diff\u00e9rents niveaux de lecture qui m\u00ealent mythologie et faits historiques dans un univers onirique qui vous invite \u00e0 r\u00eaver et \u00e0 voyager dans le temps.\" \/>\n<meta property=\"og:url\" content=\"https:\/\/nationalstore.be\/nl\/product\/__trashed\" \/>\n<meta property=\"og:site_name\" content=\"NATIONA(A)L ARTIST SUPERMARKET\" \/>\n<meta property=\"article:publisher\" content=\"https:\/\/www.facebook.com\/nationalstore\/?ref=br_rs\" \/>\n<meta property=\"article:modified_time\" content=\"2023-03-22T12:11:10+00:00\" \/>\n<meta property=\"og:image\" content=\"https:\/\/nationalstore.be\/wp-content\/uploads\/2021\/06\/Illustration-Victoire-Gilles-Mayk-Navangi-scaled.jpg\" \/>\n\t<meta property=\"og:image:width\" content=\"1792\" \/>\n\t<meta property=\"og:image:height\" content=\"2560\" \/>\n\t<meta property=\"og:image:type\" content=\"image\/jpeg\" \/>\n<meta name=\"twitter:card\" content=\"summary_large_image\" \/>\n<meta name=\"twitter:site\" content=\"@Nationalstore\" \/>\n<script type=\"application\/ld+json\" class=\"yoast-schema-graph\">{\"@context\":\"https:\/\/schema.org\",\"@graph\":[{\"@type\":\"Organization\",\"@id\":\"https:\/\/nationalstore.be\/nl#organization\",\"name\":\"NATIONA(A)L ARTIST MARKET\",\"url\":\"https:\/\/nationalstore.be\/nl\",\"sameAs\":[\"https:\/\/www.instagram.com\/nationalstore\/\",\"https:\/\/www.facebook.com\/nationalstore\/?ref=br_rs\",\"https:\/\/twitter.com\/Nationalstore\"],\"logo\":{\"@type\":\"ImageObject\",\"inLanguage\":\"nl\",\"@id\":\"https:\/\/nationalstore.be\/nl#\/schema\/logo\/image\/\",\"url\":\"https:\/\/nationalstore.be\/wp-content\/uploads\/2024\/03\/nationaal-logo_mauve-cmjn.png\",\"contentUrl\":\"https:\/\/nationalstore.be\/wp-content\/uploads\/2024\/03\/nationaal-logo_mauve-cmjn.png\",\"width\":3475,\"height\":1352,\"caption\":\"NATIONA(A)L ARTIST MARKET\"},\"image\":{\"@id\":\"https:\/\/nationalstore.be\/nl#\/schema\/logo\/image\/\"}},{\"@type\":\"WebSite\",\"@id\":\"https:\/\/nationalstore.be\/nl#website\",\"url\":\"https:\/\/nationalstore.be\/nl\",\"name\":\"NATIONA(A)L ARTIST SUPERMARKET\",\"description\":\"\",\"publisher\":{\"@id\":\"https:\/\/nationalstore.be\/nl#organization\"},\"potentialAction\":[{\"@type\":\"SearchAction\",\"target\":{\"@type\":\"EntryPoint\",\"urlTemplate\":\"https:\/\/nationalstore.be\/nl?s={search_term_string}\"},\"query-input\":\"required name=search_term_string\"}],\"inLanguage\":\"nl\"},{\"@type\":\"ImageObject\",\"inLanguage\":\"nl\",\"@id\":\"https:\/\/nationalstore.be\/nl\/product\/__trashed#primaryimage\",\"url\":\"https:\/\/nationalstore.be\/wp-content\/uploads\/2021\/06\/Illustration-Victoire-Gilles-Mayk-Navangi-scaled.jpg\",\"contentUrl\":\"https:\/\/nationalstore.be\/wp-content\/uploads\/2021\/06\/Illustration-Victoire-Gilles-Mayk-Navangi-scaled.jpg\",\"width\":1792,\"height\":2560},{\"@type\":[\"WebPage\",\"ItemPage\"],\"@id\":\"https:\/\/nationalstore.be\/nl\/product\/__trashed#webpage\",\"url\":\"https:\/\/nationalstore.be\/nl\/product\/__trashed\",\"name\":\"Victoire. | E-shop Belgische Artiesten\",\"isPartOf\":{\"@id\":\"https:\/\/nationalstore.be\/nl#website\"},\"primaryImageOfPage\":{\"@id\":\"https:\/\/nationalstore.be\/nl\/product\/__trashed#primaryimage\"},\"datePublished\":\"2021-05-26T19:53:23+00:00\",\"dateModified\":\"2023-03-22T12:11:10+00:00\",\"description\":\"Traversez le continent africain et l'heritage culturel de l'Egypte antique \u00e0 travers l'univers color\u00e9 et narratif de Gilles Mayk Navangi. Il vous incite \u00e0 \u00eatre curieux et \u00e0 se documenter sur l'origine des connaissances et des civilisations africaines. Ses oeuvres contiennent diff\u00e9rents niveaux de lecture qui m\u00ealent mythologie et faits historiques dans un univers onirique qui vous invite \u00e0 r\u00eaver et \u00e0 voyager dans le temps.\",\"breadcrumb\":{\"@id\":\"https:\/\/nationalstore.be\/nl\/product\/__trashed#breadcrumb\"},\"inLanguage\":\"nl\",\"potentialAction\":[{\"@type\":\"ReadAction\",\"target\":[\"https:\/\/nationalstore.be\/nl\/product\/__trashed\"]}]},{\"@type\":\"BreadcrumbList\",\"@id\":\"https:\/\/nationalstore.be\/nl\/product\/__trashed#breadcrumb\",\"itemListElement\":[{\"@type\":\"ListItem\",\"position\":1,\"name\":\"Home\",\"item\":\"https:\/\/nationalstore.be\/nl\"},{\"@type\":\"ListItem\",\"position\":2,\"name\":\"Producten\",\"item\":\"https:\/\/nationalstore.be\/nl\/shop\"},{\"@type\":\"ListItem\",\"position\":3,\"name\":\"Subcategories\",\"item\":\"https:\/\/nationalstore.be\/nl\/pc\/subcategories-nl\"},{\"@type\":\"ListItem\",\"position\":4,\"name\":\"Artiesten producten onder etnische invloeden\",\"item\":\"https:\/\/nationalstore.be\/nl\/pc\/subcategories-nl\/artiesten-producten-onder-etnische-invloeden\"},{\"@type\":\"ListItem\",\"position\":5,\"name\":\"Victoire.\"}]}]}<\/script>\n<!-- \/ Yoast SEO plugin. -->","yoast_head_json":{"title":"Victoire. | E-shop Belgische Artiesten","description":"Traversez le continent africain et l'heritage culturel de l'Egypte antique \u00e0 travers l'univers color\u00e9 et narratif de Gilles Mayk Navangi. Il vous incite \u00e0 \u00eatre curieux et \u00e0 se documenter sur l'origine des connaissances et des civilisations africaines. Ses oeuvres contiennent diff\u00e9rents niveaux de lecture qui m\u00ealent mythologie et faits historiques dans un univers onirique qui vous invite \u00e0 r\u00eaver et \u00e0 voyager dans le temps.","robots":{"index":"index","follow":"follow","max-snippet":"max-snippet:-1","max-image-preview":"max-image-preview:large","max-video-preview":"max-video-preview:-1"},"canonical":"https:\/\/nationalstore.be\/nl\/product\/__trashed","og_locale":"nl_NL","og_type":"article","og_title":"Victoire. | E-shop Belgische Artiesten","og_description":"Traversez le continent africain et l'heritage culturel de l'Egypte antique \u00e0 travers l'univers color\u00e9 et narratif de Gilles Mayk Navangi. Il vous incite \u00e0 \u00eatre curieux et \u00e0 se documenter sur l'origine des connaissances et des civilisations africaines. Ses oeuvres contiennent diff\u00e9rents niveaux de lecture qui m\u00ealent mythologie et faits historiques dans un univers onirique qui vous invite \u00e0 r\u00eaver et \u00e0 voyager dans le temps.","og_url":"https:\/\/nationalstore.be\/nl\/product\/__trashed","og_site_name":"NATIONA(A)L ARTIST SUPERMARKET","article_publisher":"https:\/\/www.facebook.com\/nationalstore\/?ref=br_rs","article_modified_time":"2023-03-22T12:11:10+00:00","og_image":[{"width":1792,"height":2560,"url":"https:\/\/nationalstore.be\/wp-content\/uploads\/2021\/06\/Illustration-Victoire-Gilles-Mayk-Navangi-scaled.jpg","type":"image\/jpeg"}],"twitter_card":"summary_large_image","twitter_site":"@Nationalstore","schema":{"@context":"https:\/\/schema.org","@graph":[{"@type":"Organization","@id":"https:\/\/nationalstore.be\/nl#organization","name":"NATIONA(A)L ARTIST MARKET","url":"https:\/\/nationalstore.be\/nl","sameAs":["https:\/\/www.instagram.com\/nationalstore\/","https:\/\/www.facebook.com\/nationalstore\/?ref=br_rs","https:\/\/twitter.com\/Nationalstore"],"logo":{"@type":"ImageObject","inLanguage":"nl","@id":"https:\/\/nationalstore.be\/nl#\/schema\/logo\/image\/","url":"https:\/\/nationalstore.be\/wp-content\/uploads\/2024\/03\/nationaal-logo_mauve-cmjn.png","contentUrl":"https:\/\/nationalstore.be\/wp-content\/uploads\/2024\/03\/nationaal-logo_mauve-cmjn.png","width":3475,"height":1352,"caption":"NATIONA(A)L ARTIST MARKET"},"image":{"@id":"https:\/\/nationalstore.be\/nl#\/schema\/logo\/image\/"}},{"@type":"WebSite","@id":"https:\/\/nationalstore.be\/nl#website","url":"https:\/\/nationalstore.be\/nl","name":"NATIONA(A)L ARTIST SUPERMARKET","description":"","publisher":{"@id":"https:\/\/nationalstore.be\/nl#organization"},"potentialAction":[{"@type":"SearchAction","target":{"@type":"EntryPoint","urlTemplate":"https:\/\/nationalstore.be\/nl?s={search_term_string}"},"query-input":"required name=search_term_string"}],"inLanguage":"nl"},{"@type":"ImageObject","inLanguage":"nl","@id":"https:\/\/nationalstore.be\/nl\/product\/__trashed#primaryimage","url":"https:\/\/nationalstore.be\/wp-content\/uploads\/2021\/06\/Illustration-Victoire-Gilles-Mayk-Navangi-scaled.jpg","contentUrl":"https:\/\/nationalstore.be\/wp-content\/uploads\/2021\/06\/Illustration-Victoire-Gilles-Mayk-Navangi-scaled.jpg","width":1792,"height":2560},{"@type":["WebPage","ItemPage"],"@id":"https:\/\/nationalstore.be\/nl\/product\/__trashed#webpage","url":"https:\/\/nationalstore.be\/nl\/product\/__trashed","name":"Victoire. | E-shop Belgische Artiesten","isPartOf":{"@id":"https:\/\/nationalstore.be\/nl#website"},"primaryImageOfPage":{"@id":"https:\/\/nationalstore.be\/nl\/product\/__trashed#primaryimage"},"datePublished":"2021-05-26T19:53:23+00:00","dateModified":"2023-03-22T12:11:10+00:00","description":"Traversez le continent africain et l'heritage culturel de l'Egypte antique \u00e0 travers l'univers color\u00e9 et narratif de Gilles Mayk Navangi. Il vous incite \u00e0 \u00eatre curieux et \u00e0 se documenter sur l'origine des connaissances et des civilisations africaines. Ses oeuvres contiennent diff\u00e9rents niveaux de lecture qui m\u00ealent mythologie et faits historiques dans un univers onirique qui vous invite \u00e0 r\u00eaver et \u00e0 voyager dans le temps.","breadcrumb":{"@id":"https:\/\/nationalstore.be\/nl\/product\/__trashed#breadcrumb"},"inLanguage":"nl","potentialAction":[{"@type":"ReadAction","target":["https:\/\/nationalstore.be\/nl\/product\/__trashed"]}]},{"@type":"BreadcrumbList","@id":"https:\/\/nationalstore.be\/nl\/product\/__trashed#breadcrumb","itemListElement":[{"@type":"ListItem","position":1,"name":"Home","item":"https:\/\/nationalstore.be\/nl"},{"@type":"ListItem","position":2,"name":"Producten","item":"https:\/\/nationalstore.be\/nl\/shop"},{"@type":"ListItem","position":3,"name":"Subcategories","item":"https:\/\/nationalstore.be\/nl\/pc\/subcategories-nl"},{"@type":"ListItem","position":4,"name":"Artiesten producten onder etnische invloeden","item":"https:\/\/nationalstore.be\/nl\/pc\/subcategories-nl\/artiesten-producten-onder-etnische-invloeden"},{"@type":"ListItem","position":5,"name":"Victoire."}]}]}},"_links":{"self":[{"href":"https:\/\/nationalstore.be\/nl\/wp-json\/wp\/v2\/product\/20466"}],"collection":[{"href":"https:\/\/nationalstore.be\/nl\/wp-json\/wp\/v2\/product"}],"about":[{"href":"https:\/\/nationalstore.be\/nl\/wp-json\/wp\/v2\/types\/product"}],"wp:featuredmedia":[{"embeddable":true,"href":"https:\/\/nationalstore.be\/nl\/wp-json\/wp\/v2\/media\/21507"}],"wp:attachment":[{"href":"https:\/\/nationalstore.be\/nl\/wp-json\/wp\/v2\/media?parent=20466"}],"wp:term":[{"taxonomy":"product_cat","embeddable":true,"href":"https:\/\/nationalstore.be\/nl\/wp-json\/wp\/v2\/product_cat?post=20466"},{"taxonomy":"product_tag","embeddable":true,"href":"https:\/\/nationalstore.be\/nl\/wp-json\/wp\/v2\/product_tag?post=20466"}],"curies":[{"name":"wp","href":"https:\/\/api.w.org\/{rel}","templated":true}]}}