{"id":10897,"date":"2020-12-14T12:45:45","date_gmt":"2020-12-14T11:24:41","guid":{"rendered":"https:\/\/nationalstore.be\/?post_type=product&#038;p=10897"},"modified":"2025-12-22T12:04:20","modified_gmt":"2025-12-22T11:04:20","slug":"under-the-reefs-orchestra-lp","status":"archived","type":"product","link":"https:\/\/nationalstore.be\/nl\/product\/under-the-reefs-orchestra-lp","title":{"rendered":"Under The Reefs Orchestra (LP)"},"content":{"rendered":"<p><br data-mce-bogus=\"1\"><\/p>\n","protected":false},"excerpt":{"rendered":"<p><iframe style=\"border: 0; width: 100%; height: 373px;\" src=\"https:\/\/bandcamp.com\/EmbeddedPlayer\/album=1793835476\/size=large\/bgcol=ffffff\/linkcol=0687f5\/artwork=none\/transparent=true\/\" seamless><a href=\"https:\/\/underthereefsorchestra.bandcamp.com\/album\/under-the-reefs-orchestra\">Under The Reefs Orchestra by Under the Reefs Orchestra<\/a><\/iframe><\/p>\n<p>Een sonisch-minded power trio van obsessieve, bijtende riffs en nevels van asymmetrische sonische cycli. Ge\u00efnspireerd door de Franse kamermuziek van de 19e eeuw als door Jim O&#8217;Rourke of Moondog, Under The Reefs De hypnotische muziek van het orkest ontketent een kosmische energie en leidt de luisteren naar een trance tussen onderwatervulkanen.<\/p>\n<p>Gitarist Clement<\/p>\n<p>Nourry&#8217;s gentlemanly demeanor maskeert de grote vurige passie van een ware muziekvirtuoos. &#8220;Ik concentreer me op \u00e9\u00e9n ding, en \u00e9\u00e9n ding helemaal.&#8221; Nourry. Voor hem is dat ene ding de gitaar. Het combineren van de diepe theoretisch begrip van een bekwame wiskundige (die hij eigenlijk is) met een echte muzikant&#8217;s soulvolle instinct, Nourry is als comfortabel met John Fahey zoals hij is met experimentele jazz. Om het te simpel zeggen: hij versnippert.<\/p>\n<p>Deze reis door de tijdloze klankrijken is te horen als een soundtrack van de ecologische apocalyps waarin we leven.<\/p>\n","protected":false},"featured_media":10850,"template":"","meta":[],"product_cat":[1448,2765,2768,532],"product_tag":[1917,1916],"yoast_head":"<!-- This site is optimized with the Yoast SEO plugin v19.1 - https:\/\/yoast.com\/wordpress\/plugins\/seo\/ -->\n<title>Under The Reefs Orchestra (LP) | E-shop Belgische Artiesten<\/title>\n<meta name=\"description\" content=\"Een Under The Reefs Orchestra (LP) kopen? Op onze Belgische Artiesten webshop vind je alleen 100% handgemaakte producten!\" \/>\n<meta name=\"robots\" content=\"index, follow, max-snippet:-1, max-image-preview:large, max-video-preview:-1\" \/>\n<link rel=\"canonical\" href=\"https:\/\/nationalstore.be\/nl\/product\/under-the-reefs-orchestra-lp\" \/>\n<meta property=\"og:locale\" content=\"nl_NL\" \/>\n<meta property=\"og:type\" content=\"article\" \/>\n<meta property=\"og:title\" content=\"Under The Reefs Orchestra (LP) | E-shop Belgische Artiesten\" \/>\n<meta property=\"og:description\" content=\"Een Under The Reefs Orchestra (LP) kopen? Op onze Belgische Artiesten webshop vind je alleen 100% handgemaakte producten!\" \/>\n<meta property=\"og:url\" content=\"https:\/\/nationalstore.be\/nl\/product\/under-the-reefs-orchestra-lp\" \/>\n<meta property=\"og:site_name\" content=\"NATIONA(A)L ARTIST SUPERMARKET\" \/>\n<meta property=\"article:publisher\" content=\"https:\/\/www.facebook.com\/nationalstore\/?ref=br_rs\" \/>\n<meta property=\"article:modified_time\" content=\"2025-12-22T11:04:20+00:00\" \/>\n<meta property=\"og:image\" content=\"https:\/\/nationalstore.be\/wp-content\/uploads\/2020\/12\/UTRO-Vinyl-MockUp.png\" \/>\n\t<meta property=\"og:image:width\" content=\"2400\" \/>\n\t<meta property=\"og:image:height\" content=\"1700\" \/>\n\t<meta property=\"og:image:type\" content=\"image\/png\" \/>\n<meta name=\"twitter:card\" content=\"summary_large_image\" \/>\n<meta name=\"twitter:site\" content=\"@Nationalstore\" \/>\n<script type=\"application\/ld+json\" class=\"yoast-schema-graph\">{\"@context\":\"https:\/\/schema.org\",\"@graph\":[{\"@type\":\"Organization\",\"@id\":\"https:\/\/nationalstore.be\/nl#organization\",\"name\":\"NATIONA(A)L ARTIST MARKET\",\"url\":\"https:\/\/nationalstore.be\/nl\",\"sameAs\":[\"https:\/\/www.instagram.com\/nationalstore\/\",\"https:\/\/www.facebook.com\/nationalstore\/?ref=br_rs\",\"https:\/\/twitter.com\/Nationalstore\"],\"logo\":{\"@type\":\"ImageObject\",\"inLanguage\":\"nl\",\"@id\":\"https:\/\/nationalstore.be\/nl#\/schema\/logo\/image\/\",\"url\":\"https:\/\/nationalstore.be\/wp-content\/uploads\/2024\/03\/nationaal-logo_mauve-cmjn.png\",\"contentUrl\":\"https:\/\/nationalstore.be\/wp-content\/uploads\/2024\/03\/nationaal-logo_mauve-cmjn.png\",\"width\":3475,\"height\":1352,\"caption\":\"NATIONA(A)L ARTIST MARKET\"},\"image\":{\"@id\":\"https:\/\/nationalstore.be\/nl#\/schema\/logo\/image\/\"}},{\"@type\":\"WebSite\",\"@id\":\"https:\/\/nationalstore.be\/nl#website\",\"url\":\"https:\/\/nationalstore.be\/nl\",\"name\":\"NATIONA(A)L ARTIST SUPERMARKET\",\"description\":\"\",\"publisher\":{\"@id\":\"https:\/\/nationalstore.be\/nl#organization\"},\"potentialAction\":[{\"@type\":\"SearchAction\",\"target\":{\"@type\":\"EntryPoint\",\"urlTemplate\":\"https:\/\/nationalstore.be\/nl?s={search_term_string}\"},\"query-input\":\"required name=search_term_string\"}],\"inLanguage\":\"nl\"},{\"@type\":\"ImageObject\",\"inLanguage\":\"nl\",\"@id\":\"https:\/\/nationalstore.be\/nl\/product\/under-the-reefs-orchestra-lp#primaryimage\",\"url\":\"https:\/\/nationalstore.be\/wp-content\/uploads\/2020\/12\/UTRO-Vinyl-MockUp.png\",\"contentUrl\":\"https:\/\/nationalstore.be\/wp-content\/uploads\/2020\/12\/UTRO-Vinyl-MockUp.png\",\"width\":2400,\"height\":1700},{\"@type\":[\"WebPage\",\"ItemPage\"],\"@id\":\"https:\/\/nationalstore.be\/nl\/product\/under-the-reefs-orchestra-lp#webpage\",\"url\":\"https:\/\/nationalstore.be\/nl\/product\/under-the-reefs-orchestra-lp\",\"name\":\"Under The Reefs Orchestra (LP) | E-shop Belgische Artiesten\",\"isPartOf\":{\"@id\":\"https:\/\/nationalstore.be\/nl#website\"},\"primaryImageOfPage\":{\"@id\":\"https:\/\/nationalstore.be\/nl\/product\/under-the-reefs-orchestra-lp#primaryimage\"},\"datePublished\":\"2020-12-14T11:24:41+00:00\",\"dateModified\":\"2025-12-22T11:04:20+00:00\",\"description\":\"Een Under The Reefs Orchestra (LP) kopen? Op onze Belgische Artiesten webshop vind je alleen 100% handgemaakte producten!\",\"breadcrumb\":{\"@id\":\"https:\/\/nationalstore.be\/nl\/product\/under-the-reefs-orchestra-lp#breadcrumb\"},\"inLanguage\":\"nl\",\"potentialAction\":[{\"@type\":\"ReadAction\",\"target\":[\"https:\/\/nationalstore.be\/nl\/product\/under-the-reefs-orchestra-lp\"]}]},{\"@type\":\"BreadcrumbList\",\"@id\":\"https:\/\/nationalstore.be\/nl\/product\/under-the-reefs-orchestra-lp#breadcrumb\",\"itemListElement\":[{\"@type\":\"ListItem\",\"position\":1,\"name\":\"Home\",\"item\":\"https:\/\/nationalstore.be\/nl\"},{\"@type\":\"ListItem\",\"position\":2,\"name\":\"Producten\",\"item\":\"https:\/\/nationalstore.be\/nl\/shop\"},{\"@type\":\"ListItem\",\"position\":3,\"name\":\"Subcategories\",\"item\":\"https:\/\/nationalstore.be\/nl\/pc\/subcategories-nl\"},{\"@type\":\"ListItem\",\"position\":4,\"name\":\"5 Belgische muziek labels die je doen swingen\",\"item\":\"https:\/\/nationalstore.be\/nl\/pc\/subcategories-nl\/5-belgische-muziek-labels-die-je-doen-swingen\"},{\"@type\":\"ListItem\",\"position\":5,\"name\":\"Under The Reefs Orchestra (LP)\"}]}]}<\/script>\n<!-- \/ Yoast SEO plugin. -->","yoast_head_json":{"title":"Under The Reefs Orchestra (LP) | E-shop Belgische Artiesten","description":"Een Under The Reefs Orchestra (LP) kopen? Op onze Belgische Artiesten webshop vind je alleen 100% handgemaakte producten!","robots":{"index":"index","follow":"follow","max-snippet":"max-snippet:-1","max-image-preview":"max-image-preview:large","max-video-preview":"max-video-preview:-1"},"canonical":"https:\/\/nationalstore.be\/nl\/product\/under-the-reefs-orchestra-lp","og_locale":"nl_NL","og_type":"article","og_title":"Under The Reefs Orchestra (LP) | E-shop Belgische Artiesten","og_description":"Een Under The Reefs Orchestra (LP) kopen? Op onze Belgische Artiesten webshop vind je alleen 100% handgemaakte producten!","og_url":"https:\/\/nationalstore.be\/nl\/product\/under-the-reefs-orchestra-lp","og_site_name":"NATIONA(A)L ARTIST SUPERMARKET","article_publisher":"https:\/\/www.facebook.com\/nationalstore\/?ref=br_rs","article_modified_time":"2025-12-22T11:04:20+00:00","og_image":[{"width":2400,"height":1700,"url":"https:\/\/nationalstore.be\/wp-content\/uploads\/2020\/12\/UTRO-Vinyl-MockUp.png","type":"image\/png"}],"twitter_card":"summary_large_image","twitter_site":"@Nationalstore","schema":{"@context":"https:\/\/schema.org","@graph":[{"@type":"Organization","@id":"https:\/\/nationalstore.be\/nl#organization","name":"NATIONA(A)L ARTIST MARKET","url":"https:\/\/nationalstore.be\/nl","sameAs":["https:\/\/www.instagram.com\/nationalstore\/","https:\/\/www.facebook.com\/nationalstore\/?ref=br_rs","https:\/\/twitter.com\/Nationalstore"],"logo":{"@type":"ImageObject","inLanguage":"nl","@id":"https:\/\/nationalstore.be\/nl#\/schema\/logo\/image\/","url":"https:\/\/nationalstore.be\/wp-content\/uploads\/2024\/03\/nationaal-logo_mauve-cmjn.png","contentUrl":"https:\/\/nationalstore.be\/wp-content\/uploads\/2024\/03\/nationaal-logo_mauve-cmjn.png","width":3475,"height":1352,"caption":"NATIONA(A)L ARTIST MARKET"},"image":{"@id":"https:\/\/nationalstore.be\/nl#\/schema\/logo\/image\/"}},{"@type":"WebSite","@id":"https:\/\/nationalstore.be\/nl#website","url":"https:\/\/nationalstore.be\/nl","name":"NATIONA(A)L ARTIST SUPERMARKET","description":"","publisher":{"@id":"https:\/\/nationalstore.be\/nl#organization"},"potentialAction":[{"@type":"SearchAction","target":{"@type":"EntryPoint","urlTemplate":"https:\/\/nationalstore.be\/nl?s={search_term_string}"},"query-input":"required name=search_term_string"}],"inLanguage":"nl"},{"@type":"ImageObject","inLanguage":"nl","@id":"https:\/\/nationalstore.be\/nl\/product\/under-the-reefs-orchestra-lp#primaryimage","url":"https:\/\/nationalstore.be\/wp-content\/uploads\/2020\/12\/UTRO-Vinyl-MockUp.png","contentUrl":"https:\/\/nationalstore.be\/wp-content\/uploads\/2020\/12\/UTRO-Vinyl-MockUp.png","width":2400,"height":1700},{"@type":["WebPage","ItemPage"],"@id":"https:\/\/nationalstore.be\/nl\/product\/under-the-reefs-orchestra-lp#webpage","url":"https:\/\/nationalstore.be\/nl\/product\/under-the-reefs-orchestra-lp","name":"Under The Reefs Orchestra (LP) | E-shop Belgische Artiesten","isPartOf":{"@id":"https:\/\/nationalstore.be\/nl#website"},"primaryImageOfPage":{"@id":"https:\/\/nationalstore.be\/nl\/product\/under-the-reefs-orchestra-lp#primaryimage"},"datePublished":"2020-12-14T11:24:41+00:00","dateModified":"2025-12-22T11:04:20+00:00","description":"Een Under The Reefs Orchestra (LP) kopen? Op onze Belgische Artiesten webshop vind je alleen 100% handgemaakte producten!","breadcrumb":{"@id":"https:\/\/nationalstore.be\/nl\/product\/under-the-reefs-orchestra-lp#breadcrumb"},"inLanguage":"nl","potentialAction":[{"@type":"ReadAction","target":["https:\/\/nationalstore.be\/nl\/product\/under-the-reefs-orchestra-lp"]}]},{"@type":"BreadcrumbList","@id":"https:\/\/nationalstore.be\/nl\/product\/under-the-reefs-orchestra-lp#breadcrumb","itemListElement":[{"@type":"ListItem","position":1,"name":"Home","item":"https:\/\/nationalstore.be\/nl"},{"@type":"ListItem","position":2,"name":"Producten","item":"https:\/\/nationalstore.be\/nl\/shop"},{"@type":"ListItem","position":3,"name":"Subcategories","item":"https:\/\/nationalstore.be\/nl\/pc\/subcategories-nl"},{"@type":"ListItem","position":4,"name":"5 Belgische muziek labels die je doen swingen","item":"https:\/\/nationalstore.be\/nl\/pc\/subcategories-nl\/5-belgische-muziek-labels-die-je-doen-swingen"},{"@type":"ListItem","position":5,"name":"Under The Reefs Orchestra (LP)"}]}]}},"_links":{"self":[{"href":"https:\/\/nationalstore.be\/nl\/wp-json\/wp\/v2\/product\/10897"}],"collection":[{"href":"https:\/\/nationalstore.be\/nl\/wp-json\/wp\/v2\/product"}],"about":[{"href":"https:\/\/nationalstore.be\/nl\/wp-json\/wp\/v2\/types\/product"}],"wp:featuredmedia":[{"embeddable":true,"href":"https:\/\/nationalstore.be\/nl\/wp-json\/wp\/v2\/media\/10850"}],"wp:attachment":[{"href":"https:\/\/nationalstore.be\/nl\/wp-json\/wp\/v2\/media?parent=10897"}],"wp:term":[{"taxonomy":"product_cat","embeddable":true,"href":"https:\/\/nationalstore.be\/nl\/wp-json\/wp\/v2\/product_cat?post=10897"},{"taxonomy":"product_tag","embeddable":true,"href":"https:\/\/nationalstore.be\/nl\/wp-json\/wp\/v2\/product_tag?post=10897"}],"curies":[{"name":"wp","href":"https:\/\/api.w.org\/{rel}","templated":true}]}}