{"id":9301,"date":"2020-12-07T22:29:03","date_gmt":"2020-12-07T21:18:26","guid":{"rendered":"https:\/\/nationalstore.be\/?post_type=product&#038;p=9301"},"modified":"2022-07-29T14:57:41","modified_gmt":"2022-07-29T12:57:41","slug":"baas-chaise-pliantes-marron-design-goele-maes","status":"publish","type":"product","link":"https:\/\/nationalstore.be\/fr\/produit\/baas-chaise-pliantes-marron-design-goele-maes","title":{"rendered":"Baas chaise pliantes Marron, design Goele Maes."},"content":{"rendered":"<p><span class=\"VIiyi\" lang=\"fr\"><span class=\"JLqJ4b ChMk0b\" data-language-for-alternatives=\"fr\" data-language-to-translate-into=\"en\" data-phrase-index=\"0\">Les chaises pliantes \u00e9taient d\u00e9j\u00e0 utilis\u00e9es dans l&#8217;antiquit\u00e9 romaine.<\/span> <span class=\"JLqJ4b ChMk0b\" data-language-for-alternatives=\"fr\" data-language-to-translate-into=\"en\" data-phrase-index=\"1\">Goele Maes redonne vie \u00e0 ce classique dans le respect de la forme et du mat\u00e9riau d&#8217;origine.<\/span> <span class=\"JLqJ4b ChMk0b\" data-language-for-alternatives=\"fr\" data-language-to-translate-into=\"en\" data-phrase-index=\"2\">Les joints artisanaux demi-bois font r\u00e9f\u00e9rence aux tout premiers joints de bois.<\/span> <span class=\"JLqJ4b ChMk0b\" data-language-for-alternatives=\"fr\" data-language-to-translate-into=\"en\" data-phrase-index=\"3\">Le m\u00e9canisme du point de pivot est invisible et donne \u00e0 cette chaise pliante un look pur.<\/span><span class=\"JLqJ4b\" data-language-for-alternatives=\"fr\" data-language-to-translate-into=\"en\" data-phrase-index=\"4\"><br \/><\/span><\/span><\/p>\n<p><span class=\"VIiyi\" lang=\"fr\"><span class=\"JLqJ4b ChMk0b\" data-language-for-alternatives=\"fr\" data-language-to-translate-into=\"en\" data-phrase-index=\"5\">Mat\u00e9riaux: ch\u00eane et cuir de selle \u00e9co-responsable en marron (\u00e9galement disponible en noir et couleur naturelle)<\/span><\/span><\/p>\n<p><span class=\"VIiyi\" lang=\"fr\"><span class=\"JLqJ4b ChMk0b\" data-language-for-alternatives=\"fr\" data-language-to-translate-into=\"en\" data-phrase-index=\"7\">Dimensions: 37x38xh50cm<\/span><\/span><\/p>\n","protected":false},"excerpt":{"rendered":"<p>Baas chaise pliantes Marron, design Goele Maes.<\/p>\n","protected":false},"featured_media":8593,"template":"","meta":[],"product_cat":[1977,1589,527,1787,550,1667,548,1324,1261],"product_tag":[1936,1272,878,1983,823,1168],"yoast_head":"<!-- This site is optimized with the Yoast SEO plugin v19.1 - https:\/\/yoast.com\/wordpress\/plugins\/seo\/ -->\n<title>Baas chaise pliantes Marron, design Goele Maes. | E-shop artistes belges<\/title>\n<meta name=\"description\" content=\"Acheter un produit comme Baas chaise pliantes Marron, design Goele Maes.? Laissez vous surprendre par nos artistes belges sp\u00e9cialis\u00e9s en produits artisanaux!\" \/>\n<meta name=\"robots\" content=\"index, follow, max-snippet:-1, max-image-preview:large, max-video-preview:-1\" \/>\n<link rel=\"canonical\" href=\"https:\/\/nationalstore.be\/fr\/produit\/baas-chaise-pliantes-marron-design-goele-maes\" \/>\n<meta property=\"og:locale\" content=\"fr_FR\" \/>\n<meta property=\"og:type\" content=\"article\" \/>\n<meta property=\"og:title\" content=\"Baas chaise pliantes Marron, design Goele Maes. | E-shop artistes belges\" \/>\n<meta property=\"og:description\" content=\"Acheter un produit comme Baas chaise pliantes Marron, design Goele Maes.? Laissez vous surprendre par nos artistes belges sp\u00e9cialis\u00e9s en produits artisanaux!\" \/>\n<meta property=\"og:url\" content=\"https:\/\/nationalstore.be\/fr\/produit\/baas-chaise-pliantes-marron-design-goele-maes\" \/>\n<meta property=\"og:site_name\" content=\"NATIONA(A)L ARTIST SUPERMARKET\" \/>\n<meta property=\"article:publisher\" content=\"https:\/\/www.facebook.com\/nationalstore\/?ref=br_rs\" \/>\n<meta property=\"article:modified_time\" content=\"2022-07-29T12:57:41+00:00\" \/>\n<meta property=\"og:image\" content=\"https:\/\/nationalstore.be\/wp-content\/uploads\/2020\/12\/Volmaakt_Krukjes039-2.jpg\" \/>\n\t<meta property=\"og:image:width\" content=\"1000\" \/>\n\t<meta property=\"og:image:height\" content=\"1500\" \/>\n\t<meta property=\"og:image:type\" content=\"image\/jpeg\" \/>\n<meta name=\"twitter:card\" content=\"summary_large_image\" \/>\n<meta name=\"twitter:site\" content=\"@Nationalstore\" \/>\n<script type=\"application\/ld+json\" class=\"yoast-schema-graph\">{\"@context\":\"https:\/\/schema.org\",\"@graph\":[{\"@type\":\"Organization\",\"@id\":\"https:\/\/nationalstore.be\/fr#organization\",\"name\":\"NATIONA(A)L ARTIST MARKET\",\"url\":\"https:\/\/nationalstore.be\/fr\",\"sameAs\":[\"https:\/\/www.instagram.com\/nationalstore\/\",\"https:\/\/www.facebook.com\/nationalstore\/?ref=br_rs\",\"https:\/\/twitter.com\/Nationalstore\"],\"logo\":{\"@type\":\"ImageObject\",\"inLanguage\":\"fr-FR\",\"@id\":\"https:\/\/nationalstore.be\/fr#\/schema\/logo\/image\/\",\"url\":\"https:\/\/nationalstore.be\/wp-content\/uploads\/2024\/03\/nationaal-logo_mauve-cmjn.png\",\"contentUrl\":\"https:\/\/nationalstore.be\/wp-content\/uploads\/2024\/03\/nationaal-logo_mauve-cmjn.png\",\"width\":3475,\"height\":1352,\"caption\":\"NATIONA(A)L ARTIST MARKET\"},\"image\":{\"@id\":\"https:\/\/nationalstore.be\/fr#\/schema\/logo\/image\/\"}},{\"@type\":\"WebSite\",\"@id\":\"https:\/\/nationalstore.be\/fr#website\",\"url\":\"https:\/\/nationalstore.be\/fr\",\"name\":\"NATIONA(A)L ARTIST SUPERMARKET\",\"description\":\"\",\"publisher\":{\"@id\":\"https:\/\/nationalstore.be\/fr#organization\"},\"potentialAction\":[{\"@type\":\"SearchAction\",\"target\":{\"@type\":\"EntryPoint\",\"urlTemplate\":\"https:\/\/nationalstore.be\/fr?s={search_term_string}\"},\"query-input\":\"required name=search_term_string\"}],\"inLanguage\":\"fr-FR\"},{\"@type\":\"ImageObject\",\"inLanguage\":\"fr-FR\",\"@id\":\"https:\/\/nationalstore.be\/fr\/produit\/baas-chaise-pliantes-marron-design-goele-maes#primaryimage\",\"url\":\"https:\/\/nationalstore.be\/wp-content\/uploads\/2020\/12\/Volmaakt_Krukjes039-2.jpg\",\"contentUrl\":\"https:\/\/nationalstore.be\/wp-content\/uploads\/2020\/12\/Volmaakt_Krukjes039-2.jpg\",\"width\":1000,\"height\":1500,\"caption\":\"volmaakt goele maes foldingchair brown\"},{\"@type\":[\"WebPage\",\"ItemPage\"],\"@id\":\"https:\/\/nationalstore.be\/fr\/produit\/baas-chaise-pliantes-marron-design-goele-maes#webpage\",\"url\":\"https:\/\/nationalstore.be\/fr\/produit\/baas-chaise-pliantes-marron-design-goele-maes\",\"name\":\"Baas chaise pliantes Marron, design Goele Maes. | E-shop artistes belges\",\"isPartOf\":{\"@id\":\"https:\/\/nationalstore.be\/fr#website\"},\"primaryImageOfPage\":{\"@id\":\"https:\/\/nationalstore.be\/fr\/produit\/baas-chaise-pliantes-marron-design-goele-maes#primaryimage\"},\"datePublished\":\"2020-12-07T21:18:26+00:00\",\"dateModified\":\"2022-07-29T12:57:41+00:00\",\"description\":\"Acheter un produit comme Baas chaise pliantes Marron, design Goele Maes.? Laissez vous surprendre par nos artistes belges sp\u00e9cialis\u00e9s en produits artisanaux!\",\"breadcrumb\":{\"@id\":\"https:\/\/nationalstore.be\/fr\/produit\/baas-chaise-pliantes-marron-design-goele-maes#breadcrumb\"},\"inLanguage\":\"fr-FR\",\"potentialAction\":[{\"@type\":\"ReadAction\",\"target\":[\"https:\/\/nationalstore.be\/fr\/produit\/baas-chaise-pliantes-marron-design-goele-maes\"]}]},{\"@type\":\"BreadcrumbList\",\"@id\":\"https:\/\/nationalstore.be\/fr\/produit\/baas-chaise-pliantes-marron-design-goele-maes#breadcrumb\",\"itemListElement\":[{\"@type\":\"ListItem\",\"position\":1,\"name\":\"Home\",\"item\":\"https:\/\/nationalstore.be\/fr\"},{\"@type\":\"ListItem\",\"position\":2,\"name\":\"Produits\",\"item\":\"https:\/\/nationalstore.be\/fr\/shop\"},{\"@type\":\"ListItem\",\"position\":3,\"name\":\"Subcategories\",\"item\":\"https:\/\/nationalstore.be\/fr\/pc\/subcategories-fr\"},{\"@type\":\"ListItem\",\"position\":4,\"name\":\"Collection livraison gratuite\",\"item\":\"https:\/\/nationalstore.be\/fr\/pc\/subcategories-fr\/collection-livraison-gratuite\"},{\"@type\":\"ListItem\",\"position\":5,\"name\":\"Baas chaise pliantes Marron, design Goele Maes.\"}]}]}<\/script>\n<!-- \/ Yoast SEO plugin. -->","yoast_head_json":{"title":"Baas chaise pliantes Marron, design Goele Maes. | E-shop artistes belges","description":"Acheter un produit comme Baas chaise pliantes Marron, design Goele Maes.? Laissez vous surprendre par nos artistes belges sp\u00e9cialis\u00e9s en produits artisanaux!","robots":{"index":"index","follow":"follow","max-snippet":"max-snippet:-1","max-image-preview":"max-image-preview:large","max-video-preview":"max-video-preview:-1"},"canonical":"https:\/\/nationalstore.be\/fr\/produit\/baas-chaise-pliantes-marron-design-goele-maes","og_locale":"fr_FR","og_type":"article","og_title":"Baas chaise pliantes Marron, design Goele Maes. | E-shop artistes belges","og_description":"Acheter un produit comme Baas chaise pliantes Marron, design Goele Maes.? Laissez vous surprendre par nos artistes belges sp\u00e9cialis\u00e9s en produits artisanaux!","og_url":"https:\/\/nationalstore.be\/fr\/produit\/baas-chaise-pliantes-marron-design-goele-maes","og_site_name":"NATIONA(A)L ARTIST SUPERMARKET","article_publisher":"https:\/\/www.facebook.com\/nationalstore\/?ref=br_rs","article_modified_time":"2022-07-29T12:57:41+00:00","og_image":[{"width":1000,"height":1500,"url":"https:\/\/nationalstore.be\/wp-content\/uploads\/2020\/12\/Volmaakt_Krukjes039-2.jpg","type":"image\/jpeg"}],"twitter_card":"summary_large_image","twitter_site":"@Nationalstore","schema":{"@context":"https:\/\/schema.org","@graph":[{"@type":"Organization","@id":"https:\/\/nationalstore.be\/fr#organization","name":"NATIONA(A)L ARTIST MARKET","url":"https:\/\/nationalstore.be\/fr","sameAs":["https:\/\/www.instagram.com\/nationalstore\/","https:\/\/www.facebook.com\/nationalstore\/?ref=br_rs","https:\/\/twitter.com\/Nationalstore"],"logo":{"@type":"ImageObject","inLanguage":"fr-FR","@id":"https:\/\/nationalstore.be\/fr#\/schema\/logo\/image\/","url":"https:\/\/nationalstore.be\/wp-content\/uploads\/2024\/03\/nationaal-logo_mauve-cmjn.png","contentUrl":"https:\/\/nationalstore.be\/wp-content\/uploads\/2024\/03\/nationaal-logo_mauve-cmjn.png","width":3475,"height":1352,"caption":"NATIONA(A)L ARTIST MARKET"},"image":{"@id":"https:\/\/nationalstore.be\/fr#\/schema\/logo\/image\/"}},{"@type":"WebSite","@id":"https:\/\/nationalstore.be\/fr#website","url":"https:\/\/nationalstore.be\/fr","name":"NATIONA(A)L ARTIST SUPERMARKET","description":"","publisher":{"@id":"https:\/\/nationalstore.be\/fr#organization"},"potentialAction":[{"@type":"SearchAction","target":{"@type":"EntryPoint","urlTemplate":"https:\/\/nationalstore.be\/fr?s={search_term_string}"},"query-input":"required name=search_term_string"}],"inLanguage":"fr-FR"},{"@type":"ImageObject","inLanguage":"fr-FR","@id":"https:\/\/nationalstore.be\/fr\/produit\/baas-chaise-pliantes-marron-design-goele-maes#primaryimage","url":"https:\/\/nationalstore.be\/wp-content\/uploads\/2020\/12\/Volmaakt_Krukjes039-2.jpg","contentUrl":"https:\/\/nationalstore.be\/wp-content\/uploads\/2020\/12\/Volmaakt_Krukjes039-2.jpg","width":1000,"height":1500,"caption":"volmaakt goele maes foldingchair brown"},{"@type":["WebPage","ItemPage"],"@id":"https:\/\/nationalstore.be\/fr\/produit\/baas-chaise-pliantes-marron-design-goele-maes#webpage","url":"https:\/\/nationalstore.be\/fr\/produit\/baas-chaise-pliantes-marron-design-goele-maes","name":"Baas chaise pliantes Marron, design Goele Maes. | E-shop artistes belges","isPartOf":{"@id":"https:\/\/nationalstore.be\/fr#website"},"primaryImageOfPage":{"@id":"https:\/\/nationalstore.be\/fr\/produit\/baas-chaise-pliantes-marron-design-goele-maes#primaryimage"},"datePublished":"2020-12-07T21:18:26+00:00","dateModified":"2022-07-29T12:57:41+00:00","description":"Acheter un produit comme Baas chaise pliantes Marron, design Goele Maes.? Laissez vous surprendre par nos artistes belges sp\u00e9cialis\u00e9s en produits artisanaux!","breadcrumb":{"@id":"https:\/\/nationalstore.be\/fr\/produit\/baas-chaise-pliantes-marron-design-goele-maes#breadcrumb"},"inLanguage":"fr-FR","potentialAction":[{"@type":"ReadAction","target":["https:\/\/nationalstore.be\/fr\/produit\/baas-chaise-pliantes-marron-design-goele-maes"]}]},{"@type":"BreadcrumbList","@id":"https:\/\/nationalstore.be\/fr\/produit\/baas-chaise-pliantes-marron-design-goele-maes#breadcrumb","itemListElement":[{"@type":"ListItem","position":1,"name":"Home","item":"https:\/\/nationalstore.be\/fr"},{"@type":"ListItem","position":2,"name":"Produits","item":"https:\/\/nationalstore.be\/fr\/shop"},{"@type":"ListItem","position":3,"name":"Subcategories","item":"https:\/\/nationalstore.be\/fr\/pc\/subcategories-fr"},{"@type":"ListItem","position":4,"name":"Collection livraison gratuite","item":"https:\/\/nationalstore.be\/fr\/pc\/subcategories-fr\/collection-livraison-gratuite"},{"@type":"ListItem","position":5,"name":"Baas chaise pliantes Marron, design Goele Maes."}]}]}},"_links":{"self":[{"href":"https:\/\/nationalstore.be\/fr\/wp-json\/wp\/v2\/product\/9301"}],"collection":[{"href":"https:\/\/nationalstore.be\/fr\/wp-json\/wp\/v2\/product"}],"about":[{"href":"https:\/\/nationalstore.be\/fr\/wp-json\/wp\/v2\/types\/product"}],"wp:featuredmedia":[{"embeddable":true,"href":"https:\/\/nationalstore.be\/fr\/wp-json\/wp\/v2\/media\/8593"}],"wp:attachment":[{"href":"https:\/\/nationalstore.be\/fr\/wp-json\/wp\/v2\/media?parent=9301"}],"wp:term":[{"taxonomy":"product_cat","embeddable":true,"href":"https:\/\/nationalstore.be\/fr\/wp-json\/wp\/v2\/product_cat?post=9301"},{"taxonomy":"product_tag","embeddable":true,"href":"https:\/\/nationalstore.be\/fr\/wp-json\/wp\/v2\/product_tag?post=9301"}],"curies":[{"name":"wp","href":"https:\/\/api.w.org\/{rel}","templated":true}]}}