{"id":9287,"date":"2020-12-03T23:35:29","date_gmt":"2020-12-07T19:55:03","guid":{"rendered":"https:\/\/nationalstore.be\/?post_type=product&#038;p=9287"},"modified":"2022-07-29T14:57:46","modified_gmt":"2022-07-29T12:57:46","slug":"arie-serre-livres-vague-design-sep-verboom","status":"publish","type":"product","link":"https:\/\/nationalstore.be\/fr\/produit\/arie-serre-livres-vague-design-sep-verboom","title":{"rendered":"Arie Serre-livres Vague, design Sep Verboom."},"content":{"rendered":"<p><span class=\"VIiyi\" lang=\"fr\"><span class=\"JLqJ4b ChMk0b\" data-language-for-alternatives=\"fr\" data-language-to-translate-into=\"en\" data-phrase-index=\"0\">Les serre-livres Arie, en forme de vague, sont fait en gr\u00e8s blanc dans l&#8217;atelier traditionnel en pierre du lieu de travail social Compaan.<\/span> <span class=\"JLqJ4b ChMk0b\" data-language-for-alternatives=\"fr\" data-language-to-translate-into=\"en\" data-phrase-index=\"1\">Sep Verboom s&#8217;est inspir\u00e9 de la silhouette abstraite de la ville de Gand.<\/span> <span class=\"JLqJ4b ChMk0b\" data-language-for-alternatives=\"fr\" data-language-to-translate-into=\"en\" data-phrase-index=\"2\">Cela a abouti \u00e0 diverses formes architecturales pour soutenir vos livres pr\u00e9f\u00e9r\u00e9s.<\/span><span class=\"JLqJ4b\" data-language-for-alternatives=\"fr\" data-language-to-translate-into=\"en\" data-phrase-index=\"3\"><br \/><\/span><\/span><\/p>\n<p><span class=\"VIiyi\" lang=\"fr\"><span class=\"JLqJ4b ChMk0b\" data-language-for-alternatives=\"fr\" data-language-to-translate-into=\"en\" data-phrase-index=\"4\">Prix pour une pi\u00e8ce<\/span><\/span><\/p>\n<div class=\"DVHrxd\">\n<div data-show-delay-ms=\"250\" data-append-to-body=\"true\" data-propagate-tooltip-mouseover-events=\"true\" data-anchor-corner=\"bottom-left\" data-popup-corner=\"top-left\" id=\"ow41\">\n<div><\/div>\n<\/div>\n<\/div>\n<div class=\"FFpbKc\">\n<div data-show-delay-ms=\"250\" data-append-to-body=\"true\" data-propagate-tooltip-mouseover-events=\"true\" data-anchor-corner=\"bottom-left\" data-popup-corner=\"top-left\" id=\"ow46\">\n<div><\/div>\n<\/div>\n<\/div>\n<div class=\"r375lc\">\n<div class=\"aJIq1d\" data-language-code=\"nl\" data-language-name=\"Nederlands\" data-text=\"\" data-crosslingual-hint=\"null\" data-location=\"1\" data-enable-toggle-playback-speed=\"true\">\n<div data-show-delay-ms=\"250\" data-append-to-body=\"true\" data-propagate-tooltip-mouseover-events=\"true\" data-anchor-corner=\"bottom-left\" data-popup-corner=\"top-left\" id=\"ow56\">\n<div><\/div>\n<\/div>\n<\/div>\n<\/div>\n<div class=\"dePhmb\">\n<div class=\"eyKpYb\" data-language=\"fr\" data-original-language=\"en\" data-result-index=\"0\">\n<div class=\"J0lOec\"><span class=\"VIiyi\" lang=\"fr\"><span class=\"JLqJ4b ChMk0b\" data-language-for-alternatives=\"fr\" data-language-to-translate-into=\"en\" data-phrase-index=\"0\">Les serre-livres Arie, en forme de vague, sont fait en gr\u00e8s blanc dans l&#8217;atelier traditionnel en pierre du lieu de travail social Compaan.<\/span> <span class=\"JLqJ4b ChMk0b\" data-language-for-alternatives=\"fr\" data-language-to-translate-into=\"en\" data-phrase-index=\"1\">Sep Verboom s&#8217;est inspir\u00e9 de la silhouette abstraite de la ville de Gand.<\/span> <span class=\"JLqJ4b ChMk0b\" data-language-for-alternatives=\"fr\" data-language-to-translate-into=\"en\" data-phrase-index=\"2\">Cela a abouti \u00e0 diverses formes architecturales pour soutenir vos livres pr\u00e9f\u00e9r\u00e9s.<\/span><span class=\"JLqJ4b\" data-language-for-alternatives=\"fr\" data-language-to-translate-into=\"en\" data-phrase-index=\"3\"><br \/><\/span><\/span><\/div>\n<div><\/div>\n<div class=\"J0lOec\"><span class=\"VIiyi\" lang=\"fr\"><span class=\"JLqJ4b ChMk0b\" data-language-for-alternatives=\"fr\" data-language-to-translate-into=\"en\" data-phrase-index=\"4\">Prix pour une pi\u00e8ce<\/span><\/span><\/div>\n<\/div>\n<\/div>\n","protected":false},"excerpt":{"rendered":"<p><span class=\"VIiyi\" lang=\"fr\"><span class=\"JLqJ4b ChMk0b\" data-language-for-alternatives=\"fr\" data-language-to-translate-into=\"en\" data-phrase-index=\"4\">Arie Serre-livres Vague, design par Sep Verboom, designer de l&#8217;ann\u00e9e 2020<\/span><\/span><\/p>\n","protected":false},"featured_media":6363,"template":"","meta":[],"product_cat":[1977,1589,527,1787,550,1667,548,1324,1261,1909],"product_tag":[1936,1272,878,1983,1168],"yoast_head":"<!-- This site is optimized with the Yoast SEO plugin v19.1 - https:\/\/yoast.com\/wordpress\/plugins\/seo\/ -->\n<title>Arie Serre-livres Vague, design Sep Verboom. | E-shop artistes belges<\/title>\n<meta name=\"description\" content=\"Acheter un produit comme Arie Serre-livres Vague, design Sep Verboom.? Laissez vous surprendre par nos artistes belges sp\u00e9cialis\u00e9s en produits artisanaux!\" \/>\n<meta name=\"robots\" content=\"index, follow, max-snippet:-1, max-image-preview:large, max-video-preview:-1\" \/>\n<link rel=\"canonical\" href=\"https:\/\/nationalstore.be\/fr\/produit\/arie-serre-livres-vague-design-sep-verboom\" \/>\n<meta property=\"og:locale\" content=\"fr_FR\" \/>\n<meta property=\"og:type\" content=\"article\" \/>\n<meta property=\"og:title\" content=\"Arie Serre-livres Vague, design Sep Verboom. | E-shop artistes belges\" \/>\n<meta property=\"og:description\" content=\"Acheter un produit comme Arie Serre-livres Vague, design Sep Verboom.? Laissez vous surprendre par nos artistes belges sp\u00e9cialis\u00e9s en produits artisanaux!\" \/>\n<meta property=\"og:url\" content=\"https:\/\/nationalstore.be\/fr\/produit\/arie-serre-livres-vague-design-sep-verboom\" \/>\n<meta property=\"og:site_name\" content=\"NATIONA(A)L ARTIST SUPERMARKET\" \/>\n<meta property=\"article:publisher\" content=\"https:\/\/www.facebook.com\/nationalstore\/?ref=br_rs\" \/>\n<meta property=\"article:modified_time\" content=\"2022-07-29T12:57:46+00:00\" \/>\n<meta property=\"og:image\" content=\"https:\/\/nationalstore.be\/wp-content\/uploads\/2020\/12\/MoM-2492-scaled.jpg\" \/>\n\t<meta property=\"og:image:width\" content=\"2048\" \/>\n\t<meta property=\"og:image:height\" content=\"2560\" \/>\n\t<meta property=\"og:image:type\" content=\"image\/jpeg\" \/>\n<meta name=\"twitter:card\" content=\"summary_large_image\" \/>\n<meta name=\"twitter:site\" content=\"@Nationalstore\" \/>\n<meta name=\"twitter:label1\" content=\"Dur\u00e9e de lecture estim\u00e9e\" \/>\n\t<meta name=\"twitter:data1\" content=\"1 minute\" \/>\n<script type=\"application\/ld+json\" class=\"yoast-schema-graph\">{\"@context\":\"https:\/\/schema.org\",\"@graph\":[{\"@type\":\"Organization\",\"@id\":\"https:\/\/nationalstore.be\/fr#organization\",\"name\":\"NATIONA(A)L ARTIST MARKET\",\"url\":\"https:\/\/nationalstore.be\/fr\",\"sameAs\":[\"https:\/\/www.instagram.com\/nationalstore\/\",\"https:\/\/www.facebook.com\/nationalstore\/?ref=br_rs\",\"https:\/\/twitter.com\/Nationalstore\"],\"logo\":{\"@type\":\"ImageObject\",\"inLanguage\":\"fr-FR\",\"@id\":\"https:\/\/nationalstore.be\/fr#\/schema\/logo\/image\/\",\"url\":\"https:\/\/nationalstore.be\/wp-content\/uploads\/2024\/03\/nationaal-logo_mauve-cmjn.png\",\"contentUrl\":\"https:\/\/nationalstore.be\/wp-content\/uploads\/2024\/03\/nationaal-logo_mauve-cmjn.png\",\"width\":3475,\"height\":1352,\"caption\":\"NATIONA(A)L ARTIST MARKET\"},\"image\":{\"@id\":\"https:\/\/nationalstore.be\/fr#\/schema\/logo\/image\/\"}},{\"@type\":\"WebSite\",\"@id\":\"https:\/\/nationalstore.be\/fr#website\",\"url\":\"https:\/\/nationalstore.be\/fr\",\"name\":\"NATIONA(A)L ARTIST SUPERMARKET\",\"description\":\"\",\"publisher\":{\"@id\":\"https:\/\/nationalstore.be\/fr#organization\"},\"potentialAction\":[{\"@type\":\"SearchAction\",\"target\":{\"@type\":\"EntryPoint\",\"urlTemplate\":\"https:\/\/nationalstore.be\/fr?s={search_term_string}\"},\"query-input\":\"required name=search_term_string\"}],\"inLanguage\":\"fr-FR\"},{\"@type\":\"ImageObject\",\"inLanguage\":\"fr-FR\",\"@id\":\"https:\/\/nationalstore.be\/fr\/produit\/arie-serre-livres-vague-design-sep-verboom#primaryimage\",\"url\":\"https:\/\/nationalstore.be\/wp-content\/uploads\/2020\/12\/MoM-2492-scaled.jpg\",\"contentUrl\":\"https:\/\/nationalstore.be\/wp-content\/uploads\/2020\/12\/MoM-2492-scaled.jpg\",\"width\":2048,\"height\":2560},{\"@type\":[\"WebPage\",\"ItemPage\"],\"@id\":\"https:\/\/nationalstore.be\/fr\/produit\/arie-serre-livres-vague-design-sep-verboom#webpage\",\"url\":\"https:\/\/nationalstore.be\/fr\/produit\/arie-serre-livres-vague-design-sep-verboom\",\"name\":\"Arie Serre-livres Vague, design Sep Verboom. | E-shop artistes belges\",\"isPartOf\":{\"@id\":\"https:\/\/nationalstore.be\/fr#website\"},\"primaryImageOfPage\":{\"@id\":\"https:\/\/nationalstore.be\/fr\/produit\/arie-serre-livres-vague-design-sep-verboom#primaryimage\"},\"datePublished\":\"2020-12-07T19:55:03+00:00\",\"dateModified\":\"2022-07-29T12:57:46+00:00\",\"description\":\"Acheter un produit comme Arie Serre-livres Vague, design Sep Verboom.? Laissez vous surprendre par nos artistes belges sp\u00e9cialis\u00e9s en produits artisanaux!\",\"breadcrumb\":{\"@id\":\"https:\/\/nationalstore.be\/fr\/produit\/arie-serre-livres-vague-design-sep-verboom#breadcrumb\"},\"inLanguage\":\"fr-FR\",\"potentialAction\":[{\"@type\":\"ReadAction\",\"target\":[\"https:\/\/nationalstore.be\/fr\/produit\/arie-serre-livres-vague-design-sep-verboom\"]}]},{\"@type\":\"BreadcrumbList\",\"@id\":\"https:\/\/nationalstore.be\/fr\/produit\/arie-serre-livres-vague-design-sep-verboom#breadcrumb\",\"itemListElement\":[{\"@type\":\"ListItem\",\"position\":1,\"name\":\"Home\",\"item\":\"https:\/\/nationalstore.be\/fr\"},{\"@type\":\"ListItem\",\"position\":2,\"name\":\"Produits\",\"item\":\"https:\/\/nationalstore.be\/fr\/shop\"},{\"@type\":\"ListItem\",\"position\":3,\"name\":\"Subcategories\",\"item\":\"https:\/\/nationalstore.be\/fr\/pc\/subcategories-fr\"},{\"@type\":\"ListItem\",\"position\":4,\"name\":\"Collection livraison gratuite\",\"item\":\"https:\/\/nationalstore.be\/fr\/pc\/subcategories-fr\/collection-livraison-gratuite\"},{\"@type\":\"ListItem\",\"position\":5,\"name\":\"Arie Serre-livres Vague, design Sep Verboom.\"}]}]}<\/script>\n<!-- \/ Yoast SEO plugin. -->","yoast_head_json":{"title":"Arie Serre-livres Vague, design Sep Verboom. | E-shop artistes belges","description":"Acheter un produit comme Arie Serre-livres Vague, design Sep Verboom.? Laissez vous surprendre par nos artistes belges sp\u00e9cialis\u00e9s en produits artisanaux!","robots":{"index":"index","follow":"follow","max-snippet":"max-snippet:-1","max-image-preview":"max-image-preview:large","max-video-preview":"max-video-preview:-1"},"canonical":"https:\/\/nationalstore.be\/fr\/produit\/arie-serre-livres-vague-design-sep-verboom","og_locale":"fr_FR","og_type":"article","og_title":"Arie Serre-livres Vague, design Sep Verboom. | E-shop artistes belges","og_description":"Acheter un produit comme Arie Serre-livres Vague, design Sep Verboom.? Laissez vous surprendre par nos artistes belges sp\u00e9cialis\u00e9s en produits artisanaux!","og_url":"https:\/\/nationalstore.be\/fr\/produit\/arie-serre-livres-vague-design-sep-verboom","og_site_name":"NATIONA(A)L ARTIST SUPERMARKET","article_publisher":"https:\/\/www.facebook.com\/nationalstore\/?ref=br_rs","article_modified_time":"2022-07-29T12:57:46+00:00","og_image":[{"width":2048,"height":2560,"url":"https:\/\/nationalstore.be\/wp-content\/uploads\/2020\/12\/MoM-2492-scaled.jpg","type":"image\/jpeg"}],"twitter_card":"summary_large_image","twitter_site":"@Nationalstore","twitter_misc":{"Dur\u00e9e de lecture estim\u00e9e":"1 minute"},"schema":{"@context":"https:\/\/schema.org","@graph":[{"@type":"Organization","@id":"https:\/\/nationalstore.be\/fr#organization","name":"NATIONA(A)L ARTIST MARKET","url":"https:\/\/nationalstore.be\/fr","sameAs":["https:\/\/www.instagram.com\/nationalstore\/","https:\/\/www.facebook.com\/nationalstore\/?ref=br_rs","https:\/\/twitter.com\/Nationalstore"],"logo":{"@type":"ImageObject","inLanguage":"fr-FR","@id":"https:\/\/nationalstore.be\/fr#\/schema\/logo\/image\/","url":"https:\/\/nationalstore.be\/wp-content\/uploads\/2024\/03\/nationaal-logo_mauve-cmjn.png","contentUrl":"https:\/\/nationalstore.be\/wp-content\/uploads\/2024\/03\/nationaal-logo_mauve-cmjn.png","width":3475,"height":1352,"caption":"NATIONA(A)L ARTIST MARKET"},"image":{"@id":"https:\/\/nationalstore.be\/fr#\/schema\/logo\/image\/"}},{"@type":"WebSite","@id":"https:\/\/nationalstore.be\/fr#website","url":"https:\/\/nationalstore.be\/fr","name":"NATIONA(A)L ARTIST SUPERMARKET","description":"","publisher":{"@id":"https:\/\/nationalstore.be\/fr#organization"},"potentialAction":[{"@type":"SearchAction","target":{"@type":"EntryPoint","urlTemplate":"https:\/\/nationalstore.be\/fr?s={search_term_string}"},"query-input":"required name=search_term_string"}],"inLanguage":"fr-FR"},{"@type":"ImageObject","inLanguage":"fr-FR","@id":"https:\/\/nationalstore.be\/fr\/produit\/arie-serre-livres-vague-design-sep-verboom#primaryimage","url":"https:\/\/nationalstore.be\/wp-content\/uploads\/2020\/12\/MoM-2492-scaled.jpg","contentUrl":"https:\/\/nationalstore.be\/wp-content\/uploads\/2020\/12\/MoM-2492-scaled.jpg","width":2048,"height":2560},{"@type":["WebPage","ItemPage"],"@id":"https:\/\/nationalstore.be\/fr\/produit\/arie-serre-livres-vague-design-sep-verboom#webpage","url":"https:\/\/nationalstore.be\/fr\/produit\/arie-serre-livres-vague-design-sep-verboom","name":"Arie Serre-livres Vague, design Sep Verboom. | E-shop artistes belges","isPartOf":{"@id":"https:\/\/nationalstore.be\/fr#website"},"primaryImageOfPage":{"@id":"https:\/\/nationalstore.be\/fr\/produit\/arie-serre-livres-vague-design-sep-verboom#primaryimage"},"datePublished":"2020-12-07T19:55:03+00:00","dateModified":"2022-07-29T12:57:46+00:00","description":"Acheter un produit comme Arie Serre-livres Vague, design Sep Verboom.? Laissez vous surprendre par nos artistes belges sp\u00e9cialis\u00e9s en produits artisanaux!","breadcrumb":{"@id":"https:\/\/nationalstore.be\/fr\/produit\/arie-serre-livres-vague-design-sep-verboom#breadcrumb"},"inLanguage":"fr-FR","potentialAction":[{"@type":"ReadAction","target":["https:\/\/nationalstore.be\/fr\/produit\/arie-serre-livres-vague-design-sep-verboom"]}]},{"@type":"BreadcrumbList","@id":"https:\/\/nationalstore.be\/fr\/produit\/arie-serre-livres-vague-design-sep-verboom#breadcrumb","itemListElement":[{"@type":"ListItem","position":1,"name":"Home","item":"https:\/\/nationalstore.be\/fr"},{"@type":"ListItem","position":2,"name":"Produits","item":"https:\/\/nationalstore.be\/fr\/shop"},{"@type":"ListItem","position":3,"name":"Subcategories","item":"https:\/\/nationalstore.be\/fr\/pc\/subcategories-fr"},{"@type":"ListItem","position":4,"name":"Collection livraison gratuite","item":"https:\/\/nationalstore.be\/fr\/pc\/subcategories-fr\/collection-livraison-gratuite"},{"@type":"ListItem","position":5,"name":"Arie Serre-livres Vague, design Sep Verboom."}]}]}},"_links":{"self":[{"href":"https:\/\/nationalstore.be\/fr\/wp-json\/wp\/v2\/product\/9287"}],"collection":[{"href":"https:\/\/nationalstore.be\/fr\/wp-json\/wp\/v2\/product"}],"about":[{"href":"https:\/\/nationalstore.be\/fr\/wp-json\/wp\/v2\/types\/product"}],"wp:featuredmedia":[{"embeddable":true,"href":"https:\/\/nationalstore.be\/fr\/wp-json\/wp\/v2\/media\/6363"}],"wp:attachment":[{"href":"https:\/\/nationalstore.be\/fr\/wp-json\/wp\/v2\/media?parent=9287"}],"wp:term":[{"taxonomy":"product_cat","embeddable":true,"href":"https:\/\/nationalstore.be\/fr\/wp-json\/wp\/v2\/product_cat?post=9287"},{"taxonomy":"product_tag","embeddable":true,"href":"https:\/\/nationalstore.be\/fr\/wp-json\/wp\/v2\/product_tag?post=9287"}],"curies":[{"name":"wp","href":"https:\/\/api.w.org\/{rel}","templated":true}]}}