{"id":56613,"date":"2024-06-11T13:21:29","date_gmt":"2024-06-11T11:21:29","guid":{"rendered":"https:\/\/nationalstore.be\/product\/exit-homo-2"},"modified":"2026-01-29T15:09:07","modified_gmt":"2026-01-29T14:09:07","slug":"exit-homo-2","status":"publish","type":"product","link":"https:\/\/nationalstore.be\/fr\/produit\/exit-homo-2","title":{"rendered":"Exit Homo 2"},"content":{"rendered":"<p data-start=\"37\" data-end=\"283\">\u00c0 partir de leurs r\u00e9ponses, elle a \u00e9crit un texte et peint des images. Les \u0153uvres sont bas\u00e9es sur des croquis qu\u2019elle a r\u00e9alis\u00e9s, dans lesquels Lore a cherch\u00e9 \u00e0 capturer le vide, en utilisant des lignes et en laissant beaucoup d\u2019espace blanc.<\/p>\n<p data-start=\"288\" data-end=\"317\">Choisissez votre format :<\/p>\n<p data-start=\"322\" data-end=\"391\">A5 = 45 \u20ac<br data-start=\"331\" data-end=\"334\">A4 = 55 \u20ac<br data-start=\"345\" data-end=\"348\">A3 = 80 \u20ac<br data-start=\"359\" data-end=\"362\">A2 = 115 \u20ac<br data-start=\"374\" data-end=\"377\">A1 = 195 \u20ac<\/p>\n","protected":false},"excerpt":{"rendered":"<p>Lore De Schutter (1999) est une illustratrice bas\u00e9e en Belgique. Elle puise son inspiration chez les artistes dada\u00efstes, les objets trouv\u00e9s, son environnement et les livres. Les \u0153uvres de cette collection font partie d\u2019une s\u00e9rie de 2019 intitul\u00e9e <em data-start=\"286\" data-end=\"297\">Exit Homo<\/em>, qui explore \u00e0 quoi le monde ressemblerait, serait et se ressentirait sans la pr\u00e9sence humaine. Elle a imagin\u00e9 un monde sans elle et a demand\u00e9 \u00e0 sa famille et \u00e0 ses amis ce qu\u2019ils feraient si elle n\u2019existait plus.<\/p>\n","protected":false},"featured_media":53612,"template":"","meta":[],"product_cat":[2810,2792,3676,3716],"product_tag":[3713],"yoast_head":"<!-- This site is optimized with the Yoast SEO plugin v19.1 - https:\/\/yoast.com\/wordpress\/plugins\/seo\/ -->\n<title>Exit Homo 2 | E-shop artistes belges<\/title>\n<meta name=\"description\" content=\"D\u00e9couvrez des tirages d\u2019art en \u00e9dition limit\u00e9e de plus de 60 artistes belges chez BuroMuro. Soutenez les talents locaux et profitez d\u2019\u0153uvres exclusives et de haute qualit\u00e9.\" \/>\n<meta name=\"robots\" content=\"index, follow, max-snippet:-1, max-image-preview:large, max-video-preview:-1\" \/>\n<link rel=\"canonical\" href=\"https:\/\/nationalstore.be\/fr\/produit\/exit-homo-2\" \/>\n<meta property=\"og:locale\" content=\"fr_FR\" \/>\n<meta property=\"og:type\" content=\"article\" \/>\n<meta property=\"og:title\" content=\"Exit Homo 2 | E-shop artistes belges\" \/>\n<meta property=\"og:description\" content=\"D\u00e9couvrez des tirages d\u2019art en \u00e9dition limit\u00e9e de plus de 60 artistes belges chez BuroMuro. Soutenez les talents locaux et profitez d\u2019\u0153uvres exclusives et de haute qualit\u00e9.\" \/>\n<meta property=\"og:url\" content=\"https:\/\/nationalstore.be\/fr\/produit\/exit-homo-2\" \/>\n<meta property=\"og:site_name\" content=\"NATIONA(A)L ARTIST SUPERMARKET\" \/>\n<meta property=\"article:publisher\" content=\"https:\/\/www.facebook.com\/nationalstore\/?ref=br_rs\" \/>\n<meta property=\"article:modified_time\" content=\"2026-01-29T14:09:07+00:00\" \/>\n<meta property=\"og:image\" content=\"https:\/\/nationalstore.be\/wp-content\/uploads\/2024\/06\/Exit-Homo2_A1-scaled.jpg\" \/>\n\t<meta property=\"og:image:width\" content=\"1810\" \/>\n\t<meta property=\"og:image:height\" content=\"2560\" \/>\n\t<meta property=\"og:image:type\" content=\"image\/jpeg\" \/>\n<meta name=\"twitter:card\" content=\"summary_large_image\" \/>\n<meta name=\"twitter:site\" content=\"@Nationalstore\" \/>\n<script type=\"application\/ld+json\" class=\"yoast-schema-graph\">{\"@context\":\"https:\/\/schema.org\",\"@graph\":[{\"@type\":\"Organization\",\"@id\":\"https:\/\/nationalstore.be\/fr#organization\",\"name\":\"NATIONA(A)L ARTIST MARKET\",\"url\":\"https:\/\/nationalstore.be\/fr\",\"sameAs\":[\"https:\/\/www.instagram.com\/nationalstore\/\",\"https:\/\/www.facebook.com\/nationalstore\/?ref=br_rs\",\"https:\/\/twitter.com\/Nationalstore\"],\"logo\":{\"@type\":\"ImageObject\",\"inLanguage\":\"fr-FR\",\"@id\":\"https:\/\/nationalstore.be\/fr#\/schema\/logo\/image\/\",\"url\":\"https:\/\/nationalstore.be\/wp-content\/uploads\/2024\/03\/nationaal-logo_mauve-cmjn.png\",\"contentUrl\":\"https:\/\/nationalstore.be\/wp-content\/uploads\/2024\/03\/nationaal-logo_mauve-cmjn.png\",\"width\":3475,\"height\":1352,\"caption\":\"NATIONA(A)L ARTIST MARKET\"},\"image\":{\"@id\":\"https:\/\/nationalstore.be\/fr#\/schema\/logo\/image\/\"}},{\"@type\":\"WebSite\",\"@id\":\"https:\/\/nationalstore.be\/fr#website\",\"url\":\"https:\/\/nationalstore.be\/fr\",\"name\":\"NATIONA(A)L ARTIST SUPERMARKET\",\"description\":\"\",\"publisher\":{\"@id\":\"https:\/\/nationalstore.be\/fr#organization\"},\"potentialAction\":[{\"@type\":\"SearchAction\",\"target\":{\"@type\":\"EntryPoint\",\"urlTemplate\":\"https:\/\/nationalstore.be\/fr?s={search_term_string}\"},\"query-input\":\"required name=search_term_string\"}],\"inLanguage\":\"fr-FR\"},{\"@type\":\"ImageObject\",\"inLanguage\":\"fr-FR\",\"@id\":\"https:\/\/nationalstore.be\/fr\/produit\/exit-homo-2#primaryimage\",\"url\":\"https:\/\/nationalstore.be\/wp-content\/uploads\/2024\/06\/Exit-Homo2_A1-scaled.jpg\",\"contentUrl\":\"https:\/\/nationalstore.be\/wp-content\/uploads\/2024\/06\/Exit-Homo2_A1-scaled.jpg\",\"width\":1810,\"height\":2560},{\"@type\":[\"WebPage\",\"ItemPage\"],\"@id\":\"https:\/\/nationalstore.be\/fr\/produit\/exit-homo-2#webpage\",\"url\":\"https:\/\/nationalstore.be\/fr\/produit\/exit-homo-2\",\"name\":\"Exit Homo 2 | E-shop artistes belges\",\"isPartOf\":{\"@id\":\"https:\/\/nationalstore.be\/fr#website\"},\"primaryImageOfPage\":{\"@id\":\"https:\/\/nationalstore.be\/fr\/produit\/exit-homo-2#primaryimage\"},\"datePublished\":\"2024-06-11T11:21:29+00:00\",\"dateModified\":\"2026-01-29T14:09:07+00:00\",\"description\":\"D\u00e9couvrez des tirages d\u2019art en \u00e9dition limit\u00e9e de plus de 60 artistes belges chez BuroMuro. Soutenez les talents locaux et profitez d\u2019\u0153uvres exclusives et de haute qualit\u00e9.\",\"breadcrumb\":{\"@id\":\"https:\/\/nationalstore.be\/fr\/produit\/exit-homo-2#breadcrumb\"},\"inLanguage\":\"fr-FR\",\"potentialAction\":[{\"@type\":\"ReadAction\",\"target\":[\"https:\/\/nationalstore.be\/fr\/produit\/exit-homo-2\"]}]},{\"@type\":\"BreadcrumbList\",\"@id\":\"https:\/\/nationalstore.be\/fr\/produit\/exit-homo-2#breadcrumb\",\"itemListElement\":[{\"@type\":\"ListItem\",\"position\":1,\"name\":\"Home\",\"item\":\"https:\/\/nationalstore.be\/fr\"},{\"@type\":\"ListItem\",\"position\":2,\"name\":\"Produits\",\"item\":\"https:\/\/nationalstore.be\/fr\/shop\"},{\"@type\":\"ListItem\",\"position\":3,\"name\":\"Livres &amp; Illustrations\",\"item\":\"https:\/\/nationalstore.be\/fr\/pc\/livres-illustrations\"},{\"@type\":\"ListItem\",\"position\":4,\"name\":\"Illustrations\",\"item\":\"https:\/\/nationalstore.be\/fr\/pc\/livres-illustrations\/illustrations\"},{\"@type\":\"ListItem\",\"position\":5,\"name\":\"Exit Homo 2\"}]}]}<\/script>\n<!-- \/ Yoast SEO plugin. -->","yoast_head_json":{"title":"Exit Homo 2 | E-shop artistes belges","description":"D\u00e9couvrez des tirages d\u2019art en \u00e9dition limit\u00e9e de plus de 60 artistes belges chez BuroMuro. Soutenez les talents locaux et profitez d\u2019\u0153uvres exclusives et de haute qualit\u00e9.","robots":{"index":"index","follow":"follow","max-snippet":"max-snippet:-1","max-image-preview":"max-image-preview:large","max-video-preview":"max-video-preview:-1"},"canonical":"https:\/\/nationalstore.be\/fr\/produit\/exit-homo-2","og_locale":"fr_FR","og_type":"article","og_title":"Exit Homo 2 | E-shop artistes belges","og_description":"D\u00e9couvrez des tirages d\u2019art en \u00e9dition limit\u00e9e de plus de 60 artistes belges chez BuroMuro. Soutenez les talents locaux et profitez d\u2019\u0153uvres exclusives et de haute qualit\u00e9.","og_url":"https:\/\/nationalstore.be\/fr\/produit\/exit-homo-2","og_site_name":"NATIONA(A)L ARTIST SUPERMARKET","article_publisher":"https:\/\/www.facebook.com\/nationalstore\/?ref=br_rs","article_modified_time":"2026-01-29T14:09:07+00:00","og_image":[{"width":1810,"height":2560,"url":"https:\/\/nationalstore.be\/wp-content\/uploads\/2024\/06\/Exit-Homo2_A1-scaled.jpg","type":"image\/jpeg"}],"twitter_card":"summary_large_image","twitter_site":"@Nationalstore","schema":{"@context":"https:\/\/schema.org","@graph":[{"@type":"Organization","@id":"https:\/\/nationalstore.be\/fr#organization","name":"NATIONA(A)L ARTIST MARKET","url":"https:\/\/nationalstore.be\/fr","sameAs":["https:\/\/www.instagram.com\/nationalstore\/","https:\/\/www.facebook.com\/nationalstore\/?ref=br_rs","https:\/\/twitter.com\/Nationalstore"],"logo":{"@type":"ImageObject","inLanguage":"fr-FR","@id":"https:\/\/nationalstore.be\/fr#\/schema\/logo\/image\/","url":"https:\/\/nationalstore.be\/wp-content\/uploads\/2024\/03\/nationaal-logo_mauve-cmjn.png","contentUrl":"https:\/\/nationalstore.be\/wp-content\/uploads\/2024\/03\/nationaal-logo_mauve-cmjn.png","width":3475,"height":1352,"caption":"NATIONA(A)L ARTIST MARKET"},"image":{"@id":"https:\/\/nationalstore.be\/fr#\/schema\/logo\/image\/"}},{"@type":"WebSite","@id":"https:\/\/nationalstore.be\/fr#website","url":"https:\/\/nationalstore.be\/fr","name":"NATIONA(A)L ARTIST SUPERMARKET","description":"","publisher":{"@id":"https:\/\/nationalstore.be\/fr#organization"},"potentialAction":[{"@type":"SearchAction","target":{"@type":"EntryPoint","urlTemplate":"https:\/\/nationalstore.be\/fr?s={search_term_string}"},"query-input":"required name=search_term_string"}],"inLanguage":"fr-FR"},{"@type":"ImageObject","inLanguage":"fr-FR","@id":"https:\/\/nationalstore.be\/fr\/produit\/exit-homo-2#primaryimage","url":"https:\/\/nationalstore.be\/wp-content\/uploads\/2024\/06\/Exit-Homo2_A1-scaled.jpg","contentUrl":"https:\/\/nationalstore.be\/wp-content\/uploads\/2024\/06\/Exit-Homo2_A1-scaled.jpg","width":1810,"height":2560},{"@type":["WebPage","ItemPage"],"@id":"https:\/\/nationalstore.be\/fr\/produit\/exit-homo-2#webpage","url":"https:\/\/nationalstore.be\/fr\/produit\/exit-homo-2","name":"Exit Homo 2 | E-shop artistes belges","isPartOf":{"@id":"https:\/\/nationalstore.be\/fr#website"},"primaryImageOfPage":{"@id":"https:\/\/nationalstore.be\/fr\/produit\/exit-homo-2#primaryimage"},"datePublished":"2024-06-11T11:21:29+00:00","dateModified":"2026-01-29T14:09:07+00:00","description":"D\u00e9couvrez des tirages d\u2019art en \u00e9dition limit\u00e9e de plus de 60 artistes belges chez BuroMuro. Soutenez les talents locaux et profitez d\u2019\u0153uvres exclusives et de haute qualit\u00e9.","breadcrumb":{"@id":"https:\/\/nationalstore.be\/fr\/produit\/exit-homo-2#breadcrumb"},"inLanguage":"fr-FR","potentialAction":[{"@type":"ReadAction","target":["https:\/\/nationalstore.be\/fr\/produit\/exit-homo-2"]}]},{"@type":"BreadcrumbList","@id":"https:\/\/nationalstore.be\/fr\/produit\/exit-homo-2#breadcrumb","itemListElement":[{"@type":"ListItem","position":1,"name":"Home","item":"https:\/\/nationalstore.be\/fr"},{"@type":"ListItem","position":2,"name":"Produits","item":"https:\/\/nationalstore.be\/fr\/shop"},{"@type":"ListItem","position":3,"name":"Livres &amp; Illustrations","item":"https:\/\/nationalstore.be\/fr\/pc\/livres-illustrations"},{"@type":"ListItem","position":4,"name":"Illustrations","item":"https:\/\/nationalstore.be\/fr\/pc\/livres-illustrations\/illustrations"},{"@type":"ListItem","position":5,"name":"Exit Homo 2"}]}]}},"_links":{"self":[{"href":"https:\/\/nationalstore.be\/fr\/wp-json\/wp\/v2\/product\/56613"}],"collection":[{"href":"https:\/\/nationalstore.be\/fr\/wp-json\/wp\/v2\/product"}],"about":[{"href":"https:\/\/nationalstore.be\/fr\/wp-json\/wp\/v2\/types\/product"}],"wp:featuredmedia":[{"embeddable":true,"href":"https:\/\/nationalstore.be\/fr\/wp-json\/wp\/v2\/media\/53612"}],"wp:attachment":[{"href":"https:\/\/nationalstore.be\/fr\/wp-json\/wp\/v2\/media?parent=56613"}],"wp:term":[{"taxonomy":"product_cat","embeddable":true,"href":"https:\/\/nationalstore.be\/fr\/wp-json\/wp\/v2\/product_cat?post=56613"},{"taxonomy":"product_tag","embeddable":true,"href":"https:\/\/nationalstore.be\/fr\/wp-json\/wp\/v2\/product_tag?post=56613"}],"curies":[{"name":"wp","href":"https:\/\/api.w.org\/{rel}","templated":true}]}}