{"id":56527,"date":"2026-01-20T15:49:54","date_gmt":"2026-01-20T14:49:54","guid":{"rendered":"https:\/\/nationalstore.be\/?post_type=product&#038;p=56527"},"modified":"2026-01-20T15:50:33","modified_gmt":"2026-01-20T14:50:33","slug":"vestiaire-tee-shirt-margeurite-fr","status":"publish","type":"product","link":"https:\/\/nationalstore.be\/fr\/produit\/vestiaire-tee-shirt-margeurite-fr","title":{"rendered":"Vestiaire, Tee-shirt Margeurite (fr)"},"content":{"rendered":"<p data-start=\"190\" data-end=\"226\">C\u00e9ramique, faite main. Pi\u00e8ce unique.<\/p>\n<\/p>\n<p data-start=\"228\" data-end=\"273\" data-is-last-node=\"\" data-is-only-node=\"\">Peut \u00eatre accroch\u00e9 au mur ou simplement d\u00e9pos\u00e9.<\/p>\n","protected":false},"excerpt":{"rendered":"<p data-start=\"39\" data-end=\"61\"><strong data-start=\"39\" data-end=\"61\">Vestiaire, culotte<\/strong><\/p>\n<\/p>\n<p data-start=\"63\" data-end=\"188\"><em data-start=\"63\" data-end=\"74\">Vestiaire<\/em> est une collection de v\u00eatements en c\u00e9ramique.<br data-start=\"120\" data-end=\"123\"><br \/>\nUne garde-robe fig\u00e9e dans le temps, un placard ludique et color\u00e9.<\/p>\n","protected":false},"featured_media":54897,"template":"","meta":[],"product_cat":[570,527,529,2903,2912,3676,2825],"product_tag":[3592],"yoast_head":"<!-- This site is optimized with the Yoast SEO plugin v19.1 - https:\/\/yoast.com\/wordpress\/plugins\/seo\/ -->\n<title>Vestiaire, Tee-shirt Margeurite (fr) | E-shop artistes belges<\/title>\n<meta name=\"description\" content=\"Acheter un produit comme Vestiaire, Tee-shirt Margeurite (fr)? Laissez vous surprendre par nos artistes belges sp\u00e9cialis\u00e9s en produits artisanaux!\" \/>\n<meta name=\"robots\" content=\"index, follow, max-snippet:-1, max-image-preview:large, max-video-preview:-1\" \/>\n<link rel=\"canonical\" href=\"https:\/\/nationalstore.be\/fr\/produit\/vestiaire-tee-shirt-margeurite-fr\" \/>\n<meta property=\"og:locale\" content=\"fr_FR\" \/>\n<meta property=\"og:type\" content=\"article\" \/>\n<meta property=\"og:title\" content=\"Vestiaire, Tee-shirt Margeurite (fr) | E-shop artistes belges\" \/>\n<meta property=\"og:description\" content=\"Acheter un produit comme Vestiaire, Tee-shirt Margeurite (fr)? Laissez vous surprendre par nos artistes belges sp\u00e9cialis\u00e9s en produits artisanaux!\" \/>\n<meta property=\"og:url\" content=\"https:\/\/nationalstore.be\/fr\/produit\/vestiaire-tee-shirt-margeurite-fr\" \/>\n<meta property=\"og:site_name\" content=\"NATIONA(A)L ARTIST SUPERMARKET\" \/>\n<meta property=\"article:publisher\" content=\"https:\/\/www.facebook.com\/nationalstore\/?ref=br_rs\" \/>\n<meta property=\"article:modified_time\" content=\"2026-01-20T14:50:33+00:00\" \/>\n<meta property=\"og:image\" content=\"https:\/\/nationalstore.be\/wp-content\/uploads\/2024\/10\/national-\u2013-17.jpg\" \/>\n\t<meta property=\"og:image:width\" content=\"1080\" \/>\n\t<meta property=\"og:image:height\" content=\"1080\" \/>\n\t<meta property=\"og:image:type\" content=\"image\/jpeg\" \/>\n<meta name=\"twitter:card\" content=\"summary_large_image\" \/>\n<meta name=\"twitter:site\" content=\"@Nationalstore\" \/>\n<script type=\"application\/ld+json\" class=\"yoast-schema-graph\">{\"@context\":\"https:\/\/schema.org\",\"@graph\":[{\"@type\":\"Organization\",\"@id\":\"https:\/\/nationalstore.be\/fr#organization\",\"name\":\"NATIONA(A)L ARTIST MARKET\",\"url\":\"https:\/\/nationalstore.be\/fr\",\"sameAs\":[\"https:\/\/www.instagram.com\/nationalstore\/\",\"https:\/\/www.facebook.com\/nationalstore\/?ref=br_rs\",\"https:\/\/twitter.com\/Nationalstore\"],\"logo\":{\"@type\":\"ImageObject\",\"inLanguage\":\"fr-FR\",\"@id\":\"https:\/\/nationalstore.be\/fr#\/schema\/logo\/image\/\",\"url\":\"https:\/\/nationalstore.be\/wp-content\/uploads\/2024\/03\/nationaal-logo_mauve-cmjn.png\",\"contentUrl\":\"https:\/\/nationalstore.be\/wp-content\/uploads\/2024\/03\/nationaal-logo_mauve-cmjn.png\",\"width\":3475,\"height\":1352,\"caption\":\"NATIONA(A)L ARTIST MARKET\"},\"image\":{\"@id\":\"https:\/\/nationalstore.be\/fr#\/schema\/logo\/image\/\"}},{\"@type\":\"WebSite\",\"@id\":\"https:\/\/nationalstore.be\/fr#website\",\"url\":\"https:\/\/nationalstore.be\/fr\",\"name\":\"NATIONA(A)L ARTIST SUPERMARKET\",\"description\":\"\",\"publisher\":{\"@id\":\"https:\/\/nationalstore.be\/fr#organization\"},\"potentialAction\":[{\"@type\":\"SearchAction\",\"target\":{\"@type\":\"EntryPoint\",\"urlTemplate\":\"https:\/\/nationalstore.be\/fr?s={search_term_string}\"},\"query-input\":\"required name=search_term_string\"}],\"inLanguage\":\"fr-FR\"},{\"@type\":\"ImageObject\",\"inLanguage\":\"fr-FR\",\"@id\":\"https:\/\/nationalstore.be\/fr\/produit\/vestiaire-tee-shirt-margeurite-fr#primaryimage\",\"url\":\"https:\/\/nationalstore.be\/wp-content\/uploads\/2024\/10\/national-\u2013-17.jpg\",\"contentUrl\":\"https:\/\/nationalstore.be\/wp-content\/uploads\/2024\/10\/national-\u2013-17.jpg\",\"width\":1080,\"height\":1080},{\"@type\":[\"WebPage\",\"ItemPage\"],\"@id\":\"https:\/\/nationalstore.be\/fr\/produit\/vestiaire-tee-shirt-margeurite-fr#webpage\",\"url\":\"https:\/\/nationalstore.be\/fr\/produit\/vestiaire-tee-shirt-margeurite-fr\",\"name\":\"Vestiaire, Tee-shirt Margeurite (fr) | E-shop artistes belges\",\"isPartOf\":{\"@id\":\"https:\/\/nationalstore.be\/fr#website\"},\"primaryImageOfPage\":{\"@id\":\"https:\/\/nationalstore.be\/fr\/produit\/vestiaire-tee-shirt-margeurite-fr#primaryimage\"},\"datePublished\":\"2026-01-20T14:49:54+00:00\",\"dateModified\":\"2026-01-20T14:50:33+00:00\",\"description\":\"Acheter un produit comme Vestiaire, Tee-shirt Margeurite (fr)? Laissez vous surprendre par nos artistes belges sp\u00e9cialis\u00e9s en produits artisanaux!\",\"breadcrumb\":{\"@id\":\"https:\/\/nationalstore.be\/fr\/produit\/vestiaire-tee-shirt-margeurite-fr#breadcrumb\"},\"inLanguage\":\"fr-FR\",\"potentialAction\":[{\"@type\":\"ReadAction\",\"target\":[\"https:\/\/nationalstore.be\/fr\/produit\/vestiaire-tee-shirt-margeurite-fr\"]}]},{\"@type\":\"BreadcrumbList\",\"@id\":\"https:\/\/nationalstore.be\/fr\/produit\/vestiaire-tee-shirt-margeurite-fr#breadcrumb\",\"itemListElement\":[{\"@type\":\"ListItem\",\"position\":1,\"name\":\"Home\",\"item\":\"https:\/\/nationalstore.be\/fr\"},{\"@type\":\"ListItem\",\"position\":2,\"name\":\"Produits\",\"item\":\"https:\/\/nationalstore.be\/fr\/shop\"},{\"@type\":\"ListItem\",\"position\":3,\"name\":\"Design pour la maison\",\"item\":\"https:\/\/nationalstore.be\/fr\/pc\/design-pour-la-maison\"},{\"@type\":\"ListItem\",\"position\":4,\"name\":\"Objets d\u00e9coratifs\",\"item\":\"https:\/\/nationalstore.be\/fr\/pc\/design-pour-la-maison\/objets-decoratifs\"},{\"@type\":\"ListItem\",\"position\":5,\"name\":\"Vestiaire, Tee-shirt Margeurite (fr)\"}]}]}<\/script>\n<!-- \/ Yoast SEO plugin. -->","yoast_head_json":{"title":"Vestiaire, Tee-shirt Margeurite (fr) | E-shop artistes belges","description":"Acheter un produit comme Vestiaire, Tee-shirt Margeurite (fr)? Laissez vous surprendre par nos artistes belges sp\u00e9cialis\u00e9s en produits artisanaux!","robots":{"index":"index","follow":"follow","max-snippet":"max-snippet:-1","max-image-preview":"max-image-preview:large","max-video-preview":"max-video-preview:-1"},"canonical":"https:\/\/nationalstore.be\/fr\/produit\/vestiaire-tee-shirt-margeurite-fr","og_locale":"fr_FR","og_type":"article","og_title":"Vestiaire, Tee-shirt Margeurite (fr) | E-shop artistes belges","og_description":"Acheter un produit comme Vestiaire, Tee-shirt Margeurite (fr)? Laissez vous surprendre par nos artistes belges sp\u00e9cialis\u00e9s en produits artisanaux!","og_url":"https:\/\/nationalstore.be\/fr\/produit\/vestiaire-tee-shirt-margeurite-fr","og_site_name":"NATIONA(A)L ARTIST SUPERMARKET","article_publisher":"https:\/\/www.facebook.com\/nationalstore\/?ref=br_rs","article_modified_time":"2026-01-20T14:50:33+00:00","og_image":[{"width":1080,"height":1080,"url":"https:\/\/nationalstore.be\/wp-content\/uploads\/2024\/10\/national-\u2013-17.jpg","type":"image\/jpeg"}],"twitter_card":"summary_large_image","twitter_site":"@Nationalstore","schema":{"@context":"https:\/\/schema.org","@graph":[{"@type":"Organization","@id":"https:\/\/nationalstore.be\/fr#organization","name":"NATIONA(A)L ARTIST MARKET","url":"https:\/\/nationalstore.be\/fr","sameAs":["https:\/\/www.instagram.com\/nationalstore\/","https:\/\/www.facebook.com\/nationalstore\/?ref=br_rs","https:\/\/twitter.com\/Nationalstore"],"logo":{"@type":"ImageObject","inLanguage":"fr-FR","@id":"https:\/\/nationalstore.be\/fr#\/schema\/logo\/image\/","url":"https:\/\/nationalstore.be\/wp-content\/uploads\/2024\/03\/nationaal-logo_mauve-cmjn.png","contentUrl":"https:\/\/nationalstore.be\/wp-content\/uploads\/2024\/03\/nationaal-logo_mauve-cmjn.png","width":3475,"height":1352,"caption":"NATIONA(A)L ARTIST MARKET"},"image":{"@id":"https:\/\/nationalstore.be\/fr#\/schema\/logo\/image\/"}},{"@type":"WebSite","@id":"https:\/\/nationalstore.be\/fr#website","url":"https:\/\/nationalstore.be\/fr","name":"NATIONA(A)L ARTIST SUPERMARKET","description":"","publisher":{"@id":"https:\/\/nationalstore.be\/fr#organization"},"potentialAction":[{"@type":"SearchAction","target":{"@type":"EntryPoint","urlTemplate":"https:\/\/nationalstore.be\/fr?s={search_term_string}"},"query-input":"required name=search_term_string"}],"inLanguage":"fr-FR"},{"@type":"ImageObject","inLanguage":"fr-FR","@id":"https:\/\/nationalstore.be\/fr\/produit\/vestiaire-tee-shirt-margeurite-fr#primaryimage","url":"https:\/\/nationalstore.be\/wp-content\/uploads\/2024\/10\/national-\u2013-17.jpg","contentUrl":"https:\/\/nationalstore.be\/wp-content\/uploads\/2024\/10\/national-\u2013-17.jpg","width":1080,"height":1080},{"@type":["WebPage","ItemPage"],"@id":"https:\/\/nationalstore.be\/fr\/produit\/vestiaire-tee-shirt-margeurite-fr#webpage","url":"https:\/\/nationalstore.be\/fr\/produit\/vestiaire-tee-shirt-margeurite-fr","name":"Vestiaire, Tee-shirt Margeurite (fr) | E-shop artistes belges","isPartOf":{"@id":"https:\/\/nationalstore.be\/fr#website"},"primaryImageOfPage":{"@id":"https:\/\/nationalstore.be\/fr\/produit\/vestiaire-tee-shirt-margeurite-fr#primaryimage"},"datePublished":"2026-01-20T14:49:54+00:00","dateModified":"2026-01-20T14:50:33+00:00","description":"Acheter un produit comme Vestiaire, Tee-shirt Margeurite (fr)? Laissez vous surprendre par nos artistes belges sp\u00e9cialis\u00e9s en produits artisanaux!","breadcrumb":{"@id":"https:\/\/nationalstore.be\/fr\/produit\/vestiaire-tee-shirt-margeurite-fr#breadcrumb"},"inLanguage":"fr-FR","potentialAction":[{"@type":"ReadAction","target":["https:\/\/nationalstore.be\/fr\/produit\/vestiaire-tee-shirt-margeurite-fr"]}]},{"@type":"BreadcrumbList","@id":"https:\/\/nationalstore.be\/fr\/produit\/vestiaire-tee-shirt-margeurite-fr#breadcrumb","itemListElement":[{"@type":"ListItem","position":1,"name":"Home","item":"https:\/\/nationalstore.be\/fr"},{"@type":"ListItem","position":2,"name":"Produits","item":"https:\/\/nationalstore.be\/fr\/shop"},{"@type":"ListItem","position":3,"name":"Design pour la maison","item":"https:\/\/nationalstore.be\/fr\/pc\/design-pour-la-maison"},{"@type":"ListItem","position":4,"name":"Objets d\u00e9coratifs","item":"https:\/\/nationalstore.be\/fr\/pc\/design-pour-la-maison\/objets-decoratifs"},{"@type":"ListItem","position":5,"name":"Vestiaire, Tee-shirt Margeurite (fr)"}]}]}},"_links":{"self":[{"href":"https:\/\/nationalstore.be\/fr\/wp-json\/wp\/v2\/product\/56527"}],"collection":[{"href":"https:\/\/nationalstore.be\/fr\/wp-json\/wp\/v2\/product"}],"about":[{"href":"https:\/\/nationalstore.be\/fr\/wp-json\/wp\/v2\/types\/product"}],"wp:featuredmedia":[{"embeddable":true,"href":"https:\/\/nationalstore.be\/fr\/wp-json\/wp\/v2\/media\/54897"}],"wp:attachment":[{"href":"https:\/\/nationalstore.be\/fr\/wp-json\/wp\/v2\/media?parent=56527"}],"wp:term":[{"taxonomy":"product_cat","embeddable":true,"href":"https:\/\/nationalstore.be\/fr\/wp-json\/wp\/v2\/product_cat?post=56527"},{"taxonomy":"product_tag","embeddable":true,"href":"https:\/\/nationalstore.be\/fr\/wp-json\/wp\/v2\/product_tag?post=56527"}],"curies":[{"name":"wp","href":"https:\/\/api.w.org\/{rel}","templated":true}]}}