{"id":5583,"date":"2020-12-03T20:55:33","date_gmt":"2020-12-03T19:55:33","guid":{"rendered":"https:\/\/nationalstore.be\/?post_type=product&#038;p=5583"},"modified":"2022-09-28T13:14:10","modified_gmt":"2022-09-28T11:14:10","slug":"hotel-dursel","status":"publish","type":"product","link":"https:\/\/nationalstore.be\/fr\/produit\/hotel-dursel","title":{"rendered":"H\u00f4tel d&#8217;Ursel"},"content":{"rendered":"<div>\n<p>L\u2019H\u00f4tel d\u2019Ursel, fleuron du patrimoine historique bruxellois et belge a aujourd\u2019hui disparu. Ce livre retrace une histoire de la Belgique et de Bruxelles, qui s\u2019appr\u00e9hende \u00e0 travers celle de la famille d&#8217;Ursel et de sa r\u00e9sidence, l&#8217;h\u00f4tel d&#8217;Ursel, durant cinq si\u00e8cles. Le projet \u00e9ditorial voit le jour \u00e0 l\u2019occasion d\u2019une exposition r\u00e9trospective sur l\u2019H\u00f4tel d\u2019Ursel au ch\u00e2teau d\u2019Hingene (province d\u2019Anvers) qui fut la r\u00e9sidence d\u2019\u00e9t\u00e9 de cette m\u00eame famille.<\/p>\n<\/div>\n<div>\n<p>L&#8217;\u00e9t\u00e9 \u00e0 Hingene, l&#8217;hiver \u00e0 Bruxelles : la famille d&#8217;Ursel a chang\u00e9 de r\u00e9sidence au rythme des saisons. Install\u00e9e d\u00e8s 1590 \u00e0 Bruxelles dans un h\u00f4tel particulier situ\u00e9 au March\u00e9 au Bois, cette famille de marchands et de banquiers devient au cours des si\u00e8cles une grandes familles de la noblesse du pays. Le d\u00e9veloppement de leur h\u00f4tel particulier, dont les int\u00e9rieurs du 18e\u00a0si\u00e8cle sont r\u00e9alis\u00e9s par l&#8217;architecte Laurent-Beno\u00eet Dewez, incarna de mani\u00e8re majestueuse cette r\u00e9ussite. La r\u00e9volution belge, les changements politiques et le d\u00e9veloppement urbain du XXe\u00a0si\u00e8cle a finalement eu raison, en 1960, de l&#8217;h\u00f4tel d&#8217;Ursel. Il sera d\u00e9truit pour faire place \u00e0 la tour Westbury, l&#8217;un des premiers gratte-ciels bruxellois.<\/p>\n<p>Ce livre se veut une double biographie : celle d&#8217;une famille aristocratique et celle de sa demeure qui h\u00e9berge un pendentif cinq si\u00e8cles petites et grande histoire(s).<\/p>\n<\/div>\n","protected":false},"excerpt":{"rendered":"<p><strong>Auteurs<\/strong>: Koen De Vlieger &#8211; De Wilde &amp; Serge Migom<\/p>\n","protected":false},"featured_media":5571,"template":"","meta":[],"product_cat":[2786,525,535],"product_tag":[3242,3241],"yoast_head":"<!-- This site is optimized with the Yoast SEO plugin v19.1 - https:\/\/yoast.com\/wordpress\/plugins\/seo\/ -->\n<title>H\u00f4tel d&#039;Ursel | E-shop artistes belges<\/title>\n<meta name=\"description\" content=\"Acheter un produit comme H\u00f4tel d&#039;Ursel? Laissez vous surprendre par nos artistes belges sp\u00e9cialis\u00e9s en produits artisanaux!\" \/>\n<meta name=\"robots\" content=\"index, follow, max-snippet:-1, max-image-preview:large, max-video-preview:-1\" \/>\n<link rel=\"canonical\" href=\"https:\/\/nationalstore.be\/fr\/produit\/hotel-dursel\" \/>\n<meta property=\"og:locale\" content=\"fr_FR\" \/>\n<meta property=\"og:type\" content=\"article\" \/>\n<meta property=\"og:title\" content=\"H\u00f4tel d&#039;Ursel | E-shop artistes belges\" \/>\n<meta property=\"og:description\" content=\"Acheter un produit comme H\u00f4tel d&#039;Ursel? Laissez vous surprendre par nos artistes belges sp\u00e9cialis\u00e9s en produits artisanaux!\" \/>\n<meta property=\"og:url\" content=\"https:\/\/nationalstore.be\/fr\/produit\/hotel-dursel\" \/>\n<meta property=\"og:site_name\" content=\"NATIONA(A)L ARTIST SUPERMARKET\" \/>\n<meta property=\"article:publisher\" content=\"https:\/\/www.facebook.com\/nationalstore\/?ref=br_rs\" \/>\n<meta property=\"article:modified_time\" content=\"2022-09-28T11:14:10+00:00\" \/>\n<meta property=\"og:image\" content=\"https:\/\/nationalstore.be\/wp-content\/uploads\/2020\/12\/43.jpeg\" \/>\n\t<meta property=\"og:image:width\" content=\"960\" \/>\n\t<meta property=\"og:image:height\" content=\"640\" \/>\n\t<meta property=\"og:image:type\" content=\"image\/jpeg\" \/>\n<meta name=\"twitter:card\" content=\"summary_large_image\" \/>\n<meta name=\"twitter:site\" content=\"@Nationalstore\" \/>\n<meta name=\"twitter:label1\" content=\"Dur\u00e9e de lecture estim\u00e9e\" \/>\n\t<meta name=\"twitter:data1\" content=\"1 minute\" \/>\n<script type=\"application\/ld+json\" class=\"yoast-schema-graph\">{\"@context\":\"https:\/\/schema.org\",\"@graph\":[{\"@type\":\"Organization\",\"@id\":\"https:\/\/nationalstore.be\/fr#organization\",\"name\":\"NATIONA(A)L ARTIST MARKET\",\"url\":\"https:\/\/nationalstore.be\/fr\",\"sameAs\":[\"https:\/\/www.instagram.com\/nationalstore\/\",\"https:\/\/www.facebook.com\/nationalstore\/?ref=br_rs\",\"https:\/\/twitter.com\/Nationalstore\"],\"logo\":{\"@type\":\"ImageObject\",\"inLanguage\":\"fr-FR\",\"@id\":\"https:\/\/nationalstore.be\/fr#\/schema\/logo\/image\/\",\"url\":\"https:\/\/nationalstore.be\/wp-content\/uploads\/2024\/03\/nationaal-logo_mauve-cmjn.png\",\"contentUrl\":\"https:\/\/nationalstore.be\/wp-content\/uploads\/2024\/03\/nationaal-logo_mauve-cmjn.png\",\"width\":3475,\"height\":1352,\"caption\":\"NATIONA(A)L ARTIST MARKET\"},\"image\":{\"@id\":\"https:\/\/nationalstore.be\/fr#\/schema\/logo\/image\/\"}},{\"@type\":\"WebSite\",\"@id\":\"https:\/\/nationalstore.be\/fr#website\",\"url\":\"https:\/\/nationalstore.be\/fr\",\"name\":\"NATIONA(A)L ARTIST SUPERMARKET\",\"description\":\"\",\"publisher\":{\"@id\":\"https:\/\/nationalstore.be\/fr#organization\"},\"potentialAction\":[{\"@type\":\"SearchAction\",\"target\":{\"@type\":\"EntryPoint\",\"urlTemplate\":\"https:\/\/nationalstore.be\/fr?s={search_term_string}\"},\"query-input\":\"required name=search_term_string\"}],\"inLanguage\":\"fr-FR\"},{\"@type\":\"ImageObject\",\"inLanguage\":\"fr-FR\",\"@id\":\"https:\/\/nationalstore.be\/fr\/produit\/hotel-dursel#primaryimage\",\"url\":\"https:\/\/nationalstore.be\/wp-content\/uploads\/2020\/12\/43.jpeg\",\"contentUrl\":\"https:\/\/nationalstore.be\/wp-content\/uploads\/2020\/12\/43.jpeg\",\"width\":960,\"height\":640},{\"@type\":[\"WebPage\",\"ItemPage\"],\"@id\":\"https:\/\/nationalstore.be\/fr\/produit\/hotel-dursel#webpage\",\"url\":\"https:\/\/nationalstore.be\/fr\/produit\/hotel-dursel\",\"name\":\"H\u00f4tel d'Ursel | E-shop artistes belges\",\"isPartOf\":{\"@id\":\"https:\/\/nationalstore.be\/fr#website\"},\"primaryImageOfPage\":{\"@id\":\"https:\/\/nationalstore.be\/fr\/produit\/hotel-dursel#primaryimage\"},\"datePublished\":\"2020-12-03T19:55:33+00:00\",\"dateModified\":\"2022-09-28T11:14:10+00:00\",\"description\":\"Acheter un produit comme H\u00f4tel d'Ursel? Laissez vous surprendre par nos artistes belges sp\u00e9cialis\u00e9s en produits artisanaux!\",\"breadcrumb\":{\"@id\":\"https:\/\/nationalstore.be\/fr\/produit\/hotel-dursel#breadcrumb\"},\"inLanguage\":\"fr-FR\",\"potentialAction\":[{\"@type\":\"ReadAction\",\"target\":[\"https:\/\/nationalstore.be\/fr\/produit\/hotel-dursel\"]}]},{\"@type\":\"BreadcrumbList\",\"@id\":\"https:\/\/nationalstore.be\/fr\/produit\/hotel-dursel#breadcrumb\",\"itemListElement\":[{\"@type\":\"ListItem\",\"position\":1,\"name\":\"Home\",\"item\":\"https:\/\/nationalstore.be\/fr\"},{\"@type\":\"ListItem\",\"position\":2,\"name\":\"Produits\",\"item\":\"https:\/\/nationalstore.be\/fr\/shop\"},{\"@type\":\"ListItem\",\"position\":3,\"name\":\"Livres &amp; Illustrations\",\"item\":\"https:\/\/nationalstore.be\/fr\/pc\/livres-illustrations\"},{\"@type\":\"ListItem\",\"position\":4,\"name\":\"Art &amp; design\",\"item\":\"https:\/\/nationalstore.be\/fr\/pc\/livres-illustrations\/art-design-fr\"},{\"@type\":\"ListItem\",\"position\":5,\"name\":\"H\u00f4tel d&#8217;Ursel\"}]}]}<\/script>\n<!-- \/ Yoast SEO plugin. -->","yoast_head_json":{"title":"H\u00f4tel d'Ursel | E-shop artistes belges","description":"Acheter un produit comme H\u00f4tel d'Ursel? Laissez vous surprendre par nos artistes belges sp\u00e9cialis\u00e9s en produits artisanaux!","robots":{"index":"index","follow":"follow","max-snippet":"max-snippet:-1","max-image-preview":"max-image-preview:large","max-video-preview":"max-video-preview:-1"},"canonical":"https:\/\/nationalstore.be\/fr\/produit\/hotel-dursel","og_locale":"fr_FR","og_type":"article","og_title":"H\u00f4tel d'Ursel | E-shop artistes belges","og_description":"Acheter un produit comme H\u00f4tel d'Ursel? Laissez vous surprendre par nos artistes belges sp\u00e9cialis\u00e9s en produits artisanaux!","og_url":"https:\/\/nationalstore.be\/fr\/produit\/hotel-dursel","og_site_name":"NATIONA(A)L ARTIST SUPERMARKET","article_publisher":"https:\/\/www.facebook.com\/nationalstore\/?ref=br_rs","article_modified_time":"2022-09-28T11:14:10+00:00","og_image":[{"width":960,"height":640,"url":"https:\/\/nationalstore.be\/wp-content\/uploads\/2020\/12\/43.jpeg","type":"image\/jpeg"}],"twitter_card":"summary_large_image","twitter_site":"@Nationalstore","twitter_misc":{"Dur\u00e9e de lecture estim\u00e9e":"1 minute"},"schema":{"@context":"https:\/\/schema.org","@graph":[{"@type":"Organization","@id":"https:\/\/nationalstore.be\/fr#organization","name":"NATIONA(A)L ARTIST MARKET","url":"https:\/\/nationalstore.be\/fr","sameAs":["https:\/\/www.instagram.com\/nationalstore\/","https:\/\/www.facebook.com\/nationalstore\/?ref=br_rs","https:\/\/twitter.com\/Nationalstore"],"logo":{"@type":"ImageObject","inLanguage":"fr-FR","@id":"https:\/\/nationalstore.be\/fr#\/schema\/logo\/image\/","url":"https:\/\/nationalstore.be\/wp-content\/uploads\/2024\/03\/nationaal-logo_mauve-cmjn.png","contentUrl":"https:\/\/nationalstore.be\/wp-content\/uploads\/2024\/03\/nationaal-logo_mauve-cmjn.png","width":3475,"height":1352,"caption":"NATIONA(A)L ARTIST MARKET"},"image":{"@id":"https:\/\/nationalstore.be\/fr#\/schema\/logo\/image\/"}},{"@type":"WebSite","@id":"https:\/\/nationalstore.be\/fr#website","url":"https:\/\/nationalstore.be\/fr","name":"NATIONA(A)L ARTIST SUPERMARKET","description":"","publisher":{"@id":"https:\/\/nationalstore.be\/fr#organization"},"potentialAction":[{"@type":"SearchAction","target":{"@type":"EntryPoint","urlTemplate":"https:\/\/nationalstore.be\/fr?s={search_term_string}"},"query-input":"required name=search_term_string"}],"inLanguage":"fr-FR"},{"@type":"ImageObject","inLanguage":"fr-FR","@id":"https:\/\/nationalstore.be\/fr\/produit\/hotel-dursel#primaryimage","url":"https:\/\/nationalstore.be\/wp-content\/uploads\/2020\/12\/43.jpeg","contentUrl":"https:\/\/nationalstore.be\/wp-content\/uploads\/2020\/12\/43.jpeg","width":960,"height":640},{"@type":["WebPage","ItemPage"],"@id":"https:\/\/nationalstore.be\/fr\/produit\/hotel-dursel#webpage","url":"https:\/\/nationalstore.be\/fr\/produit\/hotel-dursel","name":"H\u00f4tel d'Ursel | E-shop artistes belges","isPartOf":{"@id":"https:\/\/nationalstore.be\/fr#website"},"primaryImageOfPage":{"@id":"https:\/\/nationalstore.be\/fr\/produit\/hotel-dursel#primaryimage"},"datePublished":"2020-12-03T19:55:33+00:00","dateModified":"2022-09-28T11:14:10+00:00","description":"Acheter un produit comme H\u00f4tel d'Ursel? Laissez vous surprendre par nos artistes belges sp\u00e9cialis\u00e9s en produits artisanaux!","breadcrumb":{"@id":"https:\/\/nationalstore.be\/fr\/produit\/hotel-dursel#breadcrumb"},"inLanguage":"fr-FR","potentialAction":[{"@type":"ReadAction","target":["https:\/\/nationalstore.be\/fr\/produit\/hotel-dursel"]}]},{"@type":"BreadcrumbList","@id":"https:\/\/nationalstore.be\/fr\/produit\/hotel-dursel#breadcrumb","itemListElement":[{"@type":"ListItem","position":1,"name":"Home","item":"https:\/\/nationalstore.be\/fr"},{"@type":"ListItem","position":2,"name":"Produits","item":"https:\/\/nationalstore.be\/fr\/shop"},{"@type":"ListItem","position":3,"name":"Livres &amp; Illustrations","item":"https:\/\/nationalstore.be\/fr\/pc\/livres-illustrations"},{"@type":"ListItem","position":4,"name":"Art &amp; design","item":"https:\/\/nationalstore.be\/fr\/pc\/livres-illustrations\/art-design-fr"},{"@type":"ListItem","position":5,"name":"H\u00f4tel d&#8217;Ursel"}]}]}},"_links":{"self":[{"href":"https:\/\/nationalstore.be\/fr\/wp-json\/wp\/v2\/product\/5583"}],"collection":[{"href":"https:\/\/nationalstore.be\/fr\/wp-json\/wp\/v2\/product"}],"about":[{"href":"https:\/\/nationalstore.be\/fr\/wp-json\/wp\/v2\/types\/product"}],"wp:featuredmedia":[{"embeddable":true,"href":"https:\/\/nationalstore.be\/fr\/wp-json\/wp\/v2\/media\/5571"}],"wp:attachment":[{"href":"https:\/\/nationalstore.be\/fr\/wp-json\/wp\/v2\/media?parent=5583"}],"wp:term":[{"taxonomy":"product_cat","embeddable":true,"href":"https:\/\/nationalstore.be\/fr\/wp-json\/wp\/v2\/product_cat?post=5583"},{"taxonomy":"product_tag","embeddable":true,"href":"https:\/\/nationalstore.be\/fr\/wp-json\/wp\/v2\/product_tag?post=5583"}],"curies":[{"name":"wp","href":"https:\/\/api.w.org\/{rel}","templated":true}]}}