{"id":5570,"date":"2020-12-03T20:50:42","date_gmt":"2020-12-03T19:50:42","guid":{"rendered":"https:\/\/nationalstore.be\/?post_type=product&#038;p=5570"},"modified":"2022-09-28T13:08:32","modified_gmt":"2022-09-28T11:08:32","slug":"le-chemin-de-fer-dans-la-ville-gares-et-urbanisation-au-nord-est-de-bruxelles-1850-1930","status":"publish","type":"product","link":"https:\/\/nationalstore.be\/fr\/produit\/le-chemin-de-fer-dans-la-ville-gares-et-urbanisation-au-nord-est-de-bruxelles-1850-1930","title":{"rendered":"Le chemin de fer dans la ville | Gares et urbanisation au nord-est de Bruxelles 1850-1930"},"content":{"rendered":"<div>\n<p>Quel a \u00e9t\u00e9 l&#8217;impact du d\u00e9veloppement du chemin de fer sur la morphologie urbaine de Bruxelles?<\/p>\n<\/div>\n<div>\n<p>Quelles traces en porte encore la ville aujourd&#8217;hui ? Contrairement aux id\u00e9es re\u00e7ues, la formidable croissance du r\u00e9seau ferroviaire au XIXe\u00a0si\u00e8cle et la construction de lignes de ceinture ont parfois constitu\u00e9 un obstacle \u00e0 l&#8217;urbanisation. Si les gares favorisent le d\u00e9veloppement urbain, les voies ferr\u00e9es traversant la villeont pu jouer le r\u00f4le inverse, entravant l&#8217;essor de quartiers entiers.<\/p>\n<p>Cet ouvrage richement document\u00e9 nous invite \u00e0 explorer le pass\u00e9 pour mieux comprendre le visage de la ville contemporaine, \u00e0 travers une approche in\u00e9dite \u00e0 la crois\u00e9e des disciplines historiques, patrimoniales et urbanistiques.<\/p>\n<\/div>\n","protected":false},"excerpt":{"rendered":"<p><strong>Auteur<\/strong>: Alix Sacr\u00e9<\/p>\n","protected":false},"featured_media":5555,"template":"","meta":[],"product_cat":[2807,525],"product_tag":[],"yoast_head":"<!-- This site is optimized with the Yoast SEO plugin v19.1 - https:\/\/yoast.com\/wordpress\/plugins\/seo\/ -->\n<title>Le chemin de fer dans la ville | Gares et urbanisation au nord-est de Bruxelles 1850-1930 | E-shop artistes belges<\/title>\n<meta name=\"description\" content=\"Acheter un produit comme Le chemin de fer dans la ville | Gares et urbanisation au nord-est de Bruxelles 1850-1930? Laissez vous surprendre par nos artistes belges sp\u00e9cialis\u00e9s en produits artisanaux!\" \/>\n<meta name=\"robots\" content=\"index, follow, max-snippet:-1, max-image-preview:large, max-video-preview:-1\" \/>\n<link rel=\"canonical\" href=\"https:\/\/nationalstore.be\/fr\/produit\/le-chemin-de-fer-dans-la-ville-gares-et-urbanisation-au-nord-est-de-bruxelles-1850-1930\" \/>\n<meta property=\"og:locale\" content=\"fr_FR\" \/>\n<meta property=\"og:type\" content=\"article\" \/>\n<meta property=\"og:title\" content=\"Le chemin de fer dans la ville | Gares et urbanisation au nord-est de Bruxelles 1850-1930 | E-shop artistes belges\" \/>\n<meta property=\"og:description\" content=\"Acheter un produit comme Le chemin de fer dans la ville | Gares et urbanisation au nord-est de Bruxelles 1850-1930? Laissez vous surprendre par nos artistes belges sp\u00e9cialis\u00e9s en produits artisanaux!\" \/>\n<meta property=\"og:url\" content=\"https:\/\/nationalstore.be\/fr\/produit\/le-chemin-de-fer-dans-la-ville-gares-et-urbanisation-au-nord-est-de-bruxelles-1850-1930\" \/>\n<meta property=\"og:site_name\" content=\"NATIONA(A)L ARTIST SUPERMARKET\" \/>\n<meta property=\"article:publisher\" content=\"https:\/\/www.facebook.com\/nationalstore\/?ref=br_rs\" \/>\n<meta property=\"article:modified_time\" content=\"2022-09-28T11:08:32+00:00\" \/>\n<meta property=\"og:image\" content=\"https:\/\/nationalstore.be\/wp-content\/uploads\/2020\/12\/Chemin-de-fer-couv-4-3.jpeg\" \/>\n\t<meta property=\"og:image:width\" content=\"960\" \/>\n\t<meta property=\"og:image:height\" content=\"640\" \/>\n\t<meta property=\"og:image:type\" content=\"image\/jpeg\" \/>\n<meta name=\"twitter:card\" content=\"summary_large_image\" \/>\n<meta name=\"twitter:site\" content=\"@Nationalstore\" \/>\n<meta name=\"twitter:label1\" content=\"Dur\u00e9e de lecture estim\u00e9e\" \/>\n\t<meta name=\"twitter:data1\" content=\"1 minute\" \/>\n<script type=\"application\/ld+json\" class=\"yoast-schema-graph\">{\"@context\":\"https:\/\/schema.org\",\"@graph\":[{\"@type\":\"Organization\",\"@id\":\"https:\/\/nationalstore.be\/fr#organization\",\"name\":\"NATIONA(A)L ARTIST MARKET\",\"url\":\"https:\/\/nationalstore.be\/fr\",\"sameAs\":[\"https:\/\/www.instagram.com\/nationalstore\/\",\"https:\/\/www.facebook.com\/nationalstore\/?ref=br_rs\",\"https:\/\/twitter.com\/Nationalstore\"],\"logo\":{\"@type\":\"ImageObject\",\"inLanguage\":\"fr-FR\",\"@id\":\"https:\/\/nationalstore.be\/fr#\/schema\/logo\/image\/\",\"url\":\"https:\/\/nationalstore.be\/wp-content\/uploads\/2024\/03\/nationaal-logo_mauve-cmjn.png\",\"contentUrl\":\"https:\/\/nationalstore.be\/wp-content\/uploads\/2024\/03\/nationaal-logo_mauve-cmjn.png\",\"width\":3475,\"height\":1352,\"caption\":\"NATIONA(A)L ARTIST MARKET\"},\"image\":{\"@id\":\"https:\/\/nationalstore.be\/fr#\/schema\/logo\/image\/\"}},{\"@type\":\"WebSite\",\"@id\":\"https:\/\/nationalstore.be\/fr#website\",\"url\":\"https:\/\/nationalstore.be\/fr\",\"name\":\"NATIONA(A)L ARTIST SUPERMARKET\",\"description\":\"\",\"publisher\":{\"@id\":\"https:\/\/nationalstore.be\/fr#organization\"},\"potentialAction\":[{\"@type\":\"SearchAction\",\"target\":{\"@type\":\"EntryPoint\",\"urlTemplate\":\"https:\/\/nationalstore.be\/fr?s={search_term_string}\"},\"query-input\":\"required name=search_term_string\"}],\"inLanguage\":\"fr-FR\"},{\"@type\":\"ImageObject\",\"inLanguage\":\"fr-FR\",\"@id\":\"https:\/\/nationalstore.be\/fr\/produit\/le-chemin-de-fer-dans-la-ville-gares-et-urbanisation-au-nord-est-de-bruxelles-1850-1930#primaryimage\",\"url\":\"https:\/\/nationalstore.be\/wp-content\/uploads\/2020\/12\/Chemin-de-fer-couv-4-3.jpeg\",\"contentUrl\":\"https:\/\/nationalstore.be\/wp-content\/uploads\/2020\/12\/Chemin-de-fer-couv-4-3.jpeg\",\"width\":960,\"height\":640},{\"@type\":[\"WebPage\",\"ItemPage\"],\"@id\":\"https:\/\/nationalstore.be\/fr\/produit\/le-chemin-de-fer-dans-la-ville-gares-et-urbanisation-au-nord-est-de-bruxelles-1850-1930#webpage\",\"url\":\"https:\/\/nationalstore.be\/fr\/produit\/le-chemin-de-fer-dans-la-ville-gares-et-urbanisation-au-nord-est-de-bruxelles-1850-1930\",\"name\":\"Le chemin de fer dans la ville | Gares et urbanisation au nord-est de Bruxelles 1850-1930 | E-shop artistes belges\",\"isPartOf\":{\"@id\":\"https:\/\/nationalstore.be\/fr#website\"},\"primaryImageOfPage\":{\"@id\":\"https:\/\/nationalstore.be\/fr\/produit\/le-chemin-de-fer-dans-la-ville-gares-et-urbanisation-au-nord-est-de-bruxelles-1850-1930#primaryimage\"},\"datePublished\":\"2020-12-03T19:50:42+00:00\",\"dateModified\":\"2022-09-28T11:08:32+00:00\",\"description\":\"Acheter un produit comme Le chemin de fer dans la ville | Gares et urbanisation au nord-est de Bruxelles 1850-1930? Laissez vous surprendre par nos artistes belges sp\u00e9cialis\u00e9s en produits artisanaux!\",\"breadcrumb\":{\"@id\":\"https:\/\/nationalstore.be\/fr\/produit\/le-chemin-de-fer-dans-la-ville-gares-et-urbanisation-au-nord-est-de-bruxelles-1850-1930#breadcrumb\"},\"inLanguage\":\"fr-FR\",\"potentialAction\":[{\"@type\":\"ReadAction\",\"target\":[\"https:\/\/nationalstore.be\/fr\/produit\/le-chemin-de-fer-dans-la-ville-gares-et-urbanisation-au-nord-est-de-bruxelles-1850-1930\"]}]},{\"@type\":\"BreadcrumbList\",\"@id\":\"https:\/\/nationalstore.be\/fr\/produit\/le-chemin-de-fer-dans-la-ville-gares-et-urbanisation-au-nord-est-de-bruxelles-1850-1930#breadcrumb\",\"itemListElement\":[{\"@type\":\"ListItem\",\"position\":1,\"name\":\"Home\",\"item\":\"https:\/\/nationalstore.be\/fr\"},{\"@type\":\"ListItem\",\"position\":2,\"name\":\"Produits\",\"item\":\"https:\/\/nationalstore.be\/fr\/shop\"},{\"@type\":\"ListItem\",\"position\":3,\"name\":\"Livres &amp; Illustrations\",\"item\":\"https:\/\/nationalstore.be\/fr\/pc\/livres-illustrations\"},{\"@type\":\"ListItem\",\"position\":4,\"name\":\"Litt\u00e9rature\",\"item\":\"https:\/\/nationalstore.be\/fr\/pc\/livres-illustrations\/litterature\"},{\"@type\":\"ListItem\",\"position\":5,\"name\":\"Le chemin de fer dans la ville | Gares et urbanisation au nord-est de Bruxelles 1850-1930\"}]}]}<\/script>\n<!-- \/ Yoast SEO plugin. -->","yoast_head_json":{"title":"Le chemin de fer dans la ville | Gares et urbanisation au nord-est de Bruxelles 1850-1930 | E-shop artistes belges","description":"Acheter un produit comme Le chemin de fer dans la ville | Gares et urbanisation au nord-est de Bruxelles 1850-1930? Laissez vous surprendre par nos artistes belges sp\u00e9cialis\u00e9s en produits artisanaux!","robots":{"index":"index","follow":"follow","max-snippet":"max-snippet:-1","max-image-preview":"max-image-preview:large","max-video-preview":"max-video-preview:-1"},"canonical":"https:\/\/nationalstore.be\/fr\/produit\/le-chemin-de-fer-dans-la-ville-gares-et-urbanisation-au-nord-est-de-bruxelles-1850-1930","og_locale":"fr_FR","og_type":"article","og_title":"Le chemin de fer dans la ville | Gares et urbanisation au nord-est de Bruxelles 1850-1930 | E-shop artistes belges","og_description":"Acheter un produit comme Le chemin de fer dans la ville | Gares et urbanisation au nord-est de Bruxelles 1850-1930? Laissez vous surprendre par nos artistes belges sp\u00e9cialis\u00e9s en produits artisanaux!","og_url":"https:\/\/nationalstore.be\/fr\/produit\/le-chemin-de-fer-dans-la-ville-gares-et-urbanisation-au-nord-est-de-bruxelles-1850-1930","og_site_name":"NATIONA(A)L ARTIST SUPERMARKET","article_publisher":"https:\/\/www.facebook.com\/nationalstore\/?ref=br_rs","article_modified_time":"2022-09-28T11:08:32+00:00","og_image":[{"width":960,"height":640,"url":"https:\/\/nationalstore.be\/wp-content\/uploads\/2020\/12\/Chemin-de-fer-couv-4-3.jpeg","type":"image\/jpeg"}],"twitter_card":"summary_large_image","twitter_site":"@Nationalstore","twitter_misc":{"Dur\u00e9e de lecture estim\u00e9e":"1 minute"},"schema":{"@context":"https:\/\/schema.org","@graph":[{"@type":"Organization","@id":"https:\/\/nationalstore.be\/fr#organization","name":"NATIONA(A)L ARTIST MARKET","url":"https:\/\/nationalstore.be\/fr","sameAs":["https:\/\/www.instagram.com\/nationalstore\/","https:\/\/www.facebook.com\/nationalstore\/?ref=br_rs","https:\/\/twitter.com\/Nationalstore"],"logo":{"@type":"ImageObject","inLanguage":"fr-FR","@id":"https:\/\/nationalstore.be\/fr#\/schema\/logo\/image\/","url":"https:\/\/nationalstore.be\/wp-content\/uploads\/2024\/03\/nationaal-logo_mauve-cmjn.png","contentUrl":"https:\/\/nationalstore.be\/wp-content\/uploads\/2024\/03\/nationaal-logo_mauve-cmjn.png","width":3475,"height":1352,"caption":"NATIONA(A)L ARTIST MARKET"},"image":{"@id":"https:\/\/nationalstore.be\/fr#\/schema\/logo\/image\/"}},{"@type":"WebSite","@id":"https:\/\/nationalstore.be\/fr#website","url":"https:\/\/nationalstore.be\/fr","name":"NATIONA(A)L ARTIST SUPERMARKET","description":"","publisher":{"@id":"https:\/\/nationalstore.be\/fr#organization"},"potentialAction":[{"@type":"SearchAction","target":{"@type":"EntryPoint","urlTemplate":"https:\/\/nationalstore.be\/fr?s={search_term_string}"},"query-input":"required name=search_term_string"}],"inLanguage":"fr-FR"},{"@type":"ImageObject","inLanguage":"fr-FR","@id":"https:\/\/nationalstore.be\/fr\/produit\/le-chemin-de-fer-dans-la-ville-gares-et-urbanisation-au-nord-est-de-bruxelles-1850-1930#primaryimage","url":"https:\/\/nationalstore.be\/wp-content\/uploads\/2020\/12\/Chemin-de-fer-couv-4-3.jpeg","contentUrl":"https:\/\/nationalstore.be\/wp-content\/uploads\/2020\/12\/Chemin-de-fer-couv-4-3.jpeg","width":960,"height":640},{"@type":["WebPage","ItemPage"],"@id":"https:\/\/nationalstore.be\/fr\/produit\/le-chemin-de-fer-dans-la-ville-gares-et-urbanisation-au-nord-est-de-bruxelles-1850-1930#webpage","url":"https:\/\/nationalstore.be\/fr\/produit\/le-chemin-de-fer-dans-la-ville-gares-et-urbanisation-au-nord-est-de-bruxelles-1850-1930","name":"Le chemin de fer dans la ville | Gares et urbanisation au nord-est de Bruxelles 1850-1930 | E-shop artistes belges","isPartOf":{"@id":"https:\/\/nationalstore.be\/fr#website"},"primaryImageOfPage":{"@id":"https:\/\/nationalstore.be\/fr\/produit\/le-chemin-de-fer-dans-la-ville-gares-et-urbanisation-au-nord-est-de-bruxelles-1850-1930#primaryimage"},"datePublished":"2020-12-03T19:50:42+00:00","dateModified":"2022-09-28T11:08:32+00:00","description":"Acheter un produit comme Le chemin de fer dans la ville | Gares et urbanisation au nord-est de Bruxelles 1850-1930? Laissez vous surprendre par nos artistes belges sp\u00e9cialis\u00e9s en produits artisanaux!","breadcrumb":{"@id":"https:\/\/nationalstore.be\/fr\/produit\/le-chemin-de-fer-dans-la-ville-gares-et-urbanisation-au-nord-est-de-bruxelles-1850-1930#breadcrumb"},"inLanguage":"fr-FR","potentialAction":[{"@type":"ReadAction","target":["https:\/\/nationalstore.be\/fr\/produit\/le-chemin-de-fer-dans-la-ville-gares-et-urbanisation-au-nord-est-de-bruxelles-1850-1930"]}]},{"@type":"BreadcrumbList","@id":"https:\/\/nationalstore.be\/fr\/produit\/le-chemin-de-fer-dans-la-ville-gares-et-urbanisation-au-nord-est-de-bruxelles-1850-1930#breadcrumb","itemListElement":[{"@type":"ListItem","position":1,"name":"Home","item":"https:\/\/nationalstore.be\/fr"},{"@type":"ListItem","position":2,"name":"Produits","item":"https:\/\/nationalstore.be\/fr\/shop"},{"@type":"ListItem","position":3,"name":"Livres &amp; Illustrations","item":"https:\/\/nationalstore.be\/fr\/pc\/livres-illustrations"},{"@type":"ListItem","position":4,"name":"Litt\u00e9rature","item":"https:\/\/nationalstore.be\/fr\/pc\/livres-illustrations\/litterature"},{"@type":"ListItem","position":5,"name":"Le chemin de fer dans la ville | Gares et urbanisation au nord-est de Bruxelles 1850-1930"}]}]}},"_links":{"self":[{"href":"https:\/\/nationalstore.be\/fr\/wp-json\/wp\/v2\/product\/5570"}],"collection":[{"href":"https:\/\/nationalstore.be\/fr\/wp-json\/wp\/v2\/product"}],"about":[{"href":"https:\/\/nationalstore.be\/fr\/wp-json\/wp\/v2\/types\/product"}],"wp:featuredmedia":[{"embeddable":true,"href":"https:\/\/nationalstore.be\/fr\/wp-json\/wp\/v2\/media\/5555"}],"wp:attachment":[{"href":"https:\/\/nationalstore.be\/fr\/wp-json\/wp\/v2\/media?parent=5570"}],"wp:term":[{"taxonomy":"product_cat","embeddable":true,"href":"https:\/\/nationalstore.be\/fr\/wp-json\/wp\/v2\/product_cat?post=5570"},{"taxonomy":"product_tag","embeddable":true,"href":"https:\/\/nationalstore.be\/fr\/wp-json\/wp\/v2\/product_tag?post=5570"}],"curies":[{"name":"wp","href":"https:\/\/api.w.org\/{rel}","templated":true}]}}