{"id":5554,"date":"2020-12-03T20:51:04","date_gmt":"2020-12-03T19:51:04","guid":{"rendered":"https:\/\/nationalstore.be\/?post_type=product&#038;p=5554"},"modified":"2022-09-28T13:11:08","modified_gmt":"2022-09-28T11:11:08","slug":"le-patrimoine-de-la-belgique-vu-par-loccupant-un-heritage-photographique-de-la-grande-guerre","status":"publish","type":"product","link":"https:\/\/nationalstore.be\/fr\/produit\/le-patrimoine-de-la-belgique-vu-par-loccupant-un-heritage-photographique-de-la-grande-guerre","title":{"rendered":"Le patrimoine de la Belgique vu par l&#8217;occupant | Un h\u00e9ritage photographique de la Grande Guerre"},"content":{"rendered":"<div>\n<p>Le patrimoine de la Belgique vu par l\u2019occupant. Un h\u00e9ritage photographique de la Grande Guerre\u00a0pr\u00e9sente une collection de photographies uniques au monde et retrace, \u00e0 travers des documents d\u2019archives in\u00e9dits, son histoire, de la gen\u00e8se du projet d\u2019inventaire \u00e0 nos jours.<\/p>\n<\/div>\n<div>\n<p>Mai 1917. L\u2019Europe est \u00e0 feu et \u00e0 sang et les civils belges endurent l\u2019occupation allemande depuis pr\u00e8s de trois ans. Dans cette funeste ambiance, le gouverneur g\u00e9n\u00e9ral de la Belgique occup\u00e9e donne son feu vert \u00e0 une entreprise exceptionnelle : faire \u00e9tablir, par les meilleurs sp\u00e9cialistes allemands, l\u2019inventaire photographique du patrimoine culturel belge. Son but : montrer que les Allemands ne sont pas les barbares tant d\u00e9cri\u00e9s auxquels on reproche le bombardement de nombreuses villes historiques de France et de Belgique. Jusqu\u2019\u00e0 l\u2019Armistice, entre 30 et 40 hommes et femmes \u2013 historiens de l\u2019art, architectes et photographes \u2013 produisent plus de 10.000 photographies, toutes sur plaques de verre et d\u2019une qualit\u00e9 technique et esth\u00e9tique extraordinaire.<\/p>\n<p>Ce livre est \u00e9dit\u00e9 en collaboration avec\u00a0<a href=\"http:\/\/balat.kikirpa.be\/tools\/14-18\/indexfr.php\">l&#8217;Institut royal du Patrimoine artistique<\/a>\u00a0de Belgique, \u00e9tablissement scientifique f\u00e9d\u00e9ral belge.<\/p>\n<\/div>\n","protected":false},"excerpt":{"rendered":"<p>Sous la direction de Christina Kott &amp; Marie-Christine Claes<\/p>\n","protected":false},"featured_media":5539,"template":"","meta":[],"product_cat":[2807,525],"product_tag":[],"yoast_head":"<!-- This site is optimized with the Yoast SEO plugin v19.1 - https:\/\/yoast.com\/wordpress\/plugins\/seo\/ -->\n<title>Le patrimoine de la Belgique vu par l&#039;occupant | Un h\u00e9ritage photographique de la Grande Guerre | E-shop artistes belges<\/title>\n<meta name=\"description\" content=\"Acheter un produit comme Le patrimoine de la Belgique vu par l&#039;occupant | Un h\u00e9ritage photographique de la Grande Guerre? Laissez vous surprendre par nos artistes belges sp\u00e9cialis\u00e9s en produits artisanaux!\" \/>\n<meta name=\"robots\" content=\"index, follow, max-snippet:-1, max-image-preview:large, max-video-preview:-1\" \/>\n<link rel=\"canonical\" href=\"https:\/\/nationalstore.be\/fr\/produit\/le-patrimoine-de-la-belgique-vu-par-loccupant-un-heritage-photographique-de-la-grande-guerre\" \/>\n<meta property=\"og:locale\" content=\"fr_FR\" \/>\n<meta property=\"og:type\" content=\"article\" \/>\n<meta property=\"og:title\" content=\"Le patrimoine de la Belgique vu par l&#039;occupant | Un h\u00e9ritage photographique de la Grande Guerre | E-shop artistes belges\" \/>\n<meta property=\"og:description\" content=\"Acheter un produit comme Le patrimoine de la Belgique vu par l&#039;occupant | Un h\u00e9ritage photographique de la Grande Guerre? Laissez vous surprendre par nos artistes belges sp\u00e9cialis\u00e9s en produits artisanaux!\" \/>\n<meta property=\"og:url\" content=\"https:\/\/nationalstore.be\/fr\/produit\/le-patrimoine-de-la-belgique-vu-par-loccupant-un-heritage-photographique-de-la-grande-guerre\" \/>\n<meta property=\"og:site_name\" content=\"NATIONA(A)L ARTIST SUPERMARKET\" \/>\n<meta property=\"article:publisher\" content=\"https:\/\/www.facebook.com\/nationalstore\/?ref=br_rs\" \/>\n<meta property=\"article:modified_time\" content=\"2022-09-28T11:11:08+00:00\" \/>\n<meta property=\"og:image\" content=\"https:\/\/nationalstore.be\/wp-content\/uploads\/2020\/12\/Couv-patrimoine-4-3.jpeg\" \/>\n\t<meta property=\"og:image:width\" content=\"960\" \/>\n\t<meta property=\"og:image:height\" content=\"640\" \/>\n\t<meta property=\"og:image:type\" content=\"image\/jpeg\" \/>\n<meta name=\"twitter:card\" content=\"summary_large_image\" \/>\n<meta name=\"twitter:site\" content=\"@Nationalstore\" \/>\n<meta name=\"twitter:label1\" content=\"Dur\u00e9e de lecture estim\u00e9e\" \/>\n\t<meta name=\"twitter:data1\" content=\"1 minute\" \/>\n<script type=\"application\/ld+json\" class=\"yoast-schema-graph\">{\"@context\":\"https:\/\/schema.org\",\"@graph\":[{\"@type\":\"Organization\",\"@id\":\"https:\/\/nationalstore.be\/fr#organization\",\"name\":\"NATIONA(A)L ARTIST MARKET\",\"url\":\"https:\/\/nationalstore.be\/fr\",\"sameAs\":[\"https:\/\/www.instagram.com\/nationalstore\/\",\"https:\/\/www.facebook.com\/nationalstore\/?ref=br_rs\",\"https:\/\/twitter.com\/Nationalstore\"],\"logo\":{\"@type\":\"ImageObject\",\"inLanguage\":\"fr-FR\",\"@id\":\"https:\/\/nationalstore.be\/fr#\/schema\/logo\/image\/\",\"url\":\"https:\/\/nationalstore.be\/wp-content\/uploads\/2024\/03\/nationaal-logo_mauve-cmjn.png\",\"contentUrl\":\"https:\/\/nationalstore.be\/wp-content\/uploads\/2024\/03\/nationaal-logo_mauve-cmjn.png\",\"width\":3475,\"height\":1352,\"caption\":\"NATIONA(A)L ARTIST MARKET\"},\"image\":{\"@id\":\"https:\/\/nationalstore.be\/fr#\/schema\/logo\/image\/\"}},{\"@type\":\"WebSite\",\"@id\":\"https:\/\/nationalstore.be\/fr#website\",\"url\":\"https:\/\/nationalstore.be\/fr\",\"name\":\"NATIONA(A)L ARTIST SUPERMARKET\",\"description\":\"\",\"publisher\":{\"@id\":\"https:\/\/nationalstore.be\/fr#organization\"},\"potentialAction\":[{\"@type\":\"SearchAction\",\"target\":{\"@type\":\"EntryPoint\",\"urlTemplate\":\"https:\/\/nationalstore.be\/fr?s={search_term_string}\"},\"query-input\":\"required name=search_term_string\"}],\"inLanguage\":\"fr-FR\"},{\"@type\":\"ImageObject\",\"inLanguage\":\"fr-FR\",\"@id\":\"https:\/\/nationalstore.be\/fr\/produit\/le-patrimoine-de-la-belgique-vu-par-loccupant-un-heritage-photographique-de-la-grande-guerre#primaryimage\",\"url\":\"https:\/\/nationalstore.be\/wp-content\/uploads\/2020\/12\/Couv-patrimoine-4-3.jpeg\",\"contentUrl\":\"https:\/\/nationalstore.be\/wp-content\/uploads\/2020\/12\/Couv-patrimoine-4-3.jpeg\",\"width\":960,\"height\":640},{\"@type\":[\"WebPage\",\"ItemPage\"],\"@id\":\"https:\/\/nationalstore.be\/fr\/produit\/le-patrimoine-de-la-belgique-vu-par-loccupant-un-heritage-photographique-de-la-grande-guerre#webpage\",\"url\":\"https:\/\/nationalstore.be\/fr\/produit\/le-patrimoine-de-la-belgique-vu-par-loccupant-un-heritage-photographique-de-la-grande-guerre\",\"name\":\"Le patrimoine de la Belgique vu par l'occupant | Un h\u00e9ritage photographique de la Grande Guerre | E-shop artistes belges\",\"isPartOf\":{\"@id\":\"https:\/\/nationalstore.be\/fr#website\"},\"primaryImageOfPage\":{\"@id\":\"https:\/\/nationalstore.be\/fr\/produit\/le-patrimoine-de-la-belgique-vu-par-loccupant-un-heritage-photographique-de-la-grande-guerre#primaryimage\"},\"datePublished\":\"2020-12-03T19:51:04+00:00\",\"dateModified\":\"2022-09-28T11:11:08+00:00\",\"description\":\"Acheter un produit comme Le patrimoine de la Belgique vu par l'occupant | Un h\u00e9ritage photographique de la Grande Guerre? Laissez vous surprendre par nos artistes belges sp\u00e9cialis\u00e9s en produits artisanaux!\",\"breadcrumb\":{\"@id\":\"https:\/\/nationalstore.be\/fr\/produit\/le-patrimoine-de-la-belgique-vu-par-loccupant-un-heritage-photographique-de-la-grande-guerre#breadcrumb\"},\"inLanguage\":\"fr-FR\",\"potentialAction\":[{\"@type\":\"ReadAction\",\"target\":[\"https:\/\/nationalstore.be\/fr\/produit\/le-patrimoine-de-la-belgique-vu-par-loccupant-un-heritage-photographique-de-la-grande-guerre\"]}]},{\"@type\":\"BreadcrumbList\",\"@id\":\"https:\/\/nationalstore.be\/fr\/produit\/le-patrimoine-de-la-belgique-vu-par-loccupant-un-heritage-photographique-de-la-grande-guerre#breadcrumb\",\"itemListElement\":[{\"@type\":\"ListItem\",\"position\":1,\"name\":\"Home\",\"item\":\"https:\/\/nationalstore.be\/fr\"},{\"@type\":\"ListItem\",\"position\":2,\"name\":\"Produits\",\"item\":\"https:\/\/nationalstore.be\/fr\/shop\"},{\"@type\":\"ListItem\",\"position\":3,\"name\":\"Livres &amp; Illustrations\",\"item\":\"https:\/\/nationalstore.be\/fr\/pc\/livres-illustrations\"},{\"@type\":\"ListItem\",\"position\":4,\"name\":\"Litt\u00e9rature\",\"item\":\"https:\/\/nationalstore.be\/fr\/pc\/livres-illustrations\/litterature\"},{\"@type\":\"ListItem\",\"position\":5,\"name\":\"Le patrimoine de la Belgique vu par l&#8217;occupant | Un h\u00e9ritage photographique de la Grande Guerre\"}]}]}<\/script>\n<!-- \/ Yoast SEO plugin. -->","yoast_head_json":{"title":"Le patrimoine de la Belgique vu par l'occupant | Un h\u00e9ritage photographique de la Grande Guerre | E-shop artistes belges","description":"Acheter un produit comme Le patrimoine de la Belgique vu par l'occupant | Un h\u00e9ritage photographique de la Grande Guerre? Laissez vous surprendre par nos artistes belges sp\u00e9cialis\u00e9s en produits artisanaux!","robots":{"index":"index","follow":"follow","max-snippet":"max-snippet:-1","max-image-preview":"max-image-preview:large","max-video-preview":"max-video-preview:-1"},"canonical":"https:\/\/nationalstore.be\/fr\/produit\/le-patrimoine-de-la-belgique-vu-par-loccupant-un-heritage-photographique-de-la-grande-guerre","og_locale":"fr_FR","og_type":"article","og_title":"Le patrimoine de la Belgique vu par l'occupant | Un h\u00e9ritage photographique de la Grande Guerre | E-shop artistes belges","og_description":"Acheter un produit comme Le patrimoine de la Belgique vu par l'occupant | Un h\u00e9ritage photographique de la Grande Guerre? Laissez vous surprendre par nos artistes belges sp\u00e9cialis\u00e9s en produits artisanaux!","og_url":"https:\/\/nationalstore.be\/fr\/produit\/le-patrimoine-de-la-belgique-vu-par-loccupant-un-heritage-photographique-de-la-grande-guerre","og_site_name":"NATIONA(A)L ARTIST SUPERMARKET","article_publisher":"https:\/\/www.facebook.com\/nationalstore\/?ref=br_rs","article_modified_time":"2022-09-28T11:11:08+00:00","og_image":[{"width":960,"height":640,"url":"https:\/\/nationalstore.be\/wp-content\/uploads\/2020\/12\/Couv-patrimoine-4-3.jpeg","type":"image\/jpeg"}],"twitter_card":"summary_large_image","twitter_site":"@Nationalstore","twitter_misc":{"Dur\u00e9e de lecture estim\u00e9e":"1 minute"},"schema":{"@context":"https:\/\/schema.org","@graph":[{"@type":"Organization","@id":"https:\/\/nationalstore.be\/fr#organization","name":"NATIONA(A)L ARTIST MARKET","url":"https:\/\/nationalstore.be\/fr","sameAs":["https:\/\/www.instagram.com\/nationalstore\/","https:\/\/www.facebook.com\/nationalstore\/?ref=br_rs","https:\/\/twitter.com\/Nationalstore"],"logo":{"@type":"ImageObject","inLanguage":"fr-FR","@id":"https:\/\/nationalstore.be\/fr#\/schema\/logo\/image\/","url":"https:\/\/nationalstore.be\/wp-content\/uploads\/2024\/03\/nationaal-logo_mauve-cmjn.png","contentUrl":"https:\/\/nationalstore.be\/wp-content\/uploads\/2024\/03\/nationaal-logo_mauve-cmjn.png","width":3475,"height":1352,"caption":"NATIONA(A)L ARTIST MARKET"},"image":{"@id":"https:\/\/nationalstore.be\/fr#\/schema\/logo\/image\/"}},{"@type":"WebSite","@id":"https:\/\/nationalstore.be\/fr#website","url":"https:\/\/nationalstore.be\/fr","name":"NATIONA(A)L ARTIST SUPERMARKET","description":"","publisher":{"@id":"https:\/\/nationalstore.be\/fr#organization"},"potentialAction":[{"@type":"SearchAction","target":{"@type":"EntryPoint","urlTemplate":"https:\/\/nationalstore.be\/fr?s={search_term_string}"},"query-input":"required name=search_term_string"}],"inLanguage":"fr-FR"},{"@type":"ImageObject","inLanguage":"fr-FR","@id":"https:\/\/nationalstore.be\/fr\/produit\/le-patrimoine-de-la-belgique-vu-par-loccupant-un-heritage-photographique-de-la-grande-guerre#primaryimage","url":"https:\/\/nationalstore.be\/wp-content\/uploads\/2020\/12\/Couv-patrimoine-4-3.jpeg","contentUrl":"https:\/\/nationalstore.be\/wp-content\/uploads\/2020\/12\/Couv-patrimoine-4-3.jpeg","width":960,"height":640},{"@type":["WebPage","ItemPage"],"@id":"https:\/\/nationalstore.be\/fr\/produit\/le-patrimoine-de-la-belgique-vu-par-loccupant-un-heritage-photographique-de-la-grande-guerre#webpage","url":"https:\/\/nationalstore.be\/fr\/produit\/le-patrimoine-de-la-belgique-vu-par-loccupant-un-heritage-photographique-de-la-grande-guerre","name":"Le patrimoine de la Belgique vu par l'occupant | Un h\u00e9ritage photographique de la Grande Guerre | E-shop artistes belges","isPartOf":{"@id":"https:\/\/nationalstore.be\/fr#website"},"primaryImageOfPage":{"@id":"https:\/\/nationalstore.be\/fr\/produit\/le-patrimoine-de-la-belgique-vu-par-loccupant-un-heritage-photographique-de-la-grande-guerre#primaryimage"},"datePublished":"2020-12-03T19:51:04+00:00","dateModified":"2022-09-28T11:11:08+00:00","description":"Acheter un produit comme Le patrimoine de la Belgique vu par l'occupant | Un h\u00e9ritage photographique de la Grande Guerre? Laissez vous surprendre par nos artistes belges sp\u00e9cialis\u00e9s en produits artisanaux!","breadcrumb":{"@id":"https:\/\/nationalstore.be\/fr\/produit\/le-patrimoine-de-la-belgique-vu-par-loccupant-un-heritage-photographique-de-la-grande-guerre#breadcrumb"},"inLanguage":"fr-FR","potentialAction":[{"@type":"ReadAction","target":["https:\/\/nationalstore.be\/fr\/produit\/le-patrimoine-de-la-belgique-vu-par-loccupant-un-heritage-photographique-de-la-grande-guerre"]}]},{"@type":"BreadcrumbList","@id":"https:\/\/nationalstore.be\/fr\/produit\/le-patrimoine-de-la-belgique-vu-par-loccupant-un-heritage-photographique-de-la-grande-guerre#breadcrumb","itemListElement":[{"@type":"ListItem","position":1,"name":"Home","item":"https:\/\/nationalstore.be\/fr"},{"@type":"ListItem","position":2,"name":"Produits","item":"https:\/\/nationalstore.be\/fr\/shop"},{"@type":"ListItem","position":3,"name":"Livres &amp; Illustrations","item":"https:\/\/nationalstore.be\/fr\/pc\/livres-illustrations"},{"@type":"ListItem","position":4,"name":"Litt\u00e9rature","item":"https:\/\/nationalstore.be\/fr\/pc\/livres-illustrations\/litterature"},{"@type":"ListItem","position":5,"name":"Le patrimoine de la Belgique vu par l&#8217;occupant | Un h\u00e9ritage photographique de la Grande Guerre"}]}]}},"_links":{"self":[{"href":"https:\/\/nationalstore.be\/fr\/wp-json\/wp\/v2\/product\/5554"}],"collection":[{"href":"https:\/\/nationalstore.be\/fr\/wp-json\/wp\/v2\/product"}],"about":[{"href":"https:\/\/nationalstore.be\/fr\/wp-json\/wp\/v2\/types\/product"}],"wp:featuredmedia":[{"embeddable":true,"href":"https:\/\/nationalstore.be\/fr\/wp-json\/wp\/v2\/media\/5539"}],"wp:attachment":[{"href":"https:\/\/nationalstore.be\/fr\/wp-json\/wp\/v2\/media?parent=5554"}],"wp:term":[{"taxonomy":"product_cat","embeddable":true,"href":"https:\/\/nationalstore.be\/fr\/wp-json\/wp\/v2\/product_cat?post=5554"},{"taxonomy":"product_tag","embeddable":true,"href":"https:\/\/nationalstore.be\/fr\/wp-json\/wp\/v2\/product_tag?post=5554"}],"curies":[{"name":"wp","href":"https:\/\/api.w.org\/{rel}","templated":true}]}}