{"id":5538,"date":"2020-12-03T20:51:20","date_gmt":"2020-12-03T19:51:20","guid":{"rendered":"https:\/\/nationalstore.be\/?post_type=product&#038;p=5538"},"modified":"2022-09-28T13:01:00","modified_gmt":"2022-09-28T11:01:00","slug":"bruxelles-et-sa-radio-emotions-et-sonorites-1923-1960","status":"publish","type":"product","link":"https:\/\/nationalstore.be\/fr\/produit\/bruxelles-et-sa-radio-emotions-et-sonorites-1923-1960","title":{"rendered":"Bruxelles et sa radio | \u00c9motions et sonorit\u00e9s 1923-1960"},"content":{"rendered":"<div>\n<p>V\u00e9ritable aventure, passionnante, de la radio publique depuis sa cr\u00e9ation, de son r\u00f4le dans la guerre et surtout l&#8217;apr\u00e8s-guerre avec comme mission, toujours d&#8217;actualit\u00e9, d&#8217;informer, d&#8217;instruire et de divertir. Le texte comme les nombreuses photographies d\u2019\u00e9poque et les archives rares reproduites dans le livre nous font revivre avec nostalgie l&#8217;\u00e2ge d&#8217;or de la radio en Belgique.<\/p>\n<\/div>\n<div>\n<p>Le b\u00e2timent iconique de Joseph Diongre situ\u00e9 place Flagey \u00e0 Bruxelles, a retrouv\u00e9 sa place dans la ville. Nul n&#8217;ignore qu&#8217;il a abrit\u00e9 \u00e0 sa cr\u00e9ation l&#8217;Institut national de radiodiffusion (INR), mais ce qui s&#8217;y passait, s&#8217;y produisait, n&#8217;\u00e9voque plus au mieux, que des bribes de m\u00e9moires \u00e9parses. qui se souvient encore que cette &#8220;usine \u00e0 sons&#8221; fut l&#8217;une des premi\u00e8res Maisons de la Radio en Europe ? Il aura fallu l&#8217;int\u00e9r\u00eat et la curiosit\u00e9 de l&#8217;historien canadien\u00a0<a href=\"https:\/\/www.youtube.com\/watch?v=RAAiWNMEMKg&amp;feature=youtu.be\">Nicolas Kenny<\/a>, attach\u00e9 au pays d&#8217;origine de ses grands-parents , et sa rencontre avec un animateur chevronn\u00e9 de l&#8217;INR, Charles Van Hauteghem, pour que soit enfin abord\u00e9e l&#8217;histoire culturelle du fameux &#8220;paquebot&#8221;.<\/p>\n<p>(extrait tir\u00e9 de la pr\u00e9face du livre \u00e9crite par l&#8217;historien Jean Puissant)<\/p>\n<\/div>\n","protected":false},"excerpt":{"rendered":"<p>Auteur: Nicolas Kenny<\/p>\n","protected":false},"featured_media":5523,"template":"","meta":[],"product_cat":[2807,525],"product_tag":[],"yoast_head":"<!-- This site is optimized with the Yoast SEO plugin v19.1 - https:\/\/yoast.com\/wordpress\/plugins\/seo\/ -->\n<title>Bruxelles et sa radio | \u00c9motions et sonorit\u00e9s 1923-1960 | E-shop artistes belges<\/title>\n<meta name=\"description\" content=\"Acheter un produit comme Bruxelles et sa radio | \u00c9motions et sonorit\u00e9s 1923-1960? Laissez vous surprendre par nos artistes belges sp\u00e9cialis\u00e9s en produits artisanaux!\" \/>\n<meta name=\"robots\" content=\"index, follow, max-snippet:-1, max-image-preview:large, max-video-preview:-1\" \/>\n<link rel=\"canonical\" href=\"https:\/\/nationalstore.be\/fr\/produit\/bruxelles-et-sa-radio-emotions-et-sonorites-1923-1960\" \/>\n<meta property=\"og:locale\" content=\"fr_FR\" \/>\n<meta property=\"og:type\" content=\"article\" \/>\n<meta property=\"og:title\" content=\"Bruxelles et sa radio | \u00c9motions et sonorit\u00e9s 1923-1960 | E-shop artistes belges\" \/>\n<meta property=\"og:description\" content=\"Acheter un produit comme Bruxelles et sa radio | \u00c9motions et sonorit\u00e9s 1923-1960? Laissez vous surprendre par nos artistes belges sp\u00e9cialis\u00e9s en produits artisanaux!\" \/>\n<meta property=\"og:url\" content=\"https:\/\/nationalstore.be\/fr\/produit\/bruxelles-et-sa-radio-emotions-et-sonorites-1923-1960\" \/>\n<meta property=\"og:site_name\" content=\"NATIONA(A)L ARTIST SUPERMARKET\" \/>\n<meta property=\"article:publisher\" content=\"https:\/\/www.facebook.com\/nationalstore\/?ref=br_rs\" \/>\n<meta property=\"article:modified_time\" content=\"2022-09-28T11:01:00+00:00\" \/>\n<meta property=\"og:image\" content=\"https:\/\/nationalstore.be\/wp-content\/uploads\/2020\/12\/43-INR.jpeg\" \/>\n\t<meta property=\"og:image:width\" content=\"960\" \/>\n\t<meta property=\"og:image:height\" content=\"640\" \/>\n\t<meta property=\"og:image:type\" content=\"image\/jpeg\" \/>\n<meta name=\"twitter:card\" content=\"summary_large_image\" \/>\n<meta name=\"twitter:site\" content=\"@Nationalstore\" \/>\n<meta name=\"twitter:label1\" content=\"Dur\u00e9e de lecture estim\u00e9e\" \/>\n\t<meta name=\"twitter:data1\" content=\"1 minute\" \/>\n<script type=\"application\/ld+json\" class=\"yoast-schema-graph\">{\"@context\":\"https:\/\/schema.org\",\"@graph\":[{\"@type\":\"Organization\",\"@id\":\"https:\/\/nationalstore.be\/fr#organization\",\"name\":\"NATIONA(A)L ARTIST MARKET\",\"url\":\"https:\/\/nationalstore.be\/fr\",\"sameAs\":[\"https:\/\/www.instagram.com\/nationalstore\/\",\"https:\/\/www.facebook.com\/nationalstore\/?ref=br_rs\",\"https:\/\/twitter.com\/Nationalstore\"],\"logo\":{\"@type\":\"ImageObject\",\"inLanguage\":\"fr-FR\",\"@id\":\"https:\/\/nationalstore.be\/fr#\/schema\/logo\/image\/\",\"url\":\"https:\/\/nationalstore.be\/wp-content\/uploads\/2024\/03\/nationaal-logo_mauve-cmjn.png\",\"contentUrl\":\"https:\/\/nationalstore.be\/wp-content\/uploads\/2024\/03\/nationaal-logo_mauve-cmjn.png\",\"width\":3475,\"height\":1352,\"caption\":\"NATIONA(A)L ARTIST MARKET\"},\"image\":{\"@id\":\"https:\/\/nationalstore.be\/fr#\/schema\/logo\/image\/\"}},{\"@type\":\"WebSite\",\"@id\":\"https:\/\/nationalstore.be\/fr#website\",\"url\":\"https:\/\/nationalstore.be\/fr\",\"name\":\"NATIONA(A)L ARTIST SUPERMARKET\",\"description\":\"\",\"publisher\":{\"@id\":\"https:\/\/nationalstore.be\/fr#organization\"},\"potentialAction\":[{\"@type\":\"SearchAction\",\"target\":{\"@type\":\"EntryPoint\",\"urlTemplate\":\"https:\/\/nationalstore.be\/fr?s={search_term_string}\"},\"query-input\":\"required name=search_term_string\"}],\"inLanguage\":\"fr-FR\"},{\"@type\":\"ImageObject\",\"inLanguage\":\"fr-FR\",\"@id\":\"https:\/\/nationalstore.be\/fr\/produit\/bruxelles-et-sa-radio-emotions-et-sonorites-1923-1960#primaryimage\",\"url\":\"https:\/\/nationalstore.be\/wp-content\/uploads\/2020\/12\/43-INR.jpeg\",\"contentUrl\":\"https:\/\/nationalstore.be\/wp-content\/uploads\/2020\/12\/43-INR.jpeg\",\"width\":960,\"height\":640},{\"@type\":[\"WebPage\",\"ItemPage\"],\"@id\":\"https:\/\/nationalstore.be\/fr\/produit\/bruxelles-et-sa-radio-emotions-et-sonorites-1923-1960#webpage\",\"url\":\"https:\/\/nationalstore.be\/fr\/produit\/bruxelles-et-sa-radio-emotions-et-sonorites-1923-1960\",\"name\":\"Bruxelles et sa radio | \u00c9motions et sonorit\u00e9s 1923-1960 | E-shop artistes belges\",\"isPartOf\":{\"@id\":\"https:\/\/nationalstore.be\/fr#website\"},\"primaryImageOfPage\":{\"@id\":\"https:\/\/nationalstore.be\/fr\/produit\/bruxelles-et-sa-radio-emotions-et-sonorites-1923-1960#primaryimage\"},\"datePublished\":\"2020-12-03T19:51:20+00:00\",\"dateModified\":\"2022-09-28T11:01:00+00:00\",\"description\":\"Acheter un produit comme Bruxelles et sa radio | \u00c9motions et sonorit\u00e9s 1923-1960? Laissez vous surprendre par nos artistes belges sp\u00e9cialis\u00e9s en produits artisanaux!\",\"breadcrumb\":{\"@id\":\"https:\/\/nationalstore.be\/fr\/produit\/bruxelles-et-sa-radio-emotions-et-sonorites-1923-1960#breadcrumb\"},\"inLanguage\":\"fr-FR\",\"potentialAction\":[{\"@type\":\"ReadAction\",\"target\":[\"https:\/\/nationalstore.be\/fr\/produit\/bruxelles-et-sa-radio-emotions-et-sonorites-1923-1960\"]}]},{\"@type\":\"BreadcrumbList\",\"@id\":\"https:\/\/nationalstore.be\/fr\/produit\/bruxelles-et-sa-radio-emotions-et-sonorites-1923-1960#breadcrumb\",\"itemListElement\":[{\"@type\":\"ListItem\",\"position\":1,\"name\":\"Home\",\"item\":\"https:\/\/nationalstore.be\/fr\"},{\"@type\":\"ListItem\",\"position\":2,\"name\":\"Produits\",\"item\":\"https:\/\/nationalstore.be\/fr\/shop\"},{\"@type\":\"ListItem\",\"position\":3,\"name\":\"Livres &amp; Illustrations\",\"item\":\"https:\/\/nationalstore.be\/fr\/pc\/livres-illustrations\"},{\"@type\":\"ListItem\",\"position\":4,\"name\":\"Litt\u00e9rature\",\"item\":\"https:\/\/nationalstore.be\/fr\/pc\/livres-illustrations\/litterature\"},{\"@type\":\"ListItem\",\"position\":5,\"name\":\"Bruxelles et sa radio | \u00c9motions et sonorit\u00e9s 1923-1960\"}]}]}<\/script>\n<!-- \/ Yoast SEO plugin. -->","yoast_head_json":{"title":"Bruxelles et sa radio | \u00c9motions et sonorit\u00e9s 1923-1960 | E-shop artistes belges","description":"Acheter un produit comme Bruxelles et sa radio | \u00c9motions et sonorit\u00e9s 1923-1960? Laissez vous surprendre par nos artistes belges sp\u00e9cialis\u00e9s en produits artisanaux!","robots":{"index":"index","follow":"follow","max-snippet":"max-snippet:-1","max-image-preview":"max-image-preview:large","max-video-preview":"max-video-preview:-1"},"canonical":"https:\/\/nationalstore.be\/fr\/produit\/bruxelles-et-sa-radio-emotions-et-sonorites-1923-1960","og_locale":"fr_FR","og_type":"article","og_title":"Bruxelles et sa radio | \u00c9motions et sonorit\u00e9s 1923-1960 | E-shop artistes belges","og_description":"Acheter un produit comme Bruxelles et sa radio | \u00c9motions et sonorit\u00e9s 1923-1960? Laissez vous surprendre par nos artistes belges sp\u00e9cialis\u00e9s en produits artisanaux!","og_url":"https:\/\/nationalstore.be\/fr\/produit\/bruxelles-et-sa-radio-emotions-et-sonorites-1923-1960","og_site_name":"NATIONA(A)L ARTIST SUPERMARKET","article_publisher":"https:\/\/www.facebook.com\/nationalstore\/?ref=br_rs","article_modified_time":"2022-09-28T11:01:00+00:00","og_image":[{"width":960,"height":640,"url":"https:\/\/nationalstore.be\/wp-content\/uploads\/2020\/12\/43-INR.jpeg","type":"image\/jpeg"}],"twitter_card":"summary_large_image","twitter_site":"@Nationalstore","twitter_misc":{"Dur\u00e9e de lecture estim\u00e9e":"1 minute"},"schema":{"@context":"https:\/\/schema.org","@graph":[{"@type":"Organization","@id":"https:\/\/nationalstore.be\/fr#organization","name":"NATIONA(A)L ARTIST MARKET","url":"https:\/\/nationalstore.be\/fr","sameAs":["https:\/\/www.instagram.com\/nationalstore\/","https:\/\/www.facebook.com\/nationalstore\/?ref=br_rs","https:\/\/twitter.com\/Nationalstore"],"logo":{"@type":"ImageObject","inLanguage":"fr-FR","@id":"https:\/\/nationalstore.be\/fr#\/schema\/logo\/image\/","url":"https:\/\/nationalstore.be\/wp-content\/uploads\/2024\/03\/nationaal-logo_mauve-cmjn.png","contentUrl":"https:\/\/nationalstore.be\/wp-content\/uploads\/2024\/03\/nationaal-logo_mauve-cmjn.png","width":3475,"height":1352,"caption":"NATIONA(A)L ARTIST MARKET"},"image":{"@id":"https:\/\/nationalstore.be\/fr#\/schema\/logo\/image\/"}},{"@type":"WebSite","@id":"https:\/\/nationalstore.be\/fr#website","url":"https:\/\/nationalstore.be\/fr","name":"NATIONA(A)L ARTIST SUPERMARKET","description":"","publisher":{"@id":"https:\/\/nationalstore.be\/fr#organization"},"potentialAction":[{"@type":"SearchAction","target":{"@type":"EntryPoint","urlTemplate":"https:\/\/nationalstore.be\/fr?s={search_term_string}"},"query-input":"required name=search_term_string"}],"inLanguage":"fr-FR"},{"@type":"ImageObject","inLanguage":"fr-FR","@id":"https:\/\/nationalstore.be\/fr\/produit\/bruxelles-et-sa-radio-emotions-et-sonorites-1923-1960#primaryimage","url":"https:\/\/nationalstore.be\/wp-content\/uploads\/2020\/12\/43-INR.jpeg","contentUrl":"https:\/\/nationalstore.be\/wp-content\/uploads\/2020\/12\/43-INR.jpeg","width":960,"height":640},{"@type":["WebPage","ItemPage"],"@id":"https:\/\/nationalstore.be\/fr\/produit\/bruxelles-et-sa-radio-emotions-et-sonorites-1923-1960#webpage","url":"https:\/\/nationalstore.be\/fr\/produit\/bruxelles-et-sa-radio-emotions-et-sonorites-1923-1960","name":"Bruxelles et sa radio | \u00c9motions et sonorit\u00e9s 1923-1960 | E-shop artistes belges","isPartOf":{"@id":"https:\/\/nationalstore.be\/fr#website"},"primaryImageOfPage":{"@id":"https:\/\/nationalstore.be\/fr\/produit\/bruxelles-et-sa-radio-emotions-et-sonorites-1923-1960#primaryimage"},"datePublished":"2020-12-03T19:51:20+00:00","dateModified":"2022-09-28T11:01:00+00:00","description":"Acheter un produit comme Bruxelles et sa radio | \u00c9motions et sonorit\u00e9s 1923-1960? Laissez vous surprendre par nos artistes belges sp\u00e9cialis\u00e9s en produits artisanaux!","breadcrumb":{"@id":"https:\/\/nationalstore.be\/fr\/produit\/bruxelles-et-sa-radio-emotions-et-sonorites-1923-1960#breadcrumb"},"inLanguage":"fr-FR","potentialAction":[{"@type":"ReadAction","target":["https:\/\/nationalstore.be\/fr\/produit\/bruxelles-et-sa-radio-emotions-et-sonorites-1923-1960"]}]},{"@type":"BreadcrumbList","@id":"https:\/\/nationalstore.be\/fr\/produit\/bruxelles-et-sa-radio-emotions-et-sonorites-1923-1960#breadcrumb","itemListElement":[{"@type":"ListItem","position":1,"name":"Home","item":"https:\/\/nationalstore.be\/fr"},{"@type":"ListItem","position":2,"name":"Produits","item":"https:\/\/nationalstore.be\/fr\/shop"},{"@type":"ListItem","position":3,"name":"Livres &amp; Illustrations","item":"https:\/\/nationalstore.be\/fr\/pc\/livres-illustrations"},{"@type":"ListItem","position":4,"name":"Litt\u00e9rature","item":"https:\/\/nationalstore.be\/fr\/pc\/livres-illustrations\/litterature"},{"@type":"ListItem","position":5,"name":"Bruxelles et sa radio | \u00c9motions et sonorit\u00e9s 1923-1960"}]}]}},"_links":{"self":[{"href":"https:\/\/nationalstore.be\/fr\/wp-json\/wp\/v2\/product\/5538"}],"collection":[{"href":"https:\/\/nationalstore.be\/fr\/wp-json\/wp\/v2\/product"}],"about":[{"href":"https:\/\/nationalstore.be\/fr\/wp-json\/wp\/v2\/types\/product"}],"wp:featuredmedia":[{"embeddable":true,"href":"https:\/\/nationalstore.be\/fr\/wp-json\/wp\/v2\/media\/5523"}],"wp:attachment":[{"href":"https:\/\/nationalstore.be\/fr\/wp-json\/wp\/v2\/media?parent=5538"}],"wp:term":[{"taxonomy":"product_cat","embeddable":true,"href":"https:\/\/nationalstore.be\/fr\/wp-json\/wp\/v2\/product_cat?post=5538"},{"taxonomy":"product_tag","embeddable":true,"href":"https:\/\/nationalstore.be\/fr\/wp-json\/wp\/v2\/product_tag?post=5538"}],"curies":[{"name":"wp","href":"https:\/\/api.w.org\/{rel}","templated":true}]}}