{"id":5522,"date":"2020-12-03T20:51:32","date_gmt":"2020-12-03T19:51:32","guid":{"rendered":"https:\/\/nationalstore.be\/?post_type=product&#038;p=5522"},"modified":"2022-09-28T13:28:39","modified_gmt":"2022-09-28T11:28:39","slug":"suzy-embo","status":"publish","type":"product","link":"https:\/\/nationalstore.be\/fr\/produit\/suzy-embo","title":{"rendered":"Suzy Embo"},"content":{"rendered":"<div>\n<p>Derri\u00e8re le pseudonyme Suzy Embo (n\u00e9e Suzanne-Th\u00e9r\u00e8se Seuntjens, en 1936) se cache un t\u00e9moin privil\u00e9gi\u00e9 de la sc\u00e8ne artistique avantgardiste de l\u2019apr\u00e8s-guerre (mouvement Cobra, 1948-1951).\u00a0Suzy Embo foto\u2019s photos 1953-1980\u00a0emm\u00e8ne \u00e0 la d\u00e9couverte du travail de cette photographe attachante et talentueuse.<\/p>\n<\/div>\n<div>\n<p>Avec ses images abstraites, ses exp\u00e9rimentations photographiques et ses clich\u00e9s riches en contrastes, Embo rejoint d\u2019abord la\u00a0Subjektive Fotografie\u00a0qui met la technique photographique au service de l\u2019expression artistique. Dans les ann\u00e9es soixante, son approche bascule. D\u2019artiste photographe, elle devient photographe d\u2019artistes. Suzy Embo se lie d\u2019amiti\u00e9 avec Pierre Alechinsky, \u00e9pouse le sculpteur Reinhoud d\u2019Haese et vit avec eux dans la commune de La Bosse (France). Outre son travail de recherche personnel, elle se consacre alors \u00e0 la r\u00e9alisation de portraits informels et intimistes d\u2019artistes reconnus tels que : Pierre Alechinsky, Christian Dotremont, Jean Messagier, Corneille Hannoset, Karel Appel, Walasse Ting, Pol Bury, Louise Nevelson, Alberto Gironella, Andr\u00e9 Breton, Jacques Ledoux, Yasse Tabuchi ou encore F\u00e9lix Labisse.<\/p>\n<p>La photographe les saisit ainsi durant le temps de la cr\u00e9ation, prend part \u00e0 des projets collectifs et documente vernissages, \u00e9v\u00e9nements, repr\u00e9sentations th\u00e9\u00e2trales ou encore spectacles de danse.<\/p>\n<p>Suzy Embo. Artiste photographe \u2013 Photographe d\u2019artistes d\u00e9voile un regard spontan\u00e9 documentant \u00e0 travers ses images rares la p\u00e9riode post-Cobra et r\u00e9v\u00e8le l\u2019\u0153uvre personnelle de la photographe.<\/p>\n<\/div>\n<div>\n<h4><\/h4>\n<\/div>\n","protected":false},"excerpt":{"rendered":"<p><strong>Sous la direction de Tamara Berghmans<\/strong><\/p>\n","protected":false},"featured_media":5507,"template":"","meta":[],"product_cat":[2786,525],"product_tag":[3242],"yoast_head":"<!-- This site is optimized with the Yoast SEO plugin v19.1 - https:\/\/yoast.com\/wordpress\/plugins\/seo\/ -->\n<title>Suzy Embo | E-shop artistes belges<\/title>\n<meta name=\"description\" content=\"Acheter un produit comme Suzy Embo? Laissez vous surprendre par nos artistes belges sp\u00e9cialis\u00e9s en produits artisanaux!\" \/>\n<meta name=\"robots\" content=\"index, follow, max-snippet:-1, max-image-preview:large, max-video-preview:-1\" \/>\n<link rel=\"canonical\" href=\"https:\/\/nationalstore.be\/fr\/produit\/suzy-embo\" \/>\n<meta property=\"og:locale\" content=\"fr_FR\" \/>\n<meta property=\"og:type\" content=\"article\" \/>\n<meta property=\"og:title\" content=\"Suzy Embo | E-shop artistes belges\" \/>\n<meta property=\"og:description\" content=\"Acheter un produit comme Suzy Embo? Laissez vous surprendre par nos artistes belges sp\u00e9cialis\u00e9s en produits artisanaux!\" \/>\n<meta property=\"og:url\" content=\"https:\/\/nationalstore.be\/fr\/produit\/suzy-embo\" \/>\n<meta property=\"og:site_name\" content=\"NATIONA(A)L ARTIST SUPERMARKET\" \/>\n<meta property=\"article:publisher\" content=\"https:\/\/www.facebook.com\/nationalstore\/?ref=br_rs\" \/>\n<meta property=\"article:modified_time\" content=\"2022-09-28T11:28:39+00:00\" \/>\n<meta property=\"og:image\" content=\"https:\/\/nationalstore.be\/wp-content\/uploads\/2020\/12\/JOS0072.jpeg\" \/>\n\t<meta property=\"og:image:width\" content=\"960\" \/>\n\t<meta property=\"og:image:height\" content=\"640\" \/>\n\t<meta property=\"og:image:type\" content=\"image\/jpeg\" \/>\n<meta name=\"twitter:card\" content=\"summary_large_image\" \/>\n<meta name=\"twitter:site\" content=\"@Nationalstore\" \/>\n<meta name=\"twitter:label1\" content=\"Dur\u00e9e de lecture estim\u00e9e\" \/>\n\t<meta name=\"twitter:data1\" content=\"1 minute\" \/>\n<script type=\"application\/ld+json\" class=\"yoast-schema-graph\">{\"@context\":\"https:\/\/schema.org\",\"@graph\":[{\"@type\":\"Organization\",\"@id\":\"https:\/\/nationalstore.be\/fr#organization\",\"name\":\"NATIONA(A)L ARTIST MARKET\",\"url\":\"https:\/\/nationalstore.be\/fr\",\"sameAs\":[\"https:\/\/www.instagram.com\/nationalstore\/\",\"https:\/\/www.facebook.com\/nationalstore\/?ref=br_rs\",\"https:\/\/twitter.com\/Nationalstore\"],\"logo\":{\"@type\":\"ImageObject\",\"inLanguage\":\"fr-FR\",\"@id\":\"https:\/\/nationalstore.be\/fr#\/schema\/logo\/image\/\",\"url\":\"https:\/\/nationalstore.be\/wp-content\/uploads\/2024\/03\/nationaal-logo_mauve-cmjn.png\",\"contentUrl\":\"https:\/\/nationalstore.be\/wp-content\/uploads\/2024\/03\/nationaal-logo_mauve-cmjn.png\",\"width\":3475,\"height\":1352,\"caption\":\"NATIONA(A)L ARTIST MARKET\"},\"image\":{\"@id\":\"https:\/\/nationalstore.be\/fr#\/schema\/logo\/image\/\"}},{\"@type\":\"WebSite\",\"@id\":\"https:\/\/nationalstore.be\/fr#website\",\"url\":\"https:\/\/nationalstore.be\/fr\",\"name\":\"NATIONA(A)L ARTIST SUPERMARKET\",\"description\":\"\",\"publisher\":{\"@id\":\"https:\/\/nationalstore.be\/fr#organization\"},\"potentialAction\":[{\"@type\":\"SearchAction\",\"target\":{\"@type\":\"EntryPoint\",\"urlTemplate\":\"https:\/\/nationalstore.be\/fr?s={search_term_string}\"},\"query-input\":\"required name=search_term_string\"}],\"inLanguage\":\"fr-FR\"},{\"@type\":\"ImageObject\",\"inLanguage\":\"fr-FR\",\"@id\":\"https:\/\/nationalstore.be\/fr\/produit\/suzy-embo#primaryimage\",\"url\":\"https:\/\/nationalstore.be\/wp-content\/uploads\/2020\/12\/JOS0072.jpeg\",\"contentUrl\":\"https:\/\/nationalstore.be\/wp-content\/uploads\/2020\/12\/JOS0072.jpeg\",\"width\":960,\"height\":640},{\"@type\":[\"WebPage\",\"ItemPage\"],\"@id\":\"https:\/\/nationalstore.be\/fr\/produit\/suzy-embo#webpage\",\"url\":\"https:\/\/nationalstore.be\/fr\/produit\/suzy-embo\",\"name\":\"Suzy Embo | E-shop artistes belges\",\"isPartOf\":{\"@id\":\"https:\/\/nationalstore.be\/fr#website\"},\"primaryImageOfPage\":{\"@id\":\"https:\/\/nationalstore.be\/fr\/produit\/suzy-embo#primaryimage\"},\"datePublished\":\"2020-12-03T19:51:32+00:00\",\"dateModified\":\"2022-09-28T11:28:39+00:00\",\"description\":\"Acheter un produit comme Suzy Embo? Laissez vous surprendre par nos artistes belges sp\u00e9cialis\u00e9s en produits artisanaux!\",\"breadcrumb\":{\"@id\":\"https:\/\/nationalstore.be\/fr\/produit\/suzy-embo#breadcrumb\"},\"inLanguage\":\"fr-FR\",\"potentialAction\":[{\"@type\":\"ReadAction\",\"target\":[\"https:\/\/nationalstore.be\/fr\/produit\/suzy-embo\"]}]},{\"@type\":\"BreadcrumbList\",\"@id\":\"https:\/\/nationalstore.be\/fr\/produit\/suzy-embo#breadcrumb\",\"itemListElement\":[{\"@type\":\"ListItem\",\"position\":1,\"name\":\"Home\",\"item\":\"https:\/\/nationalstore.be\/fr\"},{\"@type\":\"ListItem\",\"position\":2,\"name\":\"Produits\",\"item\":\"https:\/\/nationalstore.be\/fr\/shop\"},{\"@type\":\"ListItem\",\"position\":3,\"name\":\"Livres &amp; Illustrations\",\"item\":\"https:\/\/nationalstore.be\/fr\/pc\/livres-illustrations\"},{\"@type\":\"ListItem\",\"position\":4,\"name\":\"Art &amp; design\",\"item\":\"https:\/\/nationalstore.be\/fr\/pc\/livres-illustrations\/art-design-fr\"},{\"@type\":\"ListItem\",\"position\":5,\"name\":\"Suzy Embo\"}]}]}<\/script>\n<!-- \/ Yoast SEO plugin. -->","yoast_head_json":{"title":"Suzy Embo | E-shop artistes belges","description":"Acheter un produit comme Suzy Embo? Laissez vous surprendre par nos artistes belges sp\u00e9cialis\u00e9s en produits artisanaux!","robots":{"index":"index","follow":"follow","max-snippet":"max-snippet:-1","max-image-preview":"max-image-preview:large","max-video-preview":"max-video-preview:-1"},"canonical":"https:\/\/nationalstore.be\/fr\/produit\/suzy-embo","og_locale":"fr_FR","og_type":"article","og_title":"Suzy Embo | E-shop artistes belges","og_description":"Acheter un produit comme Suzy Embo? Laissez vous surprendre par nos artistes belges sp\u00e9cialis\u00e9s en produits artisanaux!","og_url":"https:\/\/nationalstore.be\/fr\/produit\/suzy-embo","og_site_name":"NATIONA(A)L ARTIST SUPERMARKET","article_publisher":"https:\/\/www.facebook.com\/nationalstore\/?ref=br_rs","article_modified_time":"2022-09-28T11:28:39+00:00","og_image":[{"width":960,"height":640,"url":"https:\/\/nationalstore.be\/wp-content\/uploads\/2020\/12\/JOS0072.jpeg","type":"image\/jpeg"}],"twitter_card":"summary_large_image","twitter_site":"@Nationalstore","twitter_misc":{"Dur\u00e9e de lecture estim\u00e9e":"1 minute"},"schema":{"@context":"https:\/\/schema.org","@graph":[{"@type":"Organization","@id":"https:\/\/nationalstore.be\/fr#organization","name":"NATIONA(A)L ARTIST MARKET","url":"https:\/\/nationalstore.be\/fr","sameAs":["https:\/\/www.instagram.com\/nationalstore\/","https:\/\/www.facebook.com\/nationalstore\/?ref=br_rs","https:\/\/twitter.com\/Nationalstore"],"logo":{"@type":"ImageObject","inLanguage":"fr-FR","@id":"https:\/\/nationalstore.be\/fr#\/schema\/logo\/image\/","url":"https:\/\/nationalstore.be\/wp-content\/uploads\/2024\/03\/nationaal-logo_mauve-cmjn.png","contentUrl":"https:\/\/nationalstore.be\/wp-content\/uploads\/2024\/03\/nationaal-logo_mauve-cmjn.png","width":3475,"height":1352,"caption":"NATIONA(A)L ARTIST MARKET"},"image":{"@id":"https:\/\/nationalstore.be\/fr#\/schema\/logo\/image\/"}},{"@type":"WebSite","@id":"https:\/\/nationalstore.be\/fr#website","url":"https:\/\/nationalstore.be\/fr","name":"NATIONA(A)L ARTIST SUPERMARKET","description":"","publisher":{"@id":"https:\/\/nationalstore.be\/fr#organization"},"potentialAction":[{"@type":"SearchAction","target":{"@type":"EntryPoint","urlTemplate":"https:\/\/nationalstore.be\/fr?s={search_term_string}"},"query-input":"required name=search_term_string"}],"inLanguage":"fr-FR"},{"@type":"ImageObject","inLanguage":"fr-FR","@id":"https:\/\/nationalstore.be\/fr\/produit\/suzy-embo#primaryimage","url":"https:\/\/nationalstore.be\/wp-content\/uploads\/2020\/12\/JOS0072.jpeg","contentUrl":"https:\/\/nationalstore.be\/wp-content\/uploads\/2020\/12\/JOS0072.jpeg","width":960,"height":640},{"@type":["WebPage","ItemPage"],"@id":"https:\/\/nationalstore.be\/fr\/produit\/suzy-embo#webpage","url":"https:\/\/nationalstore.be\/fr\/produit\/suzy-embo","name":"Suzy Embo | E-shop artistes belges","isPartOf":{"@id":"https:\/\/nationalstore.be\/fr#website"},"primaryImageOfPage":{"@id":"https:\/\/nationalstore.be\/fr\/produit\/suzy-embo#primaryimage"},"datePublished":"2020-12-03T19:51:32+00:00","dateModified":"2022-09-28T11:28:39+00:00","description":"Acheter un produit comme Suzy Embo? Laissez vous surprendre par nos artistes belges sp\u00e9cialis\u00e9s en produits artisanaux!","breadcrumb":{"@id":"https:\/\/nationalstore.be\/fr\/produit\/suzy-embo#breadcrumb"},"inLanguage":"fr-FR","potentialAction":[{"@type":"ReadAction","target":["https:\/\/nationalstore.be\/fr\/produit\/suzy-embo"]}]},{"@type":"BreadcrumbList","@id":"https:\/\/nationalstore.be\/fr\/produit\/suzy-embo#breadcrumb","itemListElement":[{"@type":"ListItem","position":1,"name":"Home","item":"https:\/\/nationalstore.be\/fr"},{"@type":"ListItem","position":2,"name":"Produits","item":"https:\/\/nationalstore.be\/fr\/shop"},{"@type":"ListItem","position":3,"name":"Livres &amp; Illustrations","item":"https:\/\/nationalstore.be\/fr\/pc\/livres-illustrations"},{"@type":"ListItem","position":4,"name":"Art &amp; design","item":"https:\/\/nationalstore.be\/fr\/pc\/livres-illustrations\/art-design-fr"},{"@type":"ListItem","position":5,"name":"Suzy Embo"}]}]}},"_links":{"self":[{"href":"https:\/\/nationalstore.be\/fr\/wp-json\/wp\/v2\/product\/5522"}],"collection":[{"href":"https:\/\/nationalstore.be\/fr\/wp-json\/wp\/v2\/product"}],"about":[{"href":"https:\/\/nationalstore.be\/fr\/wp-json\/wp\/v2\/types\/product"}],"wp:featuredmedia":[{"embeddable":true,"href":"https:\/\/nationalstore.be\/fr\/wp-json\/wp\/v2\/media\/5507"}],"wp:attachment":[{"href":"https:\/\/nationalstore.be\/fr\/wp-json\/wp\/v2\/media?parent=5522"}],"wp:term":[{"taxonomy":"product_cat","embeddable":true,"href":"https:\/\/nationalstore.be\/fr\/wp-json\/wp\/v2\/product_cat?post=5522"},{"taxonomy":"product_tag","embeddable":true,"href":"https:\/\/nationalstore.be\/fr\/wp-json\/wp\/v2\/product_tag?post=5522"}],"curies":[{"name":"wp","href":"https:\/\/api.w.org\/{rel}","templated":true}]}}