{"id":5465,"date":"2020-12-03T20:52:14","date_gmt":"2020-12-03T19:52:14","guid":{"rendered":"https:\/\/nationalstore.be\/?post_type=product&#038;p=5465"},"modified":"2020-12-04T16:31:41","modified_gmt":"2020-12-04T15:31:41","slug":"some-things-gudny-rosa-ingimarsdottir","status":"publish","type":"product","link":"https:\/\/nationalstore.be\/fr\/produit\/some-things-gudny-rosa-ingimarsdottir","title":{"rendered":"some things&#8230; | Gudny Rosa Ingimarsdottir"},"content":{"rendered":"<div class=\"text text--headline\" style=\"box-sizing: border-box; font-kerning: normal;\" data-mce-style=\"box-sizing: border-box; font-kerning: normal;\">\n<p style=\"box-sizing: border-box; margin: 0px 0px 1.33333rem; font-size: 1.5rem; line-height: 2rem;\" data-mce-style=\"box-sizing: border-box; margin: 0px 0px 1.33333rem; font-size: 1.5rem; line-height: 2rem;\"><em style=\"box-sizing: border-box;\" data-mce-style=\"box-sizing: border-box;\">some&#8230;things<\/em>\u00a0est un livre co\u00e9dit\u00e9 par CFC et l&#8217;ISELP, consacr\u00e9 \u00e0 l&#8217;\u0153uvre de l&#8217;artiste islandaise Gudny Rosa Ingimardottir, \u00e0 l&#8217;occasion de l&#8217;exposition r\u00e9trospective qui lui est consacr\u00e9e \u00e0 l&#8217;ISELP.<\/p>\n<\/div>\n<div class=\"text\" style=\"box-sizing: border-box; font-kerning: normal;\" data-mce-style=\"box-sizing: border-box; font-kerning: normal;\">\n<p style=\"box-sizing: border-box; margin: 0px 0px 1.33333rem; font-size: 1.16667rem; line-height: 1.66667rem;\" data-mce-style=\"box-sizing: border-box; margin: 0px 0px 1.33333rem; font-size: 1.16667rem; line-height: 1.66667rem;\">Silences, retenue et \u00e9conomie de moyens composent l\u2019univers de Gu\u00f0n\u00fd R\u00f3sa Ingimarsd\u00f3ttir. Son atelier est \u00e0 la fois un cabinet de curiosit\u00e9s et un laboratoire d\u2019exp\u00e9rimentation o\u00f9 l\u2019artiste fa\u00e7onne les mat\u00e9riaux qui s\u2019offrent \u00e0 elle. Chutes de papier, d\u00e9coupes d\u2019oeuvres pr\u00e9c\u00e9dentes pr\u00e9cieusement conserv\u00e9es, petits mots, traces, souvenirs&#8230; Autant de fragments \u00e9pars qui se m\u00e9tamorphosent et s\u2019assemblent par une alchimie subtile, pour constituer un univers singulier o\u00f9 rien n\u2019est jamais fig\u00e9.<br style=\"box-sizing: border-box;\" data-mce-style=\"box-sizing: border-box;\"><br style=\"box-sizing: border-box;\" data-mce-style=\"box-sizing: border-box;\">Gudny Rosa est n\u00e9e en 1969 \u00e0 Reykjavik (Islande). Elle a \u00e9tudi\u00e9 \u00e0 l&#8217;Icelandic College of Art and crafts in Reyjavik, au d\u00e9but des ann\u00e9es 1990. Elle a ensuite poursuivi sa formation \u00e0 La Cambre (Bruxelles) pour la terminer \u00e0 l&#8217;HISK-Hoger (Gand). Elle vit et travaille \u00e0 Bruxelles tout en \u00e9tant tr\u00e8s active sur la sc\u00e8ne islandaise.<\/p>\n<\/div>\n<div class=\"text text--authors\" style=\"box-sizing: border-box; font-kerning: normal;\" data-mce-style=\"box-sizing: border-box; font-kerning: normal;\">\n<div class=\"authors__short\" style=\"box-sizing: border-box;\" data-mce-style=\"box-sizing: border-box;\">\n<p style=\"box-sizing: border-box; margin: 0px 0px 1.33333rem; font-size: 1.16667rem; line-height: 1.66667rem;\" data-mce-style=\"box-sizing: border-box; margin: 0px 0px 1.33333rem; font-size: 1.16667rem; line-height: 1.66667rem;\">Avec la contribution de Catherine Henkinet &#038; de Filip Luyckx<\/p>\n<\/div>\n<\/div>\n","protected":false},"excerpt":{"rendered":"<h2 class=\"subtitle subtitle--header\" style=\"box-sizing: border-box; margin: 0.666667rem 0px 0px; font-weight: 500; font-size: 1.75rem; line-height: 2.33333rem; color: rgb(0, 0, 0); font-family: Gordita, Helvetica, Arial, sans-serif;\" data-mce-style=\"box-sizing: border-box; margin: 0.666667rem 0px 0px; font-weight: 500; font-size: 1.75rem; line-height: 2.33333rem; color: #000000; font-family: Gordita, Helvetica, Arial, sans-serif;\"><span style=\"text-decoration: underline;\" data-mce-style=\"text-decoration: underline;\"><strong>Auteurs<\/strong><\/span>: <em>Catherine Henkinet &#038; Filip Luyckx<\/em><\/h2>\n","protected":false},"featured_media":5444,"template":"","meta":[],"product_cat":[16],"product_tag":[],"yoast_head":"<!-- This site is optimized with the Yoast SEO plugin v19.1 - https:\/\/yoast.com\/wordpress\/plugins\/seo\/ -->\n<title>some things... | Gudny Rosa Ingimarsdottir | E-shop artistes belges<\/title>\n<meta name=\"description\" content=\"Acheter un produit comme some things... | Gudny Rosa Ingimarsdottir? Laissez vous surprendre par nos artistes belges sp\u00e9cialis\u00e9s en produits artisanaux!\" \/>\n<meta name=\"robots\" content=\"index, follow, max-snippet:-1, max-image-preview:large, max-video-preview:-1\" \/>\n<link rel=\"canonical\" href=\"https:\/\/nationalstore.be\/fr\/produit\/some-things-gudny-rosa-ingimarsdottir\" \/>\n<meta property=\"og:locale\" content=\"fr_FR\" \/>\n<meta property=\"og:type\" content=\"article\" \/>\n<meta property=\"og:title\" content=\"some things... | Gudny Rosa Ingimarsdottir | E-shop artistes belges\" \/>\n<meta property=\"og:description\" content=\"Acheter un produit comme some things... | Gudny Rosa Ingimarsdottir? Laissez vous surprendre par nos artistes belges sp\u00e9cialis\u00e9s en produits artisanaux!\" \/>\n<meta property=\"og:url\" content=\"https:\/\/nationalstore.be\/fr\/produit\/some-things-gudny-rosa-ingimarsdottir\" \/>\n<meta property=\"og:site_name\" content=\"NATIONA(A)L ARTIST SUPERMARKET\" \/>\n<meta property=\"article:publisher\" content=\"https:\/\/www.facebook.com\/nationalstore\/?ref=br_rs\" \/>\n<meta property=\"article:modified_time\" content=\"2020-12-04T15:31:41+00:00\" \/>\n<meta property=\"og:image\" content=\"https:\/\/nationalstore.be\/wp-content\/uploads\/2020\/12\/gudny.jpeg\" \/>\n\t<meta property=\"og:image:width\" content=\"960\" \/>\n\t<meta property=\"og:image:height\" content=\"640\" \/>\n\t<meta property=\"og:image:type\" content=\"image\/jpeg\" \/>\n<meta name=\"twitter:card\" content=\"summary_large_image\" \/>\n<meta name=\"twitter:site\" content=\"@Nationalstore\" \/>\n<meta name=\"twitter:label1\" content=\"Dur\u00e9e de lecture estim\u00e9e\" \/>\n\t<meta name=\"twitter:data1\" content=\"1 minute\" \/>\n<script type=\"application\/ld+json\" class=\"yoast-schema-graph\">{\"@context\":\"https:\/\/schema.org\",\"@graph\":[{\"@type\":\"Organization\",\"@id\":\"https:\/\/nationalstore.be\/fr#organization\",\"name\":\"NATIONA(A)L ARTIST MARKET\",\"url\":\"https:\/\/nationalstore.be\/fr\",\"sameAs\":[\"https:\/\/www.instagram.com\/nationalstore\/\",\"https:\/\/www.facebook.com\/nationalstore\/?ref=br_rs\",\"https:\/\/twitter.com\/Nationalstore\"],\"logo\":{\"@type\":\"ImageObject\",\"inLanguage\":\"fr-FR\",\"@id\":\"https:\/\/nationalstore.be\/fr#\/schema\/logo\/image\/\",\"url\":\"https:\/\/nationalstore.be\/wp-content\/uploads\/2024\/03\/nationaal-logo_mauve-cmjn.png\",\"contentUrl\":\"https:\/\/nationalstore.be\/wp-content\/uploads\/2024\/03\/nationaal-logo_mauve-cmjn.png\",\"width\":3475,\"height\":1352,\"caption\":\"NATIONA(A)L ARTIST MARKET\"},\"image\":{\"@id\":\"https:\/\/nationalstore.be\/fr#\/schema\/logo\/image\/\"}},{\"@type\":\"WebSite\",\"@id\":\"https:\/\/nationalstore.be\/fr#website\",\"url\":\"https:\/\/nationalstore.be\/fr\",\"name\":\"NATIONA(A)L ARTIST SUPERMARKET\",\"description\":\"\",\"publisher\":{\"@id\":\"https:\/\/nationalstore.be\/fr#organization\"},\"potentialAction\":[{\"@type\":\"SearchAction\",\"target\":{\"@type\":\"EntryPoint\",\"urlTemplate\":\"https:\/\/nationalstore.be\/fr?s={search_term_string}\"},\"query-input\":\"required name=search_term_string\"}],\"inLanguage\":\"fr-FR\"},{\"@type\":\"ImageObject\",\"inLanguage\":\"fr-FR\",\"@id\":\"https:\/\/nationalstore.be\/fr\/produit\/some-things-gudny-rosa-ingimarsdottir#primaryimage\",\"url\":\"https:\/\/nationalstore.be\/wp-content\/uploads\/2020\/12\/gudny.jpeg\",\"contentUrl\":\"https:\/\/nationalstore.be\/wp-content\/uploads\/2020\/12\/gudny.jpeg\",\"width\":960,\"height\":640},{\"@type\":[\"WebPage\",\"ItemPage\"],\"@id\":\"https:\/\/nationalstore.be\/fr\/produit\/some-things-gudny-rosa-ingimarsdottir#webpage\",\"url\":\"https:\/\/nationalstore.be\/fr\/produit\/some-things-gudny-rosa-ingimarsdottir\",\"name\":\"some things... | Gudny Rosa Ingimarsdottir | E-shop artistes belges\",\"isPartOf\":{\"@id\":\"https:\/\/nationalstore.be\/fr#website\"},\"primaryImageOfPage\":{\"@id\":\"https:\/\/nationalstore.be\/fr\/produit\/some-things-gudny-rosa-ingimarsdottir#primaryimage\"},\"datePublished\":\"2020-12-03T19:52:14+00:00\",\"dateModified\":\"2020-12-04T15:31:41+00:00\",\"description\":\"Acheter un produit comme some things... | Gudny Rosa Ingimarsdottir? Laissez vous surprendre par nos artistes belges sp\u00e9cialis\u00e9s en produits artisanaux!\",\"breadcrumb\":{\"@id\":\"https:\/\/nationalstore.be\/fr\/produit\/some-things-gudny-rosa-ingimarsdottir#breadcrumb\"},\"inLanguage\":\"fr-FR\",\"potentialAction\":[{\"@type\":\"ReadAction\",\"target\":[\"https:\/\/nationalstore.be\/fr\/produit\/some-things-gudny-rosa-ingimarsdottir\"]}]},{\"@type\":\"BreadcrumbList\",\"@id\":\"https:\/\/nationalstore.be\/fr\/produit\/some-things-gudny-rosa-ingimarsdottir#breadcrumb\",\"itemListElement\":[{\"@type\":\"ListItem\",\"position\":1,\"name\":\"Home\",\"item\":\"https:\/\/nationalstore.be\/fr\"},{\"@type\":\"ListItem\",\"position\":2,\"name\":\"Produits\",\"item\":\"https:\/\/nationalstore.be\/fr\/shop\"},{\"@type\":\"ListItem\",\"position\":3,\"name\":\"Arts plastiques\",\"item\":\"https:\/\/nationalstore.be\/fr\/pc\/arts-plastiques\"},{\"@type\":\"ListItem\",\"position\":4,\"name\":\"some things&#8230; | Gudny Rosa Ingimarsdottir\"}]}]}<\/script>\n<!-- \/ Yoast SEO plugin. -->","yoast_head_json":{"title":"some things... | Gudny Rosa Ingimarsdottir | E-shop artistes belges","description":"Acheter un produit comme some things... | Gudny Rosa Ingimarsdottir? Laissez vous surprendre par nos artistes belges sp\u00e9cialis\u00e9s en produits artisanaux!","robots":{"index":"index","follow":"follow","max-snippet":"max-snippet:-1","max-image-preview":"max-image-preview:large","max-video-preview":"max-video-preview:-1"},"canonical":"https:\/\/nationalstore.be\/fr\/produit\/some-things-gudny-rosa-ingimarsdottir","og_locale":"fr_FR","og_type":"article","og_title":"some things... | Gudny Rosa Ingimarsdottir | E-shop artistes belges","og_description":"Acheter un produit comme some things... | Gudny Rosa Ingimarsdottir? Laissez vous surprendre par nos artistes belges sp\u00e9cialis\u00e9s en produits artisanaux!","og_url":"https:\/\/nationalstore.be\/fr\/produit\/some-things-gudny-rosa-ingimarsdottir","og_site_name":"NATIONA(A)L ARTIST SUPERMARKET","article_publisher":"https:\/\/www.facebook.com\/nationalstore\/?ref=br_rs","article_modified_time":"2020-12-04T15:31:41+00:00","og_image":[{"width":960,"height":640,"url":"https:\/\/nationalstore.be\/wp-content\/uploads\/2020\/12\/gudny.jpeg","type":"image\/jpeg"}],"twitter_card":"summary_large_image","twitter_site":"@Nationalstore","twitter_misc":{"Dur\u00e9e de lecture estim\u00e9e":"1 minute"},"schema":{"@context":"https:\/\/schema.org","@graph":[{"@type":"Organization","@id":"https:\/\/nationalstore.be\/fr#organization","name":"NATIONA(A)L ARTIST MARKET","url":"https:\/\/nationalstore.be\/fr","sameAs":["https:\/\/www.instagram.com\/nationalstore\/","https:\/\/www.facebook.com\/nationalstore\/?ref=br_rs","https:\/\/twitter.com\/Nationalstore"],"logo":{"@type":"ImageObject","inLanguage":"fr-FR","@id":"https:\/\/nationalstore.be\/fr#\/schema\/logo\/image\/","url":"https:\/\/nationalstore.be\/wp-content\/uploads\/2024\/03\/nationaal-logo_mauve-cmjn.png","contentUrl":"https:\/\/nationalstore.be\/wp-content\/uploads\/2024\/03\/nationaal-logo_mauve-cmjn.png","width":3475,"height":1352,"caption":"NATIONA(A)L ARTIST MARKET"},"image":{"@id":"https:\/\/nationalstore.be\/fr#\/schema\/logo\/image\/"}},{"@type":"WebSite","@id":"https:\/\/nationalstore.be\/fr#website","url":"https:\/\/nationalstore.be\/fr","name":"NATIONA(A)L ARTIST SUPERMARKET","description":"","publisher":{"@id":"https:\/\/nationalstore.be\/fr#organization"},"potentialAction":[{"@type":"SearchAction","target":{"@type":"EntryPoint","urlTemplate":"https:\/\/nationalstore.be\/fr?s={search_term_string}"},"query-input":"required name=search_term_string"}],"inLanguage":"fr-FR"},{"@type":"ImageObject","inLanguage":"fr-FR","@id":"https:\/\/nationalstore.be\/fr\/produit\/some-things-gudny-rosa-ingimarsdottir#primaryimage","url":"https:\/\/nationalstore.be\/wp-content\/uploads\/2020\/12\/gudny.jpeg","contentUrl":"https:\/\/nationalstore.be\/wp-content\/uploads\/2020\/12\/gudny.jpeg","width":960,"height":640},{"@type":["WebPage","ItemPage"],"@id":"https:\/\/nationalstore.be\/fr\/produit\/some-things-gudny-rosa-ingimarsdottir#webpage","url":"https:\/\/nationalstore.be\/fr\/produit\/some-things-gudny-rosa-ingimarsdottir","name":"some things... | Gudny Rosa Ingimarsdottir | E-shop artistes belges","isPartOf":{"@id":"https:\/\/nationalstore.be\/fr#website"},"primaryImageOfPage":{"@id":"https:\/\/nationalstore.be\/fr\/produit\/some-things-gudny-rosa-ingimarsdottir#primaryimage"},"datePublished":"2020-12-03T19:52:14+00:00","dateModified":"2020-12-04T15:31:41+00:00","description":"Acheter un produit comme some things... | Gudny Rosa Ingimarsdottir? Laissez vous surprendre par nos artistes belges sp\u00e9cialis\u00e9s en produits artisanaux!","breadcrumb":{"@id":"https:\/\/nationalstore.be\/fr\/produit\/some-things-gudny-rosa-ingimarsdottir#breadcrumb"},"inLanguage":"fr-FR","potentialAction":[{"@type":"ReadAction","target":["https:\/\/nationalstore.be\/fr\/produit\/some-things-gudny-rosa-ingimarsdottir"]}]},{"@type":"BreadcrumbList","@id":"https:\/\/nationalstore.be\/fr\/produit\/some-things-gudny-rosa-ingimarsdottir#breadcrumb","itemListElement":[{"@type":"ListItem","position":1,"name":"Home","item":"https:\/\/nationalstore.be\/fr"},{"@type":"ListItem","position":2,"name":"Produits","item":"https:\/\/nationalstore.be\/fr\/shop"},{"@type":"ListItem","position":3,"name":"Arts plastiques","item":"https:\/\/nationalstore.be\/fr\/pc\/arts-plastiques"},{"@type":"ListItem","position":4,"name":"some things&#8230; | Gudny Rosa Ingimarsdottir"}]}]}},"_links":{"self":[{"href":"https:\/\/nationalstore.be\/fr\/wp-json\/wp\/v2\/product\/5465"}],"collection":[{"href":"https:\/\/nationalstore.be\/fr\/wp-json\/wp\/v2\/product"}],"about":[{"href":"https:\/\/nationalstore.be\/fr\/wp-json\/wp\/v2\/types\/product"}],"wp:featuredmedia":[{"embeddable":true,"href":"https:\/\/nationalstore.be\/fr\/wp-json\/wp\/v2\/media\/5444"}],"wp:attachment":[{"href":"https:\/\/nationalstore.be\/fr\/wp-json\/wp\/v2\/media?parent=5465"}],"wp:term":[{"taxonomy":"product_cat","embeddable":true,"href":"https:\/\/nationalstore.be\/fr\/wp-json\/wp\/v2\/product_cat?post=5465"},{"taxonomy":"product_tag","embeddable":true,"href":"https:\/\/nationalstore.be\/fr\/wp-json\/wp\/v2\/product_tag?post=5465"}],"curies":[{"name":"wp","href":"https:\/\/api.w.org\/{rel}","templated":true}]}}