{"id":5443,"date":"2020-12-03T20:52:30","date_gmt":"2020-12-03T19:52:30","guid":{"rendered":"https:\/\/nationalstore.be\/?post_type=product&#038;p=5443"},"modified":"2022-09-28T13:04:40","modified_gmt":"2022-09-28T11:04:40","slug":"demons-et-merveilles-critique-de-la-raison-pure","status":"publish","type":"product","link":"https:\/\/nationalstore.be\/fr\/produit\/demons-et-merveilles-critique-de-la-raison-pure","title":{"rendered":"D\u00e9mons et merveilles | Critique de la raison pure"},"content":{"rendered":"<div>\n<p>Olivier et Quentin Smolders collaborent depuis plus de trente ans sur des projets de films, de livres et d&#8217;expositions. Ces deux complices ont crois\u00e9 avec passion les images saisissantes, les faits-divers insolites, les projections mentales, les cabinets de curiosit\u00e9s et les textes extravagants.<\/p>\n<\/div>\n<div>\n<p>Publi\u00e9 par les \u00e9ditions CFC en partenariat avec le Centre Wallonie-Bruxelles.Paris et Le Scarab\u00e9e.\u00a0D\u00e9mons et merveilles. Critique de la raison pure\u00a0pr\u00e9sente le travail artistique des fr\u00e8res Olivier et Quentin Smolders.<\/p>\n<p>Olivier Smolders est \u00e9crivain, cin\u00e9aste et professeur \u00e0 l\u2019Insas (Bruxelles). Il a r\u00e9alis\u00e9 une quinzaine de films prim\u00e9s dans de nombreux festivals internationaux et publi\u00e9 plusieurs livres touchant le domaine du cin\u00e9ma, de la photographie, de la litt\u00e9rature et des arts en g\u00e9n\u00e9ral. Son\u00a0\u0153uvre qui affronte la question des tabous, cherche \u00e0 mettre le spectateur dans une position troublante par rapport \u00e0 ses convictions et ses \u00e9motions.<\/p>\n<p>Quentin Smolders, artiste peintre, sculpteur et graveur form\u00e9 \u00e0 La Cambre et au 75, est \u00e9galement professeur \u00e0 l\u2019\u00c9cole des Arts d\u2019Ixelles. Il a \u00e9labor\u00e9 une \u0153uvre bigarr\u00e9e, \u00e0 la fois joyeuse et fantastique, recourant \u00e0 de nombreuses techniques telles que l\u2019acrylique, la gravure sur bois, la lithographie, les collages ou les monotypes. S\u2019inspirant d\u2019images populaires, il cr\u00e9e un monde en constante m\u00e9tamorphose, \u00e9clatant de couleurs et de formes d\u00e9brid\u00e9es.<\/p>\n<p>Exposition du 24 janvier 2020 au 1er\u00a0mars 2020 au Centre Wallonie-Bruxelles, 127-129 Rue Saint-Martin, 75004 Paris.<\/p>\n<\/div>\n","protected":false},"excerpt":{"rendered":"<p><strong>Auteurs<\/strong>: Olivier Smolders, Quentin Smolders &amp; Christophe Chabert<\/p>\n","protected":false},"featured_media":5428,"template":"","meta":[],"product_cat":[2807,525],"product_tag":[],"yoast_head":"<!-- This site is optimized with the Yoast SEO plugin v19.1 - https:\/\/yoast.com\/wordpress\/plugins\/seo\/ -->\n<title>D\u00e9mons et merveilles | Critique de la raison pure | E-shop artistes belges<\/title>\n<meta name=\"description\" content=\"Acheter un produit comme D\u00e9mons et merveilles | Critique de la raison pure? Laissez vous surprendre par nos artistes belges sp\u00e9cialis\u00e9s en produits artisanaux!\" \/>\n<meta name=\"robots\" content=\"index, follow, max-snippet:-1, max-image-preview:large, max-video-preview:-1\" \/>\n<link rel=\"canonical\" href=\"https:\/\/nationalstore.be\/fr\/produit\/demons-et-merveilles-critique-de-la-raison-pure\" \/>\n<meta property=\"og:locale\" content=\"fr_FR\" \/>\n<meta property=\"og:type\" content=\"article\" \/>\n<meta property=\"og:title\" content=\"D\u00e9mons et merveilles | Critique de la raison pure | E-shop artistes belges\" \/>\n<meta property=\"og:description\" content=\"Acheter un produit comme D\u00e9mons et merveilles | Critique de la raison pure? Laissez vous surprendre par nos artistes belges sp\u00e9cialis\u00e9s en produits artisanaux!\" \/>\n<meta property=\"og:url\" content=\"https:\/\/nationalstore.be\/fr\/produit\/demons-et-merveilles-critique-de-la-raison-pure\" \/>\n<meta property=\"og:site_name\" content=\"NATIONA(A)L ARTIST SUPERMARKET\" \/>\n<meta property=\"article:publisher\" content=\"https:\/\/www.facebook.com\/nationalstore\/?ref=br_rs\" \/>\n<meta property=\"article:modified_time\" content=\"2022-09-28T11:04:40+00:00\" \/>\n<meta property=\"og:image\" content=\"https:\/\/nationalstore.be\/wp-content\/uploads\/2020\/12\/9782875720511-4-3.jpeg\" \/>\n\t<meta property=\"og:image:width\" content=\"960\" \/>\n\t<meta property=\"og:image:height\" content=\"640\" \/>\n\t<meta property=\"og:image:type\" content=\"image\/jpeg\" \/>\n<meta name=\"twitter:card\" content=\"summary_large_image\" \/>\n<meta name=\"twitter:site\" content=\"@Nationalstore\" \/>\n<meta name=\"twitter:label1\" content=\"Dur\u00e9e de lecture estim\u00e9e\" \/>\n\t<meta name=\"twitter:data1\" content=\"2 minutes\" \/>\n<script type=\"application\/ld+json\" class=\"yoast-schema-graph\">{\"@context\":\"https:\/\/schema.org\",\"@graph\":[{\"@type\":\"Organization\",\"@id\":\"https:\/\/nationalstore.be\/fr#organization\",\"name\":\"NATIONA(A)L ARTIST MARKET\",\"url\":\"https:\/\/nationalstore.be\/fr\",\"sameAs\":[\"https:\/\/www.instagram.com\/nationalstore\/\",\"https:\/\/www.facebook.com\/nationalstore\/?ref=br_rs\",\"https:\/\/twitter.com\/Nationalstore\"],\"logo\":{\"@type\":\"ImageObject\",\"inLanguage\":\"fr-FR\",\"@id\":\"https:\/\/nationalstore.be\/fr#\/schema\/logo\/image\/\",\"url\":\"https:\/\/nationalstore.be\/wp-content\/uploads\/2024\/03\/nationaal-logo_mauve-cmjn.png\",\"contentUrl\":\"https:\/\/nationalstore.be\/wp-content\/uploads\/2024\/03\/nationaal-logo_mauve-cmjn.png\",\"width\":3475,\"height\":1352,\"caption\":\"NATIONA(A)L ARTIST MARKET\"},\"image\":{\"@id\":\"https:\/\/nationalstore.be\/fr#\/schema\/logo\/image\/\"}},{\"@type\":\"WebSite\",\"@id\":\"https:\/\/nationalstore.be\/fr#website\",\"url\":\"https:\/\/nationalstore.be\/fr\",\"name\":\"NATIONA(A)L ARTIST SUPERMARKET\",\"description\":\"\",\"publisher\":{\"@id\":\"https:\/\/nationalstore.be\/fr#organization\"},\"potentialAction\":[{\"@type\":\"SearchAction\",\"target\":{\"@type\":\"EntryPoint\",\"urlTemplate\":\"https:\/\/nationalstore.be\/fr?s={search_term_string}\"},\"query-input\":\"required name=search_term_string\"}],\"inLanguage\":\"fr-FR\"},{\"@type\":\"ImageObject\",\"inLanguage\":\"fr-FR\",\"@id\":\"https:\/\/nationalstore.be\/fr\/produit\/demons-et-merveilles-critique-de-la-raison-pure#primaryimage\",\"url\":\"https:\/\/nationalstore.be\/wp-content\/uploads\/2020\/12\/9782875720511-4-3.jpeg\",\"contentUrl\":\"https:\/\/nationalstore.be\/wp-content\/uploads\/2020\/12\/9782875720511-4-3.jpeg\",\"width\":960,\"height\":640},{\"@type\":[\"WebPage\",\"ItemPage\"],\"@id\":\"https:\/\/nationalstore.be\/fr\/produit\/demons-et-merveilles-critique-de-la-raison-pure#webpage\",\"url\":\"https:\/\/nationalstore.be\/fr\/produit\/demons-et-merveilles-critique-de-la-raison-pure\",\"name\":\"D\u00e9mons et merveilles | Critique de la raison pure | E-shop artistes belges\",\"isPartOf\":{\"@id\":\"https:\/\/nationalstore.be\/fr#website\"},\"primaryImageOfPage\":{\"@id\":\"https:\/\/nationalstore.be\/fr\/produit\/demons-et-merveilles-critique-de-la-raison-pure#primaryimage\"},\"datePublished\":\"2020-12-03T19:52:30+00:00\",\"dateModified\":\"2022-09-28T11:04:40+00:00\",\"description\":\"Acheter un produit comme D\u00e9mons et merveilles | Critique de la raison pure? Laissez vous surprendre par nos artistes belges sp\u00e9cialis\u00e9s en produits artisanaux!\",\"breadcrumb\":{\"@id\":\"https:\/\/nationalstore.be\/fr\/produit\/demons-et-merveilles-critique-de-la-raison-pure#breadcrumb\"},\"inLanguage\":\"fr-FR\",\"potentialAction\":[{\"@type\":\"ReadAction\",\"target\":[\"https:\/\/nationalstore.be\/fr\/produit\/demons-et-merveilles-critique-de-la-raison-pure\"]}]},{\"@type\":\"BreadcrumbList\",\"@id\":\"https:\/\/nationalstore.be\/fr\/produit\/demons-et-merveilles-critique-de-la-raison-pure#breadcrumb\",\"itemListElement\":[{\"@type\":\"ListItem\",\"position\":1,\"name\":\"Home\",\"item\":\"https:\/\/nationalstore.be\/fr\"},{\"@type\":\"ListItem\",\"position\":2,\"name\":\"Produits\",\"item\":\"https:\/\/nationalstore.be\/fr\/shop\"},{\"@type\":\"ListItem\",\"position\":3,\"name\":\"Livres &amp; Illustrations\",\"item\":\"https:\/\/nationalstore.be\/fr\/pc\/livres-illustrations\"},{\"@type\":\"ListItem\",\"position\":4,\"name\":\"Litt\u00e9rature\",\"item\":\"https:\/\/nationalstore.be\/fr\/pc\/livres-illustrations\/litterature\"},{\"@type\":\"ListItem\",\"position\":5,\"name\":\"D\u00e9mons et merveilles | Critique de la raison pure\"}]}]}<\/script>\n<!-- \/ Yoast SEO plugin. -->","yoast_head_json":{"title":"D\u00e9mons et merveilles | Critique de la raison pure | E-shop artistes belges","description":"Acheter un produit comme D\u00e9mons et merveilles | Critique de la raison pure? Laissez vous surprendre par nos artistes belges sp\u00e9cialis\u00e9s en produits artisanaux!","robots":{"index":"index","follow":"follow","max-snippet":"max-snippet:-1","max-image-preview":"max-image-preview:large","max-video-preview":"max-video-preview:-1"},"canonical":"https:\/\/nationalstore.be\/fr\/produit\/demons-et-merveilles-critique-de-la-raison-pure","og_locale":"fr_FR","og_type":"article","og_title":"D\u00e9mons et merveilles | Critique de la raison pure | E-shop artistes belges","og_description":"Acheter un produit comme D\u00e9mons et merveilles | Critique de la raison pure? Laissez vous surprendre par nos artistes belges sp\u00e9cialis\u00e9s en produits artisanaux!","og_url":"https:\/\/nationalstore.be\/fr\/produit\/demons-et-merveilles-critique-de-la-raison-pure","og_site_name":"NATIONA(A)L ARTIST SUPERMARKET","article_publisher":"https:\/\/www.facebook.com\/nationalstore\/?ref=br_rs","article_modified_time":"2022-09-28T11:04:40+00:00","og_image":[{"width":960,"height":640,"url":"https:\/\/nationalstore.be\/wp-content\/uploads\/2020\/12\/9782875720511-4-3.jpeg","type":"image\/jpeg"}],"twitter_card":"summary_large_image","twitter_site":"@Nationalstore","twitter_misc":{"Dur\u00e9e de lecture estim\u00e9e":"2 minutes"},"schema":{"@context":"https:\/\/schema.org","@graph":[{"@type":"Organization","@id":"https:\/\/nationalstore.be\/fr#organization","name":"NATIONA(A)L ARTIST MARKET","url":"https:\/\/nationalstore.be\/fr","sameAs":["https:\/\/www.instagram.com\/nationalstore\/","https:\/\/www.facebook.com\/nationalstore\/?ref=br_rs","https:\/\/twitter.com\/Nationalstore"],"logo":{"@type":"ImageObject","inLanguage":"fr-FR","@id":"https:\/\/nationalstore.be\/fr#\/schema\/logo\/image\/","url":"https:\/\/nationalstore.be\/wp-content\/uploads\/2024\/03\/nationaal-logo_mauve-cmjn.png","contentUrl":"https:\/\/nationalstore.be\/wp-content\/uploads\/2024\/03\/nationaal-logo_mauve-cmjn.png","width":3475,"height":1352,"caption":"NATIONA(A)L ARTIST MARKET"},"image":{"@id":"https:\/\/nationalstore.be\/fr#\/schema\/logo\/image\/"}},{"@type":"WebSite","@id":"https:\/\/nationalstore.be\/fr#website","url":"https:\/\/nationalstore.be\/fr","name":"NATIONA(A)L ARTIST SUPERMARKET","description":"","publisher":{"@id":"https:\/\/nationalstore.be\/fr#organization"},"potentialAction":[{"@type":"SearchAction","target":{"@type":"EntryPoint","urlTemplate":"https:\/\/nationalstore.be\/fr?s={search_term_string}"},"query-input":"required name=search_term_string"}],"inLanguage":"fr-FR"},{"@type":"ImageObject","inLanguage":"fr-FR","@id":"https:\/\/nationalstore.be\/fr\/produit\/demons-et-merveilles-critique-de-la-raison-pure#primaryimage","url":"https:\/\/nationalstore.be\/wp-content\/uploads\/2020\/12\/9782875720511-4-3.jpeg","contentUrl":"https:\/\/nationalstore.be\/wp-content\/uploads\/2020\/12\/9782875720511-4-3.jpeg","width":960,"height":640},{"@type":["WebPage","ItemPage"],"@id":"https:\/\/nationalstore.be\/fr\/produit\/demons-et-merveilles-critique-de-la-raison-pure#webpage","url":"https:\/\/nationalstore.be\/fr\/produit\/demons-et-merveilles-critique-de-la-raison-pure","name":"D\u00e9mons et merveilles | Critique de la raison pure | E-shop artistes belges","isPartOf":{"@id":"https:\/\/nationalstore.be\/fr#website"},"primaryImageOfPage":{"@id":"https:\/\/nationalstore.be\/fr\/produit\/demons-et-merveilles-critique-de-la-raison-pure#primaryimage"},"datePublished":"2020-12-03T19:52:30+00:00","dateModified":"2022-09-28T11:04:40+00:00","description":"Acheter un produit comme D\u00e9mons et merveilles | Critique de la raison pure? Laissez vous surprendre par nos artistes belges sp\u00e9cialis\u00e9s en produits artisanaux!","breadcrumb":{"@id":"https:\/\/nationalstore.be\/fr\/produit\/demons-et-merveilles-critique-de-la-raison-pure#breadcrumb"},"inLanguage":"fr-FR","potentialAction":[{"@type":"ReadAction","target":["https:\/\/nationalstore.be\/fr\/produit\/demons-et-merveilles-critique-de-la-raison-pure"]}]},{"@type":"BreadcrumbList","@id":"https:\/\/nationalstore.be\/fr\/produit\/demons-et-merveilles-critique-de-la-raison-pure#breadcrumb","itemListElement":[{"@type":"ListItem","position":1,"name":"Home","item":"https:\/\/nationalstore.be\/fr"},{"@type":"ListItem","position":2,"name":"Produits","item":"https:\/\/nationalstore.be\/fr\/shop"},{"@type":"ListItem","position":3,"name":"Livres &amp; Illustrations","item":"https:\/\/nationalstore.be\/fr\/pc\/livres-illustrations"},{"@type":"ListItem","position":4,"name":"Litt\u00e9rature","item":"https:\/\/nationalstore.be\/fr\/pc\/livres-illustrations\/litterature"},{"@type":"ListItem","position":5,"name":"D\u00e9mons et merveilles | Critique de la raison pure"}]}]}},"_links":{"self":[{"href":"https:\/\/nationalstore.be\/fr\/wp-json\/wp\/v2\/product\/5443"}],"collection":[{"href":"https:\/\/nationalstore.be\/fr\/wp-json\/wp\/v2\/product"}],"about":[{"href":"https:\/\/nationalstore.be\/fr\/wp-json\/wp\/v2\/types\/product"}],"wp:featuredmedia":[{"embeddable":true,"href":"https:\/\/nationalstore.be\/fr\/wp-json\/wp\/v2\/media\/5428"}],"wp:attachment":[{"href":"https:\/\/nationalstore.be\/fr\/wp-json\/wp\/v2\/media?parent=5443"}],"wp:term":[{"taxonomy":"product_cat","embeddable":true,"href":"https:\/\/nationalstore.be\/fr\/wp-json\/wp\/v2\/product_cat?post=5443"},{"taxonomy":"product_tag","embeddable":true,"href":"https:\/\/nationalstore.be\/fr\/wp-json\/wp\/v2\/product_tag?post=5443"}],"curies":[{"name":"wp","href":"https:\/\/api.w.org\/{rel}","templated":true}]}}