{"id":54084,"date":"2024-07-03T11:38:53","date_gmt":"2024-07-03T09:38:53","guid":{"rendered":"https:\/\/nationalstore.be\/?post_type=product&#038;p=54084"},"modified":"2025-07-07T11:46:01","modified_gmt":"2025-07-07T09:46:01","slug":"glowy-pateres-en-verre-set-2","status":"publish","type":"product","link":"https:\/\/nationalstore.be\/fr\/produit\/glowy-pateres-en-verre-set-2","title":{"rendered":"GLOWY Pat\u00e8res en verre set 2"},"content":{"rendered":"<p style=\"background-image: initial;background-position: 0px 0px;background-size: initial;background-repeat: initial;background-attachment: initial;border: 0px;margin: 0px;padding: 0px;vertical-align: baseline;font-family: Poppins, sans-serif;font-size: 18px;line-height: 30px;letter-spacing: 1px\" data-mce-style=\"background-image: initial; background-position: 0px 0px; background-size: initial; background-repeat: initial; background-attachment: initial; border: 0px; margin: 0px; padding: 0px; vertical-align: baseline; font-family: Poppins, sans-serif; font-size: 18px; line-height: 30px; letter-spacing: 1px;\"><span style=\"font-family: georgia, palatino, serif;font-size: 12pt\" data-mce-style=\"font-family: georgia, palatino, serif; font-size: 12pt;\">Pat\u00e8res murales en verre structur\u00e9 color\u00e9, chaque \u00e9l\u00e9ment s\u2019agr\u00e9mente, au choix, d\u2019un crochet en laiton.<\/span><\/p>\n<p style=\"background-image: initial;background-position: 0px 0px;background-size: initial;background-repeat: initial;background-attachment: initial;border: 0px;margin: 0px;padding: 0px;vertical-align: baseline;font-family: Poppins, sans-serif;font-size: 18px;line-height: 30px;letter-spacing: 1px\" data-mce-style=\"background-image: initial; background-position: 0px 0px; background-size: initial; background-repeat: initial; background-attachment: initial; border: 0px; margin: 0px; padding: 0px; vertical-align: baseline; font-family: Poppins, sans-serif; font-size: 18px; line-height: 30px; letter-spacing: 1px;\"><span style=\"font-family: georgia, palatino, serif;font-size: 12pt\" data-mce-style=\"font-family: georgia, palatino, serif; font-size: 12pt;\">Set 2 : 4 pi\u00e8ces<\/span><\/p>\n<p style=\"background-image: initial;background-position: 0px 0px;background-size: initial;background-repeat: initial;background-attachment: initial;border: 0px;margin: 0px;padding: 0px;vertical-align: baseline;font-family: Poppins, sans-serif;font-size: 18px;line-height: 30px;letter-spacing: 1px\" data-mce-style=\"background-image: initial; background-position: 0px 0px; background-size: initial; background-repeat: initial; background-attachment: initial; border: 0px; margin: 0px; padding: 0px; vertical-align: baseline; font-family: Poppins, sans-serif; font-size: 18px; line-height: 30px; letter-spacing: 1px;\"><span style=\"font-family: georgia, palatino, serif;font-size: 12pt\" data-mce-style=\"font-family: georgia, palatino, serif; font-size: 12pt;\">\u2013 Dimensions : 17 cm, 40\u00d717 cm, 17 cm et 15 cm<\/span><br \/><span style=\"font-family: georgia, palatino, serif;font-size: 12pt\" data-mce-style=\"font-family: georgia, palatino, serif; font-size: 12pt;\">\u2013 Couleurs : gris clair, vert bouteille, vert c\u00e9ladon et ambre clair<\/span><br \/><span style=\"font-family: georgia, palatino, serif;font-size: 12pt\" data-mce-style=\"font-family: georgia, palatino, serif; font-size: 12pt;\">\u2013 Poids : 3,6kg<\/span><\/p>\n","protected":false},"excerpt":{"rendered":"<p>Pat\u00e8res murales en verre et en laiton.<\/p>\n","protected":false},"featured_media":54078,"template":"","meta":[],"product_cat":[527,550,2903],"product_tag":[3713],"yoast_head":"<!-- This site is optimized with the Yoast SEO plugin v19.1 - https:\/\/yoast.com\/wordpress\/plugins\/seo\/ -->\n<title>GLOWY Pat\u00e8res en verre set 2 | E-shop artistes belges<\/title>\n<meta name=\"description\" content=\"Acheter un produit comme GLOWY Pat\u00e8res en verre set 2? Laissez vous surprendre par nos artistes belges sp\u00e9cialis\u00e9s en produits artisanaux!\" \/>\n<meta name=\"robots\" content=\"index, follow, max-snippet:-1, max-image-preview:large, max-video-preview:-1\" \/>\n<link rel=\"canonical\" href=\"https:\/\/nationalstore.be\/fr\/produit\/glowy-pateres-en-verre-set-2\" \/>\n<meta property=\"og:locale\" content=\"fr_FR\" \/>\n<meta property=\"og:type\" content=\"article\" \/>\n<meta property=\"og:title\" content=\"GLOWY Pat\u00e8res en verre set 2 | E-shop artistes belges\" \/>\n<meta property=\"og:description\" content=\"Acheter un produit comme GLOWY Pat\u00e8res en verre set 2? Laissez vous surprendre par nos artistes belges sp\u00e9cialis\u00e9s en produits artisanaux!\" \/>\n<meta property=\"og:url\" content=\"https:\/\/nationalstore.be\/fr\/produit\/glowy-pateres-en-verre-set-2\" \/>\n<meta property=\"og:site_name\" content=\"NATIONA(A)L ARTIST SUPERMARKET\" \/>\n<meta property=\"article:publisher\" content=\"https:\/\/www.facebook.com\/nationalstore\/?ref=br_rs\" \/>\n<meta property=\"article:modified_time\" content=\"2025-07-07T09:46:01+00:00\" \/>\n<meta property=\"og:image\" content=\"https:\/\/nationalstore.be\/wp-content\/uploads\/2024\/06\/image-porte-manteau.jpg\" \/>\n\t<meta property=\"og:image:width\" content=\"1582\" \/>\n\t<meta property=\"og:image:height\" content=\"763\" \/>\n\t<meta property=\"og:image:type\" content=\"image\/jpeg\" \/>\n<meta name=\"twitter:card\" content=\"summary_large_image\" \/>\n<meta name=\"twitter:site\" content=\"@Nationalstore\" \/>\n<script type=\"application\/ld+json\" class=\"yoast-schema-graph\">{\"@context\":\"https:\/\/schema.org\",\"@graph\":[{\"@type\":\"Organization\",\"@id\":\"https:\/\/nationalstore.be\/fr#organization\",\"name\":\"NATIONA(A)L ARTIST MARKET\",\"url\":\"https:\/\/nationalstore.be\/fr\",\"sameAs\":[\"https:\/\/www.instagram.com\/nationalstore\/\",\"https:\/\/www.facebook.com\/nationalstore\/?ref=br_rs\",\"https:\/\/twitter.com\/Nationalstore\"],\"logo\":{\"@type\":\"ImageObject\",\"inLanguage\":\"fr-FR\",\"@id\":\"https:\/\/nationalstore.be\/fr#\/schema\/logo\/image\/\",\"url\":\"https:\/\/nationalstore.be\/wp-content\/uploads\/2024\/03\/nationaal-logo_mauve-cmjn.png\",\"contentUrl\":\"https:\/\/nationalstore.be\/wp-content\/uploads\/2024\/03\/nationaal-logo_mauve-cmjn.png\",\"width\":3475,\"height\":1352,\"caption\":\"NATIONA(A)L ARTIST MARKET\"},\"image\":{\"@id\":\"https:\/\/nationalstore.be\/fr#\/schema\/logo\/image\/\"}},{\"@type\":\"WebSite\",\"@id\":\"https:\/\/nationalstore.be\/fr#website\",\"url\":\"https:\/\/nationalstore.be\/fr\",\"name\":\"NATIONA(A)L ARTIST SUPERMARKET\",\"description\":\"\",\"publisher\":{\"@id\":\"https:\/\/nationalstore.be\/fr#organization\"},\"potentialAction\":[{\"@type\":\"SearchAction\",\"target\":{\"@type\":\"EntryPoint\",\"urlTemplate\":\"https:\/\/nationalstore.be\/fr?s={search_term_string}\"},\"query-input\":\"required name=search_term_string\"}],\"inLanguage\":\"fr-FR\"},{\"@type\":\"ImageObject\",\"inLanguage\":\"fr-FR\",\"@id\":\"https:\/\/nationalstore.be\/fr\/produit\/glowy-pateres-en-verre-set-2#primaryimage\",\"url\":\"https:\/\/nationalstore.be\/wp-content\/uploads\/2024\/06\/image-porte-manteau.jpg\",\"contentUrl\":\"https:\/\/nationalstore.be\/wp-content\/uploads\/2024\/06\/image-porte-manteau.jpg\",\"width\":1582,\"height\":763},{\"@type\":[\"WebPage\",\"ItemPage\"],\"@id\":\"https:\/\/nationalstore.be\/fr\/produit\/glowy-pateres-en-verre-set-2#webpage\",\"url\":\"https:\/\/nationalstore.be\/fr\/produit\/glowy-pateres-en-verre-set-2\",\"name\":\"GLOWY Pat\u00e8res en verre set 2 | E-shop artistes belges\",\"isPartOf\":{\"@id\":\"https:\/\/nationalstore.be\/fr#website\"},\"primaryImageOfPage\":{\"@id\":\"https:\/\/nationalstore.be\/fr\/produit\/glowy-pateres-en-verre-set-2#primaryimage\"},\"datePublished\":\"2024-07-03T09:38:53+00:00\",\"dateModified\":\"2025-07-07T09:46:01+00:00\",\"description\":\"Acheter un produit comme GLOWY Pat\u00e8res en verre set 2? Laissez vous surprendre par nos artistes belges sp\u00e9cialis\u00e9s en produits artisanaux!\",\"breadcrumb\":{\"@id\":\"https:\/\/nationalstore.be\/fr\/produit\/glowy-pateres-en-verre-set-2#breadcrumb\"},\"inLanguage\":\"fr-FR\",\"potentialAction\":[{\"@type\":\"ReadAction\",\"target\":[\"https:\/\/nationalstore.be\/fr\/produit\/glowy-pateres-en-verre-set-2\"]}]},{\"@type\":\"BreadcrumbList\",\"@id\":\"https:\/\/nationalstore.be\/fr\/produit\/glowy-pateres-en-verre-set-2#breadcrumb\",\"itemListElement\":[{\"@type\":\"ListItem\",\"position\":1,\"name\":\"Home\",\"item\":\"https:\/\/nationalstore.be\/fr\"},{\"@type\":\"ListItem\",\"position\":2,\"name\":\"Produits\",\"item\":\"https:\/\/nationalstore.be\/fr\/shop\"},{\"@type\":\"ListItem\",\"position\":3,\"name\":\"Design pour la maison\",\"item\":\"https:\/\/nationalstore.be\/fr\/pc\/design-pour-la-maison\"},{\"@type\":\"ListItem\",\"position\":4,\"name\":\"Mobilier\",\"item\":\"https:\/\/nationalstore.be\/fr\/pc\/design-pour-la-maison\/mobilier-design-pour-la-maison\"},{\"@type\":\"ListItem\",\"position\":5,\"name\":\"GLOWY Pat\u00e8res en verre set 2\"}]}]}<\/script>\n<!-- \/ Yoast SEO plugin. -->","yoast_head_json":{"title":"GLOWY Pat\u00e8res en verre set 2 | E-shop artistes belges","description":"Acheter un produit comme GLOWY Pat\u00e8res en verre set 2? Laissez vous surprendre par nos artistes belges sp\u00e9cialis\u00e9s en produits artisanaux!","robots":{"index":"index","follow":"follow","max-snippet":"max-snippet:-1","max-image-preview":"max-image-preview:large","max-video-preview":"max-video-preview:-1"},"canonical":"https:\/\/nationalstore.be\/fr\/produit\/glowy-pateres-en-verre-set-2","og_locale":"fr_FR","og_type":"article","og_title":"GLOWY Pat\u00e8res en verre set 2 | E-shop artistes belges","og_description":"Acheter un produit comme GLOWY Pat\u00e8res en verre set 2? Laissez vous surprendre par nos artistes belges sp\u00e9cialis\u00e9s en produits artisanaux!","og_url":"https:\/\/nationalstore.be\/fr\/produit\/glowy-pateres-en-verre-set-2","og_site_name":"NATIONA(A)L ARTIST SUPERMARKET","article_publisher":"https:\/\/www.facebook.com\/nationalstore\/?ref=br_rs","article_modified_time":"2025-07-07T09:46:01+00:00","og_image":[{"width":1582,"height":763,"url":"https:\/\/nationalstore.be\/wp-content\/uploads\/2024\/06\/image-porte-manteau.jpg","type":"image\/jpeg"}],"twitter_card":"summary_large_image","twitter_site":"@Nationalstore","schema":{"@context":"https:\/\/schema.org","@graph":[{"@type":"Organization","@id":"https:\/\/nationalstore.be\/fr#organization","name":"NATIONA(A)L ARTIST MARKET","url":"https:\/\/nationalstore.be\/fr","sameAs":["https:\/\/www.instagram.com\/nationalstore\/","https:\/\/www.facebook.com\/nationalstore\/?ref=br_rs","https:\/\/twitter.com\/Nationalstore"],"logo":{"@type":"ImageObject","inLanguage":"fr-FR","@id":"https:\/\/nationalstore.be\/fr#\/schema\/logo\/image\/","url":"https:\/\/nationalstore.be\/wp-content\/uploads\/2024\/03\/nationaal-logo_mauve-cmjn.png","contentUrl":"https:\/\/nationalstore.be\/wp-content\/uploads\/2024\/03\/nationaal-logo_mauve-cmjn.png","width":3475,"height":1352,"caption":"NATIONA(A)L ARTIST MARKET"},"image":{"@id":"https:\/\/nationalstore.be\/fr#\/schema\/logo\/image\/"}},{"@type":"WebSite","@id":"https:\/\/nationalstore.be\/fr#website","url":"https:\/\/nationalstore.be\/fr","name":"NATIONA(A)L ARTIST SUPERMARKET","description":"","publisher":{"@id":"https:\/\/nationalstore.be\/fr#organization"},"potentialAction":[{"@type":"SearchAction","target":{"@type":"EntryPoint","urlTemplate":"https:\/\/nationalstore.be\/fr?s={search_term_string}"},"query-input":"required name=search_term_string"}],"inLanguage":"fr-FR"},{"@type":"ImageObject","inLanguage":"fr-FR","@id":"https:\/\/nationalstore.be\/fr\/produit\/glowy-pateres-en-verre-set-2#primaryimage","url":"https:\/\/nationalstore.be\/wp-content\/uploads\/2024\/06\/image-porte-manteau.jpg","contentUrl":"https:\/\/nationalstore.be\/wp-content\/uploads\/2024\/06\/image-porte-manteau.jpg","width":1582,"height":763},{"@type":["WebPage","ItemPage"],"@id":"https:\/\/nationalstore.be\/fr\/produit\/glowy-pateres-en-verre-set-2#webpage","url":"https:\/\/nationalstore.be\/fr\/produit\/glowy-pateres-en-verre-set-2","name":"GLOWY Pat\u00e8res en verre set 2 | E-shop artistes belges","isPartOf":{"@id":"https:\/\/nationalstore.be\/fr#website"},"primaryImageOfPage":{"@id":"https:\/\/nationalstore.be\/fr\/produit\/glowy-pateres-en-verre-set-2#primaryimage"},"datePublished":"2024-07-03T09:38:53+00:00","dateModified":"2025-07-07T09:46:01+00:00","description":"Acheter un produit comme GLOWY Pat\u00e8res en verre set 2? Laissez vous surprendre par nos artistes belges sp\u00e9cialis\u00e9s en produits artisanaux!","breadcrumb":{"@id":"https:\/\/nationalstore.be\/fr\/produit\/glowy-pateres-en-verre-set-2#breadcrumb"},"inLanguage":"fr-FR","potentialAction":[{"@type":"ReadAction","target":["https:\/\/nationalstore.be\/fr\/produit\/glowy-pateres-en-verre-set-2"]}]},{"@type":"BreadcrumbList","@id":"https:\/\/nationalstore.be\/fr\/produit\/glowy-pateres-en-verre-set-2#breadcrumb","itemListElement":[{"@type":"ListItem","position":1,"name":"Home","item":"https:\/\/nationalstore.be\/fr"},{"@type":"ListItem","position":2,"name":"Produits","item":"https:\/\/nationalstore.be\/fr\/shop"},{"@type":"ListItem","position":3,"name":"Design pour la maison","item":"https:\/\/nationalstore.be\/fr\/pc\/design-pour-la-maison"},{"@type":"ListItem","position":4,"name":"Mobilier","item":"https:\/\/nationalstore.be\/fr\/pc\/design-pour-la-maison\/mobilier-design-pour-la-maison"},{"@type":"ListItem","position":5,"name":"GLOWY Pat\u00e8res en verre set 2"}]}]}},"_links":{"self":[{"href":"https:\/\/nationalstore.be\/fr\/wp-json\/wp\/v2\/product\/54084"}],"collection":[{"href":"https:\/\/nationalstore.be\/fr\/wp-json\/wp\/v2\/product"}],"about":[{"href":"https:\/\/nationalstore.be\/fr\/wp-json\/wp\/v2\/types\/product"}],"wp:featuredmedia":[{"embeddable":true,"href":"https:\/\/nationalstore.be\/fr\/wp-json\/wp\/v2\/media\/54078"}],"wp:attachment":[{"href":"https:\/\/nationalstore.be\/fr\/wp-json\/wp\/v2\/media?parent=54084"}],"wp:term":[{"taxonomy":"product_cat","embeddable":true,"href":"https:\/\/nationalstore.be\/fr\/wp-json\/wp\/v2\/product_cat?post=54084"},{"taxonomy":"product_tag","embeddable":true,"href":"https:\/\/nationalstore.be\/fr\/wp-json\/wp\/v2\/product_tag?post=54084"}],"curies":[{"name":"wp","href":"https:\/\/api.w.org\/{rel}","templated":true}]}}