{"id":54077,"date":"2024-07-03T11:39:03","date_gmt":"2024-07-03T09:39:03","guid":{"rendered":"https:\/\/nationalstore.be\/?post_type=product&#038;p=54077"},"modified":"2025-07-07T11:43:58","modified_gmt":"2025-07-07T09:43:58","slug":"glowy-pateres-en-verre-set-1","status":"publish","type":"product","link":"https:\/\/nationalstore.be\/fr\/produit\/glowy-pateres-en-verre-set-1","title":{"rendered":"GLOWY Pat\u00e8res en verre set 1"},"content":{"rendered":"<p style=\"background-image: initial;background-position: 0px 0px;background-size: initial;background-repeat: initial;background-attachment: initial;border: 0px;margin: 0px;padding: 0px;vertical-align: baseline;font-family: Poppins, sans-serif;font-size: 18px;line-height: 30px;letter-spacing: 1px\" data-mce-style=\"background-image: initial; background-position: 0px 0px; background-size: initial; background-repeat: initial; background-attachment: initial; border: 0px; margin: 0px; padding: 0px; vertical-align: baseline; font-family: Poppins, sans-serif; font-size: 18px; line-height: 30px; letter-spacing: 1px;\"><span style=\"font-family: georgia, palatino, serif;font-size: 12pt\" data-mce-style=\"font-family: georgia, palatino, serif; font-size: 12pt;\">Pat\u00e8res murales en verre structur\u00e9 color\u00e9, chaque \u00e9l\u00e9ment s\u2019agr\u00e9mente, au choix, d\u2019un crochet en laiton.<\/span><\/p>\n<p style=\"background-image: initial;background-position: 0px 0px;background-size: initial;background-repeat: initial;background-attachment: initial;border: 0px;margin: 0px;padding: 0px;vertical-align: baseline;font-family: Poppins, sans-serif;font-size: 18px;line-height: 30px;letter-spacing: 1px\" data-mce-style=\"background-image: initial; background-position: 0px 0px; background-size: initial; background-repeat: initial; background-attachment: initial; border: 0px; margin: 0px; padding: 0px; vertical-align: baseline; font-family: Poppins, sans-serif; font-size: 18px; line-height: 30px; letter-spacing: 1px;\"><span style=\"font-family: georgia, palatino, serif;font-size: 12pt\" data-mce-style=\"font-family: georgia, palatino, serif; font-size: 12pt;\">Set 1 : 3 pi\u00e8ces<\/span><\/p>\n<p style=\"background-image: initial;background-position: 0px 0px;background-size: initial;background-repeat: initial;background-attachment: initial;border: 0px;margin: 0px;padding: 0px;vertical-align: baseline;font-family: Poppins, sans-serif;font-size: 18px;line-height: 30px;letter-spacing: 1px\" data-mce-style=\"background-image: initial; background-position: 0px 0px; background-size: initial; background-repeat: initial; background-attachment: initial; border: 0px; margin: 0px; padding: 0px; vertical-align: baseline; font-family: Poppins, sans-serif; font-size: 18px; line-height: 30px; letter-spacing: 1px;\"><span style=\"font-family: georgia, palatino, serif;font-size: 12pt\" data-mce-style=\"font-family: georgia, palatino, serif; font-size: 12pt;\">\u2013 Largeurs : 17 cm, 15 cm et 17 cm<\/span><br \/><span style=\"font-family: georgia, palatino, serif;font-size: 12pt\" data-mce-style=\"font-family: georgia, palatino, serif; font-size: 12pt;\">\u2013 Couleurs : gris clair, vert c\u00e9ladon et ambre clair<\/span><br \/><span style=\"font-family: georgia, palatino, serif;font-size: 12pt\" data-mce-style=\"font-family: georgia, palatino, serif; font-size: 12pt;\">\u2013 Poids : 2kg<\/span><\/p>\n","protected":false},"excerpt":{"rendered":"<p>Pat\u00e8res murales en verre et en laiton, set de 3 pi\u00e8ces\u00a0<\/p>\n","protected":false},"featured_media":54071,"template":"","meta":[],"product_cat":[527,550,2903],"product_tag":[3713],"yoast_head":"<!-- This site is optimized with the Yoast SEO plugin v19.1 - https:\/\/yoast.com\/wordpress\/plugins\/seo\/ -->\n<title>GLOWY Pat\u00e8res en verre set 1 | E-shop artistes belges<\/title>\n<meta name=\"description\" content=\"Acheter un produit comme GLOWY Pat\u00e8res en verre set 1? Laissez vous surprendre par nos artistes belges sp\u00e9cialis\u00e9s en produits artisanaux!\" \/>\n<meta name=\"robots\" content=\"index, follow, max-snippet:-1, max-image-preview:large, max-video-preview:-1\" \/>\n<link rel=\"canonical\" href=\"https:\/\/nationalstore.be\/fr\/produit\/glowy-pateres-en-verre-set-1\" \/>\n<meta property=\"og:locale\" content=\"fr_FR\" \/>\n<meta property=\"og:type\" content=\"article\" \/>\n<meta property=\"og:title\" content=\"GLOWY Pat\u00e8res en verre set 1 | E-shop artistes belges\" \/>\n<meta property=\"og:description\" content=\"Acheter un produit comme GLOWY Pat\u00e8res en verre set 1? Laissez vous surprendre par nos artistes belges sp\u00e9cialis\u00e9s en produits artisanaux!\" \/>\n<meta property=\"og:url\" content=\"https:\/\/nationalstore.be\/fr\/produit\/glowy-pateres-en-verre-set-1\" \/>\n<meta property=\"og:site_name\" content=\"NATIONA(A)L ARTIST SUPERMARKET\" \/>\n<meta property=\"article:publisher\" content=\"https:\/\/www.facebook.com\/nationalstore\/?ref=br_rs\" \/>\n<meta property=\"article:modified_time\" content=\"2025-07-07T09:43:58+00:00\" \/>\n<meta property=\"og:image\" content=\"https:\/\/nationalstore.be\/wp-content\/uploads\/2024\/06\/1N7A0667.-72-ok-lauranne.jpg\" \/>\n\t<meta property=\"og:image:width\" content=\"1311\" \/>\n\t<meta property=\"og:image:height\" content=\"1966\" \/>\n\t<meta property=\"og:image:type\" content=\"image\/jpeg\" \/>\n<meta name=\"twitter:card\" content=\"summary_large_image\" \/>\n<meta name=\"twitter:site\" content=\"@Nationalstore\" \/>\n<script type=\"application\/ld+json\" class=\"yoast-schema-graph\">{\"@context\":\"https:\/\/schema.org\",\"@graph\":[{\"@type\":\"Organization\",\"@id\":\"https:\/\/nationalstore.be\/fr#organization\",\"name\":\"NATIONA(A)L ARTIST MARKET\",\"url\":\"https:\/\/nationalstore.be\/fr\",\"sameAs\":[\"https:\/\/www.instagram.com\/nationalstore\/\",\"https:\/\/www.facebook.com\/nationalstore\/?ref=br_rs\",\"https:\/\/twitter.com\/Nationalstore\"],\"logo\":{\"@type\":\"ImageObject\",\"inLanguage\":\"fr-FR\",\"@id\":\"https:\/\/nationalstore.be\/fr#\/schema\/logo\/image\/\",\"url\":\"https:\/\/nationalstore.be\/wp-content\/uploads\/2024\/03\/nationaal-logo_mauve-cmjn.png\",\"contentUrl\":\"https:\/\/nationalstore.be\/wp-content\/uploads\/2024\/03\/nationaal-logo_mauve-cmjn.png\",\"width\":3475,\"height\":1352,\"caption\":\"NATIONA(A)L ARTIST MARKET\"},\"image\":{\"@id\":\"https:\/\/nationalstore.be\/fr#\/schema\/logo\/image\/\"}},{\"@type\":\"WebSite\",\"@id\":\"https:\/\/nationalstore.be\/fr#website\",\"url\":\"https:\/\/nationalstore.be\/fr\",\"name\":\"NATIONA(A)L ARTIST SUPERMARKET\",\"description\":\"\",\"publisher\":{\"@id\":\"https:\/\/nationalstore.be\/fr#organization\"},\"potentialAction\":[{\"@type\":\"SearchAction\",\"target\":{\"@type\":\"EntryPoint\",\"urlTemplate\":\"https:\/\/nationalstore.be\/fr?s={search_term_string}\"},\"query-input\":\"required name=search_term_string\"}],\"inLanguage\":\"fr-FR\"},{\"@type\":\"ImageObject\",\"inLanguage\":\"fr-FR\",\"@id\":\"https:\/\/nationalstore.be\/fr\/produit\/glowy-pateres-en-verre-set-1#primaryimage\",\"url\":\"https:\/\/nationalstore.be\/wp-content\/uploads\/2024\/06\/1N7A0667.-72-ok-lauranne.jpg\",\"contentUrl\":\"https:\/\/nationalstore.be\/wp-content\/uploads\/2024\/06\/1N7A0667.-72-ok-lauranne.jpg\",\"width\":1311,\"height\":1966},{\"@type\":[\"WebPage\",\"ItemPage\"],\"@id\":\"https:\/\/nationalstore.be\/fr\/produit\/glowy-pateres-en-verre-set-1#webpage\",\"url\":\"https:\/\/nationalstore.be\/fr\/produit\/glowy-pateres-en-verre-set-1\",\"name\":\"GLOWY Pat\u00e8res en verre set 1 | E-shop artistes belges\",\"isPartOf\":{\"@id\":\"https:\/\/nationalstore.be\/fr#website\"},\"primaryImageOfPage\":{\"@id\":\"https:\/\/nationalstore.be\/fr\/produit\/glowy-pateres-en-verre-set-1#primaryimage\"},\"datePublished\":\"2024-07-03T09:39:03+00:00\",\"dateModified\":\"2025-07-07T09:43:58+00:00\",\"description\":\"Acheter un produit comme GLOWY Pat\u00e8res en verre set 1? Laissez vous surprendre par nos artistes belges sp\u00e9cialis\u00e9s en produits artisanaux!\",\"breadcrumb\":{\"@id\":\"https:\/\/nationalstore.be\/fr\/produit\/glowy-pateres-en-verre-set-1#breadcrumb\"},\"inLanguage\":\"fr-FR\",\"potentialAction\":[{\"@type\":\"ReadAction\",\"target\":[\"https:\/\/nationalstore.be\/fr\/produit\/glowy-pateres-en-verre-set-1\"]}]},{\"@type\":\"BreadcrumbList\",\"@id\":\"https:\/\/nationalstore.be\/fr\/produit\/glowy-pateres-en-verre-set-1#breadcrumb\",\"itemListElement\":[{\"@type\":\"ListItem\",\"position\":1,\"name\":\"Home\",\"item\":\"https:\/\/nationalstore.be\/fr\"},{\"@type\":\"ListItem\",\"position\":2,\"name\":\"Produits\",\"item\":\"https:\/\/nationalstore.be\/fr\/shop\"},{\"@type\":\"ListItem\",\"position\":3,\"name\":\"Design pour la maison\",\"item\":\"https:\/\/nationalstore.be\/fr\/pc\/design-pour-la-maison\"},{\"@type\":\"ListItem\",\"position\":4,\"name\":\"Mobilier\",\"item\":\"https:\/\/nationalstore.be\/fr\/pc\/design-pour-la-maison\/mobilier-design-pour-la-maison\"},{\"@type\":\"ListItem\",\"position\":5,\"name\":\"GLOWY Pat\u00e8res en verre set 1\"}]}]}<\/script>\n<!-- \/ Yoast SEO plugin. -->","yoast_head_json":{"title":"GLOWY Pat\u00e8res en verre set 1 | E-shop artistes belges","description":"Acheter un produit comme GLOWY Pat\u00e8res en verre set 1? Laissez vous surprendre par nos artistes belges sp\u00e9cialis\u00e9s en produits artisanaux!","robots":{"index":"index","follow":"follow","max-snippet":"max-snippet:-1","max-image-preview":"max-image-preview:large","max-video-preview":"max-video-preview:-1"},"canonical":"https:\/\/nationalstore.be\/fr\/produit\/glowy-pateres-en-verre-set-1","og_locale":"fr_FR","og_type":"article","og_title":"GLOWY Pat\u00e8res en verre set 1 | E-shop artistes belges","og_description":"Acheter un produit comme GLOWY Pat\u00e8res en verre set 1? Laissez vous surprendre par nos artistes belges sp\u00e9cialis\u00e9s en produits artisanaux!","og_url":"https:\/\/nationalstore.be\/fr\/produit\/glowy-pateres-en-verre-set-1","og_site_name":"NATIONA(A)L ARTIST SUPERMARKET","article_publisher":"https:\/\/www.facebook.com\/nationalstore\/?ref=br_rs","article_modified_time":"2025-07-07T09:43:58+00:00","og_image":[{"width":1311,"height":1966,"url":"https:\/\/nationalstore.be\/wp-content\/uploads\/2024\/06\/1N7A0667.-72-ok-lauranne.jpg","type":"image\/jpeg"}],"twitter_card":"summary_large_image","twitter_site":"@Nationalstore","schema":{"@context":"https:\/\/schema.org","@graph":[{"@type":"Organization","@id":"https:\/\/nationalstore.be\/fr#organization","name":"NATIONA(A)L ARTIST MARKET","url":"https:\/\/nationalstore.be\/fr","sameAs":["https:\/\/www.instagram.com\/nationalstore\/","https:\/\/www.facebook.com\/nationalstore\/?ref=br_rs","https:\/\/twitter.com\/Nationalstore"],"logo":{"@type":"ImageObject","inLanguage":"fr-FR","@id":"https:\/\/nationalstore.be\/fr#\/schema\/logo\/image\/","url":"https:\/\/nationalstore.be\/wp-content\/uploads\/2024\/03\/nationaal-logo_mauve-cmjn.png","contentUrl":"https:\/\/nationalstore.be\/wp-content\/uploads\/2024\/03\/nationaal-logo_mauve-cmjn.png","width":3475,"height":1352,"caption":"NATIONA(A)L ARTIST MARKET"},"image":{"@id":"https:\/\/nationalstore.be\/fr#\/schema\/logo\/image\/"}},{"@type":"WebSite","@id":"https:\/\/nationalstore.be\/fr#website","url":"https:\/\/nationalstore.be\/fr","name":"NATIONA(A)L ARTIST SUPERMARKET","description":"","publisher":{"@id":"https:\/\/nationalstore.be\/fr#organization"},"potentialAction":[{"@type":"SearchAction","target":{"@type":"EntryPoint","urlTemplate":"https:\/\/nationalstore.be\/fr?s={search_term_string}"},"query-input":"required name=search_term_string"}],"inLanguage":"fr-FR"},{"@type":"ImageObject","inLanguage":"fr-FR","@id":"https:\/\/nationalstore.be\/fr\/produit\/glowy-pateres-en-verre-set-1#primaryimage","url":"https:\/\/nationalstore.be\/wp-content\/uploads\/2024\/06\/1N7A0667.-72-ok-lauranne.jpg","contentUrl":"https:\/\/nationalstore.be\/wp-content\/uploads\/2024\/06\/1N7A0667.-72-ok-lauranne.jpg","width":1311,"height":1966},{"@type":["WebPage","ItemPage"],"@id":"https:\/\/nationalstore.be\/fr\/produit\/glowy-pateres-en-verre-set-1#webpage","url":"https:\/\/nationalstore.be\/fr\/produit\/glowy-pateres-en-verre-set-1","name":"GLOWY Pat\u00e8res en verre set 1 | E-shop artistes belges","isPartOf":{"@id":"https:\/\/nationalstore.be\/fr#website"},"primaryImageOfPage":{"@id":"https:\/\/nationalstore.be\/fr\/produit\/glowy-pateres-en-verre-set-1#primaryimage"},"datePublished":"2024-07-03T09:39:03+00:00","dateModified":"2025-07-07T09:43:58+00:00","description":"Acheter un produit comme GLOWY Pat\u00e8res en verre set 1? Laissez vous surprendre par nos artistes belges sp\u00e9cialis\u00e9s en produits artisanaux!","breadcrumb":{"@id":"https:\/\/nationalstore.be\/fr\/produit\/glowy-pateres-en-verre-set-1#breadcrumb"},"inLanguage":"fr-FR","potentialAction":[{"@type":"ReadAction","target":["https:\/\/nationalstore.be\/fr\/produit\/glowy-pateres-en-verre-set-1"]}]},{"@type":"BreadcrumbList","@id":"https:\/\/nationalstore.be\/fr\/produit\/glowy-pateres-en-verre-set-1#breadcrumb","itemListElement":[{"@type":"ListItem","position":1,"name":"Home","item":"https:\/\/nationalstore.be\/fr"},{"@type":"ListItem","position":2,"name":"Produits","item":"https:\/\/nationalstore.be\/fr\/shop"},{"@type":"ListItem","position":3,"name":"Design pour la maison","item":"https:\/\/nationalstore.be\/fr\/pc\/design-pour-la-maison"},{"@type":"ListItem","position":4,"name":"Mobilier","item":"https:\/\/nationalstore.be\/fr\/pc\/design-pour-la-maison\/mobilier-design-pour-la-maison"},{"@type":"ListItem","position":5,"name":"GLOWY Pat\u00e8res en verre set 1"}]}]}},"_links":{"self":[{"href":"https:\/\/nationalstore.be\/fr\/wp-json\/wp\/v2\/product\/54077"}],"collection":[{"href":"https:\/\/nationalstore.be\/fr\/wp-json\/wp\/v2\/product"}],"about":[{"href":"https:\/\/nationalstore.be\/fr\/wp-json\/wp\/v2\/types\/product"}],"wp:featuredmedia":[{"embeddable":true,"href":"https:\/\/nationalstore.be\/fr\/wp-json\/wp\/v2\/media\/54071"}],"wp:attachment":[{"href":"https:\/\/nationalstore.be\/fr\/wp-json\/wp\/v2\/media?parent=54077"}],"wp:term":[{"taxonomy":"product_cat","embeddable":true,"href":"https:\/\/nationalstore.be\/fr\/wp-json\/wp\/v2\/product_cat?post=54077"},{"taxonomy":"product_tag","embeddable":true,"href":"https:\/\/nationalstore.be\/fr\/wp-json\/wp\/v2\/product_tag?post=54077"}],"curies":[{"name":"wp","href":"https:\/\/api.w.org\/{rel}","templated":true}]}}