{"id":5389,"date":"2020-12-03T20:53:07","date_gmt":"2020-12-03T19:53:07","guid":{"rendered":"https:\/\/nationalstore.be\/?post_type=product&#038;p=5389"},"modified":"2020-12-04T16:31:40","modified_gmt":"2020-12-04T15:31:40","slug":"bruxelles-a-colorier","status":"publish","type":"product","link":"https:\/\/nationalstore.be\/fr\/produit\/bruxelles-a-colorier","title":{"rendered":"Bruxelles \u00e0 colorier"},"content":{"rendered":"<div class=\"text text--headline\" style=\"box-sizing: border-box; font-kerning: normal;\" data-mce-style=\"box-sizing: border-box; font-kerning: normal;\">\n<p style=\"box-sizing: border-box; margin: 0px 0px 1.33333rem; font-size: 1.5rem; line-height: 2rem;\" data-mce-style=\"box-sizing: border-box; margin: 0px 0px 1.33333rem; font-size: 1.5rem; line-height: 2rem;\">Edgar est un renard bruxellois. Il a beaucoup d&#8217;amis qui, comme lui, sortent de leur cachette \u00e0 la nuit tomb\u00e9e, pour d\u00e9couvrir la ville. Mais dans l&#8217;obscurit\u00e9 de la nuit, Bruxelles est sans couleurs. Prends-donc tes crayons, feutres, marqueurs ou pinceaux pour d\u00e9couvrir une multitude de couleurs qui gr\u00e2ce \u00e0 toi vont rendre la promenade du renard joyeuse.<\/p>\n<\/div>\n<div class=\"text\" style=\"box-sizing: border-box; font-kerning: normal;\" data-mce-style=\"box-sizing: border-box; font-kerning: normal;\">\n<p style=\"box-sizing: border-box; margin: 0px 0px 1.33333rem; font-size: 1.16667rem; line-height: 1.66667rem;\" data-mce-style=\"box-sizing: border-box; margin: 0px 0px 1.33333rem; font-size: 1.16667rem; line-height: 1.66667rem;\">Il s&#8217;agit d&#8217;un carnet de coloriage et d&#8217;activit\u00e9s pour les 5 \u00e0 9 ans ayant pour th\u00e8me Bruxelles et son architecture \u00e9clectique. Lorsqu&#8217;elle vivait \u00e0 Bruxelles, Gwen Gu\u00e9gan a dessin\u00e9 au gr\u00e9 de ses d\u00e9ambulations de nombreuses fa\u00e7ades de maisons, parfois remarquables, parfois simples. Elle s&#8217;est amus\u00e9e \u00e0 recomposer la ville, en regroupant les maisons sans tenir compte de leur emplacement g\u00e9ographique mais en les associant avec\u00a0 grande fantaisie. C&#8217;est un renard, animal apparaissant de plus en plus dans la capitale aujourd&#8217;hui, qui va servir de guide et emmener les jeunes \u00ablecteurs-colorieurs\u00bb \u00e0 travers une promenade atypique et nocturne dans la ville vide. Edgar encourage \u00e0 colorier, dessiner, compl\u00e9ter et reconna\u00eetre les \u00e9l\u00e9ments les plus embl\u00e9matiques de la ville comme les plus simples. Apprendre \u00e0 regarder la ville pour se l&#8217;approprier en est un de buts. Une annexe permettra aux plus curieux ou \u00e0 leurs parents de compl\u00e9ter leurs connaissances sur les \u00e9l\u00e9ments architecturaux incontournables de la ville crois\u00e9s tout le long du r\u00e9cit et de d\u00e9couvrir l&#8217;adresse de ces maisons et b\u00e2timents pour les voir en vrai.<\/p>\n<\/div>\n","protected":false},"excerpt":{"rendered":"<h2 class=\"subtitle subtitle--header\" style=\"box-sizing: border-box; margin: 0.666667rem 0px 0px; font-weight: 500; font-size: 1.75rem; line-height: 2.33333rem; color: rgb(0, 0, 0); font-family: Gordita, Helvetica, Arial, sans-serif;\" data-mce-style=\"box-sizing: border-box; margin: 0.666667rem 0px 0px; font-weight: 500; font-size: 1.75rem; line-height: 2.33333rem; color: #000000; font-family: Gordita, Helvetica, Arial, sans-serif;\"><span style=\"text-decoration: underline;\" data-mce-style=\"text-decoration: underline;\"><strong>Auteur<\/strong><\/span>: <em>Gwen Gu\u00e9gan<\/em><\/h2>\n","protected":false},"featured_media":5371,"template":"","meta":[],"product_cat":[16],"product_tag":[],"yoast_head":"<!-- This site is optimized with the Yoast SEO plugin v19.1 - https:\/\/yoast.com\/wordpress\/plugins\/seo\/ -->\n<title>Bruxelles \u00e0 colorier | E-shop artistes belges<\/title>\n<meta name=\"description\" content=\"Acheter un produit comme Bruxelles \u00e0 colorier? Laissez vous surprendre par nos artistes belges sp\u00e9cialis\u00e9s en produits artisanaux!\" \/>\n<meta name=\"robots\" content=\"index, follow, max-snippet:-1, max-image-preview:large, max-video-preview:-1\" \/>\n<link rel=\"canonical\" href=\"https:\/\/nationalstore.be\/fr\/produit\/bruxelles-a-colorier\" \/>\n<meta property=\"og:locale\" content=\"fr_FR\" \/>\n<meta property=\"og:type\" content=\"article\" \/>\n<meta property=\"og:title\" content=\"Bruxelles \u00e0 colorier | E-shop artistes belges\" \/>\n<meta property=\"og:description\" content=\"Acheter un produit comme Bruxelles \u00e0 colorier? Laissez vous surprendre par nos artistes belges sp\u00e9cialis\u00e9s en produits artisanaux!\" \/>\n<meta property=\"og:url\" content=\"https:\/\/nationalstore.be\/fr\/produit\/bruxelles-a-colorier\" \/>\n<meta property=\"og:site_name\" content=\"NATIONA(A)L ARTIST SUPERMARKET\" \/>\n<meta property=\"article:publisher\" content=\"https:\/\/www.facebook.com\/nationalstore\/?ref=br_rs\" \/>\n<meta property=\"article:modified_time\" content=\"2020-12-04T15:31:40+00:00\" \/>\n<meta property=\"og:image\" content=\"https:\/\/nationalstore.be\/wp-content\/uploads\/2020\/12\/fausses-bxl-a-colorier-couv-4-3.jpeg\" \/>\n\t<meta property=\"og:image:width\" content=\"960\" \/>\n\t<meta property=\"og:image:height\" content=\"640\" \/>\n\t<meta property=\"og:image:type\" content=\"image\/jpeg\" \/>\n<meta name=\"twitter:card\" content=\"summary_large_image\" \/>\n<meta name=\"twitter:site\" content=\"@Nationalstore\" \/>\n<meta name=\"twitter:label1\" content=\"Dur\u00e9e de lecture estim\u00e9e\" \/>\n\t<meta name=\"twitter:data1\" content=\"1 minute\" \/>\n<script type=\"application\/ld+json\" class=\"yoast-schema-graph\">{\"@context\":\"https:\/\/schema.org\",\"@graph\":[{\"@type\":\"Organization\",\"@id\":\"https:\/\/nationalstore.be\/fr#organization\",\"name\":\"NATIONA(A)L ARTIST MARKET\",\"url\":\"https:\/\/nationalstore.be\/fr\",\"sameAs\":[\"https:\/\/www.instagram.com\/nationalstore\/\",\"https:\/\/www.facebook.com\/nationalstore\/?ref=br_rs\",\"https:\/\/twitter.com\/Nationalstore\"],\"logo\":{\"@type\":\"ImageObject\",\"inLanguage\":\"fr-FR\",\"@id\":\"https:\/\/nationalstore.be\/fr#\/schema\/logo\/image\/\",\"url\":\"https:\/\/nationalstore.be\/wp-content\/uploads\/2024\/03\/nationaal-logo_mauve-cmjn.png\",\"contentUrl\":\"https:\/\/nationalstore.be\/wp-content\/uploads\/2024\/03\/nationaal-logo_mauve-cmjn.png\",\"width\":3475,\"height\":1352,\"caption\":\"NATIONA(A)L ARTIST MARKET\"},\"image\":{\"@id\":\"https:\/\/nationalstore.be\/fr#\/schema\/logo\/image\/\"}},{\"@type\":\"WebSite\",\"@id\":\"https:\/\/nationalstore.be\/fr#website\",\"url\":\"https:\/\/nationalstore.be\/fr\",\"name\":\"NATIONA(A)L ARTIST SUPERMARKET\",\"description\":\"\",\"publisher\":{\"@id\":\"https:\/\/nationalstore.be\/fr#organization\"},\"potentialAction\":[{\"@type\":\"SearchAction\",\"target\":{\"@type\":\"EntryPoint\",\"urlTemplate\":\"https:\/\/nationalstore.be\/fr?s={search_term_string}\"},\"query-input\":\"required name=search_term_string\"}],\"inLanguage\":\"fr-FR\"},{\"@type\":\"ImageObject\",\"inLanguage\":\"fr-FR\",\"@id\":\"https:\/\/nationalstore.be\/fr\/produit\/bruxelles-a-colorier#primaryimage\",\"url\":\"https:\/\/nationalstore.be\/wp-content\/uploads\/2020\/12\/fausses-bxl-a-colorier-couv-4-3.jpeg\",\"contentUrl\":\"https:\/\/nationalstore.be\/wp-content\/uploads\/2020\/12\/fausses-bxl-a-colorier-couv-4-3.jpeg\",\"width\":960,\"height\":640},{\"@type\":[\"WebPage\",\"ItemPage\"],\"@id\":\"https:\/\/nationalstore.be\/fr\/produit\/bruxelles-a-colorier#webpage\",\"url\":\"https:\/\/nationalstore.be\/fr\/produit\/bruxelles-a-colorier\",\"name\":\"Bruxelles \u00e0 colorier | E-shop artistes belges\",\"isPartOf\":{\"@id\":\"https:\/\/nationalstore.be\/fr#website\"},\"primaryImageOfPage\":{\"@id\":\"https:\/\/nationalstore.be\/fr\/produit\/bruxelles-a-colorier#primaryimage\"},\"datePublished\":\"2020-12-03T19:53:07+00:00\",\"dateModified\":\"2020-12-04T15:31:40+00:00\",\"description\":\"Acheter un produit comme Bruxelles \u00e0 colorier? Laissez vous surprendre par nos artistes belges sp\u00e9cialis\u00e9s en produits artisanaux!\",\"breadcrumb\":{\"@id\":\"https:\/\/nationalstore.be\/fr\/produit\/bruxelles-a-colorier#breadcrumb\"},\"inLanguage\":\"fr-FR\",\"potentialAction\":[{\"@type\":\"ReadAction\",\"target\":[\"https:\/\/nationalstore.be\/fr\/produit\/bruxelles-a-colorier\"]}]},{\"@type\":\"BreadcrumbList\",\"@id\":\"https:\/\/nationalstore.be\/fr\/produit\/bruxelles-a-colorier#breadcrumb\",\"itemListElement\":[{\"@type\":\"ListItem\",\"position\":1,\"name\":\"Home\",\"item\":\"https:\/\/nationalstore.be\/fr\"},{\"@type\":\"ListItem\",\"position\":2,\"name\":\"Produits\",\"item\":\"https:\/\/nationalstore.be\/fr\/shop\"},{\"@type\":\"ListItem\",\"position\":3,\"name\":\"Arts plastiques\",\"item\":\"https:\/\/nationalstore.be\/fr\/pc\/arts-plastiques\"},{\"@type\":\"ListItem\",\"position\":4,\"name\":\"Bruxelles \u00e0 colorier\"}]}]}<\/script>\n<!-- \/ Yoast SEO plugin. -->","yoast_head_json":{"title":"Bruxelles \u00e0 colorier | E-shop artistes belges","description":"Acheter un produit comme Bruxelles \u00e0 colorier? Laissez vous surprendre par nos artistes belges sp\u00e9cialis\u00e9s en produits artisanaux!","robots":{"index":"index","follow":"follow","max-snippet":"max-snippet:-1","max-image-preview":"max-image-preview:large","max-video-preview":"max-video-preview:-1"},"canonical":"https:\/\/nationalstore.be\/fr\/produit\/bruxelles-a-colorier","og_locale":"fr_FR","og_type":"article","og_title":"Bruxelles \u00e0 colorier | E-shop artistes belges","og_description":"Acheter un produit comme Bruxelles \u00e0 colorier? Laissez vous surprendre par nos artistes belges sp\u00e9cialis\u00e9s en produits artisanaux!","og_url":"https:\/\/nationalstore.be\/fr\/produit\/bruxelles-a-colorier","og_site_name":"NATIONA(A)L ARTIST SUPERMARKET","article_publisher":"https:\/\/www.facebook.com\/nationalstore\/?ref=br_rs","article_modified_time":"2020-12-04T15:31:40+00:00","og_image":[{"width":960,"height":640,"url":"https:\/\/nationalstore.be\/wp-content\/uploads\/2020\/12\/fausses-bxl-a-colorier-couv-4-3.jpeg","type":"image\/jpeg"}],"twitter_card":"summary_large_image","twitter_site":"@Nationalstore","twitter_misc":{"Dur\u00e9e de lecture estim\u00e9e":"1 minute"},"schema":{"@context":"https:\/\/schema.org","@graph":[{"@type":"Organization","@id":"https:\/\/nationalstore.be\/fr#organization","name":"NATIONA(A)L ARTIST MARKET","url":"https:\/\/nationalstore.be\/fr","sameAs":["https:\/\/www.instagram.com\/nationalstore\/","https:\/\/www.facebook.com\/nationalstore\/?ref=br_rs","https:\/\/twitter.com\/Nationalstore"],"logo":{"@type":"ImageObject","inLanguage":"fr-FR","@id":"https:\/\/nationalstore.be\/fr#\/schema\/logo\/image\/","url":"https:\/\/nationalstore.be\/wp-content\/uploads\/2024\/03\/nationaal-logo_mauve-cmjn.png","contentUrl":"https:\/\/nationalstore.be\/wp-content\/uploads\/2024\/03\/nationaal-logo_mauve-cmjn.png","width":3475,"height":1352,"caption":"NATIONA(A)L ARTIST MARKET"},"image":{"@id":"https:\/\/nationalstore.be\/fr#\/schema\/logo\/image\/"}},{"@type":"WebSite","@id":"https:\/\/nationalstore.be\/fr#website","url":"https:\/\/nationalstore.be\/fr","name":"NATIONA(A)L ARTIST SUPERMARKET","description":"","publisher":{"@id":"https:\/\/nationalstore.be\/fr#organization"},"potentialAction":[{"@type":"SearchAction","target":{"@type":"EntryPoint","urlTemplate":"https:\/\/nationalstore.be\/fr?s={search_term_string}"},"query-input":"required name=search_term_string"}],"inLanguage":"fr-FR"},{"@type":"ImageObject","inLanguage":"fr-FR","@id":"https:\/\/nationalstore.be\/fr\/produit\/bruxelles-a-colorier#primaryimage","url":"https:\/\/nationalstore.be\/wp-content\/uploads\/2020\/12\/fausses-bxl-a-colorier-couv-4-3.jpeg","contentUrl":"https:\/\/nationalstore.be\/wp-content\/uploads\/2020\/12\/fausses-bxl-a-colorier-couv-4-3.jpeg","width":960,"height":640},{"@type":["WebPage","ItemPage"],"@id":"https:\/\/nationalstore.be\/fr\/produit\/bruxelles-a-colorier#webpage","url":"https:\/\/nationalstore.be\/fr\/produit\/bruxelles-a-colorier","name":"Bruxelles \u00e0 colorier | E-shop artistes belges","isPartOf":{"@id":"https:\/\/nationalstore.be\/fr#website"},"primaryImageOfPage":{"@id":"https:\/\/nationalstore.be\/fr\/produit\/bruxelles-a-colorier#primaryimage"},"datePublished":"2020-12-03T19:53:07+00:00","dateModified":"2020-12-04T15:31:40+00:00","description":"Acheter un produit comme Bruxelles \u00e0 colorier? Laissez vous surprendre par nos artistes belges sp\u00e9cialis\u00e9s en produits artisanaux!","breadcrumb":{"@id":"https:\/\/nationalstore.be\/fr\/produit\/bruxelles-a-colorier#breadcrumb"},"inLanguage":"fr-FR","potentialAction":[{"@type":"ReadAction","target":["https:\/\/nationalstore.be\/fr\/produit\/bruxelles-a-colorier"]}]},{"@type":"BreadcrumbList","@id":"https:\/\/nationalstore.be\/fr\/produit\/bruxelles-a-colorier#breadcrumb","itemListElement":[{"@type":"ListItem","position":1,"name":"Home","item":"https:\/\/nationalstore.be\/fr"},{"@type":"ListItem","position":2,"name":"Produits","item":"https:\/\/nationalstore.be\/fr\/shop"},{"@type":"ListItem","position":3,"name":"Arts plastiques","item":"https:\/\/nationalstore.be\/fr\/pc\/arts-plastiques"},{"@type":"ListItem","position":4,"name":"Bruxelles \u00e0 colorier"}]}]}},"_links":{"self":[{"href":"https:\/\/nationalstore.be\/fr\/wp-json\/wp\/v2\/product\/5389"}],"collection":[{"href":"https:\/\/nationalstore.be\/fr\/wp-json\/wp\/v2\/product"}],"about":[{"href":"https:\/\/nationalstore.be\/fr\/wp-json\/wp\/v2\/types\/product"}],"wp:featuredmedia":[{"embeddable":true,"href":"https:\/\/nationalstore.be\/fr\/wp-json\/wp\/v2\/media\/5371"}],"wp:attachment":[{"href":"https:\/\/nationalstore.be\/fr\/wp-json\/wp\/v2\/media?parent=5389"}],"wp:term":[{"taxonomy":"product_cat","embeddable":true,"href":"https:\/\/nationalstore.be\/fr\/wp-json\/wp\/v2\/product_cat?post=5389"},{"taxonomy":"product_tag","embeddable":true,"href":"https:\/\/nationalstore.be\/fr\/wp-json\/wp\/v2\/product_tag?post=5389"}],"curies":[{"name":"wp","href":"https:\/\/api.w.org\/{rel}","templated":true}]}}