{"id":53850,"date":"2024-06-20T17:47:05","date_gmt":"2024-06-20T15:47:04","guid":{"rendered":"https:\/\/nationalstore.be\/?post_type=product&#038;p=53850"},"modified":"2025-12-22T12:04:04","modified_gmt":"2025-12-22T11:04:04","slug":"dancer-lamp-cobalt-blue","status":"archived","type":"product","link":"https:\/\/nationalstore.be\/fr\/produit\/dancer-lamp-cobalt-blue","title":{"rendered":"DANCER Lamp \u2013 Cobalt Blue"},"content":{"rendered":"<p style=\"margin: 0in\" data-mce-style=\"margin: 0in; font-family: Calibri; font-size: 11.0pt;\"><span style=\"font-family: georgia, palatino, serif;font-size: 12pt\" data-mce-style=\"font-family: georgia, palatino, serif; font-size: 12pt;\">Con\u00e7ue et imprim\u00e9e en 3D dans mon studio \u00e0 domicile avec du bioplastique recycl\u00e9. <\/span><\/p>\n<p><\/p>\n<p style=\"margin: 0in\" data-mce-style=\"margin: 0in; font-family: Calibri; font-size: 11.0pt;\"><span style=\"font-family: georgia, palatino, serif;font-size: 12pt\" data-mce-style=\"font-family: georgia, palatino, serif; font-size: 12pt;\">La lampe pr\u00e9sente une surface textur\u00e9e et est disponible en trois couleurs : blanc cr\u00e8me, bleu cobalt et rouge corail.<\/span><span style=\"font-family: georgia, palatino, serif;font-size: 12pt\" data-mce-style=\"font-family: georgia, palatino, serif; font-size: 12pt;\">L&#8217;abat-jour globe est en verre opaque, am\u00e9liore la diffusion de la lumi\u00e8re et donne une sensation de qualit\u00e9 \u00e0 la lampe. La lampe est \u00e9quip\u00e9e d&#8217;un interrupteur marche\/arr\u00eat sur le cordon de 1,4 m\u00e8tre. L&#8217;ampoule LED blanc chaud (2700K) est incluse pour cr\u00e9er une ambiance chaleureuse.<\/span><\/p>\n<p><\/p>\n<p style=\"margin: 0in\" data-mce-style=\"margin: 0in; font-family: Calibri; font-size: 11.0pt;\"><span style=\"font-family: georgia, palatino, serif;font-size: 12pt\" data-mce-style=\"font-family: georgia, palatino, serif; font-size: 12pt;\">Fabriqu\u00e9e sur<\/span><span data-mce-style=\"font-family: georgia, palatino, serif; font-size: 12pt;\" style=\"font-size: 14.666666984558105px\"><span style=\"font-family: Calibri\" data-mce-style=\"font-family: Calibri;\">\u00a0<\/span><\/span><span style=\"font-family: georgia, palatino, serif;font-size: 12pt\" data-mce-style=\"font-family: georgia, palatino, serif; font-size: 12pt;\">commande.<\/span><\/p>\n","protected":false},"excerpt":{"rendered":"<p data-mce-style=\"margin: 0in; font-family: Calibri; font-size: 11.0pt;\" style=\"margin: 0in;font-family: Calibri;font-size: 11pt\"><span data-mce-style=\"font-family: georgia, palatino, serif; font-size: 12pt;\" style=\"font-family: georgia, palatino, serif;font-size: 12pt\">Lampe de table<\/span><br \/><span data-mce-style=\"font-family: georgia, palatino, serif; font-size: 12pt;\" style=\"font-family: georgia, palatino, serif;font-size: 12pt\">design imprim\u00e9e en 3D<\/span><\/p>\n<p data-mce-style=\"margin: 0in; font-family: Calibri; font-size: 11.0pt;\" style=\"margin: 0in;font-family: Calibri;font-size: 11pt\"><span data-mce-style=\"font-family: georgia, palatino, serif; font-size: 12pt;\" style=\"font-family: georgia, palatino, serif;font-size: 12pt\">Dimensions : 240 x 190 x 250 mm<\/span><\/p>\n<p data-mce-style=\"margin: 0in; font-family: Calibri; font-size: 11.0pt;\" style=\"margin: 0in;font-family: Calibri;font-size: 11pt\"><span data-mce-style=\"font-family: georgia, palatino, serif; font-size: 12pt;\" style=\"font-family: georgia, palatino, serif;font-size: 12pt\">Poids : \u00b10,5 kg<\/span><\/p>\n<p data-mce-style=\"margin: 0in; font-family: Calibri; font-size: 11.0pt;\" style=\"margin: 0in;font-family: Calibri;font-size: 11pt\"><span data-mce-style=\"font-family: georgia, palatino, serif; font-size: 12pt;\" style=\"font-family: georgia, palatino, serif;font-size: 12pt\">Tension d&#8217;alimentation : 220-240 V (prise EU)<\/span><\/p>\n<p data-mce-style=\"margin: 0in; font-family: Calibri; font-size: 11.0pt;\" style=\"margin: 0in;font-family: Calibri;font-size: 11pt\"><span data-mce-style=\"font-family: georgia, palatino, serif; font-size: 12pt;\" style=\"font-family: georgia, palatino, serif;font-size: 12pt\">Mat\u00e9riau : Bioplastique recycl\u00e9 \u00e0 partir de d\u00e9chets d&#8217;emballages alimentaires &amp;<\/span><br \/><span data-mce-style=\"font-family: georgia, palatino, serif; font-size: 12pt;\" style=\"font-family: georgia, palatino, serif;font-size: 12pt\">abat-jour en verre avec LED G9 2W incluse (ne pas utiliser d&#8217;alternative<\/span><br \/><span data-mce-style=\"font-family: georgia, palatino, serif; font-size: 12pt;\" style=\"font-family: georgia, palatino, serif;font-size: 12pt\">halog\u00e8ne en raison de l&#8217;accumulation de chaleur).<\/span><\/p>\n<p data-mce-style=\"margin: 0in; font-family: Calibri; font-size: 11.0pt;\" style=\"margin: 0in;font-family: Calibri;font-size: 11pt\"><span data-mce-style=\"font-family: georgia, palatino, serif; font-size: 12pt;\" style=\"font-family: georgia, palatino, serif;font-size: 12pt\">Processus de production : Technologie d&#8217;impression 3D<\/span><\/p>\n","protected":false},"featured_media":53859,"template":"","meta":[],"product_cat":[1589,527,556,550,2903,3716],"product_tag":[1936,1080,878,2976],"yoast_head":"<!-- This site is optimized with the Yoast SEO plugin v19.1 - https:\/\/yoast.com\/wordpress\/plugins\/seo\/ -->\n<title>DANCER Lamp \u2013 Cobalt Blue | E-shop artistes belges<\/title>\n<meta name=\"description\" content=\"Acheter un produit comme DANCER Lamp \u2013 Cobalt Blue? Laissez vous surprendre par nos artistes belges sp\u00e9cialis\u00e9s en produits artisanaux!\" \/>\n<meta name=\"robots\" content=\"index, follow, max-snippet:-1, max-image-preview:large, max-video-preview:-1\" \/>\n<link rel=\"canonical\" href=\"https:\/\/nationalstore.be\/fr\/produit\/dancer-lamp-cobalt-blue\" \/>\n<meta property=\"og:locale\" content=\"fr_FR\" \/>\n<meta property=\"og:type\" content=\"article\" \/>\n<meta property=\"og:title\" content=\"DANCER Lamp \u2013 Cobalt Blue | E-shop artistes belges\" \/>\n<meta property=\"og:description\" content=\"Acheter un produit comme DANCER Lamp \u2013 Cobalt Blue? Laissez vous surprendre par nos artistes belges sp\u00e9cialis\u00e9s en produits artisanaux!\" \/>\n<meta property=\"og:url\" content=\"https:\/\/nationalstore.be\/fr\/produit\/dancer-lamp-cobalt-blue\" \/>\n<meta property=\"og:site_name\" content=\"NATIONA(A)L ARTIST SUPERMARKET\" \/>\n<meta property=\"article:publisher\" content=\"https:\/\/www.facebook.com\/nationalstore\/?ref=br_rs\" \/>\n<meta property=\"article:modified_time\" content=\"2025-12-22T11:04:04+00:00\" \/>\n<meta property=\"og:image\" content=\"https:\/\/nationalstore.be\/wp-content\/uploads\/2024\/06\/EmilRobbrecht-Mei2024-HR-\u00a9BuroBonito-26.jpg\" \/>\n\t<meta property=\"og:image:width\" content=\"1600\" \/>\n\t<meta property=\"og:image:height\" content=\"1067\" \/>\n\t<meta property=\"og:image:type\" content=\"image\/jpeg\" \/>\n<meta name=\"twitter:card\" content=\"summary_large_image\" \/>\n<meta name=\"twitter:site\" content=\"@Nationalstore\" \/>\n<script type=\"application\/ld+json\" class=\"yoast-schema-graph\">{\"@context\":\"https:\/\/schema.org\",\"@graph\":[{\"@type\":\"Organization\",\"@id\":\"https:\/\/nationalstore.be\/fr#organization\",\"name\":\"NATIONA(A)L ARTIST MARKET\",\"url\":\"https:\/\/nationalstore.be\/fr\",\"sameAs\":[\"https:\/\/www.instagram.com\/nationalstore\/\",\"https:\/\/www.facebook.com\/nationalstore\/?ref=br_rs\",\"https:\/\/twitter.com\/Nationalstore\"],\"logo\":{\"@type\":\"ImageObject\",\"inLanguage\":\"fr-FR\",\"@id\":\"https:\/\/nationalstore.be\/fr#\/schema\/logo\/image\/\",\"url\":\"https:\/\/nationalstore.be\/wp-content\/uploads\/2024\/03\/nationaal-logo_mauve-cmjn.png\",\"contentUrl\":\"https:\/\/nationalstore.be\/wp-content\/uploads\/2024\/03\/nationaal-logo_mauve-cmjn.png\",\"width\":3475,\"height\":1352,\"caption\":\"NATIONA(A)L ARTIST MARKET\"},\"image\":{\"@id\":\"https:\/\/nationalstore.be\/fr#\/schema\/logo\/image\/\"}},{\"@type\":\"WebSite\",\"@id\":\"https:\/\/nationalstore.be\/fr#website\",\"url\":\"https:\/\/nationalstore.be\/fr\",\"name\":\"NATIONA(A)L ARTIST SUPERMARKET\",\"description\":\"\",\"publisher\":{\"@id\":\"https:\/\/nationalstore.be\/fr#organization\"},\"potentialAction\":[{\"@type\":\"SearchAction\",\"target\":{\"@type\":\"EntryPoint\",\"urlTemplate\":\"https:\/\/nationalstore.be\/fr?s={search_term_string}\"},\"query-input\":\"required name=search_term_string\"}],\"inLanguage\":\"fr-FR\"},{\"@type\":\"ImageObject\",\"inLanguage\":\"fr-FR\",\"@id\":\"https:\/\/nationalstore.be\/fr\/produit\/dancer-lamp-cobalt-blue#primaryimage\",\"url\":\"https:\/\/nationalstore.be\/wp-content\/uploads\/2024\/06\/EmilRobbrecht-Mei2024-HR-\u00a9BuroBonito-26.jpg\",\"contentUrl\":\"https:\/\/nationalstore.be\/wp-content\/uploads\/2024\/06\/EmilRobbrecht-Mei2024-HR-\u00a9BuroBonito-26.jpg\",\"width\":1600,\"height\":1067},{\"@type\":[\"WebPage\",\"ItemPage\"],\"@id\":\"https:\/\/nationalstore.be\/fr\/produit\/dancer-lamp-cobalt-blue#webpage\",\"url\":\"https:\/\/nationalstore.be\/fr\/produit\/dancer-lamp-cobalt-blue\",\"name\":\"DANCER Lamp \u2013 Cobalt Blue | E-shop artistes belges\",\"isPartOf\":{\"@id\":\"https:\/\/nationalstore.be\/fr#website\"},\"primaryImageOfPage\":{\"@id\":\"https:\/\/nationalstore.be\/fr\/produit\/dancer-lamp-cobalt-blue#primaryimage\"},\"datePublished\":\"2024-06-20T15:47:04+00:00\",\"dateModified\":\"2025-12-22T11:04:04+00:00\",\"description\":\"Acheter un produit comme DANCER Lamp \u2013 Cobalt Blue? Laissez vous surprendre par nos artistes belges sp\u00e9cialis\u00e9s en produits artisanaux!\",\"breadcrumb\":{\"@id\":\"https:\/\/nationalstore.be\/fr\/produit\/dancer-lamp-cobalt-blue#breadcrumb\"},\"inLanguage\":\"fr-FR\",\"potentialAction\":[{\"@type\":\"ReadAction\",\"target\":[\"https:\/\/nationalstore.be\/fr\/produit\/dancer-lamp-cobalt-blue\"]}]},{\"@type\":\"BreadcrumbList\",\"@id\":\"https:\/\/nationalstore.be\/fr\/produit\/dancer-lamp-cobalt-blue#breadcrumb\",\"itemListElement\":[{\"@type\":\"ListItem\",\"position\":1,\"name\":\"Home\",\"item\":\"https:\/\/nationalstore.be\/fr\"},{\"@type\":\"ListItem\",\"position\":2,\"name\":\"Produits\",\"item\":\"https:\/\/nationalstore.be\/fr\/shop\"},{\"@type\":\"ListItem\",\"position\":3,\"name\":\"Subcategories\",\"item\":\"https:\/\/nationalstore.be\/fr\/pc\/subcategories-fr\"},{\"@type\":\"ListItem\",\"position\":4,\"name\":\"Design &amp; Durabilit\u00e9\",\"item\":\"https:\/\/nationalstore.be\/fr\/pc\/subcategories-fr\/design-durabilite\"},{\"@type\":\"ListItem\",\"position\":5,\"name\":\"DANCER Lamp \u2013 Cobalt Blue\"}]}]}<\/script>\n<!-- \/ Yoast SEO plugin. -->","yoast_head_json":{"title":"DANCER Lamp \u2013 Cobalt Blue | E-shop artistes belges","description":"Acheter un produit comme DANCER Lamp \u2013 Cobalt Blue? Laissez vous surprendre par nos artistes belges sp\u00e9cialis\u00e9s en produits artisanaux!","robots":{"index":"index","follow":"follow","max-snippet":"max-snippet:-1","max-image-preview":"max-image-preview:large","max-video-preview":"max-video-preview:-1"},"canonical":"https:\/\/nationalstore.be\/fr\/produit\/dancer-lamp-cobalt-blue","og_locale":"fr_FR","og_type":"article","og_title":"DANCER Lamp \u2013 Cobalt Blue | E-shop artistes belges","og_description":"Acheter un produit comme DANCER Lamp \u2013 Cobalt Blue? Laissez vous surprendre par nos artistes belges sp\u00e9cialis\u00e9s en produits artisanaux!","og_url":"https:\/\/nationalstore.be\/fr\/produit\/dancer-lamp-cobalt-blue","og_site_name":"NATIONA(A)L ARTIST SUPERMARKET","article_publisher":"https:\/\/www.facebook.com\/nationalstore\/?ref=br_rs","article_modified_time":"2025-12-22T11:04:04+00:00","og_image":[{"width":1600,"height":1067,"url":"https:\/\/nationalstore.be\/wp-content\/uploads\/2024\/06\/EmilRobbrecht-Mei2024-HR-\u00a9BuroBonito-26.jpg","type":"image\/jpeg"}],"twitter_card":"summary_large_image","twitter_site":"@Nationalstore","schema":{"@context":"https:\/\/schema.org","@graph":[{"@type":"Organization","@id":"https:\/\/nationalstore.be\/fr#organization","name":"NATIONA(A)L ARTIST MARKET","url":"https:\/\/nationalstore.be\/fr","sameAs":["https:\/\/www.instagram.com\/nationalstore\/","https:\/\/www.facebook.com\/nationalstore\/?ref=br_rs","https:\/\/twitter.com\/Nationalstore"],"logo":{"@type":"ImageObject","inLanguage":"fr-FR","@id":"https:\/\/nationalstore.be\/fr#\/schema\/logo\/image\/","url":"https:\/\/nationalstore.be\/wp-content\/uploads\/2024\/03\/nationaal-logo_mauve-cmjn.png","contentUrl":"https:\/\/nationalstore.be\/wp-content\/uploads\/2024\/03\/nationaal-logo_mauve-cmjn.png","width":3475,"height":1352,"caption":"NATIONA(A)L ARTIST MARKET"},"image":{"@id":"https:\/\/nationalstore.be\/fr#\/schema\/logo\/image\/"}},{"@type":"WebSite","@id":"https:\/\/nationalstore.be\/fr#website","url":"https:\/\/nationalstore.be\/fr","name":"NATIONA(A)L ARTIST SUPERMARKET","description":"","publisher":{"@id":"https:\/\/nationalstore.be\/fr#organization"},"potentialAction":[{"@type":"SearchAction","target":{"@type":"EntryPoint","urlTemplate":"https:\/\/nationalstore.be\/fr?s={search_term_string}"},"query-input":"required name=search_term_string"}],"inLanguage":"fr-FR"},{"@type":"ImageObject","inLanguage":"fr-FR","@id":"https:\/\/nationalstore.be\/fr\/produit\/dancer-lamp-cobalt-blue#primaryimage","url":"https:\/\/nationalstore.be\/wp-content\/uploads\/2024\/06\/EmilRobbrecht-Mei2024-HR-\u00a9BuroBonito-26.jpg","contentUrl":"https:\/\/nationalstore.be\/wp-content\/uploads\/2024\/06\/EmilRobbrecht-Mei2024-HR-\u00a9BuroBonito-26.jpg","width":1600,"height":1067},{"@type":["WebPage","ItemPage"],"@id":"https:\/\/nationalstore.be\/fr\/produit\/dancer-lamp-cobalt-blue#webpage","url":"https:\/\/nationalstore.be\/fr\/produit\/dancer-lamp-cobalt-blue","name":"DANCER Lamp \u2013 Cobalt Blue | E-shop artistes belges","isPartOf":{"@id":"https:\/\/nationalstore.be\/fr#website"},"primaryImageOfPage":{"@id":"https:\/\/nationalstore.be\/fr\/produit\/dancer-lamp-cobalt-blue#primaryimage"},"datePublished":"2024-06-20T15:47:04+00:00","dateModified":"2025-12-22T11:04:04+00:00","description":"Acheter un produit comme DANCER Lamp \u2013 Cobalt Blue? Laissez vous surprendre par nos artistes belges sp\u00e9cialis\u00e9s en produits artisanaux!","breadcrumb":{"@id":"https:\/\/nationalstore.be\/fr\/produit\/dancer-lamp-cobalt-blue#breadcrumb"},"inLanguage":"fr-FR","potentialAction":[{"@type":"ReadAction","target":["https:\/\/nationalstore.be\/fr\/produit\/dancer-lamp-cobalt-blue"]}]},{"@type":"BreadcrumbList","@id":"https:\/\/nationalstore.be\/fr\/produit\/dancer-lamp-cobalt-blue#breadcrumb","itemListElement":[{"@type":"ListItem","position":1,"name":"Home","item":"https:\/\/nationalstore.be\/fr"},{"@type":"ListItem","position":2,"name":"Produits","item":"https:\/\/nationalstore.be\/fr\/shop"},{"@type":"ListItem","position":3,"name":"Subcategories","item":"https:\/\/nationalstore.be\/fr\/pc\/subcategories-fr"},{"@type":"ListItem","position":4,"name":"Design &amp; Durabilit\u00e9","item":"https:\/\/nationalstore.be\/fr\/pc\/subcategories-fr\/design-durabilite"},{"@type":"ListItem","position":5,"name":"DANCER Lamp \u2013 Cobalt Blue"}]}]}},"_links":{"self":[{"href":"https:\/\/nationalstore.be\/fr\/wp-json\/wp\/v2\/product\/53850"}],"collection":[{"href":"https:\/\/nationalstore.be\/fr\/wp-json\/wp\/v2\/product"}],"about":[{"href":"https:\/\/nationalstore.be\/fr\/wp-json\/wp\/v2\/types\/product"}],"wp:featuredmedia":[{"embeddable":true,"href":"https:\/\/nationalstore.be\/fr\/wp-json\/wp\/v2\/media\/53859"}],"wp:attachment":[{"href":"https:\/\/nationalstore.be\/fr\/wp-json\/wp\/v2\/media?parent=53850"}],"wp:term":[{"taxonomy":"product_cat","embeddable":true,"href":"https:\/\/nationalstore.be\/fr\/wp-json\/wp\/v2\/product_cat?post=53850"},{"taxonomy":"product_tag","embeddable":true,"href":"https:\/\/nationalstore.be\/fr\/wp-json\/wp\/v2\/product_tag?post=53850"}],"curies":[{"name":"wp","href":"https:\/\/api.w.org\/{rel}","templated":true}]}}