{"id":53701,"date":"2024-06-14T10:51:41","date_gmt":"2024-06-14T08:51:43","guid":{"rendered":"https:\/\/nationalstore.be\/?post_type=product&#038;p=53701"},"modified":"2026-01-29T15:13:10","modified_gmt":"2026-01-29T14:13:10","slug":"green-drinking-friends-fr-kopie-copy","status":"publish","type":"product","link":"https:\/\/nationalstore.be\/fr\/produit\/green-drinking-friends-fr-kopie-copy","title":{"rendered":"Green Drinking Friends FR (kopie) (Copy)"},"content":{"rendered":"<p><span style=\"font-family: georgia, palatino, serif;\">Choisissez le format<\/span><\/p>\n<p class=\"p2\"><span style=\"font-size: 12pt; font-family: georgia, palatino, serif;\">A5 = 45\u20ac<\/span><\/p>\n<p class=\"p2\"><span style=\"font-size: 12pt; font-family: georgia, palatino, serif;\">A4 = 55 \u20ac<\/span><\/p>\n<p class=\"p2\"><span style=\"font-size: 12pt; font-family: georgia, palatino, serif;\">A3 = 80 \u20ac<\/span><\/p>\n<p class=\"p2\"><span style=\"font-size: 12pt; font-family: georgia, palatino, serif;\">A2 = 115\u20ac<\/span><\/p>\n<p class=\"p2\"><span style=\"font-size: 12pt; font-family: georgia, palatino, serif;\">A1 = 195\u20ac<\/span><\/p>\n","protected":false},"excerpt":{"rendered":"<p>Larissa Viaene est une artiste visuelle, illustratrice et performeuse vivant et travaillant \u00e0 Bruxelles, en Belgique. Son travail combine des \u00e9l\u00e9ments abstraits, figuratifs et typographiques. La simplicit\u00e9 et la composition sont d\u2019une importance particuli\u00e8re pour cr\u00e9er une immobilit\u00e9 fascinante et po\u00e9tique.<\/p>\n","protected":false},"featured_media":53711,"template":"","meta":[],"product_cat":[3722,2948,2810,2792,3349,3676,3716],"product_tag":[3713],"yoast_head":"<!-- This site is optimized with the Yoast SEO plugin v19.1 - https:\/\/yoast.com\/wordpress\/plugins\/seo\/ -->\n<title>Green Drinking Friends FR (kopie) (Copy) | E-shop artistes belges<\/title>\n<meta name=\"description\" content=\"Ontdek gelimiteerde kunstprints van 60+ Belgische kunstenaars bij BuroMuro. Steun lokale talenten en geniet van exclusieve, hoogwaardige kunst.\" \/>\n<meta name=\"robots\" content=\"index, follow, max-snippet:-1, max-image-preview:large, max-video-preview:-1\" \/>\n<link rel=\"canonical\" href=\"https:\/\/nationalstore.be\/fr\/produit\/green-drinking-friends-fr-kopie-copy\" \/>\n<meta property=\"og:locale\" content=\"fr_FR\" \/>\n<meta property=\"og:type\" content=\"article\" \/>\n<meta property=\"og:title\" content=\"Green Drinking Friends FR (kopie) (Copy) | E-shop artistes belges\" \/>\n<meta property=\"og:description\" content=\"Ontdek gelimiteerde kunstprints van 60+ Belgische kunstenaars bij BuroMuro. Steun lokale talenten en geniet van exclusieve, hoogwaardige kunst.\" \/>\n<meta property=\"og:url\" content=\"https:\/\/nationalstore.be\/fr\/produit\/green-drinking-friends-fr-kopie-copy\" \/>\n<meta property=\"og:site_name\" content=\"NATIONA(A)L ARTIST SUPERMARKET\" \/>\n<meta property=\"article:publisher\" content=\"https:\/\/www.facebook.com\/nationalstore\/?ref=br_rs\" \/>\n<meta property=\"article:modified_time\" content=\"2026-01-29T14:13:10+00:00\" \/>\n<meta property=\"og:image\" content=\"https:\/\/nationalstore.be\/wp-content\/uploads\/2024\/06\/SKM_C36820120717241-kopie-scaled.jpg\" \/>\n\t<meta property=\"og:image:width\" content=\"1810\" \/>\n\t<meta property=\"og:image:height\" content=\"2560\" \/>\n\t<meta property=\"og:image:type\" content=\"image\/jpeg\" \/>\n<meta name=\"twitter:card\" content=\"summary_large_image\" \/>\n<meta name=\"twitter:site\" content=\"@Nationalstore\" \/>\n<script type=\"application\/ld+json\" class=\"yoast-schema-graph\">{\"@context\":\"https:\/\/schema.org\",\"@graph\":[{\"@type\":\"Organization\",\"@id\":\"https:\/\/nationalstore.be\/fr#organization\",\"name\":\"NATIONA(A)L ARTIST MARKET\",\"url\":\"https:\/\/nationalstore.be\/fr\",\"sameAs\":[\"https:\/\/www.instagram.com\/nationalstore\/\",\"https:\/\/www.facebook.com\/nationalstore\/?ref=br_rs\",\"https:\/\/twitter.com\/Nationalstore\"],\"logo\":{\"@type\":\"ImageObject\",\"inLanguage\":\"fr-FR\",\"@id\":\"https:\/\/nationalstore.be\/fr#\/schema\/logo\/image\/\",\"url\":\"https:\/\/nationalstore.be\/wp-content\/uploads\/2024\/03\/nationaal-logo_mauve-cmjn.png\",\"contentUrl\":\"https:\/\/nationalstore.be\/wp-content\/uploads\/2024\/03\/nationaal-logo_mauve-cmjn.png\",\"width\":3475,\"height\":1352,\"caption\":\"NATIONA(A)L ARTIST MARKET\"},\"image\":{\"@id\":\"https:\/\/nationalstore.be\/fr#\/schema\/logo\/image\/\"}},{\"@type\":\"WebSite\",\"@id\":\"https:\/\/nationalstore.be\/fr#website\",\"url\":\"https:\/\/nationalstore.be\/fr\",\"name\":\"NATIONA(A)L ARTIST SUPERMARKET\",\"description\":\"\",\"publisher\":{\"@id\":\"https:\/\/nationalstore.be\/fr#organization\"},\"potentialAction\":[{\"@type\":\"SearchAction\",\"target\":{\"@type\":\"EntryPoint\",\"urlTemplate\":\"https:\/\/nationalstore.be\/fr?s={search_term_string}\"},\"query-input\":\"required name=search_term_string\"}],\"inLanguage\":\"fr-FR\"},{\"@type\":\"ImageObject\",\"inLanguage\":\"fr-FR\",\"@id\":\"https:\/\/nationalstore.be\/fr\/produit\/green-drinking-friends-fr-kopie-copy#primaryimage\",\"url\":\"https:\/\/nationalstore.be\/wp-content\/uploads\/2024\/06\/SKM_C36820120717241-kopie-scaled.jpg\",\"contentUrl\":\"https:\/\/nationalstore.be\/wp-content\/uploads\/2024\/06\/SKM_C36820120717241-kopie-scaled.jpg\",\"width\":1810,\"height\":2560},{\"@type\":[\"WebPage\",\"ItemPage\"],\"@id\":\"https:\/\/nationalstore.be\/fr\/produit\/green-drinking-friends-fr-kopie-copy#webpage\",\"url\":\"https:\/\/nationalstore.be\/fr\/produit\/green-drinking-friends-fr-kopie-copy\",\"name\":\"Green Drinking Friends FR (kopie) (Copy) | E-shop artistes belges\",\"isPartOf\":{\"@id\":\"https:\/\/nationalstore.be\/fr#website\"},\"primaryImageOfPage\":{\"@id\":\"https:\/\/nationalstore.be\/fr\/produit\/green-drinking-friends-fr-kopie-copy#primaryimage\"},\"datePublished\":\"2024-06-14T08:51:43+00:00\",\"dateModified\":\"2026-01-29T14:13:10+00:00\",\"description\":\"Ontdek gelimiteerde kunstprints van 60+ Belgische kunstenaars bij BuroMuro. Steun lokale talenten en geniet van exclusieve, hoogwaardige kunst.\",\"breadcrumb\":{\"@id\":\"https:\/\/nationalstore.be\/fr\/produit\/green-drinking-friends-fr-kopie-copy#breadcrumb\"},\"inLanguage\":\"fr-FR\",\"potentialAction\":[{\"@type\":\"ReadAction\",\"target\":[\"https:\/\/nationalstore.be\/fr\/produit\/green-drinking-friends-fr-kopie-copy\"]}]},{\"@type\":\"BreadcrumbList\",\"@id\":\"https:\/\/nationalstore.be\/fr\/produit\/green-drinking-friends-fr-kopie-copy#breadcrumb\",\"itemListElement\":[{\"@type\":\"ListItem\",\"position\":1,\"name\":\"Home\",\"item\":\"https:\/\/nationalstore.be\/fr\"},{\"@type\":\"ListItem\",\"position\":2,\"name\":\"Produits\",\"item\":\"https:\/\/nationalstore.be\/fr\/shop\"},{\"@type\":\"ListItem\",\"position\":3,\"name\":\"Arts plastiques\",\"item\":\"https:\/\/nationalstore.be\/fr\/pc\/arts-plastiques\"},{\"@type\":\"ListItem\",\"position\":4,\"name\":\"Editions\",\"item\":\"https:\/\/nationalstore.be\/fr\/pc\/arts-plastiques\/editions-fr\"},{\"@type\":\"ListItem\",\"position\":5,\"name\":\"Green Drinking Friends FR (kopie) (Copy)\"}]}]}<\/script>\n<!-- \/ Yoast SEO plugin. -->","yoast_head_json":{"title":"Green Drinking Friends FR (kopie) (Copy) | E-shop artistes belges","description":"Ontdek gelimiteerde kunstprints van 60+ Belgische kunstenaars bij BuroMuro. Steun lokale talenten en geniet van exclusieve, hoogwaardige kunst.","robots":{"index":"index","follow":"follow","max-snippet":"max-snippet:-1","max-image-preview":"max-image-preview:large","max-video-preview":"max-video-preview:-1"},"canonical":"https:\/\/nationalstore.be\/fr\/produit\/green-drinking-friends-fr-kopie-copy","og_locale":"fr_FR","og_type":"article","og_title":"Green Drinking Friends FR (kopie) (Copy) | E-shop artistes belges","og_description":"Ontdek gelimiteerde kunstprints van 60+ Belgische kunstenaars bij BuroMuro. Steun lokale talenten en geniet van exclusieve, hoogwaardige kunst.","og_url":"https:\/\/nationalstore.be\/fr\/produit\/green-drinking-friends-fr-kopie-copy","og_site_name":"NATIONA(A)L ARTIST SUPERMARKET","article_publisher":"https:\/\/www.facebook.com\/nationalstore\/?ref=br_rs","article_modified_time":"2026-01-29T14:13:10+00:00","og_image":[{"width":1810,"height":2560,"url":"https:\/\/nationalstore.be\/wp-content\/uploads\/2024\/06\/SKM_C36820120717241-kopie-scaled.jpg","type":"image\/jpeg"}],"twitter_card":"summary_large_image","twitter_site":"@Nationalstore","schema":{"@context":"https:\/\/schema.org","@graph":[{"@type":"Organization","@id":"https:\/\/nationalstore.be\/fr#organization","name":"NATIONA(A)L ARTIST MARKET","url":"https:\/\/nationalstore.be\/fr","sameAs":["https:\/\/www.instagram.com\/nationalstore\/","https:\/\/www.facebook.com\/nationalstore\/?ref=br_rs","https:\/\/twitter.com\/Nationalstore"],"logo":{"@type":"ImageObject","inLanguage":"fr-FR","@id":"https:\/\/nationalstore.be\/fr#\/schema\/logo\/image\/","url":"https:\/\/nationalstore.be\/wp-content\/uploads\/2024\/03\/nationaal-logo_mauve-cmjn.png","contentUrl":"https:\/\/nationalstore.be\/wp-content\/uploads\/2024\/03\/nationaal-logo_mauve-cmjn.png","width":3475,"height":1352,"caption":"NATIONA(A)L ARTIST MARKET"},"image":{"@id":"https:\/\/nationalstore.be\/fr#\/schema\/logo\/image\/"}},{"@type":"WebSite","@id":"https:\/\/nationalstore.be\/fr#website","url":"https:\/\/nationalstore.be\/fr","name":"NATIONA(A)L ARTIST SUPERMARKET","description":"","publisher":{"@id":"https:\/\/nationalstore.be\/fr#organization"},"potentialAction":[{"@type":"SearchAction","target":{"@type":"EntryPoint","urlTemplate":"https:\/\/nationalstore.be\/fr?s={search_term_string}"},"query-input":"required name=search_term_string"}],"inLanguage":"fr-FR"},{"@type":"ImageObject","inLanguage":"fr-FR","@id":"https:\/\/nationalstore.be\/fr\/produit\/green-drinking-friends-fr-kopie-copy#primaryimage","url":"https:\/\/nationalstore.be\/wp-content\/uploads\/2024\/06\/SKM_C36820120717241-kopie-scaled.jpg","contentUrl":"https:\/\/nationalstore.be\/wp-content\/uploads\/2024\/06\/SKM_C36820120717241-kopie-scaled.jpg","width":1810,"height":2560},{"@type":["WebPage","ItemPage"],"@id":"https:\/\/nationalstore.be\/fr\/produit\/green-drinking-friends-fr-kopie-copy#webpage","url":"https:\/\/nationalstore.be\/fr\/produit\/green-drinking-friends-fr-kopie-copy","name":"Green Drinking Friends FR (kopie) (Copy) | E-shop artistes belges","isPartOf":{"@id":"https:\/\/nationalstore.be\/fr#website"},"primaryImageOfPage":{"@id":"https:\/\/nationalstore.be\/fr\/produit\/green-drinking-friends-fr-kopie-copy#primaryimage"},"datePublished":"2024-06-14T08:51:43+00:00","dateModified":"2026-01-29T14:13:10+00:00","description":"Ontdek gelimiteerde kunstprints van 60+ Belgische kunstenaars bij BuroMuro. Steun lokale talenten en geniet van exclusieve, hoogwaardige kunst.","breadcrumb":{"@id":"https:\/\/nationalstore.be\/fr\/produit\/green-drinking-friends-fr-kopie-copy#breadcrumb"},"inLanguage":"fr-FR","potentialAction":[{"@type":"ReadAction","target":["https:\/\/nationalstore.be\/fr\/produit\/green-drinking-friends-fr-kopie-copy"]}]},{"@type":"BreadcrumbList","@id":"https:\/\/nationalstore.be\/fr\/produit\/green-drinking-friends-fr-kopie-copy#breadcrumb","itemListElement":[{"@type":"ListItem","position":1,"name":"Home","item":"https:\/\/nationalstore.be\/fr"},{"@type":"ListItem","position":2,"name":"Produits","item":"https:\/\/nationalstore.be\/fr\/shop"},{"@type":"ListItem","position":3,"name":"Arts plastiques","item":"https:\/\/nationalstore.be\/fr\/pc\/arts-plastiques"},{"@type":"ListItem","position":4,"name":"Editions","item":"https:\/\/nationalstore.be\/fr\/pc\/arts-plastiques\/editions-fr"},{"@type":"ListItem","position":5,"name":"Green Drinking Friends FR (kopie) (Copy)"}]}]}},"_links":{"self":[{"href":"https:\/\/nationalstore.be\/fr\/wp-json\/wp\/v2\/product\/53701"}],"collection":[{"href":"https:\/\/nationalstore.be\/fr\/wp-json\/wp\/v2\/product"}],"about":[{"href":"https:\/\/nationalstore.be\/fr\/wp-json\/wp\/v2\/types\/product"}],"wp:featuredmedia":[{"embeddable":true,"href":"https:\/\/nationalstore.be\/fr\/wp-json\/wp\/v2\/media\/53711"}],"wp:attachment":[{"href":"https:\/\/nationalstore.be\/fr\/wp-json\/wp\/v2\/media?parent=53701"}],"wp:term":[{"taxonomy":"product_cat","embeddable":true,"href":"https:\/\/nationalstore.be\/fr\/wp-json\/wp\/v2\/product_cat?post=53701"},{"taxonomy":"product_tag","embeddable":true,"href":"https:\/\/nationalstore.be\/fr\/wp-json\/wp\/v2\/product_tag?post=53701"}],"curies":[{"name":"wp","href":"https:\/\/api.w.org\/{rel}","templated":true}]}}