{"id":53659,"date":"2024-06-11T12:51:01","date_gmt":"2024-06-13T22:11:15","guid":{"rendered":"https:\/\/nationalstore.be\/?post_type=product&#038;p=53659"},"modified":"2024-09-08T18:47:38","modified_gmt":"2024-09-08T16:47:38","slug":"cat-with-vases","status":"publish","type":"product","link":"https:\/\/nationalstore.be\/fr\/produit\/cat-with-vases","title":{"rendered":"Cat with vases"},"content":{"rendered":"<p class=\"p1\"><span style=\"font-family: georgia, palatino, serif;font-size: 12pt\" data-mce-style=\"font-family: georgia, palatino, serif; font-size: 12pt;\">Son \u0153uvre aborde de nombreux sujets tels que l&#8217;adolescence et le passage \u00e0 l&#8217;\u00e2ge adulte, accompagn\u00e9s d&#8217;une esth\u00e9tique obscure et myst\u00e9rieuse, influenc\u00e9e par la culture des tatouages et la nature. Son travail inclut \u00e9galement beaucoup de chats et de vases, un projet de recherche continu explorant la fragilit\u00e9 de l&#8217;image esth\u00e9tique entre les chats et les vases.<\/span><\/p>\n<p class=\"p1\"><span style=\"font-family: georgia, palatino, serif;font-size: 12pt\" data-mce-style=\"font-family: georgia, palatino, serif; font-size: 12pt;\">Choisissez votre format :<\/span><\/p>\n<p class=\"p1\"><span style=\"font-family: georgia, palatino, serif;font-size: 12pt\" data-mce-style=\"font-family: georgia, palatino, serif; font-size: 12pt;\">A5 = 45\u20ac<\/span><\/p>\n<p class=\"p1\"><span style=\"font-family: georgia, palatino, serif;font-size: 12pt\" data-mce-style=\"font-family: georgia, palatino, serif; font-size: 12pt;\">A4 = 55\u20ac<\/span><\/p>\n<p class=\"p1\"><span style=\"font-family: georgia, palatino, serif;font-size: 12pt\" data-mce-style=\"font-family: georgia, palatino, serif; font-size: 12pt;\">A3 = 80\u20ac<\/span><\/p>\n<p class=\"p1\"><span style=\"font-family: georgia, palatino, serif;font-size: 12pt\" data-mce-style=\"font-family: georgia, palatino, serif; font-size: 12pt;\">A2 = 115\u20ac<\/span><\/p>\n<p class=\"p1\"><span style=\"font-family: georgia, palatino, serif;font-size: 12pt\" data-mce-style=\"font-family: georgia, palatino, serif; font-size: 12pt;\">A1 = 195\u20ac<\/span><\/p>\n","protected":false},"excerpt":{"rendered":"<p class=\"p1\"><span style=\"font-family: georgia, palatino, serif;font-size: 16px\">Deniz est un illustrateur bas\u00e9 \u00e0 Anvers, ayant \u00e9tudi\u00e9 l&#8217;illustration \u00e0 Sint-Lucas Antwerpen et ayant pass\u00e9 un semestre d&#8217;\u00e9change \u00e0 l&#8217;Acad\u00e9mie Willem de Kooning \u00e0 Rotterdam. Son travail varie en techniques telles que le dessin \u00e0 l&#8217;encre, la gravure, les techniques de pochoir, les collages, la c\u00e9ramique et bien plus encore. Tout cela se combine dans un style ludique et caract\u00e9ristique, reconnaissable par le travail illustratif de Deniz en combinaison avec divers \u00e9l\u00e9ments graphiques.<\/span><\/p>\n","protected":false},"featured_media":53603,"template":"","meta":[],"product_cat":[3410,570,2948,2810,2792,3349,3676,3716],"product_tag":[3713],"yoast_head":"<!-- This site is optimized with the Yoast SEO plugin v19.1 - https:\/\/yoast.com\/wordpress\/plugins\/seo\/ -->\n<title>Cat with vases | E-shop artistes belges<\/title>\n<meta name=\"description\" content=\"Ontdek gelimiteerde kunstprints van 60+ Belgische kunstenaars bij BuroMuro. Steun lokale talenten en geniet van exclusieve, hoogwaardige kunst.\" \/>\n<meta name=\"robots\" content=\"index, follow, max-snippet:-1, max-image-preview:large, max-video-preview:-1\" \/>\n<link rel=\"canonical\" href=\"https:\/\/nationalstore.be\/fr\/produit\/cat-with-vases\" \/>\n<meta property=\"og:locale\" content=\"fr_FR\" \/>\n<meta property=\"og:type\" content=\"article\" \/>\n<meta property=\"og:title\" content=\"Cat with vases | E-shop artistes belges\" \/>\n<meta property=\"og:description\" content=\"Ontdek gelimiteerde kunstprints van 60+ Belgische kunstenaars bij BuroMuro. Steun lokale talenten en geniet van exclusieve, hoogwaardige kunst.\" \/>\n<meta property=\"og:url\" content=\"https:\/\/nationalstore.be\/fr\/produit\/cat-with-vases\" \/>\n<meta property=\"og:site_name\" content=\"NATIONA(A)L ARTIST SUPERMARKET\" \/>\n<meta property=\"article:publisher\" content=\"https:\/\/www.facebook.com\/nationalstore\/?ref=br_rs\" \/>\n<meta property=\"article:modified_time\" content=\"2024-09-08T16:47:38+00:00\" \/>\n<meta property=\"og:image\" content=\"https:\/\/nationalstore.be\/wp-content\/uploads\/2024\/06\/Buromuro-print-Deniz-Isikli-Cat-with-vases-A5.jpg\" \/>\n\t<meta property=\"og:image:width\" content=\"1754\" \/>\n\t<meta property=\"og:image:height\" content=\"2480\" \/>\n\t<meta property=\"og:image:type\" content=\"image\/jpeg\" \/>\n<meta name=\"twitter:card\" content=\"summary_large_image\" \/>\n<meta name=\"twitter:site\" content=\"@Nationalstore\" \/>\n<script type=\"application\/ld+json\" class=\"yoast-schema-graph\">{\"@context\":\"https:\/\/schema.org\",\"@graph\":[{\"@type\":\"Organization\",\"@id\":\"https:\/\/nationalstore.be\/fr#organization\",\"name\":\"NATIONA(A)L ARTIST MARKET\",\"url\":\"https:\/\/nationalstore.be\/fr\",\"sameAs\":[\"https:\/\/www.instagram.com\/nationalstore\/\",\"https:\/\/www.facebook.com\/nationalstore\/?ref=br_rs\",\"https:\/\/twitter.com\/Nationalstore\"],\"logo\":{\"@type\":\"ImageObject\",\"inLanguage\":\"fr-FR\",\"@id\":\"https:\/\/nationalstore.be\/fr#\/schema\/logo\/image\/\",\"url\":\"https:\/\/nationalstore.be\/wp-content\/uploads\/2024\/03\/nationaal-logo_mauve-cmjn.png\",\"contentUrl\":\"https:\/\/nationalstore.be\/wp-content\/uploads\/2024\/03\/nationaal-logo_mauve-cmjn.png\",\"width\":3475,\"height\":1352,\"caption\":\"NATIONA(A)L ARTIST MARKET\"},\"image\":{\"@id\":\"https:\/\/nationalstore.be\/fr#\/schema\/logo\/image\/\"}},{\"@type\":\"WebSite\",\"@id\":\"https:\/\/nationalstore.be\/fr#website\",\"url\":\"https:\/\/nationalstore.be\/fr\",\"name\":\"NATIONA(A)L ARTIST SUPERMARKET\",\"description\":\"\",\"publisher\":{\"@id\":\"https:\/\/nationalstore.be\/fr#organization\"},\"potentialAction\":[{\"@type\":\"SearchAction\",\"target\":{\"@type\":\"EntryPoint\",\"urlTemplate\":\"https:\/\/nationalstore.be\/fr?s={search_term_string}\"},\"query-input\":\"required name=search_term_string\"}],\"inLanguage\":\"fr-FR\"},{\"@type\":\"ImageObject\",\"inLanguage\":\"fr-FR\",\"@id\":\"https:\/\/nationalstore.be\/fr\/produit\/cat-with-vases#primaryimage\",\"url\":\"https:\/\/nationalstore.be\/wp-content\/uploads\/2024\/06\/Buromuro-print-Deniz-Isikli-Cat-with-vases-A5.jpg\",\"contentUrl\":\"https:\/\/nationalstore.be\/wp-content\/uploads\/2024\/06\/Buromuro-print-Deniz-Isikli-Cat-with-vases-A5.jpg\",\"width\":1754,\"height\":2480},{\"@type\":[\"WebPage\",\"ItemPage\"],\"@id\":\"https:\/\/nationalstore.be\/fr\/produit\/cat-with-vases#webpage\",\"url\":\"https:\/\/nationalstore.be\/fr\/produit\/cat-with-vases\",\"name\":\"Cat with vases | E-shop artistes belges\",\"isPartOf\":{\"@id\":\"https:\/\/nationalstore.be\/fr#website\"},\"primaryImageOfPage\":{\"@id\":\"https:\/\/nationalstore.be\/fr\/produit\/cat-with-vases#primaryimage\"},\"datePublished\":\"2024-06-13T22:11:15+00:00\",\"dateModified\":\"2024-09-08T16:47:38+00:00\",\"description\":\"Ontdek gelimiteerde kunstprints van 60+ Belgische kunstenaars bij BuroMuro. Steun lokale talenten en geniet van exclusieve, hoogwaardige kunst.\",\"breadcrumb\":{\"@id\":\"https:\/\/nationalstore.be\/fr\/produit\/cat-with-vases#breadcrumb\"},\"inLanguage\":\"fr-FR\",\"potentialAction\":[{\"@type\":\"ReadAction\",\"target\":[\"https:\/\/nationalstore.be\/fr\/produit\/cat-with-vases\"]}]},{\"@type\":\"BreadcrumbList\",\"@id\":\"https:\/\/nationalstore.be\/fr\/produit\/cat-with-vases#breadcrumb\",\"itemListElement\":[{\"@type\":\"ListItem\",\"position\":1,\"name\":\"Home\",\"item\":\"https:\/\/nationalstore.be\/fr\"},{\"@type\":\"ListItem\",\"position\":2,\"name\":\"Produits\",\"item\":\"https:\/\/nationalstore.be\/fr\/shop\"},{\"@type\":\"ListItem\",\"position\":3,\"name\":\"Arts plastiques\",\"item\":\"https:\/\/nationalstore.be\/fr\/pc\/arts-plastiques\"},{\"@type\":\"ListItem\",\"position\":4,\"name\":\"Editions\",\"item\":\"https:\/\/nationalstore.be\/fr\/pc\/arts-plastiques\/editions-fr\"},{\"@type\":\"ListItem\",\"position\":5,\"name\":\"Cat with vases\"}]}]}<\/script>\n<!-- \/ Yoast SEO plugin. -->","yoast_head_json":{"title":"Cat with vases | E-shop artistes belges","description":"Ontdek gelimiteerde kunstprints van 60+ Belgische kunstenaars bij BuroMuro. Steun lokale talenten en geniet van exclusieve, hoogwaardige kunst.","robots":{"index":"index","follow":"follow","max-snippet":"max-snippet:-1","max-image-preview":"max-image-preview:large","max-video-preview":"max-video-preview:-1"},"canonical":"https:\/\/nationalstore.be\/fr\/produit\/cat-with-vases","og_locale":"fr_FR","og_type":"article","og_title":"Cat with vases | E-shop artistes belges","og_description":"Ontdek gelimiteerde kunstprints van 60+ Belgische kunstenaars bij BuroMuro. Steun lokale talenten en geniet van exclusieve, hoogwaardige kunst.","og_url":"https:\/\/nationalstore.be\/fr\/produit\/cat-with-vases","og_site_name":"NATIONA(A)L ARTIST SUPERMARKET","article_publisher":"https:\/\/www.facebook.com\/nationalstore\/?ref=br_rs","article_modified_time":"2024-09-08T16:47:38+00:00","og_image":[{"width":1754,"height":2480,"url":"https:\/\/nationalstore.be\/wp-content\/uploads\/2024\/06\/Buromuro-print-Deniz-Isikli-Cat-with-vases-A5.jpg","type":"image\/jpeg"}],"twitter_card":"summary_large_image","twitter_site":"@Nationalstore","schema":{"@context":"https:\/\/schema.org","@graph":[{"@type":"Organization","@id":"https:\/\/nationalstore.be\/fr#organization","name":"NATIONA(A)L ARTIST MARKET","url":"https:\/\/nationalstore.be\/fr","sameAs":["https:\/\/www.instagram.com\/nationalstore\/","https:\/\/www.facebook.com\/nationalstore\/?ref=br_rs","https:\/\/twitter.com\/Nationalstore"],"logo":{"@type":"ImageObject","inLanguage":"fr-FR","@id":"https:\/\/nationalstore.be\/fr#\/schema\/logo\/image\/","url":"https:\/\/nationalstore.be\/wp-content\/uploads\/2024\/03\/nationaal-logo_mauve-cmjn.png","contentUrl":"https:\/\/nationalstore.be\/wp-content\/uploads\/2024\/03\/nationaal-logo_mauve-cmjn.png","width":3475,"height":1352,"caption":"NATIONA(A)L ARTIST MARKET"},"image":{"@id":"https:\/\/nationalstore.be\/fr#\/schema\/logo\/image\/"}},{"@type":"WebSite","@id":"https:\/\/nationalstore.be\/fr#website","url":"https:\/\/nationalstore.be\/fr","name":"NATIONA(A)L ARTIST SUPERMARKET","description":"","publisher":{"@id":"https:\/\/nationalstore.be\/fr#organization"},"potentialAction":[{"@type":"SearchAction","target":{"@type":"EntryPoint","urlTemplate":"https:\/\/nationalstore.be\/fr?s={search_term_string}"},"query-input":"required name=search_term_string"}],"inLanguage":"fr-FR"},{"@type":"ImageObject","inLanguage":"fr-FR","@id":"https:\/\/nationalstore.be\/fr\/produit\/cat-with-vases#primaryimage","url":"https:\/\/nationalstore.be\/wp-content\/uploads\/2024\/06\/Buromuro-print-Deniz-Isikli-Cat-with-vases-A5.jpg","contentUrl":"https:\/\/nationalstore.be\/wp-content\/uploads\/2024\/06\/Buromuro-print-Deniz-Isikli-Cat-with-vases-A5.jpg","width":1754,"height":2480},{"@type":["WebPage","ItemPage"],"@id":"https:\/\/nationalstore.be\/fr\/produit\/cat-with-vases#webpage","url":"https:\/\/nationalstore.be\/fr\/produit\/cat-with-vases","name":"Cat with vases | E-shop artistes belges","isPartOf":{"@id":"https:\/\/nationalstore.be\/fr#website"},"primaryImageOfPage":{"@id":"https:\/\/nationalstore.be\/fr\/produit\/cat-with-vases#primaryimage"},"datePublished":"2024-06-13T22:11:15+00:00","dateModified":"2024-09-08T16:47:38+00:00","description":"Ontdek gelimiteerde kunstprints van 60+ Belgische kunstenaars bij BuroMuro. Steun lokale talenten en geniet van exclusieve, hoogwaardige kunst.","breadcrumb":{"@id":"https:\/\/nationalstore.be\/fr\/produit\/cat-with-vases#breadcrumb"},"inLanguage":"fr-FR","potentialAction":[{"@type":"ReadAction","target":["https:\/\/nationalstore.be\/fr\/produit\/cat-with-vases"]}]},{"@type":"BreadcrumbList","@id":"https:\/\/nationalstore.be\/fr\/produit\/cat-with-vases#breadcrumb","itemListElement":[{"@type":"ListItem","position":1,"name":"Home","item":"https:\/\/nationalstore.be\/fr"},{"@type":"ListItem","position":2,"name":"Produits","item":"https:\/\/nationalstore.be\/fr\/shop"},{"@type":"ListItem","position":3,"name":"Arts plastiques","item":"https:\/\/nationalstore.be\/fr\/pc\/arts-plastiques"},{"@type":"ListItem","position":4,"name":"Editions","item":"https:\/\/nationalstore.be\/fr\/pc\/arts-plastiques\/editions-fr"},{"@type":"ListItem","position":5,"name":"Cat with vases"}]}]}},"_links":{"self":[{"href":"https:\/\/nationalstore.be\/fr\/wp-json\/wp\/v2\/product\/53659"}],"collection":[{"href":"https:\/\/nationalstore.be\/fr\/wp-json\/wp\/v2\/product"}],"about":[{"href":"https:\/\/nationalstore.be\/fr\/wp-json\/wp\/v2\/types\/product"}],"wp:featuredmedia":[{"embeddable":true,"href":"https:\/\/nationalstore.be\/fr\/wp-json\/wp\/v2\/media\/53603"}],"wp:attachment":[{"href":"https:\/\/nationalstore.be\/fr\/wp-json\/wp\/v2\/media?parent=53659"}],"wp:term":[{"taxonomy":"product_cat","embeddable":true,"href":"https:\/\/nationalstore.be\/fr\/wp-json\/wp\/v2\/product_cat?post=53659"},{"taxonomy":"product_tag","embeddable":true,"href":"https:\/\/nationalstore.be\/fr\/wp-json\/wp\/v2\/product_tag?post=53659"}],"curies":[{"name":"wp","href":"https:\/\/api.w.org\/{rel}","templated":true}]}}