{"id":53626,"date":"2024-06-13T23:31:37","date_gmt":"2024-06-13T21:31:37","guid":{"rendered":"https:\/\/nationalstore.be\/?post_type=product&#038;p=53626"},"modified":"2024-06-13T23:32:55","modified_gmt":"2024-06-13T21:32:55","slug":"duo-pillow-emerald-i-electric-blue","status":"publish","type":"product","link":"https:\/\/nationalstore.be\/fr\/produit\/duo-pillow-emerald-i-electric-blue","title":{"rendered":"DUO Pillow Emerald I Electric Blue"},"content":{"rendered":"<p>Ce coussin fait partie de la s\u00e9rie limit\u00e9e BEYOND BOLD. Utilisant des mat\u00e9riaux naturels aux propri\u00e9t\u00e9s subtiles mais expressives, ce coussin r\u00e9v\u00e8le une sensation organique et tactile, mise en valeur par des motifs graphiques audacieux. Chaque pi\u00e8ce est tiss\u00e9e en jacquard en Belgique et fabriqu\u00e9e \u00e0 la main dans son atelier. Le coussin DUO a deux faces distinctes, cr\u00e9ant des combinaisons de couleurs amusantes et un duo unique qui peut \u00eatre repositionn\u00e9 et red\u00e9ploy\u00e9 dans votre maison.<br data-mce-bogus=\"1\"><\/p>\n","protected":false},"excerpt":{"rendered":"<p>Le coussin DUO fait partie de la s\u00e9rie limit\u00e9e BEYOND BOLD.<\/p>\n<p>Dimensions : 40 x 40 cm | autres tailles sur demande<\/p>\n<p>Mat\u00e9riaux : Un m\u00e9lange doux de laine, mohair, coton<\/p>\n<p>Le coussin est vendu sans insert<\/p>\n","protected":false},"featured_media":53396,"template":"","meta":[],"product_cat":[527,2867],"product_tag":[1307,356,287,349,3687,3711],"yoast_head":"<!-- This site is optimized with the Yoast SEO plugin v19.1 - https:\/\/yoast.com\/wordpress\/plugins\/seo\/ -->\n<title>DUO Pillow Emerald I Electric Blue | E-shop artistes belges<\/title>\n<meta name=\"description\" content=\"Beyond Bold DUO Pillow Emerald Blue\" \/>\n<meta name=\"robots\" content=\"index, follow, max-snippet:-1, max-image-preview:large, max-video-preview:-1\" \/>\n<link rel=\"canonical\" href=\"https:\/\/nationalstore.be\/fr\/produit\/duo-pillow-emerald-i-electric-blue\" \/>\n<meta property=\"og:locale\" content=\"fr_FR\" \/>\n<meta property=\"og:type\" content=\"article\" \/>\n<meta property=\"og:title\" content=\"DUO Pillow Emerald I Electric Blue | E-shop artistes belges\" \/>\n<meta property=\"og:description\" content=\"Beyond Bold DUO Pillow Emerald Blue\" \/>\n<meta property=\"og:url\" content=\"https:\/\/nationalstore.be\/fr\/produit\/duo-pillow-emerald-i-electric-blue\" \/>\n<meta property=\"og:site_name\" content=\"NATIONA(A)L ARTIST SUPERMARKET\" \/>\n<meta property=\"article:publisher\" content=\"https:\/\/www.facebook.com\/nationalstore\/?ref=br_rs\" \/>\n<meta property=\"article:modified_time\" content=\"2024-06-13T21:32:55+00:00\" \/>\n<meta property=\"og:image\" content=\"https:\/\/nationalstore.be\/wp-content\/uploads\/2024\/05\/DSC07720-scaled.jpeg\" \/>\n\t<meta property=\"og:image:width\" content=\"1707\" \/>\n\t<meta property=\"og:image:height\" content=\"2560\" \/>\n\t<meta property=\"og:image:type\" content=\"image\/jpeg\" \/>\n<meta name=\"twitter:card\" content=\"summary_large_image\" \/>\n<meta name=\"twitter:site\" content=\"@Nationalstore\" \/>\n<script type=\"application\/ld+json\" class=\"yoast-schema-graph\">{\"@context\":\"https:\/\/schema.org\",\"@graph\":[{\"@type\":\"Organization\",\"@id\":\"https:\/\/nationalstore.be\/fr#organization\",\"name\":\"NATIONA(A)L ARTIST MARKET\",\"url\":\"https:\/\/nationalstore.be\/fr\",\"sameAs\":[\"https:\/\/www.instagram.com\/nationalstore\/\",\"https:\/\/www.facebook.com\/nationalstore\/?ref=br_rs\",\"https:\/\/twitter.com\/Nationalstore\"],\"logo\":{\"@type\":\"ImageObject\",\"inLanguage\":\"fr-FR\",\"@id\":\"https:\/\/nationalstore.be\/fr#\/schema\/logo\/image\/\",\"url\":\"https:\/\/nationalstore.be\/wp-content\/uploads\/2024\/03\/nationaal-logo_mauve-cmjn.png\",\"contentUrl\":\"https:\/\/nationalstore.be\/wp-content\/uploads\/2024\/03\/nationaal-logo_mauve-cmjn.png\",\"width\":3475,\"height\":1352,\"caption\":\"NATIONA(A)L ARTIST MARKET\"},\"image\":{\"@id\":\"https:\/\/nationalstore.be\/fr#\/schema\/logo\/image\/\"}},{\"@type\":\"WebSite\",\"@id\":\"https:\/\/nationalstore.be\/fr#website\",\"url\":\"https:\/\/nationalstore.be\/fr\",\"name\":\"NATIONA(A)L ARTIST SUPERMARKET\",\"description\":\"\",\"publisher\":{\"@id\":\"https:\/\/nationalstore.be\/fr#organization\"},\"potentialAction\":[{\"@type\":\"SearchAction\",\"target\":{\"@type\":\"EntryPoint\",\"urlTemplate\":\"https:\/\/nationalstore.be\/fr?s={search_term_string}\"},\"query-input\":\"required name=search_term_string\"}],\"inLanguage\":\"fr-FR\"},{\"@type\":\"ImageObject\",\"inLanguage\":\"fr-FR\",\"@id\":\"https:\/\/nationalstore.be\/fr\/produit\/duo-pillow-emerald-i-electric-blue#primaryimage\",\"url\":\"https:\/\/nationalstore.be\/wp-content\/uploads\/2024\/05\/DSC07720-scaled.jpeg\",\"contentUrl\":\"https:\/\/nationalstore.be\/wp-content\/uploads\/2024\/05\/DSC07720-scaled.jpeg\",\"width\":1707,\"height\":2560},{\"@type\":[\"WebPage\",\"ItemPage\"],\"@id\":\"https:\/\/nationalstore.be\/fr\/produit\/duo-pillow-emerald-i-electric-blue#webpage\",\"url\":\"https:\/\/nationalstore.be\/fr\/produit\/duo-pillow-emerald-i-electric-blue\",\"name\":\"DUO Pillow Emerald I Electric Blue | E-shop artistes belges\",\"isPartOf\":{\"@id\":\"https:\/\/nationalstore.be\/fr#website\"},\"primaryImageOfPage\":{\"@id\":\"https:\/\/nationalstore.be\/fr\/produit\/duo-pillow-emerald-i-electric-blue#primaryimage\"},\"datePublished\":\"2024-06-13T21:31:37+00:00\",\"dateModified\":\"2024-06-13T21:32:55+00:00\",\"description\":\"Beyond Bold DUO Pillow Emerald Blue\",\"breadcrumb\":{\"@id\":\"https:\/\/nationalstore.be\/fr\/produit\/duo-pillow-emerald-i-electric-blue#breadcrumb\"},\"inLanguage\":\"fr-FR\",\"potentialAction\":[{\"@type\":\"ReadAction\",\"target\":[\"https:\/\/nationalstore.be\/fr\/produit\/duo-pillow-emerald-i-electric-blue\"]}]},{\"@type\":\"BreadcrumbList\",\"@id\":\"https:\/\/nationalstore.be\/fr\/produit\/duo-pillow-emerald-i-electric-blue#breadcrumb\",\"itemListElement\":[{\"@type\":\"ListItem\",\"position\":1,\"name\":\"Home\",\"item\":\"https:\/\/nationalstore.be\/fr\"},{\"@type\":\"ListItem\",\"position\":2,\"name\":\"Produits\",\"item\":\"https:\/\/nationalstore.be\/fr\/shop\"},{\"@type\":\"ListItem\",\"position\":3,\"name\":\"Design pour la maison\",\"item\":\"https:\/\/nationalstore.be\/fr\/pc\/design-pour-la-maison\"},{\"@type\":\"ListItem\",\"position\":4,\"name\":\"Textile\",\"item\":\"https:\/\/nationalstore.be\/fr\/pc\/design-pour-la-maison\/textile-fr\"},{\"@type\":\"ListItem\",\"position\":5,\"name\":\"DUO Pillow Emerald I Electric Blue\"}]}]}<\/script>\n<!-- \/ Yoast SEO plugin. -->","yoast_head_json":{"title":"DUO Pillow Emerald I Electric Blue | E-shop artistes belges","description":"Beyond Bold DUO Pillow Emerald Blue","robots":{"index":"index","follow":"follow","max-snippet":"max-snippet:-1","max-image-preview":"max-image-preview:large","max-video-preview":"max-video-preview:-1"},"canonical":"https:\/\/nationalstore.be\/fr\/produit\/duo-pillow-emerald-i-electric-blue","og_locale":"fr_FR","og_type":"article","og_title":"DUO Pillow Emerald I Electric Blue | E-shop artistes belges","og_description":"Beyond Bold DUO Pillow Emerald Blue","og_url":"https:\/\/nationalstore.be\/fr\/produit\/duo-pillow-emerald-i-electric-blue","og_site_name":"NATIONA(A)L ARTIST SUPERMARKET","article_publisher":"https:\/\/www.facebook.com\/nationalstore\/?ref=br_rs","article_modified_time":"2024-06-13T21:32:55+00:00","og_image":[{"width":1707,"height":2560,"url":"https:\/\/nationalstore.be\/wp-content\/uploads\/2024\/05\/DSC07720-scaled.jpeg","type":"image\/jpeg"}],"twitter_card":"summary_large_image","twitter_site":"@Nationalstore","schema":{"@context":"https:\/\/schema.org","@graph":[{"@type":"Organization","@id":"https:\/\/nationalstore.be\/fr#organization","name":"NATIONA(A)L ARTIST MARKET","url":"https:\/\/nationalstore.be\/fr","sameAs":["https:\/\/www.instagram.com\/nationalstore\/","https:\/\/www.facebook.com\/nationalstore\/?ref=br_rs","https:\/\/twitter.com\/Nationalstore"],"logo":{"@type":"ImageObject","inLanguage":"fr-FR","@id":"https:\/\/nationalstore.be\/fr#\/schema\/logo\/image\/","url":"https:\/\/nationalstore.be\/wp-content\/uploads\/2024\/03\/nationaal-logo_mauve-cmjn.png","contentUrl":"https:\/\/nationalstore.be\/wp-content\/uploads\/2024\/03\/nationaal-logo_mauve-cmjn.png","width":3475,"height":1352,"caption":"NATIONA(A)L ARTIST MARKET"},"image":{"@id":"https:\/\/nationalstore.be\/fr#\/schema\/logo\/image\/"}},{"@type":"WebSite","@id":"https:\/\/nationalstore.be\/fr#website","url":"https:\/\/nationalstore.be\/fr","name":"NATIONA(A)L ARTIST SUPERMARKET","description":"","publisher":{"@id":"https:\/\/nationalstore.be\/fr#organization"},"potentialAction":[{"@type":"SearchAction","target":{"@type":"EntryPoint","urlTemplate":"https:\/\/nationalstore.be\/fr?s={search_term_string}"},"query-input":"required name=search_term_string"}],"inLanguage":"fr-FR"},{"@type":"ImageObject","inLanguage":"fr-FR","@id":"https:\/\/nationalstore.be\/fr\/produit\/duo-pillow-emerald-i-electric-blue#primaryimage","url":"https:\/\/nationalstore.be\/wp-content\/uploads\/2024\/05\/DSC07720-scaled.jpeg","contentUrl":"https:\/\/nationalstore.be\/wp-content\/uploads\/2024\/05\/DSC07720-scaled.jpeg","width":1707,"height":2560},{"@type":["WebPage","ItemPage"],"@id":"https:\/\/nationalstore.be\/fr\/produit\/duo-pillow-emerald-i-electric-blue#webpage","url":"https:\/\/nationalstore.be\/fr\/produit\/duo-pillow-emerald-i-electric-blue","name":"DUO Pillow Emerald I Electric Blue | E-shop artistes belges","isPartOf":{"@id":"https:\/\/nationalstore.be\/fr#website"},"primaryImageOfPage":{"@id":"https:\/\/nationalstore.be\/fr\/produit\/duo-pillow-emerald-i-electric-blue#primaryimage"},"datePublished":"2024-06-13T21:31:37+00:00","dateModified":"2024-06-13T21:32:55+00:00","description":"Beyond Bold DUO Pillow Emerald Blue","breadcrumb":{"@id":"https:\/\/nationalstore.be\/fr\/produit\/duo-pillow-emerald-i-electric-blue#breadcrumb"},"inLanguage":"fr-FR","potentialAction":[{"@type":"ReadAction","target":["https:\/\/nationalstore.be\/fr\/produit\/duo-pillow-emerald-i-electric-blue"]}]},{"@type":"BreadcrumbList","@id":"https:\/\/nationalstore.be\/fr\/produit\/duo-pillow-emerald-i-electric-blue#breadcrumb","itemListElement":[{"@type":"ListItem","position":1,"name":"Home","item":"https:\/\/nationalstore.be\/fr"},{"@type":"ListItem","position":2,"name":"Produits","item":"https:\/\/nationalstore.be\/fr\/shop"},{"@type":"ListItem","position":3,"name":"Design pour la maison","item":"https:\/\/nationalstore.be\/fr\/pc\/design-pour-la-maison"},{"@type":"ListItem","position":4,"name":"Textile","item":"https:\/\/nationalstore.be\/fr\/pc\/design-pour-la-maison\/textile-fr"},{"@type":"ListItem","position":5,"name":"DUO Pillow Emerald I Electric Blue"}]}]}},"_links":{"self":[{"href":"https:\/\/nationalstore.be\/fr\/wp-json\/wp\/v2\/product\/53626"}],"collection":[{"href":"https:\/\/nationalstore.be\/fr\/wp-json\/wp\/v2\/product"}],"about":[{"href":"https:\/\/nationalstore.be\/fr\/wp-json\/wp\/v2\/types\/product"}],"wp:featuredmedia":[{"embeddable":true,"href":"https:\/\/nationalstore.be\/fr\/wp-json\/wp\/v2\/media\/53396"}],"wp:attachment":[{"href":"https:\/\/nationalstore.be\/fr\/wp-json\/wp\/v2\/media?parent=53626"}],"wp:term":[{"taxonomy":"product_cat","embeddable":true,"href":"https:\/\/nationalstore.be\/fr\/wp-json\/wp\/v2\/product_cat?post=53626"},{"taxonomy":"product_tag","embeddable":true,"href":"https:\/\/nationalstore.be\/fr\/wp-json\/wp\/v2\/product_tag?post=53626"}],"curies":[{"name":"wp","href":"https:\/\/api.w.org\/{rel}","templated":true}]}}