{"id":5350,"date":"2020-12-03T20:53:33","date_gmt":"2020-12-03T19:53:33","guid":{"rendered":"https:\/\/nationalstore.be\/?post_type=product&#038;p=5350"},"modified":"2022-09-28T13:31:35","modified_gmt":"2022-09-28T11:31:35","slug":"voyoucratie","status":"publish","type":"product","link":"https:\/\/nationalstore.be\/fr\/produit\/voyoucratie","title":{"rendered":"Voyoucratie"},"content":{"rendered":"<div>\n<p>Dave Decat, illustrateur et affichiste bruxellois, explore sans rel\u00e2che, depuis le d\u00e9but des ann\u00e9es 2000, l\u2019univers haut en couleurs des truands qu\u2019il magnifie. Que ce soient les bandes criminelles du Paris Belle \u00c9poque, les Apaches qui avaient volont\u00e9 de s\u2019afficher et de parader, les voyous tatou\u00e9s ou d\u2019autres bagnards encore.<\/p>\n<\/div>\n<div>\n<p>Decat puise dans ce monde cod\u00e9 et stylis\u00e9 ses id\u00e9es et la mati\u00e8re des portraits imaginaires qu\u2019il r\u00e9alise. Inspir\u00e9 d\u2019Anatole Steinlen ou de l\u2019imagerie v\u00e9hicul\u00e9e par les journaux de l\u2019\u00e9poque tels Le Petit Journal. Pour enrichir son univers, le dessinateur s\u2019est \u00e9galement nourri de r\u00e9f\u00e9rences litt\u00e9raires et cin\u00e9matographiques pr\u00e9cises qu\u2019il a fait siennes telles\u00a0Du rififi chez les hommes\u00a0d\u2019Auguste le Breton, un classique de la litt\u00e9rature polici\u00e8re ou \u00a0Bob le flambeur\u00a0de Jean-Pierre Melville dont il a dig\u00e9r\u00e9 puis r\u00e9interpr\u00e9t\u00e9 les codes. Toujours fascin\u00e9 par les freaks, les marginaux et les exclus de tous bords, Dave Decat a\u00a0 consacr\u00e9 aussi son travail \u00e0 ceux qu\u2019on appelait \u00ab loubards \u00bb dans les ann\u00e9es 1980 ou encore aux fans de rock heavy metal.<\/p>\n<p>Le livre est d\u00e9coup\u00e9 en chapitres th\u00e9matiques qui se succ\u00e8dent suivant \u00a0l\u2019ordre chronologique des cr\u00e9ations de Dave Decat. On trouvera aussi dans ce volume un texte dans lequel l\u2019artiste partage son histoire, son cheminement et sa d\u00e9marche cr\u00e9atrice tout en donnant les cl\u00e9s de son univers graphique.<\/p>\n<p>On se glisse progressivement dans une galerie de portraits, des vraies \u00ab gueules \u00bb repr\u00e9sent\u00e9es avec une empathie palpable et cr\u00e9ant un int\u00e9r\u00eat pour un monde que l\u2019on d\u00e9couvre et une curiosit\u00e9 maintenue pour l\u2019univers si particulier cr\u00e9\u00e9 par Decat. Le travail de l\u2019artiste s\u2019est d\u00e9clin\u00e9 sur des supports aussi vari\u00e9s que l\u2019affiche, le dessin, la pochette de disque ou la couverture de livre. Pourtant, son style pr\u00e9cis et unique est d\u2019une coh\u00e9rence \u00e9vidente et r\u00e9ussira \u00e0 cr\u00e9er une sorte de syndrome de Stockhlom transmettant au lecteur une \u00e9vidente empathie voire une vraie affection pour cette galerie de personnages.<\/p>\n<\/div>\n","protected":false},"excerpt":{"rendered":"<p><span style=\"text-decoration: underline;\">Auteur<\/span> : <em>Dave Decat<\/em><\/p>\n","protected":false},"featured_media":5335,"template":"","meta":[],"product_cat":[2786,525],"product_tag":[3242],"yoast_head":"<!-- This site is optimized with the Yoast SEO plugin v19.1 - https:\/\/yoast.com\/wordpress\/plugins\/seo\/ -->\n<title>Voyoucratie | E-shop artistes belges<\/title>\n<meta name=\"description\" content=\"Acheter un produit comme Voyoucratie? Laissez vous surprendre par nos artistes belges sp\u00e9cialis\u00e9s en produits artisanaux!\" \/>\n<meta name=\"robots\" content=\"index, follow, max-snippet:-1, max-image-preview:large, max-video-preview:-1\" \/>\n<link rel=\"canonical\" href=\"https:\/\/nationalstore.be\/fr\/produit\/voyoucratie\" \/>\n<meta property=\"og:locale\" content=\"fr_FR\" \/>\n<meta property=\"og:type\" content=\"article\" \/>\n<meta property=\"og:title\" content=\"Voyoucratie | E-shop artistes belges\" \/>\n<meta property=\"og:description\" content=\"Acheter un produit comme Voyoucratie? Laissez vous surprendre par nos artistes belges sp\u00e9cialis\u00e9s en produits artisanaux!\" \/>\n<meta property=\"og:url\" content=\"https:\/\/nationalstore.be\/fr\/produit\/voyoucratie\" \/>\n<meta property=\"og:site_name\" content=\"NATIONA(A)L ARTIST SUPERMARKET\" \/>\n<meta property=\"article:publisher\" content=\"https:\/\/www.facebook.com\/nationalstore\/?ref=br_rs\" \/>\n<meta property=\"article:modified_time\" content=\"2022-09-28T11:31:35+00:00\" \/>\n<meta property=\"og:image\" content=\"https:\/\/nationalstore.be\/wp-content\/uploads\/2020\/12\/couv-Decat-4-3.jpeg\" \/>\n\t<meta property=\"og:image:width\" content=\"960\" \/>\n\t<meta property=\"og:image:height\" content=\"640\" \/>\n\t<meta property=\"og:image:type\" content=\"image\/jpeg\" \/>\n<meta name=\"twitter:card\" content=\"summary_large_image\" \/>\n<meta name=\"twitter:site\" content=\"@Nationalstore\" \/>\n<meta name=\"twitter:label1\" content=\"Dur\u00e9e de lecture estim\u00e9e\" \/>\n\t<meta name=\"twitter:data1\" content=\"2 minutes\" \/>\n<script type=\"application\/ld+json\" class=\"yoast-schema-graph\">{\"@context\":\"https:\/\/schema.org\",\"@graph\":[{\"@type\":\"Organization\",\"@id\":\"https:\/\/nationalstore.be\/fr#organization\",\"name\":\"NATIONA(A)L ARTIST MARKET\",\"url\":\"https:\/\/nationalstore.be\/fr\",\"sameAs\":[\"https:\/\/www.instagram.com\/nationalstore\/\",\"https:\/\/www.facebook.com\/nationalstore\/?ref=br_rs\",\"https:\/\/twitter.com\/Nationalstore\"],\"logo\":{\"@type\":\"ImageObject\",\"inLanguage\":\"fr-FR\",\"@id\":\"https:\/\/nationalstore.be\/fr#\/schema\/logo\/image\/\",\"url\":\"https:\/\/nationalstore.be\/wp-content\/uploads\/2024\/03\/nationaal-logo_mauve-cmjn.png\",\"contentUrl\":\"https:\/\/nationalstore.be\/wp-content\/uploads\/2024\/03\/nationaal-logo_mauve-cmjn.png\",\"width\":3475,\"height\":1352,\"caption\":\"NATIONA(A)L ARTIST MARKET\"},\"image\":{\"@id\":\"https:\/\/nationalstore.be\/fr#\/schema\/logo\/image\/\"}},{\"@type\":\"WebSite\",\"@id\":\"https:\/\/nationalstore.be\/fr#website\",\"url\":\"https:\/\/nationalstore.be\/fr\",\"name\":\"NATIONA(A)L ARTIST SUPERMARKET\",\"description\":\"\",\"publisher\":{\"@id\":\"https:\/\/nationalstore.be\/fr#organization\"},\"potentialAction\":[{\"@type\":\"SearchAction\",\"target\":{\"@type\":\"EntryPoint\",\"urlTemplate\":\"https:\/\/nationalstore.be\/fr?s={search_term_string}\"},\"query-input\":\"required name=search_term_string\"}],\"inLanguage\":\"fr-FR\"},{\"@type\":\"ImageObject\",\"inLanguage\":\"fr-FR\",\"@id\":\"https:\/\/nationalstore.be\/fr\/produit\/voyoucratie#primaryimage\",\"url\":\"https:\/\/nationalstore.be\/wp-content\/uploads\/2020\/12\/couv-Decat-4-3.jpeg\",\"contentUrl\":\"https:\/\/nationalstore.be\/wp-content\/uploads\/2020\/12\/couv-Decat-4-3.jpeg\",\"width\":960,\"height\":640},{\"@type\":[\"WebPage\",\"ItemPage\"],\"@id\":\"https:\/\/nationalstore.be\/fr\/produit\/voyoucratie#webpage\",\"url\":\"https:\/\/nationalstore.be\/fr\/produit\/voyoucratie\",\"name\":\"Voyoucratie | E-shop artistes belges\",\"isPartOf\":{\"@id\":\"https:\/\/nationalstore.be\/fr#website\"},\"primaryImageOfPage\":{\"@id\":\"https:\/\/nationalstore.be\/fr\/produit\/voyoucratie#primaryimage\"},\"datePublished\":\"2020-12-03T19:53:33+00:00\",\"dateModified\":\"2022-09-28T11:31:35+00:00\",\"description\":\"Acheter un produit comme Voyoucratie? Laissez vous surprendre par nos artistes belges sp\u00e9cialis\u00e9s en produits artisanaux!\",\"breadcrumb\":{\"@id\":\"https:\/\/nationalstore.be\/fr\/produit\/voyoucratie#breadcrumb\"},\"inLanguage\":\"fr-FR\",\"potentialAction\":[{\"@type\":\"ReadAction\",\"target\":[\"https:\/\/nationalstore.be\/fr\/produit\/voyoucratie\"]}]},{\"@type\":\"BreadcrumbList\",\"@id\":\"https:\/\/nationalstore.be\/fr\/produit\/voyoucratie#breadcrumb\",\"itemListElement\":[{\"@type\":\"ListItem\",\"position\":1,\"name\":\"Home\",\"item\":\"https:\/\/nationalstore.be\/fr\"},{\"@type\":\"ListItem\",\"position\":2,\"name\":\"Produits\",\"item\":\"https:\/\/nationalstore.be\/fr\/shop\"},{\"@type\":\"ListItem\",\"position\":3,\"name\":\"Livres &amp; Illustrations\",\"item\":\"https:\/\/nationalstore.be\/fr\/pc\/livres-illustrations\"},{\"@type\":\"ListItem\",\"position\":4,\"name\":\"Voyoucratie\"}]}]}<\/script>\n<!-- \/ Yoast SEO plugin. -->","yoast_head_json":{"title":"Voyoucratie | E-shop artistes belges","description":"Acheter un produit comme Voyoucratie? Laissez vous surprendre par nos artistes belges sp\u00e9cialis\u00e9s en produits artisanaux!","robots":{"index":"index","follow":"follow","max-snippet":"max-snippet:-1","max-image-preview":"max-image-preview:large","max-video-preview":"max-video-preview:-1"},"canonical":"https:\/\/nationalstore.be\/fr\/produit\/voyoucratie","og_locale":"fr_FR","og_type":"article","og_title":"Voyoucratie | E-shop artistes belges","og_description":"Acheter un produit comme Voyoucratie? Laissez vous surprendre par nos artistes belges sp\u00e9cialis\u00e9s en produits artisanaux!","og_url":"https:\/\/nationalstore.be\/fr\/produit\/voyoucratie","og_site_name":"NATIONA(A)L ARTIST SUPERMARKET","article_publisher":"https:\/\/www.facebook.com\/nationalstore\/?ref=br_rs","article_modified_time":"2022-09-28T11:31:35+00:00","og_image":[{"width":960,"height":640,"url":"https:\/\/nationalstore.be\/wp-content\/uploads\/2020\/12\/couv-Decat-4-3.jpeg","type":"image\/jpeg"}],"twitter_card":"summary_large_image","twitter_site":"@Nationalstore","twitter_misc":{"Dur\u00e9e de lecture estim\u00e9e":"2 minutes"},"schema":{"@context":"https:\/\/schema.org","@graph":[{"@type":"Organization","@id":"https:\/\/nationalstore.be\/fr#organization","name":"NATIONA(A)L ARTIST MARKET","url":"https:\/\/nationalstore.be\/fr","sameAs":["https:\/\/www.instagram.com\/nationalstore\/","https:\/\/www.facebook.com\/nationalstore\/?ref=br_rs","https:\/\/twitter.com\/Nationalstore"],"logo":{"@type":"ImageObject","inLanguage":"fr-FR","@id":"https:\/\/nationalstore.be\/fr#\/schema\/logo\/image\/","url":"https:\/\/nationalstore.be\/wp-content\/uploads\/2024\/03\/nationaal-logo_mauve-cmjn.png","contentUrl":"https:\/\/nationalstore.be\/wp-content\/uploads\/2024\/03\/nationaal-logo_mauve-cmjn.png","width":3475,"height":1352,"caption":"NATIONA(A)L ARTIST MARKET"},"image":{"@id":"https:\/\/nationalstore.be\/fr#\/schema\/logo\/image\/"}},{"@type":"WebSite","@id":"https:\/\/nationalstore.be\/fr#website","url":"https:\/\/nationalstore.be\/fr","name":"NATIONA(A)L ARTIST SUPERMARKET","description":"","publisher":{"@id":"https:\/\/nationalstore.be\/fr#organization"},"potentialAction":[{"@type":"SearchAction","target":{"@type":"EntryPoint","urlTemplate":"https:\/\/nationalstore.be\/fr?s={search_term_string}"},"query-input":"required name=search_term_string"}],"inLanguage":"fr-FR"},{"@type":"ImageObject","inLanguage":"fr-FR","@id":"https:\/\/nationalstore.be\/fr\/produit\/voyoucratie#primaryimage","url":"https:\/\/nationalstore.be\/wp-content\/uploads\/2020\/12\/couv-Decat-4-3.jpeg","contentUrl":"https:\/\/nationalstore.be\/wp-content\/uploads\/2020\/12\/couv-Decat-4-3.jpeg","width":960,"height":640},{"@type":["WebPage","ItemPage"],"@id":"https:\/\/nationalstore.be\/fr\/produit\/voyoucratie#webpage","url":"https:\/\/nationalstore.be\/fr\/produit\/voyoucratie","name":"Voyoucratie | E-shop artistes belges","isPartOf":{"@id":"https:\/\/nationalstore.be\/fr#website"},"primaryImageOfPage":{"@id":"https:\/\/nationalstore.be\/fr\/produit\/voyoucratie#primaryimage"},"datePublished":"2020-12-03T19:53:33+00:00","dateModified":"2022-09-28T11:31:35+00:00","description":"Acheter un produit comme Voyoucratie? Laissez vous surprendre par nos artistes belges sp\u00e9cialis\u00e9s en produits artisanaux!","breadcrumb":{"@id":"https:\/\/nationalstore.be\/fr\/produit\/voyoucratie#breadcrumb"},"inLanguage":"fr-FR","potentialAction":[{"@type":"ReadAction","target":["https:\/\/nationalstore.be\/fr\/produit\/voyoucratie"]}]},{"@type":"BreadcrumbList","@id":"https:\/\/nationalstore.be\/fr\/produit\/voyoucratie#breadcrumb","itemListElement":[{"@type":"ListItem","position":1,"name":"Home","item":"https:\/\/nationalstore.be\/fr"},{"@type":"ListItem","position":2,"name":"Produits","item":"https:\/\/nationalstore.be\/fr\/shop"},{"@type":"ListItem","position":3,"name":"Livres &amp; Illustrations","item":"https:\/\/nationalstore.be\/fr\/pc\/livres-illustrations"},{"@type":"ListItem","position":4,"name":"Voyoucratie"}]}]}},"_links":{"self":[{"href":"https:\/\/nationalstore.be\/fr\/wp-json\/wp\/v2\/product\/5350"}],"collection":[{"href":"https:\/\/nationalstore.be\/fr\/wp-json\/wp\/v2\/product"}],"about":[{"href":"https:\/\/nationalstore.be\/fr\/wp-json\/wp\/v2\/types\/product"}],"wp:featuredmedia":[{"embeddable":true,"href":"https:\/\/nationalstore.be\/fr\/wp-json\/wp\/v2\/media\/5335"}],"wp:attachment":[{"href":"https:\/\/nationalstore.be\/fr\/wp-json\/wp\/v2\/media?parent=5350"}],"wp:term":[{"taxonomy":"product_cat","embeddable":true,"href":"https:\/\/nationalstore.be\/fr\/wp-json\/wp\/v2\/product_cat?post=5350"},{"taxonomy":"product_tag","embeddable":true,"href":"https:\/\/nationalstore.be\/fr\/wp-json\/wp\/v2\/product_tag?post=5350"}],"curies":[{"name":"wp","href":"https:\/\/api.w.org\/{rel}","templated":true}]}}