{"id":5330,"date":"2020-12-03T20:53:43","date_gmt":"2020-12-03T19:53:43","guid":{"rendered":"https:\/\/nationalstore.be\/?post_type=product&#038;p=5330"},"modified":"2020-12-04T16:31:40","modified_gmt":"2020-12-04T15:31:40","slug":"hello-monsters-untitled-odyssey","status":"publish","type":"product","link":"https:\/\/nationalstore.be\/fr\/produit\/hello-monsters-untitled-odyssey","title":{"rendered":"Hell&#8217;O Monsters Untitled Odyssey"},"content":{"rendered":"<div class=\"text text--headline\" style=\"box-sizing: border-box; font-kerning: normal; font-feature-settings: 'kern', 'liga', 'clig', 'calt', 'onum', 'pnum'; color: #000000; font-family: Gordita, Helvetica, Arial, sans-serif; font-size: 12px;\" data-mce-style=\"box-sizing: border-box; font-kerning: normal; font-feature-settings: 'kern', 'liga', 'clig', 'calt', 'onum', 'pnum'; color: #000000; font-family: Gordita, Helvetica, Arial, sans-serif; font-size: 12px;\">\n<p style=\"box-sizing: border-box; margin: 0px 0px 1.33333rem; font-size: 1.5rem; line-height: 2rem;\" data-mce-style=\"box-sizing: border-box; margin: 0px 0px 1.33333rem; font-size: 1.5rem; line-height: 2rem;\">Monographie consacr\u00e9e au duo Hell\u2019O bas\u00e9 \u00e0 Bruxelles pr\u00e9sentant une r\u00e9trospective de leurs productions artistiques, expositions et livres d\u2019artistes ainsi que leurs interventions grand format dans l\u2019espace public (\u00ab murals \u00bb). Plus de 225 visuels retracent le parcours de ces jeunes artistes dont l\u2019univers \u00e0 la fois \u00e9trange et familier ainsi que leur style toujours reconnaissable mais sans cesse renouvel\u00e9 ont conquis l\u2019Europe et les \u00c9tats-Unis.<\/p>\n<\/div>\n<div class=\"text\" style=\"box-sizing: border-box; font-kerning: normal; font-feature-settings: 'kern', 'liga', 'clig', 'calt', 'onum', 'pnum'; color: #000000; font-family: Gordita, Helvetica, Arial, sans-serif; font-size: 12px;\" data-mce-style=\"box-sizing: border-box; font-kerning: normal; font-feature-settings: 'kern', 'liga', 'clig', 'calt', 'onum', 'pnum'; color: #000000; font-family: Gordita, Helvetica, Arial, sans-serif; font-size: 12px;\">\n<p style=\"box-sizing: border-box; margin: 0px 0px 1.33333rem; font-size: 1.16667rem; line-height: 1.66667rem;\" data-mce-style=\"box-sizing: border-box; margin: 0px 0px 1.33333rem; font-size: 1.16667rem; line-height: 1.66667rem;\">Antoine Detaillle (1980) &#038; J\u00e9r\u00f4me Meynen (1982) sont Hell\u2019O. Ils ont cr\u00e9\u00e9 un style unique depuis leurs d\u00e9buts. Apr\u00e8s l\u2019usage exclusif du noir et blanc, la couleur est devenue progressivement essentielle dans leur univers. Les Hell\u2019O ont imagin\u00e9 un vocabulaire \u00e9nigmatique qu\u2019ils d\u00e9clinent \u00e0 l\u2019infini en surprenant toujours. Leurs peintures sont peupl\u00e9es de cr\u00e9atures imaginaires tenant de l\u2019humain ou de l\u2019animal qui prennent vie et suscitent la r\u00e9flexion et l\u2019\u00e9merveillement. Leur monde est tant\u00f4t all\u00e9gorique, tant\u00f4t \u00e9sot\u00e9rique et toujours trait\u00e9 avec finesse, rigueur et une distance teint\u00e9e d\u2019humour. On peut d\u00e9couvrir de nombreuses \u0153uvres murales du duo, commandes d\u2019institutions publiques comme priv\u00e9es, en Belgique, en Europe (Espagne, Italie, France, Pologne\u2026) et aux \u00c9tats-Unis.<\/p>\n<\/div>\n<div class=\"text text--authors\" style=\"box-sizing: border-box; font-kerning: normal; font-feature-settings: 'kern', 'liga', 'clig', 'calt', 'onum', 'pnum'; color: #000000; font-family: Gordita, Helvetica, Arial, sans-serif; font-size: 12px;\" data-mce-style=\"box-sizing: border-box; font-kerning: normal; font-feature-settings: 'kern', 'liga', 'clig', 'calt', 'onum', 'pnum'; color: #000000; font-family: Gordita, Helvetica, Arial, sans-serif; font-size: 12px;\">\n<div class=\"authors__short\" style=\"box-sizing: border-box;\" data-mce-style=\"box-sizing: border-box;\">\n<h5 style=\"box-sizing: border-box; margin: 0px; font-weight: 500; font-size: 1.33333rem; line-height: 1.66667rem;\" data-mce-style=\"box-sizing: border-box; margin: 0px; font-weight: 500; font-size: 1.33333rem; line-height: 1.66667rem;\">Hell&#8217;O collective<\/h5>\n<\/div>\n<\/div>\n","protected":false},"excerpt":{"rendered":"<h2 class=\"subtitle subtitle--header\" style=\"box-sizing: border-box; margin: 0.666667rem 0px 0px; font-weight: 500; font-size: 1.75rem; line-height: 2.33333rem; color: #000000; font-family: Gordita, Helvetica, Arial, sans-serif;\" data-mce-style=\"box-sizing: border-box; margin: 0.666667rem 0px 0px; font-weight: 500; font-size: 1.75rem; line-height: 2.33333rem; color: #000000; font-family: Gordita, Helvetica, Arial, sans-serif;\">Hell&#8217;O Collective<\/h2>\n","protected":false},"featured_media":5305,"template":"","meta":[],"product_cat":[16],"product_tag":[],"yoast_head":"<!-- This site is optimized with the Yoast SEO plugin v19.1 - https:\/\/yoast.com\/wordpress\/plugins\/seo\/ -->\n<title>Hell&#039;O Monsters Untitled Odyssey | E-shop artistes belges<\/title>\n<meta name=\"description\" content=\"Acheter un produit comme Hell&#039;O Monsters Untitled Odyssey? Laissez vous surprendre par nos artistes belges sp\u00e9cialis\u00e9s en produits artisanaux!\" \/>\n<meta name=\"robots\" content=\"index, follow, max-snippet:-1, max-image-preview:large, max-video-preview:-1\" \/>\n<link rel=\"canonical\" href=\"https:\/\/nationalstore.be\/fr\/produit\/hello-monsters-untitled-odyssey\" \/>\n<meta property=\"og:locale\" content=\"fr_FR\" \/>\n<meta property=\"og:type\" content=\"article\" \/>\n<meta property=\"og:title\" content=\"Hell&#039;O Monsters Untitled Odyssey | E-shop artistes belges\" \/>\n<meta property=\"og:description\" content=\"Acheter un produit comme Hell&#039;O Monsters Untitled Odyssey? Laissez vous surprendre par nos artistes belges sp\u00e9cialis\u00e9s en produits artisanaux!\" \/>\n<meta property=\"og:url\" content=\"https:\/\/nationalstore.be\/fr\/produit\/hello-monsters-untitled-odyssey\" \/>\n<meta property=\"og:site_name\" content=\"NATIONA(A)L ARTIST SUPERMARKET\" \/>\n<meta property=\"article:publisher\" content=\"https:\/\/www.facebook.com\/nationalstore\/?ref=br_rs\" \/>\n<meta property=\"article:modified_time\" content=\"2020-12-04T15:31:40+00:00\" \/>\n<meta property=\"og:image\" content=\"https:\/\/nationalstore.be\/wp-content\/uploads\/2020\/12\/hellO-couv-4-3.jpeg\" \/>\n\t<meta property=\"og:image:width\" content=\"960\" \/>\n\t<meta property=\"og:image:height\" content=\"640\" \/>\n\t<meta property=\"og:image:type\" content=\"image\/jpeg\" \/>\n<meta name=\"twitter:card\" content=\"summary_large_image\" \/>\n<meta name=\"twitter:site\" content=\"@Nationalstore\" \/>\n<meta name=\"twitter:label1\" content=\"Dur\u00e9e de lecture estim\u00e9e\" \/>\n\t<meta name=\"twitter:data1\" content=\"1 minute\" \/>\n<script type=\"application\/ld+json\" class=\"yoast-schema-graph\">{\"@context\":\"https:\/\/schema.org\",\"@graph\":[{\"@type\":\"Organization\",\"@id\":\"https:\/\/nationalstore.be\/fr#organization\",\"name\":\"NATIONA(A)L ARTIST MARKET\",\"url\":\"https:\/\/nationalstore.be\/fr\",\"sameAs\":[\"https:\/\/www.instagram.com\/nationalstore\/\",\"https:\/\/www.facebook.com\/nationalstore\/?ref=br_rs\",\"https:\/\/twitter.com\/Nationalstore\"],\"logo\":{\"@type\":\"ImageObject\",\"inLanguage\":\"fr-FR\",\"@id\":\"https:\/\/nationalstore.be\/fr#\/schema\/logo\/image\/\",\"url\":\"https:\/\/nationalstore.be\/wp-content\/uploads\/2024\/03\/nationaal-logo_mauve-cmjn.png\",\"contentUrl\":\"https:\/\/nationalstore.be\/wp-content\/uploads\/2024\/03\/nationaal-logo_mauve-cmjn.png\",\"width\":3475,\"height\":1352,\"caption\":\"NATIONA(A)L ARTIST MARKET\"},\"image\":{\"@id\":\"https:\/\/nationalstore.be\/fr#\/schema\/logo\/image\/\"}},{\"@type\":\"WebSite\",\"@id\":\"https:\/\/nationalstore.be\/fr#website\",\"url\":\"https:\/\/nationalstore.be\/fr\",\"name\":\"NATIONA(A)L ARTIST SUPERMARKET\",\"description\":\"\",\"publisher\":{\"@id\":\"https:\/\/nationalstore.be\/fr#organization\"},\"potentialAction\":[{\"@type\":\"SearchAction\",\"target\":{\"@type\":\"EntryPoint\",\"urlTemplate\":\"https:\/\/nationalstore.be\/fr?s={search_term_string}\"},\"query-input\":\"required name=search_term_string\"}],\"inLanguage\":\"fr-FR\"},{\"@type\":\"ImageObject\",\"inLanguage\":\"fr-FR\",\"@id\":\"https:\/\/nationalstore.be\/fr\/produit\/hello-monsters-untitled-odyssey#primaryimage\",\"url\":\"https:\/\/nationalstore.be\/wp-content\/uploads\/2020\/12\/hellO-couv-4-3.jpeg\",\"contentUrl\":\"https:\/\/nationalstore.be\/wp-content\/uploads\/2020\/12\/hellO-couv-4-3.jpeg\",\"width\":960,\"height\":640},{\"@type\":[\"WebPage\",\"ItemPage\"],\"@id\":\"https:\/\/nationalstore.be\/fr\/produit\/hello-monsters-untitled-odyssey#webpage\",\"url\":\"https:\/\/nationalstore.be\/fr\/produit\/hello-monsters-untitled-odyssey\",\"name\":\"Hell'O Monsters Untitled Odyssey | E-shop artistes belges\",\"isPartOf\":{\"@id\":\"https:\/\/nationalstore.be\/fr#website\"},\"primaryImageOfPage\":{\"@id\":\"https:\/\/nationalstore.be\/fr\/produit\/hello-monsters-untitled-odyssey#primaryimage\"},\"datePublished\":\"2020-12-03T19:53:43+00:00\",\"dateModified\":\"2020-12-04T15:31:40+00:00\",\"description\":\"Acheter un produit comme Hell'O Monsters Untitled Odyssey? Laissez vous surprendre par nos artistes belges sp\u00e9cialis\u00e9s en produits artisanaux!\",\"breadcrumb\":{\"@id\":\"https:\/\/nationalstore.be\/fr\/produit\/hello-monsters-untitled-odyssey#breadcrumb\"},\"inLanguage\":\"fr-FR\",\"potentialAction\":[{\"@type\":\"ReadAction\",\"target\":[\"https:\/\/nationalstore.be\/fr\/produit\/hello-monsters-untitled-odyssey\"]}]},{\"@type\":\"BreadcrumbList\",\"@id\":\"https:\/\/nationalstore.be\/fr\/produit\/hello-monsters-untitled-odyssey#breadcrumb\",\"itemListElement\":[{\"@type\":\"ListItem\",\"position\":1,\"name\":\"Home\",\"item\":\"https:\/\/nationalstore.be\/fr\"},{\"@type\":\"ListItem\",\"position\":2,\"name\":\"Produits\",\"item\":\"https:\/\/nationalstore.be\/fr\/shop\"},{\"@type\":\"ListItem\",\"position\":3,\"name\":\"Arts plastiques\",\"item\":\"https:\/\/nationalstore.be\/fr\/pc\/arts-plastiques\"},{\"@type\":\"ListItem\",\"position\":4,\"name\":\"Hell&#8217;O Monsters Untitled Odyssey\"}]}]}<\/script>\n<!-- \/ Yoast SEO plugin. -->","yoast_head_json":{"title":"Hell'O Monsters Untitled Odyssey | E-shop artistes belges","description":"Acheter un produit comme Hell'O Monsters Untitled Odyssey? Laissez vous surprendre par nos artistes belges sp\u00e9cialis\u00e9s en produits artisanaux!","robots":{"index":"index","follow":"follow","max-snippet":"max-snippet:-1","max-image-preview":"max-image-preview:large","max-video-preview":"max-video-preview:-1"},"canonical":"https:\/\/nationalstore.be\/fr\/produit\/hello-monsters-untitled-odyssey","og_locale":"fr_FR","og_type":"article","og_title":"Hell'O Monsters Untitled Odyssey | E-shop artistes belges","og_description":"Acheter un produit comme Hell'O Monsters Untitled Odyssey? Laissez vous surprendre par nos artistes belges sp\u00e9cialis\u00e9s en produits artisanaux!","og_url":"https:\/\/nationalstore.be\/fr\/produit\/hello-monsters-untitled-odyssey","og_site_name":"NATIONA(A)L ARTIST SUPERMARKET","article_publisher":"https:\/\/www.facebook.com\/nationalstore\/?ref=br_rs","article_modified_time":"2020-12-04T15:31:40+00:00","og_image":[{"width":960,"height":640,"url":"https:\/\/nationalstore.be\/wp-content\/uploads\/2020\/12\/hellO-couv-4-3.jpeg","type":"image\/jpeg"}],"twitter_card":"summary_large_image","twitter_site":"@Nationalstore","twitter_misc":{"Dur\u00e9e de lecture estim\u00e9e":"1 minute"},"schema":{"@context":"https:\/\/schema.org","@graph":[{"@type":"Organization","@id":"https:\/\/nationalstore.be\/fr#organization","name":"NATIONA(A)L ARTIST MARKET","url":"https:\/\/nationalstore.be\/fr","sameAs":["https:\/\/www.instagram.com\/nationalstore\/","https:\/\/www.facebook.com\/nationalstore\/?ref=br_rs","https:\/\/twitter.com\/Nationalstore"],"logo":{"@type":"ImageObject","inLanguage":"fr-FR","@id":"https:\/\/nationalstore.be\/fr#\/schema\/logo\/image\/","url":"https:\/\/nationalstore.be\/wp-content\/uploads\/2024\/03\/nationaal-logo_mauve-cmjn.png","contentUrl":"https:\/\/nationalstore.be\/wp-content\/uploads\/2024\/03\/nationaal-logo_mauve-cmjn.png","width":3475,"height":1352,"caption":"NATIONA(A)L ARTIST MARKET"},"image":{"@id":"https:\/\/nationalstore.be\/fr#\/schema\/logo\/image\/"}},{"@type":"WebSite","@id":"https:\/\/nationalstore.be\/fr#website","url":"https:\/\/nationalstore.be\/fr","name":"NATIONA(A)L ARTIST SUPERMARKET","description":"","publisher":{"@id":"https:\/\/nationalstore.be\/fr#organization"},"potentialAction":[{"@type":"SearchAction","target":{"@type":"EntryPoint","urlTemplate":"https:\/\/nationalstore.be\/fr?s={search_term_string}"},"query-input":"required name=search_term_string"}],"inLanguage":"fr-FR"},{"@type":"ImageObject","inLanguage":"fr-FR","@id":"https:\/\/nationalstore.be\/fr\/produit\/hello-monsters-untitled-odyssey#primaryimage","url":"https:\/\/nationalstore.be\/wp-content\/uploads\/2020\/12\/hellO-couv-4-3.jpeg","contentUrl":"https:\/\/nationalstore.be\/wp-content\/uploads\/2020\/12\/hellO-couv-4-3.jpeg","width":960,"height":640},{"@type":["WebPage","ItemPage"],"@id":"https:\/\/nationalstore.be\/fr\/produit\/hello-monsters-untitled-odyssey#webpage","url":"https:\/\/nationalstore.be\/fr\/produit\/hello-monsters-untitled-odyssey","name":"Hell'O Monsters Untitled Odyssey | E-shop artistes belges","isPartOf":{"@id":"https:\/\/nationalstore.be\/fr#website"},"primaryImageOfPage":{"@id":"https:\/\/nationalstore.be\/fr\/produit\/hello-monsters-untitled-odyssey#primaryimage"},"datePublished":"2020-12-03T19:53:43+00:00","dateModified":"2020-12-04T15:31:40+00:00","description":"Acheter un produit comme Hell'O Monsters Untitled Odyssey? Laissez vous surprendre par nos artistes belges sp\u00e9cialis\u00e9s en produits artisanaux!","breadcrumb":{"@id":"https:\/\/nationalstore.be\/fr\/produit\/hello-monsters-untitled-odyssey#breadcrumb"},"inLanguage":"fr-FR","potentialAction":[{"@type":"ReadAction","target":["https:\/\/nationalstore.be\/fr\/produit\/hello-monsters-untitled-odyssey"]}]},{"@type":"BreadcrumbList","@id":"https:\/\/nationalstore.be\/fr\/produit\/hello-monsters-untitled-odyssey#breadcrumb","itemListElement":[{"@type":"ListItem","position":1,"name":"Home","item":"https:\/\/nationalstore.be\/fr"},{"@type":"ListItem","position":2,"name":"Produits","item":"https:\/\/nationalstore.be\/fr\/shop"},{"@type":"ListItem","position":3,"name":"Arts plastiques","item":"https:\/\/nationalstore.be\/fr\/pc\/arts-plastiques"},{"@type":"ListItem","position":4,"name":"Hell&#8217;O Monsters Untitled Odyssey"}]}]}},"_links":{"self":[{"href":"https:\/\/nationalstore.be\/fr\/wp-json\/wp\/v2\/product\/5330"}],"collection":[{"href":"https:\/\/nationalstore.be\/fr\/wp-json\/wp\/v2\/product"}],"about":[{"href":"https:\/\/nationalstore.be\/fr\/wp-json\/wp\/v2\/types\/product"}],"wp:featuredmedia":[{"embeddable":true,"href":"https:\/\/nationalstore.be\/fr\/wp-json\/wp\/v2\/media\/5305"}],"wp:attachment":[{"href":"https:\/\/nationalstore.be\/fr\/wp-json\/wp\/v2\/media?parent=5330"}],"wp:term":[{"taxonomy":"product_cat","embeddable":true,"href":"https:\/\/nationalstore.be\/fr\/wp-json\/wp\/v2\/product_cat?post=5330"},{"taxonomy":"product_tag","embeddable":true,"href":"https:\/\/nationalstore.be\/fr\/wp-json\/wp\/v2\/product_tag?post=5330"}],"curies":[{"name":"wp","href":"https:\/\/api.w.org\/{rel}","templated":true}]}}