{"id":53044,"date":"2024-04-23T20:30:41","date_gmt":"2024-04-23T18:30:41","guid":{"rendered":"https:\/\/nationalstore.be\/?post_type=product&#038;p=53044"},"modified":"2024-04-24T18:19:18","modified_gmt":"2024-04-24T16:19:18","slug":"the-tree","status":"publish","type":"product","link":"https:\/\/nationalstore.be\/fr\/produit\/the-tree","title":{"rendered":"The Tree"},"content":{"rendered":"<p><br data-mce-bogus=\"1\"><\/p>\n<p>\u00c0 propos de l&#8217;\u0153uvre d&#8217;art :<\/p>\n<p>R\u00e9alis\u00e9e avec des acryliques vibrantes, ma peinture est une danse passionn\u00e9e de l&#8217;expressionnisme et d&#8217;une forme semi-abstraite d&#8217;une sc\u00e8ne que j&#8217;ai vue \u00e0 Tulum, au Mexique.  Les branches entrelac\u00e9es racontent des histoires de r\u00e9silience et de croissance. \u00c0 l&#8217;arri\u00e8re-plan, les eaux de la mer des Cara\u00efbes se montrent, accentu\u00e9es par des taches vibrantes de sargasses rouges, cr\u00e9ant un m\u00e9lange harmonieux de couleurs.<\/p>\n","protected":false},"excerpt":{"rendered":"<p>Acrylique sur toile<\/p>\n<p>100 X 120 cm<\/p>\n<p>Avec un cadre en bois naturel.<\/p>\n<p>Possibilit\u00e9 de venir voir la peinture au studio<\/p>\n<p><img loading=\"lazy\" class=\"alignnone size-medium wp-image-53041\" src=\"https:\/\/nationalstore.be\/wp-content\/uploads\/2024\/04\/IMG_1314-225x300.jpeg\" alt=\"\" width=\"225\" height=\"300\" data-mce-src=\"https:\/\/nationalstore.be\/wp-content\/uploads\/2024\/04\/IMG_1314-225x300.jpeg\" srcset=\"https:\/\/nationalstore.be\/wp-content\/uploads\/2024\/04\/IMG_1314-225x300.jpeg 225w, https:\/\/nationalstore.be\/wp-content\/uploads\/2024\/04\/IMG_1314-768x1024.jpeg 768w, https:\/\/nationalstore.be\/wp-content\/uploads\/2024\/04\/IMG_1314-1152x1536.jpeg 1152w, https:\/\/nationalstore.be\/wp-content\/uploads\/2024\/04\/IMG_1314-1536x2048.jpeg 1536w, https:\/\/nationalstore.be\/wp-content\/uploads\/2024\/04\/IMG_1314-300x400.jpeg 300w, https:\/\/nationalstore.be\/wp-content\/uploads\/2024\/04\/IMG_1314-600x800.jpeg 600w, https:\/\/nationalstore.be\/wp-content\/uploads\/2024\/04\/IMG_1314-scaled.jpeg 1920w\" sizes=\"(max-width: 225px) 100vw, 225px\" \/> <img loading=\"lazy\" class=\"alignnone size-medium wp-image-53038\" src=\"https:\/\/nationalstore.be\/wp-content\/uploads\/2024\/04\/IMG_1313-225x300.jpeg\" alt=\"\" width=\"225\" height=\"300\" data-mce-src=\"https:\/\/nationalstore.be\/wp-content\/uploads\/2024\/04\/IMG_1313-225x300.jpeg\" srcset=\"https:\/\/nationalstore.be\/wp-content\/uploads\/2024\/04\/IMG_1313-225x300.jpeg 225w, https:\/\/nationalstore.be\/wp-content\/uploads\/2024\/04\/IMG_1313-768x1024.jpeg 768w, https:\/\/nationalstore.be\/wp-content\/uploads\/2024\/04\/IMG_1313-1152x1536.jpeg 1152w, https:\/\/nationalstore.be\/wp-content\/uploads\/2024\/04\/IMG_1313-1536x2048.jpeg 1536w, https:\/\/nationalstore.be\/wp-content\/uploads\/2024\/04\/IMG_1313-300x400.jpeg 300w, https:\/\/nationalstore.be\/wp-content\/uploads\/2024\/04\/IMG_1313-600x800.jpeg 600w, https:\/\/nationalstore.be\/wp-content\/uploads\/2024\/04\/IMG_1313-scaled.jpeg 1920w\" sizes=\"(max-width: 225px) 100vw, 225px\" \/> <img loading=\"lazy\" class=\"alignnone size-medium wp-image-53035\" src=\"https:\/\/nationalstore.be\/wp-content\/uploads\/2024\/04\/IMG_8675-225x300.jpeg\" alt=\"\" width=\"225\" height=\"300\" data-mce-src=\"https:\/\/nationalstore.be\/wp-content\/uploads\/2024\/04\/IMG_8675-225x300.jpeg\" srcset=\"https:\/\/nationalstore.be\/wp-content\/uploads\/2024\/04\/IMG_8675-225x300.jpeg 225w, https:\/\/nationalstore.be\/wp-content\/uploads\/2024\/04\/IMG_8675-768x1024.jpeg 768w, https:\/\/nationalstore.be\/wp-content\/uploads\/2024\/04\/IMG_8675-1152x1536.jpeg 1152w, https:\/\/nationalstore.be\/wp-content\/uploads\/2024\/04\/IMG_8675-1536x2048.jpeg 1536w, https:\/\/nationalstore.be\/wp-content\/uploads\/2024\/04\/IMG_8675-300x400.jpeg 300w, https:\/\/nationalstore.be\/wp-content\/uploads\/2024\/04\/IMG_8675-600x800.jpeg 600w, https:\/\/nationalstore.be\/wp-content\/uploads\/2024\/04\/IMG_8675-scaled.jpeg 1920w\" sizes=\"(max-width: 225px) 100vw, 225px\" \/> <img loading=\"lazy\" class=\"alignnone size-medium wp-image-53032\" src=\"https:\/\/nationalstore.be\/wp-content\/uploads\/2024\/04\/IMG_8673-225x300.jpeg\" alt=\"\" width=\"225\" height=\"300\" data-mce-src=\"https:\/\/nationalstore.be\/wp-content\/uploads\/2024\/04\/IMG_8673-225x300.jpeg\" srcset=\"https:\/\/nationalstore.be\/wp-content\/uploads\/2024\/04\/IMG_8673-225x300.jpeg 225w, https:\/\/nationalstore.be\/wp-content\/uploads\/2024\/04\/IMG_8673-768x1024.jpeg 768w, https:\/\/nationalstore.be\/wp-content\/uploads\/2024\/04\/IMG_8673-1152x1536.jpeg 1152w, https:\/\/nationalstore.be\/wp-content\/uploads\/2024\/04\/IMG_8673-1536x2048.jpeg 1536w, https:\/\/nationalstore.be\/wp-content\/uploads\/2024\/04\/IMG_8673-300x400.jpeg 300w, https:\/\/nationalstore.be\/wp-content\/uploads\/2024\/04\/IMG_8673-600x800.jpeg 600w, https:\/\/nationalstore.be\/wp-content\/uploads\/2024\/04\/IMG_8673-scaled.jpeg 1920w\" sizes=\"(max-width: 225px) 100vw, 225px\" \/> <img loading=\"lazy\" class=\"alignnone size-medium wp-image-53029\" src=\"https:\/\/nationalstore.be\/wp-content\/uploads\/2024\/04\/IMG_8671-225x300.jpeg\" alt=\"\" width=\"225\" height=\"300\" data-mce-src=\"https:\/\/nationalstore.be\/wp-content\/uploads\/2024\/04\/IMG_8671-225x300.jpeg\" srcset=\"https:\/\/nationalstore.be\/wp-content\/uploads\/2024\/04\/IMG_8671-225x300.jpeg 225w, https:\/\/nationalstore.be\/wp-content\/uploads\/2024\/04\/IMG_8671-768x1024.jpeg 768w, https:\/\/nationalstore.be\/wp-content\/uploads\/2024\/04\/IMG_8671-1152x1536.jpeg 1152w, https:\/\/nationalstore.be\/wp-content\/uploads\/2024\/04\/IMG_8671-1536x2048.jpeg 1536w, https:\/\/nationalstore.be\/wp-content\/uploads\/2024\/04\/IMG_8671-300x400.jpeg 300w, https:\/\/nationalstore.be\/wp-content\/uploads\/2024\/04\/IMG_8671-600x800.jpeg 600w, https:\/\/nationalstore.be\/wp-content\/uploads\/2024\/04\/IMG_8671-scaled.jpeg 1920w\" sizes=\"(max-width: 225px) 100vw, 225px\" \/><\/p>\n","protected":false},"featured_media":53023,"template":"","meta":[],"product_cat":[3410,570,2933],"product_tag":[1275,1133,2341,477,2970,321,825,363,2969,333,1168,3399,3420,296],"yoast_head":"<!-- This site is optimized with the Yoast SEO plugin v19.1 - https:\/\/yoast.com\/wordpress\/plugins\/seo\/ -->\n<title>The Tree | E-shop artistes belges<\/title>\n<meta name=\"description\" content=\"Acheter un produit comme The Tree? Laissez vous surprendre par nos artistes belges sp\u00e9cialis\u00e9s en produits artisanaux!\" \/>\n<meta name=\"robots\" content=\"index, follow, max-snippet:-1, max-image-preview:large, max-video-preview:-1\" \/>\n<link rel=\"canonical\" href=\"https:\/\/nationalstore.be\/fr\/produit\/the-tree\" \/>\n<meta property=\"og:locale\" content=\"fr_FR\" \/>\n<meta property=\"og:type\" content=\"article\" \/>\n<meta property=\"og:title\" content=\"The Tree | E-shop artistes belges\" \/>\n<meta property=\"og:description\" content=\"Acheter un produit comme The Tree? Laissez vous surprendre par nos artistes belges sp\u00e9cialis\u00e9s en produits artisanaux!\" \/>\n<meta property=\"og:url\" content=\"https:\/\/nationalstore.be\/fr\/produit\/the-tree\" \/>\n<meta property=\"og:site_name\" content=\"NATIONA(A)L ARTIST SUPERMARKET\" \/>\n<meta property=\"article:publisher\" content=\"https:\/\/www.facebook.com\/nationalstore\/?ref=br_rs\" \/>\n<meta property=\"article:modified_time\" content=\"2024-04-24T16:19:18+00:00\" \/>\n<meta property=\"og:image\" content=\"https:\/\/nationalstore.be\/wp-content\/uploads\/2024\/04\/IMG_8670-scaled.jpeg\" \/>\n\t<meta property=\"og:image:width\" content=\"2113\" \/>\n\t<meta property=\"og:image:height\" content=\"2560\" \/>\n\t<meta property=\"og:image:type\" content=\"image\/jpeg\" \/>\n<meta name=\"twitter:card\" content=\"summary_large_image\" \/>\n<meta name=\"twitter:site\" content=\"@Nationalstore\" \/>\n<script type=\"application\/ld+json\" class=\"yoast-schema-graph\">{\"@context\":\"https:\/\/schema.org\",\"@graph\":[{\"@type\":\"Organization\",\"@id\":\"https:\/\/nationalstore.be\/fr#organization\",\"name\":\"NATIONA(A)L ARTIST MARKET\",\"url\":\"https:\/\/nationalstore.be\/fr\",\"sameAs\":[\"https:\/\/www.instagram.com\/nationalstore\/\",\"https:\/\/www.facebook.com\/nationalstore\/?ref=br_rs\",\"https:\/\/twitter.com\/Nationalstore\"],\"logo\":{\"@type\":\"ImageObject\",\"inLanguage\":\"fr-FR\",\"@id\":\"https:\/\/nationalstore.be\/fr#\/schema\/logo\/image\/\",\"url\":\"https:\/\/nationalstore.be\/wp-content\/uploads\/2024\/03\/nationaal-logo_mauve-cmjn.png\",\"contentUrl\":\"https:\/\/nationalstore.be\/wp-content\/uploads\/2024\/03\/nationaal-logo_mauve-cmjn.png\",\"width\":3475,\"height\":1352,\"caption\":\"NATIONA(A)L ARTIST MARKET\"},\"image\":{\"@id\":\"https:\/\/nationalstore.be\/fr#\/schema\/logo\/image\/\"}},{\"@type\":\"WebSite\",\"@id\":\"https:\/\/nationalstore.be\/fr#website\",\"url\":\"https:\/\/nationalstore.be\/fr\",\"name\":\"NATIONA(A)L ARTIST SUPERMARKET\",\"description\":\"\",\"publisher\":{\"@id\":\"https:\/\/nationalstore.be\/fr#organization\"},\"potentialAction\":[{\"@type\":\"SearchAction\",\"target\":{\"@type\":\"EntryPoint\",\"urlTemplate\":\"https:\/\/nationalstore.be\/fr?s={search_term_string}\"},\"query-input\":\"required name=search_term_string\"}],\"inLanguage\":\"fr-FR\"},{\"@type\":\"ImageObject\",\"inLanguage\":\"fr-FR\",\"@id\":\"https:\/\/nationalstore.be\/fr\/produit\/the-tree#primaryimage\",\"url\":\"https:\/\/nationalstore.be\/wp-content\/uploads\/2024\/04\/IMG_8670-scaled.jpeg\",\"contentUrl\":\"https:\/\/nationalstore.be\/wp-content\/uploads\/2024\/04\/IMG_8670-scaled.jpeg\",\"width\":2113,\"height\":2560},{\"@type\":[\"WebPage\",\"ItemPage\"],\"@id\":\"https:\/\/nationalstore.be\/fr\/produit\/the-tree#webpage\",\"url\":\"https:\/\/nationalstore.be\/fr\/produit\/the-tree\",\"name\":\"The Tree | E-shop artistes belges\",\"isPartOf\":{\"@id\":\"https:\/\/nationalstore.be\/fr#website\"},\"primaryImageOfPage\":{\"@id\":\"https:\/\/nationalstore.be\/fr\/produit\/the-tree#primaryimage\"},\"datePublished\":\"2024-04-23T18:30:41+00:00\",\"dateModified\":\"2024-04-24T16:19:18+00:00\",\"description\":\"Acheter un produit comme The Tree? Laissez vous surprendre par nos artistes belges sp\u00e9cialis\u00e9s en produits artisanaux!\",\"breadcrumb\":{\"@id\":\"https:\/\/nationalstore.be\/fr\/produit\/the-tree#breadcrumb\"},\"inLanguage\":\"fr-FR\",\"potentialAction\":[{\"@type\":\"ReadAction\",\"target\":[\"https:\/\/nationalstore.be\/fr\/produit\/the-tree\"]}]},{\"@type\":\"BreadcrumbList\",\"@id\":\"https:\/\/nationalstore.be\/fr\/produit\/the-tree#breadcrumb\",\"itemListElement\":[{\"@type\":\"ListItem\",\"position\":1,\"name\":\"Home\",\"item\":\"https:\/\/nationalstore.be\/fr\"},{\"@type\":\"ListItem\",\"position\":2,\"name\":\"Produits\",\"item\":\"https:\/\/nationalstore.be\/fr\/shop\"},{\"@type\":\"ListItem\",\"position\":3,\"name\":\"Arts plastiques\",\"item\":\"https:\/\/nationalstore.be\/fr\/pc\/arts-plastiques\"},{\"@type\":\"ListItem\",\"position\":4,\"name\":\"Peinture\",\"item\":\"https:\/\/nationalstore.be\/fr\/pc\/arts-plastiques\/peinture\"},{\"@type\":\"ListItem\",\"position\":5,\"name\":\"The Tree\"}]}]}<\/script>\n<!-- \/ Yoast SEO plugin. -->","yoast_head_json":{"title":"The Tree | E-shop artistes belges","description":"Acheter un produit comme The Tree? Laissez vous surprendre par nos artistes belges sp\u00e9cialis\u00e9s en produits artisanaux!","robots":{"index":"index","follow":"follow","max-snippet":"max-snippet:-1","max-image-preview":"max-image-preview:large","max-video-preview":"max-video-preview:-1"},"canonical":"https:\/\/nationalstore.be\/fr\/produit\/the-tree","og_locale":"fr_FR","og_type":"article","og_title":"The Tree | E-shop artistes belges","og_description":"Acheter un produit comme The Tree? Laissez vous surprendre par nos artistes belges sp\u00e9cialis\u00e9s en produits artisanaux!","og_url":"https:\/\/nationalstore.be\/fr\/produit\/the-tree","og_site_name":"NATIONA(A)L ARTIST SUPERMARKET","article_publisher":"https:\/\/www.facebook.com\/nationalstore\/?ref=br_rs","article_modified_time":"2024-04-24T16:19:18+00:00","og_image":[{"width":2113,"height":2560,"url":"https:\/\/nationalstore.be\/wp-content\/uploads\/2024\/04\/IMG_8670-scaled.jpeg","type":"image\/jpeg"}],"twitter_card":"summary_large_image","twitter_site":"@Nationalstore","schema":{"@context":"https:\/\/schema.org","@graph":[{"@type":"Organization","@id":"https:\/\/nationalstore.be\/fr#organization","name":"NATIONA(A)L ARTIST MARKET","url":"https:\/\/nationalstore.be\/fr","sameAs":["https:\/\/www.instagram.com\/nationalstore\/","https:\/\/www.facebook.com\/nationalstore\/?ref=br_rs","https:\/\/twitter.com\/Nationalstore"],"logo":{"@type":"ImageObject","inLanguage":"fr-FR","@id":"https:\/\/nationalstore.be\/fr#\/schema\/logo\/image\/","url":"https:\/\/nationalstore.be\/wp-content\/uploads\/2024\/03\/nationaal-logo_mauve-cmjn.png","contentUrl":"https:\/\/nationalstore.be\/wp-content\/uploads\/2024\/03\/nationaal-logo_mauve-cmjn.png","width":3475,"height":1352,"caption":"NATIONA(A)L ARTIST MARKET"},"image":{"@id":"https:\/\/nationalstore.be\/fr#\/schema\/logo\/image\/"}},{"@type":"WebSite","@id":"https:\/\/nationalstore.be\/fr#website","url":"https:\/\/nationalstore.be\/fr","name":"NATIONA(A)L ARTIST SUPERMARKET","description":"","publisher":{"@id":"https:\/\/nationalstore.be\/fr#organization"},"potentialAction":[{"@type":"SearchAction","target":{"@type":"EntryPoint","urlTemplate":"https:\/\/nationalstore.be\/fr?s={search_term_string}"},"query-input":"required name=search_term_string"}],"inLanguage":"fr-FR"},{"@type":"ImageObject","inLanguage":"fr-FR","@id":"https:\/\/nationalstore.be\/fr\/produit\/the-tree#primaryimage","url":"https:\/\/nationalstore.be\/wp-content\/uploads\/2024\/04\/IMG_8670-scaled.jpeg","contentUrl":"https:\/\/nationalstore.be\/wp-content\/uploads\/2024\/04\/IMG_8670-scaled.jpeg","width":2113,"height":2560},{"@type":["WebPage","ItemPage"],"@id":"https:\/\/nationalstore.be\/fr\/produit\/the-tree#webpage","url":"https:\/\/nationalstore.be\/fr\/produit\/the-tree","name":"The Tree | E-shop artistes belges","isPartOf":{"@id":"https:\/\/nationalstore.be\/fr#website"},"primaryImageOfPage":{"@id":"https:\/\/nationalstore.be\/fr\/produit\/the-tree#primaryimage"},"datePublished":"2024-04-23T18:30:41+00:00","dateModified":"2024-04-24T16:19:18+00:00","description":"Acheter un produit comme The Tree? Laissez vous surprendre par nos artistes belges sp\u00e9cialis\u00e9s en produits artisanaux!","breadcrumb":{"@id":"https:\/\/nationalstore.be\/fr\/produit\/the-tree#breadcrumb"},"inLanguage":"fr-FR","potentialAction":[{"@type":"ReadAction","target":["https:\/\/nationalstore.be\/fr\/produit\/the-tree"]}]},{"@type":"BreadcrumbList","@id":"https:\/\/nationalstore.be\/fr\/produit\/the-tree#breadcrumb","itemListElement":[{"@type":"ListItem","position":1,"name":"Home","item":"https:\/\/nationalstore.be\/fr"},{"@type":"ListItem","position":2,"name":"Produits","item":"https:\/\/nationalstore.be\/fr\/shop"},{"@type":"ListItem","position":3,"name":"Arts plastiques","item":"https:\/\/nationalstore.be\/fr\/pc\/arts-plastiques"},{"@type":"ListItem","position":4,"name":"Peinture","item":"https:\/\/nationalstore.be\/fr\/pc\/arts-plastiques\/peinture"},{"@type":"ListItem","position":5,"name":"The Tree"}]}]}},"_links":{"self":[{"href":"https:\/\/nationalstore.be\/fr\/wp-json\/wp\/v2\/product\/53044"}],"collection":[{"href":"https:\/\/nationalstore.be\/fr\/wp-json\/wp\/v2\/product"}],"about":[{"href":"https:\/\/nationalstore.be\/fr\/wp-json\/wp\/v2\/types\/product"}],"wp:featuredmedia":[{"embeddable":true,"href":"https:\/\/nationalstore.be\/fr\/wp-json\/wp\/v2\/media\/53023"}],"wp:attachment":[{"href":"https:\/\/nationalstore.be\/fr\/wp-json\/wp\/v2\/media?parent=53044"}],"wp:term":[{"taxonomy":"product_cat","embeddable":true,"href":"https:\/\/nationalstore.be\/fr\/wp-json\/wp\/v2\/product_cat?post=53044"},{"taxonomy":"product_tag","embeddable":true,"href":"https:\/\/nationalstore.be\/fr\/wp-json\/wp\/v2\/product_tag?post=53044"}],"curies":[{"name":"wp","href":"https:\/\/api.w.org\/{rel}","templated":true}]}}