{"id":51730,"date":"2024-01-15T21:26:30","date_gmt":"2024-01-15T20:26:30","guid":{"rendered":"https:\/\/nationalstore.be\/?post_type=product&#038;p=51730"},"modified":"2024-02-09T13:55:12","modified_gmt":"2024-02-09T12:55:12","slug":"kit-de-pochette-a-lunettes","status":"publish","type":"product","link":"https:\/\/nationalstore.be\/fr\/produit\/kit-de-pochette-a-lunettes","title":{"rendered":"Kit de pochette \u00e0 lunettes"},"content":{"rendered":"<p><span style=\"font-family: arial, helvetica, sans-serif\" data-mce-style=\"font-family: arial, helvetica, sans-serif;\">Ne perdez plus jamais de vue le style et la commodit\u00e9. Que ce soit dans votre sac \u00e0 main, votre sac \u00e0 dos ou votre bo\u00eete \u00e0 gants, offrez \u00e0 vos lunettes ou \u00e0 votre trousse de beaut\u00e9 quotidienne un abri s\u00fbr.<\/span><\/p>\n<p><strong><span style=\"font-family: arial, helvetica, sans-serif\" data-mce-style=\"font-family: arial, helvetica, sans-serif;\">Mati\u00e8re<br \/><\/span><\/strong><span style=\"font-family: arial, helvetica, sans-serif\" data-mce-style=\"font-family: arial, helvetica, sans-serif;\">100% cuir au tannage v\u00e9g\u00e9tal<br \/><\/span><span style=\"font-family: arial, helvetica, sans-serif\" data-mce-style=\"font-family: arial, helvetica, sans-serif;\">Tannerie italienne certifi\u00e9e LWG (gold-rated)<\/span><\/p>\n<p><strong><span style=\"font-family: arial, helvetica, sans-serif\" data-mce-style=\"font-family: arial, helvetica, sans-serif;\">Dimensions de l&#8217;\u00e9tui<br \/><\/span><\/strong><span style=\"font-family: arial, helvetica, sans-serif\" data-mce-style=\"font-family: arial, helvetica, sans-serif;\">Produit : 17,5 x 8 x 2 cm<br \/><\/span><span style=\"font-family: arial, helvetica, sans-serif\" data-mce-style=\"font-family: arial, helvetica, sans-serif;\">Emballage : 37 x 26,5 x 0,3 cm<\/span><\/p>\n<p><strong><span style=\"font-family: arial, helvetica, sans-serif\" data-mce-style=\"font-family: arial, helvetica, sans-serif;\">Temps de montage<br \/><\/span><\/strong><span style=\"font-family: arial, helvetica, sans-serif\" data-mce-style=\"font-family: arial, helvetica, sans-serif;\">Temps : 1 \u00e0 3 minutes<br \/><\/span><span style=\"font-family: arial, helvetica, sans-serif\" data-mce-style=\"font-family: arial, helvetica, sans-serif;\">Difficult\u00e9 : Tr\u00e8s facile<\/span><\/p>\n","protected":false},"excerpt":{"rendered":"<p><span style=\"font-family: arial, helvetica, sans-serif\" data-mce-style=\"font-family: arial, helvetica, sans-serif;\">Le kit pour fabriquer votre propre \u00e9tui \u00e0 lunettes et garder vos lunettes \u00e0 l&#8217;abri des rayures.<\/span><\/p>\n","protected":false},"featured_media":51664,"template":"","meta":[],"product_cat":[529,537],"product_tag":[296],"yoast_head":"<!-- This site is optimized with the Yoast SEO plugin v19.1 - https:\/\/yoast.com\/wordpress\/plugins\/seo\/ -->\n<title>Kit de pochette \u00e0 lunettes | E-shop artistes belges<\/title>\n<meta name=\"description\" content=\"Acheter un produit comme Kit de pochette \u00e0 lunettes? Laissez vous surprendre par nos artistes belges sp\u00e9cialis\u00e9s en produits artisanaux!\" \/>\n<meta name=\"robots\" content=\"index, follow, max-snippet:-1, max-image-preview:large, max-video-preview:-1\" \/>\n<link rel=\"canonical\" href=\"https:\/\/nationalstore.be\/fr\/produit\/kit-de-pochette-a-lunettes\" \/>\n<meta property=\"og:locale\" content=\"fr_FR\" \/>\n<meta property=\"og:type\" content=\"article\" \/>\n<meta property=\"og:title\" content=\"Kit de pochette \u00e0 lunettes | E-shop artistes belges\" \/>\n<meta property=\"og:description\" content=\"Acheter un produit comme Kit de pochette \u00e0 lunettes? Laissez vous surprendre par nos artistes belges sp\u00e9cialis\u00e9s en produits artisanaux!\" \/>\n<meta property=\"og:url\" content=\"https:\/\/nationalstore.be\/fr\/produit\/kit-de-pochette-a-lunettes\" \/>\n<meta property=\"og:site_name\" content=\"NATIONA(A)L ARTIST SUPERMARKET\" \/>\n<meta property=\"article:publisher\" content=\"https:\/\/www.facebook.com\/nationalstore\/?ref=br_rs\" \/>\n<meta property=\"article:modified_time\" content=\"2024-02-09T12:55:12+00:00\" \/>\n<meta property=\"og:image\" content=\"https:\/\/nationalstore.be\/wp-content\/uploads\/2024\/01\/YU_yurs_collection01_DSC0503-scaled.jpg\" \/>\n\t<meta property=\"og:image:width\" content=\"2560\" \/>\n\t<meta property=\"og:image:height\" content=\"1707\" \/>\n\t<meta property=\"og:image:type\" content=\"image\/jpeg\" \/>\n<meta name=\"twitter:card\" content=\"summary_large_image\" \/>\n<meta name=\"twitter:site\" content=\"@Nationalstore\" \/>\n<script type=\"application\/ld+json\" class=\"yoast-schema-graph\">{\"@context\":\"https:\/\/schema.org\",\"@graph\":[{\"@type\":\"Organization\",\"@id\":\"https:\/\/nationalstore.be\/fr#organization\",\"name\":\"NATIONA(A)L ARTIST MARKET\",\"url\":\"https:\/\/nationalstore.be\/fr\",\"sameAs\":[\"https:\/\/www.instagram.com\/nationalstore\/\",\"https:\/\/www.facebook.com\/nationalstore\/?ref=br_rs\",\"https:\/\/twitter.com\/Nationalstore\"],\"logo\":{\"@type\":\"ImageObject\",\"inLanguage\":\"fr-FR\",\"@id\":\"https:\/\/nationalstore.be\/fr#\/schema\/logo\/image\/\",\"url\":\"https:\/\/nationalstore.be\/wp-content\/uploads\/2024\/03\/nationaal-logo_mauve-cmjn.png\",\"contentUrl\":\"https:\/\/nationalstore.be\/wp-content\/uploads\/2024\/03\/nationaal-logo_mauve-cmjn.png\",\"width\":3475,\"height\":1352,\"caption\":\"NATIONA(A)L ARTIST MARKET\"},\"image\":{\"@id\":\"https:\/\/nationalstore.be\/fr#\/schema\/logo\/image\/\"}},{\"@type\":\"WebSite\",\"@id\":\"https:\/\/nationalstore.be\/fr#website\",\"url\":\"https:\/\/nationalstore.be\/fr\",\"name\":\"NATIONA(A)L ARTIST SUPERMARKET\",\"description\":\"\",\"publisher\":{\"@id\":\"https:\/\/nationalstore.be\/fr#organization\"},\"potentialAction\":[{\"@type\":\"SearchAction\",\"target\":{\"@type\":\"EntryPoint\",\"urlTemplate\":\"https:\/\/nationalstore.be\/fr?s={search_term_string}\"},\"query-input\":\"required name=search_term_string\"}],\"inLanguage\":\"fr-FR\"},{\"@type\":\"ImageObject\",\"inLanguage\":\"fr-FR\",\"@id\":\"https:\/\/nationalstore.be\/fr\/produit\/kit-de-pochette-a-lunettes#primaryimage\",\"url\":\"https:\/\/nationalstore.be\/wp-content\/uploads\/2024\/01\/YU_yurs_collection01_DSC0503-scaled.jpg\",\"contentUrl\":\"https:\/\/nationalstore.be\/wp-content\/uploads\/2024\/01\/YU_yurs_collection01_DSC0503-scaled.jpg\",\"width\":2560,\"height\":1707,\"caption\":\"yurs glasses case\"},{\"@type\":[\"WebPage\",\"ItemPage\"],\"@id\":\"https:\/\/nationalstore.be\/fr\/produit\/kit-de-pochette-a-lunettes#webpage\",\"url\":\"https:\/\/nationalstore.be\/fr\/produit\/kit-de-pochette-a-lunettes\",\"name\":\"Kit de pochette \u00e0 lunettes | E-shop artistes belges\",\"isPartOf\":{\"@id\":\"https:\/\/nationalstore.be\/fr#website\"},\"primaryImageOfPage\":{\"@id\":\"https:\/\/nationalstore.be\/fr\/produit\/kit-de-pochette-a-lunettes#primaryimage\"},\"datePublished\":\"2024-01-15T20:26:30+00:00\",\"dateModified\":\"2024-02-09T12:55:12+00:00\",\"description\":\"Acheter un produit comme Kit de pochette \u00e0 lunettes? Laissez vous surprendre par nos artistes belges sp\u00e9cialis\u00e9s en produits artisanaux!\",\"breadcrumb\":{\"@id\":\"https:\/\/nationalstore.be\/fr\/produit\/kit-de-pochette-a-lunettes#breadcrumb\"},\"inLanguage\":\"fr-FR\",\"potentialAction\":[{\"@type\":\"ReadAction\",\"target\":[\"https:\/\/nationalstore.be\/fr\/produit\/kit-de-pochette-a-lunettes\"]}]},{\"@type\":\"BreadcrumbList\",\"@id\":\"https:\/\/nationalstore.be\/fr\/produit\/kit-de-pochette-a-lunettes#breadcrumb\",\"itemListElement\":[{\"@type\":\"ListItem\",\"position\":1,\"name\":\"Home\",\"item\":\"https:\/\/nationalstore.be\/fr\"},{\"@type\":\"ListItem\",\"position\":2,\"name\":\"Produits\",\"item\":\"https:\/\/nationalstore.be\/fr\/shop\"},{\"@type\":\"ListItem\",\"position\":3,\"name\":\"Mode &amp; Accessoires\",\"item\":\"https:\/\/nationalstore.be\/fr\/pc\/mode\"},{\"@type\":\"ListItem\",\"position\":4,\"name\":\"Sacs\",\"item\":\"https:\/\/nationalstore.be\/fr\/pc\/mode\/sacs\"},{\"@type\":\"ListItem\",\"position\":5,\"name\":\"Kit de pochette \u00e0 lunettes\"}]}]}<\/script>\n<!-- \/ Yoast SEO plugin. -->","yoast_head_json":{"title":"Kit de pochette \u00e0 lunettes | E-shop artistes belges","description":"Acheter un produit comme Kit de pochette \u00e0 lunettes? Laissez vous surprendre par nos artistes belges sp\u00e9cialis\u00e9s en produits artisanaux!","robots":{"index":"index","follow":"follow","max-snippet":"max-snippet:-1","max-image-preview":"max-image-preview:large","max-video-preview":"max-video-preview:-1"},"canonical":"https:\/\/nationalstore.be\/fr\/produit\/kit-de-pochette-a-lunettes","og_locale":"fr_FR","og_type":"article","og_title":"Kit de pochette \u00e0 lunettes | E-shop artistes belges","og_description":"Acheter un produit comme Kit de pochette \u00e0 lunettes? Laissez vous surprendre par nos artistes belges sp\u00e9cialis\u00e9s en produits artisanaux!","og_url":"https:\/\/nationalstore.be\/fr\/produit\/kit-de-pochette-a-lunettes","og_site_name":"NATIONA(A)L ARTIST SUPERMARKET","article_publisher":"https:\/\/www.facebook.com\/nationalstore\/?ref=br_rs","article_modified_time":"2024-02-09T12:55:12+00:00","og_image":[{"width":2560,"height":1707,"url":"https:\/\/nationalstore.be\/wp-content\/uploads\/2024\/01\/YU_yurs_collection01_DSC0503-scaled.jpg","type":"image\/jpeg"}],"twitter_card":"summary_large_image","twitter_site":"@Nationalstore","schema":{"@context":"https:\/\/schema.org","@graph":[{"@type":"Organization","@id":"https:\/\/nationalstore.be\/fr#organization","name":"NATIONA(A)L ARTIST MARKET","url":"https:\/\/nationalstore.be\/fr","sameAs":["https:\/\/www.instagram.com\/nationalstore\/","https:\/\/www.facebook.com\/nationalstore\/?ref=br_rs","https:\/\/twitter.com\/Nationalstore"],"logo":{"@type":"ImageObject","inLanguage":"fr-FR","@id":"https:\/\/nationalstore.be\/fr#\/schema\/logo\/image\/","url":"https:\/\/nationalstore.be\/wp-content\/uploads\/2024\/03\/nationaal-logo_mauve-cmjn.png","contentUrl":"https:\/\/nationalstore.be\/wp-content\/uploads\/2024\/03\/nationaal-logo_mauve-cmjn.png","width":3475,"height":1352,"caption":"NATIONA(A)L ARTIST MARKET"},"image":{"@id":"https:\/\/nationalstore.be\/fr#\/schema\/logo\/image\/"}},{"@type":"WebSite","@id":"https:\/\/nationalstore.be\/fr#website","url":"https:\/\/nationalstore.be\/fr","name":"NATIONA(A)L ARTIST SUPERMARKET","description":"","publisher":{"@id":"https:\/\/nationalstore.be\/fr#organization"},"potentialAction":[{"@type":"SearchAction","target":{"@type":"EntryPoint","urlTemplate":"https:\/\/nationalstore.be\/fr?s={search_term_string}"},"query-input":"required name=search_term_string"}],"inLanguage":"fr-FR"},{"@type":"ImageObject","inLanguage":"fr-FR","@id":"https:\/\/nationalstore.be\/fr\/produit\/kit-de-pochette-a-lunettes#primaryimage","url":"https:\/\/nationalstore.be\/wp-content\/uploads\/2024\/01\/YU_yurs_collection01_DSC0503-scaled.jpg","contentUrl":"https:\/\/nationalstore.be\/wp-content\/uploads\/2024\/01\/YU_yurs_collection01_DSC0503-scaled.jpg","width":2560,"height":1707,"caption":"yurs glasses case"},{"@type":["WebPage","ItemPage"],"@id":"https:\/\/nationalstore.be\/fr\/produit\/kit-de-pochette-a-lunettes#webpage","url":"https:\/\/nationalstore.be\/fr\/produit\/kit-de-pochette-a-lunettes","name":"Kit de pochette \u00e0 lunettes | E-shop artistes belges","isPartOf":{"@id":"https:\/\/nationalstore.be\/fr#website"},"primaryImageOfPage":{"@id":"https:\/\/nationalstore.be\/fr\/produit\/kit-de-pochette-a-lunettes#primaryimage"},"datePublished":"2024-01-15T20:26:30+00:00","dateModified":"2024-02-09T12:55:12+00:00","description":"Acheter un produit comme Kit de pochette \u00e0 lunettes? Laissez vous surprendre par nos artistes belges sp\u00e9cialis\u00e9s en produits artisanaux!","breadcrumb":{"@id":"https:\/\/nationalstore.be\/fr\/produit\/kit-de-pochette-a-lunettes#breadcrumb"},"inLanguage":"fr-FR","potentialAction":[{"@type":"ReadAction","target":["https:\/\/nationalstore.be\/fr\/produit\/kit-de-pochette-a-lunettes"]}]},{"@type":"BreadcrumbList","@id":"https:\/\/nationalstore.be\/fr\/produit\/kit-de-pochette-a-lunettes#breadcrumb","itemListElement":[{"@type":"ListItem","position":1,"name":"Home","item":"https:\/\/nationalstore.be\/fr"},{"@type":"ListItem","position":2,"name":"Produits","item":"https:\/\/nationalstore.be\/fr\/shop"},{"@type":"ListItem","position":3,"name":"Mode &amp; Accessoires","item":"https:\/\/nationalstore.be\/fr\/pc\/mode"},{"@type":"ListItem","position":4,"name":"Sacs","item":"https:\/\/nationalstore.be\/fr\/pc\/mode\/sacs"},{"@type":"ListItem","position":5,"name":"Kit de pochette \u00e0 lunettes"}]}]}},"_links":{"self":[{"href":"https:\/\/nationalstore.be\/fr\/wp-json\/wp\/v2\/product\/51730"}],"collection":[{"href":"https:\/\/nationalstore.be\/fr\/wp-json\/wp\/v2\/product"}],"about":[{"href":"https:\/\/nationalstore.be\/fr\/wp-json\/wp\/v2\/types\/product"}],"wp:featuredmedia":[{"embeddable":true,"href":"https:\/\/nationalstore.be\/fr\/wp-json\/wp\/v2\/media\/51664"}],"wp:attachment":[{"href":"https:\/\/nationalstore.be\/fr\/wp-json\/wp\/v2\/media?parent=51730"}],"wp:term":[{"taxonomy":"product_cat","embeddable":true,"href":"https:\/\/nationalstore.be\/fr\/wp-json\/wp\/v2\/product_cat?post=51730"},{"taxonomy":"product_tag","embeddable":true,"href":"https:\/\/nationalstore.be\/fr\/wp-json\/wp\/v2\/product_tag?post=51730"}],"curies":[{"name":"wp","href":"https:\/\/api.w.org\/{rel}","templated":true}]}}