{"id":51481,"date":"2023-12-31T21:46:47","date_gmt":"2023-12-31T16:14:25","guid":{"rendered":"https:\/\/nationalstore.be\/?post_type=product&#038;p=51481"},"modified":"2024-09-08T18:47:44","modified_gmt":"2024-09-08T16:47:44","slug":"copa-bright","status":"publish","type":"product","link":"https:\/\/nationalstore.be\/fr\/produit\/copa-bright","title":{"rendered":"COPA bright"},"content":{"rendered":"<p>La tasse Copa est la tasse parfaite pour votre cappuccino pr\u00e9f\u00e9r\u00e9.<\/p>\n<p>Tourn\u00e9 sur un tour de potier en argile, \u00e9maill\u00e9e d\u2019un motif de rayures dans nos couleurs bleu nuit et blanc.<\/p>\n<p>Chaque tasse est faite \u00e0 la main, il peut y avoir de petites variations de taille et de couleur. Chaque pi\u00e8ce est unique.<\/p>\n<p>Passe au lave-vaisselle et au micro-ondes, mais pr\u00e9f\u00e8re un lavage \u00e0 la main.<\/p>\n<p>Taille : \u00d87,5cm x cm H6,5cm<\/p>\n","protected":false},"excerpt":{"rendered":"<p>Tasse en c\u00e9ramique, tourn\u00e9 sur un tour de potier en argile, \u00e9maill\u00e9e d\u2019un motif de rayures dans nos couleurs bleu nuit et blanc.<\/p>\n<p><\/p>\n<p>Taille : \u00d87,5cm x cm H6,5cm<\/p>\n","protected":false},"featured_media":51304,"template":"","meta":[],"product_cat":[527,2894,2903,566],"product_tag":[1248,2341,2363,3400,2971,281,1272,878,823,3417,825],"yoast_head":"<!-- This site is optimized with the Yoast SEO plugin v19.1 - https:\/\/yoast.com\/wordpress\/plugins\/seo\/ -->\n<title>COPA bright | E-shop artistes belges<\/title>\n<meta name=\"description\" content=\"Met de hand gedraaid kopje van beige steengoedklei, geglazuurd in een met de hand geschilderd patroon van glanzend diepblauwe en witte strepen.\" \/>\n<meta name=\"robots\" content=\"index, follow, max-snippet:-1, max-image-preview:large, max-video-preview:-1\" \/>\n<link rel=\"canonical\" href=\"https:\/\/nationalstore.be\/fr\/produit\/copa-bright\" \/>\n<meta property=\"og:locale\" content=\"fr_FR\" \/>\n<meta property=\"og:type\" content=\"article\" \/>\n<meta property=\"og:title\" content=\"COPA bright | E-shop artistes belges\" \/>\n<meta property=\"og:description\" content=\"Met de hand gedraaid kopje van beige steengoedklei, geglazuurd in een met de hand geschilderd patroon van glanzend diepblauwe en witte strepen.\" \/>\n<meta property=\"og:url\" content=\"https:\/\/nationalstore.be\/fr\/produit\/copa-bright\" \/>\n<meta property=\"og:site_name\" content=\"NATIONA(A)L ARTIST SUPERMARKET\" \/>\n<meta property=\"article:publisher\" content=\"https:\/\/www.facebook.com\/nationalstore\/?ref=br_rs\" \/>\n<meta property=\"article:modified_time\" content=\"2024-09-08T16:47:44+00:00\" \/>\n<meta property=\"og:image\" content=\"https:\/\/nationalstore.be\/wp-content\/uploads\/2023\/12\/134.jpg\" \/>\n\t<meta property=\"og:image:width\" content=\"1288\" \/>\n\t<meta property=\"og:image:height\" content=\"1800\" \/>\n\t<meta property=\"og:image:type\" content=\"image\/jpeg\" \/>\n<meta name=\"twitter:card\" content=\"summary_large_image\" \/>\n<meta name=\"twitter:site\" content=\"@Nationalstore\" \/>\n<script type=\"application\/ld+json\" class=\"yoast-schema-graph\">{\"@context\":\"https:\/\/schema.org\",\"@graph\":[{\"@type\":\"Organization\",\"@id\":\"https:\/\/nationalstore.be\/fr#organization\",\"name\":\"NATIONA(A)L ARTIST MARKET\",\"url\":\"https:\/\/nationalstore.be\/fr\",\"sameAs\":[\"https:\/\/www.instagram.com\/nationalstore\/\",\"https:\/\/www.facebook.com\/nationalstore\/?ref=br_rs\",\"https:\/\/twitter.com\/Nationalstore\"],\"logo\":{\"@type\":\"ImageObject\",\"inLanguage\":\"fr-FR\",\"@id\":\"https:\/\/nationalstore.be\/fr#\/schema\/logo\/image\/\",\"url\":\"https:\/\/nationalstore.be\/wp-content\/uploads\/2024\/03\/nationaal-logo_mauve-cmjn.png\",\"contentUrl\":\"https:\/\/nationalstore.be\/wp-content\/uploads\/2024\/03\/nationaal-logo_mauve-cmjn.png\",\"width\":3475,\"height\":1352,\"caption\":\"NATIONA(A)L ARTIST MARKET\"},\"image\":{\"@id\":\"https:\/\/nationalstore.be\/fr#\/schema\/logo\/image\/\"}},{\"@type\":\"WebSite\",\"@id\":\"https:\/\/nationalstore.be\/fr#website\",\"url\":\"https:\/\/nationalstore.be\/fr\",\"name\":\"NATIONA(A)L ARTIST SUPERMARKET\",\"description\":\"\",\"publisher\":{\"@id\":\"https:\/\/nationalstore.be\/fr#organization\"},\"potentialAction\":[{\"@type\":\"SearchAction\",\"target\":{\"@type\":\"EntryPoint\",\"urlTemplate\":\"https:\/\/nationalstore.be\/fr?s={search_term_string}\"},\"query-input\":\"required name=search_term_string\"}],\"inLanguage\":\"fr-FR\"},{\"@type\":\"ImageObject\",\"inLanguage\":\"fr-FR\",\"@id\":\"https:\/\/nationalstore.be\/fr\/produit\/copa-bright#primaryimage\",\"url\":\"https:\/\/nationalstore.be\/wp-content\/uploads\/2023\/12\/134.jpg\",\"contentUrl\":\"https:\/\/nationalstore.be\/wp-content\/uploads\/2023\/12\/134.jpg\",\"width\":1288,\"height\":1800,\"caption\":\"Handmade ceramic cup Andrea Frieling\"},{\"@type\":[\"WebPage\",\"ItemPage\"],\"@id\":\"https:\/\/nationalstore.be\/fr\/produit\/copa-bright#webpage\",\"url\":\"https:\/\/nationalstore.be\/fr\/produit\/copa-bright\",\"name\":\"COPA bright | E-shop artistes belges\",\"isPartOf\":{\"@id\":\"https:\/\/nationalstore.be\/fr#website\"},\"primaryImageOfPage\":{\"@id\":\"https:\/\/nationalstore.be\/fr\/produit\/copa-bright#primaryimage\"},\"datePublished\":\"2023-12-31T16:14:25+00:00\",\"dateModified\":\"2024-09-08T16:47:44+00:00\",\"description\":\"Met de hand gedraaid kopje van beige steengoedklei, geglazuurd in een met de hand geschilderd patroon van glanzend diepblauwe en witte strepen.\",\"breadcrumb\":{\"@id\":\"https:\/\/nationalstore.be\/fr\/produit\/copa-bright#breadcrumb\"},\"inLanguage\":\"fr-FR\",\"potentialAction\":[{\"@type\":\"ReadAction\",\"target\":[\"https:\/\/nationalstore.be\/fr\/produit\/copa-bright\"]}]},{\"@type\":\"BreadcrumbList\",\"@id\":\"https:\/\/nationalstore.be\/fr\/produit\/copa-bright#breadcrumb\",\"itemListElement\":[{\"@type\":\"ListItem\",\"position\":1,\"name\":\"Home\",\"item\":\"https:\/\/nationalstore.be\/fr\"},{\"@type\":\"ListItem\",\"position\":2,\"name\":\"Produits\",\"item\":\"https:\/\/nationalstore.be\/fr\/shop\"},{\"@type\":\"ListItem\",\"position\":3,\"name\":\"Design pour la maison\",\"item\":\"https:\/\/nationalstore.be\/fr\/pc\/design-pour-la-maison\"},{\"@type\":\"ListItem\",\"position\":4,\"name\":\"Fleurs &amp; Plantes\",\"item\":\"https:\/\/nationalstore.be\/fr\/pc\/design-pour-la-maison\/fleurs-plantes\"},{\"@type\":\"ListItem\",\"position\":5,\"name\":\"COPA bright\"}]}]}<\/script>\n<!-- \/ Yoast SEO plugin. -->","yoast_head_json":{"title":"COPA bright | E-shop artistes belges","description":"Met de hand gedraaid kopje van beige steengoedklei, geglazuurd in een met de hand geschilderd patroon van glanzend diepblauwe en witte strepen.","robots":{"index":"index","follow":"follow","max-snippet":"max-snippet:-1","max-image-preview":"max-image-preview:large","max-video-preview":"max-video-preview:-1"},"canonical":"https:\/\/nationalstore.be\/fr\/produit\/copa-bright","og_locale":"fr_FR","og_type":"article","og_title":"COPA bright | E-shop artistes belges","og_description":"Met de hand gedraaid kopje van beige steengoedklei, geglazuurd in een met de hand geschilderd patroon van glanzend diepblauwe en witte strepen.","og_url":"https:\/\/nationalstore.be\/fr\/produit\/copa-bright","og_site_name":"NATIONA(A)L ARTIST SUPERMARKET","article_publisher":"https:\/\/www.facebook.com\/nationalstore\/?ref=br_rs","article_modified_time":"2024-09-08T16:47:44+00:00","og_image":[{"width":1288,"height":1800,"url":"https:\/\/nationalstore.be\/wp-content\/uploads\/2023\/12\/134.jpg","type":"image\/jpeg"}],"twitter_card":"summary_large_image","twitter_site":"@Nationalstore","schema":{"@context":"https:\/\/schema.org","@graph":[{"@type":"Organization","@id":"https:\/\/nationalstore.be\/fr#organization","name":"NATIONA(A)L ARTIST MARKET","url":"https:\/\/nationalstore.be\/fr","sameAs":["https:\/\/www.instagram.com\/nationalstore\/","https:\/\/www.facebook.com\/nationalstore\/?ref=br_rs","https:\/\/twitter.com\/Nationalstore"],"logo":{"@type":"ImageObject","inLanguage":"fr-FR","@id":"https:\/\/nationalstore.be\/fr#\/schema\/logo\/image\/","url":"https:\/\/nationalstore.be\/wp-content\/uploads\/2024\/03\/nationaal-logo_mauve-cmjn.png","contentUrl":"https:\/\/nationalstore.be\/wp-content\/uploads\/2024\/03\/nationaal-logo_mauve-cmjn.png","width":3475,"height":1352,"caption":"NATIONA(A)L ARTIST MARKET"},"image":{"@id":"https:\/\/nationalstore.be\/fr#\/schema\/logo\/image\/"}},{"@type":"WebSite","@id":"https:\/\/nationalstore.be\/fr#website","url":"https:\/\/nationalstore.be\/fr","name":"NATIONA(A)L ARTIST SUPERMARKET","description":"","publisher":{"@id":"https:\/\/nationalstore.be\/fr#organization"},"potentialAction":[{"@type":"SearchAction","target":{"@type":"EntryPoint","urlTemplate":"https:\/\/nationalstore.be\/fr?s={search_term_string}"},"query-input":"required name=search_term_string"}],"inLanguage":"fr-FR"},{"@type":"ImageObject","inLanguage":"fr-FR","@id":"https:\/\/nationalstore.be\/fr\/produit\/copa-bright#primaryimage","url":"https:\/\/nationalstore.be\/wp-content\/uploads\/2023\/12\/134.jpg","contentUrl":"https:\/\/nationalstore.be\/wp-content\/uploads\/2023\/12\/134.jpg","width":1288,"height":1800,"caption":"Handmade ceramic cup Andrea Frieling"},{"@type":["WebPage","ItemPage"],"@id":"https:\/\/nationalstore.be\/fr\/produit\/copa-bright#webpage","url":"https:\/\/nationalstore.be\/fr\/produit\/copa-bright","name":"COPA bright | E-shop artistes belges","isPartOf":{"@id":"https:\/\/nationalstore.be\/fr#website"},"primaryImageOfPage":{"@id":"https:\/\/nationalstore.be\/fr\/produit\/copa-bright#primaryimage"},"datePublished":"2023-12-31T16:14:25+00:00","dateModified":"2024-09-08T16:47:44+00:00","description":"Met de hand gedraaid kopje van beige steengoedklei, geglazuurd in een met de hand geschilderd patroon van glanzend diepblauwe en witte strepen.","breadcrumb":{"@id":"https:\/\/nationalstore.be\/fr\/produit\/copa-bright#breadcrumb"},"inLanguage":"fr-FR","potentialAction":[{"@type":"ReadAction","target":["https:\/\/nationalstore.be\/fr\/produit\/copa-bright"]}]},{"@type":"BreadcrumbList","@id":"https:\/\/nationalstore.be\/fr\/produit\/copa-bright#breadcrumb","itemListElement":[{"@type":"ListItem","position":1,"name":"Home","item":"https:\/\/nationalstore.be\/fr"},{"@type":"ListItem","position":2,"name":"Produits","item":"https:\/\/nationalstore.be\/fr\/shop"},{"@type":"ListItem","position":3,"name":"Design pour la maison","item":"https:\/\/nationalstore.be\/fr\/pc\/design-pour-la-maison"},{"@type":"ListItem","position":4,"name":"Fleurs &amp; Plantes","item":"https:\/\/nationalstore.be\/fr\/pc\/design-pour-la-maison\/fleurs-plantes"},{"@type":"ListItem","position":5,"name":"COPA bright"}]}]}},"_links":{"self":[{"href":"https:\/\/nationalstore.be\/fr\/wp-json\/wp\/v2\/product\/51481"}],"collection":[{"href":"https:\/\/nationalstore.be\/fr\/wp-json\/wp\/v2\/product"}],"about":[{"href":"https:\/\/nationalstore.be\/fr\/wp-json\/wp\/v2\/types\/product"}],"wp:featuredmedia":[{"embeddable":true,"href":"https:\/\/nationalstore.be\/fr\/wp-json\/wp\/v2\/media\/51304"}],"wp:attachment":[{"href":"https:\/\/nationalstore.be\/fr\/wp-json\/wp\/v2\/media?parent=51481"}],"wp:term":[{"taxonomy":"product_cat","embeddable":true,"href":"https:\/\/nationalstore.be\/fr\/wp-json\/wp\/v2\/product_cat?post=51481"},{"taxonomy":"product_tag","embeddable":true,"href":"https:\/\/nationalstore.be\/fr\/wp-json\/wp\/v2\/product_tag?post=51481"}],"curies":[{"name":"wp","href":"https:\/\/api.w.org\/{rel}","templated":true}]}}