{"id":51477,"date":"2023-12-31T21:48:47","date_gmt":"2023-12-30T10:42:32","guid":{"rendered":"https:\/\/nationalstore.be\/?post_type=product&#038;p=51477"},"modified":"2024-09-08T18:47:18","modified_gmt":"2024-09-08T16:47:18","slug":"jarra-ceramic-jug","status":"publish","type":"product","link":"https:\/\/nationalstore.be\/fr\/produit\/jarra-ceramic-jug","title":{"rendered":"JARRA ceramic jug"},"content":{"rendered":"<p>Jarra est une carafe lumineuse qui apportera beaucoup de joie \u00e0 votre table ! Remplissez-la de vos boissons maison pr\u00e9f\u00e9r\u00e9es et profitez-en ! Elle peut \u00e9galement servir de vase pour vos fleurs fra\u00eechement cueillies.<\/p>\n<p>tourn\u00e9 sur un tour de potier en argile, \u00e9maill\u00e9e dans nos couleurs bleu nuit, blanc, menthe et rose saumon\u00e9. Chaque carafe est faite \u00e0 la main, il peut y avoir de petites variations de taille et de couleur. Chaque pi\u00e8ce est unique.<\/p>\n<p>Hauteur : 19 cm<\/p>\n","protected":false},"excerpt":{"rendered":"<p>Carafe en c\u00e9ramique, tourn\u00e9 sur un tour de potier en argile et \u00e9maill\u00e9e dans nos couleurs bleu nuit, blanc, menthe et rose saumon\u00e9. Chaque carafe est faite \u00e0 la main, il peut y avoir de petites variations de taille et de couleur. Chaque pi\u00e8ce est unique.<\/p>\n<p>Hauteur : 19 cm<\/p>\n","protected":false},"featured_media":51475,"template":"","meta":[],"product_cat":[527,2894,2903,566,3716],"product_tag":[1248,2341,2363,2971,1272,878,3137,823],"yoast_head":"<!-- This site is optimized with the Yoast SEO plugin v19.1 - https:\/\/yoast.com\/wordpress\/plugins\/seo\/ -->\n<title>JARRA ceramic jug | E-shop artistes belges<\/title>\n<meta name=\"description\" content=\"Keramieken waterkan, met de hand gedraaid in steengoedklei, geglazuurd met ons glanzend deep blue, wit, mint en zacht zalmroze glazuur. Hoogte: 19 cm\" \/>\n<meta name=\"robots\" content=\"index, follow, max-snippet:-1, max-image-preview:large, max-video-preview:-1\" \/>\n<link rel=\"canonical\" href=\"https:\/\/nationalstore.be\/fr\/produit\/jarra-ceramic-jug\" \/>\n<meta property=\"og:locale\" content=\"fr_FR\" \/>\n<meta property=\"og:type\" content=\"article\" \/>\n<meta property=\"og:title\" content=\"JARRA ceramic jug | E-shop artistes belges\" \/>\n<meta property=\"og:description\" content=\"Keramieken waterkan, met de hand gedraaid in steengoedklei, geglazuurd met ons glanzend deep blue, wit, mint en zacht zalmroze glazuur. Hoogte: 19 cm\" \/>\n<meta property=\"og:url\" content=\"https:\/\/nationalstore.be\/fr\/produit\/jarra-ceramic-jug\" \/>\n<meta property=\"og:site_name\" content=\"NATIONA(A)L ARTIST SUPERMARKET\" \/>\n<meta property=\"article:publisher\" content=\"https:\/\/www.facebook.com\/nationalstore\/?ref=br_rs\" \/>\n<meta property=\"article:modified_time\" content=\"2024-09-08T16:47:18+00:00\" \/>\n<meta property=\"og:image\" content=\"https:\/\/nationalstore.be\/wp-content\/uploads\/2023\/12\/15-1.jpg\" \/>\n\t<meta property=\"og:image:width\" content=\"1248\" \/>\n\t<meta property=\"og:image:height\" content=\"1792\" \/>\n\t<meta property=\"og:image:type\" content=\"image\/jpeg\" \/>\n<meta name=\"twitter:card\" content=\"summary_large_image\" \/>\n<meta name=\"twitter:site\" content=\"@Nationalstore\" \/>\n<script type=\"application\/ld+json\" class=\"yoast-schema-graph\">{\"@context\":\"https:\/\/schema.org\",\"@graph\":[{\"@type\":\"Organization\",\"@id\":\"https:\/\/nationalstore.be\/fr#organization\",\"name\":\"NATIONA(A)L ARTIST MARKET\",\"url\":\"https:\/\/nationalstore.be\/fr\",\"sameAs\":[\"https:\/\/www.instagram.com\/nationalstore\/\",\"https:\/\/www.facebook.com\/nationalstore\/?ref=br_rs\",\"https:\/\/twitter.com\/Nationalstore\"],\"logo\":{\"@type\":\"ImageObject\",\"inLanguage\":\"fr-FR\",\"@id\":\"https:\/\/nationalstore.be\/fr#\/schema\/logo\/image\/\",\"url\":\"https:\/\/nationalstore.be\/wp-content\/uploads\/2024\/03\/nationaal-logo_mauve-cmjn.png\",\"contentUrl\":\"https:\/\/nationalstore.be\/wp-content\/uploads\/2024\/03\/nationaal-logo_mauve-cmjn.png\",\"width\":3475,\"height\":1352,\"caption\":\"NATIONA(A)L ARTIST MARKET\"},\"image\":{\"@id\":\"https:\/\/nationalstore.be\/fr#\/schema\/logo\/image\/\"}},{\"@type\":\"WebSite\",\"@id\":\"https:\/\/nationalstore.be\/fr#website\",\"url\":\"https:\/\/nationalstore.be\/fr\",\"name\":\"NATIONA(A)L ARTIST SUPERMARKET\",\"description\":\"\",\"publisher\":{\"@id\":\"https:\/\/nationalstore.be\/fr#organization\"},\"potentialAction\":[{\"@type\":\"SearchAction\",\"target\":{\"@type\":\"EntryPoint\",\"urlTemplate\":\"https:\/\/nationalstore.be\/fr?s={search_term_string}\"},\"query-input\":\"required name=search_term_string\"}],\"inLanguage\":\"fr-FR\"},{\"@type\":\"ImageObject\",\"inLanguage\":\"fr-FR\",\"@id\":\"https:\/\/nationalstore.be\/fr\/produit\/jarra-ceramic-jug#primaryimage\",\"url\":\"https:\/\/nationalstore.be\/wp-content\/uploads\/2023\/12\/15-1.jpg\",\"contentUrl\":\"https:\/\/nationalstore.be\/wp-content\/uploads\/2023\/12\/15-1.jpg\",\"width\":1248,\"height\":1792,\"caption\":\"Ceramic jug\"},{\"@type\":[\"WebPage\",\"ItemPage\"],\"@id\":\"https:\/\/nationalstore.be\/fr\/produit\/jarra-ceramic-jug#webpage\",\"url\":\"https:\/\/nationalstore.be\/fr\/produit\/jarra-ceramic-jug\",\"name\":\"JARRA ceramic jug | E-shop artistes belges\",\"isPartOf\":{\"@id\":\"https:\/\/nationalstore.be\/fr#website\"},\"primaryImageOfPage\":{\"@id\":\"https:\/\/nationalstore.be\/fr\/produit\/jarra-ceramic-jug#primaryimage\"},\"datePublished\":\"2023-12-30T10:42:32+00:00\",\"dateModified\":\"2024-09-08T16:47:18+00:00\",\"description\":\"Keramieken waterkan, met de hand gedraaid in steengoedklei, geglazuurd met ons glanzend deep blue, wit, mint en zacht zalmroze glazuur. Hoogte: 19 cm\",\"breadcrumb\":{\"@id\":\"https:\/\/nationalstore.be\/fr\/produit\/jarra-ceramic-jug#breadcrumb\"},\"inLanguage\":\"fr-FR\",\"potentialAction\":[{\"@type\":\"ReadAction\",\"target\":[\"https:\/\/nationalstore.be\/fr\/produit\/jarra-ceramic-jug\"]}]},{\"@type\":\"BreadcrumbList\",\"@id\":\"https:\/\/nationalstore.be\/fr\/produit\/jarra-ceramic-jug#breadcrumb\",\"itemListElement\":[{\"@type\":\"ListItem\",\"position\":1,\"name\":\"Home\",\"item\":\"https:\/\/nationalstore.be\/fr\"},{\"@type\":\"ListItem\",\"position\":2,\"name\":\"Produits\",\"item\":\"https:\/\/nationalstore.be\/fr\/shop\"},{\"@type\":\"ListItem\",\"position\":3,\"name\":\"Design pour la maison\",\"item\":\"https:\/\/nationalstore.be\/fr\/pc\/design-pour-la-maison\"},{\"@type\":\"ListItem\",\"position\":4,\"name\":\"Fleurs &amp; Plantes\",\"item\":\"https:\/\/nationalstore.be\/fr\/pc\/design-pour-la-maison\/fleurs-plantes\"},{\"@type\":\"ListItem\",\"position\":5,\"name\":\"JARRA ceramic jug\"}]}]}<\/script>\n<!-- \/ Yoast SEO plugin. -->","yoast_head_json":{"title":"JARRA ceramic jug | E-shop artistes belges","description":"Keramieken waterkan, met de hand gedraaid in steengoedklei, geglazuurd met ons glanzend deep blue, wit, mint en zacht zalmroze glazuur. Hoogte: 19 cm","robots":{"index":"index","follow":"follow","max-snippet":"max-snippet:-1","max-image-preview":"max-image-preview:large","max-video-preview":"max-video-preview:-1"},"canonical":"https:\/\/nationalstore.be\/fr\/produit\/jarra-ceramic-jug","og_locale":"fr_FR","og_type":"article","og_title":"JARRA ceramic jug | E-shop artistes belges","og_description":"Keramieken waterkan, met de hand gedraaid in steengoedklei, geglazuurd met ons glanzend deep blue, wit, mint en zacht zalmroze glazuur. Hoogte: 19 cm","og_url":"https:\/\/nationalstore.be\/fr\/produit\/jarra-ceramic-jug","og_site_name":"NATIONA(A)L ARTIST SUPERMARKET","article_publisher":"https:\/\/www.facebook.com\/nationalstore\/?ref=br_rs","article_modified_time":"2024-09-08T16:47:18+00:00","og_image":[{"width":1248,"height":1792,"url":"https:\/\/nationalstore.be\/wp-content\/uploads\/2023\/12\/15-1.jpg","type":"image\/jpeg"}],"twitter_card":"summary_large_image","twitter_site":"@Nationalstore","schema":{"@context":"https:\/\/schema.org","@graph":[{"@type":"Organization","@id":"https:\/\/nationalstore.be\/fr#organization","name":"NATIONA(A)L ARTIST MARKET","url":"https:\/\/nationalstore.be\/fr","sameAs":["https:\/\/www.instagram.com\/nationalstore\/","https:\/\/www.facebook.com\/nationalstore\/?ref=br_rs","https:\/\/twitter.com\/Nationalstore"],"logo":{"@type":"ImageObject","inLanguage":"fr-FR","@id":"https:\/\/nationalstore.be\/fr#\/schema\/logo\/image\/","url":"https:\/\/nationalstore.be\/wp-content\/uploads\/2024\/03\/nationaal-logo_mauve-cmjn.png","contentUrl":"https:\/\/nationalstore.be\/wp-content\/uploads\/2024\/03\/nationaal-logo_mauve-cmjn.png","width":3475,"height":1352,"caption":"NATIONA(A)L ARTIST MARKET"},"image":{"@id":"https:\/\/nationalstore.be\/fr#\/schema\/logo\/image\/"}},{"@type":"WebSite","@id":"https:\/\/nationalstore.be\/fr#website","url":"https:\/\/nationalstore.be\/fr","name":"NATIONA(A)L ARTIST SUPERMARKET","description":"","publisher":{"@id":"https:\/\/nationalstore.be\/fr#organization"},"potentialAction":[{"@type":"SearchAction","target":{"@type":"EntryPoint","urlTemplate":"https:\/\/nationalstore.be\/fr?s={search_term_string}"},"query-input":"required name=search_term_string"}],"inLanguage":"fr-FR"},{"@type":"ImageObject","inLanguage":"fr-FR","@id":"https:\/\/nationalstore.be\/fr\/produit\/jarra-ceramic-jug#primaryimage","url":"https:\/\/nationalstore.be\/wp-content\/uploads\/2023\/12\/15-1.jpg","contentUrl":"https:\/\/nationalstore.be\/wp-content\/uploads\/2023\/12\/15-1.jpg","width":1248,"height":1792,"caption":"Ceramic jug"},{"@type":["WebPage","ItemPage"],"@id":"https:\/\/nationalstore.be\/fr\/produit\/jarra-ceramic-jug#webpage","url":"https:\/\/nationalstore.be\/fr\/produit\/jarra-ceramic-jug","name":"JARRA ceramic jug | E-shop artistes belges","isPartOf":{"@id":"https:\/\/nationalstore.be\/fr#website"},"primaryImageOfPage":{"@id":"https:\/\/nationalstore.be\/fr\/produit\/jarra-ceramic-jug#primaryimage"},"datePublished":"2023-12-30T10:42:32+00:00","dateModified":"2024-09-08T16:47:18+00:00","description":"Keramieken waterkan, met de hand gedraaid in steengoedklei, geglazuurd met ons glanzend deep blue, wit, mint en zacht zalmroze glazuur. Hoogte: 19 cm","breadcrumb":{"@id":"https:\/\/nationalstore.be\/fr\/produit\/jarra-ceramic-jug#breadcrumb"},"inLanguage":"fr-FR","potentialAction":[{"@type":"ReadAction","target":["https:\/\/nationalstore.be\/fr\/produit\/jarra-ceramic-jug"]}]},{"@type":"BreadcrumbList","@id":"https:\/\/nationalstore.be\/fr\/produit\/jarra-ceramic-jug#breadcrumb","itemListElement":[{"@type":"ListItem","position":1,"name":"Home","item":"https:\/\/nationalstore.be\/fr"},{"@type":"ListItem","position":2,"name":"Produits","item":"https:\/\/nationalstore.be\/fr\/shop"},{"@type":"ListItem","position":3,"name":"Design pour la maison","item":"https:\/\/nationalstore.be\/fr\/pc\/design-pour-la-maison"},{"@type":"ListItem","position":4,"name":"Fleurs &amp; Plantes","item":"https:\/\/nationalstore.be\/fr\/pc\/design-pour-la-maison\/fleurs-plantes"},{"@type":"ListItem","position":5,"name":"JARRA ceramic jug"}]}]}},"_links":{"self":[{"href":"https:\/\/nationalstore.be\/fr\/wp-json\/wp\/v2\/product\/51477"}],"collection":[{"href":"https:\/\/nationalstore.be\/fr\/wp-json\/wp\/v2\/product"}],"about":[{"href":"https:\/\/nationalstore.be\/fr\/wp-json\/wp\/v2\/types\/product"}],"wp:featuredmedia":[{"embeddable":true,"href":"https:\/\/nationalstore.be\/fr\/wp-json\/wp\/v2\/media\/51475"}],"wp:attachment":[{"href":"https:\/\/nationalstore.be\/fr\/wp-json\/wp\/v2\/media?parent=51477"}],"wp:term":[{"taxonomy":"product_cat","embeddable":true,"href":"https:\/\/nationalstore.be\/fr\/wp-json\/wp\/v2\/product_cat?post=51477"},{"taxonomy":"product_tag","embeddable":true,"href":"https:\/\/nationalstore.be\/fr\/wp-json\/wp\/v2\/product_tag?post=51477"}],"curies":[{"name":"wp","href":"https:\/\/api.w.org\/{rel}","templated":true}]}}