{"id":51424,"date":"2023-12-30T18:35:12","date_gmt":"2023-12-28T15:34:35","guid":{"rendered":"https:\/\/nationalstore.be\/?post_type=product&#038;p=51424"},"modified":"2024-09-08T18:47:22","modified_gmt":"2024-09-08T16:47:22","slug":"alto-bowl","status":"publish","type":"product","link":"https:\/\/nationalstore.be\/fr\/produit\/alto-bowl","title":{"rendered":"Alto Bowl"},"content":{"rendered":"<p>Le Alto Bowl est un bol ronde sur un pied d\u00e9coratif, qui peut \u00eatre utilis\u00e9e de nombreuses mani\u00e8res diff\u00e9rentes. Vous pourriez l&#8217;utiliser pour stocker des fruits, pour des arrangements floraux ikebana, comme support \u00e0 bijoux ou simplement ou comme objet d&#8217;int\u00e9rieur.<\/p>\n<p>Bol en argile, \u00e9maill\u00e9e avec notre gla\u00e7ure \u00e0 la menthe sur le dessus et peinte \u00e0 la main avec des rayures vives en bleu profond et blanc sur le dessous.<\/p>\n<p>Chaque bol est fabriqu\u00e9e \u00e0 la main, il peut y avoir de l\u00e9g\u00e8res variations de taille et de couleur. Chaque pi\u00e8ce est unique.<\/p>\n<p>Taille : 19,5 cm \u00d8 x 13 cm H<\/p>\n","protected":false},"excerpt":{"rendered":"<p>Bol en argile, \u00e9maill\u00e9e avec notre gla\u00e7ure \u00e0 la menthe sur le dessus et peinte \u00e0 la main avec des rayures vives en bleu profond et blanc sur le dessous.<\/p>\n","protected":false},"featured_media":51421,"template":"","meta":[],"product_cat":[527,2894,2903],"product_tag":[3137],"yoast_head":"<!-- This site is optimized with the Yoast SEO plugin v19.1 - https:\/\/yoast.com\/wordpress\/plugins\/seo\/ -->\n<title>Alto Bowl | E-shop artistes belges<\/title>\n<meta name=\"description\" content=\"Hedendaagse schaal op voet uit keramiek met handgeschilderde strepen.\" \/>\n<meta name=\"robots\" content=\"index, follow, max-snippet:-1, max-image-preview:large, max-video-preview:-1\" \/>\n<link rel=\"canonical\" href=\"https:\/\/nationalstore.be\/fr\/produit\/alto-bowl\" \/>\n<meta property=\"og:locale\" content=\"fr_FR\" \/>\n<meta property=\"og:type\" content=\"article\" \/>\n<meta property=\"og:title\" content=\"Alto Bowl | E-shop artistes belges\" \/>\n<meta property=\"og:description\" content=\"Hedendaagse schaal op voet uit keramiek met handgeschilderde strepen.\" \/>\n<meta property=\"og:url\" content=\"https:\/\/nationalstore.be\/fr\/produit\/alto-bowl\" \/>\n<meta property=\"og:site_name\" content=\"NATIONA(A)L ARTIST SUPERMARKET\" \/>\n<meta property=\"article:publisher\" content=\"https:\/\/www.facebook.com\/nationalstore\/?ref=br_rs\" \/>\n<meta property=\"article:modified_time\" content=\"2024-09-08T16:47:22+00:00\" \/>\n<meta property=\"og:image\" content=\"https:\/\/nationalstore.be\/wp-content\/uploads\/2023\/12\/1.jpg\" \/>\n\t<meta property=\"og:image:width\" content=\"1260\" \/>\n\t<meta property=\"og:image:height\" content=\"1828\" \/>\n\t<meta property=\"og:image:type\" content=\"image\/jpeg\" \/>\n<meta name=\"twitter:card\" content=\"summary_large_image\" \/>\n<meta name=\"twitter:site\" content=\"@Nationalstore\" \/>\n<meta name=\"twitter:label1\" content=\"Dur\u00e9e de lecture estim\u00e9e\" \/>\n\t<meta name=\"twitter:data1\" content=\"1 minute\" \/>\n<script type=\"application\/ld+json\" class=\"yoast-schema-graph\">{\"@context\":\"https:\/\/schema.org\",\"@graph\":[{\"@type\":\"Organization\",\"@id\":\"https:\/\/nationalstore.be\/fr#organization\",\"name\":\"NATIONA(A)L ARTIST MARKET\",\"url\":\"https:\/\/nationalstore.be\/fr\",\"sameAs\":[\"https:\/\/www.instagram.com\/nationalstore\/\",\"https:\/\/www.facebook.com\/nationalstore\/?ref=br_rs\",\"https:\/\/twitter.com\/Nationalstore\"],\"logo\":{\"@type\":\"ImageObject\",\"inLanguage\":\"fr-FR\",\"@id\":\"https:\/\/nationalstore.be\/fr#\/schema\/logo\/image\/\",\"url\":\"https:\/\/nationalstore.be\/wp-content\/uploads\/2024\/03\/nationaal-logo_mauve-cmjn.png\",\"contentUrl\":\"https:\/\/nationalstore.be\/wp-content\/uploads\/2024\/03\/nationaal-logo_mauve-cmjn.png\",\"width\":3475,\"height\":1352,\"caption\":\"NATIONA(A)L ARTIST MARKET\"},\"image\":{\"@id\":\"https:\/\/nationalstore.be\/fr#\/schema\/logo\/image\/\"}},{\"@type\":\"WebSite\",\"@id\":\"https:\/\/nationalstore.be\/fr#website\",\"url\":\"https:\/\/nationalstore.be\/fr\",\"name\":\"NATIONA(A)L ARTIST SUPERMARKET\",\"description\":\"\",\"publisher\":{\"@id\":\"https:\/\/nationalstore.be\/fr#organization\"},\"potentialAction\":[{\"@type\":\"SearchAction\",\"target\":{\"@type\":\"EntryPoint\",\"urlTemplate\":\"https:\/\/nationalstore.be\/fr?s={search_term_string}\"},\"query-input\":\"required name=search_term_string\"}],\"inLanguage\":\"fr-FR\"},{\"@type\":\"ImageObject\",\"inLanguage\":\"fr-FR\",\"@id\":\"https:\/\/nationalstore.be\/fr\/produit\/alto-bowl#primaryimage\",\"url\":\"https:\/\/nationalstore.be\/wp-content\/uploads\/2023\/12\/1.jpg\",\"contentUrl\":\"https:\/\/nationalstore.be\/wp-content\/uploads\/2023\/12\/1.jpg\",\"width\":1260,\"height\":1828,\"caption\":\"Handmade ceramics bowl\"},{\"@type\":[\"WebPage\",\"ItemPage\"],\"@id\":\"https:\/\/nationalstore.be\/fr\/produit\/alto-bowl#webpage\",\"url\":\"https:\/\/nationalstore.be\/fr\/produit\/alto-bowl\",\"name\":\"Alto Bowl | E-shop artistes belges\",\"isPartOf\":{\"@id\":\"https:\/\/nationalstore.be\/fr#website\"},\"primaryImageOfPage\":{\"@id\":\"https:\/\/nationalstore.be\/fr\/produit\/alto-bowl#primaryimage\"},\"datePublished\":\"2023-12-28T15:34:35+00:00\",\"dateModified\":\"2024-09-08T16:47:22+00:00\",\"description\":\"Hedendaagse schaal op voet uit keramiek met handgeschilderde strepen.\",\"breadcrumb\":{\"@id\":\"https:\/\/nationalstore.be\/fr\/produit\/alto-bowl#breadcrumb\"},\"inLanguage\":\"fr-FR\",\"potentialAction\":[{\"@type\":\"ReadAction\",\"target\":[\"https:\/\/nationalstore.be\/fr\/produit\/alto-bowl\"]}]},{\"@type\":\"BreadcrumbList\",\"@id\":\"https:\/\/nationalstore.be\/fr\/produit\/alto-bowl#breadcrumb\",\"itemListElement\":[{\"@type\":\"ListItem\",\"position\":1,\"name\":\"Home\",\"item\":\"https:\/\/nationalstore.be\/fr\"},{\"@type\":\"ListItem\",\"position\":2,\"name\":\"Produits\",\"item\":\"https:\/\/nationalstore.be\/fr\/shop\"},{\"@type\":\"ListItem\",\"position\":3,\"name\":\"Design pour la maison\",\"item\":\"https:\/\/nationalstore.be\/fr\/pc\/design-pour-la-maison\"},{\"@type\":\"ListItem\",\"position\":4,\"name\":\"Fleurs &amp; Plantes\",\"item\":\"https:\/\/nationalstore.be\/fr\/pc\/design-pour-la-maison\/fleurs-plantes\"},{\"@type\":\"ListItem\",\"position\":5,\"name\":\"Alto Bowl\"}]}]}<\/script>\n<!-- \/ Yoast SEO plugin. -->","yoast_head_json":{"title":"Alto Bowl | E-shop artistes belges","description":"Hedendaagse schaal op voet uit keramiek met handgeschilderde strepen.","robots":{"index":"index","follow":"follow","max-snippet":"max-snippet:-1","max-image-preview":"max-image-preview:large","max-video-preview":"max-video-preview:-1"},"canonical":"https:\/\/nationalstore.be\/fr\/produit\/alto-bowl","og_locale":"fr_FR","og_type":"article","og_title":"Alto Bowl | E-shop artistes belges","og_description":"Hedendaagse schaal op voet uit keramiek met handgeschilderde strepen.","og_url":"https:\/\/nationalstore.be\/fr\/produit\/alto-bowl","og_site_name":"NATIONA(A)L ARTIST SUPERMARKET","article_publisher":"https:\/\/www.facebook.com\/nationalstore\/?ref=br_rs","article_modified_time":"2024-09-08T16:47:22+00:00","og_image":[{"width":1260,"height":1828,"url":"https:\/\/nationalstore.be\/wp-content\/uploads\/2023\/12\/1.jpg","type":"image\/jpeg"}],"twitter_card":"summary_large_image","twitter_site":"@Nationalstore","twitter_misc":{"Dur\u00e9e de lecture estim\u00e9e":"1 minute"},"schema":{"@context":"https:\/\/schema.org","@graph":[{"@type":"Organization","@id":"https:\/\/nationalstore.be\/fr#organization","name":"NATIONA(A)L ARTIST MARKET","url":"https:\/\/nationalstore.be\/fr","sameAs":["https:\/\/www.instagram.com\/nationalstore\/","https:\/\/www.facebook.com\/nationalstore\/?ref=br_rs","https:\/\/twitter.com\/Nationalstore"],"logo":{"@type":"ImageObject","inLanguage":"fr-FR","@id":"https:\/\/nationalstore.be\/fr#\/schema\/logo\/image\/","url":"https:\/\/nationalstore.be\/wp-content\/uploads\/2024\/03\/nationaal-logo_mauve-cmjn.png","contentUrl":"https:\/\/nationalstore.be\/wp-content\/uploads\/2024\/03\/nationaal-logo_mauve-cmjn.png","width":3475,"height":1352,"caption":"NATIONA(A)L ARTIST MARKET"},"image":{"@id":"https:\/\/nationalstore.be\/fr#\/schema\/logo\/image\/"}},{"@type":"WebSite","@id":"https:\/\/nationalstore.be\/fr#website","url":"https:\/\/nationalstore.be\/fr","name":"NATIONA(A)L ARTIST SUPERMARKET","description":"","publisher":{"@id":"https:\/\/nationalstore.be\/fr#organization"},"potentialAction":[{"@type":"SearchAction","target":{"@type":"EntryPoint","urlTemplate":"https:\/\/nationalstore.be\/fr?s={search_term_string}"},"query-input":"required name=search_term_string"}],"inLanguage":"fr-FR"},{"@type":"ImageObject","inLanguage":"fr-FR","@id":"https:\/\/nationalstore.be\/fr\/produit\/alto-bowl#primaryimage","url":"https:\/\/nationalstore.be\/wp-content\/uploads\/2023\/12\/1.jpg","contentUrl":"https:\/\/nationalstore.be\/wp-content\/uploads\/2023\/12\/1.jpg","width":1260,"height":1828,"caption":"Handmade ceramics bowl"},{"@type":["WebPage","ItemPage"],"@id":"https:\/\/nationalstore.be\/fr\/produit\/alto-bowl#webpage","url":"https:\/\/nationalstore.be\/fr\/produit\/alto-bowl","name":"Alto Bowl | E-shop artistes belges","isPartOf":{"@id":"https:\/\/nationalstore.be\/fr#website"},"primaryImageOfPage":{"@id":"https:\/\/nationalstore.be\/fr\/produit\/alto-bowl#primaryimage"},"datePublished":"2023-12-28T15:34:35+00:00","dateModified":"2024-09-08T16:47:22+00:00","description":"Hedendaagse schaal op voet uit keramiek met handgeschilderde strepen.","breadcrumb":{"@id":"https:\/\/nationalstore.be\/fr\/produit\/alto-bowl#breadcrumb"},"inLanguage":"fr-FR","potentialAction":[{"@type":"ReadAction","target":["https:\/\/nationalstore.be\/fr\/produit\/alto-bowl"]}]},{"@type":"BreadcrumbList","@id":"https:\/\/nationalstore.be\/fr\/produit\/alto-bowl#breadcrumb","itemListElement":[{"@type":"ListItem","position":1,"name":"Home","item":"https:\/\/nationalstore.be\/fr"},{"@type":"ListItem","position":2,"name":"Produits","item":"https:\/\/nationalstore.be\/fr\/shop"},{"@type":"ListItem","position":3,"name":"Design pour la maison","item":"https:\/\/nationalstore.be\/fr\/pc\/design-pour-la-maison"},{"@type":"ListItem","position":4,"name":"Fleurs &amp; Plantes","item":"https:\/\/nationalstore.be\/fr\/pc\/design-pour-la-maison\/fleurs-plantes"},{"@type":"ListItem","position":5,"name":"Alto Bowl"}]}]}},"_links":{"self":[{"href":"https:\/\/nationalstore.be\/fr\/wp-json\/wp\/v2\/product\/51424"}],"collection":[{"href":"https:\/\/nationalstore.be\/fr\/wp-json\/wp\/v2\/product"}],"about":[{"href":"https:\/\/nationalstore.be\/fr\/wp-json\/wp\/v2\/types\/product"}],"wp:featuredmedia":[{"embeddable":true,"href":"https:\/\/nationalstore.be\/fr\/wp-json\/wp\/v2\/media\/51421"}],"wp:attachment":[{"href":"https:\/\/nationalstore.be\/fr\/wp-json\/wp\/v2\/media?parent=51424"}],"wp:term":[{"taxonomy":"product_cat","embeddable":true,"href":"https:\/\/nationalstore.be\/fr\/wp-json\/wp\/v2\/product_cat?post=51424"},{"taxonomy":"product_tag","embeddable":true,"href":"https:\/\/nationalstore.be\/fr\/wp-json\/wp\/v2\/product_tag?post=51424"}],"curies":[{"name":"wp","href":"https:\/\/api.w.org\/{rel}","templated":true}]}}