{"id":50685,"date":"2023-11-29T21:27:15","date_gmt":"2023-11-29T20:27:15","guid":{"rendered":"https:\/\/nationalstore.be\/?post_type=product&#038;p=50685"},"modified":"2023-11-29T21:31:15","modified_gmt":"2023-11-29T20:31:15","slug":"beyond-bold-plaid","status":"publish","type":"product","link":"https:\/\/nationalstore.be\/fr\/produit\/beyond-bold-plaid","title":{"rendered":"Beyond Bold Plaid"},"content":{"rendered":"<p><span style=\"font-family: georgia, palatino, serif\" data-mce-style=\"font-family: georgia, palatino, serif;\">Tiss\u00e9s avec soin en jacquard en Belgique et finis \u00e0 la main avec la technique du crochet, qui ajoute des d\u00e9tails ludiques en couleur et en texture, chaque pi\u00e8ce devient une couverture unique et exclusive. Tous les textiles sont r\u00e9versibles, vous permettant de profiter des deux c\u00f4t\u00e9s de mani\u00e8re \u00e9gale.<\/span><\/p>\n","protected":false},"excerpt":{"rendered":"<p><span style=\"font-family: georgia, palatino, serif\"><em>&#8216;Au-del\u00e0 de l&#8217;Audace&#8217;<\/em> pr\u00e9sente une nouvelle s\u00e9rie de couvertures et de coussins jacquard tiss\u00e9s, chacun exprimant une forme diff\u00e9rente de tactile et de sensation.<\/span><br data-mce-bogus=\"1\"><\/p>\n","protected":false},"featured_media":50664,"template":"","meta":[],"product_cat":[1589,527,2870,2867],"product_tag":[3688,3690,3689,3687],"yoast_head":"<!-- This site is optimized with the Yoast SEO plugin v19.1 - https:\/\/yoast.com\/wordpress\/plugins\/seo\/ -->\n<title>Beyond Bold Plaid | E-shop artistes belges<\/title>\n<meta name=\"description\" content=\"Beyond Bold Plaid - Transforming bold and graphic patterns into tangible textures and textile pieces\" \/>\n<meta name=\"robots\" content=\"index, follow, max-snippet:-1, max-image-preview:large, max-video-preview:-1\" \/>\n<link rel=\"canonical\" href=\"https:\/\/nationalstore.be\/fr\/produit\/beyond-bold-plaid\" \/>\n<meta property=\"og:locale\" content=\"fr_FR\" \/>\n<meta property=\"og:type\" content=\"article\" \/>\n<meta property=\"og:title\" content=\"Beyond Bold Plaid | E-shop artistes belges\" \/>\n<meta property=\"og:description\" content=\"Beyond Bold Plaid - Transforming bold and graphic patterns into tangible textures and textile pieces\" \/>\n<meta property=\"og:url\" content=\"https:\/\/nationalstore.be\/fr\/produit\/beyond-bold-plaid\" \/>\n<meta property=\"og:site_name\" content=\"NATIONA(A)L ARTIST SUPERMARKET\" \/>\n<meta property=\"article:publisher\" content=\"https:\/\/www.facebook.com\/nationalstore\/?ref=br_rs\" \/>\n<meta property=\"article:modified_time\" content=\"2023-11-29T20:31:15+00:00\" \/>\n<meta property=\"og:image\" content=\"https:\/\/nationalstore.be\/wp-content\/uploads\/2023\/11\/EmmaTerweduwe-BeyondBold-ElectricBlue-scaled.jpeg\" \/>\n\t<meta property=\"og:image:width\" content=\"1707\" \/>\n\t<meta property=\"og:image:height\" content=\"2560\" \/>\n\t<meta property=\"og:image:type\" content=\"image\/jpeg\" \/>\n<meta name=\"twitter:card\" content=\"summary_large_image\" \/>\n<meta name=\"twitter:site\" content=\"@Nationalstore\" \/>\n<script type=\"application\/ld+json\" class=\"yoast-schema-graph\">{\"@context\":\"https:\/\/schema.org\",\"@graph\":[{\"@type\":\"Organization\",\"@id\":\"https:\/\/nationalstore.be\/fr#organization\",\"name\":\"NATIONA(A)L ARTIST MARKET\",\"url\":\"https:\/\/nationalstore.be\/fr\",\"sameAs\":[\"https:\/\/www.instagram.com\/nationalstore\/\",\"https:\/\/www.facebook.com\/nationalstore\/?ref=br_rs\",\"https:\/\/twitter.com\/Nationalstore\"],\"logo\":{\"@type\":\"ImageObject\",\"inLanguage\":\"fr-FR\",\"@id\":\"https:\/\/nationalstore.be\/fr#\/schema\/logo\/image\/\",\"url\":\"https:\/\/nationalstore.be\/wp-content\/uploads\/2024\/03\/nationaal-logo_mauve-cmjn.png\",\"contentUrl\":\"https:\/\/nationalstore.be\/wp-content\/uploads\/2024\/03\/nationaal-logo_mauve-cmjn.png\",\"width\":3475,\"height\":1352,\"caption\":\"NATIONA(A)L ARTIST MARKET\"},\"image\":{\"@id\":\"https:\/\/nationalstore.be\/fr#\/schema\/logo\/image\/\"}},{\"@type\":\"WebSite\",\"@id\":\"https:\/\/nationalstore.be\/fr#website\",\"url\":\"https:\/\/nationalstore.be\/fr\",\"name\":\"NATIONA(A)L ARTIST SUPERMARKET\",\"description\":\"\",\"publisher\":{\"@id\":\"https:\/\/nationalstore.be\/fr#organization\"},\"potentialAction\":[{\"@type\":\"SearchAction\",\"target\":{\"@type\":\"EntryPoint\",\"urlTemplate\":\"https:\/\/nationalstore.be\/fr?s={search_term_string}\"},\"query-input\":\"required name=search_term_string\"}],\"inLanguage\":\"fr-FR\"},{\"@type\":\"ImageObject\",\"inLanguage\":\"fr-FR\",\"@id\":\"https:\/\/nationalstore.be\/fr\/produit\/beyond-bold-plaid#primaryimage\",\"url\":\"https:\/\/nationalstore.be\/wp-content\/uploads\/2023\/11\/EmmaTerweduwe-BeyondBold-ElectricBlue-scaled.jpeg\",\"contentUrl\":\"https:\/\/nationalstore.be\/wp-content\/uploads\/2023\/11\/EmmaTerweduwe-BeyondBold-ElectricBlue-scaled.jpeg\",\"width\":1707,\"height\":2560,\"caption\":\"Beyond Bold Plaid\"},{\"@type\":[\"WebPage\",\"ItemPage\"],\"@id\":\"https:\/\/nationalstore.be\/fr\/produit\/beyond-bold-plaid#webpage\",\"url\":\"https:\/\/nationalstore.be\/fr\/produit\/beyond-bold-plaid\",\"name\":\"Beyond Bold Plaid | E-shop artistes belges\",\"isPartOf\":{\"@id\":\"https:\/\/nationalstore.be\/fr#website\"},\"primaryImageOfPage\":{\"@id\":\"https:\/\/nationalstore.be\/fr\/produit\/beyond-bold-plaid#primaryimage\"},\"datePublished\":\"2023-11-29T20:27:15+00:00\",\"dateModified\":\"2023-11-29T20:31:15+00:00\",\"description\":\"Beyond Bold Plaid - Transforming bold and graphic patterns into tangible textures and textile pieces\",\"breadcrumb\":{\"@id\":\"https:\/\/nationalstore.be\/fr\/produit\/beyond-bold-plaid#breadcrumb\"},\"inLanguage\":\"fr-FR\",\"potentialAction\":[{\"@type\":\"ReadAction\",\"target\":[\"https:\/\/nationalstore.be\/fr\/produit\/beyond-bold-plaid\"]}]},{\"@type\":\"BreadcrumbList\",\"@id\":\"https:\/\/nationalstore.be\/fr\/produit\/beyond-bold-plaid#breadcrumb\",\"itemListElement\":[{\"@type\":\"ListItem\",\"position\":1,\"name\":\"Home\",\"item\":\"https:\/\/nationalstore.be\/fr\"},{\"@type\":\"ListItem\",\"position\":2,\"name\":\"Produits\",\"item\":\"https:\/\/nationalstore.be\/fr\/shop\"},{\"@type\":\"ListItem\",\"position\":3,\"name\":\"Subcategories\",\"item\":\"https:\/\/nationalstore.be\/fr\/pc\/subcategories-fr\"},{\"@type\":\"ListItem\",\"position\":4,\"name\":\"Design &amp; Durabilit\u00e9\",\"item\":\"https:\/\/nationalstore.be\/fr\/pc\/subcategories-fr\/design-durabilite\"},{\"@type\":\"ListItem\",\"position\":5,\"name\":\"Beyond Bold Plaid\"}]}]}<\/script>\n<!-- \/ Yoast SEO plugin. -->","yoast_head_json":{"title":"Beyond Bold Plaid | E-shop artistes belges","description":"Beyond Bold Plaid - Transforming bold and graphic patterns into tangible textures and textile pieces","robots":{"index":"index","follow":"follow","max-snippet":"max-snippet:-1","max-image-preview":"max-image-preview:large","max-video-preview":"max-video-preview:-1"},"canonical":"https:\/\/nationalstore.be\/fr\/produit\/beyond-bold-plaid","og_locale":"fr_FR","og_type":"article","og_title":"Beyond Bold Plaid | E-shop artistes belges","og_description":"Beyond Bold Plaid - Transforming bold and graphic patterns into tangible textures and textile pieces","og_url":"https:\/\/nationalstore.be\/fr\/produit\/beyond-bold-plaid","og_site_name":"NATIONA(A)L ARTIST SUPERMARKET","article_publisher":"https:\/\/www.facebook.com\/nationalstore\/?ref=br_rs","article_modified_time":"2023-11-29T20:31:15+00:00","og_image":[{"width":1707,"height":2560,"url":"https:\/\/nationalstore.be\/wp-content\/uploads\/2023\/11\/EmmaTerweduwe-BeyondBold-ElectricBlue-scaled.jpeg","type":"image\/jpeg"}],"twitter_card":"summary_large_image","twitter_site":"@Nationalstore","schema":{"@context":"https:\/\/schema.org","@graph":[{"@type":"Organization","@id":"https:\/\/nationalstore.be\/fr#organization","name":"NATIONA(A)L ARTIST MARKET","url":"https:\/\/nationalstore.be\/fr","sameAs":["https:\/\/www.instagram.com\/nationalstore\/","https:\/\/www.facebook.com\/nationalstore\/?ref=br_rs","https:\/\/twitter.com\/Nationalstore"],"logo":{"@type":"ImageObject","inLanguage":"fr-FR","@id":"https:\/\/nationalstore.be\/fr#\/schema\/logo\/image\/","url":"https:\/\/nationalstore.be\/wp-content\/uploads\/2024\/03\/nationaal-logo_mauve-cmjn.png","contentUrl":"https:\/\/nationalstore.be\/wp-content\/uploads\/2024\/03\/nationaal-logo_mauve-cmjn.png","width":3475,"height":1352,"caption":"NATIONA(A)L ARTIST MARKET"},"image":{"@id":"https:\/\/nationalstore.be\/fr#\/schema\/logo\/image\/"}},{"@type":"WebSite","@id":"https:\/\/nationalstore.be\/fr#website","url":"https:\/\/nationalstore.be\/fr","name":"NATIONA(A)L ARTIST SUPERMARKET","description":"","publisher":{"@id":"https:\/\/nationalstore.be\/fr#organization"},"potentialAction":[{"@type":"SearchAction","target":{"@type":"EntryPoint","urlTemplate":"https:\/\/nationalstore.be\/fr?s={search_term_string}"},"query-input":"required name=search_term_string"}],"inLanguage":"fr-FR"},{"@type":"ImageObject","inLanguage":"fr-FR","@id":"https:\/\/nationalstore.be\/fr\/produit\/beyond-bold-plaid#primaryimage","url":"https:\/\/nationalstore.be\/wp-content\/uploads\/2023\/11\/EmmaTerweduwe-BeyondBold-ElectricBlue-scaled.jpeg","contentUrl":"https:\/\/nationalstore.be\/wp-content\/uploads\/2023\/11\/EmmaTerweduwe-BeyondBold-ElectricBlue-scaled.jpeg","width":1707,"height":2560,"caption":"Beyond Bold Plaid"},{"@type":["WebPage","ItemPage"],"@id":"https:\/\/nationalstore.be\/fr\/produit\/beyond-bold-plaid#webpage","url":"https:\/\/nationalstore.be\/fr\/produit\/beyond-bold-plaid","name":"Beyond Bold Plaid | E-shop artistes belges","isPartOf":{"@id":"https:\/\/nationalstore.be\/fr#website"},"primaryImageOfPage":{"@id":"https:\/\/nationalstore.be\/fr\/produit\/beyond-bold-plaid#primaryimage"},"datePublished":"2023-11-29T20:27:15+00:00","dateModified":"2023-11-29T20:31:15+00:00","description":"Beyond Bold Plaid - Transforming bold and graphic patterns into tangible textures and textile pieces","breadcrumb":{"@id":"https:\/\/nationalstore.be\/fr\/produit\/beyond-bold-plaid#breadcrumb"},"inLanguage":"fr-FR","potentialAction":[{"@type":"ReadAction","target":["https:\/\/nationalstore.be\/fr\/produit\/beyond-bold-plaid"]}]},{"@type":"BreadcrumbList","@id":"https:\/\/nationalstore.be\/fr\/produit\/beyond-bold-plaid#breadcrumb","itemListElement":[{"@type":"ListItem","position":1,"name":"Home","item":"https:\/\/nationalstore.be\/fr"},{"@type":"ListItem","position":2,"name":"Produits","item":"https:\/\/nationalstore.be\/fr\/shop"},{"@type":"ListItem","position":3,"name":"Subcategories","item":"https:\/\/nationalstore.be\/fr\/pc\/subcategories-fr"},{"@type":"ListItem","position":4,"name":"Design &amp; Durabilit\u00e9","item":"https:\/\/nationalstore.be\/fr\/pc\/subcategories-fr\/design-durabilite"},{"@type":"ListItem","position":5,"name":"Beyond Bold Plaid"}]}]}},"_links":{"self":[{"href":"https:\/\/nationalstore.be\/fr\/wp-json\/wp\/v2\/product\/50685"}],"collection":[{"href":"https:\/\/nationalstore.be\/fr\/wp-json\/wp\/v2\/product"}],"about":[{"href":"https:\/\/nationalstore.be\/fr\/wp-json\/wp\/v2\/types\/product"}],"wp:featuredmedia":[{"embeddable":true,"href":"https:\/\/nationalstore.be\/fr\/wp-json\/wp\/v2\/media\/50664"}],"wp:attachment":[{"href":"https:\/\/nationalstore.be\/fr\/wp-json\/wp\/v2\/media?parent=50685"}],"wp:term":[{"taxonomy":"product_cat","embeddable":true,"href":"https:\/\/nationalstore.be\/fr\/wp-json\/wp\/v2\/product_cat?post=50685"},{"taxonomy":"product_tag","embeddable":true,"href":"https:\/\/nationalstore.be\/fr\/wp-json\/wp\/v2\/product_tag?post=50685"}],"curies":[{"name":"wp","href":"https:\/\/api.w.org\/{rel}","templated":true}]}}