{"id":50682,"date":"2023-11-29T16:40:32","date_gmt":"2023-11-29T15:40:32","guid":{"rendered":"https:\/\/nationalstore.be\/?post_type=product&#038;p=50682"},"modified":"2025-07-15T10:56:53","modified_gmt":"2025-07-15T08:56:53","slug":"beyond-bold-plaid-peach","status":"publish","type":"product","link":"https:\/\/nationalstore.be\/fr\/produit\/beyond-bold-plaid-peach","title":{"rendered":"Beyond Bold Plaid Peach"},"content":{"rendered":"<p>Dans cette nouvelle s\u00e9rie, Emma explore son style distinctif de motifs graphiques audacieux et vifs, transform\u00e9s en textures tangibles et pi\u00e8ces textiles. Au-del\u00e0 de l&#8217;Audace&#8217; pr\u00e9sente une nouvelle s\u00e9rie de couvertures et de coussins jacquard tiss\u00e9s, chacun exprimant une sensation tactile et une ambiance diff\u00e9rentes.<\/p>\n<p>Tiss\u00e9es avec soin en Belgique et finies \u00e0 la main avec la technique du crochet, qui ajoute des d\u00e9tails ludiques en couleur et en texture, chaque pi\u00e8ce devient un plaid unique et exclusif. Tous les textiles sont r\u00e9versibles, vous permettant de profiter \u00e9galement des deux c\u00f4t\u00e9s.<\/p>\n","protected":false},"excerpt":{"rendered":"<p>Beyond Bold pr\u00e9sente une s\u00e9rie de carreaux et de coussins arborant les motifs graphiques audacieux et vifs caract\u00e9ristiques d&#8217;Emma, transform\u00e9s en textures tangibles et pi\u00e8ces textiles.<\/p>\n","protected":false},"featured_media":55757,"template":"","meta":[],"product_cat":[3722,1589,527,2870,2867],"product_tag":[3688,3690,3689,3687],"yoast_head":"<!-- This site is optimized with the Yoast SEO plugin v19.1 - https:\/\/yoast.com\/wordpress\/plugins\/seo\/ -->\n<title>Beyond Bold Plaid Peach | E-shop artistes belges<\/title>\n<meta name=\"description\" content=\"Beyond Bold Plaid - Transforming bold and graphic patterns into tangible textures and textile pieces\" \/>\n<meta name=\"robots\" content=\"index, follow, max-snippet:-1, max-image-preview:large, max-video-preview:-1\" \/>\n<link rel=\"canonical\" href=\"https:\/\/nationalstore.be\/fr\/produit\/beyond-bold-plaid-peach\" \/>\n<meta property=\"og:locale\" content=\"fr_FR\" \/>\n<meta property=\"og:type\" content=\"article\" \/>\n<meta property=\"og:title\" content=\"Beyond Bold Plaid Peach | E-shop artistes belges\" \/>\n<meta property=\"og:description\" content=\"Beyond Bold Plaid - Transforming bold and graphic patterns into tangible textures and textile pieces\" \/>\n<meta property=\"og:url\" content=\"https:\/\/nationalstore.be\/fr\/produit\/beyond-bold-plaid-peach\" \/>\n<meta property=\"og:site_name\" content=\"NATIONA(A)L ARTIST SUPERMARKET\" \/>\n<meta property=\"article:publisher\" content=\"https:\/\/www.facebook.com\/nationalstore\/?ref=br_rs\" \/>\n<meta property=\"article:modified_time\" content=\"2025-07-15T08:56:53+00:00\" \/>\n<meta property=\"og:image\" content=\"https:\/\/nationalstore.be\/wp-content\/uploads\/2025\/07\/DSCF2562-4.jpg\" \/>\n\t<meta property=\"og:image:width\" content=\"1365\" \/>\n\t<meta property=\"og:image:height\" content=\"2048\" \/>\n\t<meta property=\"og:image:type\" content=\"image\/jpeg\" \/>\n<meta name=\"twitter:card\" content=\"summary_large_image\" \/>\n<meta name=\"twitter:site\" content=\"@Nationalstore\" \/>\n<meta name=\"twitter:label1\" content=\"Dur\u00e9e de lecture estim\u00e9e\" \/>\n\t<meta name=\"twitter:data1\" content=\"1 minute\" \/>\n<script type=\"application\/ld+json\" class=\"yoast-schema-graph\">{\"@context\":\"https:\/\/schema.org\",\"@graph\":[{\"@type\":\"Organization\",\"@id\":\"https:\/\/nationalstore.be\/fr#organization\",\"name\":\"NATIONA(A)L ARTIST MARKET\",\"url\":\"https:\/\/nationalstore.be\/fr\",\"sameAs\":[\"https:\/\/www.instagram.com\/nationalstore\/\",\"https:\/\/www.facebook.com\/nationalstore\/?ref=br_rs\",\"https:\/\/twitter.com\/Nationalstore\"],\"logo\":{\"@type\":\"ImageObject\",\"inLanguage\":\"fr-FR\",\"@id\":\"https:\/\/nationalstore.be\/fr#\/schema\/logo\/image\/\",\"url\":\"https:\/\/nationalstore.be\/wp-content\/uploads\/2024\/03\/nationaal-logo_mauve-cmjn.png\",\"contentUrl\":\"https:\/\/nationalstore.be\/wp-content\/uploads\/2024\/03\/nationaal-logo_mauve-cmjn.png\",\"width\":3475,\"height\":1352,\"caption\":\"NATIONA(A)L ARTIST MARKET\"},\"image\":{\"@id\":\"https:\/\/nationalstore.be\/fr#\/schema\/logo\/image\/\"}},{\"@type\":\"WebSite\",\"@id\":\"https:\/\/nationalstore.be\/fr#website\",\"url\":\"https:\/\/nationalstore.be\/fr\",\"name\":\"NATIONA(A)L ARTIST SUPERMARKET\",\"description\":\"\",\"publisher\":{\"@id\":\"https:\/\/nationalstore.be\/fr#organization\"},\"potentialAction\":[{\"@type\":\"SearchAction\",\"target\":{\"@type\":\"EntryPoint\",\"urlTemplate\":\"https:\/\/nationalstore.be\/fr?s={search_term_string}\"},\"query-input\":\"required name=search_term_string\"}],\"inLanguage\":\"fr-FR\"},{\"@type\":\"ImageObject\",\"inLanguage\":\"fr-FR\",\"@id\":\"https:\/\/nationalstore.be\/fr\/produit\/beyond-bold-plaid-peach#primaryimage\",\"url\":\"https:\/\/nationalstore.be\/wp-content\/uploads\/2025\/07\/DSCF2562-4.jpg\",\"contentUrl\":\"https:\/\/nationalstore.be\/wp-content\/uploads\/2025\/07\/DSCF2562-4.jpg\",\"width\":1365,\"height\":2048},{\"@type\":[\"WebPage\",\"ItemPage\"],\"@id\":\"https:\/\/nationalstore.be\/fr\/produit\/beyond-bold-plaid-peach#webpage\",\"url\":\"https:\/\/nationalstore.be\/fr\/produit\/beyond-bold-plaid-peach\",\"name\":\"Beyond Bold Plaid Peach | E-shop artistes belges\",\"isPartOf\":{\"@id\":\"https:\/\/nationalstore.be\/fr#website\"},\"primaryImageOfPage\":{\"@id\":\"https:\/\/nationalstore.be\/fr\/produit\/beyond-bold-plaid-peach#primaryimage\"},\"datePublished\":\"2023-11-29T15:40:32+00:00\",\"dateModified\":\"2025-07-15T08:56:53+00:00\",\"description\":\"Beyond Bold Plaid - Transforming bold and graphic patterns into tangible textures and textile pieces\",\"breadcrumb\":{\"@id\":\"https:\/\/nationalstore.be\/fr\/produit\/beyond-bold-plaid-peach#breadcrumb\"},\"inLanguage\":\"fr-FR\",\"potentialAction\":[{\"@type\":\"ReadAction\",\"target\":[\"https:\/\/nationalstore.be\/fr\/produit\/beyond-bold-plaid-peach\"]}]},{\"@type\":\"BreadcrumbList\",\"@id\":\"https:\/\/nationalstore.be\/fr\/produit\/beyond-bold-plaid-peach#breadcrumb\",\"itemListElement\":[{\"@type\":\"ListItem\",\"position\":1,\"name\":\"Home\",\"item\":\"https:\/\/nationalstore.be\/fr\"},{\"@type\":\"ListItem\",\"position\":2,\"name\":\"Produits\",\"item\":\"https:\/\/nationalstore.be\/fr\/shop\"},{\"@type\":\"ListItem\",\"position\":3,\"name\":\"Subcategories\",\"item\":\"https:\/\/nationalstore.be\/fr\/pc\/subcategories-fr\"},{\"@type\":\"ListItem\",\"position\":4,\"name\":\"Design &amp; Durabilit\u00e9\",\"item\":\"https:\/\/nationalstore.be\/fr\/pc\/subcategories-fr\/design-durabilite\"},{\"@type\":\"ListItem\",\"position\":5,\"name\":\"Beyond Bold Plaid Peach\"}]}]}<\/script>\n<!-- \/ Yoast SEO plugin. -->","yoast_head_json":{"title":"Beyond Bold Plaid Peach | E-shop artistes belges","description":"Beyond Bold Plaid - Transforming bold and graphic patterns into tangible textures and textile pieces","robots":{"index":"index","follow":"follow","max-snippet":"max-snippet:-1","max-image-preview":"max-image-preview:large","max-video-preview":"max-video-preview:-1"},"canonical":"https:\/\/nationalstore.be\/fr\/produit\/beyond-bold-plaid-peach","og_locale":"fr_FR","og_type":"article","og_title":"Beyond Bold Plaid Peach | E-shop artistes belges","og_description":"Beyond Bold Plaid - Transforming bold and graphic patterns into tangible textures and textile pieces","og_url":"https:\/\/nationalstore.be\/fr\/produit\/beyond-bold-plaid-peach","og_site_name":"NATIONA(A)L ARTIST SUPERMARKET","article_publisher":"https:\/\/www.facebook.com\/nationalstore\/?ref=br_rs","article_modified_time":"2025-07-15T08:56:53+00:00","og_image":[{"width":1365,"height":2048,"url":"https:\/\/nationalstore.be\/wp-content\/uploads\/2025\/07\/DSCF2562-4.jpg","type":"image\/jpeg"}],"twitter_card":"summary_large_image","twitter_site":"@Nationalstore","twitter_misc":{"Dur\u00e9e de lecture estim\u00e9e":"1 minute"},"schema":{"@context":"https:\/\/schema.org","@graph":[{"@type":"Organization","@id":"https:\/\/nationalstore.be\/fr#organization","name":"NATIONA(A)L ARTIST MARKET","url":"https:\/\/nationalstore.be\/fr","sameAs":["https:\/\/www.instagram.com\/nationalstore\/","https:\/\/www.facebook.com\/nationalstore\/?ref=br_rs","https:\/\/twitter.com\/Nationalstore"],"logo":{"@type":"ImageObject","inLanguage":"fr-FR","@id":"https:\/\/nationalstore.be\/fr#\/schema\/logo\/image\/","url":"https:\/\/nationalstore.be\/wp-content\/uploads\/2024\/03\/nationaal-logo_mauve-cmjn.png","contentUrl":"https:\/\/nationalstore.be\/wp-content\/uploads\/2024\/03\/nationaal-logo_mauve-cmjn.png","width":3475,"height":1352,"caption":"NATIONA(A)L ARTIST MARKET"},"image":{"@id":"https:\/\/nationalstore.be\/fr#\/schema\/logo\/image\/"}},{"@type":"WebSite","@id":"https:\/\/nationalstore.be\/fr#website","url":"https:\/\/nationalstore.be\/fr","name":"NATIONA(A)L ARTIST SUPERMARKET","description":"","publisher":{"@id":"https:\/\/nationalstore.be\/fr#organization"},"potentialAction":[{"@type":"SearchAction","target":{"@type":"EntryPoint","urlTemplate":"https:\/\/nationalstore.be\/fr?s={search_term_string}"},"query-input":"required name=search_term_string"}],"inLanguage":"fr-FR"},{"@type":"ImageObject","inLanguage":"fr-FR","@id":"https:\/\/nationalstore.be\/fr\/produit\/beyond-bold-plaid-peach#primaryimage","url":"https:\/\/nationalstore.be\/wp-content\/uploads\/2025\/07\/DSCF2562-4.jpg","contentUrl":"https:\/\/nationalstore.be\/wp-content\/uploads\/2025\/07\/DSCF2562-4.jpg","width":1365,"height":2048},{"@type":["WebPage","ItemPage"],"@id":"https:\/\/nationalstore.be\/fr\/produit\/beyond-bold-plaid-peach#webpage","url":"https:\/\/nationalstore.be\/fr\/produit\/beyond-bold-plaid-peach","name":"Beyond Bold Plaid Peach | E-shop artistes belges","isPartOf":{"@id":"https:\/\/nationalstore.be\/fr#website"},"primaryImageOfPage":{"@id":"https:\/\/nationalstore.be\/fr\/produit\/beyond-bold-plaid-peach#primaryimage"},"datePublished":"2023-11-29T15:40:32+00:00","dateModified":"2025-07-15T08:56:53+00:00","description":"Beyond Bold Plaid - Transforming bold and graphic patterns into tangible textures and textile pieces","breadcrumb":{"@id":"https:\/\/nationalstore.be\/fr\/produit\/beyond-bold-plaid-peach#breadcrumb"},"inLanguage":"fr-FR","potentialAction":[{"@type":"ReadAction","target":["https:\/\/nationalstore.be\/fr\/produit\/beyond-bold-plaid-peach"]}]},{"@type":"BreadcrumbList","@id":"https:\/\/nationalstore.be\/fr\/produit\/beyond-bold-plaid-peach#breadcrumb","itemListElement":[{"@type":"ListItem","position":1,"name":"Home","item":"https:\/\/nationalstore.be\/fr"},{"@type":"ListItem","position":2,"name":"Produits","item":"https:\/\/nationalstore.be\/fr\/shop"},{"@type":"ListItem","position":3,"name":"Subcategories","item":"https:\/\/nationalstore.be\/fr\/pc\/subcategories-fr"},{"@type":"ListItem","position":4,"name":"Design &amp; Durabilit\u00e9","item":"https:\/\/nationalstore.be\/fr\/pc\/subcategories-fr\/design-durabilite"},{"@type":"ListItem","position":5,"name":"Beyond Bold Plaid Peach"}]}]}},"_links":{"self":[{"href":"https:\/\/nationalstore.be\/fr\/wp-json\/wp\/v2\/product\/50682"}],"collection":[{"href":"https:\/\/nationalstore.be\/fr\/wp-json\/wp\/v2\/product"}],"about":[{"href":"https:\/\/nationalstore.be\/fr\/wp-json\/wp\/v2\/types\/product"}],"wp:featuredmedia":[{"embeddable":true,"href":"https:\/\/nationalstore.be\/fr\/wp-json\/wp\/v2\/media\/55757"}],"wp:attachment":[{"href":"https:\/\/nationalstore.be\/fr\/wp-json\/wp\/v2\/media?parent=50682"}],"wp:term":[{"taxonomy":"product_cat","embeddable":true,"href":"https:\/\/nationalstore.be\/fr\/wp-json\/wp\/v2\/product_cat?post=50682"},{"taxonomy":"product_tag","embeddable":true,"href":"https:\/\/nationalstore.be\/fr\/wp-json\/wp\/v2\/product_tag?post=50682"}],"curies":[{"name":"wp","href":"https:\/\/api.w.org\/{rel}","templated":true}]}}