{"id":50448,"date":"2023-11-21T15:08:46","date_gmt":"2023-11-21T14:08:46","guid":{"rendered":"https:\/\/nationalstore.be\/?post_type=product&#038;p=50448"},"modified":"2024-10-02T21:57:10","modified_gmt":"2024-10-02T19:57:10","slug":"lollipop-cold-mint-copy-copy-copy-copy-copy-copy-copy-copy-copy-copy","status":"publish","type":"product","link":"https:\/\/nationalstore.be\/fr\/produit\/lollipop-cold-mint-copy-copy-copy-copy-copy-copy-copy-copy-copy-copy","title":{"rendered":"Lollipop Menthe froide"},"content":{"rendered":"<div id=\"panel-9871-0-1-4\" class=\"so-panel widget_so-wc-template-single-excerpt\" data-index=\"5\" data-mce-style=\"zoom: 1;\">\n<div class=\"woocommerce-product-details__short-description\">\n<div id=\"panel-9871-0-1-4\" class=\"so-panel widget_so-wc-template-single-excerpt\" data-index=\"5\" data-mce-style=\"zoom: 1;\" style=\"margin-bottom: 0px\">\n<div class=\"woocommerce-product-details__short-description\">\n<p data-mce-style=\"line-height: 20px; margin: 20px 0px !important;\" style=\"line-height: 20px;margin: 20px 0px !important\">_<\/p>\n<\/div>\n<\/div>\n<\/div>\n<\/div>\n<div id=\"panel-9871-0-1-5\" class=\"so-panel widget_so-wc-output-product-description\" data-index=\"6\" data-mce-style=\"zoom: 1;\">\n<div id=\"panel-9871-0-1-4\" data-index=\"5\">\n<p style=\"line-height: 20px;margin: 20px 0px !important\" data-mce-style=\"line-height: 20px; margin: 20px 0px !important;\"><em><strong>Lollipop Cold Mint<br \/><\/strong><\/em><\/p>\n<p style=\"line-height: 20px;margin: 20px 0px !important\" data-mce-style=\"line-height: 20px; margin: 20px 0px !important;\">Lacque sur PU, vernis UV, pinceaux s\u00e9ch\u00e9<\/p>\n<p style=\"line-height: 20px;margin: 20px 0px !important\" data-mce-style=\"line-height: 20px; margin: 20px 0px !important;\">Dimensions variables<\/p>\n<p style=\"line-height: 20px;margin: 20px 0px !important\" data-mce-style=\"line-height: 20px; margin: 20px 0px !important;\">Sign\u00e9e et estampill\u00e9e \u00e0 l\u2019arri\u00e8re, 2022<\/p>\n<\/div>\n<\/div>\n","protected":false},"excerpt":{"rendered":"<div id=\"panel-9871-0-1-5\" class=\"so-panel widget_so-wc-output-product-description\" data-index=\"6\" data-mce-style=\"zoom: 1;\">\n<div id=\"panel-9871-0-1-4\" data-index=\"5\" style=\"color: #333333\" data-mce-style=\"caret-color: #333333; color: #333333;\"><\/div>\n<\/div>\n<div id=\"panel-9871-0-1-4\" class=\"so-panel widget_so-wc-template-single-excerpt\" data-index=\"5\" data-mce-style=\"zoom: 1;\">\n<div class=\"woocommerce-product-details__short-description\">\n<div id=\"panel-9871-0-1-4\" class=\"so-panel widget_so-wc-template-single-excerpt\" data-index=\"5\" data-mce-style=\"zoom: 1;\" style=\"margin-bottom: 0px\">\n<div class=\"woocommerce-product-details__short-description\">\n<p data-mce-style=\"line-height: 20px; margin: 20px 0px !important;\" style=\"line-height: 20px;margin: 20px 0px !important\">Pas de g\u00e2chis, mes vieux pinceaux sont recycl\u00e9s en sucette sans sucre.<\/p>\n<p data-mce-style=\"line-height: 20px; margin: 20px 0px !important;\" style=\"line-height: 20px;margin: 20px 0px !important\">10 Pinceaux \u00e0 vendre sur\u00a0<strong style=\"font-weight: bold !important\" data-mce-style=\"font-weight: bold !important;\">NATIONA(A)L e-market<\/strong><\/p>\n<p data-mce-style=\"line-height: 20px; margin: 20px 0px !important;\" style=\"line-height: 20px;margin: 20px 0px !important\">Bonne d\u00e9gustation !<\/p>\n<\/div>\n<\/div>\n<\/div>\n<\/div>\n","protected":false},"featured_media":50338,"template":"","meta":[],"product_cat":[3410,570,527,2948,2942,2903,2912],"product_tag":[139,349,321],"yoast_head":"<!-- This site is optimized with the Yoast SEO plugin v19.1 - https:\/\/yoast.com\/wordpress\/plugins\/seo\/ -->\n<title>Lollipop Menthe froide | E-shop artistes belges<\/title>\n<meta name=\"description\" content=\"Acheter un produit comme Lollipop Menthe froide? Laissez vous surprendre par nos artistes belges sp\u00e9cialis\u00e9s en produits artisanaux!\" \/>\n<meta name=\"robots\" content=\"index, follow, max-snippet:-1, max-image-preview:large, max-video-preview:-1\" \/>\n<link rel=\"canonical\" href=\"https:\/\/nationalstore.be\/fr\/produit\/lollipop-cold-mint-copy-copy-copy-copy-copy-copy-copy-copy-copy-copy\" \/>\n<meta property=\"og:locale\" content=\"fr_FR\" \/>\n<meta property=\"og:type\" content=\"article\" \/>\n<meta property=\"og:title\" content=\"Lollipop Menthe froide | E-shop artistes belges\" \/>\n<meta property=\"og:description\" content=\"Acheter un produit comme Lollipop Menthe froide? Laissez vous surprendre par nos artistes belges sp\u00e9cialis\u00e9s en produits artisanaux!\" \/>\n<meta property=\"og:url\" content=\"https:\/\/nationalstore.be\/fr\/produit\/lollipop-cold-mint-copy-copy-copy-copy-copy-copy-copy-copy-copy-copy\" \/>\n<meta property=\"og:site_name\" content=\"NATIONA(A)L ARTIST SUPERMARKET\" \/>\n<meta property=\"article:publisher\" content=\"https:\/\/www.facebook.com\/nationalstore\/?ref=br_rs\" \/>\n<meta property=\"article:modified_time\" content=\"2024-10-02T19:57:10+00:00\" \/>\n<meta property=\"og:image\" content=\"https:\/\/nationalstore.be\/wp-content\/uploads\/2023\/11\/IMG_8316-scaled.jpg\" \/>\n\t<meta property=\"og:image:width\" content=\"2560\" \/>\n\t<meta property=\"og:image:height\" content=\"2560\" \/>\n\t<meta property=\"og:image:type\" content=\"image\/jpeg\" \/>\n<meta name=\"twitter:card\" content=\"summary_large_image\" \/>\n<meta name=\"twitter:site\" content=\"@Nationalstore\" \/>\n<script type=\"application\/ld+json\" class=\"yoast-schema-graph\">{\"@context\":\"https:\/\/schema.org\",\"@graph\":[{\"@type\":\"Organization\",\"@id\":\"https:\/\/nationalstore.be\/fr#organization\",\"name\":\"NATIONA(A)L ARTIST MARKET\",\"url\":\"https:\/\/nationalstore.be\/fr\",\"sameAs\":[\"https:\/\/www.instagram.com\/nationalstore\/\",\"https:\/\/www.facebook.com\/nationalstore\/?ref=br_rs\",\"https:\/\/twitter.com\/Nationalstore\"],\"logo\":{\"@type\":\"ImageObject\",\"inLanguage\":\"fr-FR\",\"@id\":\"https:\/\/nationalstore.be\/fr#\/schema\/logo\/image\/\",\"url\":\"https:\/\/nationalstore.be\/wp-content\/uploads\/2024\/03\/nationaal-logo_mauve-cmjn.png\",\"contentUrl\":\"https:\/\/nationalstore.be\/wp-content\/uploads\/2024\/03\/nationaal-logo_mauve-cmjn.png\",\"width\":3475,\"height\":1352,\"caption\":\"NATIONA(A)L ARTIST MARKET\"},\"image\":{\"@id\":\"https:\/\/nationalstore.be\/fr#\/schema\/logo\/image\/\"}},{\"@type\":\"WebSite\",\"@id\":\"https:\/\/nationalstore.be\/fr#website\",\"url\":\"https:\/\/nationalstore.be\/fr\",\"name\":\"NATIONA(A)L ARTIST SUPERMARKET\",\"description\":\"\",\"publisher\":{\"@id\":\"https:\/\/nationalstore.be\/fr#organization\"},\"potentialAction\":[{\"@type\":\"SearchAction\",\"target\":{\"@type\":\"EntryPoint\",\"urlTemplate\":\"https:\/\/nationalstore.be\/fr?s={search_term_string}\"},\"query-input\":\"required name=search_term_string\"}],\"inLanguage\":\"fr-FR\"},{\"@type\":\"ImageObject\",\"inLanguage\":\"fr-FR\",\"@id\":\"https:\/\/nationalstore.be\/fr\/produit\/lollipop-cold-mint-copy-copy-copy-copy-copy-copy-copy-copy-copy-copy#primaryimage\",\"url\":\"https:\/\/nationalstore.be\/wp-content\/uploads\/2023\/11\/IMG_8316-scaled.jpg\",\"contentUrl\":\"https:\/\/nationalstore.be\/wp-content\/uploads\/2023\/11\/IMG_8316-scaled.jpg\",\"width\":2560,\"height\":2560},{\"@type\":[\"WebPage\",\"ItemPage\"],\"@id\":\"https:\/\/nationalstore.be\/fr\/produit\/lollipop-cold-mint-copy-copy-copy-copy-copy-copy-copy-copy-copy-copy#webpage\",\"url\":\"https:\/\/nationalstore.be\/fr\/produit\/lollipop-cold-mint-copy-copy-copy-copy-copy-copy-copy-copy-copy-copy\",\"name\":\"Lollipop Menthe froide | E-shop artistes belges\",\"isPartOf\":{\"@id\":\"https:\/\/nationalstore.be\/fr#website\"},\"primaryImageOfPage\":{\"@id\":\"https:\/\/nationalstore.be\/fr\/produit\/lollipop-cold-mint-copy-copy-copy-copy-copy-copy-copy-copy-copy-copy#primaryimage\"},\"datePublished\":\"2023-11-21T14:08:46+00:00\",\"dateModified\":\"2024-10-02T19:57:10+00:00\",\"description\":\"Acheter un produit comme Lollipop Menthe froide? Laissez vous surprendre par nos artistes belges sp\u00e9cialis\u00e9s en produits artisanaux!\",\"breadcrumb\":{\"@id\":\"https:\/\/nationalstore.be\/fr\/produit\/lollipop-cold-mint-copy-copy-copy-copy-copy-copy-copy-copy-copy-copy#breadcrumb\"},\"inLanguage\":\"fr-FR\",\"potentialAction\":[{\"@type\":\"ReadAction\",\"target\":[\"https:\/\/nationalstore.be\/fr\/produit\/lollipop-cold-mint-copy-copy-copy-copy-copy-copy-copy-copy-copy-copy\"]}]},{\"@type\":\"BreadcrumbList\",\"@id\":\"https:\/\/nationalstore.be\/fr\/produit\/lollipop-cold-mint-copy-copy-copy-copy-copy-copy-copy-copy-copy-copy#breadcrumb\",\"itemListElement\":[{\"@type\":\"ListItem\",\"position\":1,\"name\":\"Home\",\"item\":\"https:\/\/nationalstore.be\/fr\"},{\"@type\":\"ListItem\",\"position\":2,\"name\":\"Produits\",\"item\":\"https:\/\/nationalstore.be\/fr\/shop\"},{\"@type\":\"ListItem\",\"position\":3,\"name\":\"Arts plastiques\",\"item\":\"https:\/\/nationalstore.be\/fr\/pc\/arts-plastiques\"},{\"@type\":\"ListItem\",\"position\":4,\"name\":\"Editions\",\"item\":\"https:\/\/nationalstore.be\/fr\/pc\/arts-plastiques\/editions-fr\"},{\"@type\":\"ListItem\",\"position\":5,\"name\":\"Lollipop Menthe froide\"}]}]}<\/script>\n<!-- \/ Yoast SEO plugin. -->","yoast_head_json":{"title":"Lollipop Menthe froide | E-shop artistes belges","description":"Acheter un produit comme Lollipop Menthe froide? Laissez vous surprendre par nos artistes belges sp\u00e9cialis\u00e9s en produits artisanaux!","robots":{"index":"index","follow":"follow","max-snippet":"max-snippet:-1","max-image-preview":"max-image-preview:large","max-video-preview":"max-video-preview:-1"},"canonical":"https:\/\/nationalstore.be\/fr\/produit\/lollipop-cold-mint-copy-copy-copy-copy-copy-copy-copy-copy-copy-copy","og_locale":"fr_FR","og_type":"article","og_title":"Lollipop Menthe froide | E-shop artistes belges","og_description":"Acheter un produit comme Lollipop Menthe froide? Laissez vous surprendre par nos artistes belges sp\u00e9cialis\u00e9s en produits artisanaux!","og_url":"https:\/\/nationalstore.be\/fr\/produit\/lollipop-cold-mint-copy-copy-copy-copy-copy-copy-copy-copy-copy-copy","og_site_name":"NATIONA(A)L ARTIST SUPERMARKET","article_publisher":"https:\/\/www.facebook.com\/nationalstore\/?ref=br_rs","article_modified_time":"2024-10-02T19:57:10+00:00","og_image":[{"width":2560,"height":2560,"url":"https:\/\/nationalstore.be\/wp-content\/uploads\/2023\/11\/IMG_8316-scaled.jpg","type":"image\/jpeg"}],"twitter_card":"summary_large_image","twitter_site":"@Nationalstore","schema":{"@context":"https:\/\/schema.org","@graph":[{"@type":"Organization","@id":"https:\/\/nationalstore.be\/fr#organization","name":"NATIONA(A)L ARTIST MARKET","url":"https:\/\/nationalstore.be\/fr","sameAs":["https:\/\/www.instagram.com\/nationalstore\/","https:\/\/www.facebook.com\/nationalstore\/?ref=br_rs","https:\/\/twitter.com\/Nationalstore"],"logo":{"@type":"ImageObject","inLanguage":"fr-FR","@id":"https:\/\/nationalstore.be\/fr#\/schema\/logo\/image\/","url":"https:\/\/nationalstore.be\/wp-content\/uploads\/2024\/03\/nationaal-logo_mauve-cmjn.png","contentUrl":"https:\/\/nationalstore.be\/wp-content\/uploads\/2024\/03\/nationaal-logo_mauve-cmjn.png","width":3475,"height":1352,"caption":"NATIONA(A)L ARTIST MARKET"},"image":{"@id":"https:\/\/nationalstore.be\/fr#\/schema\/logo\/image\/"}},{"@type":"WebSite","@id":"https:\/\/nationalstore.be\/fr#website","url":"https:\/\/nationalstore.be\/fr","name":"NATIONA(A)L ARTIST SUPERMARKET","description":"","publisher":{"@id":"https:\/\/nationalstore.be\/fr#organization"},"potentialAction":[{"@type":"SearchAction","target":{"@type":"EntryPoint","urlTemplate":"https:\/\/nationalstore.be\/fr?s={search_term_string}"},"query-input":"required name=search_term_string"}],"inLanguage":"fr-FR"},{"@type":"ImageObject","inLanguage":"fr-FR","@id":"https:\/\/nationalstore.be\/fr\/produit\/lollipop-cold-mint-copy-copy-copy-copy-copy-copy-copy-copy-copy-copy#primaryimage","url":"https:\/\/nationalstore.be\/wp-content\/uploads\/2023\/11\/IMG_8316-scaled.jpg","contentUrl":"https:\/\/nationalstore.be\/wp-content\/uploads\/2023\/11\/IMG_8316-scaled.jpg","width":2560,"height":2560},{"@type":["WebPage","ItemPage"],"@id":"https:\/\/nationalstore.be\/fr\/produit\/lollipop-cold-mint-copy-copy-copy-copy-copy-copy-copy-copy-copy-copy#webpage","url":"https:\/\/nationalstore.be\/fr\/produit\/lollipop-cold-mint-copy-copy-copy-copy-copy-copy-copy-copy-copy-copy","name":"Lollipop Menthe froide | E-shop artistes belges","isPartOf":{"@id":"https:\/\/nationalstore.be\/fr#website"},"primaryImageOfPage":{"@id":"https:\/\/nationalstore.be\/fr\/produit\/lollipop-cold-mint-copy-copy-copy-copy-copy-copy-copy-copy-copy-copy#primaryimage"},"datePublished":"2023-11-21T14:08:46+00:00","dateModified":"2024-10-02T19:57:10+00:00","description":"Acheter un produit comme Lollipop Menthe froide? Laissez vous surprendre par nos artistes belges sp\u00e9cialis\u00e9s en produits artisanaux!","breadcrumb":{"@id":"https:\/\/nationalstore.be\/fr\/produit\/lollipop-cold-mint-copy-copy-copy-copy-copy-copy-copy-copy-copy-copy#breadcrumb"},"inLanguage":"fr-FR","potentialAction":[{"@type":"ReadAction","target":["https:\/\/nationalstore.be\/fr\/produit\/lollipop-cold-mint-copy-copy-copy-copy-copy-copy-copy-copy-copy-copy"]}]},{"@type":"BreadcrumbList","@id":"https:\/\/nationalstore.be\/fr\/produit\/lollipop-cold-mint-copy-copy-copy-copy-copy-copy-copy-copy-copy-copy#breadcrumb","itemListElement":[{"@type":"ListItem","position":1,"name":"Home","item":"https:\/\/nationalstore.be\/fr"},{"@type":"ListItem","position":2,"name":"Produits","item":"https:\/\/nationalstore.be\/fr\/shop"},{"@type":"ListItem","position":3,"name":"Arts plastiques","item":"https:\/\/nationalstore.be\/fr\/pc\/arts-plastiques"},{"@type":"ListItem","position":4,"name":"Editions","item":"https:\/\/nationalstore.be\/fr\/pc\/arts-plastiques\/editions-fr"},{"@type":"ListItem","position":5,"name":"Lollipop Menthe froide"}]}]}},"_links":{"self":[{"href":"https:\/\/nationalstore.be\/fr\/wp-json\/wp\/v2\/product\/50448"}],"collection":[{"href":"https:\/\/nationalstore.be\/fr\/wp-json\/wp\/v2\/product"}],"about":[{"href":"https:\/\/nationalstore.be\/fr\/wp-json\/wp\/v2\/types\/product"}],"wp:featuredmedia":[{"embeddable":true,"href":"https:\/\/nationalstore.be\/fr\/wp-json\/wp\/v2\/media\/50338"}],"wp:attachment":[{"href":"https:\/\/nationalstore.be\/fr\/wp-json\/wp\/v2\/media?parent=50448"}],"wp:term":[{"taxonomy":"product_cat","embeddable":true,"href":"https:\/\/nationalstore.be\/fr\/wp-json\/wp\/v2\/product_cat?post=50448"},{"taxonomy":"product_tag","embeddable":true,"href":"https:\/\/nationalstore.be\/fr\/wp-json\/wp\/v2\/product_tag?post=50448"}],"curies":[{"name":"wp","href":"https:\/\/api.w.org\/{rel}","templated":true}]}}