{"id":4991,"date":"2020-12-03T20:54:05","date_gmt":"2020-12-03T19:54:05","guid":{"rendered":"https:\/\/nationalstore.be\/?post_type=product&#038;p=4991"},"modified":"2022-08-01T16:12:31","modified_gmt":"2022-08-01T14:12:31","slug":"lautre-part","status":"publish","type":"product","link":"https:\/\/nationalstore.be\/fr\/produit\/lautre-part","title":{"rendered":"L&#8217;autre part"},"content":{"rendered":"<div class=\"text\" style=\"box-sizing: border-box; font-kerning: normal;\" data-mce-style=\"box-sizing: border-box; font-kerning: normal;\">\n<p style=\"box-sizing: border-box; margin: 0px 0px 1.33333rem; font-size: 1.16667rem; line-height: 1.66667rem;\" data-mce-style=\"box-sizing: border-box; margin: 0px 0px 1.33333rem; font-size: 1.16667rem; line-height: 1.66667rem;\"><span style=\"font-size: 10pt;\" data-mce-style=\"font-size: 10pt;\">Depuis des ann\u00e9es, en se promenant dans Bruxelles, sur les murs et \u00e0 endroits improbables, on croise un personnage en forme de crayon. Il anime\u00a0la capitale, orne les devantures, se cache dans les recoins, appara\u00eet dans les interstices.\u00a0\u00a0Crayon\u00a0se costume, change de couleur et d\u2019attitude au gr\u00e9 de ses humeurs. Il invite\u00a0les passants \u00e0 le rep\u00e9rer et \u00e0 investir la ville comme un vaste espace de cr\u00e9ation \u00e0 ciel ouvert, \u00e0 la fois po\u00e9tique, ludique et critique. Crayon est l&#8217;\u0153uvre de Cr\u00e9ons qui propose ici pour la premi\u00e8re fois un r\u00e9cit graphique sans paroles mettant en sc\u00e8ne son personnage.\u00a0\u00a0Plong\u00e9\u00a0dans un tourbillon, Crayon\u00a0oscille entre songe et r\u00e9alit\u00e9 et nous entra\u00eene dans un\u00a0<em style=\"box-sizing: border-box;\" data-mce-style=\"box-sizing: border-box;\">road trip<\/em>\u00a0alternant rencontres et aventures. Un album o\u00f9 les petits comme les grands seront entra\u00een\u00e9s\u00a0par un\u00a0r\u00e9cit color\u00e9 et fantasque.<\/span><\/p>\n<\/div>\n<div class=\"text text--authors\" style=\"box-sizing: border-box; font-kerning: normal;\" data-mce-style=\"box-sizing: border-box; font-kerning: normal;\">\n<div class=\"authors__short\" style=\"box-sizing: border-box;\" data-mce-style=\"box-sizing: border-box;\">\n<p style=\"box-sizing: border-box; margin: 0px 0px 1.33333rem; font-size: 1.16667rem; line-height: 1.66667rem;\" data-mce-style=\"box-sizing: border-box; margin: 0px 0px 1.33333rem; font-size: 1.16667rem; line-height: 1.66667rem;\"><span style=\"font-size: 10pt;\" data-mce-style=\"font-size: 10pt;\">Un livre de Cr\u00e9ons<\/span><\/p>\n<\/div>\n<\/div>\n","protected":false},"excerpt":{"rendered":"<p><strong><span style=\"text-decoration: underline;\" data-mce-style=\"text-decoration: underline;\">Auteur<\/span><\/strong>:\u00a0Cr\u00e9ons<\/p>\n","protected":false},"featured_media":4988,"template":"","meta":[],"product_cat":[2816,525],"product_tag":[],"yoast_head":"<!-- This site is optimized with the Yoast SEO plugin v19.1 - https:\/\/yoast.com\/wordpress\/plugins\/seo\/ -->\n<title>L&#039;autre part | E-shop artistes belges<\/title>\n<meta name=\"description\" content=\"Acheter un produit comme L&#039;autre part? Laissez vous surprendre par nos artistes belges sp\u00e9cialis\u00e9s en produits artisanaux!\" \/>\n<meta name=\"robots\" content=\"index, follow, max-snippet:-1, max-image-preview:large, max-video-preview:-1\" \/>\n<link rel=\"canonical\" href=\"https:\/\/nationalstore.be\/fr\/produit\/lautre-part\" \/>\n<meta property=\"og:locale\" content=\"fr_FR\" \/>\n<meta property=\"og:type\" content=\"article\" \/>\n<meta property=\"og:title\" content=\"L&#039;autre part | E-shop artistes belges\" \/>\n<meta property=\"og:description\" content=\"Acheter un produit comme L&#039;autre part? Laissez vous surprendre par nos artistes belges sp\u00e9cialis\u00e9s en produits artisanaux!\" \/>\n<meta property=\"og:url\" content=\"https:\/\/nationalstore.be\/fr\/produit\/lautre-part\" \/>\n<meta property=\"og:site_name\" content=\"NATIONA(A)L ARTIST SUPERMARKET\" \/>\n<meta property=\"article:publisher\" content=\"https:\/\/www.facebook.com\/nationalstore\/?ref=br_rs\" \/>\n<meta property=\"article:modified_time\" content=\"2022-08-01T14:12:31+00:00\" \/>\n<meta property=\"og:image\" content=\"https:\/\/nationalstore.be\/wp-content\/uploads\/2020\/12\/Lautre-part-4-3.jpeg\" \/>\n\t<meta property=\"og:image:width\" content=\"768\" \/>\n\t<meta property=\"og:image:height\" content=\"512\" \/>\n\t<meta property=\"og:image:type\" content=\"image\/jpeg\" \/>\n<meta name=\"twitter:card\" content=\"summary_large_image\" \/>\n<meta name=\"twitter:site\" content=\"@Nationalstore\" \/>\n<meta name=\"twitter:label1\" content=\"Dur\u00e9e de lecture estim\u00e9e\" \/>\n\t<meta name=\"twitter:data1\" content=\"1 minute\" \/>\n<script type=\"application\/ld+json\" class=\"yoast-schema-graph\">{\"@context\":\"https:\/\/schema.org\",\"@graph\":[{\"@type\":\"Organization\",\"@id\":\"https:\/\/nationalstore.be\/fr#organization\",\"name\":\"NATIONA(A)L ARTIST MARKET\",\"url\":\"https:\/\/nationalstore.be\/fr\",\"sameAs\":[\"https:\/\/www.instagram.com\/nationalstore\/\",\"https:\/\/www.facebook.com\/nationalstore\/?ref=br_rs\",\"https:\/\/twitter.com\/Nationalstore\"],\"logo\":{\"@type\":\"ImageObject\",\"inLanguage\":\"fr-FR\",\"@id\":\"https:\/\/nationalstore.be\/fr#\/schema\/logo\/image\/\",\"url\":\"https:\/\/nationalstore.be\/wp-content\/uploads\/2024\/03\/nationaal-logo_mauve-cmjn.png\",\"contentUrl\":\"https:\/\/nationalstore.be\/wp-content\/uploads\/2024\/03\/nationaal-logo_mauve-cmjn.png\",\"width\":3475,\"height\":1352,\"caption\":\"NATIONA(A)L ARTIST MARKET\"},\"image\":{\"@id\":\"https:\/\/nationalstore.be\/fr#\/schema\/logo\/image\/\"}},{\"@type\":\"WebSite\",\"@id\":\"https:\/\/nationalstore.be\/fr#website\",\"url\":\"https:\/\/nationalstore.be\/fr\",\"name\":\"NATIONA(A)L ARTIST SUPERMARKET\",\"description\":\"\",\"publisher\":{\"@id\":\"https:\/\/nationalstore.be\/fr#organization\"},\"potentialAction\":[{\"@type\":\"SearchAction\",\"target\":{\"@type\":\"EntryPoint\",\"urlTemplate\":\"https:\/\/nationalstore.be\/fr?s={search_term_string}\"},\"query-input\":\"required name=search_term_string\"}],\"inLanguage\":\"fr-FR\"},{\"@type\":\"ImageObject\",\"inLanguage\":\"fr-FR\",\"@id\":\"https:\/\/nationalstore.be\/fr\/produit\/lautre-part#primaryimage\",\"url\":\"https:\/\/nationalstore.be\/wp-content\/uploads\/2020\/12\/Lautre-part-4-3.jpeg\",\"contentUrl\":\"https:\/\/nationalstore.be\/wp-content\/uploads\/2020\/12\/Lautre-part-4-3.jpeg\",\"width\":768,\"height\":512},{\"@type\":[\"WebPage\",\"ItemPage\"],\"@id\":\"https:\/\/nationalstore.be\/fr\/produit\/lautre-part#webpage\",\"url\":\"https:\/\/nationalstore.be\/fr\/produit\/lautre-part\",\"name\":\"L'autre part | E-shop artistes belges\",\"isPartOf\":{\"@id\":\"https:\/\/nationalstore.be\/fr#website\"},\"primaryImageOfPage\":{\"@id\":\"https:\/\/nationalstore.be\/fr\/produit\/lautre-part#primaryimage\"},\"datePublished\":\"2020-12-03T19:54:05+00:00\",\"dateModified\":\"2022-08-01T14:12:31+00:00\",\"description\":\"Acheter un produit comme L'autre part? Laissez vous surprendre par nos artistes belges sp\u00e9cialis\u00e9s en produits artisanaux!\",\"breadcrumb\":{\"@id\":\"https:\/\/nationalstore.be\/fr\/produit\/lautre-part#breadcrumb\"},\"inLanguage\":\"fr-FR\",\"potentialAction\":[{\"@type\":\"ReadAction\",\"target\":[\"https:\/\/nationalstore.be\/fr\/produit\/lautre-part\"]}]},{\"@type\":\"BreadcrumbList\",\"@id\":\"https:\/\/nationalstore.be\/fr\/produit\/lautre-part#breadcrumb\",\"itemListElement\":[{\"@type\":\"ListItem\",\"position\":1,\"name\":\"Home\",\"item\":\"https:\/\/nationalstore.be\/fr\"},{\"@type\":\"ListItem\",\"position\":2,\"name\":\"Produits\",\"item\":\"https:\/\/nationalstore.be\/fr\/shop\"},{\"@type\":\"ListItem\",\"position\":3,\"name\":\"Livres &amp; Illustrations\",\"item\":\"https:\/\/nationalstore.be\/fr\/pc\/livres-illustrations\"},{\"@type\":\"ListItem\",\"position\":4,\"name\":\"Bandes dessin\u00e9es\",\"item\":\"https:\/\/nationalstore.be\/fr\/pc\/livres-illustrations\/bandes-dessinees\"},{\"@type\":\"ListItem\",\"position\":5,\"name\":\"L&#8217;autre part\"}]}]}<\/script>\n<!-- \/ Yoast SEO plugin. -->","yoast_head_json":{"title":"L'autre part | E-shop artistes belges","description":"Acheter un produit comme L'autre part? Laissez vous surprendre par nos artistes belges sp\u00e9cialis\u00e9s en produits artisanaux!","robots":{"index":"index","follow":"follow","max-snippet":"max-snippet:-1","max-image-preview":"max-image-preview:large","max-video-preview":"max-video-preview:-1"},"canonical":"https:\/\/nationalstore.be\/fr\/produit\/lautre-part","og_locale":"fr_FR","og_type":"article","og_title":"L'autre part | E-shop artistes belges","og_description":"Acheter un produit comme L'autre part? Laissez vous surprendre par nos artistes belges sp\u00e9cialis\u00e9s en produits artisanaux!","og_url":"https:\/\/nationalstore.be\/fr\/produit\/lautre-part","og_site_name":"NATIONA(A)L ARTIST SUPERMARKET","article_publisher":"https:\/\/www.facebook.com\/nationalstore\/?ref=br_rs","article_modified_time":"2022-08-01T14:12:31+00:00","og_image":[{"width":768,"height":512,"url":"https:\/\/nationalstore.be\/wp-content\/uploads\/2020\/12\/Lautre-part-4-3.jpeg","type":"image\/jpeg"}],"twitter_card":"summary_large_image","twitter_site":"@Nationalstore","twitter_misc":{"Dur\u00e9e de lecture estim\u00e9e":"1 minute"},"schema":{"@context":"https:\/\/schema.org","@graph":[{"@type":"Organization","@id":"https:\/\/nationalstore.be\/fr#organization","name":"NATIONA(A)L ARTIST MARKET","url":"https:\/\/nationalstore.be\/fr","sameAs":["https:\/\/www.instagram.com\/nationalstore\/","https:\/\/www.facebook.com\/nationalstore\/?ref=br_rs","https:\/\/twitter.com\/Nationalstore"],"logo":{"@type":"ImageObject","inLanguage":"fr-FR","@id":"https:\/\/nationalstore.be\/fr#\/schema\/logo\/image\/","url":"https:\/\/nationalstore.be\/wp-content\/uploads\/2024\/03\/nationaal-logo_mauve-cmjn.png","contentUrl":"https:\/\/nationalstore.be\/wp-content\/uploads\/2024\/03\/nationaal-logo_mauve-cmjn.png","width":3475,"height":1352,"caption":"NATIONA(A)L ARTIST MARKET"},"image":{"@id":"https:\/\/nationalstore.be\/fr#\/schema\/logo\/image\/"}},{"@type":"WebSite","@id":"https:\/\/nationalstore.be\/fr#website","url":"https:\/\/nationalstore.be\/fr","name":"NATIONA(A)L ARTIST SUPERMARKET","description":"","publisher":{"@id":"https:\/\/nationalstore.be\/fr#organization"},"potentialAction":[{"@type":"SearchAction","target":{"@type":"EntryPoint","urlTemplate":"https:\/\/nationalstore.be\/fr?s={search_term_string}"},"query-input":"required name=search_term_string"}],"inLanguage":"fr-FR"},{"@type":"ImageObject","inLanguage":"fr-FR","@id":"https:\/\/nationalstore.be\/fr\/produit\/lautre-part#primaryimage","url":"https:\/\/nationalstore.be\/wp-content\/uploads\/2020\/12\/Lautre-part-4-3.jpeg","contentUrl":"https:\/\/nationalstore.be\/wp-content\/uploads\/2020\/12\/Lautre-part-4-3.jpeg","width":768,"height":512},{"@type":["WebPage","ItemPage"],"@id":"https:\/\/nationalstore.be\/fr\/produit\/lautre-part#webpage","url":"https:\/\/nationalstore.be\/fr\/produit\/lautre-part","name":"L'autre part | E-shop artistes belges","isPartOf":{"@id":"https:\/\/nationalstore.be\/fr#website"},"primaryImageOfPage":{"@id":"https:\/\/nationalstore.be\/fr\/produit\/lautre-part#primaryimage"},"datePublished":"2020-12-03T19:54:05+00:00","dateModified":"2022-08-01T14:12:31+00:00","description":"Acheter un produit comme L'autre part? Laissez vous surprendre par nos artistes belges sp\u00e9cialis\u00e9s en produits artisanaux!","breadcrumb":{"@id":"https:\/\/nationalstore.be\/fr\/produit\/lautre-part#breadcrumb"},"inLanguage":"fr-FR","potentialAction":[{"@type":"ReadAction","target":["https:\/\/nationalstore.be\/fr\/produit\/lautre-part"]}]},{"@type":"BreadcrumbList","@id":"https:\/\/nationalstore.be\/fr\/produit\/lautre-part#breadcrumb","itemListElement":[{"@type":"ListItem","position":1,"name":"Home","item":"https:\/\/nationalstore.be\/fr"},{"@type":"ListItem","position":2,"name":"Produits","item":"https:\/\/nationalstore.be\/fr\/shop"},{"@type":"ListItem","position":3,"name":"Livres &amp; Illustrations","item":"https:\/\/nationalstore.be\/fr\/pc\/livres-illustrations"},{"@type":"ListItem","position":4,"name":"Bandes dessin\u00e9es","item":"https:\/\/nationalstore.be\/fr\/pc\/livres-illustrations\/bandes-dessinees"},{"@type":"ListItem","position":5,"name":"L&#8217;autre part"}]}]}},"_links":{"self":[{"href":"https:\/\/nationalstore.be\/fr\/wp-json\/wp\/v2\/product\/4991"}],"collection":[{"href":"https:\/\/nationalstore.be\/fr\/wp-json\/wp\/v2\/product"}],"about":[{"href":"https:\/\/nationalstore.be\/fr\/wp-json\/wp\/v2\/types\/product"}],"wp:featuredmedia":[{"embeddable":true,"href":"https:\/\/nationalstore.be\/fr\/wp-json\/wp\/v2\/media\/4988"}],"wp:attachment":[{"href":"https:\/\/nationalstore.be\/fr\/wp-json\/wp\/v2\/media?parent=4991"}],"wp:term":[{"taxonomy":"product_cat","embeddable":true,"href":"https:\/\/nationalstore.be\/fr\/wp-json\/wp\/v2\/product_cat?post=4991"},{"taxonomy":"product_tag","embeddable":true,"href":"https:\/\/nationalstore.be\/fr\/wp-json\/wp\/v2\/product_tag?post=4991"}],"curies":[{"name":"wp","href":"https:\/\/api.w.org\/{rel}","templated":true}]}}