{"id":49784,"date":"2023-09-28T07:47:44","date_gmt":"2023-09-24T12:35:49","guid":{"rendered":"https:\/\/nationalstore.be\/?post_type=product&#038;p=49784"},"modified":"2023-09-28T07:48:28","modified_gmt":"2023-09-28T05:48:28","slug":"curve-double-horizontale-designer-sep-verboom","status":"publish","type":"product","link":"https:\/\/nationalstore.be\/fr\/produit\/curve-double-horizontale-designer-sep-verboom","title":{"rendered":"Curve double horizontale, designer Sep Verboom"},"content":{"rendered":"<p dir=\"ltr\"><strong>Curve double horizontale, designer Sep Verboom<\/strong><\/p>\n<p dir=\"ltr\"><span id=\"docs-internal-guid-f4fc576c-7fff-a949-b45f-f130f3e05d11\" data-mce-style=\"font-family: georgia, palatino, serif;\" style=\"font-family: georgia, palatino, serif\">Bien que tout le monde ait d\u00e9j\u00e0 eu ces mat\u00e9riaux entre leurs mains, un nouveau contexte, une nouvelle interpr\u00e9tation et une nouvelle orientation conduisent \u00e0 un r\u00e9sultat surprenant. La lampe &#8220;Curve&#8221; met en lumi\u00e8re la culture du cyclisme. Les variations subtiles et les formes fluides apportent une touche douce et artisanale \u00e0 un caract\u00e8re industriel.<\/span><\/p>\n<p dir=\"ltr\" data-mce-style=\"line-height: 1.2; margin-top: 0pt; margin-bottom: 0pt;\" style=\"line-height: 1.2;margin-top: 0pt;margin-bottom: 0pt\"><span data-mce-style=\"font-size: 12pt; font-family: Arial,sans-serif; color: #000000; background-color: transparent; font-weight: 400; font-style: normal; font-variant: normal; text-decoration: none; vertical-align: baseline;\" style=\"font-size: 12pt;font-family: Arial, sans-serif;background-color: transparent;vertical-align: baseline\"><strong>D\u00e9lai de livraison:<\/strong>\u00a03 semaines<\/span><\/p>\n<p dir=\"ltr\" data-mce-style=\"line-height: 1.2; margin-top: 0pt; margin-bottom: 0pt;\" style=\"line-height: 1.2;margin-top: 0pt;margin-bottom: 0pt\"><span data-mce-style=\"font-size: 12pt; font-family: Arial,sans-serif; color: #000000; background-color: transparent; font-weight: 400; font-style: normal; font-variant: normal; text-decoration: none; vertical-align: baseline;\" style=\"font-size: 12pt;font-family: Arial, sans-serif;background-color: transparent;vertical-align: baseline\"><strong>Mat\u00e9riau:<\/strong>\u00a0guidon de v\u00e9lo recycl\u00e9, verre d\u00e9poli, lampe LED G9 incluse<\/span><\/p>\n<p><span data-mce-style=\"font-weight: normal;\"><br \/><\/span><\/p>\n<p dir=\"ltr\" data-mce-style=\"line-height: 1.2; margin-top: 0pt; margin-bottom: 0pt;\" style=\"line-height: 1.2;margin-top: 0pt;margin-bottom: 0pt\"><span data-mce-style=\"font-size: 12pt; font-family: Arial,sans-serif; color: #000000; background-color: transparent; font-weight: 400; font-style: normal; font-variant: normal; text-decoration: none; vertical-align: baseline;\" style=\"font-size: 12pt;font-family: Arial, sans-serif;background-color: transparent;vertical-align: baseline\"><strong>Dimensions:<\/strong>\u00a0hauteur moyenne : 25cm, largeur moyenne : 70cm (chaque luminaire est unique, les dimensions peuvent varier)<\/span><\/p>\n<p><span data-mce-style=\"font-weight: normal;\"><br \/><\/span><\/p>\n<p dir=\"ltr\" data-mce-style=\"line-height: 1.2; margin-top: 0pt; margin-bottom: 0pt;\" style=\"line-height: 1.2;margin-top: 0pt;margin-bottom: 0pt\"><strong><span data-mce-style=\"font-size: 12pt; font-family: Arial, sans-serif; color: #000000; background-color: transparent; font-style: normal; font-variant: normal; text-decoration: none; vertical-align: baseline; white-space: pre-wrap;\" style=\"font-size: 12pt;font-family: Arial, sans-serif;background-color: transparent;vertical-align: baseline\">Facultatif:<\/span><\/strong><\/p>\n<p dir=\"ltr\" data-mce-style=\"line-height: 1.2; margin-top: 0pt; margin-bottom: 0pt;\" style=\"line-height: 1.2;margin-top: 0pt;margin-bottom: 0pt\"><span data-mce-style=\"font-size: 12pt; font-family: Arial,sans-serif; color: #000000; background-color: transparent; font-weight: 400; font-style: normal; font-variant: normal; text-decoration: none; vertical-align: baseline;\" style=\"font-size: 12pt;font-family: Arial, sans-serif;background-color: transparent;vertical-align: baseline\">Pot de plafond (socle de plafond) noir, rond &#8211; 20 euros (TVA incluse)<\/span><\/p>\n<p><span data-mce-style=\"font-weight: normal;\"><br \/><\/span><\/p>\n<p dir=\"ltr\" data-mce-style=\"line-height: 1.2; margin-top: 0pt; margin-bottom: 0pt;\" style=\"line-height: 1.2;margin-top: 0pt;margin-bottom: 0pt\"><span data-mce-style=\"font-size: 12pt; font-family: Arial,sans-serif; color: #000000; background-color: transparent; font-weight: 400; font-style: normal; font-variant: normal; text-decoration: none; vertical-align: baseline;\" style=\"font-size: 12pt;font-family: Arial, sans-serif;background-color: transparent;vertical-align: baseline\"><strong>Entretien:<\/strong>\u00a0Nettoyer avec un chiffon humide. Ne pas utiliser de produits chimiques.<\/span><\/p>\n<p dir=\"ltr\" data-mce-style=\"line-height: 1.542857142857143; margin-right: 3pt; margin-top: -1pt; margin-bottom: -1pt;\" style=\"line-height: 1.54286;margin-right: 3pt;margin-top: -1pt;margin-bottom: -1pt\"><span data-mce-style=\"font-size: 12pt; font-family: Arial,sans-serif; color: #000000; background-color: transparent; font-weight: 400; font-style: normal; font-variant: normal; text-decoration: none; vertical-align: baseline;\" style=\"font-size: 12pt;font-family: Arial, sans-serif;background-color: transparent;vertical-align: baseline\">Chaque luminaire est unique. Les photos montrent la gradation de courbe \u00e0 laquelle vous pouvez vous attendre, mais le produit command\u00e9 peut diff\u00e9rer l\u00e9g\u00e8rement de la photo. Si vous avez des questions, n&#8217;h\u00e9sitez pas \u00e0 nous contacter. Si vous souhaitez choisir vous-m\u00eame votre luminaire : prenez rendez-vous pour une visite \u00e0 notre showroom \u00e0 Gand (Speldenstraat 1). Contact : valerie@volmaak.be &#8211; 0494\/32.90.08<\/span><\/p>\n","protected":false},"excerpt":{"rendered":"<p>Curve double horizontale, designer Sep Verboom, luminaire, <span data-mce-style=\"font-family: Arial, sans-serif;\" style=\"font-family: Arial, sans-serif\">guidon de v\u00e9lo recycl\u00e9<\/span><\/p>\n","protected":false},"featured_media":49759,"template":"","meta":[],"product_cat":[1589,527,556,548,1261,535,3716],"product_tag":[3345],"yoast_head":"<!-- This site is optimized with the Yoast SEO plugin v19.1 - https:\/\/yoast.com\/wordpress\/plugins\/seo\/ -->\n<title>Curve double horizontale, designer Sep Verboom | E-shop artistes belges<\/title>\n<meta name=\"description\" content=\"Acheter un produit comme Curve double horizontale, designer Sep Verboom? Laissez vous surprendre par nos artistes belges sp\u00e9cialis\u00e9s en produits artisanaux!\" \/>\n<meta name=\"robots\" content=\"index, follow, max-snippet:-1, max-image-preview:large, max-video-preview:-1\" \/>\n<link rel=\"canonical\" href=\"https:\/\/nationalstore.be\/fr\/produit\/curve-double-horizontale-designer-sep-verboom\" \/>\n<meta property=\"og:locale\" content=\"fr_FR\" \/>\n<meta property=\"og:type\" content=\"article\" \/>\n<meta property=\"og:title\" content=\"Curve double horizontale, designer Sep Verboom | E-shop artistes belges\" \/>\n<meta property=\"og:description\" content=\"Acheter un produit comme Curve double horizontale, designer Sep Verboom? Laissez vous surprendre par nos artistes belges sp\u00e9cialis\u00e9s en produits artisanaux!\" \/>\n<meta property=\"og:url\" content=\"https:\/\/nationalstore.be\/fr\/produit\/curve-double-horizontale-designer-sep-verboom\" \/>\n<meta property=\"og:site_name\" content=\"NATIONA(A)L ARTIST SUPERMARKET\" \/>\n<meta property=\"article:publisher\" content=\"https:\/\/www.facebook.com\/nationalstore\/?ref=br_rs\" \/>\n<meta property=\"article:modified_time\" content=\"2023-09-28T05:48:28+00:00\" \/>\n<meta property=\"og:image\" content=\"https:\/\/nationalstore.be\/wp-content\/uploads\/2023\/09\/1-3-1024x1024.png\" \/>\n\t<meta property=\"og:image:width\" content=\"1024\" \/>\n\t<meta property=\"og:image:height\" content=\"1024\" \/>\n\t<meta property=\"og:image:type\" content=\"image\/png\" \/>\n<meta name=\"twitter:card\" content=\"summary_large_image\" \/>\n<meta name=\"twitter:site\" content=\"@Nationalstore\" \/>\n<meta name=\"twitter:label1\" content=\"Dur\u00e9e de lecture estim\u00e9e\" \/>\n\t<meta name=\"twitter:data1\" content=\"1 minute\" \/>\n<script type=\"application\/ld+json\" class=\"yoast-schema-graph\">{\"@context\":\"https:\/\/schema.org\",\"@graph\":[{\"@type\":\"Organization\",\"@id\":\"https:\/\/nationalstore.be\/fr#organization\",\"name\":\"NATIONA(A)L ARTIST MARKET\",\"url\":\"https:\/\/nationalstore.be\/fr\",\"sameAs\":[\"https:\/\/www.instagram.com\/nationalstore\/\",\"https:\/\/www.facebook.com\/nationalstore\/?ref=br_rs\",\"https:\/\/twitter.com\/Nationalstore\"],\"logo\":{\"@type\":\"ImageObject\",\"inLanguage\":\"fr-FR\",\"@id\":\"https:\/\/nationalstore.be\/fr#\/schema\/logo\/image\/\",\"url\":\"https:\/\/nationalstore.be\/wp-content\/uploads\/2024\/03\/nationaal-logo_mauve-cmjn.png\",\"contentUrl\":\"https:\/\/nationalstore.be\/wp-content\/uploads\/2024\/03\/nationaal-logo_mauve-cmjn.png\",\"width\":3475,\"height\":1352,\"caption\":\"NATIONA(A)L ARTIST MARKET\"},\"image\":{\"@id\":\"https:\/\/nationalstore.be\/fr#\/schema\/logo\/image\/\"}},{\"@type\":\"WebSite\",\"@id\":\"https:\/\/nationalstore.be\/fr#website\",\"url\":\"https:\/\/nationalstore.be\/fr\",\"name\":\"NATIONA(A)L ARTIST SUPERMARKET\",\"description\":\"\",\"publisher\":{\"@id\":\"https:\/\/nationalstore.be\/fr#organization\"},\"potentialAction\":[{\"@type\":\"SearchAction\",\"target\":{\"@type\":\"EntryPoint\",\"urlTemplate\":\"https:\/\/nationalstore.be\/fr?s={search_term_string}\"},\"query-input\":\"required name=search_term_string\"}],\"inLanguage\":\"fr-FR\"},{\"@type\":\"ImageObject\",\"inLanguage\":\"fr-FR\",\"@id\":\"https:\/\/nationalstore.be\/fr\/produit\/curve-double-horizontale-designer-sep-verboom#primaryimage\",\"url\":\"https:\/\/nationalstore.be\/wp-content\/uploads\/2023\/09\/1-3.png\",\"contentUrl\":\"https:\/\/nationalstore.be\/wp-content\/uploads\/2023\/09\/1-3.png\",\"width\":2000,\"height\":2000,\"caption\":\"Curve double horizontale\"},{\"@type\":[\"WebPage\",\"ItemPage\"],\"@id\":\"https:\/\/nationalstore.be\/fr\/produit\/curve-double-horizontale-designer-sep-verboom#webpage\",\"url\":\"https:\/\/nationalstore.be\/fr\/produit\/curve-double-horizontale-designer-sep-verboom\",\"name\":\"Curve double horizontale, designer Sep Verboom | E-shop artistes belges\",\"isPartOf\":{\"@id\":\"https:\/\/nationalstore.be\/fr#website\"},\"primaryImageOfPage\":{\"@id\":\"https:\/\/nationalstore.be\/fr\/produit\/curve-double-horizontale-designer-sep-verboom#primaryimage\"},\"datePublished\":\"2023-09-24T12:35:49+00:00\",\"dateModified\":\"2023-09-28T05:48:28+00:00\",\"description\":\"Acheter un produit comme Curve double horizontale, designer Sep Verboom? Laissez vous surprendre par nos artistes belges sp\u00e9cialis\u00e9s en produits artisanaux!\",\"breadcrumb\":{\"@id\":\"https:\/\/nationalstore.be\/fr\/produit\/curve-double-horizontale-designer-sep-verboom#breadcrumb\"},\"inLanguage\":\"fr-FR\",\"potentialAction\":[{\"@type\":\"ReadAction\",\"target\":[\"https:\/\/nationalstore.be\/fr\/produit\/curve-double-horizontale-designer-sep-verboom\"]}]},{\"@type\":\"BreadcrumbList\",\"@id\":\"https:\/\/nationalstore.be\/fr\/produit\/curve-double-horizontale-designer-sep-verboom#breadcrumb\",\"itemListElement\":[{\"@type\":\"ListItem\",\"position\":1,\"name\":\"Home\",\"item\":\"https:\/\/nationalstore.be\/fr\"},{\"@type\":\"ListItem\",\"position\":2,\"name\":\"Produits\",\"item\":\"https:\/\/nationalstore.be\/fr\/shop\"},{\"@type\":\"ListItem\",\"position\":3,\"name\":\"Subcategories\",\"item\":\"https:\/\/nationalstore.be\/fr\/pc\/subcategories-fr\"},{\"@type\":\"ListItem\",\"position\":4,\"name\":\"Design &amp; Durabilit\u00e9\",\"item\":\"https:\/\/nationalstore.be\/fr\/pc\/subcategories-fr\/design-durabilite\"},{\"@type\":\"ListItem\",\"position\":5,\"name\":\"Curve double horizontale, designer Sep Verboom\"}]}]}<\/script>\n<!-- \/ Yoast SEO plugin. -->","yoast_head_json":{"title":"Curve double horizontale, designer Sep Verboom | E-shop artistes belges","description":"Acheter un produit comme Curve double horizontale, designer Sep Verboom? Laissez vous surprendre par nos artistes belges sp\u00e9cialis\u00e9s en produits artisanaux!","robots":{"index":"index","follow":"follow","max-snippet":"max-snippet:-1","max-image-preview":"max-image-preview:large","max-video-preview":"max-video-preview:-1"},"canonical":"https:\/\/nationalstore.be\/fr\/produit\/curve-double-horizontale-designer-sep-verboom","og_locale":"fr_FR","og_type":"article","og_title":"Curve double horizontale, designer Sep Verboom | E-shop artistes belges","og_description":"Acheter un produit comme Curve double horizontale, designer Sep Verboom? Laissez vous surprendre par nos artistes belges sp\u00e9cialis\u00e9s en produits artisanaux!","og_url":"https:\/\/nationalstore.be\/fr\/produit\/curve-double-horizontale-designer-sep-verboom","og_site_name":"NATIONA(A)L ARTIST SUPERMARKET","article_publisher":"https:\/\/www.facebook.com\/nationalstore\/?ref=br_rs","article_modified_time":"2023-09-28T05:48:28+00:00","og_image":[{"width":1024,"height":1024,"url":"https:\/\/nationalstore.be\/wp-content\/uploads\/2023\/09\/1-3-1024x1024.png","type":"image\/png"}],"twitter_card":"summary_large_image","twitter_site":"@Nationalstore","twitter_misc":{"Dur\u00e9e de lecture estim\u00e9e":"1 minute"},"schema":{"@context":"https:\/\/schema.org","@graph":[{"@type":"Organization","@id":"https:\/\/nationalstore.be\/fr#organization","name":"NATIONA(A)L ARTIST MARKET","url":"https:\/\/nationalstore.be\/fr","sameAs":["https:\/\/www.instagram.com\/nationalstore\/","https:\/\/www.facebook.com\/nationalstore\/?ref=br_rs","https:\/\/twitter.com\/Nationalstore"],"logo":{"@type":"ImageObject","inLanguage":"fr-FR","@id":"https:\/\/nationalstore.be\/fr#\/schema\/logo\/image\/","url":"https:\/\/nationalstore.be\/wp-content\/uploads\/2024\/03\/nationaal-logo_mauve-cmjn.png","contentUrl":"https:\/\/nationalstore.be\/wp-content\/uploads\/2024\/03\/nationaal-logo_mauve-cmjn.png","width":3475,"height":1352,"caption":"NATIONA(A)L ARTIST MARKET"},"image":{"@id":"https:\/\/nationalstore.be\/fr#\/schema\/logo\/image\/"}},{"@type":"WebSite","@id":"https:\/\/nationalstore.be\/fr#website","url":"https:\/\/nationalstore.be\/fr","name":"NATIONA(A)L ARTIST SUPERMARKET","description":"","publisher":{"@id":"https:\/\/nationalstore.be\/fr#organization"},"potentialAction":[{"@type":"SearchAction","target":{"@type":"EntryPoint","urlTemplate":"https:\/\/nationalstore.be\/fr?s={search_term_string}"},"query-input":"required name=search_term_string"}],"inLanguage":"fr-FR"},{"@type":"ImageObject","inLanguage":"fr-FR","@id":"https:\/\/nationalstore.be\/fr\/produit\/curve-double-horizontale-designer-sep-verboom#primaryimage","url":"https:\/\/nationalstore.be\/wp-content\/uploads\/2023\/09\/1-3.png","contentUrl":"https:\/\/nationalstore.be\/wp-content\/uploads\/2023\/09\/1-3.png","width":2000,"height":2000,"caption":"Curve double horizontale"},{"@type":["WebPage","ItemPage"],"@id":"https:\/\/nationalstore.be\/fr\/produit\/curve-double-horizontale-designer-sep-verboom#webpage","url":"https:\/\/nationalstore.be\/fr\/produit\/curve-double-horizontale-designer-sep-verboom","name":"Curve double horizontale, designer Sep Verboom | E-shop artistes belges","isPartOf":{"@id":"https:\/\/nationalstore.be\/fr#website"},"primaryImageOfPage":{"@id":"https:\/\/nationalstore.be\/fr\/produit\/curve-double-horizontale-designer-sep-verboom#primaryimage"},"datePublished":"2023-09-24T12:35:49+00:00","dateModified":"2023-09-28T05:48:28+00:00","description":"Acheter un produit comme Curve double horizontale, designer Sep Verboom? Laissez vous surprendre par nos artistes belges sp\u00e9cialis\u00e9s en produits artisanaux!","breadcrumb":{"@id":"https:\/\/nationalstore.be\/fr\/produit\/curve-double-horizontale-designer-sep-verboom#breadcrumb"},"inLanguage":"fr-FR","potentialAction":[{"@type":"ReadAction","target":["https:\/\/nationalstore.be\/fr\/produit\/curve-double-horizontale-designer-sep-verboom"]}]},{"@type":"BreadcrumbList","@id":"https:\/\/nationalstore.be\/fr\/produit\/curve-double-horizontale-designer-sep-verboom#breadcrumb","itemListElement":[{"@type":"ListItem","position":1,"name":"Home","item":"https:\/\/nationalstore.be\/fr"},{"@type":"ListItem","position":2,"name":"Produits","item":"https:\/\/nationalstore.be\/fr\/shop"},{"@type":"ListItem","position":3,"name":"Subcategories","item":"https:\/\/nationalstore.be\/fr\/pc\/subcategories-fr"},{"@type":"ListItem","position":4,"name":"Design &amp; Durabilit\u00e9","item":"https:\/\/nationalstore.be\/fr\/pc\/subcategories-fr\/design-durabilite"},{"@type":"ListItem","position":5,"name":"Curve double horizontale, designer Sep Verboom"}]}]}},"_links":{"self":[{"href":"https:\/\/nationalstore.be\/fr\/wp-json\/wp\/v2\/product\/49784"}],"collection":[{"href":"https:\/\/nationalstore.be\/fr\/wp-json\/wp\/v2\/product"}],"about":[{"href":"https:\/\/nationalstore.be\/fr\/wp-json\/wp\/v2\/types\/product"}],"wp:featuredmedia":[{"embeddable":true,"href":"https:\/\/nationalstore.be\/fr\/wp-json\/wp\/v2\/media\/49759"}],"wp:attachment":[{"href":"https:\/\/nationalstore.be\/fr\/wp-json\/wp\/v2\/media?parent=49784"}],"wp:term":[{"taxonomy":"product_cat","embeddable":true,"href":"https:\/\/nationalstore.be\/fr\/wp-json\/wp\/v2\/product_cat?post=49784"},{"taxonomy":"product_tag","embeddable":true,"href":"https:\/\/nationalstore.be\/fr\/wp-json\/wp\/v2\/product_tag?post=49784"}],"curies":[{"name":"wp","href":"https:\/\/api.w.org\/{rel}","templated":true}]}}